{"id":3072,"date":"2021-03-17T12:57:00","date_gmt":"2021-03-17T11:57:00","guid":{"rendered":"https:\/\/radioactivegaming.eu\/?page_id=3072"},"modified":"2024-05-24T22:34:36","modified_gmt":"2024-05-24T20:34:36","slug":"rare-sightings","status":"publish","type":"page","link":"http:\/\/radioactivegaming.eu\/en\/atlas\/rare-sightings\/","title":{"rendered":"rare sightings"},"content":{"rendered":"<div  data-label=\"About\" data-id=\"about--1\" data-export-id=\"about-1\" data-category=\"about\" class=\"about-1 content-section\" id=\"about-1\" style=\"background-color: rgb(255, 255, 255);\"><div  class=\"gridContainer\"> <div  class=\"row text-center\"><div  class=\"section-title-col\" data-type=\"column\"> <h5  class=\"\">Sometimes a very special creature appears!<\/h5> <h2  class=\"\">Will you manage to tame them?<\/h2> <p  class=\"lead\">These creatures appear in the level range 30-35 &amp; can be tamed as normal.<br >\nThey can have special colorations and possibly also abilities and only stay for a limited time (~2 hours)<br >\nIt may happen to be a tamable creature in the corresponding grid!<br >\nSpawns of these creatures can be found in the Discord under #<img decoding=\"async\"  draggable=\"false\" role=\"img\" class=\"emoji\" alt=\"?\" src=\"https:\/\/s.w.org\/images\/core\/emoji\/13.0.1\/svg\/1f340.svg\">rare-sightings<img decoding=\"async\"  draggable=\"false\" role=\"img\" class=\"emoji\" alt=\"?\" src=\"https:\/\/s.w.org\/images\/core\/emoji\/13.0.1\/svg\/1f340.svg\"> see!\n<br ><br >Please also note our <a data-mce-href=\"radioactivegaming.eu\/de_de\/atlas\/#rules\" href=\"radioactivegaming.eu\/de_de\/atlas\/#rules\" target=\"_blank\" rel=\"noopener\" data-mce-selected=\"inline-boundary\" data-cp-link=\"1\">Rules<\/a> to Rare Sightings and uses the <a data-mce-href=\"https:\/\/atlasui.radioactivegaming.eu\/raresightings\" href=\"https:\/\/atlasui.radioactivegaming.eu\/raresightings\" target=\"_blank\" rel=\"noopener\" data-mce-selected=\"inline-boundary\" data-cp-link=\"1\">AtlasUI<\/a>&nbsp;to comply with them.<\/p><\/div> <\/div> <div  class=\"row\"> <div  class=\"button-holder space-bottom space-bottom-small\" data-type=\"column\"> <\/div> <div  class=\"col-xs bottom-xs flexbox image-group-bottom-3-img space-bottom-xs center-xs\"> <img decoding=\"async\"  class=\"left-img shadow-large-black\" data-size=\"500x300\" src=\"https:\/\/radioactivegaming.eu\/wp-content\/uploads\/2021\/03\/cropped-ba8aeb6950e03b56ca5358b15276575c-jpg.jpg\" title=\"cropped-ba8aeb6950e03b56ca5358b15276575c-jpg.jpg\" alt=\"\"> <img decoding=\"async\"  class=\"center-img shadow-large-black\" data-size=\"500x300\" src=\"https:\/\/radioactivegaming.eu\/wp-content\/uploads\/2021\/03\/cropped-20210303041329_1.jpg\" title=\"cropped-20210303041329_1.jpg\" alt=\"\"> <img decoding=\"async\"  class=\"right-img shadow-large-black\" data-size=\"500x300\" src=\"https:\/\/radioactivegaming.eu\/wp-content\/uploads\/2021\/03\/cropped-f81dacb12e7a4b5f8e81788b292f6829-jpg.jpg\" title=\"cropped-f81dacb12e7a4b5f8e81788b292f6829-jpg.jpg\" alt=\"\"><\/div> <\/div><\/div> <\/div><div  data-label=\"Content\" data-id=\"content--1\" data-export-id=\"content-12\" data-category=\"content\" class=\"content-12 content-section content-section-spacing\" id=\"content-1\" style=\"background-color: rgb(245, 250, 253);\"><div  class=\"gridContainer\"> <div  class=\"row text-center\"><div  class=\"section-title-col\" data-type=\"column\"> <h2  class=\"\">Special Skills:<\/h2> <\/div> <\/div> <div  class=\"row center-xs middle-xs\"> <div  class=\"col-sm-9\" data-type=\"column\"> <\/div> <\/div><\/div> <\/div><div  data-label=\"Overlappable\" data-id=\"overlappable--1\" data-export-id=\"overlappable-4\" data-category=\"overlappable\" class=\"overlappable-4 content-section content-section-spacing\" data-overlap=\"true\" id=\"overlappable-1\" style=\"background-color: rgb(255, 255, 255);\"><div  class=\"gridContainer\"> <div  data-type=\"row\" class=\"row spaced-cols text-center center-sm\"><div  class=\"col-xs-12 col-sm-4 col-padding\"> <i  class=\"fa icon shadow-large-black aligncenter fa-angellist reverse round large color1\"><\/i> <div  data-type=\"column\" class=\"\"> <h5  class=\"\">Beta<\/h5> <p  class=\"\">+15% Dmg outgoing, -15% incoming<\/p><\/div> <\/div> <div  class=\"col-xs-12 col-sm-4 col-padding\"> <i  class=\"fa icon shadow-large-black aligncenter fa-arrows-alt reverse round large color1\"><\/i> <div  data-type=\"column\" class=\"\"><h5  class=\"\">Sturdy<\/h5> <p  class=\"\">-20% Dmg in-depth<\/p><\/div> <\/div> <div  class=\"col-xs-12 col-sm-4 col-padding\"> <i  class=\"fa icon shadow-large-black aligncenter fa-bitbucket reverse round large color1\"><\/i> <div  data-type=\"column\" class=\"\"> <h5  class=\"\">Aquatic<\/h5> <p  class=\"\">-75% oxygen consumption, +25% swimming speed<\/p><\/div> <\/div><div  class=\"col-xs-12 col-sm-4 col-padding\"> <i  class=\"fa icon shadow-large-black aligncenter fa-certificate reverse round large color1\"><\/i> <div  data-type=\"column\" class=\"\"> <h5  class=\"\">Plague<\/h5> <p  class=\"\">Has the plague! - Attention: Contagious!\n<br >Items in the inventory rot faster!<\/p><\/div> <\/div><div  class=\"col-xs-12 col-sm-4 col-padding\"> <i  class=\"fa icon shadow-large-black aligncenter fa-angle-double-up reverse round large color1\"><\/i> <div  data-type=\"column\" class=\"\"> <h5  class=\"\">Efficient<\/h5> <p  class=\"\">+25% more resources per mined resource<\/p><\/div> <\/div><div  class=\"col-xs-12 col-sm-4 col-padding\"> <i  class=\"fa icon shadow-large-black aligncenter fa-snowflake-o reverse round large color1\"><\/i> <div  data-type=\"column\" class=\"\"> <h5  class=\"\">Frozen<\/h5> <p  class=\"\">Cools the environment by 200\n<br >corresponds to 2 IceBoxes<\/p><\/div> <\/div><div  class=\"col-xs-12 col-sm-4 col-padding\"> <i  class=\"fa icon shadow-large-black aligncenter fa-fire reverse round large color1\"><\/i> <div  data-type=\"column\" class=\"\"> <h5  class=\"\">Fiery<\/h5> <p  class=\"\">Heats up the environment by 200<\/p><\/div> <\/div><div  class=\"col-xs-12 col-sm-4 col-padding\"> <i  class=\"fa icon shadow-large-black aligncenter fa-angellist reverse round large color1\"><\/i> <div  data-type=\"column\" class=\"\"> <h5  class=\"\">Strong<\/h5> <p  class=\"\">Higher game level\n<br >Not breedable<\/p><\/div> <\/div><div  class=\"col-xs-12 col-sm-4 col-padding\"> <i  class=\"fa icon shadow-large-black aligncenter fa-ambulance reverse round large color1\"><\/i> <div  data-type=\"column\" class=\"\"> <h5  class=\"\">Resilent<\/h5> <p  class=\"\">50% more HP<\/p><\/div> <\/div><div  class=\"col-xs-12 col-sm-4 col-padding\"> <i  class=\"fa icon shadow-large-black aligncenter fa-battery reverse round large color1\"><\/i> <div  data-type=\"column\" class=\"\"> <h5  class=\"\">Enduring<\/h5> <p  class=\"\">50% more endurance<\/p><\/div> <\/div><div  class=\"col-xs-12 col-sm-4 col-padding\"> <i  class=\"fa icon shadow-large-black aligncenter fa-shopping-bag reverse round large color1\"><\/i> <div  data-type=\"column\" class=\"\"> <h5  class=\"\">Bearing<\/h5> <p  class=\"\">50% more carrying capacity<\/p><\/div> <\/div><\/div> <\/div><\/div>","protected":false},"excerpt":{"rendered":"<p>Sometimes a very special creature appears! Will you manage to tame it? These creatures appear in the level range 30-35 &amp; can be tamed as normal. They can have special colorations and possibly also abilities and only stay for a limited time (~2 hours). It can happen to be a tameable creature in the corresponding grid! Spawns of this... <br \/> <a class=\"read-more\" href=\"http:\/\/radioactivegaming.eu\/en\/atlas\/rare-sightings\/\">Read more<\/a><\/p>","protected":false},"author":1,"featured_media":0,"parent":13,"menu_order":0,"comment_status":"closed","ping_status":"closed","template":"pro\/page-templates\/full-width-page.php","meta":{"footnotes":""},"class_list":["post-3072","page","type-page","status-publish","hentry"],"yoast_head":"<!-- This site is optimized with the Yoast SEO plugin v26.3 - https:\/\/yoast.com\/wordpress\/plugins\/seo\/ -->\n<title>rare sightings - Radioactive Gaming<\/title>\n<meta name=\"robots\" content=\"index, follow, max-snippet:-1, max-image-preview:large, max-video-preview:-1\" \/>\n<link rel=\"canonical\" href=\"https:\/\/radioactivegaming.eu\/en\/atlas\/rare-sightings\/\" \/>\n<meta property=\"og:locale\" content=\"en_US\" \/>\n<meta property=\"og:type\" content=\"article\" \/>\n<meta property=\"og:title\" content=\"rare sightings - Radioactive Gaming\" \/>\n<meta property=\"og:description\" content=\"Manchmal erscheint eine ganz besondere Kreatur! Werdet ihr es schaffen sie zu z\u00e4hmen? Diese Kreaturen erscheinen im Levelbereich 30-35 &amp; sind ganz normal z\u00e4hmbar. Sie k\u00f6nnen besondere F\u00e4rbungen und ggf auch F\u00e4higkeiten aufweisen und&nbsp;bleiben nur eine begrenzte Zeit (~2 Stunden) Es kann sich zuf\u00e4llig um eine z\u00e4hmbare Kreatur in dem entsprechenden Grid handeln! Spawns dieser&hellip; Read more\" \/>\n<meta property=\"og:url\" content=\"https:\/\/radioactivegaming.eu\/en\/atlas\/rare-sightings\/\" \/>\n<meta property=\"og:site_name\" content=\"Radioactive Gaming\" \/>\n<meta property=\"article:modified_time\" content=\"2024-05-24T20:34:36+00:00\" \/>\n<meta property=\"og:image\" content=\"https:\/\/s.w.org\/images\/core\/emoji\/13.0.1\/svg\/1f340.svg\" \/>\n<meta name=\"twitter:card\" content=\"summary_large_image\" \/>\n<meta name=\"twitter:label1\" content=\"Est. reading time\" \/>\n\t<meta name=\"twitter:data1\" content=\"2 minutes\" \/>\n<script type=\"application\/ld+json\" class=\"yoast-schema-graph\">{\"@context\":\"https:\/\/schema.org\",\"@graph\":[{\"@type\":\"WebPage\",\"@id\":\"https:\/\/radioactivegaming.eu\/atlas\/rare-sightings\/\",\"url\":\"https:\/\/radioactivegaming.eu\/atlas\/rare-sightings\/\",\"name\":\"rare sightings - Radioactive Gaming\",\"isPartOf\":{\"@id\":\"https:\/\/radioactivegaming.eu\/#website\"},\"primaryImageOfPage\":{\"@id\":\"https:\/\/radioactivegaming.eu\/atlas\/rare-sightings\/#primaryimage\"},\"image\":{\"@id\":\"https:\/\/radioactivegaming.eu\/atlas\/rare-sightings\/#primaryimage\"},\"thumbnailUrl\":\"https:\/\/s.w.org\/images\/core\/emoji\/13.0.1\/svg\/1f340.svg\",\"datePublished\":\"2021-03-17T11:57:00+00:00\",\"dateModified\":\"2024-05-24T20:34:36+00:00\",\"breadcrumb\":{\"@id\":\"https:\/\/radioactivegaming.eu\/atlas\/rare-sightings\/#breadcrumb\"},\"inLanguage\":\"en-US\",\"potentialAction\":[{\"@type\":\"ReadAction\",\"target\":[\"https:\/\/radioactivegaming.eu\/atlas\/rare-sightings\/\"]}]},{\"@type\":\"ImageObject\",\"inLanguage\":\"en-US\",\"@id\":\"https:\/\/radioactivegaming.eu\/atlas\/rare-sightings\/#primaryimage\",\"url\":\"https:\/\/s.w.org\/images\/core\/emoji\/13.0.1\/svg\/1f340.svg\",\"contentUrl\":\"https:\/\/s.w.org\/images\/core\/emoji\/13.0.1\/svg\/1f340.svg\"},{\"@type\":\"BreadcrumbList\",\"@id\":\"https:\/\/radioactivegaming.eu\/atlas\/rare-sightings\/#breadcrumb\",\"itemListElement\":[{\"@type\":\"ListItem\",\"position\":1,\"name\":\"Startseite\",\"item\":\"https:\/\/radioactivegaming.eu\/\"},{\"@type\":\"ListItem\",\"position\":2,\"name\":\"Atlas\",\"item\":\"https:\/\/radioactivegaming.eu\/atlas\/\"},{\"@type\":\"ListItem\",\"position\":3,\"name\":\"rare sightings\"}]},{\"@type\":\"WebSite\",\"@id\":\"https:\/\/radioactivegaming.eu\/#website\",\"url\":\"https:\/\/radioactivegaming.eu\/\",\"name\":\"Radioactive Gaming\",\"description\":\"\",\"publisher\":{\"@id\":\"https:\/\/radioactivegaming.eu\/#organization\"},\"potentialAction\":[{\"@type\":\"SearchAction\",\"target\":{\"@type\":\"EntryPoint\",\"urlTemplate\":\"https:\/\/radioactivegaming.eu\/?s={search_term_string}\"},\"query-input\":{\"@type\":\"PropertyValueSpecification\",\"valueRequired\":true,\"valueName\":\"search_term_string\"}}],\"inLanguage\":\"en-US\"},{\"@type\":\"Organization\",\"@id\":\"https:\/\/radioactivegaming.eu\/#organization\",\"name\":\"Radioactive Gaming\",\"url\":\"https:\/\/radioactivegaming.eu\/\",\"logo\":{\"@type\":\"ImageObject\",\"inLanguage\":\"en-US\",\"@id\":\"https:\/\/radioactivegaming.eu\/#\/schema\/logo\/image\/\",\"url\":\"https:\/\/radioactivegaming.eu\/wp-content\/uploads\/2019\/12\/cropped-coin-2.png\",\"contentUrl\":\"https:\/\/radioactivegaming.eu\/wp-content\/uploads\/2019\/12\/cropped-coin-2.png\",\"width\":256,\"height\":256,\"caption\":\"Radioactive Gaming\"},\"image\":{\"@id\":\"https:\/\/radioactivegaming.eu\/#\/schema\/logo\/image\/\"},\"sameAs\":[\"https:\/\/www.youtube.com\/channel\/UCHAH-p_vfp_co-__TB4M14A\"]}]}<\/script>\n<!-- \/ Yoast SEO plugin. -->","yoast_head_json":{"title":"rare sightings - Radioactive Gaming","robots":{"index":"index","follow":"follow","max-snippet":"max-snippet:-1","max-image-preview":"max-image-preview:large","max-video-preview":"max-video-preview:-1"},"canonical":"https:\/\/radioactivegaming.eu\/en\/atlas\/rare-sightings\/","og_locale":"en_US","og_type":"article","og_title":"rare sightings - Radioactive Gaming","og_description":"Manchmal erscheint eine ganz besondere Kreatur! Werdet ihr es schaffen sie zu z\u00e4hmen? Diese Kreaturen erscheinen im Levelbereich 30-35 &amp; sind ganz normal z\u00e4hmbar. Sie k\u00f6nnen besondere F\u00e4rbungen und ggf auch F\u00e4higkeiten aufweisen und&nbsp;bleiben nur eine begrenzte Zeit (~2 Stunden) Es kann sich zuf\u00e4llig um eine z\u00e4hmbare Kreatur in dem entsprechenden Grid handeln! Spawns dieser&hellip; Read more","og_url":"https:\/\/radioactivegaming.eu\/en\/atlas\/rare-sightings\/","og_site_name":"Radioactive Gaming","article_modified_time":"2024-05-24T20:34:36+00:00","og_image":[{"url":"https:\/\/s.w.org\/images\/core\/emoji\/13.0.1\/svg\/1f340.svg","type":"","width":"","height":""}],"twitter_card":"summary_large_image","twitter_misc":{"Est. reading time":"2 minutes"},"schema":{"@context":"https:\/\/schema.org","@graph":[{"@type":"WebPage","@id":"https:\/\/radioactivegaming.eu\/atlas\/rare-sightings\/","url":"https:\/\/radioactivegaming.eu\/atlas\/rare-sightings\/","name":"rare sightings - Radioactive Gaming","isPartOf":{"@id":"https:\/\/radioactivegaming.eu\/#website"},"primaryImageOfPage":{"@id":"https:\/\/radioactivegaming.eu\/atlas\/rare-sightings\/#primaryimage"},"image":{"@id":"https:\/\/radioactivegaming.eu\/atlas\/rare-sightings\/#primaryimage"},"thumbnailUrl":"https:\/\/s.w.org\/images\/core\/emoji\/13.0.1\/svg\/1f340.svg","datePublished":"2021-03-17T11:57:00+00:00","dateModified":"2024-05-24T20:34:36+00:00","breadcrumb":{"@id":"https:\/\/radioactivegaming.eu\/atlas\/rare-sightings\/#breadcrumb"},"inLanguage":"en-US","potentialAction":[{"@type":"ReadAction","target":["https:\/\/radioactivegaming.eu\/atlas\/rare-sightings\/"]}]},{"@type":"ImageObject","inLanguage":"en-US","@id":"https:\/\/radioactivegaming.eu\/atlas\/rare-sightings\/#primaryimage","url":"https:\/\/s.w.org\/images\/core\/emoji\/13.0.1\/svg\/1f340.svg","contentUrl":"https:\/\/s.w.org\/images\/core\/emoji\/13.0.1\/svg\/1f340.svg"},{"@type":"BreadcrumbList","@id":"https:\/\/radioactivegaming.eu\/atlas\/rare-sightings\/#breadcrumb","itemListElement":[{"@type":"ListItem","position":1,"name":"Startseite","item":"https:\/\/radioactivegaming.eu\/"},{"@type":"ListItem","position":2,"name":"Atlas","item":"https:\/\/radioactivegaming.eu\/atlas\/"},{"@type":"ListItem","position":3,"name":"rare sightings"}]},{"@type":"WebSite","@id":"https:\/\/radioactivegaming.eu\/#website","url":"https:\/\/radioactivegaming.eu\/","name":"Radioactive Gaming","description":"","publisher":{"@id":"https:\/\/radioactivegaming.eu\/#organization"},"potentialAction":[{"@type":"SearchAction","target":{"@type":"EntryPoint","urlTemplate":"https:\/\/radioactivegaming.eu\/?s={search_term_string}"},"query-input":{"@type":"PropertyValueSpecification","valueRequired":true,"valueName":"search_term_string"}}],"inLanguage":"en-US"},{"@type":"Organization","@id":"https:\/\/radioactivegaming.eu\/#organization","name":"Radioactive Gaming","url":"https:\/\/radioactivegaming.eu\/","logo":{"@type":"ImageObject","inLanguage":"en-US","@id":"https:\/\/radioactivegaming.eu\/#\/schema\/logo\/image\/","url":"https:\/\/radioactivegaming.eu\/wp-content\/uploads\/2019\/12\/cropped-coin-2.png","contentUrl":"https:\/\/radioactivegaming.eu\/wp-content\/uploads\/2019\/12\/cropped-coin-2.png","width":256,"height":256,"caption":"Radioactive Gaming"},"image":{"@id":"https:\/\/radioactivegaming.eu\/#\/schema\/logo\/image\/"},"sameAs":["https:\/\/www.youtube.com\/channel\/UCHAH-p_vfp_co-__TB4M14A"]}]}},"jetpack_sharing_enabled":true,"_links":{"self":[{"href":"http:\/\/radioactivegaming.eu\/en\/wp-json\/wp\/v2\/pages\/3072","targetHints":{"allow":["GET"]}}],"collection":[{"href":"http:\/\/radioactivegaming.eu\/en\/wp-json\/wp\/v2\/pages"}],"about":[{"href":"http:\/\/radioactivegaming.eu\/en\/wp-json\/wp\/v2\/types\/page"}],"author":[{"embeddable":true,"href":"http:\/\/radioactivegaming.eu\/en\/wp-json\/wp\/v2\/users\/1"}],"replies":[{"embeddable":true,"href":"http:\/\/radioactivegaming.eu\/en\/wp-json\/wp\/v2\/comments?post=3072"}],"version-history":[{"count":5,"href":"http:\/\/radioactivegaming.eu\/en\/wp-json\/wp\/v2\/pages\/3072\/revisions"}],"predecessor-version":[{"id":5397,"href":"http:\/\/radioactivegaming.eu\/en\/wp-json\/wp\/v2\/pages\/3072\/revisions\/5397"}],"up":[{"embeddable":true,"href":"http:\/\/radioactivegaming.eu\/en\/wp-json\/wp\/v2\/pages\/13"}],"wp:attachment":[{"href":"http:\/\/radioactivegaming.eu\/en\/wp-json\/wp\/v2\/media?parent=3072"}],"curies":[{"name":"wp","href":"https:\/\/api.w.org\/{rel}","templated":true}]}}