{"id":3098,"date":"2021-03-17T13:21:41","date_gmt":"2021-03-17T12:21:41","guid":{"rendered":"https:\/\/radioactivegaming.eu\/?page_id=3098"},"modified":"2024-05-24T22:27:45","modified_gmt":"2024-05-24T20:27:45","slug":"haunted-chests","status":"publish","type":"page","link":"http:\/\/radioactivegaming.eu\/en\/atlas\/haunted-chests\/","title":{"rendered":"Haunted Chests"},"content":{"rendered":"<div  data-label=\"Overlappable\" data-id=\"overlappable--1\" data-export-id=\"overlappable-3\" data-category=\"overlappable\" class=\"overlappable-3 content-section content-section-spacing content-relative\" data-overlap=\"true\" id=\"overlappable-1\" style=\"background-color: rgb(255, 255, 255);\"><div  class=\"section-separator-top\">\n    <svg  class=\"section-separator-top\" data-separator-name=\"triangle-asymmetrical-negative\" preserveaspectratio=\"none\" viewbox=\"0 0 1000 100\" xmlns=\"http:\/\/www.w3.org\/2000\/svg\">\n        <path  class=\"svg-white-bg\" d=\"M737.9,94.7L0,0v100h1000V0L737.9,94.7z\"><\/path>\n    <\/svg>\n<\/div><div  class=\"gridContainer\"> <div  class=\"row bg-color-white shadow-medium\"><div  class=\"col-xs-12 col-sm-6 image-col first-image-col\" data-bg=\"image\" style=\"background-image: url(&quot;https:\/\/radioactivegaming.eu\/wp-content\/uploads\/2021\/03\/cropped-20210317144213_1-scaled-1.jpg&quot;);\"><\/div> <div  class=\"col-xs-12 col-sm-6 content-col col-padding col-padding-xs\"> <div  class=\"col-padding\" data-type=\"column\"> <h4  class=\"\">Haunted Chests<\/h4> <p  class=\"\">You can find these crates on all islands.<br >They are divided into different levels of difficulty.\n<br >Depending on the difficulty level, you will have to defend the crate against different number of waves of skeletons (Haunted) after activating it.\n<br ><br >\nThe level and the amount of enemies also depends on the difficulty level.<br >\n<br >Note, however, that animals (Tames) and guns do not cause any damage to the Haunted!\n<br ><br >You can defeat the Haunted with melee and ranged weapons, magic and grenades.\n<br ><br >Once you have finished, you can open the crate and receive blueprints for items as well as Myth, Gold &amp; Rememberance.\n<br ><br >At the chest you can always see the current information (wave of Max wave) and the number of remaining enemies.<br >\nHaunted Chest can take damage from players and tames.<\/p> <\/div> <\/div><\/div> <div  class=\"row bg-color-white shadow-medium\"><div  class=\"col-xs-12 col-sm-6 content-col col-padding col-padding-xs\"> <div  class=\"col-padding\" data-type=\"column\"><h4  class=\"\">Haunted Ocean Chests<\/h4> <p  class=\"\">You can find these crates at sea in all grids.\n<br ><br >\nThey are divided into different levels of difficulty.\n<br ><br >\nDepending on the difficulty level, once activated you will have to defend the crate against different number of waves of Haunted ships.\n<br ><br >\nThe level and quantity of enemies also depends on the difficulty level.\n<br ><br >\nThe Haunted are similar to the ships of the SOTDs and have only one life bar (no planks).\n<br ><br >Once you have finished, you can open the crate and receive blueprints of items as well as Myth, Gold &amp; Rememberance.\n<br ><br >At the chest you can always see the current information (wave of Max wave) and the number of remaining enemies.<br >\nHaunted Chest can take damage from players and tames.<\/p> <\/div> <\/div> <div  class=\"col-xs-12 col-sm-6 image-col second-image-col first-xs last-sm\" data-bg=\"image\" style=\"background-image: url(&quot;https:\/\/radioactivegaming.eu\/wp-content\/uploads\/2021\/03\/cropped-20210317143537_1-scaled-1.jpg&quot;);\"><\/div> <\/div><\/div> <\/div><div  data-label=\"SunkenHaunted\" data-id=\"about--3\" data-export-id=\"about-10\" data-category=\"about\" class=\"about-10 content-section content-section-spacing\" id=\"sunkenhaunted\" style=\"background-color: rgb(255, 255, 255);\"><div  class=\"gridContainer\"> <div  class=\"row middle-sm text-center\"><div  class=\"col-sm-5 space-bottom-xs content-column\" data-type=\"column\">  <h2  class=\"\">Sunken Haunted Chests<\/h2> <p  class=\"\">This late game box requires: good submarines, weapons &amp; tames as well as a good breath!\n<br ><br >Dive into one of the trenches and defeat waves of enemies in this crate, similar to the other Haunted Chests!\n<br ><br >You can also find these crates in the usual difficulty levels\n<br ><br >Once you have finished, you can open the crate and receive blueprints of items as well as Myth, Gold &amp; Rememberance.<br >\nAt the chest you can always see the current information (wave of Max wave) and the number of remaining enemies.<br >\nHaunted Ocean Chest can take damage from players and Tames.<br >\n<br >This is the only place where you can find blueprints for special items such as diving armor.\n<br ><br >This Haunted Chest also drops an item (IcyPearl) which is necessary to summon the Leviathan and the Kraken in Challenge Mode!<\/p> <\/div> <div  class=\"col-sm-7 flexbox middle-xs center-xs space-bottom-xs\"><div  class=\"overlay-box middle-xs center-xs flexbox\"> <div  class=\"overlay-box-offset offset-border shadow-medium border-color1 hide-xs\"><\/div> <img decoding=\"async\"  class=\"shadow-large\" data-size=\"485x705\" src=\"https:\/\/radioactivegaming.eu\/wp-content\/uploads\/2024\/05\/cropped-hauntedchestsunk.png\" title=\"cropped-hauntedchestsunk.png\" alt=\"\"><\/div> <\/div><\/div> <\/div><\/div><div  data-label=\"About\" data-id=\"about--2\" data-export-id=\"about-9\" data-category=\"about\" class=\"about-9 content-section content-section-spacing\" id=\"about-2\" style=\"background-color: rgb(255, 255, 255);\"><div  class=\"gridContainer\"> <div  class=\"row middle-sm text-center\"><div  class=\"col-sm-5 space-bottom-xs content-column content-left-sm\" data-type=\"column\">  <h2  class=\"\">Rememberance<\/h2> <p  class=\"\">This strange item is obtained when you complete Haunted Chests. Consuming (E) saves the current skill (engrams). The Rememberance turns blue.\n<br ><br >By consuming again (E) the Rememberance is used up and the level of your character is reset (like Respec) but the saved skill is immediately &amp; automatically distributed or applied.<\/p> <\/div> <div  class=\"col-sm-7 flexbox flexbox middle-xs center-xs space-bottom-xs\"><div  class=\"overlay-box flexbox middle-xs center-xs overlay-holder\"> <div  class=\"overlay-box-offset offset-background shadow-medium bg-color2 hide-xs\"><\/div> <img  decoding=\"async\" class=\"flexbox shadow-large img1\" src=\"https:\/\/radioactivegaming.eu\/wp-content\/uploads\/2021\/03\/cropped-Tex_reagent_06.png\" data-size=\"600x400\" title=\"cropped-Tex_reagent_06.png\" alt=\"\"><\/div> <\/div><\/div> <\/div><\/div><div  data-label=\"About\" data-id=\"about--1\" data-export-id=\"about-10\" data-category=\"about\" class=\"about-10 content-section content-section-spacing\" id=\"about-1\" style=\"background-color: rgb(245, 250, 253);\"><div  class=\"gridContainer\"> <div  class=\"row middle-sm text-center\"><div  class=\"col-sm-5 space-bottom-xs content-column\" data-type=\"column\">  <h2  class=\"\">Living Myth<\/h2> <p  class=\"\">You can find Living Mythos on all Powerstone Islands.\n<br ><br >This tree-like plant after activation of maturation makes animals near it aggressive!\n<br ><br >They are divided into different levels of difficulty.\n<br ><br >\nDepending on the difficulty level, you will have to defend the Living Mythos against different waves of animals during its maturation.<br >\nThe level and quantity of enemies also depends on the difficulty level.\n<br ><br >After successful completion, the Living Myth can be dismantled. This can be done with a pickaxe or ax.\n<br >\n<br >In addition to Mythos, appropriate quantities of Darkwood &amp; Leaves (7th Thatch variety) can be obtained here.\n<br >The amount depends on the difficulty level and the tool used.\n<br ><br >At the Living Myth you can always see the current information (wave of Max wave) and the number of enemies remaining.<br >Living Myth can be damaged by players and tames.<\/p> <\/div> <div  class=\"col-sm-7 flexbox middle-xs center-xs space-bottom-xs\"><div  class=\"overlay-box middle-xs center-xs flexbox\"> <div  class=\"overlay-box-offset offset-border shadow-medium border-color1 hide-xs\"><\/div> <img  decoding=\"async\" class=\"shadow-large\" data-size=\"485x705\" src=\"https:\/\/radioactivegaming.eu\/wp-content\/uploads\/2021\/03\/cropped-Mythos.png\" title=\"cropped-Mythos.png\" alt=\"\"><\/div> <\/div><\/div> <\/div><\/div>","protected":false},"excerpt":{"rendered":"<p>Haunted Chests These chests can be found on all islands and are divided into different difficulty levels. Depending on the difficulty level, you will have to defend the chest against different numbers of waves of skeletons (haunted) after activating it. The level and the number of enemies also depend on the difficulty level. Please note, however, that animals (Tames) and guns on the... <br \/> <a class=\"read-more\" href=\"http:\/\/radioactivegaming.eu\/en\/atlas\/haunted-chests\/\">Read more<\/a><\/p>","protected":false},"author":1,"featured_media":0,"parent":13,"menu_order":0,"comment_status":"closed","ping_status":"closed","template":"pro\/page-templates\/full-width-page.php","meta":{"footnotes":""},"class_list":["post-3098","page","type-page","status-publish","hentry"],"yoast_head":"<!-- This site is optimized with the Yoast SEO plugin v26.3 - https:\/\/yoast.com\/wordpress\/plugins\/seo\/ -->\n<title>Haunted Chests - Radioactive Gaming<\/title>\n<meta name=\"robots\" content=\"index, follow, max-snippet:-1, max-image-preview:large, max-video-preview:-1\" \/>\n<link rel=\"canonical\" href=\"https:\/\/radioactivegaming.eu\/en\/atlas\/haunted-chests\/\" \/>\n<meta property=\"og:locale\" content=\"en_US\" \/>\n<meta property=\"og:type\" content=\"article\" \/>\n<meta property=\"og:title\" content=\"Haunted Chests - Radioactive Gaming\" \/>\n<meta property=\"og:description\" content=\"Haunted Chests Diese Kisten k\u00f6nnt ihr auf allen Inseln finden.Sie werden in verschiedene Schwierigkeitsstufen aufgeteilt. Abh\u00e4ngig von der Schwierigkeitsstufe m\u00fcsst ihr die Kiste nach Aktivierung gegen unterschiedlich viele Wellen von Skeletten (Haunted) verteidigen. Das Level und die Menge der Gegner ist ebenfalls von der Schwierigkeitsstufe abh\u00e4ngig. Beachtet jedoch, dass Tiere (Tames) und Gesch\u00fctze an den&hellip; Read more\" \/>\n<meta property=\"og:url\" content=\"https:\/\/radioactivegaming.eu\/en\/atlas\/haunted-chests\/\" \/>\n<meta property=\"og:site_name\" content=\"Radioactive Gaming\" \/>\n<meta property=\"article:modified_time\" content=\"2024-05-24T20:27:45+00:00\" \/>\n<meta property=\"og:image\" content=\"https:\/\/radioactivegaming.eu\/wp-content\/uploads\/2024\/05\/cropped-hauntedchestsunk.png\" \/>\n<meta name=\"twitter:card\" content=\"summary_large_image\" \/>\n<meta name=\"twitter:label1\" content=\"Est. reading time\" \/>\n\t<meta name=\"twitter:data1\" content=\"3 minutes\" \/>\n<script type=\"application\/ld+json\" class=\"yoast-schema-graph\">{\"@context\":\"https:\/\/schema.org\",\"@graph\":[{\"@type\":\"WebPage\",\"@id\":\"https:\/\/radioactivegaming.eu\/atlas\/haunted-chests\/\",\"url\":\"https:\/\/radioactivegaming.eu\/atlas\/haunted-chests\/\",\"name\":\"Haunted Chests - Radioactive Gaming\",\"isPartOf\":{\"@id\":\"https:\/\/radioactivegaming.eu\/#website\"},\"primaryImageOfPage\":{\"@id\":\"https:\/\/radioactivegaming.eu\/atlas\/haunted-chests\/#primaryimage\"},\"image\":{\"@id\":\"https:\/\/radioactivegaming.eu\/atlas\/haunted-chests\/#primaryimage\"},\"thumbnailUrl\":\"https:\/\/radioactivegaming.eu\/wp-content\/uploads\/2024\/05\/cropped-hauntedchestsunk.png\",\"datePublished\":\"2021-03-17T12:21:41+00:00\",\"dateModified\":\"2024-05-24T20:27:45+00:00\",\"breadcrumb\":{\"@id\":\"https:\/\/radioactivegaming.eu\/atlas\/haunted-chests\/#breadcrumb\"},\"inLanguage\":\"en-US\",\"potentialAction\":[{\"@type\":\"ReadAction\",\"target\":[\"https:\/\/radioactivegaming.eu\/atlas\/haunted-chests\/\"]}]},{\"@type\":\"ImageObject\",\"inLanguage\":\"en-US\",\"@id\":\"https:\/\/radioactivegaming.eu\/atlas\/haunted-chests\/#primaryimage\",\"url\":\"https:\/\/radioactivegaming.eu\/wp-content\/uploads\/2024\/05\/cropped-hauntedchestsunk.png\",\"contentUrl\":\"https:\/\/radioactivegaming.eu\/wp-content\/uploads\/2024\/05\/cropped-hauntedchestsunk.png\"},{\"@type\":\"BreadcrumbList\",\"@id\":\"https:\/\/radioactivegaming.eu\/atlas\/haunted-chests\/#breadcrumb\",\"itemListElement\":[{\"@type\":\"ListItem\",\"position\":1,\"name\":\"Startseite\",\"item\":\"https:\/\/radioactivegaming.eu\/\"},{\"@type\":\"ListItem\",\"position\":2,\"name\":\"Atlas\",\"item\":\"https:\/\/radioactivegaming.eu\/atlas\/\"},{\"@type\":\"ListItem\",\"position\":3,\"name\":\"Haunted Chests\"}]},{\"@type\":\"WebSite\",\"@id\":\"https:\/\/radioactivegaming.eu\/#website\",\"url\":\"https:\/\/radioactivegaming.eu\/\",\"name\":\"Radioactive Gaming\",\"description\":\"\",\"publisher\":{\"@id\":\"https:\/\/radioactivegaming.eu\/#organization\"},\"potentialAction\":[{\"@type\":\"SearchAction\",\"target\":{\"@type\":\"EntryPoint\",\"urlTemplate\":\"https:\/\/radioactivegaming.eu\/?s={search_term_string}\"},\"query-input\":{\"@type\":\"PropertyValueSpecification\",\"valueRequired\":true,\"valueName\":\"search_term_string\"}}],\"inLanguage\":\"en-US\"},{\"@type\":\"Organization\",\"@id\":\"https:\/\/radioactivegaming.eu\/#organization\",\"name\":\"Radioactive Gaming\",\"url\":\"https:\/\/radioactivegaming.eu\/\",\"logo\":{\"@type\":\"ImageObject\",\"inLanguage\":\"en-US\",\"@id\":\"https:\/\/radioactivegaming.eu\/#\/schema\/logo\/image\/\",\"url\":\"https:\/\/radioactivegaming.eu\/wp-content\/uploads\/2019\/12\/cropped-coin-2.png\",\"contentUrl\":\"https:\/\/radioactivegaming.eu\/wp-content\/uploads\/2019\/12\/cropped-coin-2.png\",\"width\":256,\"height\":256,\"caption\":\"Radioactive Gaming\"},\"image\":{\"@id\":\"https:\/\/radioactivegaming.eu\/#\/schema\/logo\/image\/\"},\"sameAs\":[\"https:\/\/www.youtube.com\/channel\/UCHAH-p_vfp_co-__TB4M14A\"]}]}<\/script>\n<!-- \/ Yoast SEO plugin. -->","yoast_head_json":{"title":"Haunted Chests - Radioactive Gaming","robots":{"index":"index","follow":"follow","max-snippet":"max-snippet:-1","max-image-preview":"max-image-preview:large","max-video-preview":"max-video-preview:-1"},"canonical":"https:\/\/radioactivegaming.eu\/en\/atlas\/haunted-chests\/","og_locale":"en_US","og_type":"article","og_title":"Haunted Chests - Radioactive Gaming","og_description":"Haunted Chests Diese Kisten k\u00f6nnt ihr auf allen Inseln finden.Sie werden in verschiedene Schwierigkeitsstufen aufgeteilt. Abh\u00e4ngig von der Schwierigkeitsstufe m\u00fcsst ihr die Kiste nach Aktivierung gegen unterschiedlich viele Wellen von Skeletten (Haunted) verteidigen. Das Level und die Menge der Gegner ist ebenfalls von der Schwierigkeitsstufe abh\u00e4ngig. Beachtet jedoch, dass Tiere (Tames) und Gesch\u00fctze an den&hellip; Read more","og_url":"https:\/\/radioactivegaming.eu\/en\/atlas\/haunted-chests\/","og_site_name":"Radioactive Gaming","article_modified_time":"2024-05-24T20:27:45+00:00","og_image":[{"url":"https:\/\/radioactivegaming.eu\/wp-content\/uploads\/2024\/05\/cropped-hauntedchestsunk.png","type":"","width":"","height":""}],"twitter_card":"summary_large_image","twitter_misc":{"Est. reading time":"3 minutes"},"schema":{"@context":"https:\/\/schema.org","@graph":[{"@type":"WebPage","@id":"https:\/\/radioactivegaming.eu\/atlas\/haunted-chests\/","url":"https:\/\/radioactivegaming.eu\/atlas\/haunted-chests\/","name":"Haunted Chests - Radioactive Gaming","isPartOf":{"@id":"https:\/\/radioactivegaming.eu\/#website"},"primaryImageOfPage":{"@id":"https:\/\/radioactivegaming.eu\/atlas\/haunted-chests\/#primaryimage"},"image":{"@id":"https:\/\/radioactivegaming.eu\/atlas\/haunted-chests\/#primaryimage"},"thumbnailUrl":"https:\/\/radioactivegaming.eu\/wp-content\/uploads\/2024\/05\/cropped-hauntedchestsunk.png","datePublished":"2021-03-17T12:21:41+00:00","dateModified":"2024-05-24T20:27:45+00:00","breadcrumb":{"@id":"https:\/\/radioactivegaming.eu\/atlas\/haunted-chests\/#breadcrumb"},"inLanguage":"en-US","potentialAction":[{"@type":"ReadAction","target":["https:\/\/radioactivegaming.eu\/atlas\/haunted-chests\/"]}]},{"@type":"ImageObject","inLanguage":"en-US","@id":"https:\/\/radioactivegaming.eu\/atlas\/haunted-chests\/#primaryimage","url":"https:\/\/radioactivegaming.eu\/wp-content\/uploads\/2024\/05\/cropped-hauntedchestsunk.png","contentUrl":"https:\/\/radioactivegaming.eu\/wp-content\/uploads\/2024\/05\/cropped-hauntedchestsunk.png"},{"@type":"BreadcrumbList","@id":"https:\/\/radioactivegaming.eu\/atlas\/haunted-chests\/#breadcrumb","itemListElement":[{"@type":"ListItem","position":1,"name":"Startseite","item":"https:\/\/radioactivegaming.eu\/"},{"@type":"ListItem","position":2,"name":"Atlas","item":"https:\/\/radioactivegaming.eu\/atlas\/"},{"@type":"ListItem","position":3,"name":"Haunted Chests"}]},{"@type":"WebSite","@id":"https:\/\/radioactivegaming.eu\/#website","url":"https:\/\/radioactivegaming.eu\/","name":"Radioactive Gaming","description":"","publisher":{"@id":"https:\/\/radioactivegaming.eu\/#organization"},"potentialAction":[{"@type":"SearchAction","target":{"@type":"EntryPoint","urlTemplate":"https:\/\/radioactivegaming.eu\/?s={search_term_string}"},"query-input":{"@type":"PropertyValueSpecification","valueRequired":true,"valueName":"search_term_string"}}],"inLanguage":"en-US"},{"@type":"Organization","@id":"https:\/\/radioactivegaming.eu\/#organization","name":"Radioactive Gaming","url":"https:\/\/radioactivegaming.eu\/","logo":{"@type":"ImageObject","inLanguage":"en-US","@id":"https:\/\/radioactivegaming.eu\/#\/schema\/logo\/image\/","url":"https:\/\/radioactivegaming.eu\/wp-content\/uploads\/2019\/12\/cropped-coin-2.png","contentUrl":"https:\/\/radioactivegaming.eu\/wp-content\/uploads\/2019\/12\/cropped-coin-2.png","width":256,"height":256,"caption":"Radioactive Gaming"},"image":{"@id":"https:\/\/radioactivegaming.eu\/#\/schema\/logo\/image\/"},"sameAs":["https:\/\/www.youtube.com\/channel\/UCHAH-p_vfp_co-__TB4M14A"]}]}},"jetpack_sharing_enabled":true,"_links":{"self":[{"href":"http:\/\/radioactivegaming.eu\/en\/wp-json\/wp\/v2\/pages\/3098","targetHints":{"allow":["GET"]}}],"collection":[{"href":"http:\/\/radioactivegaming.eu\/en\/wp-json\/wp\/v2\/pages"}],"about":[{"href":"http:\/\/radioactivegaming.eu\/en\/wp-json\/wp\/v2\/types\/page"}],"author":[{"embeddable":true,"href":"http:\/\/radioactivegaming.eu\/en\/wp-json\/wp\/v2\/users\/1"}],"replies":[{"embeddable":true,"href":"http:\/\/radioactivegaming.eu\/en\/wp-json\/wp\/v2\/comments?post=3098"}],"version-history":[{"count":7,"href":"http:\/\/radioactivegaming.eu\/en\/wp-json\/wp\/v2\/pages\/3098\/revisions"}],"predecessor-version":[{"id":5393,"href":"http:\/\/radioactivegaming.eu\/en\/wp-json\/wp\/v2\/pages\/3098\/revisions\/5393"}],"up":[{"embeddable":true,"href":"http:\/\/radioactivegaming.eu\/en\/wp-json\/wp\/v2\/pages\/13"}],"wp:attachment":[{"href":"http:\/\/radioactivegaming.eu\/en\/wp-json\/wp\/v2\/media?parent=3098"}],"curies":[{"name":"wp","href":"https:\/\/api.w.org\/{rel}","templated":true}]}}