{"id":3449,"date":"2021-08-10T10:58:21","date_gmt":"2021-08-10T08:58:21","guid":{"rendered":"https:\/\/radioactivegaming.eu\/?page_id=3449"},"modified":"2024-05-25T11:32:36","modified_gmt":"2024-05-25T09:32:36","slug":"bettershipyardsandsails","status":"publish","type":"page","link":"http:\/\/radioactivegaming.eu\/en\/atlas\/bettershipyardsandsails\/","title":{"rendered":"BetterShipyardsAndSails"},"content":{"rendered":"<div  data-label=\"Overlappable\" data-id=\"overlappable--1\" data-export-id=\"overlappable-3\" data-category=\"overlappable\" class=\"overlappable-3 content-section content-section-spacing content-relative\" data-overlap=\"true\" id=\"overlappable-1\" style=\"background-color: rgb(255, 255, 255);\"><div  class=\"section-separator-top\">\n    <svg  class=\"section-separator-top\" data-separator-name=\"triangle-asymmetrical-negative\" preserveaspectratio=\"none\" viewbox=\"0 0 1000 100\" xmlns=\"http:\/\/www.w3.org\/2000\/svg\">\n        <path  class=\"svg-white-bg\" d=\"M737.9,94.7L0,0v100h1000V0L737.9,94.7z\"><\/path>\n    <\/svg>\n<\/div><div  class=\"gridContainer\"> <div  class=\"row bg-color-white shadow-medium\"><div  class=\"col-xs-12 col-sm-6 image-col first-image-col\" data-bg=\"image\" style=\"background-image: url(&quot;https:\/\/radioactivegaming.eu\/wp-content\/uploads\/2021\/03\/cropped-cropped-20210222131709_1-scaled-1.jpg&quot;);\"><\/div> <div  class=\"col-xs-12 col-sm-6 content-col col-padding col-padding-xs\"> <div  class=\"col-padding\" data-type=\"column\"> <h4  class=\"\">Ship throwing<\/h4> <p  class=\"\">Only 2 shipyards (Small &amp; Large) are available on Radioactive.\n<br ><br >The ship quality depends on the blueprint used for the ship. You can find these by looting faction ships, for example.<br >\nIf you build a ship without a blueprint, it will always have 100%.<br ><br >Ships cost gold depending on their quality<br >\nThe maximum cost is limited to 200%, as the ship quality, accordingly 200% ships cost e.g.:<br >\nTrireme 16k Gold (100% Price 8k Gold)<br >\nBrigantine 8k Gold (100% Price 4k Gold)<br >\nGalleon 20k gold (100% price 10k gold)<br ><br >Skins for vanilla ships (e.g. mahogany - in the picture) can also be made in the corresponding shipyard, these only have a different visual appearance, no better stats or similar.\n<br >To create a skin ship, click on the corresponding button in the center of the shipyard.<\/p> <\/div> <\/div><\/div> <div  class=\"row bg-color-white shadow-medium\"><div  class=\"col-xs-12 col-sm-6 content-col col-padding col-padding-xs\"> <div  class=\"col-padding\" data-type=\"column\"><h4  class=\"\">Sail<\/h4> <p  class=\"\"><span  style=\"font-weight: 700;\">Speed sail:<\/span>\n<br >New Stat SailOpenCloseSpeed: Determines the opening &amp; closing speed of sails.<br >Wind radius increased from 84 degrees to 90 degrees!\n<br ><br ><span  style=\"font-weight: 700;\">Sailskins:<\/span>\n<br >In our donation store you can have Company Skins created for the respective sail types, which are then different than paintings in HD and can display significantly more colors!&nbsp;\n<br ><br ><span  style=\"font-weight: 700;\">New type of sail: butterfly sail\n<br ><span  style=\"font-weight: 400;\">Butterfly sails are \"hybrids\".<\/span><br ><span  style=\"font-weight: 400;\">They offer the advantages of handling, speed &amp; weight sails and are therefore an all-rounder, which is of course significantly weaker in the respective area than speed, weight or handling.\n<\/span><br ><span  style=\"font-weight: 400;\">Can have stats\/values in:\n<br >- SailEffectiveAngle\n<br >- SailMaxMovementWeight\n<br >- SailAcceleration\n<br >- SailTurningEffectiveness\n<br >- SailOpenCloseSpeed\n<br ><br >\n<\/span>New type of sail: Frontsail<br ><span  style=\"font-weight: 400;\">On some ships another sail can be attached at the very front, depending on the ship this is purely decorative or also contributes to the speed!\n<\/span><br ><span  style=\"font-weight: 400;\">Can have stats\/values in:<\/span><br ><span  style=\"font-weight: 400;\">- SailAcceleration<\/span><br ><span  style=\"font-weight: 400;\">- SailOpenCloseSpeed<\/span><span  id=\"_mce_caret\" data-mce-bogus=\"1\" data-mce-type=\"format-caret\"><span  style=\"font-weight: 400;\"><\/span><\/span><\/span><\/p> <\/div> <\/div> <div  class=\"col-xs-12 col-sm-6 image-col second-image-col first-xs last-sm\" data-bg=\"image\" style=\"background-image: url(&quot;https:\/\/radioactivegaming.eu\/wp-content\/uploads\/2021\/08\/cropped-20210801142415_1.jpg&quot;);\"><\/div> <\/div><\/div> <\/div><div data-label=\"About\" data-id=\"about--1\" data-export-id=\"about-4\" data-category=\"about\" class=\"about-4 content-section content-section-spacing\" id=\"about-1\"  style=\"background-color: rgb(245, 250, 253);\"><div class=\"gridContainer\" > <div class=\"row middle-sm text-center\" ><div class=\"col-sm-5 space-bottom-xs\" data-type=\"column\" > <h5 class=\"\" >Maintenance Dock<\/h5> <h2 class=\"\" >Upgrading ships...<\/h2> <p class=\"\" >...(higher ship quality) is possible at any time in the Maintenance Dock, which also has the function of repairing all parts of your ship.\n<br ><br >Hang your ship in the dock, place a blueprint in your inventory and get the necessary crafting materials. \n<br >Then select the blueprint and click on \"Craft\" (E).<\/p> <\/div> <div class=\"col-sm-7 flexbox center-xs middle-xs image-group-2-img\" > <img decoding=\"async\" class=\"img-1 shadow-large\" data-size=\"250x200\" src=\"https:\/\/radioactivegaming.eu\/wp-content\/uploads\/2024\/05\/maintdock.png\"  title=\"maintdock\" alt=\"\"> <img decoding=\"async\" class=\"img-2 shadow-large\" data-size=\"220x170\" src=\"https:\/\/radioactivegaming.eu\/wp-content\/uploads\/2024\/05\/maint2.png\"  title=\"maint2\" alt=\"\"><\/div> <\/div><\/div> <\/div>","protected":false},"excerpt":{"rendered":"<p>Only 2 shipyards (Small &amp; Large) are available on Radioactive. The ship quality depends on the blueprint used for the ship. You can find these by looting faction ships, for example. If you build a ship without a blueprint, it will always have 100%. Ships cost gold depending on their quality. The maximum cost is set to 200%, like the... <br \/> <a class=\"read-more\" href=\"http:\/\/radioactivegaming.eu\/en\/atlas\/bettershipyardsandsails\/\">Read more<\/a><\/p>","protected":false},"author":1,"featured_media":0,"parent":13,"menu_order":0,"comment_status":"closed","ping_status":"closed","template":"pro\/page-templates\/full-width-page.php","meta":{"footnotes":""},"class_list":["post-3449","page","type-page","status-publish","hentry"],"yoast_head":"<!-- This site is optimized with the Yoast SEO plugin v26.3 - https:\/\/yoast.com\/wordpress\/plugins\/seo\/ -->\n<title>BetterShipyardsAndSails - Radioactive Gaming<\/title>\n<meta name=\"robots\" content=\"index, follow, max-snippet:-1, max-image-preview:large, max-video-preview:-1\" \/>\n<link rel=\"canonical\" href=\"https:\/\/radioactivegaming.eu\/en\/atlas\/bettershipyardsandsails\/\" \/>\n<meta property=\"og:locale\" content=\"en_US\" \/>\n<meta property=\"og:type\" content=\"article\" \/>\n<meta property=\"og:title\" content=\"BetterShipyardsAndSails - Radioactive Gaming\" \/>\n<meta property=\"og:description\" content=\"Schiffswerfen Auf Radioactive stehen nur 2 Shipyards (Small &amp; Large) zur Verf\u00fcgung. Die Schiffsqualit\u00e4t ist von der verwendeten Blaupause des Schiffes abh\u00e4ngig. Diese k\u00f6nnt ihr finden wenn ihr z.B. Fraktionsschiffe lootet. Baut ihr ein Schiff ohne Blaupause, hat dieses immer 100%.Schiffe kosten abh\u00e4ngig von ihrer Qualit\u00e4t Gold Die maximalen Kosten sind auf 200%, wie die&hellip; Read more\" \/>\n<meta property=\"og:url\" content=\"https:\/\/radioactivegaming.eu\/en\/atlas\/bettershipyardsandsails\/\" \/>\n<meta property=\"og:site_name\" content=\"Radioactive Gaming\" \/>\n<meta property=\"article:modified_time\" content=\"2024-05-25T09:32:36+00:00\" \/>\n<meta property=\"og:image\" content=\"https:\/\/radioactivegaming.eu\/wp-content\/uploads\/2024\/05\/maintdock.png\" \/>\n<meta name=\"twitter:card\" content=\"summary_large_image\" \/>\n<meta name=\"twitter:label1\" content=\"Est. reading time\" \/>\n\t<meta name=\"twitter:data1\" content=\"2 minutes\" \/>\n<script type=\"application\/ld+json\" class=\"yoast-schema-graph\">{\"@context\":\"https:\/\/schema.org\",\"@graph\":[{\"@type\":\"WebPage\",\"@id\":\"https:\/\/radioactivegaming.eu\/atlas\/bettershipyardsandsails\/\",\"url\":\"https:\/\/radioactivegaming.eu\/atlas\/bettershipyardsandsails\/\",\"name\":\"BetterShipyardsAndSails - Radioactive Gaming\",\"isPartOf\":{\"@id\":\"https:\/\/radioactivegaming.eu\/#website\"},\"primaryImageOfPage\":{\"@id\":\"https:\/\/radioactivegaming.eu\/atlas\/bettershipyardsandsails\/#primaryimage\"},\"image\":{\"@id\":\"https:\/\/radioactivegaming.eu\/atlas\/bettershipyardsandsails\/#primaryimage\"},\"thumbnailUrl\":\"https:\/\/radioactivegaming.eu\/wp-content\/uploads\/2024\/05\/maintdock.png\",\"datePublished\":\"2021-08-10T08:58:21+00:00\",\"dateModified\":\"2024-05-25T09:32:36+00:00\",\"breadcrumb\":{\"@id\":\"https:\/\/radioactivegaming.eu\/atlas\/bettershipyardsandsails\/#breadcrumb\"},\"inLanguage\":\"en-US\",\"potentialAction\":[{\"@type\":\"ReadAction\",\"target\":[\"https:\/\/radioactivegaming.eu\/atlas\/bettershipyardsandsails\/\"]}]},{\"@type\":\"ImageObject\",\"inLanguage\":\"en-US\",\"@id\":\"https:\/\/radioactivegaming.eu\/atlas\/bettershipyardsandsails\/#primaryimage\",\"url\":\"https:\/\/radioactivegaming.eu\/wp-content\/uploads\/2024\/05\/maintdock.png\",\"contentUrl\":\"https:\/\/radioactivegaming.eu\/wp-content\/uploads\/2024\/05\/maintdock.png\"},{\"@type\":\"BreadcrumbList\",\"@id\":\"https:\/\/radioactivegaming.eu\/atlas\/bettershipyardsandsails\/#breadcrumb\",\"itemListElement\":[{\"@type\":\"ListItem\",\"position\":1,\"name\":\"Startseite\",\"item\":\"https:\/\/radioactivegaming.eu\/\"},{\"@type\":\"ListItem\",\"position\":2,\"name\":\"Atlas\",\"item\":\"https:\/\/radioactivegaming.eu\/atlas\/\"},{\"@type\":\"ListItem\",\"position\":3,\"name\":\"BetterShipyardsAndSails\"}]},{\"@type\":\"WebSite\",\"@id\":\"https:\/\/radioactivegaming.eu\/#website\",\"url\":\"https:\/\/radioactivegaming.eu\/\",\"name\":\"Radioactive Gaming\",\"description\":\"\",\"publisher\":{\"@id\":\"https:\/\/radioactivegaming.eu\/#organization\"},\"potentialAction\":[{\"@type\":\"SearchAction\",\"target\":{\"@type\":\"EntryPoint\",\"urlTemplate\":\"https:\/\/radioactivegaming.eu\/?s={search_term_string}\"},\"query-input\":{\"@type\":\"PropertyValueSpecification\",\"valueRequired\":true,\"valueName\":\"search_term_string\"}}],\"inLanguage\":\"en-US\"},{\"@type\":\"Organization\",\"@id\":\"https:\/\/radioactivegaming.eu\/#organization\",\"name\":\"Radioactive Gaming\",\"url\":\"https:\/\/radioactivegaming.eu\/\",\"logo\":{\"@type\":\"ImageObject\",\"inLanguage\":\"en-US\",\"@id\":\"https:\/\/radioactivegaming.eu\/#\/schema\/logo\/image\/\",\"url\":\"https:\/\/radioactivegaming.eu\/wp-content\/uploads\/2019\/12\/cropped-coin-2.png\",\"contentUrl\":\"https:\/\/radioactivegaming.eu\/wp-content\/uploads\/2019\/12\/cropped-coin-2.png\",\"width\":256,\"height\":256,\"caption\":\"Radioactive Gaming\"},\"image\":{\"@id\":\"https:\/\/radioactivegaming.eu\/#\/schema\/logo\/image\/\"},\"sameAs\":[\"https:\/\/www.youtube.com\/channel\/UCHAH-p_vfp_co-__TB4M14A\"]}]}<\/script>\n<!-- \/ Yoast SEO plugin. -->","yoast_head_json":{"title":"BetterShipyardsAndSails - Radioactive Gaming","robots":{"index":"index","follow":"follow","max-snippet":"max-snippet:-1","max-image-preview":"max-image-preview:large","max-video-preview":"max-video-preview:-1"},"canonical":"https:\/\/radioactivegaming.eu\/en\/atlas\/bettershipyardsandsails\/","og_locale":"en_US","og_type":"article","og_title":"BetterShipyardsAndSails - Radioactive Gaming","og_description":"Schiffswerfen Auf Radioactive stehen nur 2 Shipyards (Small &amp; Large) zur Verf\u00fcgung. Die Schiffsqualit\u00e4t ist von der verwendeten Blaupause des Schiffes abh\u00e4ngig. Diese k\u00f6nnt ihr finden wenn ihr z.B. Fraktionsschiffe lootet. Baut ihr ein Schiff ohne Blaupause, hat dieses immer 100%.Schiffe kosten abh\u00e4ngig von ihrer Qualit\u00e4t Gold Die maximalen Kosten sind auf 200%, wie die&hellip; Read more","og_url":"https:\/\/radioactivegaming.eu\/en\/atlas\/bettershipyardsandsails\/","og_site_name":"Radioactive Gaming","article_modified_time":"2024-05-25T09:32:36+00:00","og_image":[{"url":"https:\/\/radioactivegaming.eu\/wp-content\/uploads\/2024\/05\/maintdock.png","type":"","width":"","height":""}],"twitter_card":"summary_large_image","twitter_misc":{"Est. reading time":"2 minutes"},"schema":{"@context":"https:\/\/schema.org","@graph":[{"@type":"WebPage","@id":"https:\/\/radioactivegaming.eu\/atlas\/bettershipyardsandsails\/","url":"https:\/\/radioactivegaming.eu\/atlas\/bettershipyardsandsails\/","name":"BetterShipyardsAndSails - Radioactive Gaming","isPartOf":{"@id":"https:\/\/radioactivegaming.eu\/#website"},"primaryImageOfPage":{"@id":"https:\/\/radioactivegaming.eu\/atlas\/bettershipyardsandsails\/#primaryimage"},"image":{"@id":"https:\/\/radioactivegaming.eu\/atlas\/bettershipyardsandsails\/#primaryimage"},"thumbnailUrl":"https:\/\/radioactivegaming.eu\/wp-content\/uploads\/2024\/05\/maintdock.png","datePublished":"2021-08-10T08:58:21+00:00","dateModified":"2024-05-25T09:32:36+00:00","breadcrumb":{"@id":"https:\/\/radioactivegaming.eu\/atlas\/bettershipyardsandsails\/#breadcrumb"},"inLanguage":"en-US","potentialAction":[{"@type":"ReadAction","target":["https:\/\/radioactivegaming.eu\/atlas\/bettershipyardsandsails\/"]}]},{"@type":"ImageObject","inLanguage":"en-US","@id":"https:\/\/radioactivegaming.eu\/atlas\/bettershipyardsandsails\/#primaryimage","url":"https:\/\/radioactivegaming.eu\/wp-content\/uploads\/2024\/05\/maintdock.png","contentUrl":"https:\/\/radioactivegaming.eu\/wp-content\/uploads\/2024\/05\/maintdock.png"},{"@type":"BreadcrumbList","@id":"https:\/\/radioactivegaming.eu\/atlas\/bettershipyardsandsails\/#breadcrumb","itemListElement":[{"@type":"ListItem","position":1,"name":"Startseite","item":"https:\/\/radioactivegaming.eu\/"},{"@type":"ListItem","position":2,"name":"Atlas","item":"https:\/\/radioactivegaming.eu\/atlas\/"},{"@type":"ListItem","position":3,"name":"BetterShipyardsAndSails"}]},{"@type":"WebSite","@id":"https:\/\/radioactivegaming.eu\/#website","url":"https:\/\/radioactivegaming.eu\/","name":"Radioactive Gaming","description":"","publisher":{"@id":"https:\/\/radioactivegaming.eu\/#organization"},"potentialAction":[{"@type":"SearchAction","target":{"@type":"EntryPoint","urlTemplate":"https:\/\/radioactivegaming.eu\/?s={search_term_string}"},"query-input":{"@type":"PropertyValueSpecification","valueRequired":true,"valueName":"search_term_string"}}],"inLanguage":"en-US"},{"@type":"Organization","@id":"https:\/\/radioactivegaming.eu\/#organization","name":"Radioactive Gaming","url":"https:\/\/radioactivegaming.eu\/","logo":{"@type":"ImageObject","inLanguage":"en-US","@id":"https:\/\/radioactivegaming.eu\/#\/schema\/logo\/image\/","url":"https:\/\/radioactivegaming.eu\/wp-content\/uploads\/2019\/12\/cropped-coin-2.png","contentUrl":"https:\/\/radioactivegaming.eu\/wp-content\/uploads\/2019\/12\/cropped-coin-2.png","width":256,"height":256,"caption":"Radioactive Gaming"},"image":{"@id":"https:\/\/radioactivegaming.eu\/#\/schema\/logo\/image\/"},"sameAs":["https:\/\/www.youtube.com\/channel\/UCHAH-p_vfp_co-__TB4M14A"]}]}},"jetpack_sharing_enabled":true,"_links":{"self":[{"href":"http:\/\/radioactivegaming.eu\/en\/wp-json\/wp\/v2\/pages\/3449","targetHints":{"allow":["GET"]}}],"collection":[{"href":"http:\/\/radioactivegaming.eu\/en\/wp-json\/wp\/v2\/pages"}],"about":[{"href":"http:\/\/radioactivegaming.eu\/en\/wp-json\/wp\/v2\/types\/page"}],"author":[{"embeddable":true,"href":"http:\/\/radioactivegaming.eu\/en\/wp-json\/wp\/v2\/users\/1"}],"replies":[{"embeddable":true,"href":"http:\/\/radioactivegaming.eu\/en\/wp-json\/wp\/v2\/comments?post=3449"}],"version-history":[{"count":12,"href":"http:\/\/radioactivegaming.eu\/en\/wp-json\/wp\/v2\/pages\/3449\/revisions"}],"predecessor-version":[{"id":5475,"href":"http:\/\/radioactivegaming.eu\/en\/wp-json\/wp\/v2\/pages\/3449\/revisions\/5475"}],"up":[{"embeddable":true,"href":"http:\/\/radioactivegaming.eu\/en\/wp-json\/wp\/v2\/pages\/13"}],"wp:attachment":[{"href":"http:\/\/radioactivegaming.eu\/en\/wp-json\/wp\/v2\/media?parent=3449"}],"curies":[{"name":"wp","href":"https:\/\/api.w.org\/{rel}","templated":true}]}}