{"id":1122,"date":"2020-02-24T17:17:06","date_gmt":"2020-02-24T16:17:06","guid":{"rendered":"http:\/\/radioactivegaming.eu\/?page_id=1122"},"modified":"2024-05-25T00:05:50","modified_gmt":"2024-05-24T22:05:50","slug":"handelshafen","status":"publish","type":"page","link":"https:\/\/radioactivegaming.eu\/de_de\/atlas\/handelshafen\/","title":{"rendered":"handelshafen"},"content":{"rendered":"<div  data-label=\"Allg\" data-id=\"about--1\" data-export-id=\"about-1\" data-category=\"about\" class=\"about-1 content-section content-relative\" id=\"allg\" style=\"background-color: rgb(255, 255, 255);\"><div  class=\"section-separator-top\">\n    <svg  xmlns=\"http:\/\/www.w3.org\/2000\/svg\" height=\"100%\" viewBox=\"0 0 283.5 27.8\" preserveAspectRatio=\"xMidYMax slice\" data-separator-name=\"drops\" class=\"section-separator-top\">\n\t<path  class=\"svg-white-bg\" d=\"M0 0v1.4c.6.7 1.1 1.4 1.4 2 2 3.8 2.2 6.6 1.8 10.8-.3 3.3-2.4 9.4 0 12.3 1.7 2 3.7 1.4 4.6-.9 1.4-3.8-.7-8.2-.6-12 .1-3.7 3.2-5.5 6.9-4.9 4 .6 4.8 4 4.9 7.4.1 1.8-1.1 7 0 8.5.6.8 1.6 1.2 2.4.5 1.4-1.1.1-5.4.1-6.9.1-3.7.3-8.6 4.1-10.5 5-2.5 6.2 1.6 5.4 5.6-.4 1.7-1 9.2 2.9 6.3 1.5-1.1.7-3.5.5-4.9-.4-2.4-.4-4.3 1-6.5.9-1.4 2.4-3.1 4.2-3 2.4.1 2.7 2.2 4 3.7 1.5 1.8 1.8 2.2 3 .1 1.1-1.9 1.2-2.8 3.6-3.3 1.3-.3 4.8-1.4 5.9-.5 1.5 1.1.6 2.8.4 4.3-.2 1.1-.6 4 1.8 3.4 1.7-.4-.3-4.1.6-5.6 1.3-2.2 5.8-1.4 7 .5 1.3 2.1.5 5.8.1 8.1s-1.2 5-.6 7.4c1.3 5.1 4.4.9 4.3-2.4-.1-4.4-2-8.8-.5-13 .9-2.4 4.6-6.6 7.7-4.5 2.7 1.8.5 7.8.2 10.3-.2 1.7-.8 4.6.2 6.2.9 1.4 2 1.5 2.6-.3.5-1.5-.9-4.5-1-6.1-.2-1.7-.4-3.7.2-5.4 1.8-5.6 3.5 2.4 6.3.6 1.4-.9 4.3-9.4 6.1-3.1.6 2.2-1.3 7.8.7 8.9 4.2 2.3 1.5-7.1 2.2-8 3.1-4 4.7 3.8 6.1 4.1 3.1.7 2.8-7.9 8.1-4.5 1.7 1.1 2.9 3.3 3.2 5.2.4 2.2-1 4.5-.6 6.6 1 4.3 4.4 1.5 4.4-1.7 0-2.7-3-8.3 1.4-9.1 4.4-.9 7.3 3.5 7.8 6.9.3 2-1.5 10.9 1.3 11.3 4.1.6-3.2-15.7 4.8-15.8 4.7-.1 2.8 4.1 3.9 6.6 1 2.4 2.1 1 2.3-.8.3-1.9-.9-3.2 1.3-4.3 5.9-2.9 5.9 5.4 5.5 8.5-.3 2-1.7 8.4 2 8.1 6.9-.5-2.8-16.9 4.8-18.7 4.7-1.2 6.1 3.6 6.3 7.1.1 1.7-1.2 8.1.6 9.1 3.5 2 1.9-7 2-8.4.2-4 1.2-9.6 6.4-9.8 4.7-.2 3.2 4.6 2.7 7.5-.4 2.2 1.3 8.6 3.8 4.4 1.1-1.9-.3-4.1-.3-6 0-1.7.4-3.2 1.3-4.6 1-1.6 2.9-3.5 5.1-2.9 2.5.6 2.3 4.1 4.1 4.9 1.9.8 1.6-.9 2.3-2.1 1.2-2.1 2.1-2.1 4.4-2.4 1.4-.2 3.6-1.5 4.9-.5 2.3 1.7-.7 4.4.1 6.5.6 1.5 2.1 1.7 2.8.3.7-1.4-1.1-3.4-.3-4.8 1.4-2.5 6.2-1.2 7.2 1 2.3 4.8-3.3 12-.2 16.3 3 4.1 3.9-2.8 3.8-4.8-.4-4.3-2.1-8.9 0-13.1 1.3-2.5 5.9-5.7 7.9-2.4 2 3.2-1.3 9.8-.8 13.4.5 4.4 3.5 3.3 2.7-.8-.4-1.9-2.4-10 .6-11.1 3.7-1.4 2.8 7.2 6.5.4 2.2-4.1 4.9-3.1 5.2 1.2.1 1.5-.6 3.1-.4 4.6.2 1.9 1.8 3.7 3.3 1.3 1-1.6-2.6-10.4 2.9-7.3 2.6 1.5 1.6 6.5 4.8 2.7 1.3-1.5 1.7-3.6 4-3.7 2.2-.1 4 2.3 4.8 4.1 1.3 2.9-1.5 8.4.9 10.3 4.2 3.3 3-5.5 2.7-6.9-.6-3.9 1-7.2 5.5-5 4.1 2.1 4.3 7.7 4.1 11.6 0 .8-.6 9.5 2.5 5.2 1.2-1.7-.1-7.7.1-9.6.3-2.9 1.2-5.5 4.3-6.2 4.5-1 7.7 1.5 7.4 5.8-.2 3.5-1.8 7.7-.5 11.1 1 2.7 3.6 2.8 5 .2 1.6-3.1 0-8.3-.4-11.6-.4-4.2-.2-7 1.8-10.8 0 0-.1.1-.1.2-.2.4-.3.7-.4.8v.1c-.1.2-.1.2 0 0v-.1l.4-.8c0-.1.1-.1.1-.2.2-.4.5-.8.8-1.2V0H0zM282.7 3.4z\"><\/path>\n<\/svg>\n<\/div><div  class=\"gridContainer\"> <div  class=\"row text-center\"><div  class=\"section-title-col\" data-type=\"column\">  <h2  class=\"\">Nassau<\/h2> <p  class=\"lead\">Mittig in C3 findet ihr die Insel Nassau mit der gleichnamigen Stadt!<\/p><\/div> <\/div> <div  class=\"row\"> <div  class=\"button-holder space-bottom space-bottom-small\" data-type=\"column\"> <\/div> <div  class=\"col-xs bottom-xs flexbox image-group-bottom-3-img space-bottom-xs center-xs\"> <img  decoding=\"async\" class=\"left-img shadow-large-black\" data-size=\"500x300\" src=\"https:\/\/radioactivegaming.eu\/wp-content\/uploads\/2022\/09\/cropped-20220920122222_1.jpg\" alt=\"\" title=\"cropped-20220920122222_1.jpg\"> <img  decoding=\"async\" class=\"center-img shadow-large-black\" data-size=\"500x300\" src=\"https:\/\/radioactivegaming.eu\/wp-content\/uploads\/2022\/12\/cropped-9f394f681e40751b9e96dca5d1239a05d2a3c846.png\" alt=\"\" title=\"cropped-9f394f681e40751b9e96dca5d1239a05d2a3c846.png\"> <img  decoding=\"async\" class=\"right-img shadow-large-black\" data-size=\"500x300\" src=\"https:\/\/radioactivegaming.eu\/wp-content\/uploads\/2022\/09\/cropped-20220920122150_1.jpg\" alt=\"\" title=\"cropped-20220920122150_1.jpg\"><\/div> <\/div><\/div> <\/div><div  data-label=\"Features\" data-id=\"features--1\" data-export-id=\"features-16-card-bordered\" data-category=\"features\" class=\"features-16-card-bordered content-section content-section-spacing content-relative\" id=\"features-1\" style=\"background-color: rgb(255, 255, 255); background-image: none;\"><div  class=\"gridContainer\"> <div  class=\"row text-center\"><div  class=\"section-title-col\" data-type=\"column\"> <h2  class=\"\">Schaut vorbei und staunet!<\/h2> <p  class=\"lead\">Nassau in C3 hat viel zu bieten und ist ein beliebter Treffpunkt f\u00fcr Unternehmungen!<\/p><\/div> <\/div> <div  class=\"row spaced-cols center-sm\" data-type=\"row\"> <div  class=\"col-xs-12 col-sm-6 col-md-4\"> <div  class=\"card no-padding bordered y-move\"> <img  decoding=\"async\" class=\"face\" src=\"https:\/\/radioactivegaming.eu\/wp-content\/uploads\/2022\/09\/cropped-20220920122426_1.jpg\" alt=\"\" title=\"cropped-20220920122426_1.jpg\"> <div  data-type=\"column\" class=\"col-padding-small col-padding-small-xs description-container\"> <h4  class=\"font-500\">Primitiv Haunted Chests<\/h4> <p  class=\"\">Die Primitive Hauntet Chests ist daf\u00fcr Gedacht euch den Einstieg ins Spiel etwas zu vereinfachen.\n<br ><br >\n<br >Ihr bekommt dort eure ersten Goldm\u00fcnzen f\u00fcr NPCs und die ersten Blueprints f\u00fcr verbesserte Gegenst\u00e4nde.\n<br ><br >\n<br >Diese sind ausschlie\u00dflich in C3 zu finden\n<br ><br >Ihr ben\u00f6tigt nicht mehr als Pfeil und Bogen oder eine zu euch passende Nahkampfwaffe !\n<br ><br >Ebenfalls soll euch diese kleine Kiste einen Vorgeschmack auf weitere Modinhalte auf unserem Server bieten !<\/p><\/div> <div  data-type=\"column\" class=\"col-padding-small col-padding-small-xs read-more-container\"><\/div> <\/div><\/div> <div  class=\"col-xs-12 col-sm-6 col-md-4\"><div  class=\"card no-padding bordered y-move\"> <img  decoding=\"async\" class=\"face\" src=\"https:\/\/radioactivegaming.eu\/wp-content\/uploads\/2022\/09\/cropped-20220920122255_1.jpg\" alt=\"\" title=\"cropped-20220920122255_1.jpg\"> <div  data-type=\"column\" class=\"col-padding-small col-padding-small-xs description-container\"> <h4  class=\"font-500\">Tierverkaufsplattformen<\/h4> <p  class=\"\">Diese mietbare Platform dient zum Verkaufen von Tames!<br ><br >Ihr k\u00f6nnt mehrere Tiere auf einer Plattform anbieten!<br ><br >\nJedes verkaufte Tier wird automatisch Kastriert.\n<br ><br >\nDer Preis und die Ressource ist dabei f\u00fcr den Mieter w\u00e4hlbar.\n<br ><br >Optional k\u00f6nnt ihr auch Tiere mit Imprint verkaufen. Voraussetzung: Ihr selber habt das Tier gepr\u00e4gt und es hat 100% Pr\u00e4gung!<\/p><\/div> <div  data-type=\"column\" class=\"col-padding-small col-padding-small-xs read-more-container\"><\/div> <\/div><\/div> <div  class=\"col-xs-12 col-sm-6 col-md-4\"><div  class=\"card no-padding bordered y-move\"> <img  decoding=\"async\" class=\"face\" src=\"https:\/\/radioactivegaming.eu\/wp-content\/uploads\/2022\/09\/cropped-20220920122306_1.jpg\" alt=\"\" title=\"cropped-20220920122306_1.jpg\"> <div  data-type=\"column\" class=\"col-padding-small col-padding-small-xs description-container\"> <h4  class=\"font-500\">Item-Shops<\/h4> <p  class=\"\">In der Handelsstra\u00dfe k\u00f6nnt ihr Shops anmieten an denen ihr wie von den normalen Spielershops gewohnt Items verkaufen k\u00f6nnt!\n<br ><br >\nDie Kosten belaufen sich hier auf 50 Gold alle 12 Stunden, egal wie viel sich in dem Shop befindet.\n<br ><br >Wichtig: Ist euer Shop nicht mehr finnanziert, wird er aus eurer Company entfernt und der gesammte Shopinhalt geht verloren, eine entsprechende Warnung erhaltet ihr vorab im Tribelog!<\/p><\/div> <div  data-type=\"column\" class=\"col-padding-small col-padding-small-xs read-more-container\"><\/div> <\/div><\/div> <div  class=\"col-xs-12 col-sm-6 col-md-4\"> <div  class=\"card no-padding bordered y-move\"> <img  decoding=\"async\" class=\"face\" src=\"https:\/\/radioactivegaming.eu\/wp-content\/uploads\/2022\/09\/cropped-20220920122347_1.jpg\" alt=\"\" title=\"cropped-20220920122347_1.jpg\"> <div  data-type=\"column\" class=\"col-padding-small col-padding-small-xs description-container\"> <h4  class=\"font-500\">Die Taverne<\/h4> <p  class=\"\">Im der Taverne k\u00f6nnt ihr diverse NPCs finden, ebenfalls k\u00f6nnt ihr ein Bett und eine Ressourcenkiste mieten!\n<br ><br >Sie ist der Haupt-Spawnpunkt und der Beginn eures Abenteuers!<\/p><\/div> <div  data-type=\"column\" class=\"col-padding-small col-padding-small-xs read-more-container\"><\/div> <\/div><\/div><div  class=\"col-xs-12 col-sm-6 col-md-4\"> <div  class=\"card no-padding bordered y-move\"> <img  decoding=\"async\" class=\"face\" src=\"https:\/\/radioactivegaming.eu\/wp-content\/uploads\/2022\/09\/cropped-20220920122438_1.jpg\" alt=\"\" title=\"cropped-20220920122438_1.jpg\"> <div  data-type=\"column\" class=\"col-padding-small col-padding-small-xs description-container\"> <h4  class=\"font-500\">Jungbrunnen<\/h4> <p  class=\"\">Hinter der Taverne im Wasserfall, kommt ihr zum Jungbrunnen, es ist kein Deathrun auf den Powerstone Inseln notwendig!<\/p><\/div> <div  data-type=\"column\" class=\"col-padding-small col-padding-small-xs read-more-container\"><\/div> <\/div><\/div><div  class=\"col-xs-12 col-sm-6 col-md-4\"> <div  class=\"card no-padding bordered y-move\"> <img  decoding=\"async\" class=\"face\" src=\"https:\/\/radioactivegaming.eu\/wp-content\/uploads\/2024\/05\/fishing.png\" alt=\"\" title=\"fishing\"> <div  data-type=\"column\" class=\"col-padding-small col-padding-small-xs description-container\"> <h4  class=\"font-500\">Fishing Minigame<\/h4> <p  class=\"\">Unter dem Totenkopfwasserfall hinter der Stadt k\u00f6nnt ihr Angeln !\n<br ><br >\nDoch das ist noch nicht alles ! Sobald ihr gen\u00fcgend Fishing Coins habt, k\u00f6nnt ihr euch ebenfalls ein kleines Fishing Boat erstehen! Damit ist es euch auch m\u00f6glich innerhalb des Sees zu angeln!<\/p><\/div> <div  data-type=\"column\" class=\"col-padding-small col-padding-small-xs read-more-container\"><\/div> <\/div><\/div><div  class=\"col-xs-12 col-sm-6 col-md-4\"> <div  class=\"card no-padding bordered y-move\"> <img  decoding=\"async\" class=\"face\" src=\"https:\/\/radioactivegaming.eu\/wp-content\/uploads\/2024\/05\/arena.png\" alt=\"\" title=\"arena\"> <div  data-type=\"column\" class=\"col-padding-small col-padding-small-xs description-container\"> <h4  class=\"font-500\">Kolosseum<\/h4> <p  class=\"\">Alle 2 Stunden findet im Kolosseum ein Kampf statt!\n<br >\n<br >Um Teilzunehmen m\u00fcsst ihr nur euch in C3 befinden, euer Inventar leeren und \/joinarena in den Chat schreiben.\n<br >Geht ebenfalls sicher, dass ihr nicht auf einem Schiff seid.\n<br ><br >Der Kampf findet statt wenn sich mindestens 6 Leute anmelden. Ihr werdet dabei alle mit den gleichen Stats und Items ausgestattet, sodass es ein fairer Kampf wird!<\/p><\/div> <div  data-type=\"column\" class=\"col-padding-small col-padding-small-xs read-more-container\"><\/div> <\/div><\/div><div  class=\"col-xs-12 col-sm-6 col-md-4\"> <div  class=\"card no-padding bordered y-move\"> <img  decoding=\"async\" class=\"face\" src=\"https:\/\/radioactivegaming.eu\/wp-content\/uploads\/2023\/08\/cropped-20230814174544_1.jpg\" alt=\"\" title=\"cropped-20230814174544_1.jpg\"> <div  data-type=\"column\" class=\"col-padding-small col-padding-small-xs description-container\"> <h4  class=\"font-500\">Werde Bewohner!<\/h4> <p  class=\"\">\nEin Bett in der Taverne reicht dir nicht?\n<br >Dann miete dir eines der zahlreichen H\u00e4user!\n<br >\n<br >H\u00e4user k\u00f6nnt ihr nach Lust und Laune selbstst\u00e4ndig dekorieren und ausstatten.\n<br ><br >Zus\u00e4tzlich habt ihr im Haus einen Int Buff von 30% und k\u00f6nnt euch via Postbox von euren Basen Ressourcen nach C3 liefern lassen (Verz\u00f6gerung ~15 Minuten!)\n<br ><br >H\u00e4user sind nicht g\u00fcnstig im Unterhalt und damit eine absolute Late-Game Anschaffung<\/p><\/div> <div  data-type=\"column\" class=\"col-padding-small col-padding-small-xs read-more-container\"><\/div> <\/div><\/div><\/div><\/div> <div  class=\"section-separator-bottom\">\n    <svg  class=\"section-separator-bottom\" data-separator-name=\"triangle-asymmetrical-negative\" preserveAspectRatio=\"none\" viewBox=\"0 0 1000 100\" xmlns=\"http:\/\/www.w3.org\/2000\/svg\">\n        <path  class=\"svg-white-bg\" d=\"M737.9,94.7L0,0v100h1000V0L737.9,94.7z\"><\/path>\n    <\/svg>\n<\/div><\/div><div  data-label=\"tradingplfaq\" data-id=\"features--2\" data-export-id=\"features-12-card-bordered-colored\" data-category=\"features\" class=\"features-12-card-bordered-colored content-section content-section-spacing  content-relative\" id=\"tradingplfaq\" style=\"background-color: rgb(255, 255, 255);\"><div  class=\"section-separator-top\">\n    <svg  class=\"section-separator-top\" data-separator-name=\"triangle-asymmetrical-negative\" preserveAspectRatio=\"none\" viewBox=\"0 0 1000 100\" xmlns=\"http:\/\/www.w3.org\/2000\/svg\">\n        <path  class=\"svg-white-bg\" d=\"M737.9,94.7L0,0v100h1000V0L737.9,94.7z\"><\/path>\n    <\/svg>\n<\/div><div  class=\"gridContainer\"><div  class=\"row text-center\"><div  class=\"section-title-col\" data-type=\"column\"> <h2  class=\"\">Trading-FAQ<\/h2> <\/div> <\/div> <div  class=\"row spaced-cols\" data-type=\"row\"> <div  class=\"col-xs-12 col-sm-6\"> <div  class=\"card row-card bottom-border-color2\"> <div  class=\"row\"> <div  class=\"col-sm-fit icon-column\"> <i  class=\"fa icon fa-question-circle bordered round color2\"><\/i> <\/div> <div  class=\"col-sm\" data-type=\"column\"> <h5  class=\"color2\">Wie miete ich etwas?<\/h5> <p  class=\"\">Leere Plattformen\/Shops haben die entsprechende Interaktion &#8222;Rent for x Gold&#8220;.\n<br >Ebenfalls ist ein optischer Unterschied erkennbar.<\/p><\/div> <\/div><\/div> <\/div>   <div  class=\"col-xs-12 col-sm-6\"> <div  class=\"card row-card bottom-border-color2\"> <div  class=\"row\"> <div  class=\"col-sm-fit icon-column\"> <i  class=\"fa icon fa-question-circle bordered round color2\"><\/i> <\/div> <div  class=\"col-sm\" data-type=\"column\"> <h5  class=\"color2\">Vorteile gegen\u00fcber normalem Handel?<\/h5> <p  class=\"\">Der K\u00e4ufer kann sich eure Waren in Ruhe anschauen und ggf die Bezahlung sammeln \/ farmen.\n<br >Er kann den Kauf auch t\u00e4tigen ohne das der Verk\u00e4ufer online sein muss.<\/p><\/div> <\/div><\/div> <\/div><div  class=\"col-xs-12 col-sm-6\"> <div  class=\"card row-card bottom-border-color2\"> <div  class=\"row\"> <div  class=\"col-sm-fit icon-column\"> <i  class=\"fa icon fa-exclamation-circle bordered round color2\"><\/i> <\/div> <div  class=\"col-sm\" data-type=\"column\"> <h5  class=\"color2\">Wie wird die Miete von Strukturen bezahlt?<\/h5> <p  class=\"\">Das entsprechende Gold f\u00fcr eure gemieteten Strukturen muss sich in ausreichender Menge in der entsprechenden Struktur befinden.<\/p><\/div> <\/div><\/div> <\/div><\/div> <\/div><\/div>","protected":false},"excerpt":{"rendered":"<p>Nassau Mittig in C3 findet ihr die Insel Nassau mit der gleichnamigen Stadt! Schaut vorbei und staunet! Nassau in C3 hat viel zu bieten und ist ein beliebter Treffpunkt f\u00fcr Unternehmungen! Primitiv Haunted Chests Die Primitive Hauntet Chests ist daf\u00fcr Gedacht euch den Einstieg ins Spiel etwas zu vereinfachen. Ihr bekommt dort eure ersten Goldm\u00fcnzen&hellip; <br \/> <a class=\"read-more\" href=\"https:\/\/radioactivegaming.eu\/de_de\/atlas\/handelshafen\/\">Read more<\/a><\/p>\n","protected":false},"author":1,"featured_media":1139,"parent":13,"menu_order":0,"comment_status":"closed","ping_status":"closed","template":"pro\/page-templates\/full-width-page.php","meta":{"footnotes":""},"class_list":["post-1122","page","type-page","status-publish","has-post-thumbnail","hentry"],"yoast_head":"<!-- This site is optimized with the Yoast SEO plugin v26.3 - https:\/\/yoast.com\/wordpress\/plugins\/seo\/ -->\n<title>handelshafen - Radioactive Gaming<\/title>\n<meta name=\"robots\" content=\"index, follow, max-snippet:-1, max-image-preview:large, max-video-preview:-1\" \/>\n<link rel=\"canonical\" href=\"https:\/\/radioactivegaming.eu\/de_de\/atlas\/handelshafen\/\" \/>\n<meta property=\"og:locale\" content=\"de_DE\" \/>\n<meta property=\"og:type\" content=\"article\" \/>\n<meta property=\"og:title\" content=\"handelshafen - Radioactive Gaming\" \/>\n<meta property=\"og:description\" content=\"Nassau Mittig in C3 findet ihr die Insel Nassau mit der gleichnamigen Stadt! Schaut vorbei und staunet! Nassau in C3 hat viel zu bieten und ist ein beliebter Treffpunkt f\u00fcr Unternehmungen! Primitiv Haunted Chests Die Primitive Hauntet Chests ist daf\u00fcr Gedacht euch den Einstieg ins Spiel etwas zu vereinfachen. Ihr bekommt dort eure ersten Goldm\u00fcnzen&hellip; Read more\" \/>\n<meta property=\"og:url\" content=\"https:\/\/radioactivegaming.eu\/de_de\/atlas\/handelshafen\/\" \/>\n<meta property=\"og:site_name\" content=\"Radioactive Gaming\" \/>\n<meta property=\"article:modified_time\" content=\"2024-05-24T22:05:50+00:00\" \/>\n<meta property=\"og:image\" content=\"https:\/\/radioactivegaming.eu\/wp-content\/uploads\/2020\/02\/20200224160539_1-scaled.jpg\" \/>\n\t<meta property=\"og:image:width\" content=\"2560\" \/>\n\t<meta property=\"og:image:height\" content=\"1440\" \/>\n\t<meta property=\"og:image:type\" content=\"image\/jpeg\" \/>\n<meta name=\"twitter:card\" content=\"summary_large_image\" \/>\n<meta name=\"twitter:label1\" content=\"Gesch\u00e4tzte Lesezeit\" \/>\n\t<meta name=\"twitter:data1\" content=\"7\u00a0Minuten\" \/>\n<script type=\"application\/ld+json\" class=\"yoast-schema-graph\">{\"@context\":\"https:\/\/schema.org\",\"@graph\":[{\"@type\":\"WebPage\",\"@id\":\"https:\/\/radioactivegaming.eu\/atlas\/handelshafen\/\",\"url\":\"https:\/\/radioactivegaming.eu\/atlas\/handelshafen\/\",\"name\":\"handelshafen - Radioactive Gaming\",\"isPartOf\":{\"@id\":\"https:\/\/radioactivegaming.eu\/#website\"},\"primaryImageOfPage\":{\"@id\":\"https:\/\/radioactivegaming.eu\/atlas\/handelshafen\/#primaryimage\"},\"image\":{\"@id\":\"https:\/\/radioactivegaming.eu\/atlas\/handelshafen\/#primaryimage\"},\"thumbnailUrl\":\"https:\/\/radioactivegaming.eu\/wp-content\/uploads\/2020\/02\/20200224160539_1-scaled.jpg\",\"datePublished\":\"2020-02-24T16:17:06+00:00\",\"dateModified\":\"2024-05-24T22:05:50+00:00\",\"breadcrumb\":{\"@id\":\"https:\/\/radioactivegaming.eu\/atlas\/handelshafen\/#breadcrumb\"},\"inLanguage\":\"de\",\"potentialAction\":[{\"@type\":\"ReadAction\",\"target\":[\"https:\/\/radioactivegaming.eu\/atlas\/handelshafen\/\"]}]},{\"@type\":\"ImageObject\",\"inLanguage\":\"de\",\"@id\":\"https:\/\/radioactivegaming.eu\/atlas\/handelshafen\/#primaryimage\",\"url\":\"https:\/\/radioactivegaming.eu\/wp-content\/uploads\/2020\/02\/20200224160539_1-scaled.jpg\",\"contentUrl\":\"https:\/\/radioactivegaming.eu\/wp-content\/uploads\/2020\/02\/20200224160539_1-scaled.jpg\",\"width\":2560,\"height\":1440},{\"@type\":\"BreadcrumbList\",\"@id\":\"https:\/\/radioactivegaming.eu\/atlas\/handelshafen\/#breadcrumb\",\"itemListElement\":[{\"@type\":\"ListItem\",\"position\":1,\"name\":\"Startseite\",\"item\":\"https:\/\/radioactivegaming.eu\/\"},{\"@type\":\"ListItem\",\"position\":2,\"name\":\"Atlas\",\"item\":\"https:\/\/radioactivegaming.eu\/atlas\/\"},{\"@type\":\"ListItem\",\"position\":3,\"name\":\"handelshafen\"}]},{\"@type\":\"WebSite\",\"@id\":\"https:\/\/radioactivegaming.eu\/#website\",\"url\":\"https:\/\/radioactivegaming.eu\/\",\"name\":\"Radioactive Gaming\",\"description\":\"\",\"publisher\":{\"@id\":\"https:\/\/radioactivegaming.eu\/#organization\"},\"potentialAction\":[{\"@type\":\"SearchAction\",\"target\":{\"@type\":\"EntryPoint\",\"urlTemplate\":\"https:\/\/radioactivegaming.eu\/?s={search_term_string}\"},\"query-input\":{\"@type\":\"PropertyValueSpecification\",\"valueRequired\":true,\"valueName\":\"search_term_string\"}}],\"inLanguage\":\"de\"},{\"@type\":\"Organization\",\"@id\":\"https:\/\/radioactivegaming.eu\/#organization\",\"name\":\"Radioactive Gaming\",\"url\":\"https:\/\/radioactivegaming.eu\/\",\"logo\":{\"@type\":\"ImageObject\",\"inLanguage\":\"de\",\"@id\":\"https:\/\/radioactivegaming.eu\/#\/schema\/logo\/image\/\",\"url\":\"https:\/\/radioactivegaming.eu\/wp-content\/uploads\/2019\/12\/cropped-coin-2.png\",\"contentUrl\":\"https:\/\/radioactivegaming.eu\/wp-content\/uploads\/2019\/12\/cropped-coin-2.png\",\"width\":256,\"height\":256,\"caption\":\"Radioactive Gaming\"},\"image\":{\"@id\":\"https:\/\/radioactivegaming.eu\/#\/schema\/logo\/image\/\"},\"sameAs\":[\"https:\/\/www.youtube.com\/channel\/UCHAH-p_vfp_co-__TB4M14A\"]}]}<\/script>\n<!-- \/ Yoast SEO plugin. -->","yoast_head_json":{"title":"handelshafen - Radioactive Gaming","robots":{"index":"index","follow":"follow","max-snippet":"max-snippet:-1","max-image-preview":"max-image-preview:large","max-video-preview":"max-video-preview:-1"},"canonical":"https:\/\/radioactivegaming.eu\/de_de\/atlas\/handelshafen\/","og_locale":"de_DE","og_type":"article","og_title":"handelshafen - Radioactive Gaming","og_description":"Nassau Mittig in C3 findet ihr die Insel Nassau mit der gleichnamigen Stadt! Schaut vorbei und staunet! Nassau in C3 hat viel zu bieten und ist ein beliebter Treffpunkt f\u00fcr Unternehmungen! Primitiv Haunted Chests Die Primitive Hauntet Chests ist daf\u00fcr Gedacht euch den Einstieg ins Spiel etwas zu vereinfachen. Ihr bekommt dort eure ersten Goldm\u00fcnzen&hellip; Read more","og_url":"https:\/\/radioactivegaming.eu\/de_de\/atlas\/handelshafen\/","og_site_name":"Radioactive Gaming","article_modified_time":"2024-05-24T22:05:50+00:00","og_image":[{"width":2560,"height":1440,"url":"https:\/\/radioactivegaming.eu\/wp-content\/uploads\/2020\/02\/20200224160539_1-scaled.jpg","type":"image\/jpeg"}],"twitter_card":"summary_large_image","twitter_misc":{"Gesch\u00e4tzte Lesezeit":"7\u00a0Minuten"},"schema":{"@context":"https:\/\/schema.org","@graph":[{"@type":"WebPage","@id":"https:\/\/radioactivegaming.eu\/atlas\/handelshafen\/","url":"https:\/\/radioactivegaming.eu\/atlas\/handelshafen\/","name":"handelshafen - Radioactive Gaming","isPartOf":{"@id":"https:\/\/radioactivegaming.eu\/#website"},"primaryImageOfPage":{"@id":"https:\/\/radioactivegaming.eu\/atlas\/handelshafen\/#primaryimage"},"image":{"@id":"https:\/\/radioactivegaming.eu\/atlas\/handelshafen\/#primaryimage"},"thumbnailUrl":"https:\/\/radioactivegaming.eu\/wp-content\/uploads\/2020\/02\/20200224160539_1-scaled.jpg","datePublished":"2020-02-24T16:17:06+00:00","dateModified":"2024-05-24T22:05:50+00:00","breadcrumb":{"@id":"https:\/\/radioactivegaming.eu\/atlas\/handelshafen\/#breadcrumb"},"inLanguage":"de","potentialAction":[{"@type":"ReadAction","target":["https:\/\/radioactivegaming.eu\/atlas\/handelshafen\/"]}]},{"@type":"ImageObject","inLanguage":"de","@id":"https:\/\/radioactivegaming.eu\/atlas\/handelshafen\/#primaryimage","url":"https:\/\/radioactivegaming.eu\/wp-content\/uploads\/2020\/02\/20200224160539_1-scaled.jpg","contentUrl":"https:\/\/radioactivegaming.eu\/wp-content\/uploads\/2020\/02\/20200224160539_1-scaled.jpg","width":2560,"height":1440},{"@type":"BreadcrumbList","@id":"https:\/\/radioactivegaming.eu\/atlas\/handelshafen\/#breadcrumb","itemListElement":[{"@type":"ListItem","position":1,"name":"Startseite","item":"https:\/\/radioactivegaming.eu\/"},{"@type":"ListItem","position":2,"name":"Atlas","item":"https:\/\/radioactivegaming.eu\/atlas\/"},{"@type":"ListItem","position":3,"name":"handelshafen"}]},{"@type":"WebSite","@id":"https:\/\/radioactivegaming.eu\/#website","url":"https:\/\/radioactivegaming.eu\/","name":"Radioactive Gaming","description":"","publisher":{"@id":"https:\/\/radioactivegaming.eu\/#organization"},"potentialAction":[{"@type":"SearchAction","target":{"@type":"EntryPoint","urlTemplate":"https:\/\/radioactivegaming.eu\/?s={search_term_string}"},"query-input":{"@type":"PropertyValueSpecification","valueRequired":true,"valueName":"search_term_string"}}],"inLanguage":"de"},{"@type":"Organization","@id":"https:\/\/radioactivegaming.eu\/#organization","name":"Radioactive Gaming","url":"https:\/\/radioactivegaming.eu\/","logo":{"@type":"ImageObject","inLanguage":"de","@id":"https:\/\/radioactivegaming.eu\/#\/schema\/logo\/image\/","url":"https:\/\/radioactivegaming.eu\/wp-content\/uploads\/2019\/12\/cropped-coin-2.png","contentUrl":"https:\/\/radioactivegaming.eu\/wp-content\/uploads\/2019\/12\/cropped-coin-2.png","width":256,"height":256,"caption":"Radioactive Gaming"},"image":{"@id":"https:\/\/radioactivegaming.eu\/#\/schema\/logo\/image\/"},"sameAs":["https:\/\/www.youtube.com\/channel\/UCHAH-p_vfp_co-__TB4M14A"]}]}},"jetpack_sharing_enabled":true,"_links":{"self":[{"href":"https:\/\/radioactivegaming.eu\/de_de\/wp-json\/wp\/v2\/pages\/1122","targetHints":{"allow":["GET"]}}],"collection":[{"href":"https:\/\/radioactivegaming.eu\/de_de\/wp-json\/wp\/v2\/pages"}],"about":[{"href":"https:\/\/radioactivegaming.eu\/de_de\/wp-json\/wp\/v2\/types\/page"}],"author":[{"embeddable":true,"href":"https:\/\/radioactivegaming.eu\/de_de\/wp-json\/wp\/v2\/users\/1"}],"replies":[{"embeddable":true,"href":"https:\/\/radioactivegaming.eu\/de_de\/wp-json\/wp\/v2\/comments?post=1122"}],"version-history":[{"count":22,"href":"https:\/\/radioactivegaming.eu\/de_de\/wp-json\/wp\/v2\/pages\/1122\/revisions"}],"predecessor-version":[{"id":5434,"href":"https:\/\/radioactivegaming.eu\/de_de\/wp-json\/wp\/v2\/pages\/1122\/revisions\/5434"}],"up":[{"embeddable":true,"href":"https:\/\/radioactivegaming.eu\/de_de\/wp-json\/wp\/v2\/pages\/13"}],"wp:featuredmedia":[{"embeddable":true,"href":"https:\/\/radioactivegaming.eu\/de_de\/wp-json\/wp\/v2\/media\/1139"}],"wp:attachment":[{"href":"https:\/\/radioactivegaming.eu\/de_de\/wp-json\/wp\/v2\/media?parent=1122"}],"curies":[{"name":"wp","href":"https:\/\/api.w.org\/{rel}","templated":true}]}}