{"id":2345,"date":"2020-09-22T21:31:14","date_gmt":"2020-09-22T19:31:14","guid":{"rendered":"http:\/\/radioactivegaming.eu\/?page_id=2345"},"modified":"2022-12-25T15:09:47","modified_gmt":"2022-12-25T14:09:47","slug":"omega-bosse","status":"publish","type":"page","link":"https:\/\/radioactivegaming.eu\/de_de\/ark\/omega-bosse\/","title":{"rendered":"Omega Bosse"},"content":{"rendered":"<div  data-label=\"Features\" data-id=\"features--1\" data-export-id=\"features-16-card-bordered\" data-category=\"features\" class=\"features-16-card-bordered content-section content-section-spacing\" id=\"features-1\" style=\"background-color: rgb(255, 255, 255); --darkreader-inline-bgcolor: #181a1b;\" data-darkreader-inline-bgcolor=\"\"><div  class=\"gridContainer\"> <div  class=\"row text-center\"><div  class=\"section-title-col\" data-type=\"column\"> <h2  class=\"\">Omega Bosse<\/h2> <p  class=\"lead\"><span  style=\"font-family: Muli, arial, helvetica, sans-serif; font-weight: 600;\">Omega Bosse sind ein essenzieller Teil der Mutationsforschung da sie nachdem man sie besiegt hat, Anti-Element droppen. Mit diesem kann man verschiedene Ger\u00e4te f\u00fcr die Forschung herstellen, Mutationen bei Tieren mit dem Mutator zu 100% erreichen und die Mutationschance der Hybriden zu bis zu 25% erh\u00f6hen. Die Bosse selbst sind verst\u00e4rkte Vanilla Bosse die man derzeit auf den Maps The Island und Ragnarok bek\u00e4mpfen kann. Dazu geh\u00f6ren auf Island die Brutmutter, der Megapithecus und der Drache. Auf Ragnarok kann man den Omega Manticore bek\u00e4mpfen, oder besser gesagt die beiden Omega Manticore. Diese Bosse droppen alle Anti-Element und manche schalten sogar spezielle Engramme frei, mit denen man weitere Hybriden erschaffen kann. Um es nicht zu einfach zu machen sind manche Tiere die man bei Bossfights h\u00e4ufig sieht, wie Theris und Rexe, gesperrt und werden nicht mit zu den Bossen geportet. Au\u00dferdem verursachen Nicht-Hybriden nur 50% Schaden. Die Belohnung bekommt jeder Spieler automatisch ins Inventar.<\/span><\/p><\/div> <\/div> <div  class=\"row spaced-cols\" data-type=\"row\">  <div  class=\"col-xs-12 col-sm-6 col-md-6 \"><div  class=\"card no-padding bordered y-move\"> <img decoding=\"async\"  class=\"face\" src=\"http:\/\/radioactivegaming.eu\/wp-content\/uploads\/2020\/09\/cropped-OmegaBossTerminal.png\" alt=\"\" title=\"cropped-OmegaBossTerminal.png\"> <div  data-type=\"column\" class=\"col-padding-small col-padding-small-xs description-container\"> <h4  class=\"font-500\">Genetic Research BossTerminal<\/h4> <\/div> <div  data-type=\"column\" class=\"col-padding-small col-padding-small-xs read-more-container\"><p  class=\"lead\"><span  style=\"font-family: Muli, arial, helvetica, sans-serif; font-weight: 600;\">Dieses Terminal, welches in dem High Tech Fabricator hergestellt wird, bef\u00f6rdert eure Tiere und euch in die Boss-Arenen. Wie viele, ist von dem Boss abh\u00e4ngig.<\/span><\/p><\/div> <\/div><\/div>  <div  class=\"col-xs-12 col-sm-6 col-md-6\"><div  class=\"card no-padding bordered y-move\"> <img decoding=\"async\"  class=\"face\" src=\"http:\/\/radioactivegaming.eu\/wp-content\/uploads\/2020\/09\/cropped-Fragezeichen-6.png\" alt=\"\" title=\"cropped-Fragezeichen-6.png\"> <div  data-type=\"column\" class=\"col-padding-small col-padding-small-xs description-container\"> <h4  class=\"font-500\">Anti-Element<\/h4> <\/div> <div  data-type=\"column\" class=\"col-padding-small col-padding-small-xs read-more-container\"><p  class=\"lead\"><span  style=\"font-family: Muli, arial, helvetica, sans-serif; font-weight: 600;\">Anti-Element wird benutzt um die Mutationschance von Hybriden zu erh\u00f6hen. Dies ist ein sehr teurer Prozess und ben\u00f6tigt daher sehr viel dieser kostbaren Ressource. Je mehr Spieler sich also in einem Tribe zusammentun und gemeinsam Omega-Bosse bek\u00e4mpfen und somit das jeweils gesammelte Anti-Element zusammenlegen k\u00f6nnen, desto schneller hat man seinen ersten mutierten Hybriden.<\/span><\/p><\/div> <\/div><\/div><\/div><\/div> <\/div><div  data-label=\"Features\" data-id=\"features--2\" data-export-id=\"features-16-card-bordered\" data-category=\"features\" class=\"features-16-card-bordered content-section content-section-spacing\" id=\"features-2\" style=\"background-color: rgb(255, 255, 255); background-image: none; --darkreader-inline-bgcolor: #181a1b; --darkreader-inline-bgimage: none;\" data-darkreader-inline-bgcolor=\"\" data-darkreader-inline-bgimage=\"\"><div  class=\"gridContainer\"> <div  class=\"row text-center\"><div  class=\"section-title-col\" data-type=\"column\"> <h2  class=\"\">Boss-Scaling<\/h2> <p  class=\"lead\"><span  style=\"font-family: Muli, arial, helvetica, sans-serif;\"><font  face=\"Muli, arial, helvetica, sans-serif\"><span ><span  style=\"font-weight: 600;\">Um das ganze noch spannender zu machen, werden die Bosse mit dem Siegesstr\u00e4hnensystem immer schwieriger je \u00f6fter man diese besiegt. Siegesstr\u00e4hnen z\u00e4hlen f\u00fcr jeden Boss einzeln.&nbsp;<\/span><\/span><\/font><\/span><span  style=\"font-family: Muli, arial, helvetica, sans-serif; font-weight: 600;\">Die Siegesstr\u00e4hne aller Teilnehmer wird gemittelt um die Schwierigkeit des Bosses festzulegen. Der Boss hat entsprechend ein +0, +1, usw\u2026 hinter dem Namen stehen.<\/span><\/p><p  class=\"lead\"><span  style=\"font-weight: 600; font-family: Muli, arial, helvetica, sans-serif;\">-Pro Siegesstr\u00e4hnen-Punkt wird der eingehende Schaden um 1% reduziert, bei nicht-Hybriden addiert sich dies mit der 50% Schadensreduktion. Ergo wenn +1 hinter dem Namen steht machen Nicht-Hybriden nur noch 49% Schaden und Hybriden 99%.<\/span><\/p><p  class=\"lead\"><span  style=\"font-weight: 600; font-family: Muli, arial, helvetica, sans-serif;\">-Alle 2 Siegesstr\u00e4hnen-Punkte erh\u00f6ht sich der erhaltene Loot um 1 Anti-Element. Steht +2 bei der Omega Brutmutter, erh\u00e4hlt so jeder Spieler der nicht gestorben ist nach dem Besiegen des Bosses, 7 Anti-Element.<\/span><\/p><p  class=\"lead\"><span  style=\"font-weight: 600; font-family: Muli, arial, helvetica, sans-serif;\">-Sterbt ihr bei dem Bossfight durch den Boss, so wird eure Siegesstr\u00e4hne auf 0 gesetzt.<\/span><\/p><p  class=\"lead\"><span  style=\"font-weight: 600; font-family: Muli, arial, helvetica, sans-serif;\">-Damit ihr nicht mit euren Siegesstr\u00e4hnen durcheinanderkommt, habt ihr ein zus\u00e4tzliches Implantat in eurem Inventar auf welchem die Anzahl der Wins f\u00fcr jeden einzelnen Omega Boss dargestellt werden.<\/span><\/p><h2  class=\"\">Omega Bosse \u2013 The Island<\/h2><\/div> <\/div> <div  class=\"row spaced-cols\" data-type=\"row\"> <div  class=\"col-xs-12 col-sm-6 col-md-4\"> <div  class=\"card no-padding bordered y-move\"> <img decoding=\"async\"  class=\"face\" src=\"http:\/\/radioactivegaming.eu\/wp-content\/uploads\/2020\/09\/cropped-OmegaSpinne.png\" alt=\"\" title=\"cropped-OmegaSpinne.png\"> <div  data-type=\"column\" class=\"col-padding-small col-padding-small-xs description-container\"> <h4  class=\"font-500\">Omega Brutmutter<\/h4> <\/div> <div  data-type=\"column\" class=\"col-padding-small col-padding-small-xs read-more-container\"><p  class=\"lead\"><span  style=\"font-weight: 600; font-family: Muli, arial, helvetica, sans-serif;\">Ben\u00f6tigtes Level: 110<\/span><br ><span  style=\"font-weight: 600; font-family: Muli, arial, helvetica, sans-serif;\">\r\nBen\u00f6tigten Tribute: 1x Alpha Brutmutter Troph\u00e4e<\/span><br ><span  style=\"font-weight: 600; font-family: Muli, arial, helvetica, sans-serif;\">\r\nLeben: 354.000<\/span><br ><span  style=\"font-weight: 600; font-family: Muli, arial, helvetica, sans-serif;\">\r\nErlaubte \u00dcberlebende &amp; Tiere: 12<\/span><br ><span  style=\"font-weight: 600; font-family: Muli, arial, helvetica, sans-serif;\">\r\nAnti-Element (bei +0): 6<\/span><br ><span  style=\"font-weight: 600; font-family: Muli, arial, helvetica, sans-serif;\">\r\nBesonderheit:\r\n<br >-Heilt sich f\u00fcr jeden get\u00f6teten Minion<\/span>\r\n<br ><span  id=\"_mce_caret\" data-mce-bogus=\"1\" data-mce-type=\"format-caret\"><span  style=\"font-weight: 600; font-family: Muli, arial, helvetica, sans-serif;\">\ufeff-kein Kurashi, Kitsune erlaubt<\/span><\/span><\/p><\/div> <\/div><\/div> <div  class=\"col-xs-12 col-sm-6 col-md-4\"><div  class=\"card no-padding bordered y-move\"> <img decoding=\"async\"  class=\"face\" src=\"http:\/\/radioactivegaming.eu\/wp-content\/uploads\/2020\/09\/cropped-OmegaMega.png\" alt=\"\" title=\"cropped-OmegaMega.png\"> <div  data-type=\"column\" class=\"col-padding-small col-padding-small-xs description-container\"> <h4  class=\"font-500\">Omega Megapithecus<\/h4> <\/div> <div  data-type=\"column\" class=\"col-padding-small col-padding-small-xs read-more-container\"><p  class=\"lead\"><span  style=\"font-weight: 600; font-family: Muli, arial, helvetica, sans-serif;\">Ben\u00f6tigtes Level: 110<\/span><br ><span  style=\"font-weight: 600; font-family: Muli, arial, helvetica, sans-serif;\">\r\nBen\u00f6tigten Tribute: 1x Alpha Megapithecus Troph\u00e4e<\/span><br ><span  style=\"font-weight: 600; font-family: Muli, arial, helvetica, sans-serif;\">\r\nLeben: 396.000<\/span><br ><span  style=\"font-weight: 600; font-family: Muli, arial, helvetica, sans-serif;\">\r\nErlaubte \u00dcberlebende &amp; Tiere: 12<\/span><br ><span  style=\"font-weight: 600; font-family: Muli, arial, helvetica, sans-serif;\">\r\nAnti-Element (bei +0): 8<\/span><br ><span  style=\"font-weight: 600; font-family: Muli, arial, helvetica, sans-serif;\">\r\nBesonderheit:\r\n<br >-Hat eine % Chance eingehenden Waffenschaden auf den Spieler zur\u00fcckzuschleudern<\/span><span  id=\"_mce_caret\" data-mce-bogus=\"1\" data-mce-type=\"format-caret\"><span  style=\"font-weight: 600; font-family: Muli, arial, helvetica, sans-serif;\">\ufeff<\/span><\/span><\/p><\/div> <\/div><\/div> <div  class=\"col-xs-12 col-sm-6 col-md-4\"><div  class=\"card no-padding bordered y-move\"> <img decoding=\"async\"  class=\"face\" src=\"http:\/\/radioactivegaming.eu\/wp-content\/uploads\/2020\/09\/cropped-OmegaDrache.png\" alt=\"\" title=\"cropped-OmegaDrache.png\"> <div  data-type=\"column\" class=\"col-padding-small col-padding-small-xs description-container\"> <h4  class=\"font-500\">Omega Drache<\/h4> <\/div> <div  data-type=\"column\" class=\"col-padding-small col-padding-small-xs read-more-container\"><p  class=\"lead\"><span  style=\"font-weight: 600; font-family: Muli, arial, helvetica, sans-serif;\">Ben\u00f6tigtes Level: 110<\/span><br ><span  style=\"font-weight: 600; font-family: Muli, arial, helvetica, sans-serif;\">\r\nBen\u00f6tigten Tribute: 1x Alpha Drachen Troph\u00e4e<\/span><br ><span  style=\"font-weight: 600; font-family: Muli, arial, helvetica, sans-serif;\">\r\nLeben: 432.000<\/span><br ><span  style=\"font-weight: 600; font-family: Muli, arial, helvetica, sans-serif;\">\r\nErlaubte \u00dcberlebende &amp; Tiere: 12<\/span><br ><span  style=\"font-weight: 600; font-family: Muli, arial, helvetica, sans-serif;\">\r\nAnti-Element (bei +0): 12<\/span><br ><span  style=\"font-weight: 600; font-family: Muli, arial, helvetica, sans-serif;\">\r\nBesonderheit:\r\n<br >-Hat eine Stamina-Drain Aura\r\n<\/span><span  id=\"_mce_caret\" data-mce-bogus=\"1\" data-mce-type=\"format-caret\"><span  style=\"font-weight: 600; font-family: Muli, arial, helvetica, sans-serif;\">\ufeff-Schaltet Fukutsu-DNA frei<\/span><\/span><\/p><\/div> <\/div><\/div> <\/div><\/div> <\/div><div  data-label=\"Features\" data-id=\"features--3\" data-export-id=\"features-16-card-bordered\" data-category=\"features\" class=\"features-16-card-bordered content-section content-section-spacing\" id=\"features-3\" style=\"background-color: rgb(255, 255, 255); --darkreader-inline-bgcolor: #181a1b;\" data-darkreader-inline-bgcolor=\"\"><div  class=\"gridContainer\"> <div  class=\"row text-center\"><div  class=\"section-title-col\" data-type=\"column\"><h2  class=\"\">Omega Bosse \u2013 Ragnarok<\/h2>  <\/div> <\/div> <div  class=\"row spaced-cols center-sm\" data-type=\"row\">   <div  class=\"col-xs-12 col-sm-6 col-md-12 \"><div  class=\"card no-padding bordered y-move\"> <img decoding=\"async\"  class=\"face\" src=\"http:\/\/radioactivegaming.eu\/wp-content\/uploads\/2020\/09\/cropped-DualManti2.png\" alt=\"\" title=\"cropped-DualManti2.png\"> <div  data-type=\"column\" class=\"col-padding-small col-padding-small-xs description-container\"> <h4  class=\"font-500\">Dual Manticore<\/h4> <\/div> <div  data-type=\"column\" class=\"col-padding-small col-padding-small-xs read-more-container\"><p  class=\"lead\" style=\"text-align: left;\"><span  id=\"_mce_caret\" data-mce-bogus=\"1\" data-mce-type=\"format-caret\"><span  style=\"font-weight: 600; font-family: Muli, arial, helvetica, sans-serif;\">\ufeffBen\u00f6tigtes Level: 110<br >Ben\u00f6tigten Tribute:&nbsp;2x Alpha Drachen Troph\u00e4e<br >Leben:&nbsp;je 160.000<br >Erlaubte \u00dcberlebende &amp; Tiere: 15\r\n<br >Anti-Element (bei +0):&nbsp;10<br >Besonderheiten:\r\n<br >-Beide Manticore sind auf Alpha Niveau von SE\r\n<br >-Es handelt sich um ein P\u00e4rchen. Vorsicht vor dem Mating Bonus!\r\n\r\n<br >-Immer auf die Torpor-Anzeige der eigenen Tiere achten<br >-Keine Rexe, Theris, Managarmr, Kitsune, Kurashi und Avesfeles erlaubt<\/span><\/span>\r\n\r\n<br ><span  style=\"font-family: Muli, arial, helvetica, sans-serif; font-weight: 600;\">-Jeder get\u00f6tete Manticore steigert die Schwierigkeit um 1, pro gewonnenem Bossfight wird der Dual Manticore also um 2% schwieriger und gibt pro Manticore 1 Anti-Element mehr\r\n<br >-Schaltet die Stegarion-DNA frei<\/span><\/p><\/div> <\/div><\/div> <\/div><\/div> <\/div>","protected":false},"excerpt":{"rendered":"<p>Omega Bosse Omega Bosse sind ein essenzieller Teil der Mutationsforschung da sie nachdem man sie besiegt hat, Anti-Element droppen. Mit diesem kann man verschiedene Ger\u00e4te f\u00fcr die Forschung herstellen, Mutationen bei Tieren mit dem Mutator zu 100% erreichen und die Mutationschance der Hybriden zu bis zu 25% erh\u00f6hen. Die Bosse selbst sind verst\u00e4rkte Vanilla Bosse&hellip; <br \/> <a class=\"read-more\" href=\"https:\/\/radioactivegaming.eu\/de_de\/ark\/omega-bosse\/\">Read more<\/a><\/p>\n","protected":false},"author":1,"featured_media":0,"parent":12,"menu_order":0,"comment_status":"closed","ping_status":"closed","template":"pro\/page-templates\/full-width-page.php","meta":{"footnotes":""},"class_list":["post-2345","page","type-page","status-publish","hentry"],"yoast_head":"<!-- This site is optimized with the Yoast SEO plugin v26.3 - https:\/\/yoast.com\/wordpress\/plugins\/seo\/ -->\n<title>Omega Bosse - Radioactive Gaming<\/title>\n<meta name=\"robots\" content=\"index, follow, max-snippet:-1, max-image-preview:large, max-video-preview:-1\" \/>\n<link rel=\"canonical\" href=\"https:\/\/radioactivegaming.eu\/de_de\/ark\/omega-bosse\/\" \/>\n<meta property=\"og:locale\" content=\"de_DE\" \/>\n<meta property=\"og:type\" content=\"article\" \/>\n<meta property=\"og:title\" content=\"Omega Bosse - Radioactive Gaming\" \/>\n<meta property=\"og:description\" content=\"Omega Bosse Omega Bosse sind ein essenzieller Teil der Mutationsforschung da sie nachdem man sie besiegt hat, Anti-Element droppen. Mit diesem kann man verschiedene Ger\u00e4te f\u00fcr die Forschung herstellen, Mutationen bei Tieren mit dem Mutator zu 100% erreichen und die Mutationschance der Hybriden zu bis zu 25% erh\u00f6hen. Die Bosse selbst sind verst\u00e4rkte Vanilla Bosse&hellip; Read more\" \/>\n<meta property=\"og:url\" content=\"https:\/\/radioactivegaming.eu\/de_de\/ark\/omega-bosse\/\" \/>\n<meta property=\"og:site_name\" content=\"Radioactive Gaming\" \/>\n<meta property=\"article:modified_time\" content=\"2022-12-25T14:09:47+00:00\" \/>\n<meta property=\"og:image\" content=\"http:\/\/radioactivegaming.eu\/wp-content\/uploads\/2020\/09\/cropped-OmegaBossTerminal.png\" \/>\n<meta name=\"twitter:card\" content=\"summary_large_image\" \/>\n<meta name=\"twitter:label1\" content=\"Gesch\u00e4tzte Lesezeit\" \/>\n\t<meta name=\"twitter:data1\" content=\"5\u00a0Minuten\" \/>\n<script type=\"application\/ld+json\" class=\"yoast-schema-graph\">{\"@context\":\"https:\/\/schema.org\",\"@graph\":[{\"@type\":\"WebPage\",\"@id\":\"https:\/\/radioactivegaming.eu\/ark\/omega-bosse\/\",\"url\":\"https:\/\/radioactivegaming.eu\/ark\/omega-bosse\/\",\"name\":\"Omega Bosse - Radioactive Gaming\",\"isPartOf\":{\"@id\":\"https:\/\/radioactivegaming.eu\/#website\"},\"primaryImageOfPage\":{\"@id\":\"https:\/\/radioactivegaming.eu\/ark\/omega-bosse\/#primaryimage\"},\"image\":{\"@id\":\"https:\/\/radioactivegaming.eu\/ark\/omega-bosse\/#primaryimage\"},\"thumbnailUrl\":\"http:\/\/radioactivegaming.eu\/wp-content\/uploads\/2020\/09\/cropped-OmegaBossTerminal.png\",\"datePublished\":\"2020-09-22T19:31:14+00:00\",\"dateModified\":\"2022-12-25T14:09:47+00:00\",\"breadcrumb\":{\"@id\":\"https:\/\/radioactivegaming.eu\/ark\/omega-bosse\/#breadcrumb\"},\"inLanguage\":\"de\",\"potentialAction\":[{\"@type\":\"ReadAction\",\"target\":[\"https:\/\/radioactivegaming.eu\/ark\/omega-bosse\/\"]}]},{\"@type\":\"ImageObject\",\"inLanguage\":\"de\",\"@id\":\"https:\/\/radioactivegaming.eu\/ark\/omega-bosse\/#primaryimage\",\"url\":\"http:\/\/radioactivegaming.eu\/wp-content\/uploads\/2020\/09\/cropped-OmegaBossTerminal.png\",\"contentUrl\":\"http:\/\/radioactivegaming.eu\/wp-content\/uploads\/2020\/09\/cropped-OmegaBossTerminal.png\"},{\"@type\":\"BreadcrumbList\",\"@id\":\"https:\/\/radioactivegaming.eu\/ark\/omega-bosse\/#breadcrumb\",\"itemListElement\":[{\"@type\":\"ListItem\",\"position\":1,\"name\":\"Startseite\",\"item\":\"https:\/\/radioactivegaming.eu\/\"},{\"@type\":\"ListItem\",\"position\":2,\"name\":\"Ark\",\"item\":\"https:\/\/radioactivegaming.eu\/ark\/\"},{\"@type\":\"ListItem\",\"position\":3,\"name\":\"Omega Bosse\"}]},{\"@type\":\"WebSite\",\"@id\":\"https:\/\/radioactivegaming.eu\/#website\",\"url\":\"https:\/\/radioactivegaming.eu\/\",\"name\":\"Radioactive Gaming\",\"description\":\"\",\"publisher\":{\"@id\":\"https:\/\/radioactivegaming.eu\/#organization\"},\"potentialAction\":[{\"@type\":\"SearchAction\",\"target\":{\"@type\":\"EntryPoint\",\"urlTemplate\":\"https:\/\/radioactivegaming.eu\/?s={search_term_string}\"},\"query-input\":{\"@type\":\"PropertyValueSpecification\",\"valueRequired\":true,\"valueName\":\"search_term_string\"}}],\"inLanguage\":\"de\"},{\"@type\":\"Organization\",\"@id\":\"https:\/\/radioactivegaming.eu\/#organization\",\"name\":\"Radioactive Gaming\",\"url\":\"https:\/\/radioactivegaming.eu\/\",\"logo\":{\"@type\":\"ImageObject\",\"inLanguage\":\"de\",\"@id\":\"https:\/\/radioactivegaming.eu\/#\/schema\/logo\/image\/\",\"url\":\"https:\/\/radioactivegaming.eu\/wp-content\/uploads\/2019\/12\/cropped-coin-2.png\",\"contentUrl\":\"https:\/\/radioactivegaming.eu\/wp-content\/uploads\/2019\/12\/cropped-coin-2.png\",\"width\":256,\"height\":256,\"caption\":\"Radioactive Gaming\"},\"image\":{\"@id\":\"https:\/\/radioactivegaming.eu\/#\/schema\/logo\/image\/\"},\"sameAs\":[\"https:\/\/www.youtube.com\/channel\/UCHAH-p_vfp_co-__TB4M14A\"]}]}<\/script>\n<!-- \/ Yoast SEO plugin. -->","yoast_head_json":{"title":"Omega Bosse - Radioactive Gaming","robots":{"index":"index","follow":"follow","max-snippet":"max-snippet:-1","max-image-preview":"max-image-preview:large","max-video-preview":"max-video-preview:-1"},"canonical":"https:\/\/radioactivegaming.eu\/de_de\/ark\/omega-bosse\/","og_locale":"de_DE","og_type":"article","og_title":"Omega Bosse - Radioactive Gaming","og_description":"Omega Bosse Omega Bosse sind ein essenzieller Teil der Mutationsforschung da sie nachdem man sie besiegt hat, Anti-Element droppen. Mit diesem kann man verschiedene Ger\u00e4te f\u00fcr die Forschung herstellen, Mutationen bei Tieren mit dem Mutator zu 100% erreichen und die Mutationschance der Hybriden zu bis zu 25% erh\u00f6hen. Die Bosse selbst sind verst\u00e4rkte Vanilla Bosse&hellip; Read more","og_url":"https:\/\/radioactivegaming.eu\/de_de\/ark\/omega-bosse\/","og_site_name":"Radioactive Gaming","article_modified_time":"2022-12-25T14:09:47+00:00","og_image":[{"url":"http:\/\/radioactivegaming.eu\/wp-content\/uploads\/2020\/09\/cropped-OmegaBossTerminal.png","type":"","width":"","height":""}],"twitter_card":"summary_large_image","twitter_misc":{"Gesch\u00e4tzte Lesezeit":"5\u00a0Minuten"},"schema":{"@context":"https:\/\/schema.org","@graph":[{"@type":"WebPage","@id":"https:\/\/radioactivegaming.eu\/ark\/omega-bosse\/","url":"https:\/\/radioactivegaming.eu\/ark\/omega-bosse\/","name":"Omega Bosse - Radioactive Gaming","isPartOf":{"@id":"https:\/\/radioactivegaming.eu\/#website"},"primaryImageOfPage":{"@id":"https:\/\/radioactivegaming.eu\/ark\/omega-bosse\/#primaryimage"},"image":{"@id":"https:\/\/radioactivegaming.eu\/ark\/omega-bosse\/#primaryimage"},"thumbnailUrl":"http:\/\/radioactivegaming.eu\/wp-content\/uploads\/2020\/09\/cropped-OmegaBossTerminal.png","datePublished":"2020-09-22T19:31:14+00:00","dateModified":"2022-12-25T14:09:47+00:00","breadcrumb":{"@id":"https:\/\/radioactivegaming.eu\/ark\/omega-bosse\/#breadcrumb"},"inLanguage":"de","potentialAction":[{"@type":"ReadAction","target":["https:\/\/radioactivegaming.eu\/ark\/omega-bosse\/"]}]},{"@type":"ImageObject","inLanguage":"de","@id":"https:\/\/radioactivegaming.eu\/ark\/omega-bosse\/#primaryimage","url":"http:\/\/radioactivegaming.eu\/wp-content\/uploads\/2020\/09\/cropped-OmegaBossTerminal.png","contentUrl":"http:\/\/radioactivegaming.eu\/wp-content\/uploads\/2020\/09\/cropped-OmegaBossTerminal.png"},{"@type":"BreadcrumbList","@id":"https:\/\/radioactivegaming.eu\/ark\/omega-bosse\/#breadcrumb","itemListElement":[{"@type":"ListItem","position":1,"name":"Startseite","item":"https:\/\/radioactivegaming.eu\/"},{"@type":"ListItem","position":2,"name":"Ark","item":"https:\/\/radioactivegaming.eu\/ark\/"},{"@type":"ListItem","position":3,"name":"Omega Bosse"}]},{"@type":"WebSite","@id":"https:\/\/radioactivegaming.eu\/#website","url":"https:\/\/radioactivegaming.eu\/","name":"Radioactive Gaming","description":"","publisher":{"@id":"https:\/\/radioactivegaming.eu\/#organization"},"potentialAction":[{"@type":"SearchAction","target":{"@type":"EntryPoint","urlTemplate":"https:\/\/radioactivegaming.eu\/?s={search_term_string}"},"query-input":{"@type":"PropertyValueSpecification","valueRequired":true,"valueName":"search_term_string"}}],"inLanguage":"de"},{"@type":"Organization","@id":"https:\/\/radioactivegaming.eu\/#organization","name":"Radioactive Gaming","url":"https:\/\/radioactivegaming.eu\/","logo":{"@type":"ImageObject","inLanguage":"de","@id":"https:\/\/radioactivegaming.eu\/#\/schema\/logo\/image\/","url":"https:\/\/radioactivegaming.eu\/wp-content\/uploads\/2019\/12\/cropped-coin-2.png","contentUrl":"https:\/\/radioactivegaming.eu\/wp-content\/uploads\/2019\/12\/cropped-coin-2.png","width":256,"height":256,"caption":"Radioactive Gaming"},"image":{"@id":"https:\/\/radioactivegaming.eu\/#\/schema\/logo\/image\/"},"sameAs":["https:\/\/www.youtube.com\/channel\/UCHAH-p_vfp_co-__TB4M14A"]}]}},"jetpack_sharing_enabled":true,"_links":{"self":[{"href":"https:\/\/radioactivegaming.eu\/de_de\/wp-json\/wp\/v2\/pages\/2345","targetHints":{"allow":["GET"]}}],"collection":[{"href":"https:\/\/radioactivegaming.eu\/de_de\/wp-json\/wp\/v2\/pages"}],"about":[{"href":"https:\/\/radioactivegaming.eu\/de_de\/wp-json\/wp\/v2\/types\/page"}],"author":[{"embeddable":true,"href":"https:\/\/radioactivegaming.eu\/de_de\/wp-json\/wp\/v2\/users\/1"}],"replies":[{"embeddable":true,"href":"https:\/\/radioactivegaming.eu\/de_de\/wp-json\/wp\/v2\/comments?post=2345"}],"version-history":[{"count":15,"href":"https:\/\/radioactivegaming.eu\/de_de\/wp-json\/wp\/v2\/pages\/2345\/revisions"}],"predecessor-version":[{"id":2593,"href":"https:\/\/radioactivegaming.eu\/de_de\/wp-json\/wp\/v2\/pages\/2345\/revisions\/2593"}],"up":[{"embeddable":true,"href":"https:\/\/radioactivegaming.eu\/de_de\/wp-json\/wp\/v2\/pages\/12"}],"wp:attachment":[{"href":"https:\/\/radioactivegaming.eu\/de_de\/wp-json\/wp\/v2\/media?parent=2345"}],"curies":[{"name":"wp","href":"https:\/\/api.w.org\/{rel}","templated":true}]}}