{"id":2889,"date":"2021-03-16T21:09:52","date_gmt":"2021-03-16T20:09:52","guid":{"rendered":"https:\/\/radioactivegaming.eu\/?page_id=2889"},"modified":"2024-05-25T11:26:24","modified_gmt":"2024-05-25T09:26:24","slug":"stable","status":"publish","type":"page","link":"https:\/\/radioactivegaming.eu\/de_de\/atlas\/stable\/","title":{"rendered":"Stable"},"content":{"rendered":"<div  data-label=\"features\" data-id=\"overlappable--1\" data-export-id=\"overlappable-4\" data-category=\"overlappable\" class=\"overlappable-4 content-section content-section-spacing content-relative\" data-overlap=\"true\" id=\"features\" style=\"background-color: rgb(255, 255, 255);\"><div  class=\"section-separator-top\">\n    <svg  class=\"section-separator-top\" data-separator-name=\"triangle-asymmetrical-negative\" preserveAspectRatio=\"none\" viewBox=\"0 0 1000 100\" xmlns=\"http:\/\/www.w3.org\/2000\/svg\">\n        <path  class=\"svg-white-bg\" d=\"M737.9,94.7L0,0v100h1000V0L737.9,94.7z\"><\/path>\n    <\/svg>\n<\/div><div  class=\"gridContainer\"> <div  data-type=\"row\" class=\"row spaced-cols text-center content-center-sm center-sm\"><div  class=\"col-xs-12 col-sm-4 col-padding\"> <i  class=\"fa icon fa-clone large shadow-large-black round aligncenter reverse color1\"><\/i> <div  data-type=\"column\" class=\"\"> <h5  class=\"\">Karten\u00fcbergreifender Zugriff<\/h5> <p  class=\"\">Tiere k\u00f6nnen in jedem Grid in den Stable gegeben bzw. abgeholt werden!<\/p><\/div> <\/div> <div  class=\"col-xs-12 col-sm-4 col-padding\"> <i  class=\"fa icon fa-cogs large shadow-large-black round aligncenter reverse color1\"><\/i> <div  data-type=\"column\" class=\"\"><h5  class=\"\">Stats &amp; Infos<\/h5> <p  class=\"\">Ihr k\u00f6nnt Farben, Stats und verteilte Punkte von Tieren einsehen, die sich im Stable befinden.<\/p><\/div> <\/div> <div  class=\"col-xs-12 col-sm-4 col-padding\"> <i  class=\"fa icon fa-magic large shadow-large-black round aligncenter reverse color1\"><\/i> <div  data-type=\"column\" class=\"\"><h5  class=\"\">Mating Cooldown &amp; XP<\/h5> <p  class=\"\">Der Mating Cooldown hochgeladener Tiere l\u00e4uft genauso ab, als wenn sie sich auf der Karte befinden w\u00fcrden.\n<br >Ebenfalls erhalten die Tiere Erfahrungspunkte!<\/p><\/div> <\/div><div  class=\"col-xs-12 col-sm-4 col-padding\"> <i  class=\"fa icon shadow-large-black aligncenter fa-angle-double-up reverse round large color1\"><\/i> <div  data-type=\"column\" class=\"\"> <h5  class=\"\">Performance<\/h5> <p  class=\"\">Tiere die sich im Stable befinden, verbrauchen keine Performance &amp; ben\u00f6tigen weder Nahrung noch tragen sie zum Z\u00e4hmlimit bei!<\/p><\/div> <\/div><div  class=\"col-xs-12 col-sm-4 col-padding\"> <i  class=\"fa icon shadow-large-black aligncenter fa-cloud reverse round large color1\"><\/i> <div  data-type=\"column\" class=\"\"> <h5  class=\"\">Webzugriff<\/h5> <p  class=\"\">\u00dcber unsere <a data-mce-href=\"https:\/\/atlasui.radioactivegaming.eu\/stable\/personal\" href=\"https:\/\/atlasui.radioactivegaming.eu\/stable\/personal\" target=\"_blank\" rel=\"noopener\" data-mce-selected=\"inline-boundary\" data-cp-link=\"1\" class=\"\">Atlas-UI<\/a> k\u00f6nnt ihr eure Tiere bequem einsehen &amp; verwalten!<\/p><\/div> <\/div><div  class=\"col-xs-12 col-sm-4 col-padding\"> <i  class=\"fa icon shadow-large-black aligncenter fa-angellist reverse round large color1\"><\/i> <div  data-type=\"column\" class=\"\"> <h5  class=\"\">S\u00e4ttel &amp; Buffs<\/h5> <p  class=\"\">Ausger\u00fcstete S\u00e4ttel &amp; permanente Buffs (z.B. Rare Sightings) bleiben im Stable erhalten!<\/p><\/div> <\/div><div  class=\"col-xs-12 col-sm-4 col-padding\"> <i  class=\"fa icon shadow-large-black aligncenter fa-american-sign-language-interpreting reverse round large color1\"><\/i> <div  data-type=\"column\" class=\"\"> <h5  class=\"\">Download Debuff<\/h5> <p  class=\"\">Werden Tiere in einem anderen Grid heruntergeladen, als sie hochgeladen wurden, erhalten sie einen Debuff von 4 Stunden in dem sie vierfachen Schaden nehmen\n<br ><br >Reist das Tier \u00fcber eine Gridgrenze verschwindet der Buff automatisch.<\/p><\/div> <\/div><div  class=\"col-xs-12 col-sm-4 col-padding\"> <i  class=\"fa icon shadow-large-black aligncenter fa-align-left reverse round large color1\"><\/i> <div  data-type=\"column\" class=\"\"> <h5  class=\"\">Limits<\/h5> <p  class=\"\">Im Stable kann jeder Spieler bis zu 1000 Tiere lagern und somit den Server entlasten\n<br ><br >F\u00fcr Companies steht ein Zus\u00e4tzlicher Platz von 150 Tieren zur Verf\u00fcgung.\n<br ><br >Zugriff auf die jeweiligen Tiere, hat nur derjenige, der die Tiere hochgeladen hat.<\/p><\/div> <\/div><div  class=\"col-xs-12 col-sm-4 col-padding\"> <i  class=\"fa icon shadow-large-black aligncenter fa-share-alt reverse round large color1\"><\/i> <div  data-type=\"column\" class=\"\"> <h5  class=\"\">Company Stable<\/h5> <p  class=\"\">Der Stable verf\u00fcgt ebenfalls \u00fcber die F\u00e4higkeit auch Tiere f\u00fcr die gesamte Company einzulagern!\n<br ><br >Der Zugriff ist zur gleichen Zeit immer nur einem Company Mitglied m\u00f6glich<\/p><\/div> <\/div><div  class=\"col-xs-12 col-sm-4 col-padding\"> <i  class=\"fa icon shadow-large-black aligncenter fa-spoon reverse round large color1\"><\/i> <div  data-type=\"column\" class=\"\"> <h5  class=\"\">Primitiver Stable<\/h5> <p  class=\"\">Dieser anf\u00e4ngerfreundliche Stable verf\u00fcgt nicht \u00fcber alle Features des normalen Stables, kann aber schon in den ersten Stunden gebaut werden.<\/p><\/div> <\/div><div  class=\"col-xs-12 col-sm-4 col-padding\"> <i  class=\"fa icon shadow-large-black aligncenter fa-balance-scale reverse round large color1\"><\/i> <div  data-type=\"column\" class=\"\"> <h5  class=\"\">Item Produktion<\/h5> <p  class=\"\">Einige Tiere produzieren passiv im Stable Items welche ihr in regelm\u00e4\u00dfigen zeitr\u00e4umen abholen k\u00f6nnt. (z.B. Schwein -&gt; Kot)\n<br ><br >Eine aktuelle Liste findet ihr jederzeit in unserem <a data-mce-href=\"https:\/\/discord.com\/channels\/652851613140254740\/1056181027208433674\/1056181027208433674\" href=\"https:\/\/discord.com\/channels\/652851613140254740\/1056181027208433674\/1056181027208433674\" target=\"_blank\" rel=\"noopener\" data-mce-selected=\"inline-boundary\" data-cp-link=\"1\" class=\"\">Discord<\/a><\/p><\/div> <\/div><\/div> <\/div><\/div><div  data-label=\"Herstellung\" data-id=\"content--1\" data-export-id=\"content-12\" data-category=\"content\" class=\"content-12 content-section content-section-spacing\" id=\"herstellung-1\" style=\"background-color: rgb(245, 250, 253);\"><div  class=\"gridContainer\"> <div  class=\"row text-center\"><div  class=\"section-title-col\" data-type=\"column\"> <h4  class=\"\">Da der Stable so komplex ist, findet ihr im Discord auch ein FAQ in <a data-mce-href=\"https:\/\/discord.com\/channels\/652851613140254740\/1213576131840581693\/1213576131840581693\" href=\"https:\/\/discord.com\/channels\/652851613140254740\/1213576131840581693\/1213576131840581693\" target=\"_blank\" rel=\"noopener\" data-mce-selected=\"inline-boundary\" data-cp-link=\"1\" class=\"\">Deutsch<\/a> und <a data-mce-href=\"https:\/\/discord.com\/channels\/652851613140254740\/1213586723498360842\/1213586723498360842\" href=\"https:\/\/discord.com\/channels\/652851613140254740\/1213586723498360842\/1213586723498360842\" target=\"_blank\" rel=\"noopener\" data-mce-selected=\"inline-boundary\" data-cp-link=\"1\" class=\"\">Englisch<\/a>!<\/h4><h2  class=\"\">\n<br ><br >Herstellung<\/h2> <p  class=\"lead\">Den Stable k\u00f6nnt ihr in der Alchemischen Werkbank herstellen, ihr ben\u00f6tigt einige seltene Ressourcen!\n<br ><br >Wer noch keinen Stable hat, kann auf einen der Stable im Freeport, bei der Admininsel (C3) oder bei seinem Nachbarn auf das Stable-System zugreifen.<\/p><\/div> <\/div> <div  class=\"row center-xs middle-xs\"> <div  class=\"col-sm-9\" data-type=\"column\"> <\/div> <\/div><\/div> <\/div><div data-label=\"Overlappable\" data-id=\"overlappable--3\" data-export-id=\"overlappable-2\" data-category=\"overlappable\" class=\"overlappable-2 content-section content-section-spacing\" data-overlap=\"true\" id=\"overlappable-2\"  style=\"background-color: rgb(255, 255, 255);\"><div class=\"gridContainer\" > <div class=\"row middle-sm shadow-medium bg-color-white\" ><div class=\"col-xs-12 col-sm-4 top-sm col-padding col-padding-xs\" data-type=\"column\" > <h3 class=\"font-300\" >Filter Optionen<\/h3> <p class=\"\" >Um euch das Leben zu erleichtern ist die Suche im Stable mit einigen Filter-Optionen ausgestattet.\n<br ><br >\n<br ><span style=\"font-weight: 600;\" >Spezielle Zeichen:<\/span><br >\nNutzt ! um ein Argument zu invertieren<br >\nNutzt &gt;,&gt;=,&lt;,&lt;= um die Suche zu verfeinern<\/p> <\/div> <div class=\"col-xs-12 col-sm-8\" ><div data-type=\"row\" class=\"row\" > <div class=\"col-xs-12 col-sm-6 col-padding col-padding-small-xs\" ><i class=\"fa icon fa-male bordered round color1\" ><\/i> <h5 class=\"\" >Geschlecht<\/h5> <p class=\"\" >Gender:Male\/Female<\/p><\/div> <div class=\"col-xs-12 col-sm-6 col-padding col-padding-small-xs\" ><i class=\"fa icon fa-balance-scale bordered round color1\" ><\/i> <h5 class=\"\" >Sattel<\/h5> <p class=\"\" >Saddle:Yes\/No<\/p><\/div> <div class=\"col-xs-12 col-sm-6 col-padding col-padding-small-xs\" ><i class=\"fa icon fa-pagelines bordered round color1\" ><\/i> <h5 class=\"\" >Alter<\/h5> <p class=\"\" >Maturity:Baby\/Juvenile\/Adolescent\/Adult oder eine Zahl z.B 80 (in diesem Falle zeigen wir alles an, was &gt; als 80% Wachstum ist<\/p><\/div> <div class=\"col-xs-12 col-sm-6 col-padding col-padding-small-xs\" > <i class=\"fa icon fa-american-sign-language-interpreting bordered round color1\" ><\/i> <h5 class=\"\" >Mating Cooldown<\/h5> <p class=\"\" >Mating:Ready\/Zeit (ihr k\u00f6nnt die Zeit wie eine normale Uhrzeit schreiben, also z.B. 12:00 f\u00fcr 12 Minuten, 2:00:00 f\u00fcr 2 Stunden usw.<\/p><\/div> <div class=\"col-xs-12 col-sm-6 col-padding col-padding-small-xs\" ><i class=\"fa icon fa-plus-circle bordered round color1\" ><\/i> <h5 class=\"\" >Health<\/h5> <p class=\"\" >Health:\/HealthWild:\/HealthTamed: gefolgt von einer Zahl<\/p><\/div><div class=\"col-xs-12 col-sm-6 col-padding col-padding-small-xs\" ><i class=\"fa icon fa-battery bordered round color1\" ><\/i> <h5 class=\"\" >Stamina<\/h5> <p class=\"\" >Stamina:\/StaminaWild:\/StaminaTamed: gefolgt von einer Zahl<\/p><\/div><div class=\"col-xs-12 col-sm-6 col-padding col-padding-small-xs\" ><i class=\"fa icon fa-braille bordered round color1\" ><\/i> <h5 class=\"\" >Oxygen<\/h5> <p class=\"\" >Oxygen:\/OxygenWild:\/OxygenTamed: gefolgt von einer Zahl<\/p><\/div><div class=\"col-xs-12 col-sm-6 col-padding col-padding-small-xs\" ><i class=\"fa icon fa-shopping-bag bordered round color1\" ><\/i> <h5 class=\"\" >Weight<\/h5> <p class=\"\" >Weight:\/WeightWild:\/WeightTamed: gefolgt von einer Zahl<\/p><\/div><div class=\"col-xs-12 col-sm-6 col-padding col-padding-small-xs\" ><i class=\"fa icon fa-apple bordered round color1\" ><\/i> <h5 class=\"\" >Food<\/h5> <p class=\"\" >Food:\/FoodWild:\/FoodTamed: gefolgt von einer Zahl<\/p><\/div><div class=\"col-xs-12 col-sm-6 col-padding col-padding-small-xs\" ><i class=\"fa icon fa-hand-grab-o bordered round color1\" ><\/i> <h5 class=\"\" >Melee<\/h5> <p class=\"\" >Melee:\/MeleeWild:\/MeleeTamed: gefolgt von einer Zahl<\/p><\/div><\/div><\/div> <\/div><\/div> <\/div>","protected":false},"excerpt":{"rendered":"<p>Karten\u00fcbergreifender Zugriff Tiere k\u00f6nnen in jedem Grid in den Stable gegeben bzw. abgeholt werden! Stats &amp; Infos Ihr k\u00f6nnt Farben, Stats und verteilte Punkte von Tieren einsehen, die sich im Stable befinden. Mating Cooldown &amp; XP Der Mating Cooldown hochgeladener Tiere l\u00e4uft genauso ab, als wenn sie sich auf der Karte befinden w\u00fcrden. Ebenfalls erhalten&hellip; <br \/> <a class=\"read-more\" href=\"https:\/\/radioactivegaming.eu\/de_de\/atlas\/stable\/\">Read more<\/a><\/p>\n","protected":false},"author":1,"featured_media":0,"parent":13,"menu_order":0,"comment_status":"closed","ping_status":"closed","template":"pro\/page-templates\/full-width-page.php","meta":{"footnotes":""},"class_list":["post-2889","page","type-page","status-publish","hentry"],"yoast_head":"<!-- This site is optimized with the Yoast SEO plugin v26.3 - https:\/\/yoast.com\/wordpress\/plugins\/seo\/ -->\n<title>Stable - Radioactive Gaming<\/title>\n<meta name=\"robots\" content=\"index, follow, max-snippet:-1, max-image-preview:large, max-video-preview:-1\" \/>\n<link rel=\"canonical\" href=\"https:\/\/radioactivegaming.eu\/de_de\/atlas\/stable\/\" \/>\n<meta property=\"og:locale\" content=\"de_DE\" \/>\n<meta property=\"og:type\" content=\"article\" \/>\n<meta property=\"og:title\" content=\"Stable - Radioactive Gaming\" \/>\n<meta property=\"og:description\" content=\"Karten\u00fcbergreifender Zugriff Tiere k\u00f6nnen in jedem Grid in den Stable gegeben bzw. abgeholt werden! Stats &amp; Infos Ihr k\u00f6nnt Farben, Stats und verteilte Punkte von Tieren einsehen, die sich im Stable befinden. Mating Cooldown &amp; XP Der Mating Cooldown hochgeladener Tiere l\u00e4uft genauso ab, als wenn sie sich auf der Karte befinden w\u00fcrden. Ebenfalls erhalten&hellip; Read more\" \/>\n<meta property=\"og:url\" content=\"https:\/\/radioactivegaming.eu\/de_de\/atlas\/stable\/\" \/>\n<meta property=\"og:site_name\" content=\"Radioactive Gaming\" \/>\n<meta property=\"article:modified_time\" content=\"2024-05-25T09:26:24+00:00\" \/>\n<meta name=\"twitter:card\" content=\"summary_large_image\" \/>\n<meta name=\"twitter:label1\" content=\"Gesch\u00e4tzte Lesezeit\" \/>\n\t<meta name=\"twitter:data1\" content=\"2\u00a0Minuten\" \/>\n<script type=\"application\/ld+json\" class=\"yoast-schema-graph\">{\"@context\":\"https:\/\/schema.org\",\"@graph\":[{\"@type\":\"WebPage\",\"@id\":\"https:\/\/radioactivegaming.eu\/atlas\/stable\/\",\"url\":\"https:\/\/radioactivegaming.eu\/atlas\/stable\/\",\"name\":\"Stable - Radioactive Gaming\",\"isPartOf\":{\"@id\":\"https:\/\/radioactivegaming.eu\/#website\"},\"datePublished\":\"2021-03-16T20:09:52+00:00\",\"dateModified\":\"2024-05-25T09:26:24+00:00\",\"breadcrumb\":{\"@id\":\"https:\/\/radioactivegaming.eu\/atlas\/stable\/#breadcrumb\"},\"inLanguage\":\"de\",\"potentialAction\":[{\"@type\":\"ReadAction\",\"target\":[\"https:\/\/radioactivegaming.eu\/atlas\/stable\/\"]}]},{\"@type\":\"BreadcrumbList\",\"@id\":\"https:\/\/radioactivegaming.eu\/atlas\/stable\/#breadcrumb\",\"itemListElement\":[{\"@type\":\"ListItem\",\"position\":1,\"name\":\"Startseite\",\"item\":\"https:\/\/radioactivegaming.eu\/\"},{\"@type\":\"ListItem\",\"position\":2,\"name\":\"Atlas\",\"item\":\"https:\/\/radioactivegaming.eu\/atlas\/\"},{\"@type\":\"ListItem\",\"position\":3,\"name\":\"Stable\"}]},{\"@type\":\"WebSite\",\"@id\":\"https:\/\/radioactivegaming.eu\/#website\",\"url\":\"https:\/\/radioactivegaming.eu\/\",\"name\":\"Radioactive Gaming\",\"description\":\"\",\"publisher\":{\"@id\":\"https:\/\/radioactivegaming.eu\/#organization\"},\"potentialAction\":[{\"@type\":\"SearchAction\",\"target\":{\"@type\":\"EntryPoint\",\"urlTemplate\":\"https:\/\/radioactivegaming.eu\/?s={search_term_string}\"},\"query-input\":{\"@type\":\"PropertyValueSpecification\",\"valueRequired\":true,\"valueName\":\"search_term_string\"}}],\"inLanguage\":\"de\"},{\"@type\":\"Organization\",\"@id\":\"https:\/\/radioactivegaming.eu\/#organization\",\"name\":\"Radioactive Gaming\",\"url\":\"https:\/\/radioactivegaming.eu\/\",\"logo\":{\"@type\":\"ImageObject\",\"inLanguage\":\"de\",\"@id\":\"https:\/\/radioactivegaming.eu\/#\/schema\/logo\/image\/\",\"url\":\"https:\/\/radioactivegaming.eu\/wp-content\/uploads\/2019\/12\/cropped-coin-2.png\",\"contentUrl\":\"https:\/\/radioactivegaming.eu\/wp-content\/uploads\/2019\/12\/cropped-coin-2.png\",\"width\":256,\"height\":256,\"caption\":\"Radioactive Gaming\"},\"image\":{\"@id\":\"https:\/\/radioactivegaming.eu\/#\/schema\/logo\/image\/\"},\"sameAs\":[\"https:\/\/www.youtube.com\/channel\/UCHAH-p_vfp_co-__TB4M14A\"]}]}<\/script>\n<!-- \/ Yoast SEO plugin. -->","yoast_head_json":{"title":"Stable - Radioactive Gaming","robots":{"index":"index","follow":"follow","max-snippet":"max-snippet:-1","max-image-preview":"max-image-preview:large","max-video-preview":"max-video-preview:-1"},"canonical":"https:\/\/radioactivegaming.eu\/de_de\/atlas\/stable\/","og_locale":"de_DE","og_type":"article","og_title":"Stable - Radioactive Gaming","og_description":"Karten\u00fcbergreifender Zugriff Tiere k\u00f6nnen in jedem Grid in den Stable gegeben bzw. abgeholt werden! Stats &amp; Infos Ihr k\u00f6nnt Farben, Stats und verteilte Punkte von Tieren einsehen, die sich im Stable befinden. Mating Cooldown &amp; XP Der Mating Cooldown hochgeladener Tiere l\u00e4uft genauso ab, als wenn sie sich auf der Karte befinden w\u00fcrden. Ebenfalls erhalten&hellip; Read more","og_url":"https:\/\/radioactivegaming.eu\/de_de\/atlas\/stable\/","og_site_name":"Radioactive Gaming","article_modified_time":"2024-05-25T09:26:24+00:00","twitter_card":"summary_large_image","twitter_misc":{"Gesch\u00e4tzte Lesezeit":"2\u00a0Minuten"},"schema":{"@context":"https:\/\/schema.org","@graph":[{"@type":"WebPage","@id":"https:\/\/radioactivegaming.eu\/atlas\/stable\/","url":"https:\/\/radioactivegaming.eu\/atlas\/stable\/","name":"Stable - Radioactive Gaming","isPartOf":{"@id":"https:\/\/radioactivegaming.eu\/#website"},"datePublished":"2021-03-16T20:09:52+00:00","dateModified":"2024-05-25T09:26:24+00:00","breadcrumb":{"@id":"https:\/\/radioactivegaming.eu\/atlas\/stable\/#breadcrumb"},"inLanguage":"de","potentialAction":[{"@type":"ReadAction","target":["https:\/\/radioactivegaming.eu\/atlas\/stable\/"]}]},{"@type":"BreadcrumbList","@id":"https:\/\/radioactivegaming.eu\/atlas\/stable\/#breadcrumb","itemListElement":[{"@type":"ListItem","position":1,"name":"Startseite","item":"https:\/\/radioactivegaming.eu\/"},{"@type":"ListItem","position":2,"name":"Atlas","item":"https:\/\/radioactivegaming.eu\/atlas\/"},{"@type":"ListItem","position":3,"name":"Stable"}]},{"@type":"WebSite","@id":"https:\/\/radioactivegaming.eu\/#website","url":"https:\/\/radioactivegaming.eu\/","name":"Radioactive Gaming","description":"","publisher":{"@id":"https:\/\/radioactivegaming.eu\/#organization"},"potentialAction":[{"@type":"SearchAction","target":{"@type":"EntryPoint","urlTemplate":"https:\/\/radioactivegaming.eu\/?s={search_term_string}"},"query-input":{"@type":"PropertyValueSpecification","valueRequired":true,"valueName":"search_term_string"}}],"inLanguage":"de"},{"@type":"Organization","@id":"https:\/\/radioactivegaming.eu\/#organization","name":"Radioactive Gaming","url":"https:\/\/radioactivegaming.eu\/","logo":{"@type":"ImageObject","inLanguage":"de","@id":"https:\/\/radioactivegaming.eu\/#\/schema\/logo\/image\/","url":"https:\/\/radioactivegaming.eu\/wp-content\/uploads\/2019\/12\/cropped-coin-2.png","contentUrl":"https:\/\/radioactivegaming.eu\/wp-content\/uploads\/2019\/12\/cropped-coin-2.png","width":256,"height":256,"caption":"Radioactive Gaming"},"image":{"@id":"https:\/\/radioactivegaming.eu\/#\/schema\/logo\/image\/"},"sameAs":["https:\/\/www.youtube.com\/channel\/UCHAH-p_vfp_co-__TB4M14A"]}]}},"jetpack_sharing_enabled":true,"_links":{"self":[{"href":"https:\/\/radioactivegaming.eu\/de_de\/wp-json\/wp\/v2\/pages\/2889","targetHints":{"allow":["GET"]}}],"collection":[{"href":"https:\/\/radioactivegaming.eu\/de_de\/wp-json\/wp\/v2\/pages"}],"about":[{"href":"https:\/\/radioactivegaming.eu\/de_de\/wp-json\/wp\/v2\/types\/page"}],"author":[{"embeddable":true,"href":"https:\/\/radioactivegaming.eu\/de_de\/wp-json\/wp\/v2\/users\/1"}],"replies":[{"embeddable":true,"href":"https:\/\/radioactivegaming.eu\/de_de\/wp-json\/wp\/v2\/comments?post=2889"}],"version-history":[{"count":7,"href":"https:\/\/radioactivegaming.eu\/de_de\/wp-json\/wp\/v2\/pages\/2889\/revisions"}],"predecessor-version":[{"id":5470,"href":"https:\/\/radioactivegaming.eu\/de_de\/wp-json\/wp\/v2\/pages\/2889\/revisions\/5470"}],"up":[{"embeddable":true,"href":"https:\/\/radioactivegaming.eu\/de_de\/wp-json\/wp\/v2\/pages\/13"}],"wp:attachment":[{"href":"https:\/\/radioactivegaming.eu\/de_de\/wp-json\/wp\/v2\/media?parent=2889"}],"curies":[{"name":"wp","href":"https:\/\/api.w.org\/{rel}","templated":true}]}}