{"id":3098,"date":"2021-03-17T13:21:41","date_gmt":"2021-03-17T12:21:41","guid":{"rendered":"https:\/\/radioactivegaming.eu\/?page_id=3098"},"modified":"2024-05-24T22:27:45","modified_gmt":"2024-05-24T20:27:45","slug":"haunted-chests","status":"publish","type":"page","link":"https:\/\/radioactivegaming.eu\/de_de\/atlas\/haunted-chests\/","title":{"rendered":"Haunted Chests"},"content":{"rendered":"<div  data-label=\"Overlappable\" data-id=\"overlappable--1\" data-export-id=\"overlappable-3\" data-category=\"overlappable\" class=\"overlappable-3 content-section content-section-spacing content-relative\" data-overlap=\"true\" id=\"overlappable-1\" style=\"background-color: rgb(255, 255, 255);\"><div  class=\"section-separator-top\">\n    <svg  class=\"section-separator-top\" data-separator-name=\"triangle-asymmetrical-negative\" preserveAspectRatio=\"none\" viewBox=\"0 0 1000 100\" xmlns=\"http:\/\/www.w3.org\/2000\/svg\">\n        <path  class=\"svg-white-bg\" d=\"M737.9,94.7L0,0v100h1000V0L737.9,94.7z\"><\/path>\n    <\/svg>\n<\/div><div  class=\"gridContainer\"> <div  class=\"row bg-color-white shadow-medium\"><div  class=\"col-xs-12 col-sm-6 image-col first-image-col\" data-bg=\"image\" style=\"background-image: url(&quot;https:\/\/radioactivegaming.eu\/wp-content\/uploads\/2021\/03\/cropped-20210317144213_1-scaled-1.jpg&quot;);\"><\/div> <div  class=\"col-xs-12 col-sm-6 content-col col-padding col-padding-xs\"> <div  class=\"col-padding\" data-type=\"column\"> <h4  class=\"\">Haunted Chests<\/h4> <p  class=\"\">Diese Kisten k\u00f6nnt ihr auf allen Inseln finden.<br >Sie werden in verschiedene Schwierigkeitsstufen aufgeteilt.\n<br >Abh\u00e4ngig von der Schwierigkeitsstufe m\u00fcsst ihr die Kiste nach Aktivierung gegen unterschiedlich viele Wellen von Skeletten (Haunted) verteidigen.\n<br ><br >\nDas Level und die Menge der Gegner ist ebenfalls von der Schwierigkeitsstufe abh\u00e4ngig.<br >\n<br >Beachtet jedoch, dass Tiere (Tames) und Gesch\u00fctze an den Haunted keinen Schaden verursachen!\n<br ><br >Die Haunted, k\u00f6nnt ihr mit Nah- und Fernkampfwaffen, Magie und Granaten besiegen.\n<br ><br >Nach Abschluss k\u00f6nnt ihr die Kiste \u00f6ffnen und erhaltet Blaupausen f\u00fcr Items sowie Mythos, Gold &amp; Rememberance.\n<br ><br >An der Truhe k\u00f6nnt ihr jederzeit die aktuellen Informationen (Welle von Max Welle) sowie die Anzahl der verbleibenden Gegner sehen.<br >\nHaunted Chest k\u00f6nnen durch Spieler und Tames Schaden nehmen.<\/p> <\/div> <\/div><\/div> <div  class=\"row bg-color-white shadow-medium\"><div  class=\"col-xs-12 col-sm-6 content-col col-padding col-padding-xs\"> <div  class=\"col-padding\" data-type=\"column\"><h4  class=\"\">Haunted Ocean Chests<\/h4> <p  class=\"\">Diese Kisten k\u00f6nnt ihr auf See in allen Grids vorfinden.\n<br ><br >\nSie werden in verschiedene Schwierigkeitsstufen aufgeteilt.\n<br ><br >\nAbh\u00e4ngig von der Schwierigkeitsstufe m\u00fcsst ihr die Kiste nach Aktivierung gegen unterschiedlich viele Wellen von Schiffen der Haunted verteidigen.\n<br ><br >\nDas Level und Menge der Gegner ist ebenfalls von der Schwierigkeitsstufe abh\u00e4ngig.\n<br ><br >\nDie Haunted sind \u00c4hnlich wie die Schiffe der SOTDs und haben nur einen Lebensbalken (keine Planken).\n<br ><br >Nach Abschluss k\u00f6nnt ihr die Kiste \u00f6ffnen und erhaltet Blaupausen von Items sowie Mythos, Gold &amp; Rememberance.\n<br ><br >An der Truhe k\u00f6nnt ihr jederzeit die aktuellen Informationen (Welle von Max Welle) sowie die Anzahl der verbleibenden Gegner sehen.<br >\nHaunted Chest k\u00f6nnen durch Spieler und Tames Schaden nehmen.<\/p> <\/div> <\/div> <div  class=\"col-xs-12 col-sm-6 image-col second-image-col first-xs last-sm\" data-bg=\"image\" style=\"background-image: url(&quot;https:\/\/radioactivegaming.eu\/wp-content\/uploads\/2021\/03\/cropped-20210317143537_1-scaled-1.jpg&quot;);\"><\/div> <\/div><\/div> <\/div><div  data-label=\"SunkenHaunted\" data-id=\"about--3\" data-export-id=\"about-10\" data-category=\"about\" class=\"about-10 content-section content-section-spacing\" id=\"sunkenhaunted\" style=\"background-color: rgb(255, 255, 255);\"><div  class=\"gridContainer\"> <div  class=\"row middle-sm text-center\"><div  class=\"col-sm-5 space-bottom-xs content-column\" data-type=\"column\">  <h2  class=\"\">Sunken Haunted Chests<\/h2> <p  class=\"\">Diese Late Game Kiste ben\u00f6tigt: gute Uboote, Waffen &amp; Tames sowie einen guten Atem!\n<br ><br >Taucht ab in einen der Trenches und besiegt bei dieser Kiste \u00e4hnlich wie bei den anderen Haunted Chests, Wellen von Gegnern!\n<br ><br >Auch diese Kisten findet ihr in den gewohnten Schwierigkeitsstufen\n<br ><br >Nach Abschluss k\u00f6nnt ihr die Kiste \u00f6ffnen und erhaltet Blaupausen von Items sowie Mythos, Gold &amp; Rememberance.<br >\nAn der Truhe k\u00f6nnt ihr jederzeit die aktuellen Informationen (Welle von Max Welle) sowie die Anzahl der verbleibenden Gegner sehen.<br >\nHaunted Ocean Chest k\u00f6nnen durch Spieler und Tames Schaden nehmen.<br >\n<br >Nur hier k\u00f6nnt ihr Blaupausen f\u00fcr besondere Items wie z.B. die Tauchr\u00fcstung finden.\n<br ><br >Diese Haunted Chest droppt ebenfalls ein Item (IcyPearl) welches zum Beschw\u00f6ren des Leviathans und des Kraken im Challenge Mode notwendig ist!<\/p> <\/div> <div  class=\"col-sm-7 flexbox middle-xs center-xs space-bottom-xs\"><div  class=\"overlay-box middle-xs center-xs flexbox\"> <div  class=\"overlay-box-offset offset-border shadow-medium border-color1 hide-xs\"><\/div> <img decoding=\"async\"  class=\"shadow-large\" data-size=\"485x705\" src=\"https:\/\/radioactivegaming.eu\/wp-content\/uploads\/2024\/05\/cropped-hauntedchestsunk.png\" title=\"cropped-hauntedchestsunk.png\" alt=\"\"><\/div> <\/div><\/div> <\/div><\/div><div  data-label=\"About\" data-id=\"about--2\" data-export-id=\"about-9\" data-category=\"about\" class=\"about-9 content-section content-section-spacing\" id=\"about-2\" style=\"background-color: rgb(255, 255, 255);\"><div  class=\"gridContainer\"> <div  class=\"row middle-sm text-center\"><div  class=\"col-sm-5 space-bottom-xs content-column content-left-sm\" data-type=\"column\">  <h2  class=\"\">Rememberance<\/h2> <p  class=\"\">Dieses seltsame Item erhaltet ihr wenn ihr Haunted Chests abschlie\u00dft. Durch Konsumieren (E) wird die aktuelle Skillung (Engramme) gespeichert. Die Rememberance f\u00e4rbt sich blau.\n<br ><br >Durch ein Erneutes Konsumieren (E) wird die Rememberance verbraucht und das Level eures Charakters resettet (wie Respec) jedoch wird die Gespeicherte Skillung sofort &amp; automatisch verteilt bzw. angewandt<\/p> <\/div> <div  class=\"col-sm-7 flexbox flexbox middle-xs center-xs space-bottom-xs\"><div  class=\"overlay-box flexbox middle-xs center-xs overlay-holder \"> <div  class=\"overlay-box-offset offset-background shadow-medium bg-color2 hide-xs\"><\/div> <img  decoding=\"async\" class=\"flexbox shadow-large img1\" src=\"https:\/\/radioactivegaming.eu\/wp-content\/uploads\/2021\/03\/cropped-Tex_reagent_06.png\" data-size=\"600x400\" title=\"cropped-Tex_reagent_06.png\" alt=\"\"><\/div> <\/div><\/div> <\/div><\/div><div  data-label=\"About\" data-id=\"about--1\" data-export-id=\"about-10\" data-category=\"about\" class=\"about-10 content-section content-section-spacing\" id=\"about-1\" style=\"background-color: rgb(245, 250, 253);\"><div  class=\"gridContainer\"> <div  class=\"row middle-sm text-center\"><div  class=\"col-sm-5 space-bottom-xs content-column\" data-type=\"column\">  <h2  class=\"\">Living Mythos<\/h2> <p  class=\"\">Living Mythos k\u00f6nnt ihr auf allen Powerstone Inseln vorfinden.\n<br ><br >Dieses baumartige Gew\u00e4chs macht nach Aktivierung der Reifung Tiere in seiner N\u00e4he aggressiv!\n<br ><br >Sie werden in verschiedene Schwierigkeitsstufen aufgeteilt.\n<br ><br >\nAbh\u00e4ngig von der Schwierigkeitsstufe m\u00fcsst ihr die Living Mythos w\u00e4hrend der Reifung gegen unterschiedlich viele Wellen von Tieren verteidigen.<br >\nDas Level und Menge der Gegner ist ebenfalls von der Schwierigkeitsstufe abh\u00e4ngig.\n<br ><br >Nach erfolgreichem Abschluss kann die Living Mythos abgebaut werden. Dies kann mit Spitzhacke oder Axt erfolgen.\n<br >\n<br >Neben Mythos k\u00f6nnen hier entsprechende Mengen Darkwood &amp; Leaves (7. Thatch Sorte) erhalten werden.\n<br >Die Menge ist von der Schwierigkeitsstufe und dem verwendeten Tool abh\u00e4ngig.\n<br ><br >An der Living Mythos k\u00f6nnt ihr jederzeit die aktuellen Informationen (Welle von Max Welle) sowie die Anzahl der verbleibenden Gegner sehen.<br >Living Mythos&nbsp;k\u00f6nnen durch Spieler und Tames Schaden nehmen.<\/p> <\/div> <div  class=\"col-sm-7 flexbox middle-xs center-xs space-bottom-xs\"><div  class=\"overlay-box middle-xs center-xs flexbox\"> <div  class=\"overlay-box-offset offset-border shadow-medium border-color1 hide-xs\"><\/div> <img  decoding=\"async\" class=\"shadow-large\" data-size=\"485x705\" src=\"https:\/\/radioactivegaming.eu\/wp-content\/uploads\/2021\/03\/cropped-Mythos.png\" title=\"cropped-Mythos.png\" alt=\"\"><\/div> <\/div><\/div> <\/div><\/div>","protected":false},"excerpt":{"rendered":"<p>Haunted Chests Diese Kisten k\u00f6nnt ihr auf allen Inseln finden.Sie werden in verschiedene Schwierigkeitsstufen aufgeteilt. Abh\u00e4ngig von der Schwierigkeitsstufe m\u00fcsst ihr die Kiste nach Aktivierung gegen unterschiedlich viele Wellen von Skeletten (Haunted) verteidigen. Das Level und die Menge der Gegner ist ebenfalls von der Schwierigkeitsstufe abh\u00e4ngig. Beachtet jedoch, dass Tiere (Tames) und Gesch\u00fctze an den&hellip; <br \/> <a class=\"read-more\" href=\"https:\/\/radioactivegaming.eu\/de_de\/atlas\/haunted-chests\/\">Read more<\/a><\/p>\n","protected":false},"author":1,"featured_media":0,"parent":13,"menu_order":0,"comment_status":"closed","ping_status":"closed","template":"pro\/page-templates\/full-width-page.php","meta":{"footnotes":""},"class_list":["post-3098","page","type-page","status-publish","hentry"],"yoast_head":"<!-- This site is optimized with the Yoast SEO plugin v26.3 - https:\/\/yoast.com\/wordpress\/plugins\/seo\/ -->\n<title>Haunted Chests - Radioactive Gaming<\/title>\n<meta name=\"robots\" content=\"index, follow, max-snippet:-1, max-image-preview:large, max-video-preview:-1\" \/>\n<link rel=\"canonical\" href=\"https:\/\/radioactivegaming.eu\/de_de\/atlas\/haunted-chests\/\" \/>\n<meta property=\"og:locale\" content=\"de_DE\" \/>\n<meta property=\"og:type\" content=\"article\" \/>\n<meta property=\"og:title\" content=\"Haunted Chests - Radioactive Gaming\" \/>\n<meta property=\"og:description\" content=\"Haunted Chests Diese Kisten k\u00f6nnt ihr auf allen Inseln finden.Sie werden in verschiedene Schwierigkeitsstufen aufgeteilt. Abh\u00e4ngig von der Schwierigkeitsstufe m\u00fcsst ihr die Kiste nach Aktivierung gegen unterschiedlich viele Wellen von Skeletten (Haunted) verteidigen. Das Level und die Menge der Gegner ist ebenfalls von der Schwierigkeitsstufe abh\u00e4ngig. Beachtet jedoch, dass Tiere (Tames) und Gesch\u00fctze an den&hellip; Read more\" \/>\n<meta property=\"og:url\" content=\"https:\/\/radioactivegaming.eu\/de_de\/atlas\/haunted-chests\/\" \/>\n<meta property=\"og:site_name\" content=\"Radioactive Gaming\" \/>\n<meta property=\"article:modified_time\" content=\"2024-05-24T20:27:45+00:00\" \/>\n<meta property=\"og:image\" content=\"https:\/\/radioactivegaming.eu\/wp-content\/uploads\/2024\/05\/cropped-hauntedchestsunk.png\" \/>\n<meta name=\"twitter:card\" content=\"summary_large_image\" \/>\n<meta name=\"twitter:label1\" content=\"Gesch\u00e4tzte Lesezeit\" \/>\n\t<meta name=\"twitter:data1\" content=\"3\u00a0Minuten\" \/>\n<script type=\"application\/ld+json\" class=\"yoast-schema-graph\">{\"@context\":\"https:\/\/schema.org\",\"@graph\":[{\"@type\":\"WebPage\",\"@id\":\"https:\/\/radioactivegaming.eu\/atlas\/haunted-chests\/\",\"url\":\"https:\/\/radioactivegaming.eu\/atlas\/haunted-chests\/\",\"name\":\"Haunted Chests - Radioactive Gaming\",\"isPartOf\":{\"@id\":\"https:\/\/radioactivegaming.eu\/#website\"},\"primaryImageOfPage\":{\"@id\":\"https:\/\/radioactivegaming.eu\/atlas\/haunted-chests\/#primaryimage\"},\"image\":{\"@id\":\"https:\/\/radioactivegaming.eu\/atlas\/haunted-chests\/#primaryimage\"},\"thumbnailUrl\":\"https:\/\/radioactivegaming.eu\/wp-content\/uploads\/2024\/05\/cropped-hauntedchestsunk.png\",\"datePublished\":\"2021-03-17T12:21:41+00:00\",\"dateModified\":\"2024-05-24T20:27:45+00:00\",\"breadcrumb\":{\"@id\":\"https:\/\/radioactivegaming.eu\/atlas\/haunted-chests\/#breadcrumb\"},\"inLanguage\":\"de\",\"potentialAction\":[{\"@type\":\"ReadAction\",\"target\":[\"https:\/\/radioactivegaming.eu\/atlas\/haunted-chests\/\"]}]},{\"@type\":\"ImageObject\",\"inLanguage\":\"de\",\"@id\":\"https:\/\/radioactivegaming.eu\/atlas\/haunted-chests\/#primaryimage\",\"url\":\"https:\/\/radioactivegaming.eu\/wp-content\/uploads\/2024\/05\/cropped-hauntedchestsunk.png\",\"contentUrl\":\"https:\/\/radioactivegaming.eu\/wp-content\/uploads\/2024\/05\/cropped-hauntedchestsunk.png\"},{\"@type\":\"BreadcrumbList\",\"@id\":\"https:\/\/radioactivegaming.eu\/atlas\/haunted-chests\/#breadcrumb\",\"itemListElement\":[{\"@type\":\"ListItem\",\"position\":1,\"name\":\"Startseite\",\"item\":\"https:\/\/radioactivegaming.eu\/\"},{\"@type\":\"ListItem\",\"position\":2,\"name\":\"Atlas\",\"item\":\"https:\/\/radioactivegaming.eu\/atlas\/\"},{\"@type\":\"ListItem\",\"position\":3,\"name\":\"Haunted Chests\"}]},{\"@type\":\"WebSite\",\"@id\":\"https:\/\/radioactivegaming.eu\/#website\",\"url\":\"https:\/\/radioactivegaming.eu\/\",\"name\":\"Radioactive Gaming\",\"description\":\"\",\"publisher\":{\"@id\":\"https:\/\/radioactivegaming.eu\/#organization\"},\"potentialAction\":[{\"@type\":\"SearchAction\",\"target\":{\"@type\":\"EntryPoint\",\"urlTemplate\":\"https:\/\/radioactivegaming.eu\/?s={search_term_string}\"},\"query-input\":{\"@type\":\"PropertyValueSpecification\",\"valueRequired\":true,\"valueName\":\"search_term_string\"}}],\"inLanguage\":\"de\"},{\"@type\":\"Organization\",\"@id\":\"https:\/\/radioactivegaming.eu\/#organization\",\"name\":\"Radioactive Gaming\",\"url\":\"https:\/\/radioactivegaming.eu\/\",\"logo\":{\"@type\":\"ImageObject\",\"inLanguage\":\"de\",\"@id\":\"https:\/\/radioactivegaming.eu\/#\/schema\/logo\/image\/\",\"url\":\"https:\/\/radioactivegaming.eu\/wp-content\/uploads\/2019\/12\/cropped-coin-2.png\",\"contentUrl\":\"https:\/\/radioactivegaming.eu\/wp-content\/uploads\/2019\/12\/cropped-coin-2.png\",\"width\":256,\"height\":256,\"caption\":\"Radioactive Gaming\"},\"image\":{\"@id\":\"https:\/\/radioactivegaming.eu\/#\/schema\/logo\/image\/\"},\"sameAs\":[\"https:\/\/www.youtube.com\/channel\/UCHAH-p_vfp_co-__TB4M14A\"]}]}<\/script>\n<!-- \/ Yoast SEO plugin. -->","yoast_head_json":{"title":"Haunted Chests - Radioactive Gaming","robots":{"index":"index","follow":"follow","max-snippet":"max-snippet:-1","max-image-preview":"max-image-preview:large","max-video-preview":"max-video-preview:-1"},"canonical":"https:\/\/radioactivegaming.eu\/de_de\/atlas\/haunted-chests\/","og_locale":"de_DE","og_type":"article","og_title":"Haunted Chests - Radioactive Gaming","og_description":"Haunted Chests Diese Kisten k\u00f6nnt ihr auf allen Inseln finden.Sie werden in verschiedene Schwierigkeitsstufen aufgeteilt. Abh\u00e4ngig von der Schwierigkeitsstufe m\u00fcsst ihr die Kiste nach Aktivierung gegen unterschiedlich viele Wellen von Skeletten (Haunted) verteidigen. Das Level und die Menge der Gegner ist ebenfalls von der Schwierigkeitsstufe abh\u00e4ngig. Beachtet jedoch, dass Tiere (Tames) und Gesch\u00fctze an den&hellip; Read more","og_url":"https:\/\/radioactivegaming.eu\/de_de\/atlas\/haunted-chests\/","og_site_name":"Radioactive Gaming","article_modified_time":"2024-05-24T20:27:45+00:00","og_image":[{"url":"https:\/\/radioactivegaming.eu\/wp-content\/uploads\/2024\/05\/cropped-hauntedchestsunk.png","type":"","width":"","height":""}],"twitter_card":"summary_large_image","twitter_misc":{"Gesch\u00e4tzte Lesezeit":"3\u00a0Minuten"},"schema":{"@context":"https:\/\/schema.org","@graph":[{"@type":"WebPage","@id":"https:\/\/radioactivegaming.eu\/atlas\/haunted-chests\/","url":"https:\/\/radioactivegaming.eu\/atlas\/haunted-chests\/","name":"Haunted Chests - Radioactive Gaming","isPartOf":{"@id":"https:\/\/radioactivegaming.eu\/#website"},"primaryImageOfPage":{"@id":"https:\/\/radioactivegaming.eu\/atlas\/haunted-chests\/#primaryimage"},"image":{"@id":"https:\/\/radioactivegaming.eu\/atlas\/haunted-chests\/#primaryimage"},"thumbnailUrl":"https:\/\/radioactivegaming.eu\/wp-content\/uploads\/2024\/05\/cropped-hauntedchestsunk.png","datePublished":"2021-03-17T12:21:41+00:00","dateModified":"2024-05-24T20:27:45+00:00","breadcrumb":{"@id":"https:\/\/radioactivegaming.eu\/atlas\/haunted-chests\/#breadcrumb"},"inLanguage":"de","potentialAction":[{"@type":"ReadAction","target":["https:\/\/radioactivegaming.eu\/atlas\/haunted-chests\/"]}]},{"@type":"ImageObject","inLanguage":"de","@id":"https:\/\/radioactivegaming.eu\/atlas\/haunted-chests\/#primaryimage","url":"https:\/\/radioactivegaming.eu\/wp-content\/uploads\/2024\/05\/cropped-hauntedchestsunk.png","contentUrl":"https:\/\/radioactivegaming.eu\/wp-content\/uploads\/2024\/05\/cropped-hauntedchestsunk.png"},{"@type":"BreadcrumbList","@id":"https:\/\/radioactivegaming.eu\/atlas\/haunted-chests\/#breadcrumb","itemListElement":[{"@type":"ListItem","position":1,"name":"Startseite","item":"https:\/\/radioactivegaming.eu\/"},{"@type":"ListItem","position":2,"name":"Atlas","item":"https:\/\/radioactivegaming.eu\/atlas\/"},{"@type":"ListItem","position":3,"name":"Haunted Chests"}]},{"@type":"WebSite","@id":"https:\/\/radioactivegaming.eu\/#website","url":"https:\/\/radioactivegaming.eu\/","name":"Radioactive Gaming","description":"","publisher":{"@id":"https:\/\/radioactivegaming.eu\/#organization"},"potentialAction":[{"@type":"SearchAction","target":{"@type":"EntryPoint","urlTemplate":"https:\/\/radioactivegaming.eu\/?s={search_term_string}"},"query-input":{"@type":"PropertyValueSpecification","valueRequired":true,"valueName":"search_term_string"}}],"inLanguage":"de"},{"@type":"Organization","@id":"https:\/\/radioactivegaming.eu\/#organization","name":"Radioactive Gaming","url":"https:\/\/radioactivegaming.eu\/","logo":{"@type":"ImageObject","inLanguage":"de","@id":"https:\/\/radioactivegaming.eu\/#\/schema\/logo\/image\/","url":"https:\/\/radioactivegaming.eu\/wp-content\/uploads\/2019\/12\/cropped-coin-2.png","contentUrl":"https:\/\/radioactivegaming.eu\/wp-content\/uploads\/2019\/12\/cropped-coin-2.png","width":256,"height":256,"caption":"Radioactive Gaming"},"image":{"@id":"https:\/\/radioactivegaming.eu\/#\/schema\/logo\/image\/"},"sameAs":["https:\/\/www.youtube.com\/channel\/UCHAH-p_vfp_co-__TB4M14A"]}]}},"jetpack_sharing_enabled":true,"_links":{"self":[{"href":"https:\/\/radioactivegaming.eu\/de_de\/wp-json\/wp\/v2\/pages\/3098","targetHints":{"allow":["GET"]}}],"collection":[{"href":"https:\/\/radioactivegaming.eu\/de_de\/wp-json\/wp\/v2\/pages"}],"about":[{"href":"https:\/\/radioactivegaming.eu\/de_de\/wp-json\/wp\/v2\/types\/page"}],"author":[{"embeddable":true,"href":"https:\/\/radioactivegaming.eu\/de_de\/wp-json\/wp\/v2\/users\/1"}],"replies":[{"embeddable":true,"href":"https:\/\/radioactivegaming.eu\/de_de\/wp-json\/wp\/v2\/comments?post=3098"}],"version-history":[{"count":7,"href":"https:\/\/radioactivegaming.eu\/de_de\/wp-json\/wp\/v2\/pages\/3098\/revisions"}],"predecessor-version":[{"id":5393,"href":"https:\/\/radioactivegaming.eu\/de_de\/wp-json\/wp\/v2\/pages\/3098\/revisions\/5393"}],"up":[{"embeddable":true,"href":"https:\/\/radioactivegaming.eu\/de_de\/wp-json\/wp\/v2\/pages\/13"}],"wp:attachment":[{"href":"https:\/\/radioactivegaming.eu\/de_de\/wp-json\/wp\/v2\/media?parent=3098"}],"curies":[{"name":"wp","href":"https:\/\/api.w.org\/{rel}","templated":true}]}}