{"id":3125,"date":"2021-03-17T15:03:11","date_gmt":"2021-03-17T14:03:11","guid":{"rendered":"https:\/\/radioactivegaming.eu\/?page_id=3125"},"modified":"2024-05-24T22:29:01","modified_gmt":"2024-05-24T20:29:01","slug":"bosse","status":"publish","type":"page","link":"https:\/\/radioactivegaming.eu\/de_de\/atlas\/bosse\/","title":{"rendered":"Bosse"},"content":{"rendered":"<div  data-label=\"About\" data-id=\"about--2\" data-export-id=\"about-image-text\" data-category=\"about\" class=\"about-image-text content-section content-section-spacing content-relative\" id=\"about-2\" style=\"background-color: rgb(245, 250, 253);\"><div  class=\"section-separator-top\">\n    <svg  class=\"section-separator-top\" data-separator-name=\"triangle-asymmetrical-negative\" preserveAspectRatio=\"none\" viewBox=\"0 0 1000 100\" xmlns=\"http:\/\/www.w3.org\/2000\/svg\">\n        <path  class=\"svg-white-bg\" d=\"M737.9,94.7L0,0v100h1000V0L737.9,94.7z\"><\/path>\n    <\/svg>\n<\/div><div  class=\"gridContainer\"> <div  class=\"row\"><div  class=\"col-sm-6 flexbox-strech center-xs middle-xs no-gutter-col\"> <div  class=\"shadow-large overlap-right-large flexbox middle-xs center-xs left-img\" data-bg=\"image\" style=\"background-image: url(&quot;https:\/\/radioactivegaming.eu\/wp-content\/uploads\/2021\/03\/cropped-20210317150713_1-scaled-4.jpg&quot;);\"><\/div><\/div> <div  class=\"col-sm-6 space-bottom-xs col-padding-small-xs col-sm-padding-large bg-color5 white-text content-col\" data-type=\"column\"> <h2  class=\"\">Black Dragon<\/h2> <p  class=\"\">Man munkelt es gibt eine neue Art Drache, wie ein schwarzer Schatten verbrennt er Tiere, Menschen und versenkt sogar Schiffe!<br >\nEr ist um einiges st\u00e4rker als die normale Variante und spawnt \u00e4u\u00dferst selten auf einer der PowerStone Inseln, auf der auch normale Drachen vorkommen.<br >\nEr ist nicht z\u00e4hmbar und l\u00e4sst eine schwarze Drachenschuppe fallen.\n<br ><br >\nSchaltet Bau des Stable frei.<br ><br >Quest: Black Dragon Killer<\/p><\/div> <\/div><\/div> <\/div><div  data-label=\"About\" data-id=\"about--3\" data-export-id=\"about-text-image\" data-category=\"about\" class=\"about-text-image content-section content-section-spacing\" id=\"about-3\" style=\"background-color: rgb(255, 255, 255);\"><div  class=\"gridContainer\"> <div  class=\"row\"><div  class=\"col-sm-6 col-padding-small-xs col-sm-padding-large bg-color5 white-text content-col\" data-type=\"column\">  <h2  class=\"\">Narwale<\/h2> <p  class=\"\">Man sagt, wer in der Polarregionen das Horn der Narwals erblickt, dessen letzte Stunde hat geschlagen!\n<br ><br >\nNahezu immun gegen Kannonenkugeln und sehr schnell, ein wahres Monster welches alle anderen Wale in den Schatten stellt.<br ><br >\nQuest: \u201eNarwale Killer\u201c<br >\nAbschluss schaltet das Mythical Spyglass frei, mit dem es m\u00f6glich ist, die Stats von wilden &amp; eigenen Tieren zu sehen! Ein Must-Have f\u00fcr jeden Tamer\/Z\u00fcchter!!!<\/p><\/div> <div  class=\"col-sm-6 flexbox-strech center-xs middle-xs no-gutter-col\"><div  class=\"shadow-large overlap-left-large flexbox middle-xs center-xs right-img\" data-bg=\"image\" style=\"background-image: url(&quot;https:\/\/radioactivegaming.eu\/wp-content\/uploads\/2021\/03\/cropped-94f42ab24d666c6c948eed3d1b252e9d-scaled-1.jpg&quot;);\"><\/div><\/div> <\/div><\/div> <\/div><div  data-label=\"About\" data-id=\"about--5\" data-export-id=\"about-image-text\" data-category=\"about\" class=\"about-image-text content-section content-section-spacing\" id=\"about-5\" style=\"background-color: rgb(255, 255, 255);\"><div  class=\"gridContainer\"> <div  class=\"row\"><div  class=\"col-sm-6 flexbox-strech center-xs middle-xs no-gutter-col\"> <div  class=\"shadow-large overlap-right-large flexbox middle-xs center-xs left-img\" data-bg=\"image\" style=\"background-image: url(&quot;https:\/\/radioactivegaming.eu\/wp-content\/uploads\/2021\/03\/cropped-20210317153021_1-scaled-1.jpg&quot;);\"><\/div><\/div> <div  class=\"col-sm-6 space-bottom-xs col-padding-small-xs col-sm-padding-large bg-color5 white-text content-col\" data-type=\"column\"> <h2  class=\"\">Der Schwarze Nebel<\/h2> <p  class=\"\">Kennt ihr die alte Legende vom schwarzen Nebel der die See bedekt?\n<br >Dunkel und bedrohlich legte er sich \u00fcber Wasser, gro\u00dfe Sch\u00e4tze w\u00fcrde er verbergen sagte man, doch sei kein Schiff, das sich hinein gewagt hat jemals wieder zur\u00fcckgekehrt\u2026\n<br >Die m\u00e4chtigsten Kriegsschiffe und die besten Mannschaften gingen verloren, der feuchte Tot hat sie alle ereilt.<\/p><\/div> <\/div><\/div> <\/div><div  data-label=\"About\" data-id=\"about--7\" data-export-id=\"about-image-text\" data-category=\"about\" class=\"about-image-text content-section content-section-spacing\" id=\"about-7\" style=\"background-color: rgb(245, 250, 253);\"><div  class=\"gridContainer\"> <div  class=\"row\"><div  class=\"col-sm-6 flexbox-strech center-xs middle-xs no-gutter-col\"> <div  class=\"shadow-large overlap-right-large flexbox middle-xs center-xs left-img\" data-bg=\"image\" style=\"background-image: url(&quot;https:\/\/radioactivegaming.eu\/wp-content\/uploads\/2022\/01\/SPOILER_unknown.png&quot;);\"><\/div><\/div> <div  class=\"col-sm-6 space-bottom-xs col-padding-small-xs col-sm-padding-large bg-color5 white-text content-col\" data-type=\"column\"> <h2  class=\"\">Luminous Whale<\/h2> <p  class=\"\">Dieser Wal verstr\u00f6mt ein omin\u00f6ses Licht. Aus seiner Leiche kann Luminous Substance gewonnen werden.\n<br ><br >\nSie treten nur Unterwasser auf, weshalb sich die Jagd als schwierig gestaltet.\n<br ><br >\nDiese Wale sind sehr stark und schnell, ihr solltet versuchen sie auf jeden Fall aus der Ferne zu erlegen.<\/p><\/div> <\/div><\/div> <\/div><div  data-label=\"About\" data-id=\"about--8\" data-export-id=\"about-5\" data-category=\"about\" class=\"about-5 content-section content-section-spacing\" id=\"about-8\" style=\"background-color: rgb(255, 255, 255);\"><div  class=\"gridContainer\"> <div  class=\"row middle-sm text-center\"><div  class=\"col-sm-6 space-bottom-xs\" data-type=\"column\">  <h2  class=\"\">Der Kraken<\/h2> <p  class=\"\">Den Kraken k\u00f6nnt ihr bei uns in 3 verschiedenen Versionen beschw\u00f6ren\n<br >Easy\n<br >Hard\n<br >Very Hard\n<br ><br >&nbsp;zus\u00e4tzlich steht f\u00fcr jeden Kraken ein Challenge Mode zur Verf\u00fcgung, der die Herausforderung nochmals erh\u00f6ht (f\u00fcr die Beschw\u00f6rung ben\u00f6tigt ihr eine <a data-mce-href=\"..\/..\/de_de\/atlas\/haunted-chests\/#sunkenhaunted\" href=\"https:\/\/radioactivegaming.eu\/de_de\/atlas\/haunted-chests\/#sunkenhaunted\" target=\"_self\" data-mce-selected=\"inline-boundary\" data-cp-link=\"1\" rel=\"noopener\">IcyPearl<\/a>!)<br ><br >Das beschw\u00f6ren vom jeweiligen Kraken erfolgt in C3 \u00fcber eurer Inventar (Craftingrezept).\n<br >Die Power Stones werden von Bossen auf den PowerStone Inseln gedroppt!<\/p> <img  decoding=\"async\" class=\"custom-image\" src=\"https:\/\/radioactivegaming.eu\/wp-content\/uploads\/2024\/05\/krakenrecipe.png\" title=\"krakenrecipe\" alt=\"\"><\/div> <div  class=\"col-sm-6 flexbox image-group-right-2 around-xs top-xs space-bottom-xs\"><div  class=\"left-el\"> <img  decoding=\"async\" class=\"shadow-large\" data-size=\"300x430\" src=\"https:\/\/radioactivegaming.eu\/wp-content\/uploads\/2024\/05\/cropped-kraken.png\" title=\"cropped-kraken.png\" alt=\"\"><\/div> <div  class=\"right-el\"> <img  decoding=\"async\" class=\"shadow-large\" data-size=\"300x430\" src=\"https:\/\/radioactivegaming.eu\/wp-content\/uploads\/2024\/05\/cropped-kraken-1.png\" title=\"cropped-kraken-1.png\" alt=\"\"><\/div> <div  class=\"center-overlay inner-shadow border-large\"><\/div><\/div> <\/div><\/div> <\/div><div  data-label=\"About\" data-id=\"about--4\" data-export-id=\"about-text-image\" data-category=\"about\" class=\"about-text-image content-section content-section-spacing\" id=\"about-4\" style=\"background-color: rgb(245, 250, 253);\"><div  class=\"gridContainer\"> <div  class=\"row\"><div  class=\"col-sm-6 col-padding-small-xs col-sm-padding-large bg-color5 white-text content-col\" data-type=\"column\">  <h2  class=\"\">Abominable Kraken<\/h2> <p  class=\"\">Die Todesschreie seiner Kinder haben ihn geweckt, lange hat er geschlummert, doch jetzt taucht er auf. Werdet ihr euch ihm stellen?\n<br ><br >\nDieser Kraken ist ein Monster unter Monstern!<br >\n\u201eChallenge Mode\u201c des Kraken.\n<br ><br >\nDieser Kraken kann wie der Hard Kraken beschworen werden.<\/p><\/div> <div  class=\"col-sm-6 flexbox-strech center-xs middle-xs no-gutter-col\"><div  class=\"shadow-large overlap-left-large flexbox middle-xs center-xs right-img\" data-bg=\"image\" style=\"background-image: url(&quot;https:\/\/radioactivegaming.eu\/wp-content\/uploads\/2021\/03\/cropped-20210212210105_1-scaled-1.jpg&quot;);\"><\/div><\/div> <\/div><\/div> <\/div><div  data-label=\"About\" data-id=\"about--10\" data-export-id=\"about-6\" data-category=\"about\" class=\"about-6 content-section content-section-spacing\" id=\"about-10\" style=\"background-color: rgb(245, 250, 253);\"><div  class=\"gridContainer\"> <div  class=\"row middle-sm text-center\"><div  class=\"col-sm-6 space-bottom-xs\" data-type=\"column\">  <h2  class=\"\">Leviathan<\/h2> <p  class=\"\">Schiffe, Hydras, selbst andere Wale werden von ihm verschlungen!\n<br ><br >\nDer Gigant der Meere stellt euch mit neuen Mechaniken vor neue Herausforderungen.<br >\nFindet heraus wie ihr vermeiden k\u00f6nnt eingefroren zu werden und wie ihr es schafft den Leviathan zu bet\u00e4uben!\n<br ><br >\nBeachtet, dass dieser Bossfight zu verschiedenen Phasen sowohl \u00dcber- als auch Unterwasser stattfindet\n<br ><br >Wird wie der Kraken in C3 via Rezept beschworen.\n<br >(f\u00fcr die Beschw\u00f6rung ben\u00f6tigt ihr eine <a data-mce-href=\"..\/..\/de_de\/atlas\/haunted-chests\/#sunkenhaunted\" href=\"..\/..\/de_de\/atlas\/haunted-chests\/#sunkenhaunted\" target=\"_self\" data-mce-selected=\"inline-boundary\" data-cp-link=\"1\" rel=\"noopener\">IcyPearl<\/a>!)<\/p> <\/div> <div  class=\"col-sm-6 image-group-right-3 space-bottom-xs\"><div  class=\"top-media\"> <img  decoding=\"async\" class=\"shadow-large\" data-size=\"350x250\" src=\"https:\/\/radioactivegaming.eu\/wp-content\/uploads\/2024\/05\/cropped-levi2.png\" title=\"cropped-levi2.png\" alt=\"\"><\/div> <div  class=\"bottom-media\"> <img  decoding=\"async\" class=\"shadow-large\" data-size=\"350x250\" src=\"https:\/\/radioactivegaming.eu\/wp-content\/uploads\/2024\/05\/levi3.png\" title=\"levi3\" alt=\"\"><\/div> <div  class=\"left-media\"> <img  decoding=\"async\" class=\"shadow-large\" data-size=\"350x400\" src=\"https:\/\/radioactivegaming.eu\/wp-content\/uploads\/2024\/05\/levi1.png\" title=\"levi1\" alt=\"\"> <div  class=\"offset-double-border-overlay\"> <div  class=\"border-1 shadow-small\"><\/div> <div  class=\"border-2\"><\/div><\/div> <\/div><\/div> <\/div><\/div> <\/div>","protected":false},"excerpt":{"rendered":"<p>Black Dragon Man munkelt es gibt eine neue Art Drache, wie ein schwarzer Schatten verbrennt er Tiere, Menschen und versenkt sogar Schiffe! Er ist um einiges st\u00e4rker als die normale Variante und spawnt \u00e4u\u00dferst selten auf einer der PowerStone Inseln, auf der auch normale Drachen vorkommen. Er ist nicht z\u00e4hmbar und l\u00e4sst eine schwarze Drachenschuppe&hellip; <br \/> <a class=\"read-more\" href=\"https:\/\/radioactivegaming.eu\/de_de\/atlas\/bosse\/\">Read more<\/a><\/p>\n","protected":false},"author":1,"featured_media":0,"parent":13,"menu_order":0,"comment_status":"closed","ping_status":"closed","template":"pro\/page-templates\/full-width-page.php","meta":{"footnotes":""},"class_list":["post-3125","page","type-page","status-publish","hentry"],"yoast_head":"<!-- This site is optimized with the Yoast SEO plugin v26.3 - https:\/\/yoast.com\/wordpress\/plugins\/seo\/ -->\n<title>Bosse - Radioactive Gaming<\/title>\n<meta name=\"robots\" content=\"index, follow, max-snippet:-1, max-image-preview:large, max-video-preview:-1\" \/>\n<link rel=\"canonical\" href=\"https:\/\/radioactivegaming.eu\/de_de\/atlas\/bosse\/\" \/>\n<meta property=\"og:locale\" content=\"de_DE\" \/>\n<meta property=\"og:type\" content=\"article\" \/>\n<meta property=\"og:title\" content=\"Bosse - Radioactive Gaming\" \/>\n<meta property=\"og:description\" content=\"Black Dragon Man munkelt es gibt eine neue Art Drache, wie ein schwarzer Schatten verbrennt er Tiere, Menschen und versenkt sogar Schiffe! Er ist um einiges st\u00e4rker als die normale Variante und spawnt \u00e4u\u00dferst selten auf einer der PowerStone Inseln, auf der auch normale Drachen vorkommen. Er ist nicht z\u00e4hmbar und l\u00e4sst eine schwarze Drachenschuppe&hellip; Read more\" \/>\n<meta property=\"og:url\" content=\"https:\/\/radioactivegaming.eu\/de_de\/atlas\/bosse\/\" \/>\n<meta property=\"og:site_name\" content=\"Radioactive Gaming\" \/>\n<meta property=\"article:modified_time\" content=\"2024-05-24T20:29:01+00:00\" \/>\n<meta property=\"og:image\" content=\"https:\/\/radioactivegaming.eu\/wp-content\/uploads\/2024\/05\/krakenrecipe.png\" \/>\n<meta name=\"twitter:card\" content=\"summary_large_image\" \/>\n<meta name=\"twitter:label1\" content=\"Gesch\u00e4tzte Lesezeit\" \/>\n\t<meta name=\"twitter:data1\" content=\"2\u00a0Minuten\" \/>\n<script type=\"application\/ld+json\" class=\"yoast-schema-graph\">{\"@context\":\"https:\/\/schema.org\",\"@graph\":[{\"@type\":\"WebPage\",\"@id\":\"https:\/\/radioactivegaming.eu\/atlas\/bosse\/\",\"url\":\"https:\/\/radioactivegaming.eu\/atlas\/bosse\/\",\"name\":\"Bosse - Radioactive Gaming\",\"isPartOf\":{\"@id\":\"https:\/\/radioactivegaming.eu\/#website\"},\"primaryImageOfPage\":{\"@id\":\"https:\/\/radioactivegaming.eu\/atlas\/bosse\/#primaryimage\"},\"image\":{\"@id\":\"https:\/\/radioactivegaming.eu\/atlas\/bosse\/#primaryimage\"},\"thumbnailUrl\":\"https:\/\/radioactivegaming.eu\/wp-content\/uploads\/2024\/05\/krakenrecipe.png\",\"datePublished\":\"2021-03-17T14:03:11+00:00\",\"dateModified\":\"2024-05-24T20:29:01+00:00\",\"breadcrumb\":{\"@id\":\"https:\/\/radioactivegaming.eu\/atlas\/bosse\/#breadcrumb\"},\"inLanguage\":\"de\",\"potentialAction\":[{\"@type\":\"ReadAction\",\"target\":[\"https:\/\/radioactivegaming.eu\/atlas\/bosse\/\"]}]},{\"@type\":\"ImageObject\",\"inLanguage\":\"de\",\"@id\":\"https:\/\/radioactivegaming.eu\/atlas\/bosse\/#primaryimage\",\"url\":\"https:\/\/radioactivegaming.eu\/wp-content\/uploads\/2024\/05\/krakenrecipe.png\",\"contentUrl\":\"https:\/\/radioactivegaming.eu\/wp-content\/uploads\/2024\/05\/krakenrecipe.png\"},{\"@type\":\"BreadcrumbList\",\"@id\":\"https:\/\/radioactivegaming.eu\/atlas\/bosse\/#breadcrumb\",\"itemListElement\":[{\"@type\":\"ListItem\",\"position\":1,\"name\":\"Startseite\",\"item\":\"https:\/\/radioactivegaming.eu\/\"},{\"@type\":\"ListItem\",\"position\":2,\"name\":\"Atlas\",\"item\":\"https:\/\/radioactivegaming.eu\/atlas\/\"},{\"@type\":\"ListItem\",\"position\":3,\"name\":\"Bosse\"}]},{\"@type\":\"WebSite\",\"@id\":\"https:\/\/radioactivegaming.eu\/#website\",\"url\":\"https:\/\/radioactivegaming.eu\/\",\"name\":\"Radioactive Gaming\",\"description\":\"\",\"publisher\":{\"@id\":\"https:\/\/radioactivegaming.eu\/#organization\"},\"potentialAction\":[{\"@type\":\"SearchAction\",\"target\":{\"@type\":\"EntryPoint\",\"urlTemplate\":\"https:\/\/radioactivegaming.eu\/?s={search_term_string}\"},\"query-input\":{\"@type\":\"PropertyValueSpecification\",\"valueRequired\":true,\"valueName\":\"search_term_string\"}}],\"inLanguage\":\"de\"},{\"@type\":\"Organization\",\"@id\":\"https:\/\/radioactivegaming.eu\/#organization\",\"name\":\"Radioactive Gaming\",\"url\":\"https:\/\/radioactivegaming.eu\/\",\"logo\":{\"@type\":\"ImageObject\",\"inLanguage\":\"de\",\"@id\":\"https:\/\/radioactivegaming.eu\/#\/schema\/logo\/image\/\",\"url\":\"https:\/\/radioactivegaming.eu\/wp-content\/uploads\/2019\/12\/cropped-coin-2.png\",\"contentUrl\":\"https:\/\/radioactivegaming.eu\/wp-content\/uploads\/2019\/12\/cropped-coin-2.png\",\"width\":256,\"height\":256,\"caption\":\"Radioactive Gaming\"},\"image\":{\"@id\":\"https:\/\/radioactivegaming.eu\/#\/schema\/logo\/image\/\"},\"sameAs\":[\"https:\/\/www.youtube.com\/channel\/UCHAH-p_vfp_co-__TB4M14A\"]}]}<\/script>\n<!-- \/ Yoast SEO plugin. -->","yoast_head_json":{"title":"Bosse - Radioactive Gaming","robots":{"index":"index","follow":"follow","max-snippet":"max-snippet:-1","max-image-preview":"max-image-preview:large","max-video-preview":"max-video-preview:-1"},"canonical":"https:\/\/radioactivegaming.eu\/de_de\/atlas\/bosse\/","og_locale":"de_DE","og_type":"article","og_title":"Bosse - Radioactive Gaming","og_description":"Black Dragon Man munkelt es gibt eine neue Art Drache, wie ein schwarzer Schatten verbrennt er Tiere, Menschen und versenkt sogar Schiffe! Er ist um einiges st\u00e4rker als die normale Variante und spawnt \u00e4u\u00dferst selten auf einer der PowerStone Inseln, auf der auch normale Drachen vorkommen. Er ist nicht z\u00e4hmbar und l\u00e4sst eine schwarze Drachenschuppe&hellip; Read more","og_url":"https:\/\/radioactivegaming.eu\/de_de\/atlas\/bosse\/","og_site_name":"Radioactive Gaming","article_modified_time":"2024-05-24T20:29:01+00:00","og_image":[{"url":"https:\/\/radioactivegaming.eu\/wp-content\/uploads\/2024\/05\/krakenrecipe.png","type":"","width":"","height":""}],"twitter_card":"summary_large_image","twitter_misc":{"Gesch\u00e4tzte Lesezeit":"2\u00a0Minuten"},"schema":{"@context":"https:\/\/schema.org","@graph":[{"@type":"WebPage","@id":"https:\/\/radioactivegaming.eu\/atlas\/bosse\/","url":"https:\/\/radioactivegaming.eu\/atlas\/bosse\/","name":"Bosse - Radioactive Gaming","isPartOf":{"@id":"https:\/\/radioactivegaming.eu\/#website"},"primaryImageOfPage":{"@id":"https:\/\/radioactivegaming.eu\/atlas\/bosse\/#primaryimage"},"image":{"@id":"https:\/\/radioactivegaming.eu\/atlas\/bosse\/#primaryimage"},"thumbnailUrl":"https:\/\/radioactivegaming.eu\/wp-content\/uploads\/2024\/05\/krakenrecipe.png","datePublished":"2021-03-17T14:03:11+00:00","dateModified":"2024-05-24T20:29:01+00:00","breadcrumb":{"@id":"https:\/\/radioactivegaming.eu\/atlas\/bosse\/#breadcrumb"},"inLanguage":"de","potentialAction":[{"@type":"ReadAction","target":["https:\/\/radioactivegaming.eu\/atlas\/bosse\/"]}]},{"@type":"ImageObject","inLanguage":"de","@id":"https:\/\/radioactivegaming.eu\/atlas\/bosse\/#primaryimage","url":"https:\/\/radioactivegaming.eu\/wp-content\/uploads\/2024\/05\/krakenrecipe.png","contentUrl":"https:\/\/radioactivegaming.eu\/wp-content\/uploads\/2024\/05\/krakenrecipe.png"},{"@type":"BreadcrumbList","@id":"https:\/\/radioactivegaming.eu\/atlas\/bosse\/#breadcrumb","itemListElement":[{"@type":"ListItem","position":1,"name":"Startseite","item":"https:\/\/radioactivegaming.eu\/"},{"@type":"ListItem","position":2,"name":"Atlas","item":"https:\/\/radioactivegaming.eu\/atlas\/"},{"@type":"ListItem","position":3,"name":"Bosse"}]},{"@type":"WebSite","@id":"https:\/\/radioactivegaming.eu\/#website","url":"https:\/\/radioactivegaming.eu\/","name":"Radioactive Gaming","description":"","publisher":{"@id":"https:\/\/radioactivegaming.eu\/#organization"},"potentialAction":[{"@type":"SearchAction","target":{"@type":"EntryPoint","urlTemplate":"https:\/\/radioactivegaming.eu\/?s={search_term_string}"},"query-input":{"@type":"PropertyValueSpecification","valueRequired":true,"valueName":"search_term_string"}}],"inLanguage":"de"},{"@type":"Organization","@id":"https:\/\/radioactivegaming.eu\/#organization","name":"Radioactive Gaming","url":"https:\/\/radioactivegaming.eu\/","logo":{"@type":"ImageObject","inLanguage":"de","@id":"https:\/\/radioactivegaming.eu\/#\/schema\/logo\/image\/","url":"https:\/\/radioactivegaming.eu\/wp-content\/uploads\/2019\/12\/cropped-coin-2.png","contentUrl":"https:\/\/radioactivegaming.eu\/wp-content\/uploads\/2019\/12\/cropped-coin-2.png","width":256,"height":256,"caption":"Radioactive Gaming"},"image":{"@id":"https:\/\/radioactivegaming.eu\/#\/schema\/logo\/image\/"},"sameAs":["https:\/\/www.youtube.com\/channel\/UCHAH-p_vfp_co-__TB4M14A"]}]}},"jetpack_sharing_enabled":true,"_links":{"self":[{"href":"https:\/\/radioactivegaming.eu\/de_de\/wp-json\/wp\/v2\/pages\/3125","targetHints":{"allow":["GET"]}}],"collection":[{"href":"https:\/\/radioactivegaming.eu\/de_de\/wp-json\/wp\/v2\/pages"}],"about":[{"href":"https:\/\/radioactivegaming.eu\/de_de\/wp-json\/wp\/v2\/types\/page"}],"author":[{"embeddable":true,"href":"https:\/\/radioactivegaming.eu\/de_de\/wp-json\/wp\/v2\/users\/1"}],"replies":[{"embeddable":true,"href":"https:\/\/radioactivegaming.eu\/de_de\/wp-json\/wp\/v2\/comments?post=3125"}],"version-history":[{"count":12,"href":"https:\/\/radioactivegaming.eu\/de_de\/wp-json\/wp\/v2\/pages\/3125\/revisions"}],"predecessor-version":[{"id":5395,"href":"https:\/\/radioactivegaming.eu\/de_de\/wp-json\/wp\/v2\/pages\/3125\/revisions\/5395"}],"up":[{"embeddable":true,"href":"https:\/\/radioactivegaming.eu\/de_de\/wp-json\/wp\/v2\/pages\/13"}],"wp:attachment":[{"href":"https:\/\/radioactivegaming.eu\/de_de\/wp-json\/wp\/v2\/media?parent=3125"}],"curies":[{"name":"wp","href":"https:\/\/api.w.org\/{rel}","templated":true}]}}