{"id":3149,"date":"2021-03-17T15:45:15","date_gmt":"2021-03-17T14:45:15","guid":{"rendered":"https:\/\/radioactivegaming.eu\/?page_id=3149"},"modified":"2024-05-25T00:32:07","modified_gmt":"2024-05-24T22:32:07","slug":"umgebung","status":"publish","type":"page","link":"https:\/\/radioactivegaming.eu\/de_de\/atlas\/umgebung\/","title":{"rendered":"umgebung"},"content":{"rendered":"<div data-label=\"About\" data-id=\"about--5\" data-export-id=\"about-6\" data-category=\"about\" class=\"about-6 content-section content-section-spacing\" id=\"about-5\"  style=\"background-color: rgb(255, 255, 255);\"><div class=\"gridContainer\" > <div class=\"row middle-sm text-center\" ><div class=\"col-sm-6 space-bottom-xs\" data-type=\"column\" >  <h2 class=\"\" >Camps<\/h2> <p class=\"\" >Diese NPC-Basen k\u00f6nnt ihr zuf\u00e4llig auf allen Inseln vorfinden!\n<br ><br >\nSie sind aggressiv euch gegen\u00fcber.\n<br ><br >\nSchafft ihr es ihre Verteidigung zu durchbrechen und alle NPCs zu t\u00f6ten, k\u00f6nnt ihr sie an der Fahne pl\u00fcndern\n<br ><br >Sie sind die einzige Quelle f\u00fcr Blueprints von Strukturen.<\/p> <\/div> <div class=\"col-sm-6 image-group-right-3 space-bottom-xs\" ><div class=\"top-media\" > <img decoding=\"async\" class=\"shadow-large\" data-size=\"350x250\" src=\"https:\/\/radioactivegaming.eu\/wp-content\/uploads\/2024\/05\/camp2.png\"  title=\"camp2\" alt=\"\"><\/div> <div class=\"bottom-media\" > <img decoding=\"async\" class=\"shadow-large\" data-size=\"350x250\" src=\"https:\/\/radioactivegaming.eu\/wp-content\/uploads\/2024\/05\/camp3.png\"  title=\"camp3\" alt=\"\"><\/div> <div class=\"left-media\" > <img decoding=\"async\" class=\"shadow-large\" data-size=\"350x400\" src=\"https:\/\/radioactivegaming.eu\/wp-content\/uploads\/2024\/05\/camp1.png\"  title=\"camp1\" alt=\"\"> <div class=\"offset-double-border-overlay\" > <div class=\"border-1 shadow-small\" ><\/div> <div class=\"border-2\" ><\/div><\/div> <\/div><\/div> <\/div><\/div> <\/div><div  data-label=\"About\" data-id=\"about--1\" data-export-id=\"about-image-text\" data-category=\"about\" class=\"about-image-text content-section content-section-spacing content-relative\" id=\"about-1\" style=\"background-color: rgb(255, 255, 255);\"><div  class=\"gridContainer\"> <div  class=\"row\"><div  class=\"col-sm-6 flexbox-strech center-xs middle-xs no-gutter-col\"> <div  class=\"shadow-large overlap-right-large flexbox middle-xs center-xs left-img\" data-bg=\"image\" style=\"background-image: url(&quot;https:\/\/radioactivegaming.eu\/wp-content\/uploads\/2021\/03\/cropped-20210317153812_1.jpg&quot;);\"><\/div><\/div> <div  class=\"col-sm-6 space-bottom-xs col-padding-small-xs col-sm-padding-large bg-color5 white-text content-col\" data-type=\"column\"> <h2  class=\"\">Iceberg<\/h2> <p  class=\"\">Diese kommen im Polar und gelegentlich in der Tundra vor, k\u00f6nnen ihren Weg aber nat\u00fcrlich auch in angrenzende, w\u00e4rmere Regionen finden.\n<br ><br >\nIcebergs sind bewegliche Objekte die langsam durch die Grids treiben, sie lassen sich mit einem schwimmenden Charakter einholen\n<br ><br ><br >\nBei Kontakt mit Schiffen verursachen sie Schaden (\u00e4hnlich Rammen von Sandb\u00e4nken).<br >\nDer Schaden ist von der Geschwindigkeit abh\u00e4ngig.\n<br ><br >\nIcebergs k\u00f6nnen nicht blockiert werden, sie schieben selbst eine Galli weg\n<br ><br ><br >\nNeben dem Eis, welches mit Metall-Spitzhacken aus dem Eisberg abbaubar ist, k\u00f6nnen auch seltene Ressourcen auf ihnen vorkommen!<\/p><\/div> <\/div><\/div> <\/div><div  data-label=\"About\" data-id=\"about--4\" data-export-id=\"about-5\" data-category=\"about\" class=\"about-5 content-section content-section-spacing\" id=\"about-4\" style=\"background-color: rgb(245, 250, 253);\"><div  class=\"gridContainer\"> <div  class=\"row middle-sm text-center\"><div  class=\"col-sm-6 space-bottom-xs\" data-type=\"column\">  <h2  class=\"\">Brennendes Steamship<\/h2> <p  class=\"\">Von einem \u00d6lteppich umgeben verspricht dieses Wrack euch interessante Beute, jedoch solltet ihr davon absehen mit Schiff im Feuer zu parken, eigentlich auch Logisch!<\/p> <\/div> <div  class=\"col-sm-6 flexbox image-group-right-2 around-xs top-xs space-bottom-xs\"><div  class=\"left-el\"> <img decoding=\"async\"  class=\"shadow-large\" data-size=\"300x430\" src=\"https:\/\/radioactivegaming.eu\/wp-content\/uploads\/2024\/05\/cropped-steamship2.png\" title=\"cropped-steamship2.png\" alt=\"\"><\/div> <div  class=\"right-el\"> <img decoding=\"async\"  class=\"shadow-large\" data-size=\"300x430\" src=\"https:\/\/radioactivegaming.eu\/wp-content\/uploads\/2024\/05\/cropped-steamship.png\" title=\"cropped-steamship.png\" alt=\"\"><\/div> <div  class=\"center-overlay inner-shadow border-large\"><\/div><\/div> <\/div><\/div> <\/div><div  data-label=\"About\" data-id=\"about--3\" data-export-id=\"about-image-text\" data-category=\"about\" class=\"about-image-text content-section content-section-spacing\" id=\"about-3\" style=\"background-color: rgb(255, 255, 255);\"><div  class=\"gridContainer\"> <div  class=\"row\"><div  class=\"col-sm-6 flexbox-strech center-xs middle-xs no-gutter-col\"> <div  class=\"shadow-large overlap-right-large flexbox middle-xs center-xs left-img\" data-bg=\"image\" style=\"background-image: url(&quot;https:\/\/radioactivegaming.eu\/wp-content\/uploads\/2024\/05\/floating.png&quot;);\"><\/div><\/div> <div  class=\"col-sm-6 space-bottom-xs col-padding-small-xs col-sm-padding-large bg-color5 white-text content-col\" data-type=\"column\"> <h2  class=\"\">Treibende Wracks<\/h2> <p  class=\"\">So manches Wrack geht nach einem Kampf nicht unter!\n<br >Leider ist die Beute verloren, doch an Board k\u00f6nnt ihr noch die Reste der Crew finden! Eventuell k\u00f6nnt ihr sie gebrauchen?\n<br ><br >Das Abbauen k\u00f6nnte sich auch Lohnen!\n<br >Jedoch werdet ihr eine Gute Axt ben\u00f6tigen<\/p><\/div> <\/div><\/div> <\/div><div  data-label=\"Features\" data-id=\"features--1\" data-export-id=\"features-16\" data-category=\"features\" class=\"features-16 content-section content-section-spacing\" id=\"features-1\" style=\"background-color: rgb(245, 250, 253);\"><div  class=\"gridContainer\"> <div  class=\"row text-center\"><div  class=\"section-title-col\" data-type=\"column\"> <h2  class=\"\">Wetter<\/h2> <p  class=\"lead\">Auf Radioactive begegen euch Wettereffekte, die es so nirgends gibt<\/p><\/div> <\/div> <div  class=\"row spaced-cols center-sm\" data-type=\"row\"> <div  class=\"col-xs-12 col-sm-6 col-md-4 space-bottom\"> <img decoding=\"async\"  class=\"face\" src=\"https:\/\/radioactivegaming.eu\/wp-content\/uploads\/2024\/05\/hail.png\" title=\"hail\" alt=\"\"> <div  data-type=\"column\" class=\"col-padding-small col-padding-small-xs description-container\"> <h4  class=\"font-500\">Hagel<\/h4> <p  class=\"\">Nicht nur Regen sondern Hagel?!\n<br ><br >Na Hoffentlich wird es f\u00fcr die Babies nicht zu Kalt!<\/p> <\/div> <\/div> <div  class=\"col-xs-12 col-sm-6 col-md-4 space-bottom\"> <img decoding=\"async\"  class=\"face\" src=\"https:\/\/radioactivegaming.eu\/wp-content\/uploads\/2024\/05\/sandstorm.png\" title=\"sandstorm\" alt=\"\"> <div  data-type=\"column\" class=\"col-padding-small col-padding-small-xs description-container\"> <h4  class=\"font-500\">Sandsturm<\/h4> <p  class=\"\">In der W\u00fcste tritt manchmal dieses Wetter auf!\n<br >\n<br >Besorgt euch am besten eine Sandsturm Maske! Doch in der Not wird euch ein Zelt oder ein Geb\u00e4ude auch au\u00dfreichend Schutz bieten<\/p> <\/div> <\/div> <div  class=\"col-xs-12 col-sm-6 col-md-4 space-bottom\"> <img decoding=\"async\"  class=\"face\" src=\"https:\/\/radioactivegaming.eu\/wp-content\/uploads\/2024\/05\/blizzard.png\" title=\"blizzard\" alt=\"\"> <div  data-type=\"column\" class=\"col-padding-small col-padding-small-xs description-container\"> <h4  class=\"font-500\">Schneesturm<\/h4> <p  class=\"\">In der Tundra &amp; der Arktis tritt manchmal dieses Wetter auf!\n<br ><br >Zieht euch warm an, oder noch besser besorgt euch eine Blizzard Maske!\n<br >Doch in der Not wird euch ein Zelt oder ein Geb\u00e4ude auch au\u00dfreichend Schutz bieten<\/p> <\/div> <\/div><div  class=\"col-xs-12 col-sm-6 col-md-4 space-bottom\"> <img decoding=\"async\"  class=\"face\" src=\"https:\/\/radioactivegaming.eu\/wp-content\/uploads\/2024\/05\/blutmond.png\" title=\"blutmond\" alt=\"\"> <div  data-type=\"column\" class=\"col-padding-small col-padding-small-xs description-container\"> <h4  class=\"font-500\">Blutmond<\/h4> <p  class=\"\">Der Blutmond macht Tiere aggressiver!\n<br ><br >Z\u00fcndet ihr den Blutmond Buff erhaltet ihr beim Farmen zus\u00e4tzliche Ressourcen, werdet jedoch von allen wilden Tieren attackiert!<\/p> <\/div> <\/div><div  class=\"col-xs-12 col-sm-6 col-md-4 space-bottom\"> <img decoding=\"async\"  class=\"face\" src=\"https:\/\/radioactivegaming.eu\/wp-content\/uploads\/2024\/05\/blitzeinschlag.png\" title=\"blitzeinschlag\" alt=\"\"> <div  data-type=\"column\" class=\"col-padding-small col-padding-small-xs description-container\"> <h4  class=\"font-500\">Gewitter<\/h4> <p  class=\"\">Am besten bleibt man bei einem Solchen Wetter drinnen! Besonders wenn Blitze um einen Herum einschlagen!\n<br >\n<br >Metall-R\u00fcstung solltet ihr tunlichst vermeiden!<\/p> <\/div> <\/div><\/div> <\/div><\/div>","protected":false},"excerpt":{"rendered":"<p>Camps Diese NPC-Basen k\u00f6nnt ihr zuf\u00e4llig auf allen Inseln vorfinden! Sie sind aggressiv euch gegen\u00fcber. Schafft ihr es ihre Verteidigung zu durchbrechen und alle NPCs zu t\u00f6ten, k\u00f6nnt ihr sie an der Fahne pl\u00fcndern Sie sind die einzige Quelle f\u00fcr Blueprints von Strukturen. Iceberg Diese kommen im Polar und gelegentlich in der Tundra vor, k\u00f6nnen&hellip; <br \/> <a class=\"read-more\" href=\"https:\/\/radioactivegaming.eu\/de_de\/atlas\/umgebung\/\">Read more<\/a><\/p>\n","protected":false},"author":1,"featured_media":0,"parent":13,"menu_order":0,"comment_status":"closed","ping_status":"closed","template":"pro\/page-templates\/full-width-page.php","meta":{"footnotes":""},"class_list":["post-3149","page","type-page","status-publish","hentry"],"yoast_head":"<!-- This site is optimized with the Yoast SEO plugin v26.3 - https:\/\/yoast.com\/wordpress\/plugins\/seo\/ -->\n<title>umgebung - Radioactive Gaming<\/title>\n<meta name=\"robots\" content=\"index, follow, max-snippet:-1, max-image-preview:large, max-video-preview:-1\" \/>\n<link rel=\"canonical\" href=\"https:\/\/radioactivegaming.eu\/de_de\/atlas\/umgebung\/\" \/>\n<meta property=\"og:locale\" content=\"de_DE\" \/>\n<meta property=\"og:type\" content=\"article\" \/>\n<meta property=\"og:title\" content=\"umgebung - Radioactive Gaming\" \/>\n<meta property=\"og:description\" content=\"Camps Diese NPC-Basen k\u00f6nnt ihr zuf\u00e4llig auf allen Inseln vorfinden! Sie sind aggressiv euch gegen\u00fcber. Schafft ihr es ihre Verteidigung zu durchbrechen und alle NPCs zu t\u00f6ten, k\u00f6nnt ihr sie an der Fahne pl\u00fcndern Sie sind die einzige Quelle f\u00fcr Blueprints von Strukturen. Iceberg Diese kommen im Polar und gelegentlich in der Tundra vor, k\u00f6nnen&hellip; Read more\" \/>\n<meta property=\"og:url\" content=\"https:\/\/radioactivegaming.eu\/de_de\/atlas\/umgebung\/\" \/>\n<meta property=\"og:site_name\" content=\"Radioactive Gaming\" \/>\n<meta property=\"article:modified_time\" content=\"2024-05-24T22:32:07+00:00\" \/>\n<meta property=\"og:image\" content=\"https:\/\/radioactivegaming.eu\/wp-content\/uploads\/2024\/05\/camp2.png\" \/>\n<meta name=\"twitter:card\" content=\"summary_large_image\" \/>\n<meta name=\"twitter:label1\" content=\"Gesch\u00e4tzte Lesezeit\" \/>\n\t<meta name=\"twitter:data1\" content=\"1\u00a0Minute\" \/>\n<script type=\"application\/ld+json\" class=\"yoast-schema-graph\">{\"@context\":\"https:\/\/schema.org\",\"@graph\":[{\"@type\":\"WebPage\",\"@id\":\"https:\/\/radioactivegaming.eu\/atlas\/umgebung\/\",\"url\":\"https:\/\/radioactivegaming.eu\/atlas\/umgebung\/\",\"name\":\"umgebung - Radioactive Gaming\",\"isPartOf\":{\"@id\":\"https:\/\/radioactivegaming.eu\/#website\"},\"primaryImageOfPage\":{\"@id\":\"https:\/\/radioactivegaming.eu\/atlas\/umgebung\/#primaryimage\"},\"image\":{\"@id\":\"https:\/\/radioactivegaming.eu\/atlas\/umgebung\/#primaryimage\"},\"thumbnailUrl\":\"https:\/\/radioactivegaming.eu\/wp-content\/uploads\/2024\/05\/camp2.png\",\"datePublished\":\"2021-03-17T14:45:15+00:00\",\"dateModified\":\"2024-05-24T22:32:07+00:00\",\"breadcrumb\":{\"@id\":\"https:\/\/radioactivegaming.eu\/atlas\/umgebung\/#breadcrumb\"},\"inLanguage\":\"de\",\"potentialAction\":[{\"@type\":\"ReadAction\",\"target\":[\"https:\/\/radioactivegaming.eu\/atlas\/umgebung\/\"]}]},{\"@type\":\"ImageObject\",\"inLanguage\":\"de\",\"@id\":\"https:\/\/radioactivegaming.eu\/atlas\/umgebung\/#primaryimage\",\"url\":\"https:\/\/radioactivegaming.eu\/wp-content\/uploads\/2024\/05\/camp2.png\",\"contentUrl\":\"https:\/\/radioactivegaming.eu\/wp-content\/uploads\/2024\/05\/camp2.png\"},{\"@type\":\"BreadcrumbList\",\"@id\":\"https:\/\/radioactivegaming.eu\/atlas\/umgebung\/#breadcrumb\",\"itemListElement\":[{\"@type\":\"ListItem\",\"position\":1,\"name\":\"Startseite\",\"item\":\"https:\/\/radioactivegaming.eu\/\"},{\"@type\":\"ListItem\",\"position\":2,\"name\":\"Atlas\",\"item\":\"https:\/\/radioactivegaming.eu\/atlas\/\"},{\"@type\":\"ListItem\",\"position\":3,\"name\":\"umgebung\"}]},{\"@type\":\"WebSite\",\"@id\":\"https:\/\/radioactivegaming.eu\/#website\",\"url\":\"https:\/\/radioactivegaming.eu\/\",\"name\":\"Radioactive Gaming\",\"description\":\"\",\"publisher\":{\"@id\":\"https:\/\/radioactivegaming.eu\/#organization\"},\"potentialAction\":[{\"@type\":\"SearchAction\",\"target\":{\"@type\":\"EntryPoint\",\"urlTemplate\":\"https:\/\/radioactivegaming.eu\/?s={search_term_string}\"},\"query-input\":{\"@type\":\"PropertyValueSpecification\",\"valueRequired\":true,\"valueName\":\"search_term_string\"}}],\"inLanguage\":\"de\"},{\"@type\":\"Organization\",\"@id\":\"https:\/\/radioactivegaming.eu\/#organization\",\"name\":\"Radioactive Gaming\",\"url\":\"https:\/\/radioactivegaming.eu\/\",\"logo\":{\"@type\":\"ImageObject\",\"inLanguage\":\"de\",\"@id\":\"https:\/\/radioactivegaming.eu\/#\/schema\/logo\/image\/\",\"url\":\"https:\/\/radioactivegaming.eu\/wp-content\/uploads\/2019\/12\/cropped-coin-2.png\",\"contentUrl\":\"https:\/\/radioactivegaming.eu\/wp-content\/uploads\/2019\/12\/cropped-coin-2.png\",\"width\":256,\"height\":256,\"caption\":\"Radioactive Gaming\"},\"image\":{\"@id\":\"https:\/\/radioactivegaming.eu\/#\/schema\/logo\/image\/\"},\"sameAs\":[\"https:\/\/www.youtube.com\/channel\/UCHAH-p_vfp_co-__TB4M14A\"]}]}<\/script>\n<!-- \/ Yoast SEO plugin. -->","yoast_head_json":{"title":"umgebung - Radioactive Gaming","robots":{"index":"index","follow":"follow","max-snippet":"max-snippet:-1","max-image-preview":"max-image-preview:large","max-video-preview":"max-video-preview:-1"},"canonical":"https:\/\/radioactivegaming.eu\/de_de\/atlas\/umgebung\/","og_locale":"de_DE","og_type":"article","og_title":"umgebung - Radioactive Gaming","og_description":"Camps Diese NPC-Basen k\u00f6nnt ihr zuf\u00e4llig auf allen Inseln vorfinden! Sie sind aggressiv euch gegen\u00fcber. Schafft ihr es ihre Verteidigung zu durchbrechen und alle NPCs zu t\u00f6ten, k\u00f6nnt ihr sie an der Fahne pl\u00fcndern Sie sind die einzige Quelle f\u00fcr Blueprints von Strukturen. Iceberg Diese kommen im Polar und gelegentlich in der Tundra vor, k\u00f6nnen&hellip; Read more","og_url":"https:\/\/radioactivegaming.eu\/de_de\/atlas\/umgebung\/","og_site_name":"Radioactive Gaming","article_modified_time":"2024-05-24T22:32:07+00:00","og_image":[{"url":"https:\/\/radioactivegaming.eu\/wp-content\/uploads\/2024\/05\/camp2.png","type":"","width":"","height":""}],"twitter_card":"summary_large_image","twitter_misc":{"Gesch\u00e4tzte Lesezeit":"1\u00a0Minute"},"schema":{"@context":"https:\/\/schema.org","@graph":[{"@type":"WebPage","@id":"https:\/\/radioactivegaming.eu\/atlas\/umgebung\/","url":"https:\/\/radioactivegaming.eu\/atlas\/umgebung\/","name":"umgebung - Radioactive Gaming","isPartOf":{"@id":"https:\/\/radioactivegaming.eu\/#website"},"primaryImageOfPage":{"@id":"https:\/\/radioactivegaming.eu\/atlas\/umgebung\/#primaryimage"},"image":{"@id":"https:\/\/radioactivegaming.eu\/atlas\/umgebung\/#primaryimage"},"thumbnailUrl":"https:\/\/radioactivegaming.eu\/wp-content\/uploads\/2024\/05\/camp2.png","datePublished":"2021-03-17T14:45:15+00:00","dateModified":"2024-05-24T22:32:07+00:00","breadcrumb":{"@id":"https:\/\/radioactivegaming.eu\/atlas\/umgebung\/#breadcrumb"},"inLanguage":"de","potentialAction":[{"@type":"ReadAction","target":["https:\/\/radioactivegaming.eu\/atlas\/umgebung\/"]}]},{"@type":"ImageObject","inLanguage":"de","@id":"https:\/\/radioactivegaming.eu\/atlas\/umgebung\/#primaryimage","url":"https:\/\/radioactivegaming.eu\/wp-content\/uploads\/2024\/05\/camp2.png","contentUrl":"https:\/\/radioactivegaming.eu\/wp-content\/uploads\/2024\/05\/camp2.png"},{"@type":"BreadcrumbList","@id":"https:\/\/radioactivegaming.eu\/atlas\/umgebung\/#breadcrumb","itemListElement":[{"@type":"ListItem","position":1,"name":"Startseite","item":"https:\/\/radioactivegaming.eu\/"},{"@type":"ListItem","position":2,"name":"Atlas","item":"https:\/\/radioactivegaming.eu\/atlas\/"},{"@type":"ListItem","position":3,"name":"umgebung"}]},{"@type":"WebSite","@id":"https:\/\/radioactivegaming.eu\/#website","url":"https:\/\/radioactivegaming.eu\/","name":"Radioactive Gaming","description":"","publisher":{"@id":"https:\/\/radioactivegaming.eu\/#organization"},"potentialAction":[{"@type":"SearchAction","target":{"@type":"EntryPoint","urlTemplate":"https:\/\/radioactivegaming.eu\/?s={search_term_string}"},"query-input":{"@type":"PropertyValueSpecification","valueRequired":true,"valueName":"search_term_string"}}],"inLanguage":"de"},{"@type":"Organization","@id":"https:\/\/radioactivegaming.eu\/#organization","name":"Radioactive Gaming","url":"https:\/\/radioactivegaming.eu\/","logo":{"@type":"ImageObject","inLanguage":"de","@id":"https:\/\/radioactivegaming.eu\/#\/schema\/logo\/image\/","url":"https:\/\/radioactivegaming.eu\/wp-content\/uploads\/2019\/12\/cropped-coin-2.png","contentUrl":"https:\/\/radioactivegaming.eu\/wp-content\/uploads\/2019\/12\/cropped-coin-2.png","width":256,"height":256,"caption":"Radioactive Gaming"},"image":{"@id":"https:\/\/radioactivegaming.eu\/#\/schema\/logo\/image\/"},"sameAs":["https:\/\/www.youtube.com\/channel\/UCHAH-p_vfp_co-__TB4M14A"]}]}},"jetpack_sharing_enabled":true,"_links":{"self":[{"href":"https:\/\/radioactivegaming.eu\/de_de\/wp-json\/wp\/v2\/pages\/3149","targetHints":{"allow":["GET"]}}],"collection":[{"href":"https:\/\/radioactivegaming.eu\/de_de\/wp-json\/wp\/v2\/pages"}],"about":[{"href":"https:\/\/radioactivegaming.eu\/de_de\/wp-json\/wp\/v2\/types\/page"}],"author":[{"embeddable":true,"href":"https:\/\/radioactivegaming.eu\/de_de\/wp-json\/wp\/v2\/users\/1"}],"replies":[{"embeddable":true,"href":"https:\/\/radioactivegaming.eu\/de_de\/wp-json\/wp\/v2\/comments?post=3149"}],"version-history":[{"count":5,"href":"https:\/\/radioactivegaming.eu\/de_de\/wp-json\/wp\/v2\/pages\/3149\/revisions"}],"predecessor-version":[{"id":5457,"href":"https:\/\/radioactivegaming.eu\/de_de\/wp-json\/wp\/v2\/pages\/3149\/revisions\/5457"}],"up":[{"embeddable":true,"href":"https:\/\/radioactivegaming.eu\/de_de\/wp-json\/wp\/v2\/pages\/13"}],"wp:attachment":[{"href":"https:\/\/radioactivegaming.eu\/de_de\/wp-json\/wp\/v2\/media?parent=3149"}],"curies":[{"name":"wp","href":"https:\/\/api.w.org\/{rel}","templated":true}]}}