{"id":3180,"date":"2021-03-17T17:19:23","date_gmt":"2021-03-17T16:19:23","guid":{"rendered":"https:\/\/radioactivegaming.eu\/?page_id=3180"},"modified":"2024-05-24T18:13:02","modified_gmt":"2024-05-24T16:13:02","slug":"decay","status":"publish","type":"page","link":"https:\/\/radioactivegaming.eu\/de_de\/atlas\/decay\/","title":{"rendered":"Decay"},"content":{"rendered":"<div  data-label=\"Overlappable\" data-id=\"overlappable--2\" data-export-id=\"overlappable-4\" data-category=\"overlappable\" class=\"overlappable-4 content-section content-section-spacing content-relative\" data-overlap=\"true\" id=\"overlappable-2\" style=\"background-color: rgb(255, 255, 255);\"><div  class=\"section-separator-top\">\n    <svg  class=\"section-separator-top\" data-separator-name=\"triangle-asymmetrical-negative\" preserveAspectRatio=\"none\" viewBox=\"0 0 1000 100\" xmlns=\"http:\/\/www.w3.org\/2000\/svg\">\n        <path  class=\"svg-white-bg\" d=\"M737.9,94.7L0,0v100h1000V0L737.9,94.7z\"><\/path>\n    <\/svg>\n<\/div><div  class=\"gridContainer\"> <div  data-type=\"row\" class=\"row spaced-cols text-center\"><div  class=\"col-xs-12 col-sm-4 col-padding col-md-6 \"> <i  class=\"fa icon fa-clone large shadow-large-black round aligncenter reverse color1\"><\/i> <div  data-type=\"column\" class=\"\"> <h5  class=\"\">Zerfall von Strukturen \/ Tieren \/ Schiffen<\/h5> <p  class=\"\">Alle Strukturen, Tiere &amp; Schiffe, welche von der besitzenden Company 12 Tage nicht gerendert wurden, werden mit einem Roten Hammer versehen, dies ist die Warnung, dass diese Objekte bald zerfallen.\n<br ><br >Wird anschlie\u00dfend die 14 Tage-Schwelle \u00fcberschritten, werden die entsprechenden Objekte aus dem Spiel gel\u00f6scht.<\/p><\/div> <\/div> <div  class=\"col-xs-12 col-sm-4 col-padding col-md-6 \"> <i  class=\"fa icon fa-cogs large shadow-large-black round aligncenter reverse color1\"><\/i> <div  data-type=\"column\" class=\"\"><h5  class=\"\">Logging<\/h5> <p  class=\"\">Alle Decays sowie die Warnings werden im Discord unter:&nbsp;#<img decoding=\"async\"  draggable=\"false\" role=\"img\" class=\"emoji\" alt=\"?\" src=\"https:\/\/s.w.org\/images\/core\/emoji\/13.0.1\/svg\/1f6a7.svg\">decay-warnings-and-logs<img decoding=\"async\"  draggable=\"false\" role=\"img\" class=\"emoji\" alt=\"\u2693\" src=\"https:\/\/s.w.org\/images\/core\/emoji\/13.0.1\/svg\/2693.svg\"> aufgezeichnet.<br ><br >Diese k\u00f6nnt ihr jederzeit tagesaktuell einsehen!<\/p><\/div> <\/div> <div  class=\"col-xs-12 col-sm-4 col-padding col-md-6 \"> <i  class=\"fa icon fa-magic large shadow-large-black round aligncenter reverse color1\"><\/i> <div  data-type=\"column\" class=\"\"><h5  class=\"\">Decay Markierungen<\/h5> <p  class=\"\">Bitte beachtet, dass Decay Markierungen (Warnungen mit dem Roten Hammer) nicht vor einem Neustart des Servers verschwinden, dies ist aber nicht weiter bedenklich wenn ihr sie in der Zwischenzeit besucht habt.<\/p><\/div> <\/div><div  class=\"col-xs-12 col-sm-4 col-padding col-md-6 \"> <i  class=\"fa icon shadow-large-black aligncenter fa-automobile reverse round large color1\"><\/i> <div  data-type=\"column\" class=\"\"> <h5  class=\"\">Urlaub \/ Abwesenheit?<\/h5> <p  class=\"\">Sollte eure gesamte Company f\u00fcr eine gewisse Zeit nicht mehr spielen k\u00f6nnen (z.B. Urlaub) k\u00f6nnt ihr ein Ticket erstellen und euch auf die Ausnahmenliste hinzuf\u00fcgen lassen.\n<br ><br >Bitte beachtet, dass dies nicht davor sch\u00fctzt dass ein Claim der 10 Tage nicht gerendert wurde im PvE gestohlen werden kann.\n<br ><br >Bitte beachtet auch, dass Tiere weiterhin verhungern k\u00f6nnen und Schiffe durch die Abnutzung der Planken sinken k\u00f6nnten.\n<br >Trefft also vor eurer Abwesenheit Vorkehrungen!<\/p><\/div> <\/div><\/div> <\/div><\/div><div  data-label=\"Overlappable\" data-id=\"overlappable--1\" data-export-id=\"overlappable-1\" data-category=\"overlappable\" class=\"overlappable-1 content-section content-section-spacing\" data-overlap=\"true\" id=\"overlappable-1\" style=\"background-color: rgb(255, 255, 255);\"><div  class=\"gridContainer\"> <div  data-type=\"row\" class=\"row shadow-medium\"><div  data-type=\"column\" class=\"col-xs-12 col-sm-4 flexcol bg-color-white col-padding col-padding-small-xs col-md-6\">  <h5  class=\"\">Sonderregelungen<\/h5> <p  class=\"\">F\u00fcr die folgenden Inseln gibt es Sonderregelungen, welche ihr unbedingt beachten solltet.\n<br ><br >Bitte beachtet auch Reglementierungen auf diesen Inseln, die Zerfallsregelungen unterst\u00fctzen diese, sind aber keineswegs ein Freifahrtsschein z.B. zum Dauerparken und t\u00e4glichen rendern!!!<\/p> <\/div>  <div  data-type=\"column\" class=\"col-xs-12 col-sm-4 flexcol col-padding col-padding-small-xs inverted col-md-6 bg-color1\"><i  class=\"fa icon white fa-anchor color-black\"><\/i> <h5  class=\"inverted\">Nassau &amp; Andere St\u00e4dte<\/h5> <p  class=\"\">Schiffe &amp; Tiere in St\u00e4dten zerfallen wenn sie 48 Stunden nicht von der besitzenden Company gerendert wurden.\n<br ><br >\nSchiffe werden mit einem Debuff versehen, der sie nach 3 Tagen verfallen l\u00e4sst, auch wenn sie gerendert wurden!\n<br >Ihr k\u00f6nnt diesen Debuff entfernen indem ihr das Grid wechselt!<\/p> <\/div><div  data-type=\"column\" class=\"col-xs-12 col-sm-4 flexcol bg-color2 col-padding col-padding-small-xs inverted col-md-6\"><i  class=\"fa icon fa-cubes white\"><\/i> <h5  class=\"inverted\">Powerstone Inseln &amp; Yeti Cave<\/h5> <p  class=\"\">Schiffe &amp; Kreaturen auf diesen Inseln zerfallen wenn sie 48 Stunden nicht von der besitzenden Company gerendert wurden.\n<br ><br >Schiffe werden mit einem Debuff versehen, der sie nach 3 Restarts verfallen l\u00e4sst, auch wenn sie gerendert wurden! \n<br >Ihr k\u00f6nnt diesen Debuff entfernen indem ihr das Grid wechselt!<br ><br >Strukturen zerfallen nach jedem Neustart.<\/p> <\/div> <\/div><\/div> <\/div>","protected":false},"excerpt":{"rendered":"<p>Zerfall von Strukturen \/ Tieren \/ Schiffen Alle Strukturen, Tiere &amp; Schiffe, welche von der besitzenden Company 12 Tage nicht gerendert wurden, werden mit einem Roten Hammer versehen, dies ist die Warnung, dass diese Objekte bald zerfallen. Wird anschlie\u00dfend die 14 Tage-Schwelle \u00fcberschritten, werden die entsprechenden Objekte aus dem Spiel gel\u00f6scht. Logging Alle Decays sowie&hellip; <br \/> <a class=\"read-more\" href=\"https:\/\/radioactivegaming.eu\/de_de\/atlas\/decay\/\">Read more<\/a><\/p>\n","protected":false},"author":1,"featured_media":0,"parent":13,"menu_order":0,"comment_status":"closed","ping_status":"closed","template":"pro\/page-templates\/full-width-page.php","meta":{"footnotes":""},"class_list":["post-3180","page","type-page","status-publish","hentry"],"yoast_head":"<!-- This site is optimized with the Yoast SEO plugin v26.3 - https:\/\/yoast.com\/wordpress\/plugins\/seo\/ -->\n<title>Decay - Radioactive Gaming<\/title>\n<meta name=\"robots\" content=\"index, follow, max-snippet:-1, max-image-preview:large, max-video-preview:-1\" \/>\n<link rel=\"canonical\" href=\"https:\/\/radioactivegaming.eu\/de_de\/atlas\/decay\/\" \/>\n<meta property=\"og:locale\" content=\"de_DE\" \/>\n<meta property=\"og:type\" content=\"article\" \/>\n<meta property=\"og:title\" content=\"Decay - Radioactive Gaming\" \/>\n<meta property=\"og:description\" content=\"Zerfall von Strukturen \/ Tieren \/ Schiffen Alle Strukturen, Tiere &amp; Schiffe, welche von der besitzenden Company 12 Tage nicht gerendert wurden, werden mit einem Roten Hammer versehen, dies ist die Warnung, dass diese Objekte bald zerfallen. Wird anschlie\u00dfend die 14 Tage-Schwelle \u00fcberschritten, werden die entsprechenden Objekte aus dem Spiel gel\u00f6scht. Logging Alle Decays sowie&hellip; Read more\" \/>\n<meta property=\"og:url\" content=\"https:\/\/radioactivegaming.eu\/de_de\/atlas\/decay\/\" \/>\n<meta property=\"og:site_name\" content=\"Radioactive Gaming\" \/>\n<meta property=\"article:modified_time\" content=\"2024-05-24T16:13:02+00:00\" \/>\n<meta property=\"og:image\" content=\"https:\/\/s.w.org\/images\/core\/emoji\/13.0.1\/svg\/1f6a7.svg\" \/>\n<meta name=\"twitter:card\" content=\"summary_large_image\" \/>\n<meta name=\"twitter:label1\" content=\"Gesch\u00e4tzte Lesezeit\" \/>\n\t<meta name=\"twitter:data1\" content=\"3\u00a0Minuten\" \/>\n<script type=\"application\/ld+json\" class=\"yoast-schema-graph\">{\"@context\":\"https:\/\/schema.org\",\"@graph\":[{\"@type\":\"WebPage\",\"@id\":\"https:\/\/radioactivegaming.eu\/atlas\/decay\/\",\"url\":\"https:\/\/radioactivegaming.eu\/atlas\/decay\/\",\"name\":\"Decay - Radioactive Gaming\",\"isPartOf\":{\"@id\":\"https:\/\/radioactivegaming.eu\/#website\"},\"primaryImageOfPage\":{\"@id\":\"https:\/\/radioactivegaming.eu\/atlas\/decay\/#primaryimage\"},\"image\":{\"@id\":\"https:\/\/radioactivegaming.eu\/atlas\/decay\/#primaryimage\"},\"thumbnailUrl\":\"https:\/\/s.w.org\/images\/core\/emoji\/13.0.1\/svg\/1f6a7.svg\",\"datePublished\":\"2021-03-17T16:19:23+00:00\",\"dateModified\":\"2024-05-24T16:13:02+00:00\",\"breadcrumb\":{\"@id\":\"https:\/\/radioactivegaming.eu\/atlas\/decay\/#breadcrumb\"},\"inLanguage\":\"de\",\"potentialAction\":[{\"@type\":\"ReadAction\",\"target\":[\"https:\/\/radioactivegaming.eu\/atlas\/decay\/\"]}]},{\"@type\":\"ImageObject\",\"inLanguage\":\"de\",\"@id\":\"https:\/\/radioactivegaming.eu\/atlas\/decay\/#primaryimage\",\"url\":\"https:\/\/s.w.org\/images\/core\/emoji\/13.0.1\/svg\/1f6a7.svg\",\"contentUrl\":\"https:\/\/s.w.org\/images\/core\/emoji\/13.0.1\/svg\/1f6a7.svg\"},{\"@type\":\"BreadcrumbList\",\"@id\":\"https:\/\/radioactivegaming.eu\/atlas\/decay\/#breadcrumb\",\"itemListElement\":[{\"@type\":\"ListItem\",\"position\":1,\"name\":\"Startseite\",\"item\":\"https:\/\/radioactivegaming.eu\/\"},{\"@type\":\"ListItem\",\"position\":2,\"name\":\"Atlas\",\"item\":\"https:\/\/radioactivegaming.eu\/atlas\/\"},{\"@type\":\"ListItem\",\"position\":3,\"name\":\"Decay\"}]},{\"@type\":\"WebSite\",\"@id\":\"https:\/\/radioactivegaming.eu\/#website\",\"url\":\"https:\/\/radioactivegaming.eu\/\",\"name\":\"Radioactive Gaming\",\"description\":\"\",\"publisher\":{\"@id\":\"https:\/\/radioactivegaming.eu\/#organization\"},\"potentialAction\":[{\"@type\":\"SearchAction\",\"target\":{\"@type\":\"EntryPoint\",\"urlTemplate\":\"https:\/\/radioactivegaming.eu\/?s={search_term_string}\"},\"query-input\":{\"@type\":\"PropertyValueSpecification\",\"valueRequired\":true,\"valueName\":\"search_term_string\"}}],\"inLanguage\":\"de\"},{\"@type\":\"Organization\",\"@id\":\"https:\/\/radioactivegaming.eu\/#organization\",\"name\":\"Radioactive Gaming\",\"url\":\"https:\/\/radioactivegaming.eu\/\",\"logo\":{\"@type\":\"ImageObject\",\"inLanguage\":\"de\",\"@id\":\"https:\/\/radioactivegaming.eu\/#\/schema\/logo\/image\/\",\"url\":\"https:\/\/radioactivegaming.eu\/wp-content\/uploads\/2019\/12\/cropped-coin-2.png\",\"contentUrl\":\"https:\/\/radioactivegaming.eu\/wp-content\/uploads\/2019\/12\/cropped-coin-2.png\",\"width\":256,\"height\":256,\"caption\":\"Radioactive Gaming\"},\"image\":{\"@id\":\"https:\/\/radioactivegaming.eu\/#\/schema\/logo\/image\/\"},\"sameAs\":[\"https:\/\/www.youtube.com\/channel\/UCHAH-p_vfp_co-__TB4M14A\"]}]}<\/script>\n<!-- \/ Yoast SEO plugin. -->","yoast_head_json":{"title":"Decay - Radioactive Gaming","robots":{"index":"index","follow":"follow","max-snippet":"max-snippet:-1","max-image-preview":"max-image-preview:large","max-video-preview":"max-video-preview:-1"},"canonical":"https:\/\/radioactivegaming.eu\/de_de\/atlas\/decay\/","og_locale":"de_DE","og_type":"article","og_title":"Decay - Radioactive Gaming","og_description":"Zerfall von Strukturen \/ Tieren \/ Schiffen Alle Strukturen, Tiere &amp; Schiffe, welche von der besitzenden Company 12 Tage nicht gerendert wurden, werden mit einem Roten Hammer versehen, dies ist die Warnung, dass diese Objekte bald zerfallen. Wird anschlie\u00dfend die 14 Tage-Schwelle \u00fcberschritten, werden die entsprechenden Objekte aus dem Spiel gel\u00f6scht. Logging Alle Decays sowie&hellip; Read more","og_url":"https:\/\/radioactivegaming.eu\/de_de\/atlas\/decay\/","og_site_name":"Radioactive Gaming","article_modified_time":"2024-05-24T16:13:02+00:00","og_image":[{"url":"https:\/\/s.w.org\/images\/core\/emoji\/13.0.1\/svg\/1f6a7.svg","type":"","width":"","height":""}],"twitter_card":"summary_large_image","twitter_misc":{"Gesch\u00e4tzte Lesezeit":"3\u00a0Minuten"},"schema":{"@context":"https:\/\/schema.org","@graph":[{"@type":"WebPage","@id":"https:\/\/radioactivegaming.eu\/atlas\/decay\/","url":"https:\/\/radioactivegaming.eu\/atlas\/decay\/","name":"Decay - Radioactive Gaming","isPartOf":{"@id":"https:\/\/radioactivegaming.eu\/#website"},"primaryImageOfPage":{"@id":"https:\/\/radioactivegaming.eu\/atlas\/decay\/#primaryimage"},"image":{"@id":"https:\/\/radioactivegaming.eu\/atlas\/decay\/#primaryimage"},"thumbnailUrl":"https:\/\/s.w.org\/images\/core\/emoji\/13.0.1\/svg\/1f6a7.svg","datePublished":"2021-03-17T16:19:23+00:00","dateModified":"2024-05-24T16:13:02+00:00","breadcrumb":{"@id":"https:\/\/radioactivegaming.eu\/atlas\/decay\/#breadcrumb"},"inLanguage":"de","potentialAction":[{"@type":"ReadAction","target":["https:\/\/radioactivegaming.eu\/atlas\/decay\/"]}]},{"@type":"ImageObject","inLanguage":"de","@id":"https:\/\/radioactivegaming.eu\/atlas\/decay\/#primaryimage","url":"https:\/\/s.w.org\/images\/core\/emoji\/13.0.1\/svg\/1f6a7.svg","contentUrl":"https:\/\/s.w.org\/images\/core\/emoji\/13.0.1\/svg\/1f6a7.svg"},{"@type":"BreadcrumbList","@id":"https:\/\/radioactivegaming.eu\/atlas\/decay\/#breadcrumb","itemListElement":[{"@type":"ListItem","position":1,"name":"Startseite","item":"https:\/\/radioactivegaming.eu\/"},{"@type":"ListItem","position":2,"name":"Atlas","item":"https:\/\/radioactivegaming.eu\/atlas\/"},{"@type":"ListItem","position":3,"name":"Decay"}]},{"@type":"WebSite","@id":"https:\/\/radioactivegaming.eu\/#website","url":"https:\/\/radioactivegaming.eu\/","name":"Radioactive Gaming","description":"","publisher":{"@id":"https:\/\/radioactivegaming.eu\/#organization"},"potentialAction":[{"@type":"SearchAction","target":{"@type":"EntryPoint","urlTemplate":"https:\/\/radioactivegaming.eu\/?s={search_term_string}"},"query-input":{"@type":"PropertyValueSpecification","valueRequired":true,"valueName":"search_term_string"}}],"inLanguage":"de"},{"@type":"Organization","@id":"https:\/\/radioactivegaming.eu\/#organization","name":"Radioactive Gaming","url":"https:\/\/radioactivegaming.eu\/","logo":{"@type":"ImageObject","inLanguage":"de","@id":"https:\/\/radioactivegaming.eu\/#\/schema\/logo\/image\/","url":"https:\/\/radioactivegaming.eu\/wp-content\/uploads\/2019\/12\/cropped-coin-2.png","contentUrl":"https:\/\/radioactivegaming.eu\/wp-content\/uploads\/2019\/12\/cropped-coin-2.png","width":256,"height":256,"caption":"Radioactive Gaming"},"image":{"@id":"https:\/\/radioactivegaming.eu\/#\/schema\/logo\/image\/"},"sameAs":["https:\/\/www.youtube.com\/channel\/UCHAH-p_vfp_co-__TB4M14A"]}]}},"jetpack_sharing_enabled":true,"_links":{"self":[{"href":"https:\/\/radioactivegaming.eu\/de_de\/wp-json\/wp\/v2\/pages\/3180","targetHints":{"allow":["GET"]}}],"collection":[{"href":"https:\/\/radioactivegaming.eu\/de_de\/wp-json\/wp\/v2\/pages"}],"about":[{"href":"https:\/\/radioactivegaming.eu\/de_de\/wp-json\/wp\/v2\/types\/page"}],"author":[{"embeddable":true,"href":"https:\/\/radioactivegaming.eu\/de_de\/wp-json\/wp\/v2\/users\/1"}],"replies":[{"embeddable":true,"href":"https:\/\/radioactivegaming.eu\/de_de\/wp-json\/wp\/v2\/comments?post=3180"}],"version-history":[{"count":9,"href":"https:\/\/radioactivegaming.eu\/de_de\/wp-json\/wp\/v2\/pages\/3180\/revisions"}],"predecessor-version":[{"id":5316,"href":"https:\/\/radioactivegaming.eu\/de_de\/wp-json\/wp\/v2\/pages\/3180\/revisions\/5316"}],"up":[{"embeddable":true,"href":"https:\/\/radioactivegaming.eu\/de_de\/wp-json\/wp\/v2\/pages\/13"}],"wp:attachment":[{"href":"https:\/\/radioactivegaming.eu\/de_de\/wp-json\/wp\/v2\/media?parent=3180"}],"curies":[{"name":"wp","href":"https:\/\/api.w.org\/{rel}","templated":true}]}}