{"id":3387,"date":"2021-08-03T12:07:52","date_gmt":"2021-08-03T10:07:52","guid":{"rendered":"https:\/\/radioactivegaming.eu\/?page_id=3387"},"modified":"2024-05-24T20:32:41","modified_gmt":"2024-05-24T18:32:41","slug":"animaloverhaul","status":"publish","type":"page","link":"https:\/\/radioactivegaming.eu\/de_de\/atlas\/animaloverhaul\/","title":{"rendered":"AnimalOverhaul"},"content":{"rendered":"<div  data-label=\"About\" data-id=\"about--2\" data-export-id=\"about-image-text\" data-category=\"about\" class=\"about-image-text content-section content-section-spacing content-relative\" id=\"about-2\" style=\"background-color: rgb(245, 250, 253);\"><div  class=\"section-separator-top\">\n    <svg  class=\"section-separator-top\" data-separator-name=\"triangle-asymmetrical-negative\" preserveAspectRatio=\"none\" viewBox=\"0 0 1000 100\" xmlns=\"http:\/\/www.w3.org\/2000\/svg\">\n        <path  class=\"svg-white-bg\" d=\"M737.9,94.7L0,0v100h1000V0L737.9,94.7z\"><\/path>\n    <\/svg>\n<\/div><div  class=\"gridContainer\"> <div  class=\"row\"><div  class=\"col-sm-6 flexbox-strech center-xs middle-xs no-gutter-col\"> <div  class=\"shadow-large overlap-right-large flexbox middle-xs center-xs left-img\" data-bg=\"image\" style=\"background-image: url(&quot;https:\/\/radioactivegaming.eu\/wp-content\/uploads\/2021\/08\/cropped-cropped-20210712171022_1.jpg&quot;);\"><\/div><\/div> <div  class=\"col-sm-6 space-bottom-xs col-padding-small-xs col-sm-padding-large bg-color5 white-text content-col\" data-type=\"column\"> <h2  class=\"\">Animal Overhaul<\/h2> <p  class=\"\">Um Grapeshot Bugs zuk\u00fcnftig vorzubeugen und korrektes Balancing vornehmen zu k\u00f6nnen, haben wir uns entschieden alle vorhanden z\u00e4hmbaren Tiere zu \u00fcberschreiben\u2026<\/p><\/div> <\/div><\/div> <\/div><div  data-label=\"Overlappable\" data-id=\"overlappable--2\" data-export-id=\"overlappable-5\" data-category=\"overlappable\" class=\"overlappable-5 content-section content-section-spacing\" data-overlap=\"true\" id=\"overlappable-2\" style=\"background-color: rgb(255, 255, 255);\"><div  class=\"gridContainer\"> <div  data-type=\"row\" class=\"row shadow-medium bg-color-white\"><div  class=\"col-xs-12 col-sm-4 col-padding col-padding-xs bg-color-white\"> <div  class=\"row middle-sm\"><div  class=\"col-xs-12 col-sm-fit icon-column\"> <i  class=\"fa icon fa-eye bordered round color2\"><\/i><\/div> <div  data-type=\"column\" class=\"col-xs-12 col-sm v-spacing\"><h5  class=\"\">Erkennbarkeit<\/h5><\/div> <\/div> <div  class=\"row\"> <div  class=\"col-xs-12 col-sm-12\" data-type=\"column\"> <p  class=\"\">Radioactive Varianten haben in ihrer Bezeichnung \u201eR-\u201c so z.B. R-Bear.<\/p> <\/div> <\/div><\/div> <div  class=\"col-xs-12 col-sm-4 col-padding col-padding-xs bg-color-white\"><div  class=\"row middle-sm\"> <div  class=\"col-xs-12 col-sm-fit icon-column\"><i  class=\"fa icon fa-american-sign-language-interpreting bordered round color2\"><\/i><\/div> <div  data-type=\"column\" class=\"col-xs-12 col-sm v-spacing\"><h5  class=\"\">Unterschiede<\/h5><\/div> <\/div> <div  class=\"row\"> <div  class=\"col-xs-12 col-sm-12\" data-type=\"column\"> <p  class=\"\">Radioactive Varianten k\u00f6nnen sich stark von ihren Vanilla Varianten unterscheiden.&nbsp;<\/p> <\/div> <\/div><\/div> <div  class=\"col-xs-12 col-sm-4 col-padding col-padding-xs bg-color-white\"><div  class=\"row middle-sm\"> <div  class=\"col-xs-12 col-sm-fit icon-column\"><i  class=\"fa icon fa-heart-o bordered round color2\"><\/i><\/div> <div  data-type=\"column\" class=\"col-xs-12 col-sm v-spacing\"><h5  class=\"\">Breeding<\/h5><\/div> <\/div> <div  class=\"row\"> <div  class=\"col-xs-12 col-sm-12\" data-type=\"column\"> <p  class=\"\">Radioactive Varianten sind nicht \u00fcberall Breedbar, nur in den Biomen wo sie auch haupts\u00e4chlich vorkommen.<\/p> <\/div> <\/div><\/div> <\/div><\/div> <\/div><div  data-label=\"About\" data-id=\"about--3\" data-export-id=\"about-text-image\" data-category=\"about\" class=\"about-text-image content-section content-section-spacing\" id=\"about-3\" style=\"background-color: rgb(255, 255, 255);\"><div  class=\"gridContainer\"> <div  class=\"row\"><div  class=\"col-sm-6 col-padding-small-xs col-sm-padding-large bg-color5 white-text content-col\" data-type=\"column\">  <h2  class=\"\">Yeti<\/h2> <p  class=\"\">Balanced Version des Yeti an, dieser \u201everliert\u201c bei Z\u00e4hmung einiges an HP und eine hohe Menge seines Melee Damage-Wertes.\n<br ><br >\nDer Yeti ist imstande Fasern und Saps sehr effizient zu farmen und hat entsprechende Traglast Buffs die dies unterst\u00fctzen.<\/p><\/div> <div  class=\"col-sm-6 flexbox-strech center-xs middle-xs no-gutter-col\"><div  class=\"shadow-large overlap-left-large flexbox middle-xs center-xs right-img\" data-bg=\"image\" style=\"background-image: url(&quot;https:\/\/radioactivegaming.eu\/wp-content\/uploads\/2021\/08\/cropped-cropped-20210718043008_1-scaled-3.jpg&quot;);\"><\/div><\/div> <\/div><\/div> <\/div><div  data-label=\"About\" data-id=\"about--5\" data-export-id=\"about-image-text\" data-category=\"about\" class=\"about-image-text content-section content-section-spacing\" id=\"about-5\" style=\"background-color: rgb(255, 255, 255);\"><div  class=\"gridContainer\"> <div  class=\"row\"><div  class=\"col-sm-6 flexbox-strech center-xs middle-xs no-gutter-col\"> <div  class=\"shadow-large overlap-right-large flexbox middle-xs center-xs left-img\" data-bg=\"image\" style=\"background-image: url(&quot;https:\/\/radioactivegaming.eu\/wp-content\/uploads\/2021\/08\/cropped-cropped-Screenshot_9.png&quot;);\"><\/div><\/div> <div  class=\"col-sm-6 space-bottom-xs col-padding-small-xs col-sm-padding-large bg-color5 white-text content-col\" data-type=\"column\"> <h2  class=\"\">Krabbe<\/h2> <p  class=\"\">Die Krabbe hat ein Geschlecht und kann gez\u00fcchtet werden, sie ist nur in \u201eDesert\u201c breedbar und legt Eier.\n<br ><br >\nIhre Aufzucht ist sehr zeitintensiv.<\/p><\/div> <\/div><\/div> <\/div><div  data-label=\"About\" data-id=\"about--4\" data-export-id=\"about-text-image\" data-category=\"about\" class=\"about-text-image content-section content-section-spacing\" id=\"about-4\" style=\"background-color: rgb(245, 250, 253);\"><div  class=\"gridContainer\"> <div  class=\"row\"><div  class=\"col-sm-6 col-padding-small-xs col-sm-padding-large bg-color5 white-text content-col\" data-type=\"column\">  <h2  class=\"\">Leatherwing<\/h2> <p  class=\"\">Der Leatherwing ist z\u00e4hmbar, f\u00fcr ihn gibt es einige Besonderheiten, seine Stamina kann nicht gelevelt werden!\n<br ><br >\nGez\u00e4hmt wird er durch das T\u00f6ten von euren Tames, sprich, er muss den letzten Schlag auf ein Tame machen, je nach Level &amp; GrundXP des Tames, ist dies unterschiedlich effektiv.\n<br ><br >Wichtig dabei: Das Tier darf weder beritten werden, noch auf Passiv stehen, es ist also wichtig, das es so schwach wie m\u00f6glich vor den Leatherwing kommt um diesen nicht ausversehen zu t\u00f6ten.\n<br ><br >Es ist zwar m\u00f6glich Babies zu nutzen, dies ist aber weniger effektiv als adulte Tiere.<\/p><\/div> <div  class=\"col-sm-6 flexbox-strech center-xs middle-xs no-gutter-col\"><div  class=\"shadow-large overlap-left-large flexbox middle-xs center-xs right-img\" data-bg=\"image\" style=\"background-image: url(&quot;https:\/\/radioactivegaming.eu\/wp-content\/uploads\/2021\/08\/cropped-cropped-leatherwing.jpg&quot;);\"><\/div><\/div> <\/div><\/div> <\/div><div data-label=\"About\" data-id=\"about--7\" data-export-id=\"about-image-text\" data-category=\"about\" class=\"about-image-text content-section content-section-spacing\" id=\"about-7\"  style=\"background-color: rgb(245, 250, 253);\"><div class=\"gridContainer\" > <div class=\"row\" ><div class=\"col-sm-6 flexbox-strech center-xs middle-xs no-gutter-col\" > <div class=\"shadow-large overlap-right-large flexbox middle-xs center-xs left-img\" data-bg=\"image\"  style=\"background-image: url(&quot;https:\/\/radioactivegaming.eu\/wp-content\/uploads\/2024\/05\/cropped-baerly-1.png&quot;);\"><\/div><\/div> <div class=\"col-sm-6 space-bottom-xs col-padding-small-xs col-sm-padding-large bg-color5 white-text content-col\" data-type=\"column\" > <h2 class=\"\" >B\u00e4r<\/h2> <p class=\"\" >Der B\u00e4r wurde zugunsten der anderen Kampftiere in seinen Stats komplett \u00fcberarbeitet.\n<br ><br >Er eignet sich vorallem als Starter-Tame<\/p><\/div> <\/div><\/div> <\/div><div data-label=\"About\" data-id=\"about--8\" data-export-id=\"about-text-image\" data-category=\"about\" class=\"about-text-image content-section content-section-spacing\" id=\"about-8\"  style=\"background-color: rgb(255, 255, 255);\"><div class=\"gridContainer\" > <div class=\"row\" ><div class=\"col-sm-6 col-padding-small-xs col-sm-padding-large bg-color5 white-text content-col\" data-type=\"column\" >  <h2 class=\"\" >Rhino<\/h2> <p class=\"\" >Das Rhino kann deutlich mehr Steine tragen als die Vanilla Variante<\/p><\/div> <div class=\"col-sm-6 flexbox-strech center-xs middle-xs no-gutter-col\" ><div class=\"shadow-large overlap-left-large flexbox middle-xs center-xs right-img\" data-bg=\"image\"  style=\"background-image: url(&quot;https:\/\/radioactivegaming.eu\/wp-content\/uploads\/2024\/05\/cropped-image.png&quot;);\"><\/div><\/div> <\/div><\/div> <\/div><div data-label=\"About\" data-id=\"about--9\" data-export-id=\"about-image-text\" data-category=\"about\" class=\"about-image-text content-section content-section-spacing\" id=\"about-9\"  style=\"background-color: rgb(245, 250, 253);\"><div class=\"gridContainer\" > <div class=\"row\" ><div class=\"col-sm-6 flexbox-strech center-xs middle-xs no-gutter-col\" > <div class=\"shadow-large overlap-right-large flexbox middle-xs center-xs left-img\" data-bg=\"image\"  style=\"background-image: url(&quot;https:\/\/radioactivegaming.eu\/wp-content\/uploads\/2024\/05\/cropped-cow.png&quot;);\"><\/div><\/div> <div class=\"col-sm-6 space-bottom-xs col-padding-small-xs col-sm-padding-large bg-color5 white-text content-col\" data-type=\"column\" > <h2 class=\"\" >Kuh \/ Bulle<\/h2> <p class=\"\" >Die Kuh kann mithilfe eines Cargo Sattels enorme Gewichte transportieren<\/p><\/div> <\/div><\/div> <\/div><div data-label=\"About\" data-id=\"about--10\" data-export-id=\"about-text-image\" data-category=\"about\" class=\"about-text-image content-section content-section-spacing\" id=\"about-10\"  style=\"background-color: rgb(255, 255, 255);\"><div class=\"gridContainer\" > <div class=\"row\" ><div class=\"col-sm-6 col-padding-small-xs col-sm-padding-large bg-color5 white-text content-col\" data-type=\"column\" >  <h2 class=\"\" >Kleintiere<\/h2> <p class=\"\" >Kr\u00e4he:\n<br >&#8211; Boni des Int-Buffs ist nicht mehr Capped bei Level 130\n<br ><br >Papagei:&nbsp;\n<br >&#8211; Boni des Fortitude-Buffs ist nicht mehr Capped bei Level 130, wurde au\u00dferdem deutlich verst\u00e4rkt (von 0,138\/Level auf 0,55\/Level erh\u00f6ht)\n<br ><br >\nRabbit:<br >&#8211; Boni des Buffs ist vom Geburtslevel abh\u00e4ngig<br >\n\u2013 Min Stamina f\u00fcr Speed Boost wird mit steigendem Level weniger<\/p><\/div> <div class=\"col-sm-6 flexbox-strech center-xs middle-xs no-gutter-col\" ><div class=\"shadow-large overlap-left-large flexbox middle-xs center-xs right-img\" data-bg=\"image\"  style=\"background-image: url(&quot;https:\/\/radioactivegaming.eu\/wp-content\/uploads\/2024\/05\/cropped-kleintiere.png&quot;);\"><\/div><\/div> <\/div><\/div> <\/div><div data-label=\"About\" data-id=\"about--11\" data-export-id=\"about-image-text\" data-category=\"about\" class=\"about-image-text content-section content-section-spacing\" id=\"about-11\"  style=\"background-color: rgb(245, 250, 253);\"><div class=\"gridContainer\" > <div class=\"row\" ><div class=\"col-sm-6 flexbox-strech center-xs middle-xs no-gutter-col\" > <div class=\"shadow-large overlap-right-large flexbox middle-xs center-xs left-img\" data-bg=\"image\"  style=\"background-image: url(&quot;https:\/\/radioactivegaming.eu\/wp-content\/uploads\/2024\/05\/cropped-bat.png&quot;);\"><\/div><\/div> <div class=\"col-sm-6 space-bottom-xs col-padding-small-xs col-sm-padding-large bg-color5 white-text content-col\" data-type=\"column\" > <h2 class=\"\" >Fledermaus<\/h2> <p class=\"\" >Die Fledermaus kann tags\u00fcber bet\u00e4ubt werden und dann mit Insektenfleisch gef\u00fcttert werden.\n<br ><br >Achtung! Nachts erwacht die Fledermaus automatisch!\n<br ><br >Auf der Schulter verleiht euch die Fledermaus Nachtsicht!<\/p><\/div> <\/div><\/div> <\/div>","protected":false},"excerpt":{"rendered":"<p>Animal Overhaul Um Grapeshot Bugs zuk\u00fcnftig vorzubeugen und korrektes Balancing vornehmen zu k\u00f6nnen, haben wir uns entschieden alle vorhanden z\u00e4hmbaren Tiere zu \u00fcberschreiben\u2026 Erkennbarkeit Radioactive Varianten haben in ihrer Bezeichnung \u201eR-\u201c so z.B. R-Bear. Unterschiede Radioactive Varianten k\u00f6nnen sich stark von ihren Vanilla Varianten unterscheiden.&nbsp; Breeding Radioactive Varianten sind nicht \u00fcberall Breedbar, nur in den&hellip; <br \/> <a class=\"read-more\" href=\"https:\/\/radioactivegaming.eu\/de_de\/atlas\/animaloverhaul\/\">Read more<\/a><\/p>\n","protected":false},"author":1,"featured_media":0,"parent":13,"menu_order":0,"comment_status":"closed","ping_status":"closed","template":"pro\/page-templates\/full-width-page.php","meta":{"footnotes":""},"class_list":["post-3387","page","type-page","status-publish","hentry"],"yoast_head":"<!-- This site is optimized with the Yoast SEO plugin v26.3 - https:\/\/yoast.com\/wordpress\/plugins\/seo\/ -->\n<title>AnimalOverhaul - Radioactive Gaming<\/title>\n<meta name=\"robots\" content=\"index, follow, max-snippet:-1, max-image-preview:large, max-video-preview:-1\" \/>\n<link rel=\"canonical\" href=\"https:\/\/radioactivegaming.eu\/de_de\/atlas\/animaloverhaul\/\" \/>\n<meta property=\"og:locale\" content=\"de_DE\" \/>\n<meta property=\"og:type\" content=\"article\" \/>\n<meta property=\"og:title\" content=\"AnimalOverhaul - Radioactive Gaming\" \/>\n<meta property=\"og:description\" content=\"Animal Overhaul Um Grapeshot Bugs zuk\u00fcnftig vorzubeugen und korrektes Balancing vornehmen zu k\u00f6nnen, haben wir uns entschieden alle vorhanden z\u00e4hmbaren Tiere zu \u00fcberschreiben\u2026 Erkennbarkeit Radioactive Varianten haben in ihrer Bezeichnung \u201eR-\u201c so z.B. R-Bear. Unterschiede Radioactive Varianten k\u00f6nnen sich stark von ihren Vanilla Varianten unterscheiden.&nbsp; Breeding Radioactive Varianten sind nicht \u00fcberall Breedbar, nur in den&hellip; Read more\" \/>\n<meta property=\"og:url\" content=\"https:\/\/radioactivegaming.eu\/de_de\/atlas\/animaloverhaul\/\" \/>\n<meta property=\"og:site_name\" content=\"Radioactive Gaming\" \/>\n<meta property=\"article:modified_time\" content=\"2024-05-24T18:32:41+00:00\" \/>\n<meta name=\"twitter:card\" content=\"summary_large_image\" \/>\n<meta name=\"twitter:label1\" content=\"Gesch\u00e4tzte Lesezeit\" \/>\n\t<meta name=\"twitter:data1\" content=\"2\u00a0Minuten\" \/>\n<script type=\"application\/ld+json\" class=\"yoast-schema-graph\">{\"@context\":\"https:\/\/schema.org\",\"@graph\":[{\"@type\":\"WebPage\",\"@id\":\"https:\/\/radioactivegaming.eu\/atlas\/animaloverhaul\/\",\"url\":\"https:\/\/radioactivegaming.eu\/atlas\/animaloverhaul\/\",\"name\":\"AnimalOverhaul - Radioactive Gaming\",\"isPartOf\":{\"@id\":\"https:\/\/radioactivegaming.eu\/#website\"},\"datePublished\":\"2021-08-03T10:07:52+00:00\",\"dateModified\":\"2024-05-24T18:32:41+00:00\",\"breadcrumb\":{\"@id\":\"https:\/\/radioactivegaming.eu\/atlas\/animaloverhaul\/#breadcrumb\"},\"inLanguage\":\"de\",\"potentialAction\":[{\"@type\":\"ReadAction\",\"target\":[\"https:\/\/radioactivegaming.eu\/atlas\/animaloverhaul\/\"]}]},{\"@type\":\"BreadcrumbList\",\"@id\":\"https:\/\/radioactivegaming.eu\/atlas\/animaloverhaul\/#breadcrumb\",\"itemListElement\":[{\"@type\":\"ListItem\",\"position\":1,\"name\":\"Startseite\",\"item\":\"https:\/\/radioactivegaming.eu\/\"},{\"@type\":\"ListItem\",\"position\":2,\"name\":\"Atlas\",\"item\":\"https:\/\/radioactivegaming.eu\/atlas\/\"},{\"@type\":\"ListItem\",\"position\":3,\"name\":\"AnimalOverhaul\"}]},{\"@type\":\"WebSite\",\"@id\":\"https:\/\/radioactivegaming.eu\/#website\",\"url\":\"https:\/\/radioactivegaming.eu\/\",\"name\":\"Radioactive Gaming\",\"description\":\"\",\"publisher\":{\"@id\":\"https:\/\/radioactivegaming.eu\/#organization\"},\"potentialAction\":[{\"@type\":\"SearchAction\",\"target\":{\"@type\":\"EntryPoint\",\"urlTemplate\":\"https:\/\/radioactivegaming.eu\/?s={search_term_string}\"},\"query-input\":{\"@type\":\"PropertyValueSpecification\",\"valueRequired\":true,\"valueName\":\"search_term_string\"}}],\"inLanguage\":\"de\"},{\"@type\":\"Organization\",\"@id\":\"https:\/\/radioactivegaming.eu\/#organization\",\"name\":\"Radioactive Gaming\",\"url\":\"https:\/\/radioactivegaming.eu\/\",\"logo\":{\"@type\":\"ImageObject\",\"inLanguage\":\"de\",\"@id\":\"https:\/\/radioactivegaming.eu\/#\/schema\/logo\/image\/\",\"url\":\"https:\/\/radioactivegaming.eu\/wp-content\/uploads\/2019\/12\/cropped-coin-2.png\",\"contentUrl\":\"https:\/\/radioactivegaming.eu\/wp-content\/uploads\/2019\/12\/cropped-coin-2.png\",\"width\":256,\"height\":256,\"caption\":\"Radioactive Gaming\"},\"image\":{\"@id\":\"https:\/\/radioactivegaming.eu\/#\/schema\/logo\/image\/\"},\"sameAs\":[\"https:\/\/www.youtube.com\/channel\/UCHAH-p_vfp_co-__TB4M14A\"]}]}<\/script>\n<!-- \/ Yoast SEO plugin. -->","yoast_head_json":{"title":"AnimalOverhaul - Radioactive Gaming","robots":{"index":"index","follow":"follow","max-snippet":"max-snippet:-1","max-image-preview":"max-image-preview:large","max-video-preview":"max-video-preview:-1"},"canonical":"https:\/\/radioactivegaming.eu\/de_de\/atlas\/animaloverhaul\/","og_locale":"de_DE","og_type":"article","og_title":"AnimalOverhaul - Radioactive Gaming","og_description":"Animal Overhaul Um Grapeshot Bugs zuk\u00fcnftig vorzubeugen und korrektes Balancing vornehmen zu k\u00f6nnen, haben wir uns entschieden alle vorhanden z\u00e4hmbaren Tiere zu \u00fcberschreiben\u2026 Erkennbarkeit Radioactive Varianten haben in ihrer Bezeichnung \u201eR-\u201c so z.B. R-Bear. Unterschiede Radioactive Varianten k\u00f6nnen sich stark von ihren Vanilla Varianten unterscheiden.&nbsp; Breeding Radioactive Varianten sind nicht \u00fcberall Breedbar, nur in den&hellip; Read more","og_url":"https:\/\/radioactivegaming.eu\/de_de\/atlas\/animaloverhaul\/","og_site_name":"Radioactive Gaming","article_modified_time":"2024-05-24T18:32:41+00:00","twitter_card":"summary_large_image","twitter_misc":{"Gesch\u00e4tzte Lesezeit":"2\u00a0Minuten"},"schema":{"@context":"https:\/\/schema.org","@graph":[{"@type":"WebPage","@id":"https:\/\/radioactivegaming.eu\/atlas\/animaloverhaul\/","url":"https:\/\/radioactivegaming.eu\/atlas\/animaloverhaul\/","name":"AnimalOverhaul - Radioactive Gaming","isPartOf":{"@id":"https:\/\/radioactivegaming.eu\/#website"},"datePublished":"2021-08-03T10:07:52+00:00","dateModified":"2024-05-24T18:32:41+00:00","breadcrumb":{"@id":"https:\/\/radioactivegaming.eu\/atlas\/animaloverhaul\/#breadcrumb"},"inLanguage":"de","potentialAction":[{"@type":"ReadAction","target":["https:\/\/radioactivegaming.eu\/atlas\/animaloverhaul\/"]}]},{"@type":"BreadcrumbList","@id":"https:\/\/radioactivegaming.eu\/atlas\/animaloverhaul\/#breadcrumb","itemListElement":[{"@type":"ListItem","position":1,"name":"Startseite","item":"https:\/\/radioactivegaming.eu\/"},{"@type":"ListItem","position":2,"name":"Atlas","item":"https:\/\/radioactivegaming.eu\/atlas\/"},{"@type":"ListItem","position":3,"name":"AnimalOverhaul"}]},{"@type":"WebSite","@id":"https:\/\/radioactivegaming.eu\/#website","url":"https:\/\/radioactivegaming.eu\/","name":"Radioactive Gaming","description":"","publisher":{"@id":"https:\/\/radioactivegaming.eu\/#organization"},"potentialAction":[{"@type":"SearchAction","target":{"@type":"EntryPoint","urlTemplate":"https:\/\/radioactivegaming.eu\/?s={search_term_string}"},"query-input":{"@type":"PropertyValueSpecification","valueRequired":true,"valueName":"search_term_string"}}],"inLanguage":"de"},{"@type":"Organization","@id":"https:\/\/radioactivegaming.eu\/#organization","name":"Radioactive Gaming","url":"https:\/\/radioactivegaming.eu\/","logo":{"@type":"ImageObject","inLanguage":"de","@id":"https:\/\/radioactivegaming.eu\/#\/schema\/logo\/image\/","url":"https:\/\/radioactivegaming.eu\/wp-content\/uploads\/2019\/12\/cropped-coin-2.png","contentUrl":"https:\/\/radioactivegaming.eu\/wp-content\/uploads\/2019\/12\/cropped-coin-2.png","width":256,"height":256,"caption":"Radioactive Gaming"},"image":{"@id":"https:\/\/radioactivegaming.eu\/#\/schema\/logo\/image\/"},"sameAs":["https:\/\/www.youtube.com\/channel\/UCHAH-p_vfp_co-__TB4M14A"]}]}},"jetpack_sharing_enabled":true,"_links":{"self":[{"href":"https:\/\/radioactivegaming.eu\/de_de\/wp-json\/wp\/v2\/pages\/3387","targetHints":{"allow":["GET"]}}],"collection":[{"href":"https:\/\/radioactivegaming.eu\/de_de\/wp-json\/wp\/v2\/pages"}],"about":[{"href":"https:\/\/radioactivegaming.eu\/de_de\/wp-json\/wp\/v2\/types\/page"}],"author":[{"embeddable":true,"href":"https:\/\/radioactivegaming.eu\/de_de\/wp-json\/wp\/v2\/users\/1"}],"replies":[{"embeddable":true,"href":"https:\/\/radioactivegaming.eu\/de_de\/wp-json\/wp\/v2\/comments?post=3387"}],"version-history":[{"count":12,"href":"https:\/\/radioactivegaming.eu\/de_de\/wp-json\/wp\/v2\/pages\/3387\/revisions"}],"predecessor-version":[{"id":5335,"href":"https:\/\/radioactivegaming.eu\/de_de\/wp-json\/wp\/v2\/pages\/3387\/revisions\/5335"}],"up":[{"embeddable":true,"href":"https:\/\/radioactivegaming.eu\/de_de\/wp-json\/wp\/v2\/pages\/13"}],"wp:attachment":[{"href":"https:\/\/radioactivegaming.eu\/de_de\/wp-json\/wp\/v2\/media?parent=3387"}],"curies":[{"name":"wp","href":"https:\/\/api.w.org\/{rel}","templated":true}]}}