{"id":3434,"date":"2021-08-10T10:34:12","date_gmt":"2021-08-10T08:34:12","guid":{"rendered":"https:\/\/radioactivegaming.eu\/?page_id=3434"},"modified":"2024-05-24T20:53:20","modified_gmt":"2024-05-24T18:53:20","slug":"item-quality","status":"publish","type":"page","link":"https:\/\/radioactivegaming.eu\/de_de\/atlas\/item-quality\/","title":{"rendered":"Item Quality"},"content":{"rendered":"<div  data-label=\"Overlappable\" data-id=\"overlappable--1\" data-export-id=\"overlappable-2\" data-category=\"overlappable\" class=\"overlappable-2 content-section content-section-spacing content-relative\" data-overlap=\"true\" id=\"overlappable-1\" style=\"background-color: rgb(255, 255, 255);\"><div  class=\"section-separator-top\">\n    <svg  class=\"section-separator-top\" data-separator-name=\"triangle-asymmetrical-negative\" preserveAspectRatio=\"none\" viewBox=\"0 0 1000 100\" xmlns=\"http:\/\/www.w3.org\/2000\/svg\">\n        <path  class=\"svg-white-bg\" d=\"M737.9,94.7L0,0v100h1000V0L737.9,94.7z\"><\/path>\n    <\/svg>\n<\/div><div  class=\"gridContainer\"> <div  class=\"row middle-sm shadow-medium bg-color-white\"><div  class=\"col-xs-12 col-sm-4 top-sm col-padding col-padding-xs\" data-type=\"column\"> <h3  class=\"font-300\">Blaupausen findet ihr bei uns in folgenden Stufen<\/h3> <p  class=\"\">Primitive<br ><span  style=\"color: rgb(38, 204, 29);\"><span  style=\"font-weight: 700;\">Fine<\/span><\/span><br ><span  style=\"color: rgb(3, 25, 244); font-weight: 700;\">Journeyman<\/span><br ><span  style=\"color: rgb(140, 35, 159); font-weight: 700;\">Masterwork<\/span><br ><span  style=\"color: rgb(252, 247, 2); font-weight: 700;\">Legendary<\/span><br ><span  style=\"color: rgb(0, 255, 248); font-weight: 700;\">Mythical<\/span><br ><span  style=\"color: rgb(223, 10, 10);\"><span  style=\"font-weight: 700;\">Unique<\/span><\/span><\/p> <\/div> <div  class=\"col-xs-12 col-sm-8\"><div  data-type=\"row\" class=\"row\"> <div  class=\"col-xs-12 col-sm-6 col-padding col-padding-small-xs\"><i  class=\"fa icon fa-cogs bordered round color1\"><\/i> <h5  class=\"\">Crafting<\/h5> <p  class=\"\">Zum Herstellen von Unique Blaupausen ben\u00f6tigt ihr:<br >\u2013 7 Arten jeder Ressource, z.B. 7 Arten Holz\n<br >\u2013 Mythos\n<br >\u2013 Gold<br >\u2013 Luminous Substance<\/p><\/div> <div  class=\"col-xs-12 col-sm-6 col-padding col-padding-small-xs\"><i  class=\"fa icon bordered round fa-forumbee color1\"><\/i> <h5  class=\"\">Luminous Substance<\/h5> <p  class=\"\">Diese seltene Ressource kann von Leichen des Glowing Whales geerntet werden, welcher sich in den Tiefen der Trenches befindet!\n<br ><br >Luminous Substance wird zum Craften von Unique Items ben\u00f6tigt!<br ><br >Auch durch andere Schwierige Spielinhalte k\u00f6nnte ihr diese Ressource verdienen (z.B. Bossfights, Unique Herausforderungen).<\/p><\/div> <div  class=\"col-xs-12 col-sm-6 col-padding col-padding-small-xs\"><i  class=\"fa icon bordered round fa-cubes color1\"><\/i> <h5  class=\"\">Reparatur von Unique Items<\/h5> <p  class=\"\">Zus\u00e4tzliche Ressourcen (Gold, Luminous Substance) werden nicht f\u00fcr die Reperatur ben\u00f6tigt, wenn ihr diese \u00fcber die Werkbank durchf\u00fchrt.<\/p><img decoding=\"async\"  class=\"custom-image\" src=\"https:\/\/radioactivegaming.eu\/wp-content\/uploads\/2024\/05\/repair.png\" title=\"repair\" alt=\"\"><\/div> <div  class=\"col-xs-12 col-sm-6 col-padding col-padding-small-xs\"><i  class=\"fa icon fa-cogs bordered round color1\"><\/i> <h5  class=\"\">Upgraden von Blueprints<\/h5> <p  class=\"\">Zum Upgraden von Blueprints ben\u00f6tigt ihr einen Grinder.\n<br >&nbsp;\n<br >Mehr zum Grinder findet ihr unten<\/p><img decoding=\"async\"  class=\"custom-image\" src=\"https:\/\/radioactivegaming.eu\/wp-content\/uploads\/2024\/05\/grinder.png\" title=\"grinder\" alt=\"\"><\/div><div  class=\"col-xs-12 col-sm-6 col-padding col-padding-small-xs\"> <i  class=\"fa icon fa-book bordered round color1\"><\/i> <h5  class=\"\">Wo finde ich Blaupausen<\/h5> <p  class=\"\">Blaupausen erhaltet ihr durch diverse Aktivit\u00e4ten wie z.B. beim Looten von Wracks, Haunted Chests, usw.<\/p><\/div> <\/div><\/div> <\/div><\/div> <\/div><div data-label=\"Pricing\" data-id=\"pricing--1\" data-export-id=\"pricing-3\" data-category=\"pricing\" data-featured-class=\"pricing-featured\" class=\"pricing-3 content-section content-section-spacing\" id=\"pricing-1\"  style=\"background-color: rgb(245, 250, 253);\"><div class=\"gridContainer\" > <div class=\"row middle-sm\" ><div class=\"col-xs-12 col-sm-4 col-padding-xs\" data-type=\"column\" ><h2 class=\"\" >Der Grinder<\/h2><img decoding=\"async\"  class=\"custom-image\" src=\"https:\/\/radioactivegaming.eu\/wp-content\/uploads\/2024\/05\/grinder.png\" title=\"grinder\" alt=\"\">  <\/div> <div class=\"col-xs-12 col-sm-8\" ><div class=\"row middle-sm spaced-cols\" data-type=\"row\" > <div data-default=\"no-class\" data-featured=\"shadow-large\" class=\"col-xs-12 col-sm-6 card-replacer text-center pos-rel\" ><div class=\"top-right-triangle color2\" data-fixed=\"true\" ><\/div> <h5 class=\"upper\" >Blueprints zerlegen<\/h5> <i class=\"fa icon round-background fa-cog reverse round big color2\" ><\/i>   <h4 class=\"\" >Blueprints k\u00f6nnen im Grinder zu Blueprint Scraps zerlegt werden.<br >\nDie Menge ist abh\u00e4ngig von der Qualit\u00e4t eures BPs:<br ><\/h4><ul class=\"unstyled stared decoration-color1 text-center black\" ><li >Fine \u2013 2<\/li><li >Journeyman \u2013 4<\/li><li >Masterwork \u2013 8<\/li><li >Legendary \u2013 16<\/li><li >Mythical \u2013 32<\/li><li >Unique \u2013 64<\/li><\/ul> <\/div> <div data-default=\"no-class\" data-featured=\"shadow-large\" class=\"col-xs-12 col-sm-6 card-replacer text-center pos-rel\" ><div class=\"top-right-triangle color2\" data-fixed=\"true\" ><\/div> <h5 class=\"upper\" >Blueprints upgraden<\/h5> <i class=\"fa icon round-background fa-arrow-circle-up reverse round big color2\" ><\/i>   <h4 class=\"\" >Ihr k\u00f6nnt ein ausgew\u00e4hltes BP um eine Qualit\u00e4ts Stufe mithilfe von Blueprint Scraps verbessern, alle Werte werden dabei neu in der h\u00f6heren Qualit\u00e4t gew\u00fcrfelt.<br >\nKosten:<\/h4><ul class=\"unstyled stared decoration-color1 text-center black\" ><li >Fine -&gt; Journeyman \u2013 120 Scraps + 500 Gold<\/li><li >Journeyman -&gt; Masterwork \u2013 240 Scraps + 1k Gold<\/li><li >Masterwork -&gt; Legendary \u2013 480 Scraps + 4k Gold<\/li><li >Legendary -&gt; Mythical \u2013 960 Scraps + 5k Gold<\/li><li >Mythical -&gt; Unique \u2013 5760 Scraps + 30k Gold<\/li><\/ul> <\/div> <\/div><\/div> <\/div><\/div> <\/div>","protected":false},"excerpt":{"rendered":"<p>Blaupausen findet ihr bei uns in folgenden Stufen PrimitiveFineJourneymanMasterworkLegendaryMythicalUnique Crafting Zum Herstellen von Unique Blaupausen ben\u00f6tigt ihr:\u2013 7 Arten jeder Ressource, z.B. 7 Arten Holz \u2013 Mythos \u2013 Gold\u2013 Luminous Substance Luminous Substance Diese seltene Ressource kann von Leichen des Glowing Whales geerntet werden, welcher sich in den Tiefen der Trenches befindet! Luminous Substance wird&hellip; <br \/> <a class=\"read-more\" href=\"https:\/\/radioactivegaming.eu\/de_de\/atlas\/item-quality\/\">Read more<\/a><\/p>\n","protected":false},"author":1,"featured_media":0,"parent":13,"menu_order":0,"comment_status":"closed","ping_status":"closed","template":"pro\/page-templates\/full-width-page.php","meta":{"footnotes":""},"class_list":["post-3434","page","type-page","status-publish","hentry"],"yoast_head":"<!-- This site is optimized with the Yoast SEO plugin v26.3 - https:\/\/yoast.com\/wordpress\/plugins\/seo\/ -->\n<title>Item Quality - Radioactive Gaming<\/title>\n<meta name=\"robots\" content=\"index, follow, max-snippet:-1, max-image-preview:large, max-video-preview:-1\" \/>\n<link rel=\"canonical\" href=\"https:\/\/radioactivegaming.eu\/de_de\/atlas\/item-quality\/\" \/>\n<meta property=\"og:locale\" content=\"de_DE\" \/>\n<meta property=\"og:type\" content=\"article\" \/>\n<meta property=\"og:title\" content=\"Item Quality - Radioactive Gaming\" \/>\n<meta property=\"og:description\" content=\"Blaupausen findet ihr bei uns in folgenden Stufen PrimitiveFineJourneymanMasterworkLegendaryMythicalUnique Crafting Zum Herstellen von Unique Blaupausen ben\u00f6tigt ihr:\u2013 7 Arten jeder Ressource, z.B. 7 Arten Holz \u2013 Mythos \u2013 Gold\u2013 Luminous Substance Luminous Substance Diese seltene Ressource kann von Leichen des Glowing Whales geerntet werden, welcher sich in den Tiefen der Trenches befindet! Luminous Substance wird&hellip; Read more\" \/>\n<meta property=\"og:url\" content=\"https:\/\/radioactivegaming.eu\/de_de\/atlas\/item-quality\/\" \/>\n<meta property=\"og:site_name\" content=\"Radioactive Gaming\" \/>\n<meta property=\"article:modified_time\" content=\"2024-05-24T18:53:20+00:00\" \/>\n<meta property=\"og:image\" content=\"https:\/\/radioactivegaming.eu\/wp-content\/uploads\/2024\/05\/repair.png\" \/>\n<meta name=\"twitter:card\" content=\"summary_large_image\" \/>\n<meta name=\"twitter:label1\" content=\"Gesch\u00e4tzte Lesezeit\" \/>\n\t<meta name=\"twitter:data1\" content=\"1\u00a0Minute\" \/>\n<script type=\"application\/ld+json\" class=\"yoast-schema-graph\">{\"@context\":\"https:\/\/schema.org\",\"@graph\":[{\"@type\":\"WebPage\",\"@id\":\"https:\/\/radioactivegaming.eu\/atlas\/item-quality\/\",\"url\":\"https:\/\/radioactivegaming.eu\/atlas\/item-quality\/\",\"name\":\"Item Quality - Radioactive Gaming\",\"isPartOf\":{\"@id\":\"https:\/\/radioactivegaming.eu\/#website\"},\"primaryImageOfPage\":{\"@id\":\"https:\/\/radioactivegaming.eu\/atlas\/item-quality\/#primaryimage\"},\"image\":{\"@id\":\"https:\/\/radioactivegaming.eu\/atlas\/item-quality\/#primaryimage\"},\"thumbnailUrl\":\"https:\/\/radioactivegaming.eu\/wp-content\/uploads\/2024\/05\/repair.png\",\"datePublished\":\"2021-08-10T08:34:12+00:00\",\"dateModified\":\"2024-05-24T18:53:20+00:00\",\"breadcrumb\":{\"@id\":\"https:\/\/radioactivegaming.eu\/atlas\/item-quality\/#breadcrumb\"},\"inLanguage\":\"de\",\"potentialAction\":[{\"@type\":\"ReadAction\",\"target\":[\"https:\/\/radioactivegaming.eu\/atlas\/item-quality\/\"]}]},{\"@type\":\"ImageObject\",\"inLanguage\":\"de\",\"@id\":\"https:\/\/radioactivegaming.eu\/atlas\/item-quality\/#primaryimage\",\"url\":\"https:\/\/radioactivegaming.eu\/wp-content\/uploads\/2024\/05\/repair.png\",\"contentUrl\":\"https:\/\/radioactivegaming.eu\/wp-content\/uploads\/2024\/05\/repair.png\"},{\"@type\":\"BreadcrumbList\",\"@id\":\"https:\/\/radioactivegaming.eu\/atlas\/item-quality\/#breadcrumb\",\"itemListElement\":[{\"@type\":\"ListItem\",\"position\":1,\"name\":\"Startseite\",\"item\":\"https:\/\/radioactivegaming.eu\/\"},{\"@type\":\"ListItem\",\"position\":2,\"name\":\"Atlas\",\"item\":\"https:\/\/radioactivegaming.eu\/atlas\/\"},{\"@type\":\"ListItem\",\"position\":3,\"name\":\"Item Quality\"}]},{\"@type\":\"WebSite\",\"@id\":\"https:\/\/radioactivegaming.eu\/#website\",\"url\":\"https:\/\/radioactivegaming.eu\/\",\"name\":\"Radioactive Gaming\",\"description\":\"\",\"publisher\":{\"@id\":\"https:\/\/radioactivegaming.eu\/#organization\"},\"potentialAction\":[{\"@type\":\"SearchAction\",\"target\":{\"@type\":\"EntryPoint\",\"urlTemplate\":\"https:\/\/radioactivegaming.eu\/?s={search_term_string}\"},\"query-input\":{\"@type\":\"PropertyValueSpecification\",\"valueRequired\":true,\"valueName\":\"search_term_string\"}}],\"inLanguage\":\"de\"},{\"@type\":\"Organization\",\"@id\":\"https:\/\/radioactivegaming.eu\/#organization\",\"name\":\"Radioactive Gaming\",\"url\":\"https:\/\/radioactivegaming.eu\/\",\"logo\":{\"@type\":\"ImageObject\",\"inLanguage\":\"de\",\"@id\":\"https:\/\/radioactivegaming.eu\/#\/schema\/logo\/image\/\",\"url\":\"https:\/\/radioactivegaming.eu\/wp-content\/uploads\/2019\/12\/cropped-coin-2.png\",\"contentUrl\":\"https:\/\/radioactivegaming.eu\/wp-content\/uploads\/2019\/12\/cropped-coin-2.png\",\"width\":256,\"height\":256,\"caption\":\"Radioactive Gaming\"},\"image\":{\"@id\":\"https:\/\/radioactivegaming.eu\/#\/schema\/logo\/image\/\"},\"sameAs\":[\"https:\/\/www.youtube.com\/channel\/UCHAH-p_vfp_co-__TB4M14A\"]}]}<\/script>\n<!-- \/ Yoast SEO plugin. -->","yoast_head_json":{"title":"Item Quality - Radioactive Gaming","robots":{"index":"index","follow":"follow","max-snippet":"max-snippet:-1","max-image-preview":"max-image-preview:large","max-video-preview":"max-video-preview:-1"},"canonical":"https:\/\/radioactivegaming.eu\/de_de\/atlas\/item-quality\/","og_locale":"de_DE","og_type":"article","og_title":"Item Quality - Radioactive Gaming","og_description":"Blaupausen findet ihr bei uns in folgenden Stufen PrimitiveFineJourneymanMasterworkLegendaryMythicalUnique Crafting Zum Herstellen von Unique Blaupausen ben\u00f6tigt ihr:\u2013 7 Arten jeder Ressource, z.B. 7 Arten Holz \u2013 Mythos \u2013 Gold\u2013 Luminous Substance Luminous Substance Diese seltene Ressource kann von Leichen des Glowing Whales geerntet werden, welcher sich in den Tiefen der Trenches befindet! Luminous Substance wird&hellip; Read more","og_url":"https:\/\/radioactivegaming.eu\/de_de\/atlas\/item-quality\/","og_site_name":"Radioactive Gaming","article_modified_time":"2024-05-24T18:53:20+00:00","og_image":[{"url":"https:\/\/radioactivegaming.eu\/wp-content\/uploads\/2024\/05\/repair.png","type":"","width":"","height":""}],"twitter_card":"summary_large_image","twitter_misc":{"Gesch\u00e4tzte Lesezeit":"1\u00a0Minute"},"schema":{"@context":"https:\/\/schema.org","@graph":[{"@type":"WebPage","@id":"https:\/\/radioactivegaming.eu\/atlas\/item-quality\/","url":"https:\/\/radioactivegaming.eu\/atlas\/item-quality\/","name":"Item Quality - Radioactive Gaming","isPartOf":{"@id":"https:\/\/radioactivegaming.eu\/#website"},"primaryImageOfPage":{"@id":"https:\/\/radioactivegaming.eu\/atlas\/item-quality\/#primaryimage"},"image":{"@id":"https:\/\/radioactivegaming.eu\/atlas\/item-quality\/#primaryimage"},"thumbnailUrl":"https:\/\/radioactivegaming.eu\/wp-content\/uploads\/2024\/05\/repair.png","datePublished":"2021-08-10T08:34:12+00:00","dateModified":"2024-05-24T18:53:20+00:00","breadcrumb":{"@id":"https:\/\/radioactivegaming.eu\/atlas\/item-quality\/#breadcrumb"},"inLanguage":"de","potentialAction":[{"@type":"ReadAction","target":["https:\/\/radioactivegaming.eu\/atlas\/item-quality\/"]}]},{"@type":"ImageObject","inLanguage":"de","@id":"https:\/\/radioactivegaming.eu\/atlas\/item-quality\/#primaryimage","url":"https:\/\/radioactivegaming.eu\/wp-content\/uploads\/2024\/05\/repair.png","contentUrl":"https:\/\/radioactivegaming.eu\/wp-content\/uploads\/2024\/05\/repair.png"},{"@type":"BreadcrumbList","@id":"https:\/\/radioactivegaming.eu\/atlas\/item-quality\/#breadcrumb","itemListElement":[{"@type":"ListItem","position":1,"name":"Startseite","item":"https:\/\/radioactivegaming.eu\/"},{"@type":"ListItem","position":2,"name":"Atlas","item":"https:\/\/radioactivegaming.eu\/atlas\/"},{"@type":"ListItem","position":3,"name":"Item Quality"}]},{"@type":"WebSite","@id":"https:\/\/radioactivegaming.eu\/#website","url":"https:\/\/radioactivegaming.eu\/","name":"Radioactive Gaming","description":"","publisher":{"@id":"https:\/\/radioactivegaming.eu\/#organization"},"potentialAction":[{"@type":"SearchAction","target":{"@type":"EntryPoint","urlTemplate":"https:\/\/radioactivegaming.eu\/?s={search_term_string}"},"query-input":{"@type":"PropertyValueSpecification","valueRequired":true,"valueName":"search_term_string"}}],"inLanguage":"de"},{"@type":"Organization","@id":"https:\/\/radioactivegaming.eu\/#organization","name":"Radioactive Gaming","url":"https:\/\/radioactivegaming.eu\/","logo":{"@type":"ImageObject","inLanguage":"de","@id":"https:\/\/radioactivegaming.eu\/#\/schema\/logo\/image\/","url":"https:\/\/radioactivegaming.eu\/wp-content\/uploads\/2019\/12\/cropped-coin-2.png","contentUrl":"https:\/\/radioactivegaming.eu\/wp-content\/uploads\/2019\/12\/cropped-coin-2.png","width":256,"height":256,"caption":"Radioactive Gaming"},"image":{"@id":"https:\/\/radioactivegaming.eu\/#\/schema\/logo\/image\/"},"sameAs":["https:\/\/www.youtube.com\/channel\/UCHAH-p_vfp_co-__TB4M14A"]}]}},"jetpack_sharing_enabled":true,"_links":{"self":[{"href":"https:\/\/radioactivegaming.eu\/de_de\/wp-json\/wp\/v2\/pages\/3434","targetHints":{"allow":["GET"]}}],"collection":[{"href":"https:\/\/radioactivegaming.eu\/de_de\/wp-json\/wp\/v2\/pages"}],"about":[{"href":"https:\/\/radioactivegaming.eu\/de_de\/wp-json\/wp\/v2\/types\/page"}],"author":[{"embeddable":true,"href":"https:\/\/radioactivegaming.eu\/de_de\/wp-json\/wp\/v2\/users\/1"}],"replies":[{"embeddable":true,"href":"https:\/\/radioactivegaming.eu\/de_de\/wp-json\/wp\/v2\/comments?post=3434"}],"version-history":[{"count":4,"href":"https:\/\/radioactivegaming.eu\/de_de\/wp-json\/wp\/v2\/pages\/3434\/revisions"}],"predecessor-version":[{"id":5342,"href":"https:\/\/radioactivegaming.eu\/de_de\/wp-json\/wp\/v2\/pages\/3434\/revisions\/5342"}],"up":[{"embeddable":true,"href":"https:\/\/radioactivegaming.eu\/de_de\/wp-json\/wp\/v2\/pages\/13"}],"wp:attachment":[{"href":"https:\/\/radioactivegaming.eu\/de_de\/wp-json\/wp\/v2\/media?parent=3434"}],"curies":[{"name":"wp","href":"https:\/\/api.w.org\/{rel}","templated":true}]}}