{"id":3449,"date":"2021-08-10T10:58:21","date_gmt":"2021-08-10T08:58:21","guid":{"rendered":"https:\/\/radioactivegaming.eu\/?page_id=3449"},"modified":"2024-05-25T11:32:36","modified_gmt":"2024-05-25T09:32:36","slug":"bettershipyardsandsails","status":"publish","type":"page","link":"https:\/\/radioactivegaming.eu\/de_de\/atlas\/bettershipyardsandsails\/","title":{"rendered":"BetterShipyardsAndSails"},"content":{"rendered":"<div  data-label=\"Overlappable\" data-id=\"overlappable--1\" data-export-id=\"overlappable-3\" data-category=\"overlappable\" class=\"overlappable-3 content-section content-section-spacing content-relative\" data-overlap=\"true\" id=\"overlappable-1\" style=\"background-color: rgb(255, 255, 255);\"><div  class=\"section-separator-top\">\n    <svg  class=\"section-separator-top\" data-separator-name=\"triangle-asymmetrical-negative\" preserveAspectRatio=\"none\" viewBox=\"0 0 1000 100\" xmlns=\"http:\/\/www.w3.org\/2000\/svg\">\n        <path  class=\"svg-white-bg\" d=\"M737.9,94.7L0,0v100h1000V0L737.9,94.7z\"><\/path>\n    <\/svg>\n<\/div><div  class=\"gridContainer\"> <div  class=\"row bg-color-white shadow-medium\"><div  class=\"col-xs-12 col-sm-6 image-col first-image-col\" data-bg=\"image\" style=\"background-image: url(&quot;https:\/\/radioactivegaming.eu\/wp-content\/uploads\/2021\/03\/cropped-cropped-20210222131709_1-scaled-1.jpg&quot;);\"><\/div> <div  class=\"col-xs-12 col-sm-6 content-col col-padding col-padding-xs\"> <div  class=\"col-padding\" data-type=\"column\"> <h4  class=\"\">Schiffswerfen<\/h4> <p  class=\"\">Auf Radioactive stehen nur 2 Shipyards (Small &amp; Large) zur Verf\u00fcgung.\n<br ><br >Die Schiffsqualit\u00e4t ist von der verwendeten Blaupause des Schiffes abh\u00e4ngig. Diese k\u00f6nnt ihr finden wenn ihr z.B. Fraktionsschiffe lootet.<br >\nBaut ihr ein Schiff ohne Blaupause, hat dieses immer 100%.<br ><br >Schiffe kosten abh\u00e4ngig von ihrer Qualit\u00e4t Gold<br >\nDie maximalen Kosten sind auf 200%, wie die Schiffsqualit\u00e4t begrenzt, ensprechend kosten 200% Schiffe z.B.:<br >\nTrireme 16k Gold (100% Preis 8k Gold)<br >\nBrigantine 8k Gold (100% Preis 4k Gold)<br >\nGalleone 20k Gold (100% Preis 10k Gold)<br ><br >Skins f\u00fcr Vanilla Schiffe (z.b. Mahagoni \u2013 im Bild) k\u00f6nnen im entsprechenden Shipyard ebenfalls hergestellt werden, diese haben nur ein anderes optisches Aussehen, keine besseren Stats o.\u00e4.\n<br >Um ein Skin-Schiff herzustellen, klickt den entsprechenden Button in der Mitte der Werft.<\/p> <\/div> <\/div><\/div> <div  class=\"row bg-color-white shadow-medium\"><div  class=\"col-xs-12 col-sm-6 content-col col-padding col-padding-xs\"> <div  class=\"col-padding\" data-type=\"column\"><h4  class=\"\">Segel<\/h4> <p  class=\"\"><span  style=\"font-weight: 700;\">Speed Segel:<\/span>\n<br >Neuer Stat SailOpenCloseSpeed: Bestimmt die \u00d6ffnungs- &amp; Schlie\u00dfgeschwindigkeit von Segeln.<br >Windradius von 84 Grad auf 90 Grad erh\u00f6ht!\n<br ><br ><span  style=\"font-weight: 700;\">Segelskins:<\/span>\n<br >In unserem Spenden-Shop k\u00f6nnt ihr euch f\u00fcr die jeweiligen Segeltypen Company Skins erstellen lassen, welche dann anders als Bemalungen in HD sind und deutlich mehr Farben anzeigen k\u00f6nnen!&nbsp;\n<br ><br ><span  style=\"font-weight: 700;\">Neuer Segeltyp:&nbsp;Schmetterling-Segel\n<br ><span  style=\"font-weight: 400;\">Schmetterling Segel sind \u201eHybriden\u201c.<\/span><br ><span  style=\"font-weight: 400;\">Sie bieten die Vorteile von Handling, Speed &amp; Weight Segel und sind somit ein Allrounder, der nat\u00fcrlich im jeweiligen Bereicht deutlich schw\u00e4cher ist als Speed, Weight oder Handling.\n<\/span><br ><span  style=\"font-weight: 400;\">Kann Stats\/Werte haben in:\n<br >\u2013 SailEffectiveAngle\n<br >\u2013 SailMaxMovementWeight\n<br >\u2013 SailAcceleration\n<br >\u2013 SailTurningEffectiveness\n<br >\u2013 SailOpenCloseSpeed\n<br ><br >\n<\/span>Neuer Segeltyp: Frontsail<br ><span  style=\"font-weight: 400;\">Auf einigen Schiffen kann ganz vorne ein weiteres Segel angebracht werden, je nach Schiff ist dieses rein dekorativ oder tr\u00e4gt auch zur Geschwindigkeit bei!\n<\/span><br ><span  style=\"font-weight: 400;\">Kann Stats\/Werte haben in:<\/span><br ><span  style=\"font-weight: 400;\">\u2013 SailAcceleration<\/span><br ><span  style=\"font-weight: 400;\">\u2013 SailOpenCloseSpeed<\/span><span  id=\"_mce_caret\" data-mce-bogus=\"1\" data-mce-type=\"format-caret\"><span  style=\"font-weight: 400;\">\ufeff<\/span><\/span><\/span><\/p> <\/div> <\/div> <div  class=\"col-xs-12 col-sm-6 image-col second-image-col first-xs last-sm\" data-bg=\"image\" style=\"background-image: url(&quot;https:\/\/radioactivegaming.eu\/wp-content\/uploads\/2021\/08\/cropped-20210801142415_1.jpg&quot;);\"><\/div> <\/div><\/div> <\/div><div data-label=\"About\" data-id=\"about--1\" data-export-id=\"about-4\" data-category=\"about\" class=\"about-4 content-section content-section-spacing\" id=\"about-1\"  style=\"background-color: rgb(245, 250, 253);\"><div class=\"gridContainer\" > <div class=\"row middle-sm text-center\" ><div class=\"col-sm-5 space-bottom-xs\" data-type=\"column\" > <h5 class=\"\" >Maintenance Dock<\/h5> <h2 class=\"\" >Das Upgraden von Schiffen&#8230;<\/h2> <p class=\"\" >&#8230;(h\u00f6here Schiffsqualit\u00e4t) ist jederzeit im Maintenance Dock m\u00f6glich, welches zus\u00e4tzlich die Funktion hat alle Teile eures Schiffes zu reparieren.\n<br ><br >H\u00e4ngt dazu euer Schiff in das Dock, legt eine entsprechende Blaupause ins Inventar und besorgt die n\u00f6tigen Crafting-Materialen. \n<br >W\u00e4hlt dann die Blaupause aus und klickt &#8222;Craft&#8220; (E).<\/p> <\/div> <div class=\"col-sm-7 flexbox center-xs middle-xs image-group-2-img\" > <img decoding=\"async\" class=\"img-1 shadow-large\" data-size=\"250x200\" src=\"https:\/\/radioactivegaming.eu\/wp-content\/uploads\/2024\/05\/maintdock.png\"  title=\"maintdock\" alt=\"\"> <img decoding=\"async\" class=\"img-2 shadow-large\" data-size=\"220x170\" src=\"https:\/\/radioactivegaming.eu\/wp-content\/uploads\/2024\/05\/maint2.png\"  title=\"maint2\" alt=\"\"><\/div> <\/div><\/div> <\/div>","protected":false},"excerpt":{"rendered":"<p>Schiffswerfen Auf Radioactive stehen nur 2 Shipyards (Small &amp; Large) zur Verf\u00fcgung. Die Schiffsqualit\u00e4t ist von der verwendeten Blaupause des Schiffes abh\u00e4ngig. Diese k\u00f6nnt ihr finden wenn ihr z.B. Fraktionsschiffe lootet. Baut ihr ein Schiff ohne Blaupause, hat dieses immer 100%.Schiffe kosten abh\u00e4ngig von ihrer Qualit\u00e4t Gold Die maximalen Kosten sind auf 200%, wie die&hellip; <br \/> <a class=\"read-more\" href=\"https:\/\/radioactivegaming.eu\/de_de\/atlas\/bettershipyardsandsails\/\">Read more<\/a><\/p>\n","protected":false},"author":1,"featured_media":0,"parent":13,"menu_order":0,"comment_status":"closed","ping_status":"closed","template":"pro\/page-templates\/full-width-page.php","meta":{"footnotes":""},"class_list":["post-3449","page","type-page","status-publish","hentry"],"yoast_head":"<!-- This site is optimized with the Yoast SEO plugin v26.3 - https:\/\/yoast.com\/wordpress\/plugins\/seo\/ -->\n<title>BetterShipyardsAndSails - Radioactive Gaming<\/title>\n<meta name=\"robots\" content=\"index, follow, max-snippet:-1, max-image-preview:large, max-video-preview:-1\" \/>\n<link rel=\"canonical\" href=\"https:\/\/radioactivegaming.eu\/de_de\/atlas\/bettershipyardsandsails\/\" \/>\n<meta property=\"og:locale\" content=\"de_DE\" \/>\n<meta property=\"og:type\" content=\"article\" \/>\n<meta property=\"og:title\" content=\"BetterShipyardsAndSails - Radioactive Gaming\" \/>\n<meta property=\"og:description\" content=\"Schiffswerfen Auf Radioactive stehen nur 2 Shipyards (Small &amp; Large) zur Verf\u00fcgung. Die Schiffsqualit\u00e4t ist von der verwendeten Blaupause des Schiffes abh\u00e4ngig. Diese k\u00f6nnt ihr finden wenn ihr z.B. Fraktionsschiffe lootet. Baut ihr ein Schiff ohne Blaupause, hat dieses immer 100%.Schiffe kosten abh\u00e4ngig von ihrer Qualit\u00e4t Gold Die maximalen Kosten sind auf 200%, wie die&hellip; Read more\" \/>\n<meta property=\"og:url\" content=\"https:\/\/radioactivegaming.eu\/de_de\/atlas\/bettershipyardsandsails\/\" \/>\n<meta property=\"og:site_name\" content=\"Radioactive Gaming\" \/>\n<meta property=\"article:modified_time\" content=\"2024-05-25T09:32:36+00:00\" \/>\n<meta property=\"og:image\" content=\"https:\/\/radioactivegaming.eu\/wp-content\/uploads\/2024\/05\/maintdock.png\" \/>\n<meta name=\"twitter:card\" content=\"summary_large_image\" \/>\n<meta name=\"twitter:label1\" content=\"Gesch\u00e4tzte Lesezeit\" \/>\n\t<meta name=\"twitter:data1\" content=\"2\u00a0Minuten\" \/>\n<script type=\"application\/ld+json\" class=\"yoast-schema-graph\">{\"@context\":\"https:\/\/schema.org\",\"@graph\":[{\"@type\":\"WebPage\",\"@id\":\"https:\/\/radioactivegaming.eu\/atlas\/bettershipyardsandsails\/\",\"url\":\"https:\/\/radioactivegaming.eu\/atlas\/bettershipyardsandsails\/\",\"name\":\"BetterShipyardsAndSails - Radioactive Gaming\",\"isPartOf\":{\"@id\":\"https:\/\/radioactivegaming.eu\/#website\"},\"primaryImageOfPage\":{\"@id\":\"https:\/\/radioactivegaming.eu\/atlas\/bettershipyardsandsails\/#primaryimage\"},\"image\":{\"@id\":\"https:\/\/radioactivegaming.eu\/atlas\/bettershipyardsandsails\/#primaryimage\"},\"thumbnailUrl\":\"https:\/\/radioactivegaming.eu\/wp-content\/uploads\/2024\/05\/maintdock.png\",\"datePublished\":\"2021-08-10T08:58:21+00:00\",\"dateModified\":\"2024-05-25T09:32:36+00:00\",\"breadcrumb\":{\"@id\":\"https:\/\/radioactivegaming.eu\/atlas\/bettershipyardsandsails\/#breadcrumb\"},\"inLanguage\":\"de\",\"potentialAction\":[{\"@type\":\"ReadAction\",\"target\":[\"https:\/\/radioactivegaming.eu\/atlas\/bettershipyardsandsails\/\"]}]},{\"@type\":\"ImageObject\",\"inLanguage\":\"de\",\"@id\":\"https:\/\/radioactivegaming.eu\/atlas\/bettershipyardsandsails\/#primaryimage\",\"url\":\"https:\/\/radioactivegaming.eu\/wp-content\/uploads\/2024\/05\/maintdock.png\",\"contentUrl\":\"https:\/\/radioactivegaming.eu\/wp-content\/uploads\/2024\/05\/maintdock.png\"},{\"@type\":\"BreadcrumbList\",\"@id\":\"https:\/\/radioactivegaming.eu\/atlas\/bettershipyardsandsails\/#breadcrumb\",\"itemListElement\":[{\"@type\":\"ListItem\",\"position\":1,\"name\":\"Startseite\",\"item\":\"https:\/\/radioactivegaming.eu\/\"},{\"@type\":\"ListItem\",\"position\":2,\"name\":\"Atlas\",\"item\":\"https:\/\/radioactivegaming.eu\/atlas\/\"},{\"@type\":\"ListItem\",\"position\":3,\"name\":\"BetterShipyardsAndSails\"}]},{\"@type\":\"WebSite\",\"@id\":\"https:\/\/radioactivegaming.eu\/#website\",\"url\":\"https:\/\/radioactivegaming.eu\/\",\"name\":\"Radioactive Gaming\",\"description\":\"\",\"publisher\":{\"@id\":\"https:\/\/radioactivegaming.eu\/#organization\"},\"potentialAction\":[{\"@type\":\"SearchAction\",\"target\":{\"@type\":\"EntryPoint\",\"urlTemplate\":\"https:\/\/radioactivegaming.eu\/?s={search_term_string}\"},\"query-input\":{\"@type\":\"PropertyValueSpecification\",\"valueRequired\":true,\"valueName\":\"search_term_string\"}}],\"inLanguage\":\"de\"},{\"@type\":\"Organization\",\"@id\":\"https:\/\/radioactivegaming.eu\/#organization\",\"name\":\"Radioactive Gaming\",\"url\":\"https:\/\/radioactivegaming.eu\/\",\"logo\":{\"@type\":\"ImageObject\",\"inLanguage\":\"de\",\"@id\":\"https:\/\/radioactivegaming.eu\/#\/schema\/logo\/image\/\",\"url\":\"https:\/\/radioactivegaming.eu\/wp-content\/uploads\/2019\/12\/cropped-coin-2.png\",\"contentUrl\":\"https:\/\/radioactivegaming.eu\/wp-content\/uploads\/2019\/12\/cropped-coin-2.png\",\"width\":256,\"height\":256,\"caption\":\"Radioactive Gaming\"},\"image\":{\"@id\":\"https:\/\/radioactivegaming.eu\/#\/schema\/logo\/image\/\"},\"sameAs\":[\"https:\/\/www.youtube.com\/channel\/UCHAH-p_vfp_co-__TB4M14A\"]}]}<\/script>\n<!-- \/ Yoast SEO plugin. -->","yoast_head_json":{"title":"BetterShipyardsAndSails - Radioactive Gaming","robots":{"index":"index","follow":"follow","max-snippet":"max-snippet:-1","max-image-preview":"max-image-preview:large","max-video-preview":"max-video-preview:-1"},"canonical":"https:\/\/radioactivegaming.eu\/de_de\/atlas\/bettershipyardsandsails\/","og_locale":"de_DE","og_type":"article","og_title":"BetterShipyardsAndSails - Radioactive Gaming","og_description":"Schiffswerfen Auf Radioactive stehen nur 2 Shipyards (Small &amp; Large) zur Verf\u00fcgung. Die Schiffsqualit\u00e4t ist von der verwendeten Blaupause des Schiffes abh\u00e4ngig. Diese k\u00f6nnt ihr finden wenn ihr z.B. Fraktionsschiffe lootet. Baut ihr ein Schiff ohne Blaupause, hat dieses immer 100%.Schiffe kosten abh\u00e4ngig von ihrer Qualit\u00e4t Gold Die maximalen Kosten sind auf 200%, wie die&hellip; Read more","og_url":"https:\/\/radioactivegaming.eu\/de_de\/atlas\/bettershipyardsandsails\/","og_site_name":"Radioactive Gaming","article_modified_time":"2024-05-25T09:32:36+00:00","og_image":[{"url":"https:\/\/radioactivegaming.eu\/wp-content\/uploads\/2024\/05\/maintdock.png","type":"","width":"","height":""}],"twitter_card":"summary_large_image","twitter_misc":{"Gesch\u00e4tzte Lesezeit":"2\u00a0Minuten"},"schema":{"@context":"https:\/\/schema.org","@graph":[{"@type":"WebPage","@id":"https:\/\/radioactivegaming.eu\/atlas\/bettershipyardsandsails\/","url":"https:\/\/radioactivegaming.eu\/atlas\/bettershipyardsandsails\/","name":"BetterShipyardsAndSails - Radioactive Gaming","isPartOf":{"@id":"https:\/\/radioactivegaming.eu\/#website"},"primaryImageOfPage":{"@id":"https:\/\/radioactivegaming.eu\/atlas\/bettershipyardsandsails\/#primaryimage"},"image":{"@id":"https:\/\/radioactivegaming.eu\/atlas\/bettershipyardsandsails\/#primaryimage"},"thumbnailUrl":"https:\/\/radioactivegaming.eu\/wp-content\/uploads\/2024\/05\/maintdock.png","datePublished":"2021-08-10T08:58:21+00:00","dateModified":"2024-05-25T09:32:36+00:00","breadcrumb":{"@id":"https:\/\/radioactivegaming.eu\/atlas\/bettershipyardsandsails\/#breadcrumb"},"inLanguage":"de","potentialAction":[{"@type":"ReadAction","target":["https:\/\/radioactivegaming.eu\/atlas\/bettershipyardsandsails\/"]}]},{"@type":"ImageObject","inLanguage":"de","@id":"https:\/\/radioactivegaming.eu\/atlas\/bettershipyardsandsails\/#primaryimage","url":"https:\/\/radioactivegaming.eu\/wp-content\/uploads\/2024\/05\/maintdock.png","contentUrl":"https:\/\/radioactivegaming.eu\/wp-content\/uploads\/2024\/05\/maintdock.png"},{"@type":"BreadcrumbList","@id":"https:\/\/radioactivegaming.eu\/atlas\/bettershipyardsandsails\/#breadcrumb","itemListElement":[{"@type":"ListItem","position":1,"name":"Startseite","item":"https:\/\/radioactivegaming.eu\/"},{"@type":"ListItem","position":2,"name":"Atlas","item":"https:\/\/radioactivegaming.eu\/atlas\/"},{"@type":"ListItem","position":3,"name":"BetterShipyardsAndSails"}]},{"@type":"WebSite","@id":"https:\/\/radioactivegaming.eu\/#website","url":"https:\/\/radioactivegaming.eu\/","name":"Radioactive Gaming","description":"","publisher":{"@id":"https:\/\/radioactivegaming.eu\/#organization"},"potentialAction":[{"@type":"SearchAction","target":{"@type":"EntryPoint","urlTemplate":"https:\/\/radioactivegaming.eu\/?s={search_term_string}"},"query-input":{"@type":"PropertyValueSpecification","valueRequired":true,"valueName":"search_term_string"}}],"inLanguage":"de"},{"@type":"Organization","@id":"https:\/\/radioactivegaming.eu\/#organization","name":"Radioactive Gaming","url":"https:\/\/radioactivegaming.eu\/","logo":{"@type":"ImageObject","inLanguage":"de","@id":"https:\/\/radioactivegaming.eu\/#\/schema\/logo\/image\/","url":"https:\/\/radioactivegaming.eu\/wp-content\/uploads\/2019\/12\/cropped-coin-2.png","contentUrl":"https:\/\/radioactivegaming.eu\/wp-content\/uploads\/2019\/12\/cropped-coin-2.png","width":256,"height":256,"caption":"Radioactive Gaming"},"image":{"@id":"https:\/\/radioactivegaming.eu\/#\/schema\/logo\/image\/"},"sameAs":["https:\/\/www.youtube.com\/channel\/UCHAH-p_vfp_co-__TB4M14A"]}]}},"jetpack_sharing_enabled":true,"_links":{"self":[{"href":"https:\/\/radioactivegaming.eu\/de_de\/wp-json\/wp\/v2\/pages\/3449","targetHints":{"allow":["GET"]}}],"collection":[{"href":"https:\/\/radioactivegaming.eu\/de_de\/wp-json\/wp\/v2\/pages"}],"about":[{"href":"https:\/\/radioactivegaming.eu\/de_de\/wp-json\/wp\/v2\/types\/page"}],"author":[{"embeddable":true,"href":"https:\/\/radioactivegaming.eu\/de_de\/wp-json\/wp\/v2\/users\/1"}],"replies":[{"embeddable":true,"href":"https:\/\/radioactivegaming.eu\/de_de\/wp-json\/wp\/v2\/comments?post=3449"}],"version-history":[{"count":12,"href":"https:\/\/radioactivegaming.eu\/de_de\/wp-json\/wp\/v2\/pages\/3449\/revisions"}],"predecessor-version":[{"id":5475,"href":"https:\/\/radioactivegaming.eu\/de_de\/wp-json\/wp\/v2\/pages\/3449\/revisions\/5475"}],"up":[{"embeddable":true,"href":"https:\/\/radioactivegaming.eu\/de_de\/wp-json\/wp\/v2\/pages\/13"}],"wp:attachment":[{"href":"https:\/\/radioactivegaming.eu\/de_de\/wp-json\/wp\/v2\/media?parent=3449"}],"curies":[{"name":"wp","href":"https:\/\/api.w.org\/{rel}","templated":true}]}}