{"id":445,"date":"2019-12-10T21:37:12","date_gmt":"2019-12-10T20:37:12","guid":{"rendered":"http:\/\/radioactivegaming.eu\/?page_id=445"},"modified":"2024-09-24T12:24:42","modified_gmt":"2024-09-24T10:24:42","slug":"settings-raten-und-mods","status":"publish","type":"page","link":"https:\/\/radioactivegaming.eu\/de_de\/ark\/settings-raten-und-mods\/","title":{"rendered":"Settings Raten und Mods"},"content":{"rendered":"<div  data-label=\"Overlappable\" data-id=\"overlappable--2\" data-export-id=\"overlappable-4\" data-category=\"overlappable\" class=\"overlappable-4 content-section content-section-spacing amy_crisp content-relative\" data-overlap=\"true\" id=\"overlappable-2\"><div  class=\"section-separator-top\">\n    <svg  xmlns=\"http:\/\/www.w3.org\/2000\/svg\" height=\"100%\" viewBox=\"0 0 283.5 27.8\" preserveAspectRatio=\"xMidYMax slice\" data-separator-name=\"drops\" class=\"section-separator-top\">\n\t<path  class=\"svg-white-bg\" d=\"M0 0v1.4c.6.7 1.1 1.4 1.4 2 2 3.8 2.2 6.6 1.8 10.8-.3 3.3-2.4 9.4 0 12.3 1.7 2 3.7 1.4 4.6-.9 1.4-3.8-.7-8.2-.6-12 .1-3.7 3.2-5.5 6.9-4.9 4 .6 4.8 4 4.9 7.4.1 1.8-1.1 7 0 8.5.6.8 1.6 1.2 2.4.5 1.4-1.1.1-5.4.1-6.9.1-3.7.3-8.6 4.1-10.5 5-2.5 6.2 1.6 5.4 5.6-.4 1.7-1 9.2 2.9 6.3 1.5-1.1.7-3.5.5-4.9-.4-2.4-.4-4.3 1-6.5.9-1.4 2.4-3.1 4.2-3 2.4.1 2.7 2.2 4 3.7 1.5 1.8 1.8 2.2 3 .1 1.1-1.9 1.2-2.8 3.6-3.3 1.3-.3 4.8-1.4 5.9-.5 1.5 1.1.6 2.8.4 4.3-.2 1.1-.6 4 1.8 3.4 1.7-.4-.3-4.1.6-5.6 1.3-2.2 5.8-1.4 7 .5 1.3 2.1.5 5.8.1 8.1s-1.2 5-.6 7.4c1.3 5.1 4.4.9 4.3-2.4-.1-4.4-2-8.8-.5-13 .9-2.4 4.6-6.6 7.7-4.5 2.7 1.8.5 7.8.2 10.3-.2 1.7-.8 4.6.2 6.2.9 1.4 2 1.5 2.6-.3.5-1.5-.9-4.5-1-6.1-.2-1.7-.4-3.7.2-5.4 1.8-5.6 3.5 2.4 6.3.6 1.4-.9 4.3-9.4 6.1-3.1.6 2.2-1.3 7.8.7 8.9 4.2 2.3 1.5-7.1 2.2-8 3.1-4 4.7 3.8 6.1 4.1 3.1.7 2.8-7.9 8.1-4.5 1.7 1.1 2.9 3.3 3.2 5.2.4 2.2-1 4.5-.6 6.6 1 4.3 4.4 1.5 4.4-1.7 0-2.7-3-8.3 1.4-9.1 4.4-.9 7.3 3.5 7.8 6.9.3 2-1.5 10.9 1.3 11.3 4.1.6-3.2-15.7 4.8-15.8 4.7-.1 2.8 4.1 3.9 6.6 1 2.4 2.1 1 2.3-.8.3-1.9-.9-3.2 1.3-4.3 5.9-2.9 5.9 5.4 5.5 8.5-.3 2-1.7 8.4 2 8.1 6.9-.5-2.8-16.9 4.8-18.7 4.7-1.2 6.1 3.6 6.3 7.1.1 1.7-1.2 8.1.6 9.1 3.5 2 1.9-7 2-8.4.2-4 1.2-9.6 6.4-9.8 4.7-.2 3.2 4.6 2.7 7.5-.4 2.2 1.3 8.6 3.8 4.4 1.1-1.9-.3-4.1-.3-6 0-1.7.4-3.2 1.3-4.6 1-1.6 2.9-3.5 5.1-2.9 2.5.6 2.3 4.1 4.1 4.9 1.9.8 1.6-.9 2.3-2.1 1.2-2.1 2.1-2.1 4.4-2.4 1.4-.2 3.6-1.5 4.9-.5 2.3 1.7-.7 4.4.1 6.5.6 1.5 2.1 1.7 2.8.3.7-1.4-1.1-3.4-.3-4.8 1.4-2.5 6.2-1.2 7.2 1 2.3 4.8-3.3 12-.2 16.3 3 4.1 3.9-2.8 3.8-4.8-.4-4.3-2.1-8.9 0-13.1 1.3-2.5 5.9-5.7 7.9-2.4 2 3.2-1.3 9.8-.8 13.4.5 4.4 3.5 3.3 2.7-.8-.4-1.9-2.4-10 .6-11.1 3.7-1.4 2.8 7.2 6.5.4 2.2-4.1 4.9-3.1 5.2 1.2.1 1.5-.6 3.1-.4 4.6.2 1.9 1.8 3.7 3.3 1.3 1-1.6-2.6-10.4 2.9-7.3 2.6 1.5 1.6 6.5 4.8 2.7 1.3-1.5 1.7-3.6 4-3.7 2.2-.1 4 2.3 4.8 4.1 1.3 2.9-1.5 8.4.9 10.3 4.2 3.3 3-5.5 2.7-6.9-.6-3.9 1-7.2 5.5-5 4.1 2.1 4.3 7.7 4.1 11.6 0 .8-.6 9.5 2.5 5.2 1.2-1.7-.1-7.7.1-9.6.3-2.9 1.2-5.5 4.3-6.2 4.5-1 7.7 1.5 7.4 5.8-.2 3.5-1.8 7.7-.5 11.1 1 2.7 3.6 2.8 5 .2 1.6-3.1 0-8.3-.4-11.6-.4-4.2-.2-7 1.8-10.8 0 0-.1.1-.1.2-.2.4-.3.7-.4.8v.1c-.1.2-.1.2 0 0v-.1l.4-.8c0-.1.1-.1.1-.2.2-.4.5-.8.8-1.2V0H0zM282.7 3.4z\"><\/path>\n<\/svg>\n<\/div><div  class=\"gridContainer\"> <div  data-type=\"row\" class=\"row spaced-cols text-center\"><div  class=\"col-xs-12 col-sm-4 col-padding\"> <i  class=\"fa icon shadow-large-black aligncenter fa-home reverse round large color1\"><\/i> <div  data-type=\"column\" class=\"\"> <h5  class=\"\">Deko &amp; Building<\/h5> <p  class=\"\">Dwarfen Builders Mod<br >\nGreenhouse Glass Fix<br >\nKlinger Additional Rustic Building<br >\nSuper Structures Ascended\n<br >Cliffans Wardrobe<\/p><\/div> <\/div> <div  class=\"col-xs-12 col-sm-4 col-padding\"> <i  class=\"fa icon shadow-large-black aligncenter fa-empire reverse round large color1\"><\/i> <div  data-type=\"column\" class=\"\"><h5  class=\"\">Dino Mods<\/h5> <p  class=\"\">Hybrids Premium<\/p><\/div> <\/div> <div  class=\"col-xs-12 col-sm-4 col-padding\"> <i  class=\"fa icon shadow-large-black aligncenter fa-life-ring reverse round large color1\"><\/i> <div  data-type=\"column\" class=\"\"><h5  class=\"\">Little Helpers<\/h5> <p  class=\"\">Dino Cloud<br >Simple Trade<br >Super Spyglass Mod<br >Auto Engrams!\n<br >Better Chat<\/p><\/div> <\/div><\/div> <\/div><\/div><div  data-label=\"Features\" data-id=\"features--1\" data-export-id=\"features-13-card-bordered\" data-category=\"features\" class=\"features-13 content-section content-section-spacing\" id=\"features-1\" style=\"background-color: rgb(255, 255, 255); background-image: none;\"><div  class=\"gridContainer\"> <div  class=\"row text-center\"><div  class=\"section-title-col\" data-type=\"column\">  <\/div> <\/div> <div  class=\"row spaced-cols content-center-sm\" data-type=\"row\"> <div  class=\"col-sm-4 col-md-6 \"> <div  class=\"card bordered y-move\" data-type=\"column\"> <i  class=\"fa icon fa-cogs reverse round big color4\"><\/i> <h4  class=\"\">Settings<\/h4> <p  class=\"\" style=\"text-align: left;\"><span  style=\"font-weight: 600;\">\u2013 Friendly Fire aktiv<\/span><br ><span  style=\"font-weight: 600;\">\n\u2013 Flyerpickup inaktiv<\/span><br ><span  style=\"font-weight: 600;\">\n\u2013 no Tribelimit PVE<\/span><br ><span  style=\"font-weight: 600;\">\n\u2013 Z\u00e4hmlimit: 250 Dinos\n<br >\u2013 ORP: Nach 15 Minuten<\/span>\n<span  style=\"font-weight: 600;\">\u2013 Imprint durch Tribe: Aktiv<\/span><br ><span  style=\"font-weight: 600;\">\u2013 Stacking Fleisch: 100\n<br >\u2013 Stacking Premiumfleisch 10<br >\u2013 Stacking Ressourcen 200-300<br >\u2013 Imprint durch Tribe Aktiv\n<br >\u2013 Cloud Sickness: geht 10 min (man bekommt x4 DMG und macht nur 10% DMG)<\/span><\/p> <\/div> <\/div> <div  class=\"col-sm-4 col-md-6 \"> <div  class=\"card bordered y-move\" data-type=\"column\"> <i  class=\"fa icon fa-bars reverse round big color1\"><\/i> <h4  class=\"\">Raten<\/h4> <p  class=\"\" style=\"text-align: left;\">XP x 1.0<br >\nHarvest x 2.0<br >\nTaming x 2.0<br >\nMaturation x4.0<br >\nEgg Hatch x5.0<br >Imprint Interval x0.5\n<br ><br >\n<br >Au\u00dferdem haben wir wechselnde Events an den Wochenenden.<br >\nDiese wechseln in folgender Reiihenfolge:\n<br ><br >Harvest x4\n<br >Taming x4\n<br >Breeding x6 + Egg Hatch x10\n<br >XP x2<br ><br >\n<\/p> <\/div> <\/div> <div  class=\"col-sm-4 col-md-6 \"> <div  class=\"card bordered y-move\" data-type=\"column\"> <i  class=\"fa icon fa-codepen reverse round big color8\"><\/i> <h4  class=\"\">Level<\/h4> <p  class=\"\" style=\"text-align: left;\">\u2013 max wild Dino Level: 150 (Wyvern\/Rockdrakes 190)<br >\n\u2013 max Player Level: 105 ( + Tek Cave etc)<br >\n\u2013 max Dino Level (gez\u00e4hmt): 450\n<\/p> <\/div> <\/div><div  class=\"col-sm-4 col-md-6\"> <div  class=\"card bordered y-move\" data-type=\"column\"> <i  class=\"fa icon fa-area-chart reverse round big color2\"><\/i> <h4  class=\"\">Maps<\/h4> <p  class=\"\" style=\"text-align: left;\">The Island\n\n<br >Scorched Earth\n<br >The Center\n<br >Svartalfheim Premium (MOD Map)<\/p> <\/div> <\/div><div  class=\"col-sm-4 col-md-6\"> <div  class=\"card bordered y-move\" data-type=\"column\"> <i  class=\"fa icon fa-hourglass-1 reverse round big color9\"><\/i> <h4  class=\"\">Decay<\/h4> <p  class=\"\" style=\"text-align: left;\">Standard Decayzeit f\u00fcr alle Strukturen und Tiere: 21 Tage (dies gilt nur wenn ein Tribe erstellt wurde)\n<br ><br >\nDer Decay \u00fcbertr\u00e4gt sich auf alle Karten. Das bedeutet wenn ihr auf Island einloggt, sind auf allen anderen Karten die Decaytimer eures Tribes ebenfalls wieder auf 21 Tage gesetzt.\n<br ><br >\nSchnell Decay von einzelnen Strukturen: 8 Stunden (dies gilt f\u00fcr 8 oder weniger Strukturen in einem Radius von etwa 10 Fundamenten)\n<br ><br >\n\u00d6lpumpen, Gassammler, Wassertanks, Wasseranschl\u00fcsse, Brunnen sowie der TEK Transmitter sind hiervon ausgenommen. (eventl. folgen k\u00fcnftig weitere Strukturen)\n<br ><br >\nUrlaubsmodus: 60Tage ( Dieser kann einmal im Jahr pro Tribe per Ticket beantragt werden)\n<br >\n<br >Ihr k\u00f6nnt eure und auch andere Decayzeiten mithilfe des Befehls \/decaytime \u00fcberpr\u00fcfen. Geht hierzu einfach an die zu \u00fcberpr\u00fcfende Struktur oder den zu \u00fcberpr\u00fcfenden Dino und gebt den Befehl im Chat ein.\n<br ><br >\nEs wird auch ein Decaylogging geben, was in einem Channel auf unserem Discord Server eingesehen werden kann.<\/p> <\/div> <\/div><\/div> <\/div><\/div>","protected":false},"excerpt":{"rendered":"<p>Deko &amp; Building Dwarfen Builders Mod Greenhouse Glass Fix Klinger Additional Rustic Building Super Structures Ascended Cliffans Wardrobe Dino Mods Hybrids Premium Little Helpers Dino CloudSimple TradeSuper Spyglass ModAuto Engrams! Better Chat Settings \u2013 Friendly Fire aktiv \u2013 Flyerpickup inaktiv \u2013 no Tribelimit PVE \u2013 Z\u00e4hmlimit: 250 Dinos \u2013 ORP: Nach 15 Minuten \u2013 Imprint&hellip; <br \/> <a class=\"read-more\" href=\"https:\/\/radioactivegaming.eu\/de_de\/ark\/settings-raten-und-mods\/\">Read more<\/a><\/p>\n","protected":false},"author":1,"featured_media":4968,"parent":12,"menu_order":0,"comment_status":"closed","ping_status":"closed","template":"pro\/page-templates\/full-width-page.php","meta":{"footnotes":""},"class_list":["post-445","page","type-page","status-publish","has-post-thumbnail","hentry"],"yoast_head":"<!-- This site is optimized with the Yoast SEO plugin v26.3 - https:\/\/yoast.com\/wordpress\/plugins\/seo\/ -->\n<title>Settings Raten und Mods - Radioactive Gaming<\/title>\n<meta name=\"robots\" content=\"index, follow, max-snippet:-1, max-image-preview:large, max-video-preview:-1\" \/>\n<link rel=\"canonical\" href=\"https:\/\/radioactivegaming.eu\/de_de\/ark\/settings-raten-und-mods\/\" \/>\n<meta property=\"og:locale\" content=\"de_DE\" \/>\n<meta property=\"og:type\" content=\"article\" \/>\n<meta property=\"og:title\" content=\"Settings Raten und Mods - Radioactive Gaming\" \/>\n<meta property=\"og:description\" content=\"Deko &amp; Building Dwarfen Builders Mod Greenhouse Glass Fix Klinger Additional Rustic Building Super Structures Ascended Cliffans Wardrobe Dino Mods Hybrids Premium Little Helpers Dino CloudSimple TradeSuper Spyglass ModAuto Engrams! Better Chat Settings \u2013 Friendly Fire aktiv \u2013 Flyerpickup inaktiv \u2013 no Tribelimit PVE \u2013 Z\u00e4hmlimit: 250 Dinos \u2013 ORP: Nach 15 Minuten \u2013 Imprint&hellip; Read more\" \/>\n<meta property=\"og:url\" content=\"https:\/\/radioactivegaming.eu\/de_de\/ark\/settings-raten-und-mods\/\" \/>\n<meta property=\"og:site_name\" content=\"Radioactive Gaming\" \/>\n<meta property=\"article:modified_time\" content=\"2024-09-24T10:24:42+00:00\" \/>\n<meta property=\"og:image\" content=\"https:\/\/radioactivegaming.eu\/wp-content\/uploads\/2023\/10\/20231029131019_1.jpg\" \/>\n\t<meta property=\"og:image:width\" content=\"2048\" \/>\n\t<meta property=\"og:image:height\" content=\"1152\" \/>\n\t<meta property=\"og:image:type\" content=\"image\/jpeg\" \/>\n<meta name=\"twitter:card\" content=\"summary_large_image\" \/>\n<meta name=\"twitter:label1\" content=\"Gesch\u00e4tzte Lesezeit\" \/>\n\t<meta name=\"twitter:data1\" content=\"1\u00a0Minute\" \/>\n<script type=\"application\/ld+json\" class=\"yoast-schema-graph\">{\"@context\":\"https:\/\/schema.org\",\"@graph\":[{\"@type\":\"WebPage\",\"@id\":\"https:\/\/radioactivegaming.eu\/ark\/settings-raten-und-mods\/\",\"url\":\"https:\/\/radioactivegaming.eu\/ark\/settings-raten-und-mods\/\",\"name\":\"Settings Raten und Mods - Radioactive Gaming\",\"isPartOf\":{\"@id\":\"https:\/\/radioactivegaming.eu\/#website\"},\"primaryImageOfPage\":{\"@id\":\"https:\/\/radioactivegaming.eu\/ark\/settings-raten-und-mods\/#primaryimage\"},\"image\":{\"@id\":\"https:\/\/radioactivegaming.eu\/ark\/settings-raten-und-mods\/#primaryimage\"},\"thumbnailUrl\":\"https:\/\/radioactivegaming.eu\/wp-content\/uploads\/2023\/10\/20231029131019_1.jpg\",\"datePublished\":\"2019-12-10T20:37:12+00:00\",\"dateModified\":\"2024-09-24T10:24:42+00:00\",\"breadcrumb\":{\"@id\":\"https:\/\/radioactivegaming.eu\/ark\/settings-raten-und-mods\/#breadcrumb\"},\"inLanguage\":\"de\",\"potentialAction\":[{\"@type\":\"ReadAction\",\"target\":[\"https:\/\/radioactivegaming.eu\/ark\/settings-raten-und-mods\/\"]}]},{\"@type\":\"ImageObject\",\"inLanguage\":\"de\",\"@id\":\"https:\/\/radioactivegaming.eu\/ark\/settings-raten-und-mods\/#primaryimage\",\"url\":\"https:\/\/radioactivegaming.eu\/wp-content\/uploads\/2023\/10\/20231029131019_1.jpg\",\"contentUrl\":\"https:\/\/radioactivegaming.eu\/wp-content\/uploads\/2023\/10\/20231029131019_1.jpg\",\"width\":2048,\"height\":1152},{\"@type\":\"BreadcrumbList\",\"@id\":\"https:\/\/radioactivegaming.eu\/ark\/settings-raten-und-mods\/#breadcrumb\",\"itemListElement\":[{\"@type\":\"ListItem\",\"position\":1,\"name\":\"Startseite\",\"item\":\"https:\/\/radioactivegaming.eu\/\"},{\"@type\":\"ListItem\",\"position\":2,\"name\":\"Ark\",\"item\":\"https:\/\/radioactivegaming.eu\/ark\/\"},{\"@type\":\"ListItem\",\"position\":3,\"name\":\"Settings Raten und Mods\"}]},{\"@type\":\"WebSite\",\"@id\":\"https:\/\/radioactivegaming.eu\/#website\",\"url\":\"https:\/\/radioactivegaming.eu\/\",\"name\":\"Radioactive Gaming\",\"description\":\"\",\"publisher\":{\"@id\":\"https:\/\/radioactivegaming.eu\/#organization\"},\"potentialAction\":[{\"@type\":\"SearchAction\",\"target\":{\"@type\":\"EntryPoint\",\"urlTemplate\":\"https:\/\/radioactivegaming.eu\/?s={search_term_string}\"},\"query-input\":{\"@type\":\"PropertyValueSpecification\",\"valueRequired\":true,\"valueName\":\"search_term_string\"}}],\"inLanguage\":\"de\"},{\"@type\":\"Organization\",\"@id\":\"https:\/\/radioactivegaming.eu\/#organization\",\"name\":\"Radioactive Gaming\",\"url\":\"https:\/\/radioactivegaming.eu\/\",\"logo\":{\"@type\":\"ImageObject\",\"inLanguage\":\"de\",\"@id\":\"https:\/\/radioactivegaming.eu\/#\/schema\/logo\/image\/\",\"url\":\"https:\/\/radioactivegaming.eu\/wp-content\/uploads\/2019\/12\/cropped-coin-2.png\",\"contentUrl\":\"https:\/\/radioactivegaming.eu\/wp-content\/uploads\/2019\/12\/cropped-coin-2.png\",\"width\":256,\"height\":256,\"caption\":\"Radioactive Gaming\"},\"image\":{\"@id\":\"https:\/\/radioactivegaming.eu\/#\/schema\/logo\/image\/\"},\"sameAs\":[\"https:\/\/www.youtube.com\/channel\/UCHAH-p_vfp_co-__TB4M14A\"]}]}<\/script>\n<!-- \/ Yoast SEO plugin. -->","yoast_head_json":{"title":"Settings Raten und Mods - Radioactive Gaming","robots":{"index":"index","follow":"follow","max-snippet":"max-snippet:-1","max-image-preview":"max-image-preview:large","max-video-preview":"max-video-preview:-1"},"canonical":"https:\/\/radioactivegaming.eu\/de_de\/ark\/settings-raten-und-mods\/","og_locale":"de_DE","og_type":"article","og_title":"Settings Raten und Mods - Radioactive Gaming","og_description":"Deko &amp; Building Dwarfen Builders Mod Greenhouse Glass Fix Klinger Additional Rustic Building Super Structures Ascended Cliffans Wardrobe Dino Mods Hybrids Premium Little Helpers Dino CloudSimple TradeSuper Spyglass ModAuto Engrams! Better Chat Settings \u2013 Friendly Fire aktiv \u2013 Flyerpickup inaktiv \u2013 no Tribelimit PVE \u2013 Z\u00e4hmlimit: 250 Dinos \u2013 ORP: Nach 15 Minuten \u2013 Imprint&hellip; Read more","og_url":"https:\/\/radioactivegaming.eu\/de_de\/ark\/settings-raten-und-mods\/","og_site_name":"Radioactive Gaming","article_modified_time":"2024-09-24T10:24:42+00:00","og_image":[{"width":2048,"height":1152,"url":"https:\/\/radioactivegaming.eu\/wp-content\/uploads\/2023\/10\/20231029131019_1.jpg","type":"image\/jpeg"}],"twitter_card":"summary_large_image","twitter_misc":{"Gesch\u00e4tzte Lesezeit":"1\u00a0Minute"},"schema":{"@context":"https:\/\/schema.org","@graph":[{"@type":"WebPage","@id":"https:\/\/radioactivegaming.eu\/ark\/settings-raten-und-mods\/","url":"https:\/\/radioactivegaming.eu\/ark\/settings-raten-und-mods\/","name":"Settings Raten und Mods - Radioactive Gaming","isPartOf":{"@id":"https:\/\/radioactivegaming.eu\/#website"},"primaryImageOfPage":{"@id":"https:\/\/radioactivegaming.eu\/ark\/settings-raten-und-mods\/#primaryimage"},"image":{"@id":"https:\/\/radioactivegaming.eu\/ark\/settings-raten-und-mods\/#primaryimage"},"thumbnailUrl":"https:\/\/radioactivegaming.eu\/wp-content\/uploads\/2023\/10\/20231029131019_1.jpg","datePublished":"2019-12-10T20:37:12+00:00","dateModified":"2024-09-24T10:24:42+00:00","breadcrumb":{"@id":"https:\/\/radioactivegaming.eu\/ark\/settings-raten-und-mods\/#breadcrumb"},"inLanguage":"de","potentialAction":[{"@type":"ReadAction","target":["https:\/\/radioactivegaming.eu\/ark\/settings-raten-und-mods\/"]}]},{"@type":"ImageObject","inLanguage":"de","@id":"https:\/\/radioactivegaming.eu\/ark\/settings-raten-und-mods\/#primaryimage","url":"https:\/\/radioactivegaming.eu\/wp-content\/uploads\/2023\/10\/20231029131019_1.jpg","contentUrl":"https:\/\/radioactivegaming.eu\/wp-content\/uploads\/2023\/10\/20231029131019_1.jpg","width":2048,"height":1152},{"@type":"BreadcrumbList","@id":"https:\/\/radioactivegaming.eu\/ark\/settings-raten-und-mods\/#breadcrumb","itemListElement":[{"@type":"ListItem","position":1,"name":"Startseite","item":"https:\/\/radioactivegaming.eu\/"},{"@type":"ListItem","position":2,"name":"Ark","item":"https:\/\/radioactivegaming.eu\/ark\/"},{"@type":"ListItem","position":3,"name":"Settings Raten und Mods"}]},{"@type":"WebSite","@id":"https:\/\/radioactivegaming.eu\/#website","url":"https:\/\/radioactivegaming.eu\/","name":"Radioactive Gaming","description":"","publisher":{"@id":"https:\/\/radioactivegaming.eu\/#organization"},"potentialAction":[{"@type":"SearchAction","target":{"@type":"EntryPoint","urlTemplate":"https:\/\/radioactivegaming.eu\/?s={search_term_string}"},"query-input":{"@type":"PropertyValueSpecification","valueRequired":true,"valueName":"search_term_string"}}],"inLanguage":"de"},{"@type":"Organization","@id":"https:\/\/radioactivegaming.eu\/#organization","name":"Radioactive Gaming","url":"https:\/\/radioactivegaming.eu\/","logo":{"@type":"ImageObject","inLanguage":"de","@id":"https:\/\/radioactivegaming.eu\/#\/schema\/logo\/image\/","url":"https:\/\/radioactivegaming.eu\/wp-content\/uploads\/2019\/12\/cropped-coin-2.png","contentUrl":"https:\/\/radioactivegaming.eu\/wp-content\/uploads\/2019\/12\/cropped-coin-2.png","width":256,"height":256,"caption":"Radioactive Gaming"},"image":{"@id":"https:\/\/radioactivegaming.eu\/#\/schema\/logo\/image\/"},"sameAs":["https:\/\/www.youtube.com\/channel\/UCHAH-p_vfp_co-__TB4M14A"]}]}},"jetpack_sharing_enabled":true,"_links":{"self":[{"href":"https:\/\/radioactivegaming.eu\/de_de\/wp-json\/wp\/v2\/pages\/445","targetHints":{"allow":["GET"]}}],"collection":[{"href":"https:\/\/radioactivegaming.eu\/de_de\/wp-json\/wp\/v2\/pages"}],"about":[{"href":"https:\/\/radioactivegaming.eu\/de_de\/wp-json\/wp\/v2\/types\/page"}],"author":[{"embeddable":true,"href":"https:\/\/radioactivegaming.eu\/de_de\/wp-json\/wp\/v2\/users\/1"}],"replies":[{"embeddable":true,"href":"https:\/\/radioactivegaming.eu\/de_de\/wp-json\/wp\/v2\/comments?post=445"}],"version-history":[{"count":21,"href":"https:\/\/radioactivegaming.eu\/de_de\/wp-json\/wp\/v2\/pages\/445\/revisions"}],"predecessor-version":[{"id":5810,"href":"https:\/\/radioactivegaming.eu\/de_de\/wp-json\/wp\/v2\/pages\/445\/revisions\/5810"}],"up":[{"embeddable":true,"href":"https:\/\/radioactivegaming.eu\/de_de\/wp-json\/wp\/v2\/pages\/12"}],"wp:featuredmedia":[{"embeddable":true,"href":"https:\/\/radioactivegaming.eu\/de_de\/wp-json\/wp\/v2\/media\/4968"}],"wp:attachment":[{"href":"https:\/\/radioactivegaming.eu\/de_de\/wp-json\/wp\/v2\/media?parent=445"}],"curies":[{"name":"wp","href":"https:\/\/api.w.org\/{rel}","templated":true}]}}