{"id":5485,"date":"2024-05-25T11:48:33","date_gmt":"2024-05-25T09:48:33","guid":{"rendered":"https:\/\/radioactivegaming.eu\/?page_id=5485"},"modified":"2024-05-25T12:06:10","modified_gmt":"2024-05-25T10:06:10","slug":"pullmenu","status":"publish","type":"page","link":"https:\/\/radioactivegaming.eu\/de_de\/atlas\/pullmenu\/","title":{"rendered":"Pullmen\u00fc &#038; andere Buffs"},"content":{"rendered":"<div  data-label=\"Herstellung\" data-id=\"content--1\" data-export-id=\"content-12\" data-category=\"content\" class=\"content-12 content-section content-section-spacing content-relative\" id=\"herstellung-1\" style=\"background-color: rgb(245, 250, 253);\"><div  class=\"section-separator-top\">\n    <svg  class=\"section-separator-top\" data-separator-name=\"triangle-asymmetrical-negative\" preserveAspectRatio=\"none\" viewBox=\"0 0 1000 100\" xmlns=\"http:\/\/www.w3.org\/2000\/svg\">\n        <path  class=\"svg-white-bg\" d=\"M737.9,94.7L0,0v100h1000V0L737.9,94.7z\"><\/path>\n    <\/svg>\n<\/div><div  class=\"gridContainer\"> <div  class=\"row text-center\"><div  class=\"section-title-col\" data-type=\"column\"> <h4  class=\"\">Das Pullmen\u00fc &amp; andere globale Buffs<\/h4> <p  class=\"lead\">Diese k\u00f6nnt ihr euch durch das absolivieren unsere Custom Caves verdienen.\n<br >Sie halten 14 Tage und bieten euch &amp; eurer Company Vorteile.\n<br ><br >Es gibt sie sowohl f\u00fcr Spieler als auch Schiffe.\n<br ><br >\n<br >Hier ein paar Beispiele:<\/p><img decoding=\"async\"  class=\"custom-image\" src=\"https:\/\/radioactivegaming.eu\/wp-content\/uploads\/2024\/05\/buff3.png\" title=\"buff3\" alt=\"\"><img decoding=\"async\"  class=\"custom-image\" src=\"https:\/\/radioactivegaming.eu\/wp-content\/uploads\/2024\/05\/buff1.png\" title=\"buff1\" alt=\"\"><img decoding=\"async\"  class=\"custom-image\" src=\"https:\/\/radioactivegaming.eu\/wp-content\/uploads\/2024\/05\/buff2.png\" title=\"buff2\" alt=\"\"><\/div> <\/div> <div  class=\"row center-xs middle-xs\"> <div  class=\"col-sm-9\" data-type=\"column\"> <\/div> <\/div><\/div> <\/div><div  data-label=\"About\" data-id=\"about--1\" data-export-id=\"about-4\" data-category=\"about\" class=\"about-4 content-section content-section-spacing\" id=\"about-1\" style=\"background-color: rgb(255, 255, 255);\"><div  class=\"gridContainer\"> <div  class=\"row middle-sm text-center\"><div  class=\"col-sm-5 space-bottom-xs\" data-type=\"column\">  <h2  class=\"\">PullMenu<\/h2> <p  class=\"\">Das wohl beliebteste Feature f\u00fcr alle die viel Craften!\n<br >Das Pullmen\u00fc.\n<br ><br >Ausgestattet mit diesem Buff, ist es euch m\u00f6glich:<br ><br >\u2026 die ben\u00f6tigten Ressourcen die zur Reperatur \/ Crafting eines Items oder Blueprint notwendig sind in&nbsp;das Inventar eurer Werkb\u00e4nke zu bewegen\n<br ><br >\u2026 gew\u00fcnschte Mengen einer Ressource einfach von einem Inventar in ein anderes zu transferieren\n<br >\n<br ><br >Ihr k\u00f6nnt Ressourcenkisten vom PullMen\u00fc auschlie\u00dfen wenn ihr sie benennt und am Anfang des Namens einen Stern setzt\n<br ><br >Das Pullmen\u00fc beachtet eure Best\u00e4nde und nutzt beim Crafting von Qualit\u00e4tsblueprints erst die Sorten einer Ressource, von der ihr am meisten habt.<\/p> <img decoding=\"async\"  class=\"custom-image\" src=\"https:\/\/radioactivegaming.eu\/wp-content\/uploads\/2024\/05\/pull-2.png\" title=\"pull 2\" alt=\"\"><\/div> <div  class=\"col-sm-7 flexbox center-xs middle-xs image-group-2-img\"> <img  decoding=\"async\" class=\"img-1 shadow-large\" data-size=\"250x200\" src=\"https:\/\/radioactivegaming.eu\/wp-content\/uploads\/2024\/05\/pull4.png\" title=\"pull4\" alt=\"\"> <img  decoding=\"async\" class=\"img-2 shadow-large\" data-size=\"220x170\" src=\"https:\/\/radioactivegaming.eu\/wp-content\/uploads\/2024\/05\/pull1.png\" title=\"pull1\" alt=\"\"><\/div> <\/div><\/div> <\/div><div  data-label=\"About\" data-id=\"about--2\" data-export-id=\"about-1\" data-category=\"about\" class=\"about-1 content-section\" id=\"about-2\" style=\"background-color: rgb(245, 250, 253);\"><div  class=\"gridContainer\"> <div  class=\"row text-center\"><div  class=\"section-title-col\" data-type=\"column\">  <h2  class=\"\">Aktivieren von globalen Buffs<\/h2> <p  class=\"lead\">GLobale Buffs werden in Nassau in der Kirche am Altar aktiviert, sie sind immer f\u00fcr alle Spieler eurer Company aktiv.\n<br ><br >Zum Aktivieren sind die Ressourcen notwendig, die im Rezept der Buff-Blaupause stehen.<\/p><\/div> <\/div> <div  class=\"row\"> <div  class=\"button-holder space-bottom space-bottom-small\" data-type=\"column\"> <\/div> <div  class=\"col-xs bottom-xs flexbox image-group-bottom-3-img space-bottom-xs center-xs\"> <img decoding=\"async\"  class=\"left-img shadow-large-black\" data-size=\"500x300\" src=\"https:\/\/radioactivegaming.eu\/wp-content\/uploads\/2024\/05\/cropped-buff-active.png\" title=\"cropped-buff-active.png\" alt=\"\"> <img decoding=\"async\"  class=\"center-img shadow-large-black\" data-size=\"500x300\" src=\"https:\/\/radioactivegaming.eu\/wp-content\/uploads\/2024\/05\/curch.png\" title=\"curch\" alt=\"\"> <img decoding=\"async\"  class=\"right-img shadow-large-black\" data-size=\"500x300\" src=\"https:\/\/radioactivegaming.eu\/wp-content\/uploads\/2024\/05\/cropped-curch2.png\" title=\"cropped-curch2.png\" alt=\"\"><\/div> <\/div><\/div> <\/div>","protected":false},"excerpt":{"rendered":"<p>Das Pullmen\u00fc &amp; andere globale Buffs Diese k\u00f6nnt ihr euch durch das absolivieren unsere Custom Caves verdienen. Sie halten 14 Tage und bieten euch &amp; eurer Company Vorteile. Es gibt sie sowohl f\u00fcr Spieler als auch Schiffe. Hier ein paar Beispiele: PullMenu Das wohl beliebteste Feature f\u00fcr alle die viel Craften! Das Pullmen\u00fc. Ausgestattet mit&hellip; <br \/> <a class=\"read-more\" href=\"https:\/\/radioactivegaming.eu\/de_de\/atlas\/pullmenu\/\">Read more<\/a><\/p>\n","protected":false},"author":1,"featured_media":0,"parent":13,"menu_order":0,"comment_status":"closed","ping_status":"closed","template":"pro\/page-templates\/full-width-page.php","meta":{"footnotes":""},"class_list":["post-5485","page","type-page","status-publish","hentry"],"yoast_head":"<!-- This site is optimized with the Yoast SEO plugin v26.3 - https:\/\/yoast.com\/wordpress\/plugins\/seo\/ -->\n<title>Pullmen\u00fc &amp; andere Buffs - Radioactive Gaming<\/title>\n<meta name=\"robots\" content=\"index, follow, max-snippet:-1, max-image-preview:large, max-video-preview:-1\" \/>\n<link rel=\"canonical\" href=\"https:\/\/radioactivegaming.eu\/de_de\/atlas\/pullmenu\/\" \/>\n<meta property=\"og:locale\" content=\"de_DE\" \/>\n<meta property=\"og:type\" content=\"article\" \/>\n<meta property=\"og:title\" content=\"Pullmen\u00fc &amp; andere Buffs - Radioactive Gaming\" \/>\n<meta property=\"og:description\" content=\"Das Pullmen\u00fc &amp; andere globale Buffs Diese k\u00f6nnt ihr euch durch das absolivieren unsere Custom Caves verdienen. Sie halten 14 Tage und bieten euch &amp; eurer Company Vorteile. Es gibt sie sowohl f\u00fcr Spieler als auch Schiffe. Hier ein paar Beispiele: PullMenu Das wohl beliebteste Feature f\u00fcr alle die viel Craften! Das Pullmen\u00fc. Ausgestattet mit&hellip; Read more\" \/>\n<meta property=\"og:url\" content=\"https:\/\/radioactivegaming.eu\/de_de\/atlas\/pullmenu\/\" \/>\n<meta property=\"og:site_name\" content=\"Radioactive Gaming\" \/>\n<meta property=\"article:modified_time\" content=\"2024-05-25T10:06:10+00:00\" \/>\n<meta property=\"og:image\" content=\"https:\/\/radioactivegaming.eu\/wp-content\/uploads\/2024\/05\/buff3.png\" \/>\n<meta name=\"twitter:card\" content=\"summary_large_image\" \/>\n<meta name=\"twitter:label1\" content=\"Gesch\u00e4tzte Lesezeit\" \/>\n\t<meta name=\"twitter:data1\" content=\"2\u00a0Minuten\" \/>\n<script type=\"application\/ld+json\" class=\"yoast-schema-graph\">{\"@context\":\"https:\/\/schema.org\",\"@graph\":[{\"@type\":\"WebPage\",\"@id\":\"https:\/\/radioactivegaming.eu\/atlas\/pullmenu\/\",\"url\":\"https:\/\/radioactivegaming.eu\/atlas\/pullmenu\/\",\"name\":\"Pullmen\u00fc & andere Buffs - Radioactive Gaming\",\"isPartOf\":{\"@id\":\"https:\/\/radioactivegaming.eu\/#website\"},\"primaryImageOfPage\":{\"@id\":\"https:\/\/radioactivegaming.eu\/atlas\/pullmenu\/#primaryimage\"},\"image\":{\"@id\":\"https:\/\/radioactivegaming.eu\/atlas\/pullmenu\/#primaryimage\"},\"thumbnailUrl\":\"https:\/\/radioactivegaming.eu\/wp-content\/uploads\/2024\/05\/buff3.png\",\"datePublished\":\"2024-05-25T09:48:33+00:00\",\"dateModified\":\"2024-05-25T10:06:10+00:00\",\"breadcrumb\":{\"@id\":\"https:\/\/radioactivegaming.eu\/atlas\/pullmenu\/#breadcrumb\"},\"inLanguage\":\"de\",\"potentialAction\":[{\"@type\":\"ReadAction\",\"target\":[\"https:\/\/radioactivegaming.eu\/atlas\/pullmenu\/\"]}]},{\"@type\":\"ImageObject\",\"inLanguage\":\"de\",\"@id\":\"https:\/\/radioactivegaming.eu\/atlas\/pullmenu\/#primaryimage\",\"url\":\"https:\/\/radioactivegaming.eu\/wp-content\/uploads\/2024\/05\/buff3.png\",\"contentUrl\":\"https:\/\/radioactivegaming.eu\/wp-content\/uploads\/2024\/05\/buff3.png\"},{\"@type\":\"BreadcrumbList\",\"@id\":\"https:\/\/radioactivegaming.eu\/atlas\/pullmenu\/#breadcrumb\",\"itemListElement\":[{\"@type\":\"ListItem\",\"position\":1,\"name\":\"Startseite\",\"item\":\"https:\/\/radioactivegaming.eu\/\"},{\"@type\":\"ListItem\",\"position\":2,\"name\":\"Atlas\",\"item\":\"https:\/\/radioactivegaming.eu\/atlas\/\"},{\"@type\":\"ListItem\",\"position\":3,\"name\":\"Pullmen\u00fc &#038; andere Buffs\"}]},{\"@type\":\"WebSite\",\"@id\":\"https:\/\/radioactivegaming.eu\/#website\",\"url\":\"https:\/\/radioactivegaming.eu\/\",\"name\":\"Radioactive Gaming\",\"description\":\"\",\"publisher\":{\"@id\":\"https:\/\/radioactivegaming.eu\/#organization\"},\"potentialAction\":[{\"@type\":\"SearchAction\",\"target\":{\"@type\":\"EntryPoint\",\"urlTemplate\":\"https:\/\/radioactivegaming.eu\/?s={search_term_string}\"},\"query-input\":{\"@type\":\"PropertyValueSpecification\",\"valueRequired\":true,\"valueName\":\"search_term_string\"}}],\"inLanguage\":\"de\"},{\"@type\":\"Organization\",\"@id\":\"https:\/\/radioactivegaming.eu\/#organization\",\"name\":\"Radioactive Gaming\",\"url\":\"https:\/\/radioactivegaming.eu\/\",\"logo\":{\"@type\":\"ImageObject\",\"inLanguage\":\"de\",\"@id\":\"https:\/\/radioactivegaming.eu\/#\/schema\/logo\/image\/\",\"url\":\"https:\/\/radioactivegaming.eu\/wp-content\/uploads\/2019\/12\/cropped-coin-2.png\",\"contentUrl\":\"https:\/\/radioactivegaming.eu\/wp-content\/uploads\/2019\/12\/cropped-coin-2.png\",\"width\":256,\"height\":256,\"caption\":\"Radioactive Gaming\"},\"image\":{\"@id\":\"https:\/\/radioactivegaming.eu\/#\/schema\/logo\/image\/\"},\"sameAs\":[\"https:\/\/www.youtube.com\/channel\/UCHAH-p_vfp_co-__TB4M14A\"]}]}<\/script>\n<!-- \/ Yoast SEO plugin. -->","yoast_head_json":{"title":"Pullmen\u00fc & andere Buffs - Radioactive Gaming","robots":{"index":"index","follow":"follow","max-snippet":"max-snippet:-1","max-image-preview":"max-image-preview:large","max-video-preview":"max-video-preview:-1"},"canonical":"https:\/\/radioactivegaming.eu\/de_de\/atlas\/pullmenu\/","og_locale":"de_DE","og_type":"article","og_title":"Pullmen\u00fc & andere Buffs - Radioactive Gaming","og_description":"Das Pullmen\u00fc &amp; andere globale Buffs Diese k\u00f6nnt ihr euch durch das absolivieren unsere Custom Caves verdienen. Sie halten 14 Tage und bieten euch &amp; eurer Company Vorteile. Es gibt sie sowohl f\u00fcr Spieler als auch Schiffe. Hier ein paar Beispiele: PullMenu Das wohl beliebteste Feature f\u00fcr alle die viel Craften! Das Pullmen\u00fc. Ausgestattet mit&hellip; Read more","og_url":"https:\/\/radioactivegaming.eu\/de_de\/atlas\/pullmenu\/","og_site_name":"Radioactive Gaming","article_modified_time":"2024-05-25T10:06:10+00:00","og_image":[{"url":"https:\/\/radioactivegaming.eu\/wp-content\/uploads\/2024\/05\/buff3.png","type":"","width":"","height":""}],"twitter_card":"summary_large_image","twitter_misc":{"Gesch\u00e4tzte Lesezeit":"2\u00a0Minuten"},"schema":{"@context":"https:\/\/schema.org","@graph":[{"@type":"WebPage","@id":"https:\/\/radioactivegaming.eu\/atlas\/pullmenu\/","url":"https:\/\/radioactivegaming.eu\/atlas\/pullmenu\/","name":"Pullmen\u00fc & andere Buffs - Radioactive Gaming","isPartOf":{"@id":"https:\/\/radioactivegaming.eu\/#website"},"primaryImageOfPage":{"@id":"https:\/\/radioactivegaming.eu\/atlas\/pullmenu\/#primaryimage"},"image":{"@id":"https:\/\/radioactivegaming.eu\/atlas\/pullmenu\/#primaryimage"},"thumbnailUrl":"https:\/\/radioactivegaming.eu\/wp-content\/uploads\/2024\/05\/buff3.png","datePublished":"2024-05-25T09:48:33+00:00","dateModified":"2024-05-25T10:06:10+00:00","breadcrumb":{"@id":"https:\/\/radioactivegaming.eu\/atlas\/pullmenu\/#breadcrumb"},"inLanguage":"de","potentialAction":[{"@type":"ReadAction","target":["https:\/\/radioactivegaming.eu\/atlas\/pullmenu\/"]}]},{"@type":"ImageObject","inLanguage":"de","@id":"https:\/\/radioactivegaming.eu\/atlas\/pullmenu\/#primaryimage","url":"https:\/\/radioactivegaming.eu\/wp-content\/uploads\/2024\/05\/buff3.png","contentUrl":"https:\/\/radioactivegaming.eu\/wp-content\/uploads\/2024\/05\/buff3.png"},{"@type":"BreadcrumbList","@id":"https:\/\/radioactivegaming.eu\/atlas\/pullmenu\/#breadcrumb","itemListElement":[{"@type":"ListItem","position":1,"name":"Startseite","item":"https:\/\/radioactivegaming.eu\/"},{"@type":"ListItem","position":2,"name":"Atlas","item":"https:\/\/radioactivegaming.eu\/atlas\/"},{"@type":"ListItem","position":3,"name":"Pullmen\u00fc &#038; andere Buffs"}]},{"@type":"WebSite","@id":"https:\/\/radioactivegaming.eu\/#website","url":"https:\/\/radioactivegaming.eu\/","name":"Radioactive Gaming","description":"","publisher":{"@id":"https:\/\/radioactivegaming.eu\/#organization"},"potentialAction":[{"@type":"SearchAction","target":{"@type":"EntryPoint","urlTemplate":"https:\/\/radioactivegaming.eu\/?s={search_term_string}"},"query-input":{"@type":"PropertyValueSpecification","valueRequired":true,"valueName":"search_term_string"}}],"inLanguage":"de"},{"@type":"Organization","@id":"https:\/\/radioactivegaming.eu\/#organization","name":"Radioactive Gaming","url":"https:\/\/radioactivegaming.eu\/","logo":{"@type":"ImageObject","inLanguage":"de","@id":"https:\/\/radioactivegaming.eu\/#\/schema\/logo\/image\/","url":"https:\/\/radioactivegaming.eu\/wp-content\/uploads\/2019\/12\/cropped-coin-2.png","contentUrl":"https:\/\/radioactivegaming.eu\/wp-content\/uploads\/2019\/12\/cropped-coin-2.png","width":256,"height":256,"caption":"Radioactive Gaming"},"image":{"@id":"https:\/\/radioactivegaming.eu\/#\/schema\/logo\/image\/"},"sameAs":["https:\/\/www.youtube.com\/channel\/UCHAH-p_vfp_co-__TB4M14A"]}]}},"jetpack_sharing_enabled":true,"_links":{"self":[{"href":"https:\/\/radioactivegaming.eu\/de_de\/wp-json\/wp\/v2\/pages\/5485","targetHints":{"allow":["GET"]}}],"collection":[{"href":"https:\/\/radioactivegaming.eu\/de_de\/wp-json\/wp\/v2\/pages"}],"about":[{"href":"https:\/\/radioactivegaming.eu\/de_de\/wp-json\/wp\/v2\/types\/page"}],"author":[{"embeddable":true,"href":"https:\/\/radioactivegaming.eu\/de_de\/wp-json\/wp\/v2\/users\/1"}],"replies":[{"embeddable":true,"href":"https:\/\/radioactivegaming.eu\/de_de\/wp-json\/wp\/v2\/comments?post=5485"}],"version-history":[{"count":3,"href":"https:\/\/radioactivegaming.eu\/de_de\/wp-json\/wp\/v2\/pages\/5485\/revisions"}],"predecessor-version":[{"id":5504,"href":"https:\/\/radioactivegaming.eu\/de_de\/wp-json\/wp\/v2\/pages\/5485\/revisions\/5504"}],"up":[{"embeddable":true,"href":"https:\/\/radioactivegaming.eu\/de_de\/wp-json\/wp\/v2\/pages\/13"}],"wp:attachment":[{"href":"https:\/\/radioactivegaming.eu\/de_de\/wp-json\/wp\/v2\/media?parent=5485"}],"curies":[{"name":"wp","href":"https:\/\/api.w.org\/{rel}","templated":true}]}}