{"id":661,"date":"2019-12-12T21:59:27","date_gmt":"2019-12-12T20:59:27","guid":{"rendered":"http:\/\/radioactivegaming.eu\/?page_id=661"},"modified":"2024-09-22T00:33:03","modified_gmt":"2024-09-21T22:33:03","slug":"rules","status":"publish","type":"page","link":"https:\/\/radioactivegaming.eu\/de_de\/ark\/rules\/","title":{"rendered":"rules"},"content":{"rendered":"<div  data-label=\"Content\" data-id=\"content--1\" data-export-id=\"content-12\" data-category=\"content\" class=\"content-12 content-section content-section-spacing content-relative\" id=\"content-1\" style=\"background-color: rgb(255, 255, 255);\"><div  class=\"section-separator-top\">\n    <svg  class=\"section-separator-top\" data-separator-name=\"triangle-asymmetrical-negative\" preserveAspectRatio=\"none\" viewBox=\"0 0 1000 100\" xmlns=\"http:\/\/www.w3.org\/2000\/svg\">\n        <path  class=\"svg-white-bg\" d=\"M737.9,94.7L0,0v100h1000V0L737.9,94.7z\"><\/path>\n    <\/svg>\n<\/div><div  class=\"gridContainer\"> <div  class=\"row text-center\"><div  class=\"section-title-col\" data-type=\"column\"><h2  class=\"\"><span  style=\"color: rgb(0, 0, 0);\">Regeln<\/span><\/h2>  <h3  class=\"\"><span  style=\"color: rgb(223, 10, 10);\">Wichtige Hinweise!<\/span><\/h3><h4  class=\"\"><br ><span  style=\"color: rgb(223, 10, 10); font-weight: 700;\">WICHTIG: Jeder Spieler muss sich in einem Tribe befinden, auch wenn er Einzelspieler ist!\n<\/span><\/h4><h3  class=\"\"><span  style=\"color: rgb(0, 0, 0);\">A) Allgemeine Regeln<\/span><\/h3><h4  class=\"\" style=\"text-align: left;\"><span  style=\"color: rgb(0, 0, 0);\">Jeder Spieler auf unserem ARK-Server muss sich so verhalten, dass wir einen fairen, geregelten und vollen Server erhalten k\u00f6nnen. Diese Regel kann alle anderen Regeln au\u00dfer Kraft setzen.\n<\/span><br ><br ><span  style=\"color: rgb(0, 0, 0);\">\nBel\u00e4stigung von Mitspielern ist verboten. Hierunter fallen Beleidigungen, sexistische, radikale sowie nationalsozialistische \u00c4u\u00dferungen oder auch einfach nur Diskussionen die auch im Stamm-Chat erfolgen k\u00f6nnen.\n<\/span><br ><br ><span  style=\"color: rgb(0, 0, 0);\">\nChatsprachen: Deutsch und Englisch.\n<\/span><br ><br ><span  style=\"color: rgb(0, 0, 0);\">\nEs ist verboten wilde Dinos in fremde Basen zu locken.<\/span><br ><br ><span  style=\"color: rgb(0, 0, 0);\">\nDinos, die gerade von jemand anderem gez\u00e4hmt oder bet\u00e4ubt werden, d\u00fcrfen nicht get\u00f6tet werden, \n<\/span><br ><span  style=\"color: rgb(0, 0, 0);\">anderweitiges Behindern oder St\u00f6ren ist ebenfalls nicht gestattet.<\/span><br ><br ><span  style=\"color: rgb(0, 0, 0);\">\n Es ist verboten, Items oder Dinos f\u00fcr Echtgeld zu kaufen oder zu verkaufen. Dies f\u00fchrt direkt zum Bann!<\/span><br ><span  style=\"color: rgb(0, 0, 0);\">\n\n<br >Ausnutzen von Bugs und Spielmechaniken zum eigenen Vorteil ist verboten.\n<\/span><br ><br ><span  style=\"color: rgb(0, 0, 0);\">\nEs gibt grunds\u00e4tzlich keinen Ersatz von Items\/Tieren bei Bugs, Crashes oder Eigenverschulden.\n<\/span><\/h4><h3  class=\"\"><span  style=\"color: rgb(0, 0, 0);\">B) Bauregeln<\/span><\/h3><h4  class=\"\" style=\"text-align: left;\"><span  style=\"color: rgb(0, 0, 0);\">Je Server ist eine Basis erlaubt. \n<\/span>Beschr\u00e4nkt euch hier bitte auf einen Bereich von ca 60\u00d760 Fundamenten!<span  style=\"color: rgb(0, 0, 0);\">\n<br >Weiterhin ist je Server 1 Au\u00dfenposten erlaubt. Dies kann zum Beispiel eine Wasserbasis oder auch eine Z\u00e4hmfalle sein. Diese sollte 20\u00d720 Fundamente und etwa 1000 Strukturen nicht \u00fcberschreiten. \n<br >Zus\u00e4tzlich darf jeder Tribe eine Baumplattform setzen und mit etwa 100 Strukturen bebauen.\n<br ><br >Es ist erlaubt in einer Allianz zusammen eine Basis zu errichten. Hier ist aber die maximale Anzahl der Tribes auf zwei begrenzt. <\/span><br ><br ><span  style=\"color: rgb(0, 0, 0);\">\nAlle Arten von Strukturen au\u00dferhalb der Basis (Lagerfeuer, Schlafs\u00e4cke, Spikes, Fallen, einzelne Fundamente\/Pillar) m\u00fcssen nach Gebrauch wieder entfernt werden. Hierzu hilft aber auch der Schnelldecay, der alle kleine Strukturenansammlungen, die in einem festgelegten Radius nach 8 Stunden entfernt. \n<br >Wir haben zus\u00e4tzlich im Discord einen Channel eingerichtet, wo Strukturen die St\u00f6ren gepostet werden k\u00f6nnen. Wir behalten uns vor, bei ignorieren von Hinweisen dazu (von uns oder anderen Spielern) die st\u00f6renden Strukturen kommentarlos zu entfernen.<\/span><br ><br ><span  style=\"color: rgb(0, 0, 0);\">\nZus\u00e4tzlich zu euren Basen ist es erlaubt, ein Raft zu besitzen. Dieses muss jedoch sinnvoll bebaut sein (Bett, Schrank, etc.) und sich haupts\u00e4chlich in bzw an eurer Base befinden, au\u00dfer ihr benutzt es. Leere Rafts, die nicht in eurer Base stehen, werden als \u201cStruktur au\u00dferhalb der Base\u201d angesehen und von uns entfernt. Bebaute Rafts, die sich l\u00e4ngere Zeit au\u00dferhalb eurer Base befinden, z\u00e4hlen als Base.<\/span><br ><br ><span  style=\"color: rgb(0, 0, 0);\">\nEs ist ein respektvoller Abstand zu den Basen eurer Nachbarn einzuhalten, nahes Bauen ist vorher mit diesen abzukl\u00e4ren.\n<\/span><br ><br ><span  style=\"color: rgb(0, 0, 0);\">\nEs ist nicht erlaubt einen Bauplatz mit Fundamenten, Pfeilern oder anderen Strukturen zu reservieren.<\/span><br ><span  style=\"color: rgb(0, 0, 0);\">\nBasen bzw. die Au\u00dfengehege m\u00fcssen mit Tieren oder sinnvollen Strukturen bestellt werden. (Keine Platzhalter!)\n<\/span><br ><br ><span  style=\"color: rgb(0, 0, 0);\">\nWichtige Wege und Ressourcen d\u00fcrfen nicht durch Bauten blockiert werden.\n<\/span><br ><br ><span  style=\"color: rgb(0, 0, 0);\">\nArtefakt-H\u00f6hlen und deren Zug\u00e4nge d\u00fcrfen nicht bebaut werden.\n<\/span><br >\n<br ><span  style=\"color: rgb(0, 0, 0);\">Tore um eine Base sind keine Mauern und m\u00fcssen binnen 24 Stunden angepasst werden.\n<\/span><br ><br ><span  style=\"color: rgb(0, 0, 0);\">\nBauen, sowie Parken von Dinos an den ARK\u2019s ist nicht erlaubt.\nHierzu haben wir an jedem ARK eine Dino Cloud gestellt, die von jedem genutzt werden kann.<\/span><br ><span  id=\"_mce_caret\" data-mce-bogus=\"1\" data-mce-type=\"format-caret\"><span  style=\"color: rgb(0, 0, 0);\">\ufeff\n<br >Mit dem Tribe Radioactive Gaming haben wir euch auf den Karten einige Hilfen bereitgestellt, wie zum Beispiel auf Scorched Earth an der Wyvernschlucht wurden einige Wyvernfallen aufgestellt.<\/span><\/span><br ><span  style=\"color: rgb(0, 0, 0);\">\nBitte baut keine riesigen viereckigen Kl\u00f6tze als Basis oder Dinolager, mit der Dino Cloud steht euch ein effizientes Lager f\u00fcr Dinos zur Verf\u00fcgung!<\/span><br ><br ><span  style=\"color: rgb(0, 0, 0);\">\nBitte baut sinnhaft und keine riesigen Geb\u00e4ude mit zu vielen Strukturen. Wir behalten uns vor, euch gegebenenfalls darauf hinzuweisen, eure Base zu verkleinern.\n<\/span><\/h4><h3  class=\"\">C) Verschenken von Tieren<\/h3><h4  class=\"\" style=\"text-align: left;\"><span  style=\"color: rgb(0, 0, 0);\">Es ist nicht gestattet Tiere zu verschenken.<br >Ebenso ist es untersagt entclaimte Tiere auf dem Server stehen zu lassen damit sie jemand anders finden und \u00fcbernehmen kann.\n<br >Weiterhin d\u00fcrfen Tiere nur an Spieler verkauft werden, die das entspechende Level f\u00fcr den ben\u00f6tigten Sattel schon erreicht haben. Bei wiederholter Zuwiderhandlung behalten wir uns vor von unserem Verwarnungssystem Gebrauch zu machen.<span  style=\"font-size: 1.1rem; letter-spacing: 0.0625rem;\">&nbsp;<\/span><br ><br >\nEbenso ist es untersagt Tiere f\u00fcr z.B. ein Holz anzubieten um die Regel zu umgehen.\n\n\n<br ><br >Gez\u00e4hmte Tiere m\u00fcssen zu einem angemessenen Preis angeboten werden.\n<br ><br >Gez\u00fcchtete Tiere mit Mutationen m\u00fcssen zu einem angemessenen Preis angeboten werden und m\u00fcssen kastriert sein.<\/span><\/h4><h3  class=\"\">D) Hinweis bzgl. Admint\u00e4tigkeiten<\/h3><p  class=\"lead\" style=\"text-align: left;\"><span  id=\"_mce_caret\" data-mce-bogus=\"1\" data-mce-type=\"format-caret\"><span  style=\"font-family: Muli, arial, helvetica, sans-serif; font-weight: 600;\">\ufeff<\/span><\/span><span  style=\"font-weight: 600;\">Die Anweisungen der Admins sind unbedingt zu beachten.\n<\/span><br ><br ><span  style=\"font-weight: 600;\">\nBei Regelverst\u00f6\u00dfen behalten wir uns vor, die entsprechenden Strukturen ohne Kommentar zu l\u00f6schen. (z. B. Strukturen au\u00dferhalb der Basis) Zudem kann eine Verwarnung oder ein Bann erfolgen.<\/span><\/p><\/div> <\/div> <div  class=\"row center-xs middle-xs\"> <div  class=\"col-sm-9\" data-type=\"column\"> <\/div> <\/div><\/div> <div  class=\"section-separator-bottom\">\n    <svg  xmlns=\"http:\/\/www.w3.org\/2000\/svg\" viewBox=\"0 0 283.5 19.6\" preserveAspectRatio=\"none\" data-separator-name=\"opacity-fan\" class=\"section-separator-bottom\">\n\t<path  class=\"svg-white-bg\" style=\"opacity: 0.33;\" d=\"M0 0L0 18.8 141.8 4.1 283.5 18.8 283.5 0z\"><\/path>\n\t<path  class=\"svg-white-bg\" style=\"opacity: 0.33;\" d=\"M0 0L0 12.6 141.8 4 283.5 12.6 283.5 0z\"><\/path>\n\t<path  class=\"svg-white-bg\" style=\"opacity: 0.33;\" d=\"M0 0L0 6.4 141.8 4 283.5 6.4 283.5 0z\"><\/path>\n\t<path  class=\"svg-white-bg\" d=\"M0 0L0 1.2 141.8 4 283.5 1.2 283.5 0z\"><\/path>\n<\/svg>\n<\/div><\/div>","protected":false},"excerpt":{"rendered":"<p>Regeln Wichtige Hinweise!WICHTIG: Jeder Spieler muss sich in einem Tribe befinden, auch wenn er Einzelspieler ist! A) Allgemeine RegelnJeder Spieler auf unserem ARK-Server muss sich so verhalten, dass wir einen fairen, geregelten und vollen Server erhalten k\u00f6nnen. Diese Regel kann alle anderen Regeln au\u00dfer Kraft setzen. Bel\u00e4stigung von Mitspielern ist verboten. Hierunter fallen Beleidigungen, sexistische,&hellip; <br \/> <a class=\"read-more\" href=\"https:\/\/radioactivegaming.eu\/de_de\/ark\/rules\/\">Read more<\/a><\/p>\n","protected":false},"author":1,"featured_media":4966,"parent":12,"menu_order":0,"comment_status":"closed","ping_status":"closed","template":"pro\/page-templates\/full-width-page.php","meta":{"footnotes":""},"class_list":["post-661","page","type-page","status-publish","has-post-thumbnail","hentry"],"yoast_head":"<!-- This site is optimized with the Yoast SEO plugin v26.3 - https:\/\/yoast.com\/wordpress\/plugins\/seo\/ -->\n<title>rules - Radioactive Gaming<\/title>\n<meta name=\"robots\" content=\"index, follow, max-snippet:-1, max-image-preview:large, max-video-preview:-1\" \/>\n<link rel=\"canonical\" href=\"https:\/\/radioactivegaming.eu\/de_de\/ark\/rules\/\" \/>\n<meta property=\"og:locale\" content=\"de_DE\" \/>\n<meta property=\"og:type\" content=\"article\" \/>\n<meta property=\"og:title\" content=\"rules - Radioactive Gaming\" \/>\n<meta property=\"og:description\" content=\"Regeln Wichtige Hinweise!WICHTIG: Jeder Spieler muss sich in einem Tribe befinden, auch wenn er Einzelspieler ist! A) Allgemeine RegelnJeder Spieler auf unserem ARK-Server muss sich so verhalten, dass wir einen fairen, geregelten und vollen Server erhalten k\u00f6nnen. Diese Regel kann alle anderen Regeln au\u00dfer Kraft setzen. Bel\u00e4stigung von Mitspielern ist verboten. Hierunter fallen Beleidigungen, sexistische,&hellip; Read more\" \/>\n<meta property=\"og:url\" content=\"https:\/\/radioactivegaming.eu\/de_de\/ark\/rules\/\" \/>\n<meta property=\"og:site_name\" content=\"Radioactive Gaming\" \/>\n<meta property=\"article:modified_time\" content=\"2024-09-21T22:33:03+00:00\" \/>\n<meta property=\"og:image\" content=\"https:\/\/radioactivegaming.eu\/wp-content\/uploads\/2023\/10\/20231028010459_1.jpg\" \/>\n\t<meta property=\"og:image:width\" content=\"2048\" \/>\n\t<meta property=\"og:image:height\" content=\"1152\" \/>\n\t<meta property=\"og:image:type\" content=\"image\/jpeg\" \/>\n<meta name=\"twitter:card\" content=\"summary_large_image\" \/>\n<meta name=\"twitter:label1\" content=\"Gesch\u00e4tzte Lesezeit\" \/>\n\t<meta name=\"twitter:data1\" content=\"4\u00a0Minuten\" \/>\n<script type=\"application\/ld+json\" class=\"yoast-schema-graph\">{\"@context\":\"https:\/\/schema.org\",\"@graph\":[{\"@type\":\"WebPage\",\"@id\":\"https:\/\/radioactivegaming.eu\/ark\/rules\/\",\"url\":\"https:\/\/radioactivegaming.eu\/ark\/rules\/\",\"name\":\"rules - Radioactive Gaming\",\"isPartOf\":{\"@id\":\"https:\/\/radioactivegaming.eu\/#website\"},\"primaryImageOfPage\":{\"@id\":\"https:\/\/radioactivegaming.eu\/ark\/rules\/#primaryimage\"},\"image\":{\"@id\":\"https:\/\/radioactivegaming.eu\/ark\/rules\/#primaryimage\"},\"thumbnailUrl\":\"https:\/\/radioactivegaming.eu\/wp-content\/uploads\/2023\/10\/20231028010459_1.jpg\",\"datePublished\":\"2019-12-12T20:59:27+00:00\",\"dateModified\":\"2024-09-21T22:33:03+00:00\",\"breadcrumb\":{\"@id\":\"https:\/\/radioactivegaming.eu\/ark\/rules\/#breadcrumb\"},\"inLanguage\":\"de\",\"potentialAction\":[{\"@type\":\"ReadAction\",\"target\":[\"https:\/\/radioactivegaming.eu\/ark\/rules\/\"]}]},{\"@type\":\"ImageObject\",\"inLanguage\":\"de\",\"@id\":\"https:\/\/radioactivegaming.eu\/ark\/rules\/#primaryimage\",\"url\":\"https:\/\/radioactivegaming.eu\/wp-content\/uploads\/2023\/10\/20231028010459_1.jpg\",\"contentUrl\":\"https:\/\/radioactivegaming.eu\/wp-content\/uploads\/2023\/10\/20231028010459_1.jpg\",\"width\":2048,\"height\":1152},{\"@type\":\"BreadcrumbList\",\"@id\":\"https:\/\/radioactivegaming.eu\/ark\/rules\/#breadcrumb\",\"itemListElement\":[{\"@type\":\"ListItem\",\"position\":1,\"name\":\"Startseite\",\"item\":\"https:\/\/radioactivegaming.eu\/\"},{\"@type\":\"ListItem\",\"position\":2,\"name\":\"Ark\",\"item\":\"https:\/\/radioactivegaming.eu\/ark\/\"},{\"@type\":\"ListItem\",\"position\":3,\"name\":\"rules\"}]},{\"@type\":\"WebSite\",\"@id\":\"https:\/\/radioactivegaming.eu\/#website\",\"url\":\"https:\/\/radioactivegaming.eu\/\",\"name\":\"Radioactive Gaming\",\"description\":\"\",\"publisher\":{\"@id\":\"https:\/\/radioactivegaming.eu\/#organization\"},\"potentialAction\":[{\"@type\":\"SearchAction\",\"target\":{\"@type\":\"EntryPoint\",\"urlTemplate\":\"https:\/\/radioactivegaming.eu\/?s={search_term_string}\"},\"query-input\":{\"@type\":\"PropertyValueSpecification\",\"valueRequired\":true,\"valueName\":\"search_term_string\"}}],\"inLanguage\":\"de\"},{\"@type\":\"Organization\",\"@id\":\"https:\/\/radioactivegaming.eu\/#organization\",\"name\":\"Radioactive Gaming\",\"url\":\"https:\/\/radioactivegaming.eu\/\",\"logo\":{\"@type\":\"ImageObject\",\"inLanguage\":\"de\",\"@id\":\"https:\/\/radioactivegaming.eu\/#\/schema\/logo\/image\/\",\"url\":\"https:\/\/radioactivegaming.eu\/wp-content\/uploads\/2019\/12\/cropped-coin-2.png\",\"contentUrl\":\"https:\/\/radioactivegaming.eu\/wp-content\/uploads\/2019\/12\/cropped-coin-2.png\",\"width\":256,\"height\":256,\"caption\":\"Radioactive Gaming\"},\"image\":{\"@id\":\"https:\/\/radioactivegaming.eu\/#\/schema\/logo\/image\/\"},\"sameAs\":[\"https:\/\/www.youtube.com\/channel\/UCHAH-p_vfp_co-__TB4M14A\"]}]}<\/script>\n<!-- \/ Yoast SEO plugin. -->","yoast_head_json":{"title":"rules - Radioactive Gaming","robots":{"index":"index","follow":"follow","max-snippet":"max-snippet:-1","max-image-preview":"max-image-preview:large","max-video-preview":"max-video-preview:-1"},"canonical":"https:\/\/radioactivegaming.eu\/de_de\/ark\/rules\/","og_locale":"de_DE","og_type":"article","og_title":"rules - Radioactive Gaming","og_description":"Regeln Wichtige Hinweise!WICHTIG: Jeder Spieler muss sich in einem Tribe befinden, auch wenn er Einzelspieler ist! A) Allgemeine RegelnJeder Spieler auf unserem ARK-Server muss sich so verhalten, dass wir einen fairen, geregelten und vollen Server erhalten k\u00f6nnen. Diese Regel kann alle anderen Regeln au\u00dfer Kraft setzen. Bel\u00e4stigung von Mitspielern ist verboten. Hierunter fallen Beleidigungen, sexistische,&hellip; Read more","og_url":"https:\/\/radioactivegaming.eu\/de_de\/ark\/rules\/","og_site_name":"Radioactive Gaming","article_modified_time":"2024-09-21T22:33:03+00:00","og_image":[{"width":2048,"height":1152,"url":"https:\/\/radioactivegaming.eu\/wp-content\/uploads\/2023\/10\/20231028010459_1.jpg","type":"image\/jpeg"}],"twitter_card":"summary_large_image","twitter_misc":{"Gesch\u00e4tzte Lesezeit":"4\u00a0Minuten"},"schema":{"@context":"https:\/\/schema.org","@graph":[{"@type":"WebPage","@id":"https:\/\/radioactivegaming.eu\/ark\/rules\/","url":"https:\/\/radioactivegaming.eu\/ark\/rules\/","name":"rules - Radioactive Gaming","isPartOf":{"@id":"https:\/\/radioactivegaming.eu\/#website"},"primaryImageOfPage":{"@id":"https:\/\/radioactivegaming.eu\/ark\/rules\/#primaryimage"},"image":{"@id":"https:\/\/radioactivegaming.eu\/ark\/rules\/#primaryimage"},"thumbnailUrl":"https:\/\/radioactivegaming.eu\/wp-content\/uploads\/2023\/10\/20231028010459_1.jpg","datePublished":"2019-12-12T20:59:27+00:00","dateModified":"2024-09-21T22:33:03+00:00","breadcrumb":{"@id":"https:\/\/radioactivegaming.eu\/ark\/rules\/#breadcrumb"},"inLanguage":"de","potentialAction":[{"@type":"ReadAction","target":["https:\/\/radioactivegaming.eu\/ark\/rules\/"]}]},{"@type":"ImageObject","inLanguage":"de","@id":"https:\/\/radioactivegaming.eu\/ark\/rules\/#primaryimage","url":"https:\/\/radioactivegaming.eu\/wp-content\/uploads\/2023\/10\/20231028010459_1.jpg","contentUrl":"https:\/\/radioactivegaming.eu\/wp-content\/uploads\/2023\/10\/20231028010459_1.jpg","width":2048,"height":1152},{"@type":"BreadcrumbList","@id":"https:\/\/radioactivegaming.eu\/ark\/rules\/#breadcrumb","itemListElement":[{"@type":"ListItem","position":1,"name":"Startseite","item":"https:\/\/radioactivegaming.eu\/"},{"@type":"ListItem","position":2,"name":"Ark","item":"https:\/\/radioactivegaming.eu\/ark\/"},{"@type":"ListItem","position":3,"name":"rules"}]},{"@type":"WebSite","@id":"https:\/\/radioactivegaming.eu\/#website","url":"https:\/\/radioactivegaming.eu\/","name":"Radioactive Gaming","description":"","publisher":{"@id":"https:\/\/radioactivegaming.eu\/#organization"},"potentialAction":[{"@type":"SearchAction","target":{"@type":"EntryPoint","urlTemplate":"https:\/\/radioactivegaming.eu\/?s={search_term_string}"},"query-input":{"@type":"PropertyValueSpecification","valueRequired":true,"valueName":"search_term_string"}}],"inLanguage":"de"},{"@type":"Organization","@id":"https:\/\/radioactivegaming.eu\/#organization","name":"Radioactive Gaming","url":"https:\/\/radioactivegaming.eu\/","logo":{"@type":"ImageObject","inLanguage":"de","@id":"https:\/\/radioactivegaming.eu\/#\/schema\/logo\/image\/","url":"https:\/\/radioactivegaming.eu\/wp-content\/uploads\/2019\/12\/cropped-coin-2.png","contentUrl":"https:\/\/radioactivegaming.eu\/wp-content\/uploads\/2019\/12\/cropped-coin-2.png","width":256,"height":256,"caption":"Radioactive Gaming"},"image":{"@id":"https:\/\/radioactivegaming.eu\/#\/schema\/logo\/image\/"},"sameAs":["https:\/\/www.youtube.com\/channel\/UCHAH-p_vfp_co-__TB4M14A"]}]}},"jetpack_sharing_enabled":true,"_links":{"self":[{"href":"https:\/\/radioactivegaming.eu\/de_de\/wp-json\/wp\/v2\/pages\/661","targetHints":{"allow":["GET"]}}],"collection":[{"href":"https:\/\/radioactivegaming.eu\/de_de\/wp-json\/wp\/v2\/pages"}],"about":[{"href":"https:\/\/radioactivegaming.eu\/de_de\/wp-json\/wp\/v2\/types\/page"}],"author":[{"embeddable":true,"href":"https:\/\/radioactivegaming.eu\/de_de\/wp-json\/wp\/v2\/users\/1"}],"replies":[{"embeddable":true,"href":"https:\/\/radioactivegaming.eu\/de_de\/wp-json\/wp\/v2\/comments?post=661"}],"version-history":[{"count":13,"href":"https:\/\/radioactivegaming.eu\/de_de\/wp-json\/wp\/v2\/pages\/661\/revisions"}],"predecessor-version":[{"id":5807,"href":"https:\/\/radioactivegaming.eu\/de_de\/wp-json\/wp\/v2\/pages\/661\/revisions\/5807"}],"up":[{"embeddable":true,"href":"https:\/\/radioactivegaming.eu\/de_de\/wp-json\/wp\/v2\/pages\/12"}],"wp:featuredmedia":[{"embeddable":true,"href":"https:\/\/radioactivegaming.eu\/de_de\/wp-json\/wp\/v2\/media\/4966"}],"wp:attachment":[{"href":"https:\/\/radioactivegaming.eu\/de_de\/wp-json\/wp\/v2\/media?parent=661"}],"curies":[{"name":"wp","href":"https:\/\/api.w.org\/{rel}","templated":true}]}}