{"id":3983,"date":"2022-12-25T14:18:32","date_gmt":"2022-12-25T13:18:32","guid":{"rendered":"https:\/\/radioactivegaming.eu\/?post_type=product&#038;p=3983"},"modified":"2025-10-24T21:23:34","modified_gmt":"2025-10-24T19:23:34","slug":"harvesting-boost-2","status":"publish","type":"product","link":"https:\/\/radioactivegaming.eu\/de_de\/produkt\/harvesting-boost-2\/","title":{"rendered":"2h Harvesting Boost (x1.5) (Atlas)"},"content":{"rendered":"<p>Erhalte 2 Stunden Harvesting Boost (x1.5) f\u00fcr das Grid, in dem du diesen aktivierst!<\/p>\n<p><strong>Wichtig:<\/strong>\u00a0Der jeweilige Effekt ist f\u00fcr\u00a0<strong>jeden im Grid aktiv<\/strong>, auch Spieler die nachtr\u00e4glich dazusto\u00dfen, zus\u00e4tzlich erscheint im Discord &amp; Ingame eine Meldung wenn ihr einen Boost f\u00fcr ein Grid z\u00fcndet!<\/p>\n","protected":false},"excerpt":{"rendered":"<p>Erhalte 2 Stunden Harvesting Boost (x1.5) f\u00fcr das Grid, in dem du diesen aktivierst! Wichtig:\u00a0Der jeweilige Effekt ist f\u00fcr\u00a0jeden im Grid aktiv, auch Spieler die nachtr\u00e4glich dazusto\u00dfen, zus\u00e4tzlich erscheint im Discord &amp; Ingame eine Meldung wenn ihr einen Boost f\u00fcr ein Grid z\u00fcndet!<\/p>\n","protected":false},"featured_media":5642,"template":"","meta":[],"product_brand":[],"product_cat":[93],"product_tag":[94,96],"class_list":{"0":"post-3983","1":"product","2":"type-product","3":"status-publish","4":"has-post-thumbnail","6":"product_cat-booster","7":"product_tag-boost","8":"product_tag-harvesting","10":"first","11":"instock","12":"virtual","13":"purchasable","14":"product-type-simple"},"yoast_head":"<!-- This site is optimized with the Yoast SEO plugin v26.3 - https:\/\/yoast.com\/wordpress\/plugins\/seo\/ -->\n<title>2h Harvesting Boost (x1.5) (Atlas) - Radioactive Gaming<\/title>\n<meta name=\"description\" content=\"Get 2 hours of Harvesting Boost (x1.5) for the grid you activate this in!\" \/>\n<meta name=\"robots\" content=\"index, follow, max-snippet:-1, max-image-preview:large, max-video-preview:-1\" \/>\n<link rel=\"canonical\" href=\"https:\/\/radioactivegaming.eu\/de_de\/produkt\/harvesting-boost-2\/\" \/>\n<meta property=\"og:locale\" content=\"de_DE\" \/>\n<meta property=\"og:type\" content=\"article\" \/>\n<meta property=\"og:title\" content=\"2h Harvesting Boost (x1.5) (Atlas) - Radioactive Gaming\" \/>\n<meta property=\"og:description\" content=\"Get 2 hours of Harvesting Boost (x1.5) for the grid you activate this in!\" \/>\n<meta property=\"og:url\" content=\"https:\/\/radioactivegaming.eu\/de_de\/produkt\/harvesting-boost-2\/\" \/>\n<meta property=\"og:site_name\" content=\"Radioactive Gaming\" \/>\n<meta property=\"article:modified_time\" content=\"2025-10-24T19:23:34+00:00\" \/>\n<meta property=\"og:image\" content=\"https:\/\/radioactivegaming.eu\/wp-content\/uploads\/2023\/11\/HarvestingAtlas.png\" \/>\n\t<meta property=\"og:image:width\" content=\"570\" \/>\n\t<meta property=\"og:image:height\" content=\"380\" \/>\n\t<meta property=\"og:image:type\" content=\"image\/png\" \/>\n<meta name=\"twitter:card\" content=\"summary_large_image\" \/>\n<meta name=\"twitter:label1\" content=\"Gesch\u00e4tzte Lesezeit\" \/>\n\t<meta name=\"twitter:data1\" content=\"1\u00a0Minute\" \/>\n<script type=\"application\/ld+json\" class=\"yoast-schema-graph\">{\"@context\":\"https:\/\/schema.org\",\"@graph\":[{\"@type\":\"WebPage\",\"@id\":\"https:\/\/radioactivegaming.eu\/produkt\/harvesting-boost-2\/\",\"url\":\"https:\/\/radioactivegaming.eu\/produkt\/harvesting-boost-2\/\",\"name\":\"2h Harvesting Boost (x1.5) (Atlas) - Radioactive Gaming\",\"isPartOf\":{\"@id\":\"https:\/\/radioactivegaming.eu\/#website\"},\"primaryImageOfPage\":{\"@id\":\"https:\/\/radioactivegaming.eu\/produkt\/harvesting-boost-2\/#primaryimage\"},\"image\":{\"@id\":\"https:\/\/radioactivegaming.eu\/produkt\/harvesting-boost-2\/#primaryimage\"},\"thumbnailUrl\":\"https:\/\/radioactivegaming.eu\/wp-content\/uploads\/2023\/11\/HarvestingAtlas.png\",\"datePublished\":\"2022-12-25T13:18:32+00:00\",\"dateModified\":\"2025-10-24T19:23:34+00:00\",\"description\":\"Get 2 hours of Harvesting Boost (x1.5) for the grid you activate this in!\",\"breadcrumb\":{\"@id\":\"https:\/\/radioactivegaming.eu\/produkt\/harvesting-boost-2\/#breadcrumb\"},\"inLanguage\":\"de\",\"potentialAction\":[{\"@type\":\"ReadAction\",\"target\":[\"https:\/\/radioactivegaming.eu\/produkt\/harvesting-boost-2\/\"]}]},{\"@type\":\"ImageObject\",\"inLanguage\":\"de\",\"@id\":\"https:\/\/radioactivegaming.eu\/produkt\/harvesting-boost-2\/#primaryimage\",\"url\":\"https:\/\/radioactivegaming.eu\/wp-content\/uploads\/2023\/11\/HarvestingAtlas.png\",\"contentUrl\":\"https:\/\/radioactivegaming.eu\/wp-content\/uploads\/2023\/11\/HarvestingAtlas.png\",\"width\":570,\"height\":380},{\"@type\":\"BreadcrumbList\",\"@id\":\"https:\/\/radioactivegaming.eu\/produkt\/harvesting-boost-2\/#breadcrumb\",\"itemListElement\":[{\"@type\":\"ListItem\",\"position\":1,\"name\":\"Startseite\",\"item\":\"https:\/\/radioactivegaming.eu\/\"},{\"@type\":\"ListItem\",\"position\":2,\"name\":\"Shop\",\"item\":\"https:\/\/radioactivegaming.eu\/shop\/\"},{\"@type\":\"ListItem\",\"position\":3,\"name\":\"2h Harvesting Boost (x1.5) (Atlas)\"}]},{\"@type\":\"WebSite\",\"@id\":\"https:\/\/radioactivegaming.eu\/#website\",\"url\":\"https:\/\/radioactivegaming.eu\/\",\"name\":\"Radioactive Gaming\",\"description\":\"\",\"publisher\":{\"@id\":\"https:\/\/radioactivegaming.eu\/#organization\"},\"potentialAction\":[{\"@type\":\"SearchAction\",\"target\":{\"@type\":\"EntryPoint\",\"urlTemplate\":\"https:\/\/radioactivegaming.eu\/?s={search_term_string}\"},\"query-input\":{\"@type\":\"PropertyValueSpecification\",\"valueRequired\":true,\"valueName\":\"search_term_string\"}}],\"inLanguage\":\"de\"},{\"@type\":\"Organization\",\"@id\":\"https:\/\/radioactivegaming.eu\/#organization\",\"name\":\"Radioactive Gaming\",\"url\":\"https:\/\/radioactivegaming.eu\/\",\"logo\":{\"@type\":\"ImageObject\",\"inLanguage\":\"de\",\"@id\":\"https:\/\/radioactivegaming.eu\/#\/schema\/logo\/image\/\",\"url\":\"https:\/\/radioactivegaming.eu\/wp-content\/uploads\/2019\/12\/cropped-coin-2.png\",\"contentUrl\":\"https:\/\/radioactivegaming.eu\/wp-content\/uploads\/2019\/12\/cropped-coin-2.png\",\"width\":256,\"height\":256,\"caption\":\"Radioactive Gaming\"},\"image\":{\"@id\":\"https:\/\/radioactivegaming.eu\/#\/schema\/logo\/image\/\"},\"sameAs\":[\"https:\/\/www.youtube.com\/channel\/UCHAH-p_vfp_co-__TB4M14A\"]}]}<\/script>\n<!-- \/ Yoast SEO plugin. -->","yoast_head_json":{"title":"2h Harvesting Boost (x1.5) (Atlas) - Radioactive Gaming","description":"Get 2 hours of Harvesting Boost (x1.5) for the grid you activate this in!","robots":{"index":"index","follow":"follow","max-snippet":"max-snippet:-1","max-image-preview":"max-image-preview:large","max-video-preview":"max-video-preview:-1"},"canonical":"https:\/\/radioactivegaming.eu\/de_de\/produkt\/harvesting-boost-2\/","og_locale":"de_DE","og_type":"article","og_title":"2h Harvesting Boost (x1.5) (Atlas) - Radioactive Gaming","og_description":"Get 2 hours of Harvesting Boost (x1.5) for the grid you activate this in!","og_url":"https:\/\/radioactivegaming.eu\/de_de\/produkt\/harvesting-boost-2\/","og_site_name":"Radioactive Gaming","article_modified_time":"2025-10-24T19:23:34+00:00","og_image":[{"width":570,"height":380,"url":"https:\/\/radioactivegaming.eu\/wp-content\/uploads\/2023\/11\/HarvestingAtlas.png","type":"image\/png"}],"twitter_card":"summary_large_image","twitter_misc":{"Gesch\u00e4tzte Lesezeit":"1\u00a0Minute"},"schema":{"@context":"https:\/\/schema.org","@graph":[{"@type":"WebPage","@id":"https:\/\/radioactivegaming.eu\/produkt\/harvesting-boost-2\/","url":"https:\/\/radioactivegaming.eu\/produkt\/harvesting-boost-2\/","name":"2h Harvesting Boost (x1.5) (Atlas) - Radioactive Gaming","isPartOf":{"@id":"https:\/\/radioactivegaming.eu\/#website"},"primaryImageOfPage":{"@id":"https:\/\/radioactivegaming.eu\/produkt\/harvesting-boost-2\/#primaryimage"},"image":{"@id":"https:\/\/radioactivegaming.eu\/produkt\/harvesting-boost-2\/#primaryimage"},"thumbnailUrl":"https:\/\/radioactivegaming.eu\/wp-content\/uploads\/2023\/11\/HarvestingAtlas.png","datePublished":"2022-12-25T13:18:32+00:00","dateModified":"2025-10-24T19:23:34+00:00","description":"Get 2 hours of Harvesting Boost (x1.5) for the grid you activate this in!","breadcrumb":{"@id":"https:\/\/radioactivegaming.eu\/produkt\/harvesting-boost-2\/#breadcrumb"},"inLanguage":"de","potentialAction":[{"@type":"ReadAction","target":["https:\/\/radioactivegaming.eu\/produkt\/harvesting-boost-2\/"]}]},{"@type":"ImageObject","inLanguage":"de","@id":"https:\/\/radioactivegaming.eu\/produkt\/harvesting-boost-2\/#primaryimage","url":"https:\/\/radioactivegaming.eu\/wp-content\/uploads\/2023\/11\/HarvestingAtlas.png","contentUrl":"https:\/\/radioactivegaming.eu\/wp-content\/uploads\/2023\/11\/HarvestingAtlas.png","width":570,"height":380},{"@type":"BreadcrumbList","@id":"https:\/\/radioactivegaming.eu\/produkt\/harvesting-boost-2\/#breadcrumb","itemListElement":[{"@type":"ListItem","position":1,"name":"Startseite","item":"https:\/\/radioactivegaming.eu\/"},{"@type":"ListItem","position":2,"name":"Shop","item":"https:\/\/radioactivegaming.eu\/shop\/"},{"@type":"ListItem","position":3,"name":"2h Harvesting Boost (x1.5) (Atlas)"}]},{"@type":"WebSite","@id":"https:\/\/radioactivegaming.eu\/#website","url":"https:\/\/radioactivegaming.eu\/","name":"Radioactive Gaming","description":"","publisher":{"@id":"https:\/\/radioactivegaming.eu\/#organization"},"potentialAction":[{"@type":"SearchAction","target":{"@type":"EntryPoint","urlTemplate":"https:\/\/radioactivegaming.eu\/?s={search_term_string}"},"query-input":{"@type":"PropertyValueSpecification","valueRequired":true,"valueName":"search_term_string"}}],"inLanguage":"de"},{"@type":"Organization","@id":"https:\/\/radioactivegaming.eu\/#organization","name":"Radioactive Gaming","url":"https:\/\/radioactivegaming.eu\/","logo":{"@type":"ImageObject","inLanguage":"de","@id":"https:\/\/radioactivegaming.eu\/#\/schema\/logo\/image\/","url":"https:\/\/radioactivegaming.eu\/wp-content\/uploads\/2019\/12\/cropped-coin-2.png","contentUrl":"https:\/\/radioactivegaming.eu\/wp-content\/uploads\/2019\/12\/cropped-coin-2.png","width":256,"height":256,"caption":"Radioactive Gaming"},"image":{"@id":"https:\/\/radioactivegaming.eu\/#\/schema\/logo\/image\/"},"sameAs":["https:\/\/www.youtube.com\/channel\/UCHAH-p_vfp_co-__TB4M14A"]}]}},"jetpack_sharing_enabled":true,"_links":{"self":[{"href":"https:\/\/radioactivegaming.eu\/de_de\/wp-json\/wp\/v2\/product\/3983","targetHints":{"allow":["GET"]}}],"collection":[{"href":"https:\/\/radioactivegaming.eu\/de_de\/wp-json\/wp\/v2\/product"}],"about":[{"href":"https:\/\/radioactivegaming.eu\/de_de\/wp-json\/wp\/v2\/types\/product"}],"wp:featuredmedia":[{"embeddable":true,"href":"https:\/\/radioactivegaming.eu\/de_de\/wp-json\/wp\/v2\/media\/5642"}],"wp:attachment":[{"href":"https:\/\/radioactivegaming.eu\/de_de\/wp-json\/wp\/v2\/media?parent=3983"}],"wp:term":[{"taxonomy":"product_brand","embeddable":true,"href":"https:\/\/radioactivegaming.eu\/de_de\/wp-json\/wp\/v2\/product_brand?post=3983"},{"taxonomy":"product_cat","embeddable":true,"href":"https:\/\/radioactivegaming.eu\/de_de\/wp-json\/wp\/v2\/product_cat?post=3983"},{"taxonomy":"product_tag","embeddable":true,"href":"https:\/\/radioactivegaming.eu\/de_de\/wp-json\/wp\/v2\/product_tag?post=3983"}],"curies":[{"name":"wp","href":"https:\/\/api.w.org\/{rel}","templated":true}]}}