{"id":1200,"date":"2020-02-24T19:01:05","date_gmt":"2020-02-24T18:01:05","guid":{"rendered":"http:\/\/radioactivegaming.eu\/?page_id=1200"},"modified":"2024-05-25T00:27:12","modified_gmt":"2024-05-24T22:27:12","slug":"animals","status":"publish","type":"page","link":"https:\/\/radioactivegaming.eu\/en\/atlas\/animals\/","title":{"rendered":"animals"},"content":{"rendered":"<div  data-label=\"Features\" data-id=\"features--1\" data-export-id=\"features-16-card-bordered\" data-category=\"features\" class=\"features-16-card-bordered content-section content-section-spacing content-relative\" id=\"features-1\" style=\"background-color: rgb(45, 120, 154); background-image: none;\"><div  class=\"gridContainer\"> <div  class=\"row text-center\"><div  class=\"section-title-col\" data-type=\"column\"> <h2  class=\"\"><span  style=\"color: rgb(255, 255, 255);\">Special species of animals and where to find them...<\/span><\/h2> <\/div> <\/div> <div  class=\"row spaced-cols center-sm\" data-type=\"row\"> <div  class=\"col-xs-12 col-sm-6 col-md-6\"> <div  class=\"card no-padding bordered y-move\"> <img decoding=\"async\"  class=\"face\" src=\"http:\/\/radioactivegaming.eu\/wp-content\/uploads\/2020\/02\/cropped-20200224155223_1-scaled-1.jpg\" alt=\"\" title=\"cropped-20200224155223_1-scaled-1.jpg\"> <div  data-type=\"column\" class=\"col-padding-small col-padding-small-xs description-container\"> <h4  class=\"font-500\">Fox<\/h4> <p  class=\"\">He is a relatively strong fighter who receives reduced damage from wild animals (only 60%), except for mythical animals.\n<br ><br >\nThe best nose in the game! \n<br >He is able to scent enemy players, creatures and even ships! \n<br >\n<br >This can be activated manually via the radial menu or in turret mode (in which case the fox is immobile).\n<br ><br >\nadditional skill: musk<br >\nTemporarily covers your scent, as well as that of your fox, so that you cannot be detected by enemy foxes.<\/p><\/div> <div  data-type=\"column\" class=\"col-padding-small col-padding-small-xs read-more-container\"><\/div> <\/div><\/div> <div  class=\"col-xs-12 col-sm-6 col-md-6\"><div  class=\"card no-padding bordered y-move\"> <img decoding=\"async\"  class=\"face\" src=\"http:\/\/radioactivegaming.eu\/wp-content\/uploads\/2020\/02\/cropped-20200216142927_1-scaled-2.jpg\" alt=\"\" title=\"cropped-20200216142927_1-scaled-2.jpg\"> <div  data-type=\"column\" class=\"col-padding-small col-padding-small-xs description-container\"> <h4  class=\"font-500\">Hippopotamus (Hippo)<\/h4> <p  class=\"\">The Hippo spawns in the world and can be tamed by you via Seaweed Cracker.\n<br >\n<br >It is characterized by excellent weight, it can dive long and deep and even sprint in the water.\n<br >\n<br >In water it has a slight regeneration buff<br ><br >The Hippo is a good metal farmer.<br ><br >Attention: It eats only Seaweed, Salted Seaweed &amp; Seaweed Cracker after taming!\n<br ><br >Taming with normal crackers is very inefficient Mythical Seaweed Cracker are 10x more efficient!\n<br ><br >Breeding: Hippos can only mate by swimming.<\/p><\/div> <div  data-type=\"column\" class=\"col-padding-small col-padding-small-xs read-more-container\"><\/div> <\/div><\/div>  <div  class=\"col-xs-12 col-sm-6 col-md-6\"> <div  class=\"card no-padding bordered y-move\"> <img decoding=\"async\"  class=\"face\" src=\"https:\/\/radioactivegaming.eu\/wp-content\/uploads\/2021\/03\/cropped-Elch.jpg\" alt=\"\" title=\"cropped-moose.jpg\"> <div  data-type=\"column\" class=\"col-padding-small col-padding-small-xs description-container\"> <h4  class=\"font-500\">Moose<\/h4> <p  class=\"\">The moose is one of the peaceful animals in the atlas world, they are absolute bon vivants and therefore need a treat or two while taming.\n<br ><br >They are neutral contemporaries who only defend themselves.\n<br ><br >The moose is the only source of Antler Fragments (an additional type of keratin).\n<br ><br >Elks can mine straw very well and can replace the giraffe with appropriate values or Lvl.\n<br ><br >Moose males are advantageous for combat ,they can take opponents up to a certain size (e.g. lion) in antlers and hold them. In addition, they can then also inflict damage on the victim.\n<br ><br >Rearing: Baby moose require only their mother's milk for rearing.<\/p><\/div> <div  data-type=\"column\" class=\"col-padding-small col-padding-small-xs read-more-container\"><\/div> <\/div><\/div><div  class=\"col-xs-12 col-sm-6 col-md-6\"> <div  class=\"card no-padding bordered y-move\"> <img decoding=\"async\"  class=\"face\" src=\"https:\/\/radioactivegaming.eu\/wp-content\/uploads\/2021\/03\/cropped-unknown-3.png\" alt=\"\" title=\"cropped-unknown-3.png\"> <div  data-type=\"column\" class=\"col-padding-small col-padding-small-xs description-container\"> <h4  class=\"font-500\">Eagle<\/h4> <p  class=\"\">The eagle divides into 2 species (Golden Eagle (left in picture) &amp; Bald Eagle (right in picture)).\n<br >\n<br >The smaller &amp; weaker Golden Eagle has the ability to sense enemy players nearby and warn the bearer (shoulder animal).\n<br ><br >The larger and rarer Bald Eagle has the ability to sense nearby animals that are level 30 or higher and warn the wearer (shoulder animal).\n<br >\n<br >Both eagle species extend a player's range of vision, much like the giraffe.<\/p><\/div> <div  data-type=\"column\" class=\"col-padding-small col-padding-small-xs read-more-container\"><\/div> <\/div><\/div><div  class=\"col-xs-12 col-sm-6 col-md-6\"> <div  class=\"card no-padding bordered y-move\"> <img decoding=\"async\"  class=\"face\" src=\"https:\/\/radioactivegaming.eu\/wp-content\/uploads\/2021\/03\/cropped-20210203221726_1.jpg\" alt=\"\" title=\"cropped-20210203221726_1.jpg\"> <div  data-type=\"column\" class=\"col-padding-small col-padding-small-xs description-container\"> <h4  class=\"font-500\">Unicorn<\/h4> <p  class=\"\">The unicorn has something magical, accordingly, it is difficult to find.<br >\n\n<br >In the tavern, it is rumored that it only appears with an aurora, but also disappears just as quickly.<br >\nEncountering a wild unicorn is a sign of great luck, players who manage to do so will receive a 3 day buff that comes with some bonuses.\n<br ><br >\nThe unicorn can be tamed, but loses its special ability.<br >\nIt has much better stats than the common horse, but cannot mutate.\n<br ><br >\nUnicorns are mythical creatures, which proverbially feed on moonlight, if they have no moonlight they slowly but surely starve.\n<br ><br >\nThe breeding of unicorns turns out to be very difficult:<br >\nUnicorns grow only at night! During the day the growth process is stopped.<br >\nUnicorns need milk from their mother<\/p><\/div> <div  data-type=\"column\" class=\"col-padding-small col-padding-small-xs read-more-container\"><\/div> <\/div><\/div><div  class=\"col-xs-12 col-sm-6 col-md-6\"> <div  class=\"card no-padding bordered y-move\"> <img decoding=\"async\"  class=\"face\" src=\"https:\/\/radioactivegaming.eu\/wp-content\/uploads\/2021\/08\/cropped-unknown-8.png\" alt=\"\" title=\"cropped-unknown-8.png\"> <div  data-type=\"column\" class=\"col-padding-small col-padding-small-xs description-container\"> <h4  class=\"font-500\">BigHornSheep<\/h4> <p  class=\"\">This type of sheep is equipped with powerful horns, through which they can crush stones and rocks with ease.<br >When mining Stone, she gets significantly more Flint than Stone, and when mining pure Flint, she gets a bonus.\n<br ><br >\nThey can be passively tamed, but become aggressive when touched.<br >\nUnlike other passive tames, you'll need to tame the Big Horn Sheep with Kibble, a new food in Atlas.\n<br ><br >\nYou have to throw it on the ground at the right time, when it eats, so that the Big Horn Sheep can eat it.\n<br ><br >\nAttention: Big Horn Sheep in a trap will not eat or get teeth progress.<\/p><\/div> <div  data-type=\"column\" class=\"col-padding-small col-padding-small-xs read-more-container\"><\/div> <\/div><\/div><div  class=\"col-xs-12 col-sm-6 col-md-6\"> <div  class=\"card no-padding bordered y-move\"> <img decoding=\"async\"  class=\"face\" src=\"https:\/\/radioactivegaming.eu\/wp-content\/uploads\/2021\/08\/cropped-image0-1-scaled-1.jpg\" alt=\"\" title=\"cropped-image0-1-scaled-1.jpg\"> <div  data-type=\"column\" class=\"col-padding-small col-padding-small-xs description-container\"> <h4  class=\"font-500\">Woolly Rhino<\/h4> <p  class=\"\">This distant relative of the rhino is native to the tundra regions, generally exhibiting the same abilities and stats as the normal rhino.\n<br ><br >\nHowever, the differently shaped horn is perfect for intercepting coal.\n<br ><br >\nOn his back you get an isolation buff against cold, which scales with the melee damage.\n<br ><br >\nThe weight of coal in his inventory is reduced by 25%.<\/p><\/div> <div  data-type=\"column\" class=\"col-padding-small col-padding-small-xs read-more-container\"><\/div> <\/div><\/div><div  class=\"col-xs-12 col-sm-6 col-md-6\"> <div  class=\"card no-padding bordered y-move\"> <img decoding=\"async\"  class=\"face\" src=\"https:\/\/radioactivegaming.eu\/wp-content\/uploads\/2021\/08\/cropped-otter.jpg\" alt=\"\" title=\"cropped-otter.jpg\"> <div  data-type=\"column\" class=\"col-padding-small col-padding-small-xs description-container\"> <h4  class=\"font-500\">Otter<\/h4> <p  class=\"\">This cute creature is extraordinarily trusting!<br >\nYou can gain their trust by feeding them fresh prime fish.\n<br ><br >\nThe otter is a good companion for catching fish and therefore an easy way to get fish meat &amp; fish oil.<br >\nOtters you whistle at fish (Attack this Target) get Prime fish or even pearls on the kill.<br ><br >The otter cause multiple damage against fish (not sharks, dolphins or manta rays) and thus can kill them quickly.<br >\nAs a shoulder animal, it provides an isolation buff.<\/p><\/div> <div  data-type=\"column\" class=\"col-padding-small col-padding-small-xs read-more-container\"><\/div> <\/div><\/div><div  class=\"col-xs-12 col-sm-6 col-md-6\"> <div  class=\"card no-padding bordered y-move\"> <img decoding=\"async\"  class=\"face\" src=\"https:\/\/radioactivegaming.eu\/wp-content\/uploads\/2021\/08\/cropped-212-2127138_seal-animal-png-sea-seals-png.jpg\" alt=\"\" title=\"cropped-212-2127138_seal-animal-png-sea-seals-png.jpg\"> <div  data-type=\"column\" class=\"col-padding-small col-padding-small-xs description-container\"> <h4  class=\"font-500\">Seal<\/h4> <p  class=\"\">The seal is the best companion for underwater!<br ><br >She has extraordinary speed and her oxygen supply is very large. What it measures in combat strength, it brings in endurance and agility.<br ><br >The seal can share oxygen with players and automatically supplies its rider (only possible in water) with oxygen.\n<br ><br >She is tamed with fish carcasses, which she eats out of your hand.\n<br ><br >In addition, the seal is used in a ritual, which makes it all the more valuable.<\/p><\/div> <div  data-type=\"column\" class=\"col-padding-small col-padding-small-xs read-more-container\"><\/div> <\/div><\/div><div  class=\"col-xs-12 col-sm-6 col-md-6\"> <div  class=\"card no-padding bordered y-move\"> <img decoding=\"async\"  class=\"face\" src=\"https:\/\/radioactivegaming.eu\/wp-content\/uploads\/2021\/08\/cropped-cropped-Download-1.jpg\" alt=\"\" title=\"cropped-cropped-download-1.jpg\"> <div  data-type=\"column\" class=\"col-padding-small col-padding-small-xs description-container\"> <h4  class=\"font-500\">Thorny Dragon<\/h4> <p  class=\"\">This lizard-like creature is found on the Powerstone Islands, like the Razortooth, the Thorny Dragon is one of the mythical Tames.<br >\n\n<br >These creatures are not tameable by normal methods, you have to find out another way by trial and error!\n<br ><br >\nThorny Dragons occur up to level 117 and cannot be mated!\n<br ><br >\nThorny Dragons are strong fighters who have a ranged attack with which they shoot stunning spikes.<br ><br >\nThe Thorny Dragon is the only animal in Atlas that has a workbench in its saddle, so if it has the necessary weight and you have the materials, you can craft with it on the way!<\/p><\/div> <div  data-type=\"column\" class=\"col-padding-small col-padding-small-xs read-more-container\"><\/div> <\/div><\/div><div  class=\"col-xs-12 col-sm-6 col-md-6\"> <div  class=\"card no-padding bordered y-move\"> <img decoding=\"async\"  class=\"face\" src=\"https:\/\/radioactivegaming.eu\/wp-content\/uploads\/2022\/01\/Zebra.png\" alt=\"\" title=\"Zebra\"> <div  data-type=\"column\" class=\"col-padding-small col-padding-small-xs description-container\"> <h4  class=\"font-500\">Zebra<\/h4> <p  class=\"\">This wild subspecies of horse is especially suitable for hot areas.<br >\nHis rider gets an isolation buff.\n<br ><br >Otherwise, the zebra is quite comparable with the horse<\/p><\/div> <div  data-type=\"column\" class=\"col-padding-small col-padding-small-xs read-more-container\"><\/div> <\/div><\/div><div  class=\"col-xs-12 col-sm-6 col-md-6\"> <div  class=\"card no-padding bordered y-move\"> <img decoding=\"async\"  class=\"face\" src=\"https:\/\/radioactivegaming.eu\/wp-content\/uploads\/2022\/01\/megalania.png\" alt=\"\" title=\"megalania\"> <div  data-type=\"column\" class=\"col-padding-small col-padding-small-xs description-container\"> <h4  class=\"font-500\">Komodo<\/h4> <p  class=\"\">This reptile is probably one of the largest lizards you can encounter!<br >\nBut be careful!\n<br ><br >Its bites contain pathogens of a disease that can weaken you!<\/p><\/div> <div  data-type=\"column\" class=\"col-padding-small col-padding-small-xs read-more-container\"><\/div> <\/div><\/div><div  class=\"col-xs-12 col-sm-6 col-md-6\"> <div  class=\"card no-padding bordered y-move\"> <img decoding=\"async\"  class=\"face\" src=\"https:\/\/radioactivegaming.eu\/wp-content\/uploads\/2024\/05\/stegarion.png\" alt=\"\" title=\"stegarion\"> <div  data-type=\"column\" class=\"col-padding-small col-padding-small-xs description-container\"> <h4  class=\"font-500\">Stegarion<\/h4> <p  class=\"\">The Stegarion is a rare creature that can only be found on some PowerStone islands.\n<br ><br >\nWith his tendril shield and his ability to heal himself and nearby allies, he is an excellent tank &amp; healer!\n<br ><br >Its taming is only possible while it is raining.<\/p><\/div> <div  data-type=\"column\" class=\"col-padding-small col-padding-small-xs read-more-container\"><\/div> <\/div><\/div><div  class=\"col-xs-12 col-sm-6 col-md-6\"> <div  class=\"card no-padding bordered y-move\"> <img decoding=\"async\"  class=\"face\" src=\"https:\/\/radioactivegaming.eu\/wp-content\/uploads\/2024\/05\/shark.png\" alt=\"\" title=\"shark\"> <div  data-type=\"column\" class=\"col-padding-small col-padding-small-xs description-container\"> <img decoding=\"async\"  class=\"custom-image\" src=\"https:\/\/radioactivegaming.eu\/wp-content\/uploads\/2024\/05\/shark.png\" title=\"shark\" alt=\"\"><h4  class=\"font-500\">Deep Sea Shark<\/h4> <p  class=\"\">This shark, which comes from the deep sea, is tamed with the help of human meat.\n<br ><br >His ability to inflict bleeding damage makes him a strong fighter for underwater expeditions<\/p><\/div> <div  data-type=\"column\" class=\"col-padding-small col-padding-small-xs read-more-container\"><\/div> <\/div><\/div><div  class=\"col-xs-12 col-sm-6 col-md-6\"> <div  class=\"card no-padding bordered y-move\"> <img decoding=\"async\"  class=\"face\" src=\"https:\/\/radioactivegaming.eu\/wp-content\/uploads\/2024\/05\/nakedrhino.png\" alt=\"\" title=\"nakedrhino\"> <div  data-type=\"column\" class=\"col-padding-small col-padding-small-xs description-container\"> <h4  class=\"font-500\">Naked Rhino<\/h4> <p  class=\"\">This distant relative of the rhinoceros is native to the desert regions and generally has the same abilities and stats as the normal rhinoceros.\n<br ><br >\nHowever, the differently shaped horn is perfect for skimming salt.\n<br ><br >\nThe weight of salt in its inventory is reduced by 25%.<\/p><\/div> <div  data-type=\"column\" class=\"col-padding-small col-padding-small-xs read-more-container\"><\/div> <\/div><\/div><\/div><\/div> <div  class=\"section-separator-bottom\">\n    <svg  class=\"section-separator-bottom\" data-separator-name=\"triangle-asymmetrical-negative\" preserveaspectratio=\"none\" viewbox=\"0 0 1000 100\" xmlns=\"http:\/\/www.w3.org\/2000\/svg\">\n        <path  class=\"svg-white-bg\" d=\"M737.9,94.7L0,0v100h1000V0L737.9,94.7z\"><\/path>\n    <\/svg>\n<\/div><\/div>","protected":false},"excerpt":{"rendered":"<p>Special animal species and where to find them... Fox He is a relatively strong fighter who receives reduced damage from wild animals (only 60%), except mythical animals. The best nose in the game! He is able to scent enemy players, creatures and even ships! This can be done manually via radial menu or in turret mode (then... <br \/> <a class=\"read-more\" href=\"https:\/\/radioactivegaming.eu\/en\/atlas\/animals\/\">Read more<\/a><\/p>","protected":false},"author":1,"featured_media":0,"parent":13,"menu_order":0,"comment_status":"closed","ping_status":"closed","template":"pro\/page-templates\/full-width-page.php","meta":{"footnotes":""},"class_list":["post-1200","page","type-page","status-publish","hentry"],"yoast_head":"<!-- This site is optimized with the Yoast SEO plugin v26.3 - https:\/\/yoast.com\/wordpress\/plugins\/seo\/ -->\n<title>tiere - Radioactive Gaming<\/title>\n<meta name=\"robots\" content=\"index, follow, max-snippet:-1, max-image-preview:large, max-video-preview:-1\" \/>\n<link rel=\"canonical\" href=\"https:\/\/radioactivegaming.eu\/en\/atlas\/animals\/\" \/>\n<meta property=\"og:locale\" content=\"en_US\" \/>\n<meta property=\"og:type\" content=\"article\" \/>\n<meta property=\"og:title\" content=\"tiere - Radioactive Gaming\" \/>\n<meta property=\"og:description\" content=\"Besondere Tierarten und wo sie zu finden sind\u2026 Fuchs Er ist ein relativ starker K\u00e4mpfer der von wilden Tieren reduzierten Schaden erh\u00e4lt (nur 60%), davon ausgenommen sind mythische Tiere. Die Beste Nase im Spiel! Ihm ist es m\u00f6glich, Feindliche Spieler, Kreaturen und sogar Schiffe zu wittern! Dies kann manuell via Radialmen\u00fc oder im TurretModus (dann&hellip; Read more\" \/>\n<meta property=\"og:url\" content=\"https:\/\/radioactivegaming.eu\/en\/atlas\/animals\/\" \/>\n<meta property=\"og:site_name\" content=\"Radioactive Gaming\" \/>\n<meta property=\"article:modified_time\" content=\"2024-05-24T22:27:12+00:00\" \/>\n<meta property=\"og:image\" content=\"http:\/\/radioactivegaming.eu\/wp-content\/uploads\/2020\/02\/cropped-20200224155223_1-scaled-1.jpg\" \/>\n<meta name=\"twitter:card\" content=\"summary_large_image\" \/>\n<meta name=\"twitter:label1\" content=\"Est. reading time\" \/>\n\t<meta name=\"twitter:data1\" content=\"8 minutes\" \/>\n<script type=\"application\/ld+json\" class=\"yoast-schema-graph\">{\"@context\":\"https:\/\/schema.org\",\"@graph\":[{\"@type\":\"WebPage\",\"@id\":\"https:\/\/radioactivegaming.eu\/atlas\/tiere\/\",\"url\":\"https:\/\/radioactivegaming.eu\/atlas\/tiere\/\",\"name\":\"tiere - Radioactive Gaming\",\"isPartOf\":{\"@id\":\"https:\/\/radioactivegaming.eu\/#website\"},\"primaryImageOfPage\":{\"@id\":\"https:\/\/radioactivegaming.eu\/atlas\/tiere\/#primaryimage\"},\"image\":{\"@id\":\"https:\/\/radioactivegaming.eu\/atlas\/tiere\/#primaryimage\"},\"thumbnailUrl\":\"http:\/\/radioactivegaming.eu\/wp-content\/uploads\/2020\/02\/cropped-20200224155223_1-scaled-1.jpg\",\"datePublished\":\"2020-02-24T18:01:05+00:00\",\"dateModified\":\"2024-05-24T22:27:12+00:00\",\"breadcrumb\":{\"@id\":\"https:\/\/radioactivegaming.eu\/atlas\/tiere\/#breadcrumb\"},\"inLanguage\":\"en-US\",\"potentialAction\":[{\"@type\":\"ReadAction\",\"target\":[\"https:\/\/radioactivegaming.eu\/atlas\/tiere\/\"]}]},{\"@type\":\"ImageObject\",\"inLanguage\":\"en-US\",\"@id\":\"https:\/\/radioactivegaming.eu\/atlas\/tiere\/#primaryimage\",\"url\":\"http:\/\/radioactivegaming.eu\/wp-content\/uploads\/2020\/02\/cropped-20200224155223_1-scaled-1.jpg\",\"contentUrl\":\"http:\/\/radioactivegaming.eu\/wp-content\/uploads\/2020\/02\/cropped-20200224155223_1-scaled-1.jpg\"},{\"@type\":\"BreadcrumbList\",\"@id\":\"https:\/\/radioactivegaming.eu\/atlas\/tiere\/#breadcrumb\",\"itemListElement\":[{\"@type\":\"ListItem\",\"position\":1,\"name\":\"Startseite\",\"item\":\"https:\/\/radioactivegaming.eu\/\"},{\"@type\":\"ListItem\",\"position\":2,\"name\":\"Atlas\",\"item\":\"https:\/\/radioactivegaming.eu\/atlas\/\"},{\"@type\":\"ListItem\",\"position\":3,\"name\":\"tiere\"}]},{\"@type\":\"WebSite\",\"@id\":\"https:\/\/radioactivegaming.eu\/#website\",\"url\":\"https:\/\/radioactivegaming.eu\/\",\"name\":\"Radioactive Gaming\",\"description\":\"\",\"publisher\":{\"@id\":\"https:\/\/radioactivegaming.eu\/#organization\"},\"potentialAction\":[{\"@type\":\"SearchAction\",\"target\":{\"@type\":\"EntryPoint\",\"urlTemplate\":\"https:\/\/radioactivegaming.eu\/?s={search_term_string}\"},\"query-input\":{\"@type\":\"PropertyValueSpecification\",\"valueRequired\":true,\"valueName\":\"search_term_string\"}}],\"inLanguage\":\"en-US\"},{\"@type\":\"Organization\",\"@id\":\"https:\/\/radioactivegaming.eu\/#organization\",\"name\":\"Radioactive Gaming\",\"url\":\"https:\/\/radioactivegaming.eu\/\",\"logo\":{\"@type\":\"ImageObject\",\"inLanguage\":\"en-US\",\"@id\":\"https:\/\/radioactivegaming.eu\/#\/schema\/logo\/image\/\",\"url\":\"https:\/\/radioactivegaming.eu\/wp-content\/uploads\/2019\/12\/cropped-coin-2.png\",\"contentUrl\":\"https:\/\/radioactivegaming.eu\/wp-content\/uploads\/2019\/12\/cropped-coin-2.png\",\"width\":256,\"height\":256,\"caption\":\"Radioactive Gaming\"},\"image\":{\"@id\":\"https:\/\/radioactivegaming.eu\/#\/schema\/logo\/image\/\"},\"sameAs\":[\"https:\/\/www.youtube.com\/channel\/UCHAH-p_vfp_co-__TB4M14A\"]}]}<\/script>\n<!-- \/ Yoast SEO plugin. -->","yoast_head_json":{"title":"animals - Radioactive Gaming","robots":{"index":"index","follow":"follow","max-snippet":"max-snippet:-1","max-image-preview":"max-image-preview:large","max-video-preview":"max-video-preview:-1"},"canonical":"https:\/\/radioactivegaming.eu\/en\/atlas\/animals\/","og_locale":"en_US","og_type":"article","og_title":"tiere - Radioactive Gaming","og_description":"Besondere Tierarten und wo sie zu finden sind\u2026 Fuchs Er ist ein relativ starker K\u00e4mpfer der von wilden Tieren reduzierten Schaden erh\u00e4lt (nur 60%), davon ausgenommen sind mythische Tiere. Die Beste Nase im Spiel! Ihm ist es m\u00f6glich, Feindliche Spieler, Kreaturen und sogar Schiffe zu wittern! Dies kann manuell via Radialmen\u00fc oder im TurretModus (dann&hellip; Read more","og_url":"https:\/\/radioactivegaming.eu\/en\/atlas\/animals\/","og_site_name":"Radioactive Gaming","article_modified_time":"2024-05-24T22:27:12+00:00","og_image":[{"url":"http:\/\/radioactivegaming.eu\/wp-content\/uploads\/2020\/02\/cropped-20200224155223_1-scaled-1.jpg","type":"","width":"","height":""}],"twitter_card":"summary_large_image","twitter_misc":{"Est. reading time":"8 minutes"},"schema":{"@context":"https:\/\/schema.org","@graph":[{"@type":"WebPage","@id":"https:\/\/radioactivegaming.eu\/atlas\/tiere\/","url":"https:\/\/radioactivegaming.eu\/atlas\/tiere\/","name":"animals - Radioactive Gaming","isPartOf":{"@id":"https:\/\/radioactivegaming.eu\/#website"},"primaryImageOfPage":{"@id":"https:\/\/radioactivegaming.eu\/atlas\/tiere\/#primaryimage"},"image":{"@id":"https:\/\/radioactivegaming.eu\/atlas\/tiere\/#primaryimage"},"thumbnailUrl":"http:\/\/radioactivegaming.eu\/wp-content\/uploads\/2020\/02\/cropped-20200224155223_1-scaled-1.jpg","datePublished":"2020-02-24T18:01:05+00:00","dateModified":"2024-05-24T22:27:12+00:00","breadcrumb":{"@id":"https:\/\/radioactivegaming.eu\/atlas\/tiere\/#breadcrumb"},"inLanguage":"en-US","potentialAction":[{"@type":"ReadAction","target":["https:\/\/radioactivegaming.eu\/atlas\/tiere\/"]}]},{"@type":"ImageObject","inLanguage":"en-US","@id":"https:\/\/radioactivegaming.eu\/atlas\/tiere\/#primaryimage","url":"http:\/\/radioactivegaming.eu\/wp-content\/uploads\/2020\/02\/cropped-20200224155223_1-scaled-1.jpg","contentUrl":"http:\/\/radioactivegaming.eu\/wp-content\/uploads\/2020\/02\/cropped-20200224155223_1-scaled-1.jpg"},{"@type":"BreadcrumbList","@id":"https:\/\/radioactivegaming.eu\/atlas\/tiere\/#breadcrumb","itemListElement":[{"@type":"ListItem","position":1,"name":"Startseite","item":"https:\/\/radioactivegaming.eu\/"},{"@type":"ListItem","position":2,"name":"Atlas","item":"https:\/\/radioactivegaming.eu\/atlas\/"},{"@type":"ListItem","position":3,"name":"tiere"}]},{"@type":"WebSite","@id":"https:\/\/radioactivegaming.eu\/#website","url":"https:\/\/radioactivegaming.eu\/","name":"Radioactive Gaming","description":"","publisher":{"@id":"https:\/\/radioactivegaming.eu\/#organization"},"potentialAction":[{"@type":"SearchAction","target":{"@type":"EntryPoint","urlTemplate":"https:\/\/radioactivegaming.eu\/?s={search_term_string}"},"query-input":{"@type":"PropertyValueSpecification","valueRequired":true,"valueName":"search_term_string"}}],"inLanguage":"en-US"},{"@type":"Organization","@id":"https:\/\/radioactivegaming.eu\/#organization","name":"Radioactive Gaming","url":"https:\/\/radioactivegaming.eu\/","logo":{"@type":"ImageObject","inLanguage":"en-US","@id":"https:\/\/radioactivegaming.eu\/#\/schema\/logo\/image\/","url":"https:\/\/radioactivegaming.eu\/wp-content\/uploads\/2019\/12\/cropped-coin-2.png","contentUrl":"https:\/\/radioactivegaming.eu\/wp-content\/uploads\/2019\/12\/cropped-coin-2.png","width":256,"height":256,"caption":"Radioactive Gaming"},"image":{"@id":"https:\/\/radioactivegaming.eu\/#\/schema\/logo\/image\/"},"sameAs":["https:\/\/www.youtube.com\/channel\/UCHAH-p_vfp_co-__TB4M14A"]}]}},"jetpack_sharing_enabled":true,"_links":{"self":[{"href":"https:\/\/radioactivegaming.eu\/en\/wp-json\/wp\/v2\/pages\/1200","targetHints":{"allow":["GET"]}}],"collection":[{"href":"https:\/\/radioactivegaming.eu\/en\/wp-json\/wp\/v2\/pages"}],"about":[{"href":"https:\/\/radioactivegaming.eu\/en\/wp-json\/wp\/v2\/types\/page"}],"author":[{"embeddable":true,"href":"https:\/\/radioactivegaming.eu\/en\/wp-json\/wp\/v2\/users\/1"}],"replies":[{"embeddable":true,"href":"https:\/\/radioactivegaming.eu\/en\/wp-json\/wp\/v2\/comments?post=1200"}],"version-history":[{"count":18,"href":"https:\/\/radioactivegaming.eu\/en\/wp-json\/wp\/v2\/pages\/1200\/revisions"}],"predecessor-version":[{"id":5452,"href":"https:\/\/radioactivegaming.eu\/en\/wp-json\/wp\/v2\/pages\/1200\/revisions\/5452"}],"up":[{"embeddable":true,"href":"https:\/\/radioactivegaming.eu\/en\/wp-json\/wp\/v2\/pages\/13"}],"wp:attachment":[{"href":"https:\/\/radioactivegaming.eu\/en\/wp-json\/wp\/v2\/media?parent=1200"}],"curies":[{"name":"wp","href":"https:\/\/api.w.org\/{rel}","templated":true}]}}