{"id":2434,"date":"2020-09-23T14:42:31","date_gmt":"2020-09-23T12:42:31","guid":{"rendered":"http:\/\/radioactivegaming.eu\/?page_id=2434"},"modified":"2022-12-25T15:12:44","modified_gmt":"2022-12-25T14:12:44","slug":"hybrid-mutations","status":"publish","type":"page","link":"https:\/\/radioactivegaming.eu\/en\/ark\/hybrid-mutations\/","title":{"rendered":"Hybrid mutations"},"content":{"rendered":"<div  data-label=\"Items Strukturen\" data-id=\"features--1\" data-export-id=\"features-16-card-bordered\" data-category=\"features\" class=\"features-16-card-bordered content-section content-section-spacing\" id=\"items-strukturen\" style=\"background-color: rgb(255, 255, 255);\"><div  class=\"gridContainer\"> <div  class=\"row text-center\"><div  class=\"section-title-col\" data-type=\"column\"> <h2  class=\"\">Mutation Research<\/h2> <p  class=\"lead\" style=\"text-align: center;\"><span  id=\"_mce_caret\" data-mce-bogus=\"1\" data-mce-type=\"format-caret\"><span  style=\"font-family: Muli, arial, helvetica, sans-serif; font-weight: 600;\">Mutations for hybrids are an expensive and very time-consuming affair. However, they are very worthwhile. It allows you to run around with some hybrids on aberration without fear of them being damaged by <a data-mce-href=\"..\/settings-raten-und-mods\/\" href=\"https:\/\/radioactivegaming.eu\/settings-raten-und-mods\" target=\"_self\" data-mce-selected=\"inline-boundary\" data-cp-link=\"1\" rel=\"noopener noreferrer\">die a fist blow<\/a>You get hybrids with new abilities or enhanced stats, and each mutation brings an external change. But how do I achieve that I can cause these special mutations in a hybrid? For this purpose, there are some devices that are indispensable in this process. To produce them, you need to produce some new resources in the Advanced Chemistry Bench and the High Tech Fabricator. You also need to acquire the precious Anti-Element, which can only be obtained through the <a data-mce-href=\"..\/omega-bosse\/\" href=\"https:\/\/radioactivegaming.eu\/omega-bosse\" target=\"_self\" data-mce-selected=\"inline-boundary\" data-cp-link=\"1\" rel=\"noopener noreferrer\">Omega Bossfights<\/a> receives.<\/span><\/span><\/p><\/div> <\/div> <div  class=\"row spaced-cols content-center-sm\" data-type=\"row\"> <div  class=\"col-xs-12 col-sm-6 col-md-6\"> <div  class=\"card no-padding bordered y-move\"> <img decoding=\"async\"  class=\"face\" src=\"http:\/\/radioactivegaming.eu\/wp-content\/uploads\/2020\/09\/cropped-ElastomerStahl.jpg\" alt=\"\" title=\"cropped-ElastomerSteel.jpg\"> <div  data-type=\"column\" class=\"col-padding-small col-padding-small-xs description-container\"> <h4  class=\"font-500\">Resources<\/h4> <\/div> <div  data-type=\"column\" class=\"col-padding-small col-padding-small-xs read-more-container\"><p  class=\"lead\" style=\"text-align: left;\"><span  style=\"font-weight: 600; font-family: Muli, arial, helvetica, sans-serif;\">Elastomer and steel can be produced in the Advanced Chemistry Bench. These resources are needed for various devices, such as the Fusion Generator or the High Voltage Cable.<\/span><\/p><\/div> <\/div><\/div> <div  class=\"col-xs-12 col-sm-6 col-md-6\"><div  class=\"card no-padding bordered y-move\"> <img decoding=\"async\"  class=\"face\" src=\"http:\/\/radioactivegaming.eu\/wp-content\/uploads\/2020\/09\/cropped-Chips-2.jpg\" alt=\"\" title=\"cropped-Chips-2.jpg\"> <div  data-type=\"column\" class=\"col-padding-small col-padding-small-xs description-container\"> <h4  class=\"font-500\">Electronic Chips<\/h4> <\/div> <div  data-type=\"column\" class=\"col-padding-small col-padding-small-xs read-more-container\"><p  class=\"lead\" style=\"text-align: left;\"><span  id=\"_mce_caret\" data-mce-bogus=\"1\" data-mce-type=\"format-caret\"><span  style=\"font-weight: 600; font-family: Muli, arial, helvetica, sans-serif;\">The Advanced and Quantum Electronic chips are manufactured in the High Tech Fabricator and are essential for the production of all mutation research devices.<\/span><\/span><\/p><\/div> <\/div><\/div> <div  class=\"col-xs-12 col-sm-6 col-md-6\"><div  class=\"card no-padding bordered y-move\"> <img decoding=\"async\"  class=\"face\" src=\"http:\/\/radioactivegaming.eu\/wp-content\/uploads\/2020\/09\/cropped-Harddrive-1.jpg\" alt=\"\" title=\"cropped-harddrive-1.jpg\"> <div  data-type=\"column\" class=\"col-padding-small col-padding-small-xs description-container\"> <h4  class=\"font-500\">Harddrive<\/h4> <\/div> <div  data-type=\"column\" class=\"col-padding-small col-padding-small-xs read-more-container\"><p  class=\"lead\" style=\"text-align: left;\"><span  id=\"_mce_caret\" data-mce-bogus=\"1\" data-mce-type=\"format-caret\"><span  style=\"font-weight: 600; font-family: Muli, arial, helvetica, sans-serif;\">The Harrdrive is the heart of all mutation research. It stores all researched mutations for each hybrid and the mutation chance of the hybrids. In order for it to receive this data, it must be installed in the Research Station. When you have researched the mutation chance and a mutation, you can put the harddrive into the Genetic Workbench. Then you are lucky and the next hybrid of this kind mutates during the production of your next hybrid, for which you have researched the mutation.<\/span><\/span><\/p><\/div> <\/div><\/div> <div  class=\"col-xs-12 col-sm-6 col-md-6\"> <div  class=\"card no-padding bordered y-move\"> <img decoding=\"async\"  class=\"face\" src=\"http:\/\/radioactivegaming.eu\/wp-content\/uploads\/2020\/09\/cropped-Setup.png\" alt=\"\" title=\"cropped-Setup.png\"> <div  data-type=\"column\" class=\"col-padding-small col-padding-small-xs description-container\"> <h4  class=\"font-500\">Research equipment<\/h4> <\/div> <div  data-type=\"column\" class=\"col-padding-small col-padding-small-xs read-more-container\"><p  class=\"lead\" style=\"text-align: left;\"><span  style=\"font-weight: 600; font-family: Muli, arial, helvetica, sans-serif;\">To even begin research, you need some equipment.<\/span><br ><span  style=\"font-weight: 600; font-family: Muli, arial, helvetica, sans-serif;\">\r\n1) The Fusion Generator produces the power for the Research Station and converts Hydrogen Cores into Helium Cores.<\/span><br ><span  style=\"font-weight: 600; font-family: Muli, arial, helvetica, sans-serif;\">\r\n2) The special High Voltage Cables, which are also created in the High Tech Fabricator, supply the power to the Research Station which can only be attached to these cables.<\/span><br ><span  style=\"font-weight: 600; font-family: Muli, arial, helvetica, sans-serif;\">\r\n3) The Research Station itself must be equipped with a harddrive to start research on the individual hybrids and the mutation chance.<\/span><\/p><\/div> <\/div><\/div><\/div><\/div> <\/div><div  data-label=\"Research Station\" data-id=\"features--2\" data-export-id=\"features-16-card-bordered\" data-category=\"features\" class=\"features-16-card-bordered content-section content-section-spacing\" id=\"research-station\" style=\"background-color: rgb(255, 255, 255); background-image: none;\"><div  class=\"gridContainer\"> <div  class=\"row text-center\"><div  class=\"section-title-col\" data-type=\"column\"> <h2  class=\"\">Research Station<\/h2> <p  class=\"lead\"><span  style=\"font-weight: 600; font-family: Muli, arial, helvetica, sans-serif;\">As already mentioned, the main part of the mutation research is done in the Research Station. You can choose between 2 researches: 1. the mutation chance of hybrids 2. different mutations for hybrids.<\/span><\/p><\/div> <\/div> <div  class=\"row spaced-cols center-sm\" data-type=\"row\"> <div  class=\"col-xs-12 col-sm-6 col-md-4\"> <div  class=\"card no-padding bordered y-move\"> <img decoding=\"async\"  class=\"face\" src=\"http:\/\/radioactivegaming.eu\/wp-content\/uploads\/2020\/09\/cropped-ResearchStatUI1.png\" alt=\"\" title=\"cropped-ResearchStatUI1.png\"> <div  data-type=\"column\" class=\"col-padding-small col-padding-small-xs description-container\"> <h4  class=\"font-500\">Selection<\/h4> <\/div> <div  data-type=\"column\" class=\"col-padding-small col-padding-small-xs read-more-container\"><p  class=\"lead\" style=\"text-align: left;\"><span  id=\"_mce_caret\" data-mce-bogus=\"1\" data-mce-type=\"format-caret\"><span  style=\"font-weight: 600; font-family: Muli, arial, helvetica, sans-serif;\">To be able to choose between the mentioned options you have to select the lower button (Open Research UI). A new UI will appear with 2 more buttons to choose from.<\/span><\/span><\/p><\/div> <\/div><\/div> <div  class=\"col-xs-12 col-sm-6 col-md-4\"><div  class=\"card no-padding bordered y-move\"> <img decoding=\"async\"  class=\"face\" src=\"http:\/\/radioactivegaming.eu\/wp-content\/uploads\/2020\/09\/cropped-MutaChanceButton-1.png\" alt=\"\" title=\"cropped-MutaChanceButton-1.png\"> <div  data-type=\"column\" class=\"col-padding-small col-padding-small-xs description-container\"> <h4  class=\"font-500\">Mutation chance<\/h4> <\/div> <div  data-type=\"column\" class=\"col-padding-small col-padding-small-xs read-more-container\"><p  class=\"lead\" style=\"text-align: left;\"><span  id=\"_mce_caret\" data-mce-bogus=\"1\" data-mce-type=\"format-caret\"><span  style=\"font-weight: 600; font-family: Muli, arial, helvetica, sans-serif;\">If you want to increase the mutation chance you have to press this button. The previous UI closes and you are back in the inventory of the station. There it is written how high the current mutation chance is and how much anti-element is needed to increase it by 1%. The initial cost is 4 anti-element. However, this becomes more expensive by 2 anti-element after each percent. From 6% there is a little surprise. You can increase the mutation chance up to 25%. Ergo, every hybrid that is to be mutated with this harddrive has a 25% chance to mutate.<\/span><\/span><\/p><\/div> <\/div><\/div> <div  class=\"col-xs-12 col-sm-6 col-md-4\"><div  class=\"card no-padding bordered y-move\"> <img decoding=\"async\"  class=\"face\" src=\"http:\/\/radioactivegaming.eu\/wp-content\/uploads\/2020\/09\/cropped-MutaButton.png\" alt=\"\" title=\"cropped-MutaButton.png\"> <div  data-type=\"column\" class=\"col-padding-small col-padding-small-xs description-container\"> <h4  class=\"font-500\">Hybrid mutations<\/h4> <\/div> <div  data-type=\"column\" class=\"col-padding-small col-padding-small-xs read-more-container\"><p  class=\"lead\" style=\"text-align: left;\"><span  id=\"_mce_caret\" data-mce-bogus=\"1\" data-mce-type=\"format-caret\"><span  style=\"font-weight: 600; font-family: Muli, arial, helvetica, sans-serif;\"><\/span><\/span><span  id=\"_mce_caret\" data-mce-bogus=\"1\" data-mce-type=\"format-caret\"><span  style=\"font-weight: 600; font-family: Muli, arial, helvetica, sans-serif;\">If you want to research single mutations for hybrids you have to press this button. This will open a new UI. There you can select a hybrid for which you want to research a mutation. Then you have to select one of the shown DNA strands that represents a mutation for this hybrid. Which mutation this is only becomes clear once you have researched it. The names of the mutations are the same for each hybrid, but not every mutation is immediately clear from the name. To start a research for a mutation, you need two DNAs of the hybrid for which the research should be done. These are written in the inventory of the Research Station. When this is done you need random DNAs from other animals to research the mutation on 100%.<\/span><\/span><\/p><\/div> <\/div><\/div> <\/div><\/div> <\/div><div  data-label=\"Beispiel\" data-id=\"features--3\" data-export-id=\"features-16-card-bordered\" data-category=\"features\" class=\"features-16-card-bordered content-section content-section-spacing\" id=\"beispiel\" style=\"background-color: rgb(255, 255, 255); background-image: none;\"><div  class=\"gridContainer\"> <div  class=\"row text-center\"><div  class=\"section-title-col\" data-type=\"column\"> <h2  class=\"\">How do I get my first mutant hybrid now?<\/h2> <p  class=\"lead\"><span  style=\"font-weight: 600; font-family: Muli, arial, helvetica, sans-serif;\">This is actually quite simple. If you research a mutation to 100% and the mutation chance is at least 1%, you can put the harddrive into the Genetic Workbench. <span  style=\"text-decoration: underline;\">IMPORTANT<\/span> is that this hard drive, with <span  style=\"text-decoration: underline;\">of each DNA required for the hybrid<\/span>, <span  style=\"text-decoration: underline;\">is built into the Genetic Workbench<\/span>.<\/span><\/p><\/div> <\/div> <div  class=\"row spaced-cols center-sm\" data-type=\"row\"> <div  class=\"col-xs-12 col-sm-6 col-md-6\"><div  class=\"card no-padding bordered y-move\">  <div  data-type=\"column\" class=\"col-padding-small col-padding-small-xs description-container\">  <img decoding=\"async\"  class=\"custom-image\" src=\"http:\/\/radioactivegaming.eu\/wp-content\/uploads\/2020\/09\/cropped-GenBench-1.png\" alt=\"\" title=\"cropped-GenBench-1.png\"><h4  class=\"font-500\">Example<\/h4><\/div> <div  data-type=\"column\" class=\"col-padding-small col-padding-small-xs read-more-container\"><p  class=\"lead\" style=\"text-align: left;\"><span  id=\"_mce_caret\" data-mce-bogus=\"1\" data-mce-type=\"format-caret\"><span  style=\"font-weight: 600; font-family: Muli, arial, helvetica, sans-serif;\">Let's assume you want to produce a hybrid that requires 2 DNAs and you have researched a mutation for this to 100%. The mutation chance in this example is now 10%. Now you just have to take the harddrive out of the Research Station and put it into the Genetic Workbench as shown in the picture above.<\/span><\/span><\/p><\/div> <\/div><\/div><div  class=\"col-xs-12 col-sm-6 col-md-6\"><div  class=\"card no-padding bordered y-move\"> <img decoding=\"async\"  class=\"face\" src=\"http:\/\/radioactivegaming.eu\/wp-content\/uploads\/2020\/09\/cropped-CarnoDna.png\" alt=\"\" title=\"cropped-CarnoDna.png\"> <div  data-type=\"column\" class=\"col-padding-small col-padding-small-xs description-container\"> <h4  class=\"font-500\">DNAs<\/h4> <\/div> <div  data-type=\"column\" class=\"col-padding-small col-padding-small-xs read-more-container\"><p  class=\"lead\" style=\"text-align: left;\"><span  id=\"_mce_caret\" data-mce-bogus=\"1\" data-mce-type=\"format-caret\"><span  style=\"font-weight: 600; font-family: Muli, arial, helvetica, sans-serif;\">As you can see, the DNA needed for the hybrid, in this case Carno DNA, already says as the last sentence: The mutation chance of this DNA is: 10.0%.<\/span><\/span><\/p><\/div> <\/div><\/div>  <div  class=\"col-xs-12 col-sm-6 col-md-6\"><div  class=\"card no-padding bordered y-move\"> <img decoding=\"async\"  class=\"face\" src=\"http:\/\/radioactivegaming.eu\/wp-content\/uploads\/2020\/09\/cropped-CarnoRapDNA.png\" alt=\"\" title=\"cropped-CarnoRapDNA.png\"> <div  data-type=\"column\" class=\"col-padding-small col-padding-small-xs description-container\"> <h4  class=\"font-500\">Hybrid DNA<\/h4> <\/div> <div  data-type=\"column\" class=\"col-padding-small col-padding-small-xs read-more-container\"><p  class=\"lead\" style=\"text-align: left;\"><span  style=\"font-weight: 600; font-family: Muli, arial, helvetica, sans-serif;\">Once all DNAs have been combined, the mutation chance is of course also present in the finished hybrid DNA. Ergo, when the hybrid hatches, it is mutated with a probability of 10%. If several mutations are researched for the same hybrid on the harddrive, a mutation is randomly selected if the hybrid receives a mutation.<\/span><\/p><\/div> <\/div><\/div> <div  class=\"col-xs-12 col-sm-6 col-md-6\"><div  class=\"card no-padding bordered y-move\">  <div  data-type=\"column\" class=\"col-padding-small col-padding-small-xs description-container\">  <img decoding=\"async\"  class=\"custom-image\" src=\"http:\/\/radioactivegaming.eu\/wp-content\/uploads\/2020\/09\/cropped-AbeCarnoRapBaby.png\" alt=\"\" title=\"cropped-AbeCarnoRapBaby.png\"><h4  class=\"font-500\">Finished hybrid\r\n<\/h4><\/div> <div  data-type=\"column\" class=\"col-padding-small col-padding-small-xs read-more-container\"><p  class=\"lead\" style=\"text-align: left;\"><span  id=\"_mce_caret\" data-mce-bogus=\"1\" data-mce-type=\"format-caret\"><span  style=\"font-weight: 600; font-family: Muli, arial, helvetica, sans-serif;\">With a 10 percent probability and a little luck, a mutant Carnoraptor will hatch as seen above. This one in the Aberrant variant.<\/span><\/span><\/p><\/div> <\/div><\/div><\/div><\/div> <\/div>","protected":false},"excerpt":{"rendered":"<p>Mutation research Mutations for hybrids are an expensive and very time-consuming affair. However, they are very worthwhile. You can run around with some hybrids on Aberration without fear of them dying from a fist punch, you get hybrids with new abilities or boosted stats, and also each mutation brings an external change.... <br \/> <a class=\"read-more\" href=\"https:\/\/radioactivegaming.eu\/en\/ark\/hybrid-mutations\/\">Read more<\/a><\/p>","protected":false},"author":1,"featured_media":0,"parent":12,"menu_order":0,"comment_status":"closed","ping_status":"closed","template":"pro\/page-templates\/full-width-page.php","meta":{"footnotes":""},"class_list":["post-2434","page","type-page","status-publish","hentry"],"yoast_head":"<!-- This site is optimized with the Yoast SEO plugin v26.3 - https:\/\/yoast.com\/wordpress\/plugins\/seo\/ -->\n<title>Hybrid Mutationen - Radioactive Gaming<\/title>\n<meta name=\"robots\" content=\"index, follow, max-snippet:-1, max-image-preview:large, max-video-preview:-1\" \/>\n<link rel=\"canonical\" href=\"https:\/\/radioactivegaming.eu\/en\/ark\/hybrid-mutations\/\" \/>\n<meta property=\"og:locale\" content=\"en_US\" \/>\n<meta property=\"og:type\" content=\"article\" \/>\n<meta property=\"og:title\" content=\"Hybrid Mutationen - Radioactive Gaming\" \/>\n<meta property=\"og:description\" content=\"Mutationsforschung \ufeffMutationen f\u00fcr Hybriden sind eine teure und sehr zeitintensive Angelegenheit. Jedoch lohnen sie sich sehr. Ihr k\u00f6nnt dadurch mit manchen Hybriden auf Aberration rumlaufen ohne Angst haben zu m\u00fcssen, dass diese durch einen Faustschlag sterben, ihr bekommt Hybriden mit neuen F\u00e4higkeiten oder verst\u00e4rkten Stats und au\u00dferdem bringt jede Mutation eine \u00e4u\u00dferliche Ver\u00e4nderung mit sich.&hellip; Read more\" \/>\n<meta property=\"og:url\" content=\"https:\/\/radioactivegaming.eu\/en\/ark\/hybrid-mutations\/\" \/>\n<meta property=\"og:site_name\" content=\"Radioactive Gaming\" \/>\n<meta property=\"article:modified_time\" content=\"2022-12-25T14:12:44+00:00\" \/>\n<meta property=\"og:image\" content=\"http:\/\/radioactivegaming.eu\/wp-content\/uploads\/2020\/09\/cropped-ElastomerStahl.jpg\" \/>\n<meta name=\"twitter:card\" content=\"summary_large_image\" \/>\n<meta name=\"twitter:label1\" content=\"Est. reading time\" \/>\n\t<meta name=\"twitter:data1\" content=\"7 minutes\" \/>\n<script type=\"application\/ld+json\" class=\"yoast-schema-graph\">{\"@context\":\"https:\/\/schema.org\",\"@graph\":[{\"@type\":\"WebPage\",\"@id\":\"https:\/\/radioactivegaming.eu\/ark\/hybrid-mutationen\/\",\"url\":\"https:\/\/radioactivegaming.eu\/ark\/hybrid-mutationen\/\",\"name\":\"Hybrid Mutationen - Radioactive Gaming\",\"isPartOf\":{\"@id\":\"https:\/\/radioactivegaming.eu\/#website\"},\"primaryImageOfPage\":{\"@id\":\"https:\/\/radioactivegaming.eu\/ark\/hybrid-mutationen\/#primaryimage\"},\"image\":{\"@id\":\"https:\/\/radioactivegaming.eu\/ark\/hybrid-mutationen\/#primaryimage\"},\"thumbnailUrl\":\"http:\/\/radioactivegaming.eu\/wp-content\/uploads\/2020\/09\/cropped-ElastomerStahl.jpg\",\"datePublished\":\"2020-09-23T12:42:31+00:00\",\"dateModified\":\"2022-12-25T14:12:44+00:00\",\"breadcrumb\":{\"@id\":\"https:\/\/radioactivegaming.eu\/ark\/hybrid-mutationen\/#breadcrumb\"},\"inLanguage\":\"en-US\",\"potentialAction\":[{\"@type\":\"ReadAction\",\"target\":[\"https:\/\/radioactivegaming.eu\/ark\/hybrid-mutationen\/\"]}]},{\"@type\":\"ImageObject\",\"inLanguage\":\"en-US\",\"@id\":\"https:\/\/radioactivegaming.eu\/ark\/hybrid-mutationen\/#primaryimage\",\"url\":\"http:\/\/radioactivegaming.eu\/wp-content\/uploads\/2020\/09\/cropped-ElastomerStahl.jpg\",\"contentUrl\":\"http:\/\/radioactivegaming.eu\/wp-content\/uploads\/2020\/09\/cropped-ElastomerStahl.jpg\"},{\"@type\":\"BreadcrumbList\",\"@id\":\"https:\/\/radioactivegaming.eu\/ark\/hybrid-mutationen\/#breadcrumb\",\"itemListElement\":[{\"@type\":\"ListItem\",\"position\":1,\"name\":\"Startseite\",\"item\":\"https:\/\/radioactivegaming.eu\/\"},{\"@type\":\"ListItem\",\"position\":2,\"name\":\"Ark\",\"item\":\"https:\/\/radioactivegaming.eu\/ark\/\"},{\"@type\":\"ListItem\",\"position\":3,\"name\":\"Hybrid Mutationen\"}]},{\"@type\":\"WebSite\",\"@id\":\"https:\/\/radioactivegaming.eu\/#website\",\"url\":\"https:\/\/radioactivegaming.eu\/\",\"name\":\"Radioactive Gaming\",\"description\":\"\",\"publisher\":{\"@id\":\"https:\/\/radioactivegaming.eu\/#organization\"},\"potentialAction\":[{\"@type\":\"SearchAction\",\"target\":{\"@type\":\"EntryPoint\",\"urlTemplate\":\"https:\/\/radioactivegaming.eu\/?s={search_term_string}\"},\"query-input\":{\"@type\":\"PropertyValueSpecification\",\"valueRequired\":true,\"valueName\":\"search_term_string\"}}],\"inLanguage\":\"en-US\"},{\"@type\":\"Organization\",\"@id\":\"https:\/\/radioactivegaming.eu\/#organization\",\"name\":\"Radioactive Gaming\",\"url\":\"https:\/\/radioactivegaming.eu\/\",\"logo\":{\"@type\":\"ImageObject\",\"inLanguage\":\"en-US\",\"@id\":\"https:\/\/radioactivegaming.eu\/#\/schema\/logo\/image\/\",\"url\":\"https:\/\/radioactivegaming.eu\/wp-content\/uploads\/2019\/12\/cropped-coin-2.png\",\"contentUrl\":\"https:\/\/radioactivegaming.eu\/wp-content\/uploads\/2019\/12\/cropped-coin-2.png\",\"width\":256,\"height\":256,\"caption\":\"Radioactive Gaming\"},\"image\":{\"@id\":\"https:\/\/radioactivegaming.eu\/#\/schema\/logo\/image\/\"},\"sameAs\":[\"https:\/\/www.youtube.com\/channel\/UCHAH-p_vfp_co-__TB4M14A\"]}]}<\/script>\n<!-- \/ Yoast SEO plugin. -->","yoast_head_json":{"title":"Hybrid Mutations - Radioactive Gaming","robots":{"index":"index","follow":"follow","max-snippet":"max-snippet:-1","max-image-preview":"max-image-preview:large","max-video-preview":"max-video-preview:-1"},"canonical":"https:\/\/radioactivegaming.eu\/en\/ark\/hybrid-mutations\/","og_locale":"en_US","og_type":"article","og_title":"Hybrid Mutationen - Radioactive Gaming","og_description":"Mutationsforschung \ufeffMutationen f\u00fcr Hybriden sind eine teure und sehr zeitintensive Angelegenheit. Jedoch lohnen sie sich sehr. Ihr k\u00f6nnt dadurch mit manchen Hybriden auf Aberration rumlaufen ohne Angst haben zu m\u00fcssen, dass diese durch einen Faustschlag sterben, ihr bekommt Hybriden mit neuen F\u00e4higkeiten oder verst\u00e4rkten Stats und au\u00dferdem bringt jede Mutation eine \u00e4u\u00dferliche Ver\u00e4nderung mit sich.&hellip; Read more","og_url":"https:\/\/radioactivegaming.eu\/en\/ark\/hybrid-mutations\/","og_site_name":"Radioactive Gaming","article_modified_time":"2022-12-25T14:12:44+00:00","og_image":[{"url":"http:\/\/radioactivegaming.eu\/wp-content\/uploads\/2020\/09\/cropped-ElastomerStahl.jpg","type":"","width":"","height":""}],"twitter_card":"summary_large_image","twitter_misc":{"Est. reading time":"7 minutes"},"schema":{"@context":"https:\/\/schema.org","@graph":[{"@type":"WebPage","@id":"https:\/\/radioactivegaming.eu\/ark\/hybrid-mutationen\/","url":"https:\/\/radioactivegaming.eu\/ark\/hybrid-mutationen\/","name":"Hybrid Mutations - Radioactive Gaming","isPartOf":{"@id":"https:\/\/radioactivegaming.eu\/#website"},"primaryImageOfPage":{"@id":"https:\/\/radioactivegaming.eu\/ark\/hybrid-mutationen\/#primaryimage"},"image":{"@id":"https:\/\/radioactivegaming.eu\/ark\/hybrid-mutationen\/#primaryimage"},"thumbnailUrl":"http:\/\/radioactivegaming.eu\/wp-content\/uploads\/2020\/09\/cropped-ElastomerStahl.jpg","datePublished":"2020-09-23T12:42:31+00:00","dateModified":"2022-12-25T14:12:44+00:00","breadcrumb":{"@id":"https:\/\/radioactivegaming.eu\/ark\/hybrid-mutationen\/#breadcrumb"},"inLanguage":"en-US","potentialAction":[{"@type":"ReadAction","target":["https:\/\/radioactivegaming.eu\/ark\/hybrid-mutationen\/"]}]},{"@type":"ImageObject","inLanguage":"en-US","@id":"https:\/\/radioactivegaming.eu\/ark\/hybrid-mutationen\/#primaryimage","url":"http:\/\/radioactivegaming.eu\/wp-content\/uploads\/2020\/09\/cropped-ElastomerStahl.jpg","contentUrl":"http:\/\/radioactivegaming.eu\/wp-content\/uploads\/2020\/09\/cropped-ElastomerStahl.jpg"},{"@type":"BreadcrumbList","@id":"https:\/\/radioactivegaming.eu\/ark\/hybrid-mutationen\/#breadcrumb","itemListElement":[{"@type":"ListItem","position":1,"name":"Startseite","item":"https:\/\/radioactivegaming.eu\/"},{"@type":"ListItem","position":2,"name":"Ark","item":"https:\/\/radioactivegaming.eu\/ark\/"},{"@type":"ListItem","position":3,"name":"Hybrid Mutationen"}]},{"@type":"WebSite","@id":"https:\/\/radioactivegaming.eu\/#website","url":"https:\/\/radioactivegaming.eu\/","name":"Radioactive Gaming","description":"","publisher":{"@id":"https:\/\/radioactivegaming.eu\/#organization"},"potentialAction":[{"@type":"SearchAction","target":{"@type":"EntryPoint","urlTemplate":"https:\/\/radioactivegaming.eu\/?s={search_term_string}"},"query-input":{"@type":"PropertyValueSpecification","valueRequired":true,"valueName":"search_term_string"}}],"inLanguage":"en-US"},{"@type":"Organization","@id":"https:\/\/radioactivegaming.eu\/#organization","name":"Radioactive Gaming","url":"https:\/\/radioactivegaming.eu\/","logo":{"@type":"ImageObject","inLanguage":"en-US","@id":"https:\/\/radioactivegaming.eu\/#\/schema\/logo\/image\/","url":"https:\/\/radioactivegaming.eu\/wp-content\/uploads\/2019\/12\/cropped-coin-2.png","contentUrl":"https:\/\/radioactivegaming.eu\/wp-content\/uploads\/2019\/12\/cropped-coin-2.png","width":256,"height":256,"caption":"Radioactive Gaming"},"image":{"@id":"https:\/\/radioactivegaming.eu\/#\/schema\/logo\/image\/"},"sameAs":["https:\/\/www.youtube.com\/channel\/UCHAH-p_vfp_co-__TB4M14A"]}]}},"jetpack_sharing_enabled":true,"_links":{"self":[{"href":"https:\/\/radioactivegaming.eu\/en\/wp-json\/wp\/v2\/pages\/2434","targetHints":{"allow":["GET"]}}],"collection":[{"href":"https:\/\/radioactivegaming.eu\/en\/wp-json\/wp\/v2\/pages"}],"about":[{"href":"https:\/\/radioactivegaming.eu\/en\/wp-json\/wp\/v2\/types\/page"}],"author":[{"embeddable":true,"href":"https:\/\/radioactivegaming.eu\/en\/wp-json\/wp\/v2\/users\/1"}],"replies":[{"embeddable":true,"href":"https:\/\/radioactivegaming.eu\/en\/wp-json\/wp\/v2\/comments?post=2434"}],"version-history":[{"count":9,"href":"https:\/\/radioactivegaming.eu\/en\/wp-json\/wp\/v2\/pages\/2434\/revisions"}],"predecessor-version":[{"id":2533,"href":"https:\/\/radioactivegaming.eu\/en\/wp-json\/wp\/v2\/pages\/2434\/revisions\/2533"}],"up":[{"embeddable":true,"href":"https:\/\/radioactivegaming.eu\/en\/wp-json\/wp\/v2\/pages\/12"}],"wp:attachment":[{"href":"https:\/\/radioactivegaming.eu\/en\/wp-json\/wp\/v2\/media?parent=2434"}],"curies":[{"name":"wp","href":"https:\/\/api.w.org\/{rel}","templated":true}]}}