{"id":2889,"date":"2021-03-16T21:09:52","date_gmt":"2021-03-16T20:09:52","guid":{"rendered":"https:\/\/radioactivegaming.eu\/?page_id=2889"},"modified":"2024-05-25T11:26:24","modified_gmt":"2024-05-25T09:26:24","slug":"stable","status":"publish","type":"page","link":"https:\/\/radioactivegaming.eu\/en\/atlas\/stable\/","title":{"rendered":"Stable"},"content":{"rendered":"<div  data-label=\"features\" data-id=\"overlappable--1\" data-export-id=\"overlappable-4\" data-category=\"overlappable\" class=\"overlappable-4 content-section content-section-spacing content-relative\" data-overlap=\"true\" id=\"features\" style=\"background-color: rgb(255, 255, 255);\"><div  class=\"section-separator-top\">\n    <svg  class=\"section-separator-top\" data-separator-name=\"triangle-asymmetrical-negative\" preserveaspectratio=\"none\" viewbox=\"0 0 1000 100\" xmlns=\"http:\/\/www.w3.org\/2000\/svg\">\n        <path  class=\"svg-white-bg\" d=\"M737.9,94.7L0,0v100h1000V0L737.9,94.7z\"><\/path>\n    <\/svg>\n<\/div><div  class=\"gridContainer\"> <div  data-type=\"row\" class=\"row spaced-cols text-center content-center-sm center-sm\"><div  class=\"col-xs-12 col-sm-4 col-padding\"> <i  class=\"fa icon fa-clone large shadow-large-black round aligncenter reverse color1\"><\/i> <div  data-type=\"column\" class=\"\"> <h5  class=\"\">Cross-card access<\/h5> <p  class=\"\">Animals can be given or picked up in the stable in every grid!<\/p><\/div> <\/div> <div  class=\"col-xs-12 col-sm-4 col-padding\"> <i  class=\"fa icon fa-cogs large shadow-large-black round aligncenter reverse color1\"><\/i> <div  data-type=\"column\" class=\"\"><h5  class=\"\">Stats &amp; Info<\/h5> <p  class=\"\">You can see colors, stats and distributed points of animals that are in the stable.<\/p><\/div> <\/div> <div  class=\"col-xs-12 col-sm-4 col-padding\"> <i  class=\"fa icon fa-magic large shadow-large-black round aligncenter reverse color1\"><\/i> <div  data-type=\"column\" class=\"\"><h5  class=\"\">Mating Cooldown &amp; XP<\/h5> <p  class=\"\">The mating cooldown of uploaded animals is the same as if they were on the map.\n<br >The animals also receive experience points!<\/p><\/div> <\/div><div  class=\"col-xs-12 col-sm-4 col-padding\"> <i  class=\"fa icon shadow-large-black aligncenter fa-angle-double-up reverse round large color1\"><\/i> <div  data-type=\"column\" class=\"\"> <h5  class=\"\">Performance<\/h5> <p  class=\"\">Animals that are in the stable do not consume performance &amp; do not require food nor do they contribute to the taming limit!<\/p><\/div> <\/div><div  class=\"col-xs-12 col-sm-4 col-padding\"> <i  class=\"fa icon shadow-large-black aligncenter fa-cloud reverse round large color1\"><\/i> <div  data-type=\"column\" class=\"\"> <h5  class=\"\">Web access<\/h5> <p  class=\"\">About our <a data-mce-href=\"https:\/\/atlasui.radioactivegaming.eu\/stable\/personal\" href=\"https:\/\/atlasui.radioactivegaming.eu\/stable\/personal\" target=\"_blank\" rel=\"noopener\" data-mce-selected=\"inline-boundary\" data-cp-link=\"1\" class=\"\">Atlas UI<\/a> you can easily view &amp; manage your animals!<\/p><\/div> <\/div><div  class=\"col-xs-12 col-sm-4 col-padding\"> <i  class=\"fa icon shadow-large-black aligncenter fa-angellist reverse round large color1\"><\/i> <div  data-type=\"column\" class=\"\"> <h5  class=\"\">Saddles &amp; Buffs<\/h5> <p  class=\"\">Equipped saddles &amp; permanent buffs (e.g. Rare Sightings) remain in the stable!<\/p><\/div> <\/div><div  class=\"col-xs-12 col-sm-4 col-padding\"> <i  class=\"fa icon shadow-large-black aligncenter fa-american-sign-language-interpreting reverse round large color1\"><\/i> <div  data-type=\"column\" class=\"\"> <h5  class=\"\">Download Debuff<\/h5> <p  class=\"\">If animals are downloaded in a different grid than they were uploaded, they receive a debuff of 4 hours in which they take four times the damage\n<br ><br >If the animal travels over a grid boundary, the buff disappears automatically.<\/p><\/div> <\/div><div  class=\"col-xs-12 col-sm-4 col-padding\"> <i  class=\"fa icon shadow-large-black aligncenter fa-align-left reverse round large color1\"><\/i> <div  data-type=\"column\" class=\"\"> <h5  class=\"\">Limits<\/h5> <p  class=\"\">Each player can store up to 1000 animals in the stable and thus reduce the load on the server\n<br ><br >An additional space of 150 animals is available for companies.\n<br ><br >Only the person who uploaded the animals has access to them.<\/p><\/div> <\/div><div  class=\"col-xs-12 col-sm-4 col-padding\"> <i  class=\"fa icon shadow-large-black aligncenter fa-share-alt reverse round large color1\"><\/i> <div  data-type=\"column\" class=\"\"> <h5  class=\"\">Company Stable<\/h5> <p  class=\"\">The Stable also has the ability to store animals for the entire Company!\n<br ><br >Access is only possible for one Company member at a time<\/p><\/div> <\/div><div  class=\"col-xs-12 col-sm-4 col-padding\"> <i  class=\"fa icon shadow-large-black aligncenter fa-spoon reverse round large color1\"><\/i> <div  data-type=\"column\" class=\"\"> <h5  class=\"\">Primitive stable<\/h5> <p  class=\"\">This beginner-friendly stable does not have all the features of the normal stable, but can be built in the first few hours.<\/p><\/div> <\/div><div  class=\"col-xs-12 col-sm-4 col-padding\"> <i  class=\"fa icon shadow-large-black aligncenter fa-balance-scale reverse round large color1\"><\/i> <div  data-type=\"column\" class=\"\"> <h5  class=\"\">Item production<\/h5> <p  class=\"\">Some animals passively produce items in the stable which you can pick up at regular intervals. (e.g. pig -&gt; excrement)\n<br ><br >You can find an up-to-date list at any time in our <a data-mce-href=\"https:\/\/discord.com\/channels\/652851613140254740\/1056181027208433674\/1056181027208433674\" href=\"https:\/\/discord.com\/channels\/652851613140254740\/1056181027208433674\/1056181027208433674\" target=\"_blank\" rel=\"noopener\" data-mce-selected=\"inline-boundary\" data-cp-link=\"1\" class=\"\">Discord<\/a><\/p><\/div> <\/div><\/div> <\/div><\/div><div  data-label=\"Herstellung\" data-id=\"content--1\" data-export-id=\"content-12\" data-category=\"content\" class=\"content-12 content-section content-section-spacing\" id=\"herstellung-1\" style=\"background-color: rgb(245, 250, 253);\"><div  class=\"gridContainer\"> <div  class=\"row text-center\"><div  class=\"section-title-col\" data-type=\"column\"> <h4  class=\"\">Since the stable is so complex, you can also find a FAQ in the Discord in <a data-mce-href=\"https:\/\/discord.com\/channels\/652851613140254740\/1213576131840581693\/1213576131840581693\" href=\"https:\/\/discord.com\/channels\/652851613140254740\/1213576131840581693\/1213576131840581693\" target=\"_blank\" rel=\"noopener\" data-mce-selected=\"inline-boundary\" data-cp-link=\"1\" class=\"\">German<\/a> and <a data-mce-href=\"https:\/\/discord.com\/channels\/652851613140254740\/1213586723498360842\/1213586723498360842\" href=\"https:\/\/discord.com\/channels\/652851613140254740\/1213586723498360842\/1213586723498360842\" target=\"_blank\" rel=\"noopener\" data-mce-selected=\"inline-boundary\" data-cp-link=\"1\" class=\"\">English<\/a>!<\/h4><h2  class=\"\">\n<br ><br >Production<\/h2> <p  class=\"lead\">You can make the Stable in the Alchemical Workbench, you need some rare resources!\n<br ><br >If you don't have a stable yet, you can access one of the stables in the freeport, at the admin island (C3) or at your neighbor's stable.<\/p><\/div> <\/div> <div  class=\"row center-xs middle-xs\"> <div  class=\"col-sm-9\" data-type=\"column\"> <\/div> <\/div><\/div> <\/div><div data-label=\"Overlappable\" data-id=\"overlappable--3\" data-export-id=\"overlappable-2\" data-category=\"overlappable\" class=\"overlappable-2 content-section content-section-spacing\" data-overlap=\"true\" id=\"overlappable-2\"  style=\"background-color: rgb(255, 255, 255);\"><div class=\"gridContainer\" > <div class=\"row middle-sm shadow-medium bg-color-white\" ><div class=\"col-xs-12 col-sm-4 top-sm col-padding col-padding-xs\" data-type=\"column\" > <h3 class=\"font-300\" >Filter options<\/h3> <p class=\"\" >To make your life easier, the search in Stable is equipped with a number of filter options.\n<br ><br >\n<br ><span style=\"font-weight: 600;\" >Special characters:<\/span><br >\nUses ! to invert an argument<br >\nUse &gt;,&gt;=,&lt;,&lt;= to refine the search<\/p> <\/div> <div class=\"col-xs-12 col-sm-8\" ><div data-type=\"row\" class=\"row\" > <div class=\"col-xs-12 col-sm-6 col-padding col-padding-small-xs\" ><i class=\"fa icon fa-male bordered round color1\" ><\/i> <h5 class=\"\" >Gender<\/h5> <p class=\"\" >Gender:Male\/Female<\/p><\/div> <div class=\"col-xs-12 col-sm-6 col-padding col-padding-small-xs\" ><i class=\"fa icon fa-balance-scale bordered round color1\" ><\/i> <h5 class=\"\" >Saddle<\/h5> <p class=\"\" >Saddle:Yes\/No<\/p><\/div> <div class=\"col-xs-12 col-sm-6 col-padding col-padding-small-xs\" ><i class=\"fa icon fa-pagelines bordered round color1\" ><\/i> <h5 class=\"\" >Age<\/h5> <p class=\"\" >Maturity:Baby\/Juvenile\/Adolescent\/Adult or a number e.g. 80 (in this case we display everything that is &gt; than 80% Growth<\/p><\/div> <div class=\"col-xs-12 col-sm-6 col-padding col-padding-small-xs\" > <i class=\"fa icon fa-american-sign-language-interpreting bordered round color1\" ><\/i> <h5 class=\"\" >Mating Cooldown<\/h5> <p class=\"\" >Mating:Ready\/Time (you can write the time like a normal time, e.g. 12:00 for 12 minutes, 2:00:00 for 2 hours etc.)<\/p><\/div> <div class=\"col-xs-12 col-sm-6 col-padding col-padding-small-xs\" ><i class=\"fa icon fa-plus-circle bordered round color1\" ><\/i> <h5 class=\"\" >Health<\/h5> <p class=\"\" >Health:\/HealthWild:\/HealthTamed: followed by a number<\/p><\/div><div class=\"col-xs-12 col-sm-6 col-padding col-padding-small-xs\" ><i class=\"fa icon fa-battery bordered round color1\" ><\/i> <h5 class=\"\" >Stamina<\/h5> <p class=\"\" >Stamina:\/StaminaWild:\/StaminaTamed: followed by a number<\/p><\/div><div class=\"col-xs-12 col-sm-6 col-padding col-padding-small-xs\" ><i class=\"fa icon fa-braille bordered round color1\" ><\/i> <h5 class=\"\" >Oxygen<\/h5> <p class=\"\" >Oxygen:\/OxygenWild:\/OxygenTamed: followed by a number<\/p><\/div><div class=\"col-xs-12 col-sm-6 col-padding col-padding-small-xs\" ><i class=\"fa icon fa-shopping-bag bordered round color1\" ><\/i> <h5 class=\"\" >Weight<\/h5> <p class=\"\" >Weight:\/WeightWild:\/WeightTamed: followed by a number<\/p><\/div><div class=\"col-xs-12 col-sm-6 col-padding col-padding-small-xs\" ><i class=\"fa icon fa-apple bordered round color1\" ><\/i> <h5 class=\"\" >Food<\/h5> <p class=\"\" >Food:\/FoodWild:\/FoodTamed: followed by a number<\/p><\/div><div class=\"col-xs-12 col-sm-6 col-padding col-padding-small-xs\" ><i class=\"fa icon fa-hand-grab-o bordered round color1\" ><\/i> <h5 class=\"\" >Melee<\/h5> <p class=\"\" >Melee:\/MeleeWild:\/MeleeTamed: followed by a number<\/p><\/div><\/div><\/div> <\/div><\/div> <\/div>","protected":false},"excerpt":{"rendered":"<p>Cross-Map Access Animals can be placed in or picked up from any grid in the Stable! Stats &amp; Info You can view the colors, stats and distributed points of animals that are in the stable. Mating Cooldown &amp; XP The mating cooldown of uploaded animals is the same as if they were on the map. Also receive... <br \/> <a class=\"read-more\" href=\"https:\/\/radioactivegaming.eu\/en\/atlas\/stable\/\">Read more<\/a><\/p>","protected":false},"author":1,"featured_media":0,"parent":13,"menu_order":0,"comment_status":"closed","ping_status":"closed","template":"pro\/page-templates\/full-width-page.php","meta":{"footnotes":""},"class_list":["post-2889","page","type-page","status-publish","hentry"],"yoast_head":"<!-- This site is optimized with the Yoast SEO plugin v26.3 - https:\/\/yoast.com\/wordpress\/plugins\/seo\/ -->\n<title>Stable - Radioactive Gaming<\/title>\n<meta name=\"robots\" content=\"index, follow, max-snippet:-1, max-image-preview:large, max-video-preview:-1\" \/>\n<link rel=\"canonical\" href=\"https:\/\/radioactivegaming.eu\/en\/atlas\/stable\/\" \/>\n<meta property=\"og:locale\" content=\"en_US\" \/>\n<meta property=\"og:type\" content=\"article\" \/>\n<meta property=\"og:title\" content=\"Stable - Radioactive Gaming\" \/>\n<meta property=\"og:description\" content=\"Karten\u00fcbergreifender Zugriff Tiere k\u00f6nnen in jedem Grid in den Stable gegeben bzw. abgeholt werden! Stats &amp; Infos Ihr k\u00f6nnt Farben, Stats und verteilte Punkte von Tieren einsehen, die sich im Stable befinden. Mating Cooldown &amp; XP Der Mating Cooldown hochgeladener Tiere l\u00e4uft genauso ab, als wenn sie sich auf der Karte befinden w\u00fcrden. Ebenfalls erhalten&hellip; Read more\" \/>\n<meta property=\"og:url\" content=\"https:\/\/radioactivegaming.eu\/en\/atlas\/stable\/\" \/>\n<meta property=\"og:site_name\" content=\"Radioactive Gaming\" \/>\n<meta property=\"article:modified_time\" content=\"2024-05-25T09:26:24+00:00\" \/>\n<meta name=\"twitter:card\" content=\"summary_large_image\" \/>\n<meta name=\"twitter:label1\" content=\"Est. reading time\" \/>\n\t<meta name=\"twitter:data1\" content=\"2 minutes\" \/>\n<script type=\"application\/ld+json\" class=\"yoast-schema-graph\">{\"@context\":\"https:\/\/schema.org\",\"@graph\":[{\"@type\":\"WebPage\",\"@id\":\"https:\/\/radioactivegaming.eu\/atlas\/stable\/\",\"url\":\"https:\/\/radioactivegaming.eu\/atlas\/stable\/\",\"name\":\"Stable - Radioactive Gaming\",\"isPartOf\":{\"@id\":\"https:\/\/radioactivegaming.eu\/#website\"},\"datePublished\":\"2021-03-16T20:09:52+00:00\",\"dateModified\":\"2024-05-25T09:26:24+00:00\",\"breadcrumb\":{\"@id\":\"https:\/\/radioactivegaming.eu\/atlas\/stable\/#breadcrumb\"},\"inLanguage\":\"en-US\",\"potentialAction\":[{\"@type\":\"ReadAction\",\"target\":[\"https:\/\/radioactivegaming.eu\/atlas\/stable\/\"]}]},{\"@type\":\"BreadcrumbList\",\"@id\":\"https:\/\/radioactivegaming.eu\/atlas\/stable\/#breadcrumb\",\"itemListElement\":[{\"@type\":\"ListItem\",\"position\":1,\"name\":\"Startseite\",\"item\":\"https:\/\/radioactivegaming.eu\/\"},{\"@type\":\"ListItem\",\"position\":2,\"name\":\"Atlas\",\"item\":\"https:\/\/radioactivegaming.eu\/atlas\/\"},{\"@type\":\"ListItem\",\"position\":3,\"name\":\"Stable\"}]},{\"@type\":\"WebSite\",\"@id\":\"https:\/\/radioactivegaming.eu\/#website\",\"url\":\"https:\/\/radioactivegaming.eu\/\",\"name\":\"Radioactive Gaming\",\"description\":\"\",\"publisher\":{\"@id\":\"https:\/\/radioactivegaming.eu\/#organization\"},\"potentialAction\":[{\"@type\":\"SearchAction\",\"target\":{\"@type\":\"EntryPoint\",\"urlTemplate\":\"https:\/\/radioactivegaming.eu\/?s={search_term_string}\"},\"query-input\":{\"@type\":\"PropertyValueSpecification\",\"valueRequired\":true,\"valueName\":\"search_term_string\"}}],\"inLanguage\":\"en-US\"},{\"@type\":\"Organization\",\"@id\":\"https:\/\/radioactivegaming.eu\/#organization\",\"name\":\"Radioactive Gaming\",\"url\":\"https:\/\/radioactivegaming.eu\/\",\"logo\":{\"@type\":\"ImageObject\",\"inLanguage\":\"en-US\",\"@id\":\"https:\/\/radioactivegaming.eu\/#\/schema\/logo\/image\/\",\"url\":\"https:\/\/radioactivegaming.eu\/wp-content\/uploads\/2019\/12\/cropped-coin-2.png\",\"contentUrl\":\"https:\/\/radioactivegaming.eu\/wp-content\/uploads\/2019\/12\/cropped-coin-2.png\",\"width\":256,\"height\":256,\"caption\":\"Radioactive Gaming\"},\"image\":{\"@id\":\"https:\/\/radioactivegaming.eu\/#\/schema\/logo\/image\/\"},\"sameAs\":[\"https:\/\/www.youtube.com\/channel\/UCHAH-p_vfp_co-__TB4M14A\"]}]}<\/script>\n<!-- \/ Yoast SEO plugin. -->","yoast_head_json":{"title":"Stable - Radioactive Gaming","robots":{"index":"index","follow":"follow","max-snippet":"max-snippet:-1","max-image-preview":"max-image-preview:large","max-video-preview":"max-video-preview:-1"},"canonical":"https:\/\/radioactivegaming.eu\/en\/atlas\/stable\/","og_locale":"en_US","og_type":"article","og_title":"Stable - Radioactive Gaming","og_description":"Karten\u00fcbergreifender Zugriff Tiere k\u00f6nnen in jedem Grid in den Stable gegeben bzw. abgeholt werden! Stats &amp; Infos Ihr k\u00f6nnt Farben, Stats und verteilte Punkte von Tieren einsehen, die sich im Stable befinden. Mating Cooldown &amp; XP Der Mating Cooldown hochgeladener Tiere l\u00e4uft genauso ab, als wenn sie sich auf der Karte befinden w\u00fcrden. Ebenfalls erhalten&hellip; Read more","og_url":"https:\/\/radioactivegaming.eu\/en\/atlas\/stable\/","og_site_name":"Radioactive Gaming","article_modified_time":"2024-05-25T09:26:24+00:00","twitter_card":"summary_large_image","twitter_misc":{"Est. reading time":"2 minutes"},"schema":{"@context":"https:\/\/schema.org","@graph":[{"@type":"WebPage","@id":"https:\/\/radioactivegaming.eu\/atlas\/stable\/","url":"https:\/\/radioactivegaming.eu\/atlas\/stable\/","name":"Stable - Radioactive Gaming","isPartOf":{"@id":"https:\/\/radioactivegaming.eu\/#website"},"datePublished":"2021-03-16T20:09:52+00:00","dateModified":"2024-05-25T09:26:24+00:00","breadcrumb":{"@id":"https:\/\/radioactivegaming.eu\/atlas\/stable\/#breadcrumb"},"inLanguage":"en-US","potentialAction":[{"@type":"ReadAction","target":["https:\/\/radioactivegaming.eu\/atlas\/stable\/"]}]},{"@type":"BreadcrumbList","@id":"https:\/\/radioactivegaming.eu\/atlas\/stable\/#breadcrumb","itemListElement":[{"@type":"ListItem","position":1,"name":"Startseite","item":"https:\/\/radioactivegaming.eu\/"},{"@type":"ListItem","position":2,"name":"Atlas","item":"https:\/\/radioactivegaming.eu\/atlas\/"},{"@type":"ListItem","position":3,"name":"Stable"}]},{"@type":"WebSite","@id":"https:\/\/radioactivegaming.eu\/#website","url":"https:\/\/radioactivegaming.eu\/","name":"Radioactive Gaming","description":"","publisher":{"@id":"https:\/\/radioactivegaming.eu\/#organization"},"potentialAction":[{"@type":"SearchAction","target":{"@type":"EntryPoint","urlTemplate":"https:\/\/radioactivegaming.eu\/?s={search_term_string}"},"query-input":{"@type":"PropertyValueSpecification","valueRequired":true,"valueName":"search_term_string"}}],"inLanguage":"en-US"},{"@type":"Organization","@id":"https:\/\/radioactivegaming.eu\/#organization","name":"Radioactive Gaming","url":"https:\/\/radioactivegaming.eu\/","logo":{"@type":"ImageObject","inLanguage":"en-US","@id":"https:\/\/radioactivegaming.eu\/#\/schema\/logo\/image\/","url":"https:\/\/radioactivegaming.eu\/wp-content\/uploads\/2019\/12\/cropped-coin-2.png","contentUrl":"https:\/\/radioactivegaming.eu\/wp-content\/uploads\/2019\/12\/cropped-coin-2.png","width":256,"height":256,"caption":"Radioactive Gaming"},"image":{"@id":"https:\/\/radioactivegaming.eu\/#\/schema\/logo\/image\/"},"sameAs":["https:\/\/www.youtube.com\/channel\/UCHAH-p_vfp_co-__TB4M14A"]}]}},"jetpack_sharing_enabled":true,"_links":{"self":[{"href":"https:\/\/radioactivegaming.eu\/en\/wp-json\/wp\/v2\/pages\/2889","targetHints":{"allow":["GET"]}}],"collection":[{"href":"https:\/\/radioactivegaming.eu\/en\/wp-json\/wp\/v2\/pages"}],"about":[{"href":"https:\/\/radioactivegaming.eu\/en\/wp-json\/wp\/v2\/types\/page"}],"author":[{"embeddable":true,"href":"https:\/\/radioactivegaming.eu\/en\/wp-json\/wp\/v2\/users\/1"}],"replies":[{"embeddable":true,"href":"https:\/\/radioactivegaming.eu\/en\/wp-json\/wp\/v2\/comments?post=2889"}],"version-history":[{"count":7,"href":"https:\/\/radioactivegaming.eu\/en\/wp-json\/wp\/v2\/pages\/2889\/revisions"}],"predecessor-version":[{"id":5470,"href":"https:\/\/radioactivegaming.eu\/en\/wp-json\/wp\/v2\/pages\/2889\/revisions\/5470"}],"up":[{"embeddable":true,"href":"https:\/\/radioactivegaming.eu\/en\/wp-json\/wp\/v2\/pages\/13"}],"wp:attachment":[{"href":"https:\/\/radioactivegaming.eu\/en\/wp-json\/wp\/v2\/media?parent=2889"}],"curies":[{"name":"wp","href":"https:\/\/api.w.org\/{rel}","templated":true}]}}