{"id":3149,"date":"2021-03-17T15:45:15","date_gmt":"2021-03-17T14:45:15","guid":{"rendered":"https:\/\/radioactivegaming.eu\/?page_id=3149"},"modified":"2024-05-25T00:32:07","modified_gmt":"2024-05-24T22:32:07","slug":"environment","status":"publish","type":"page","link":"https:\/\/radioactivegaming.eu\/en\/atlas\/environment\/","title":{"rendered":"environment"},"content":{"rendered":"<div data-label=\"About\" data-id=\"about--5\" data-export-id=\"about-6\" data-category=\"about\" class=\"about-6 content-section content-section-spacing\" id=\"about-5\"  style=\"background-color: rgb(255, 255, 255);\"><div class=\"gridContainer\" > <div class=\"row middle-sm text-center\" ><div class=\"col-sm-6 space-bottom-xs\" data-type=\"column\" >  <h2 class=\"\" >Camps<\/h2> <p class=\"\" >You can find these NPC bases randomly on all islands!\n<br ><br >\nThey are aggressive towards you.\n<br ><br >\nIf you manage to break through their defenses and kill all the NPCs, you can loot them at the flag\n<br ><br >They are the only source for blueprints of structures.<\/p> <\/div> <div class=\"col-sm-6 image-group-right-3 space-bottom-xs\" ><div class=\"top-media\" > <img decoding=\"async\" class=\"shadow-large\" data-size=\"350x250\" src=\"https:\/\/radioactivegaming.eu\/wp-content\/uploads\/2024\/05\/camp2.png\"  title=\"camp2\" alt=\"\"><\/div> <div class=\"bottom-media\" > <img decoding=\"async\" class=\"shadow-large\" data-size=\"350x250\" src=\"https:\/\/radioactivegaming.eu\/wp-content\/uploads\/2024\/05\/camp3.png\"  title=\"camp3\" alt=\"\"><\/div> <div class=\"left-media\" > <img decoding=\"async\" class=\"shadow-large\" data-size=\"350x400\" src=\"https:\/\/radioactivegaming.eu\/wp-content\/uploads\/2024\/05\/camp1.png\"  title=\"camp1\" alt=\"\"> <div class=\"offset-double-border-overlay\" > <div class=\"border-1 shadow-small\" ><\/div> <div class=\"border-2\" ><\/div><\/div> <\/div><\/div> <\/div><\/div> <\/div><div  data-label=\"About\" data-id=\"about--1\" data-export-id=\"about-image-text\" data-category=\"about\" class=\"about-image-text content-section content-section-spacing content-relative\" id=\"about-1\" style=\"background-color: rgb(255, 255, 255);\"><div  class=\"gridContainer\"> <div  class=\"row\"><div  class=\"col-sm-6 flexbox-strech center-xs middle-xs no-gutter-col\"> <div  class=\"shadow-large overlap-right-large flexbox middle-xs center-xs left-img\" data-bg=\"image\" style=\"background-image: url(&quot;https:\/\/radioactivegaming.eu\/wp-content\/uploads\/2021\/03\/cropped-20210317153812_1.jpg&quot;);\"><\/div><\/div> <div  class=\"col-sm-6 space-bottom-xs col-padding-small-xs col-sm-padding-large bg-color5 white-text content-col\" data-type=\"column\"> <h2  class=\"\">Iceberg<\/h2> <p  class=\"\">These occur in the polar and occasionally in the tundra, but can of course find their way to adjacent, warmer regions.\n<br ><br >\nIcebergs are moving objects that slowly drift through the grids, they can be caught with a floating character\n<br ><br ><br >\nWhen in contact with ships, they cause damage (similar to ramming sandbars).<br >\nThe damage depends on the speed.\n<br ><br >\nIcebergs can not be blocked, they push away even a Galli\n<br ><br ><br >\nIn addition to the ice, which can be mined from the iceberg with metal pickaxes, rare resources can also be found on them!<\/p><\/div> <\/div><\/div> <\/div><div  data-label=\"About\" data-id=\"about--4\" data-export-id=\"about-5\" data-category=\"about\" class=\"about-5 content-section content-section-spacing\" id=\"about-4\" style=\"background-color: rgb(245, 250, 253);\"><div  class=\"gridContainer\"> <div  class=\"row middle-sm text-center\"><div  class=\"col-sm-6 space-bottom-xs\" data-type=\"column\">  <h2  class=\"\">Burning steamship<\/h2> <p  class=\"\">Surrounded by an oil slick, this wreck promises you interesting prey, but you should refrain from parking your ship in the fire, which is actually logical!<\/p> <\/div> <div  class=\"col-sm-6 flexbox image-group-right-2 around-xs top-xs space-bottom-xs\"><div  class=\"left-el\"> <img decoding=\"async\"  class=\"shadow-large\" data-size=\"300x430\" src=\"https:\/\/radioactivegaming.eu\/wp-content\/uploads\/2024\/05\/cropped-steamship2.png\" title=\"cropped-steamship2.png\" alt=\"\"><\/div> <div  class=\"right-el\"> <img decoding=\"async\"  class=\"shadow-large\" data-size=\"300x430\" src=\"https:\/\/radioactivegaming.eu\/wp-content\/uploads\/2024\/05\/cropped-steamship.png\" title=\"cropped-steamship.png\" alt=\"\"><\/div> <div  class=\"center-overlay inner-shadow border-large\"><\/div><\/div> <\/div><\/div> <\/div><div  data-label=\"About\" data-id=\"about--3\" data-export-id=\"about-image-text\" data-category=\"about\" class=\"about-image-text content-section content-section-spacing\" id=\"about-3\" style=\"background-color: rgb(255, 255, 255);\"><div  class=\"gridContainer\"> <div  class=\"row\"><div  class=\"col-sm-6 flexbox-strech center-xs middle-xs no-gutter-col\"> <div  class=\"shadow-large overlap-right-large flexbox middle-xs center-xs left-img\" data-bg=\"image\" style=\"background-image: url(&quot;https:\/\/radioactivegaming.eu\/wp-content\/uploads\/2024\/05\/floating.png&quot;);\"><\/div><\/div> <div  class=\"col-sm-6 space-bottom-xs col-padding-small-xs col-sm-padding-large bg-color5 white-text content-col\" data-type=\"column\"> <h2  class=\"\">Drifting wrecks<\/h2> <p  class=\"\">Many a wreck doesn't sink after a fight!\n<br >Unfortunately, the loot is lost, but you can still find the remains of the crew on board! Perhaps you could use them?\n<br ><br >Dismantling could also be worthwhile!\n<br >However, you will need a good axe<\/p><\/div> <\/div><\/div> <\/div><div  data-label=\"Features\" data-id=\"features--1\" data-export-id=\"features-16\" data-category=\"features\" class=\"features-16 content-section content-section-spacing\" id=\"features-1\" style=\"background-color: rgb(245, 250, 253);\"><div  class=\"gridContainer\"> <div  class=\"row text-center\"><div  class=\"section-title-col\" data-type=\"column\"> <h2  class=\"\">Weather<\/h2> <p  class=\"lead\">On Radioactive, you'll encounter weather effects that you won't find anywhere else<\/p><\/div> <\/div> <div  class=\"row spaced-cols center-sm\" data-type=\"row\"> <div  class=\"col-xs-12 col-sm-6 col-md-4 space-bottom\"> <img decoding=\"async\"  class=\"face\" src=\"https:\/\/radioactivegaming.eu\/wp-content\/uploads\/2024\/05\/hail.png\" title=\"hail\" alt=\"\"> <div  data-type=\"column\" class=\"col-padding-small col-padding-small-xs description-container\"> <h4  class=\"font-500\">Hail<\/h4> <p  class=\"\">Not just rain but hail?!\n<br ><br >Let's hope it doesn't get too cold for the babies!<\/p> <\/div> <\/div> <div  class=\"col-xs-12 col-sm-6 col-md-4 space-bottom\"> <img decoding=\"async\"  class=\"face\" src=\"https:\/\/radioactivegaming.eu\/wp-content\/uploads\/2024\/05\/sandstorm.png\" title=\"sandstorm\" alt=\"\"> <div  data-type=\"column\" class=\"col-padding-small col-padding-small-xs description-container\"> <h4  class=\"font-500\">Sandstorm<\/h4> <p  class=\"\">This weather sometimes occurs in the desert!\n<br >\n<br >It's best to get a sandstorm mask! But in a pinch, a tent or building will also provide you with sufficient protection<\/p> <\/div> <\/div> <div  class=\"col-xs-12 col-sm-6 col-md-4 space-bottom\"> <img decoding=\"async\"  class=\"face\" src=\"https:\/\/radioactivegaming.eu\/wp-content\/uploads\/2024\/05\/blizzard.png\" title=\"blizzard\" alt=\"\"> <div  data-type=\"column\" class=\"col-padding-small col-padding-small-xs description-container\"> <h4  class=\"font-500\">Snowstorm<\/h4> <p  class=\"\">This weather sometimes occurs in the tundra &amp; the Arctic!\n<br ><br >Dress warmly, or even better, get a Blizzard mask!\n<br >But in a pinch, a tent or building will also provide you with sufficient protection<\/p> <\/div> <\/div><div  class=\"col-xs-12 col-sm-6 col-md-4 space-bottom\"> <img decoding=\"async\"  class=\"face\" src=\"https:\/\/radioactivegaming.eu\/wp-content\/uploads\/2024\/05\/blutmond.png\" title=\"blood moon\" alt=\"\"> <div  data-type=\"column\" class=\"col-padding-small col-padding-small-xs description-container\"> <h4  class=\"font-500\">Blood moon<\/h4> <p  class=\"\">The blood moon makes animals more aggressive!\n<br ><br >If you activate the blood moon buff, you will receive additional resources when farming, but will be attacked by all wild animals!<\/p> <\/div> <\/div><div  class=\"col-xs-12 col-sm-6 col-md-4 space-bottom\"> <img decoding=\"async\"  class=\"face\" src=\"https:\/\/radioactivegaming.eu\/wp-content\/uploads\/2024\/05\/blitzeinschlag.png\" title=\"lightning strike\" alt=\"\"> <div  data-type=\"column\" class=\"col-padding-small col-padding-small-xs description-container\"> <h4  class=\"font-500\">Thunderstorm<\/h4> <p  class=\"\">It's best to stay indoors in weather like this! Especially when lightning strikes all around you!\n<br >\n<br >You should avoid metal armor at all costs!<\/p> <\/div> <\/div><\/div> <\/div><\/div>","protected":false},"excerpt":{"rendered":"<p>Camps You can find these NPC bases randomly on all islands! They are aggressive towards you. If you manage to break through their defenses and kill all the NPCs, you can loot them at the flag. They are the only source of blueprints for structures. Iceberg These are found in the Polar and occasionally in the Tundra, but can... <br \/> <a class=\"read-more\" href=\"https:\/\/radioactivegaming.eu\/en\/atlas\/environment\/\">Read more<\/a><\/p>","protected":false},"author":1,"featured_media":0,"parent":13,"menu_order":0,"comment_status":"closed","ping_status":"closed","template":"pro\/page-templates\/full-width-page.php","meta":{"footnotes":""},"class_list":["post-3149","page","type-page","status-publish","hentry"],"yoast_head":"<!-- This site is optimized with the Yoast SEO plugin v26.3 - https:\/\/yoast.com\/wordpress\/plugins\/seo\/ -->\n<title>umgebung - Radioactive Gaming<\/title>\n<meta name=\"robots\" content=\"index, follow, max-snippet:-1, max-image-preview:large, max-video-preview:-1\" \/>\n<link rel=\"canonical\" href=\"https:\/\/radioactivegaming.eu\/en\/atlas\/environment\/\" \/>\n<meta property=\"og:locale\" content=\"en_US\" \/>\n<meta property=\"og:type\" content=\"article\" \/>\n<meta property=\"og:title\" content=\"umgebung - Radioactive Gaming\" \/>\n<meta property=\"og:description\" content=\"Camps Diese NPC-Basen k\u00f6nnt ihr zuf\u00e4llig auf allen Inseln vorfinden! Sie sind aggressiv euch gegen\u00fcber. Schafft ihr es ihre Verteidigung zu durchbrechen und alle NPCs zu t\u00f6ten, k\u00f6nnt ihr sie an der Fahne pl\u00fcndern Sie sind die einzige Quelle f\u00fcr Blueprints von Strukturen. Iceberg Diese kommen im Polar und gelegentlich in der Tundra vor, k\u00f6nnen&hellip; Read more\" \/>\n<meta property=\"og:url\" content=\"https:\/\/radioactivegaming.eu\/en\/atlas\/environment\/\" \/>\n<meta property=\"og:site_name\" content=\"Radioactive Gaming\" \/>\n<meta property=\"article:modified_time\" content=\"2024-05-24T22:32:07+00:00\" \/>\n<meta property=\"og:image\" content=\"https:\/\/radioactivegaming.eu\/wp-content\/uploads\/2024\/05\/camp2.png\" \/>\n<meta name=\"twitter:card\" content=\"summary_large_image\" \/>\n<meta name=\"twitter:label1\" content=\"Est. reading time\" \/>\n\t<meta name=\"twitter:data1\" content=\"1 minute\" \/>\n<script type=\"application\/ld+json\" class=\"yoast-schema-graph\">{\"@context\":\"https:\/\/schema.org\",\"@graph\":[{\"@type\":\"WebPage\",\"@id\":\"https:\/\/radioactivegaming.eu\/atlas\/umgebung\/\",\"url\":\"https:\/\/radioactivegaming.eu\/atlas\/umgebung\/\",\"name\":\"umgebung - Radioactive Gaming\",\"isPartOf\":{\"@id\":\"https:\/\/radioactivegaming.eu\/#website\"},\"primaryImageOfPage\":{\"@id\":\"https:\/\/radioactivegaming.eu\/atlas\/umgebung\/#primaryimage\"},\"image\":{\"@id\":\"https:\/\/radioactivegaming.eu\/atlas\/umgebung\/#primaryimage\"},\"thumbnailUrl\":\"https:\/\/radioactivegaming.eu\/wp-content\/uploads\/2024\/05\/camp2.png\",\"datePublished\":\"2021-03-17T14:45:15+00:00\",\"dateModified\":\"2024-05-24T22:32:07+00:00\",\"breadcrumb\":{\"@id\":\"https:\/\/radioactivegaming.eu\/atlas\/umgebung\/#breadcrumb\"},\"inLanguage\":\"en-US\",\"potentialAction\":[{\"@type\":\"ReadAction\",\"target\":[\"https:\/\/radioactivegaming.eu\/atlas\/umgebung\/\"]}]},{\"@type\":\"ImageObject\",\"inLanguage\":\"en-US\",\"@id\":\"https:\/\/radioactivegaming.eu\/atlas\/umgebung\/#primaryimage\",\"url\":\"https:\/\/radioactivegaming.eu\/wp-content\/uploads\/2024\/05\/camp2.png\",\"contentUrl\":\"https:\/\/radioactivegaming.eu\/wp-content\/uploads\/2024\/05\/camp2.png\"},{\"@type\":\"BreadcrumbList\",\"@id\":\"https:\/\/radioactivegaming.eu\/atlas\/umgebung\/#breadcrumb\",\"itemListElement\":[{\"@type\":\"ListItem\",\"position\":1,\"name\":\"Startseite\",\"item\":\"https:\/\/radioactivegaming.eu\/\"},{\"@type\":\"ListItem\",\"position\":2,\"name\":\"Atlas\",\"item\":\"https:\/\/radioactivegaming.eu\/atlas\/\"},{\"@type\":\"ListItem\",\"position\":3,\"name\":\"umgebung\"}]},{\"@type\":\"WebSite\",\"@id\":\"https:\/\/radioactivegaming.eu\/#website\",\"url\":\"https:\/\/radioactivegaming.eu\/\",\"name\":\"Radioactive Gaming\",\"description\":\"\",\"publisher\":{\"@id\":\"https:\/\/radioactivegaming.eu\/#organization\"},\"potentialAction\":[{\"@type\":\"SearchAction\",\"target\":{\"@type\":\"EntryPoint\",\"urlTemplate\":\"https:\/\/radioactivegaming.eu\/?s={search_term_string}\"},\"query-input\":{\"@type\":\"PropertyValueSpecification\",\"valueRequired\":true,\"valueName\":\"search_term_string\"}}],\"inLanguage\":\"en-US\"},{\"@type\":\"Organization\",\"@id\":\"https:\/\/radioactivegaming.eu\/#organization\",\"name\":\"Radioactive Gaming\",\"url\":\"https:\/\/radioactivegaming.eu\/\",\"logo\":{\"@type\":\"ImageObject\",\"inLanguage\":\"en-US\",\"@id\":\"https:\/\/radioactivegaming.eu\/#\/schema\/logo\/image\/\",\"url\":\"https:\/\/radioactivegaming.eu\/wp-content\/uploads\/2019\/12\/cropped-coin-2.png\",\"contentUrl\":\"https:\/\/radioactivegaming.eu\/wp-content\/uploads\/2019\/12\/cropped-coin-2.png\",\"width\":256,\"height\":256,\"caption\":\"Radioactive Gaming\"},\"image\":{\"@id\":\"https:\/\/radioactivegaming.eu\/#\/schema\/logo\/image\/\"},\"sameAs\":[\"https:\/\/www.youtube.com\/channel\/UCHAH-p_vfp_co-__TB4M14A\"]}]}<\/script>\n<!-- \/ Yoast SEO plugin. -->","yoast_head_json":{"title":"environment - Radioactive Gaming","robots":{"index":"index","follow":"follow","max-snippet":"max-snippet:-1","max-image-preview":"max-image-preview:large","max-video-preview":"max-video-preview:-1"},"canonical":"https:\/\/radioactivegaming.eu\/en\/atlas\/environment\/","og_locale":"en_US","og_type":"article","og_title":"umgebung - Radioactive Gaming","og_description":"Camps Diese NPC-Basen k\u00f6nnt ihr zuf\u00e4llig auf allen Inseln vorfinden! Sie sind aggressiv euch gegen\u00fcber. Schafft ihr es ihre Verteidigung zu durchbrechen und alle NPCs zu t\u00f6ten, k\u00f6nnt ihr sie an der Fahne pl\u00fcndern Sie sind die einzige Quelle f\u00fcr Blueprints von Strukturen. Iceberg Diese kommen im Polar und gelegentlich in der Tundra vor, k\u00f6nnen&hellip; Read more","og_url":"https:\/\/radioactivegaming.eu\/en\/atlas\/environment\/","og_site_name":"Radioactive Gaming","article_modified_time":"2024-05-24T22:32:07+00:00","og_image":[{"url":"https:\/\/radioactivegaming.eu\/wp-content\/uploads\/2024\/05\/camp2.png","type":"","width":"","height":""}],"twitter_card":"summary_large_image","twitter_misc":{"Est. reading time":"1 minute"},"schema":{"@context":"https:\/\/schema.org","@graph":[{"@type":"WebPage","@id":"https:\/\/radioactivegaming.eu\/atlas\/umgebung\/","url":"https:\/\/radioactivegaming.eu\/atlas\/umgebung\/","name":"environment - Radioactive Gaming","isPartOf":{"@id":"https:\/\/radioactivegaming.eu\/#website"},"primaryImageOfPage":{"@id":"https:\/\/radioactivegaming.eu\/atlas\/umgebung\/#primaryimage"},"image":{"@id":"https:\/\/radioactivegaming.eu\/atlas\/umgebung\/#primaryimage"},"thumbnailUrl":"https:\/\/radioactivegaming.eu\/wp-content\/uploads\/2024\/05\/camp2.png","datePublished":"2021-03-17T14:45:15+00:00","dateModified":"2024-05-24T22:32:07+00:00","breadcrumb":{"@id":"https:\/\/radioactivegaming.eu\/atlas\/umgebung\/#breadcrumb"},"inLanguage":"en-US","potentialAction":[{"@type":"ReadAction","target":["https:\/\/radioactivegaming.eu\/atlas\/umgebung\/"]}]},{"@type":"ImageObject","inLanguage":"en-US","@id":"https:\/\/radioactivegaming.eu\/atlas\/umgebung\/#primaryimage","url":"https:\/\/radioactivegaming.eu\/wp-content\/uploads\/2024\/05\/camp2.png","contentUrl":"https:\/\/radioactivegaming.eu\/wp-content\/uploads\/2024\/05\/camp2.png"},{"@type":"BreadcrumbList","@id":"https:\/\/radioactivegaming.eu\/atlas\/umgebung\/#breadcrumb","itemListElement":[{"@type":"ListItem","position":1,"name":"Startseite","item":"https:\/\/radioactivegaming.eu\/"},{"@type":"ListItem","position":2,"name":"Atlas","item":"https:\/\/radioactivegaming.eu\/atlas\/"},{"@type":"ListItem","position":3,"name":"umgebung"}]},{"@type":"WebSite","@id":"https:\/\/radioactivegaming.eu\/#website","url":"https:\/\/radioactivegaming.eu\/","name":"Radioactive Gaming","description":"","publisher":{"@id":"https:\/\/radioactivegaming.eu\/#organization"},"potentialAction":[{"@type":"SearchAction","target":{"@type":"EntryPoint","urlTemplate":"https:\/\/radioactivegaming.eu\/?s={search_term_string}"},"query-input":{"@type":"PropertyValueSpecification","valueRequired":true,"valueName":"search_term_string"}}],"inLanguage":"en-US"},{"@type":"Organization","@id":"https:\/\/radioactivegaming.eu\/#organization","name":"Radioactive Gaming","url":"https:\/\/radioactivegaming.eu\/","logo":{"@type":"ImageObject","inLanguage":"en-US","@id":"https:\/\/radioactivegaming.eu\/#\/schema\/logo\/image\/","url":"https:\/\/radioactivegaming.eu\/wp-content\/uploads\/2019\/12\/cropped-coin-2.png","contentUrl":"https:\/\/radioactivegaming.eu\/wp-content\/uploads\/2019\/12\/cropped-coin-2.png","width":256,"height":256,"caption":"Radioactive Gaming"},"image":{"@id":"https:\/\/radioactivegaming.eu\/#\/schema\/logo\/image\/"},"sameAs":["https:\/\/www.youtube.com\/channel\/UCHAH-p_vfp_co-__TB4M14A"]}]}},"jetpack_sharing_enabled":true,"_links":{"self":[{"href":"https:\/\/radioactivegaming.eu\/en\/wp-json\/wp\/v2\/pages\/3149","targetHints":{"allow":["GET"]}}],"collection":[{"href":"https:\/\/radioactivegaming.eu\/en\/wp-json\/wp\/v2\/pages"}],"about":[{"href":"https:\/\/radioactivegaming.eu\/en\/wp-json\/wp\/v2\/types\/page"}],"author":[{"embeddable":true,"href":"https:\/\/radioactivegaming.eu\/en\/wp-json\/wp\/v2\/users\/1"}],"replies":[{"embeddable":true,"href":"https:\/\/radioactivegaming.eu\/en\/wp-json\/wp\/v2\/comments?post=3149"}],"version-history":[{"count":5,"href":"https:\/\/radioactivegaming.eu\/en\/wp-json\/wp\/v2\/pages\/3149\/revisions"}],"predecessor-version":[{"id":5457,"href":"https:\/\/radioactivegaming.eu\/en\/wp-json\/wp\/v2\/pages\/3149\/revisions\/5457"}],"up":[{"embeddable":true,"href":"https:\/\/radioactivegaming.eu\/en\/wp-json\/wp\/v2\/pages\/13"}],"wp:attachment":[{"href":"https:\/\/radioactivegaming.eu\/en\/wp-json\/wp\/v2\/media?parent=3149"}],"curies":[{"name":"wp","href":"https:\/\/api.w.org\/{rel}","templated":true}]}}