{"id":5,"date":"2019-12-08T13:27:28","date_gmt":"2019-12-08T12:27:28","guid":{"rendered":"http:\/\/radioactivegaming.eu\/mesmerize\/"},"modified":"2024-08-12T19:28:18","modified_gmt":"2024-08-12T17:28:18","slug":"mesmerize","status":"publish","type":"page","link":"https:\/\/radioactivegaming.eu\/en\/","title":{"rendered":"Front Page"},"content":{"rendered":"<div  data-label=\"Features\" data-id=\"features--2\" data-export-id=\"features-16-card-bordered\" data-category=\"features\" class=\"features-16-card-bordered content-section content-section-spacing night_party content-relative\" id=\"features-5\"><div  class=\"\"> <div  class=\"row text-center\"><div  class=\"section-title-col\" data-type=\"column\"> <h2  class=\"\"><span  style=\"color: rgb(0, 0, 0); --darkreader-inline-color: #e8e6e3;\" data-darkreader-inline-color=\"\">Choose your game....<\/span><\/h2> <p  class=\"lead\"><span  style=\"color: rgb(0, 0, 0); --darkreader-inline-color: #e8e6e3;\" data-darkreader-inline-color=\"\">To learn more about our server we have subpages of our respective clusters for you...<\/span><\/p><\/div> <\/div> <div  class=\"row spaced-cols center-sm\" data-type=\"row\"> <div  class=\"col-xs-12 col-sm-6 col-md-3\"> <div  class=\"card no-padding bordered y-move\"> <a data-cp-link=\"1\" href=\"https:\/\/www.radioactivegaming.eu\/ark\/settings-raten-und-mods\" target=\"_self\" rel=\"noopener\"><\/a><a data-cp-link=\"1\" href=\"https:\/\/www.radioactivegaming.eu\/ark\/settings-raten-und-mods\" target=\"_self\" rel=\"noopener\"><img  decoding=\"async\" class=\"face\" src=\"https:\/\/radioactivegaming.eu\/wp-content\/uploads\/2023\/10\/RadioactiveGamingArkSA.png\" alt=\"\" title=\"RadioactiveGamingArkSA\"><\/a> <div  data-type=\"column\" class=\"col-padding-small col-padding-small-xs description-container\"> <h4  class=\"font-500\">Radioactive Ark<\/h4> <p  class=\"\">We are back!\n<br ><br >With Ark:SA we start into a new era in which we present you as a hard and real survival experience.\n<br ><br >Besides QOL, expect hard bosses, no overkill tek features, and most importantly, the great look in UE5!<\/p><\/div> <div  data-type=\"column\" class=\"col-padding-small col-padding-small-xs read-more-container\"><\/div> <\/div><\/div> <div  class=\"col-xs-12 col-sm-6 col-md-3\"><div  class=\"card no-padding bordered y-move\"> <a data-cp-link=\"1\" href=\"https:\/\/radioactivegaming.eu\/atlas\" target=\"_self\" rel=\"noopener noreferrer\"><img  decoding=\"async\" class=\"face\" src=\"http:\/\/radioactivegaming.eu\/wp-content\/uploads\/2020\/03\/NormalAtlas_Neu.png\" alt=\"\" title=\"cropped-atlas-logo2.png\"><\/a> <div  data-type=\"column\" class=\"col-padding-small col-padding-small-xs description-container\"> <h4  class=\"font-500\">Radioactive Atlas<\/h4> <p  class=\"\">A real alternative to the official server! A 6\u00d76 grid with around 300 different islands, where both PVE and PVP players get their money's worth. We also offer the possibility to find all resources and content of the original map as well as all powerstones and defeat the final boss. Due to balanced and well thought-out settings, as well as enough space to build and tame for many players, long-term fun is guaranteed.<\/p><\/div> <div  data-type=\"column\" class=\"col-padding-small col-padding-small-xs read-more-container\"><\/div> <\/div><\/div>  <div  class=\"col-xs-12 col-sm-6 col-md-3\"> <div  class=\"card no-padding bordered y-move\"> <img  decoding=\"async\" class=\"face\" src=\"https:\/\/radioactivegaming.eu\/wp-content\/uploads\/2023\/02\/cropped-RadioactiveGaming-Logos_PublicMods.png\" alt=\"\" title=\"cropped-RadioactiveGaming-Logos_PublicMods.png\"> <div  data-type=\"column\" class=\"col-padding-small col-padding-small-xs description-container\"> <h4  class=\"font-500\">Public Mods (WIP)<\/h4> <p  class=\"\">Some parts of our mods can be found in Public Mods!\n<br >Of course we are also happy about these visitors whether players or server admins.\n<br >Details about our public mods can be found in this section.\n<br ><br >Note, however, that Radioactive only ever makes a portion of its mod packages available as public mods.\n<br >For the full Radioactive experience, you must play on Radioactive, as our Private mod packs do not work on other servers.<\/p><\/div> <div  data-type=\"column\" class=\"col-padding-small col-padding-small-xs read-more-container\"><\/div> <\/div><\/div><\/div><\/div> <div  class=\"section-separator-bottom\">\n    <svg  xmlns=\"http:\/\/www.w3.org\/2000\/svg\" viewbox=\"0 0 1000 100\" preserveaspectratio=\"none\" data-separator-name=\"waves\" class=\"section-separator-bottom\">\n\t<path  class=\"svg-white-bg\" d=\"M421.9,6.5c22.6-2.5,51.5,0.4,75.5,5.3c23.6,4.9,70.9,23.5,100.5,35.7c75.8,32.2,133.7,44.5,192.6,49.7\tc23.6,2.1,48.7,3.5,103.4-2.5c54.7-6,106.2-25.6,106.2-25.6V0H0v30.3c0,0,72,32.6,158.4,30.5c39.2-0.7,92.8-6.7,134-22.4\tc21.2-8.1,52.2-18.2,79.7-24.2C399.3,7.9,411.6,7.5,421.9,6.5z\"><\/path>\n<\/svg>\n<\/div><\/div><div  data-label=\"Features\" data-id=\"features--1\" data-export-id=\"features-12\" data-category=\"features\" class=\"features-12 content-section content-section-spacing red_salvation content-relative\" id=\"features-4\"><div  class=\"section-separator-top\">\n    <svg  xmlns=\"http:\/\/www.w3.org\/2000\/svg\" viewbox=\"0 0 1000 100\" preserveaspectratio=\"none\" data-separator-name=\"waves-negative\" class=\"section-separator-top\">\n\t<path  class=\"svg-white-bg\" d=\"M790.5,93.1c-59.3-5.3-116.8-18-192.6-50c-29.6-12.7-76.9-31-100.5-35.9c-23.6-4.9-52.6-7.8-75.5-5.3\tc-10.2,1.1-22.6,1.4-50.1,7.4c-27.2,6.3-58.2,16.6-79.4,24.7c-41.3,15.9-94.9,21.9-134,22.6C72,58.2,0,25.8,0,25.8V100h1000V65.3\tc0,0-51.5,19.4-106.2,25.7C839.5,97,814.1,95.2,790.5,93.1z\"><\/path>\n<\/svg>\n<\/div><div  class=\"gridContainer\"> <div  class=\"row text-center\"><div  class=\"section-title-col\" data-type=\"column\"> <h2  class=\"\"><span  style=\"color: rgb(0, 0, 0); --darkreader-inline-color: #e8e6e3;\" data-darkreader-inline-color=\"\">What makes us unique...<\/span><\/h2> <p  class=\"lead\"><span  style=\"color: rgb(255, 255, 255); --darkreader-inline-color: #e8e6e3;\" data-darkreader-inline-color=\"\">Since August 26, 2018 our small but nice community exists!<\/span><\/p><\/div> <\/div> <div  class=\"row spaced-cols\" data-type=\"row\"> <div  class=\"col-sm-6\"> <div  class=\"row space-bottom\"> <div  class=\"col-sm-fit icon-column\"> <i  class=\"fa icon fa-group bordered round color1\"><\/i> <\/div> <div  class=\"col-sm\" data-type=\"column\"> <h5  class=\"color2\"><span  style=\"color: rgb(3, 169, 244); --darkreader-inline-color: #22b8fc;\" data-darkreader-inline-color=\"\">Community<\/span><\/h5> <p  class=\"\"><span  style=\"color: rgb(255, 255, 255); --darkreader-inline-color: #e8e6e3;\" data-darkreader-inline-color=\"\">With us you will find a colorful mixture of many active players, also many \"older\" people who have family and children and no one is forced to be there every day.<\/span><br ><span  style=\"color: rgb(255, 255, 255); --darkreader-inline-color: #e8e6e3;\" data-darkreader-inline-color=\"\">\nWe do a lot together and everyone helps everyone.<\/span><br ><span  style=\"color: rgb(255, 255, 255); --darkreader-inline-color: #e8e6e3;\" data-darkreader-inline-color=\"\">\nWe want to keep it that way, so it's important to us that new players are also a good fit.<\/span><\/p><\/div> <\/div><\/div> <div  class=\"col-sm-6\"><div  class=\"row space-bottom\"> <div  class=\"col-sm-fit icon-column\"><i  class=\"fa icon fa-balance-scale bordered round color8\"><\/i><\/div> <div  class=\"col-sm\" data-type=\"column\"><h5  class=\"color2\"><span  style=\"color: rgb(11, 231, 51); --darkreader-inline-color: #2df551;\" data-darkreader-inline-color=\"\">Admin Team<\/span><\/h5> <p  class=\"\"><span  style=\"color: rgb(255, 255, 255); --darkreader-inline-color: #e8e6e3;\" data-darkreader-inline-color=\"\">All admins are at least 25 years\n, know what they are doing and are happy to respond to the wishes of the community.<\/span><br ><span  style=\"color: rgb(255, 255, 255); --darkreader-inline-color: #e8e6e3;\" data-darkreader-inline-color=\"\">\nAll team members handle their rights responsibly.<\/span><br ><span  style=\"color: rgb(255, 255, 255); --darkreader-inline-color: #e8e6e3;\" data-darkreader-inline-color=\"\">\nA command log is constantly viewable on Discord and is automatically updated.<\/span><\/p><\/div> <\/div><\/div> <div  class=\"col-sm-6\"><div  class=\"row space-bottom\"> <div  class=\"col-sm-fit icon-column\"><i  class=\"fa icon color11 fa-cogs bordered round color2\"><\/i><\/div> <div  class=\"col-sm\" data-type=\"column\"><h5  class=\"color2\"><span  style=\"color: rgb(244, 155, 0); --darkreader-inline-color: #ffae21;\" data-darkreader-inline-color=\"\">Own hardware<\/span><span  id=\"_mce_caret\" data-mce-bogus=\"1\" data-mce-type=\"format-caret\"><span  style=\"color: rgb(244, 155, 0); --darkreader-inline-color: #ffae21;\" data-darkreader-inline-color=\"\"><\/span><\/span><span  id=\"_mce_caret\" data-mce-bogus=\"1\" data-mce-type=\"format-caret\"><span  style=\"color: rgb(244, 155, 0); --darkreader-inline-color: #ffae21;\" data-darkreader-inline-color=\"\"><\/span><\/span><\/h5> <p  class=\"\"><span  style=\"color: rgb(255, 255, 255); --darkreader-inline-color: #e8e6e3;\" data-darkreader-inline-color=\"\">All our servers and bots are hosted on our own and specially optimized hardware!\n<\/span><br ><br ><span  style=\"color: rgb(255, 255, 255); --darkreader-inline-color: #e8e6e3;\" data-darkreader-inline-color=\"\">\nOur 7 root servers are located in one of the best data centers in Frankfurt!<\/span><br ><span  style=\"color: rgb(255, 255, 255); --darkreader-inline-color: #e8e6e3;\" data-darkreader-inline-color=\"\">\nLow pings, stable servers are guaranteed!\n<\/span><br ><br ><span  style=\"color: rgb(255, 255, 255); --darkreader-inline-color: #e8e6e3;\" data-darkreader-inline-color=\"\">\nWe operate one of the largest gaming clusters in Germany!<\/span><\/p><\/div> <\/div><\/div> <div  class=\"col-sm-6\"><div  class=\"row space-bottom\"> <div  class=\"col-sm-fit icon-column\"><i  class=\"fa icon color9 fa-comments bordered round\"><\/i><\/div> <div  class=\"col-sm\" data-type=\"column\"><h5  class=\"color2\"><span  style=\"color: rgb(221, 6, 6); --darkreader-inline-color: #f93333;\" data-darkreader-inline-color=\"\">Discord<\/span><\/h5> <p  class=\"\"><span  style=\"color: rgb(255, 255, 255); --darkreader-inline-color: #e8e6e3;\" data-darkreader-inline-color=\"\">The chats of all servers are connected via our Discord server. This means that if you write in the ingame chat, all players on all servers can read it and reply to you.<\/span><br ><span  style=\"color: rgb(255, 255, 255); --darkreader-inline-color: #e8e6e3;\" data-darkreader-inline-color=\"\">\nAlso, it is possible for players who are not currently in the game to write with people ingame and vice versa.<\/span><br ><span  style=\"color: rgb(255, 255, 255); --darkreader-inline-color: #e8e6e3;\" data-darkreader-inline-color=\"\">\nYou can also find our admin log via Discord. Ingame no admin commands are logged, so that (depending on why and how many commands are needed) not the entire chat is plastered with it. But so that everyone can understand that everything is going right, you can see it via Discord.<\/span><\/p><\/div> <\/div><\/div> <div  class=\"col-sm-6\"> <div  class=\"row space-bottom\"> <div  class=\"col-sm-fit icon-column\"> <i  class=\"fa icon fa-steam bordered round color1\"><\/i> <\/div> <div  class=\"col-sm\" data-type=\"column\"> <h5  class=\"color2\"><span  style=\"color: rgb(3, 169, 244); --darkreader-inline-color: #22b8fc;\" data-darkreader-inline-color=\"\">Own mods<\/span><\/h5> <p  class=\"\"><span  style=\"color: rgb(255, 255, 255); --darkreader-inline-color: #e8e6e3;\" data-darkreader-inline-color=\"\">We are constantly working on our own extensions and additional content for the server, which will provide you with exclusive additional content!<\/span><\/p><\/div> <\/div><\/div><\/div><\/div> <\/div>","protected":false},"excerpt":{"rendered":"<p>Choose your game.... To learn more about our server we have subpages of our respective clusters for you... Radioactive Ark We are back! With Ark:SA we start into a new era in which we present you a hard and real survival experience. Besides QOL you can expect hard bosses, no exaggerated tek features and above all the... <br \/> <a class=\"read-more\" href=\"https:\/\/radioactivegaming.eu\/en\/\">Read more<\/a><\/p>","protected":false},"author":1,"featured_media":0,"parent":0,"menu_order":0,"comment_status":"closed","ping_status":"closed","template":"page-templates\/homepage.php","meta":{"footnotes":""},"class_list":["post-5","page","type-page","status-publish","hentry"],"yoast_head":"<!-- This site is optimized with the Yoast SEO plugin v26.3 - https:\/\/yoast.com\/wordpress\/plugins\/seo\/ -->\n<title>Front Page - Radioactive Gaming<\/title>\n<meta name=\"robots\" content=\"index, follow, max-snippet:-1, max-image-preview:large, max-video-preview:-1\" \/>\n<link rel=\"canonical\" href=\"https:\/\/radioactivegaming.eu\/en\/\" \/>\n<meta property=\"og:locale\" content=\"en_US\" \/>\n<meta property=\"og:type\" content=\"article\" \/>\n<meta property=\"og:title\" content=\"Front Page - Radioactive Gaming\" \/>\n<meta property=\"og:description\" content=\"W\u00e4hle dein Spiel\u2026. Um mehr \u00fcber unseren Server zu erfahren haben wir Unterseiten unser jeweiligen Cluster f\u00fcr euch\u2026 Radioactive Ark Wir sind zur\u00fcck! Mit Ark:SA starten wir in eine neue \u00c4ra in der wir euch als hartes und echtes Survival Erlebnis pr\u00e4sentieren. Neben QOL erwarten euch schwere Bosse, keine \u00dcbertriebenen Tek-Features und vor allem der&hellip; Read more\" \/>\n<meta property=\"og:url\" content=\"https:\/\/radioactivegaming.eu\/en\/\" \/>\n<meta property=\"og:site_name\" content=\"Radioactive Gaming\" \/>\n<meta property=\"article:modified_time\" content=\"2024-08-12T17:28:18+00:00\" \/>\n<meta property=\"og:image\" content=\"https:\/\/radioactivegaming.eu\/wp-content\/uploads\/2023\/10\/RadioactiveGamingArkSA.png\" \/>\n<meta name=\"twitter:card\" content=\"summary_large_image\" \/>\n<meta name=\"twitter:label1\" content=\"Est. reading time\" \/>\n\t<meta name=\"twitter:data1\" content=\"3 minutes\" \/>\n<script type=\"application\/ld+json\" class=\"yoast-schema-graph\">{\"@context\":\"https:\/\/schema.org\",\"@graph\":[{\"@type\":\"WebPage\",\"@id\":\"https:\/\/radioactivegaming.eu\/\",\"url\":\"https:\/\/radioactivegaming.eu\/\",\"name\":\"Front Page - Radioactive Gaming\",\"isPartOf\":{\"@id\":\"https:\/\/radioactivegaming.eu\/#website\"},\"primaryImageOfPage\":{\"@id\":\"https:\/\/radioactivegaming.eu\/#primaryimage\"},\"image\":{\"@id\":\"https:\/\/radioactivegaming.eu\/#primaryimage\"},\"thumbnailUrl\":\"https:\/\/radioactivegaming.eu\/wp-content\/uploads\/2023\/10\/RadioactiveGamingArkSA.png\",\"datePublished\":\"2019-12-08T12:27:28+00:00\",\"dateModified\":\"2024-08-12T17:28:18+00:00\",\"breadcrumb\":{\"@id\":\"https:\/\/radioactivegaming.eu\/#breadcrumb\"},\"inLanguage\":\"en-US\",\"potentialAction\":[{\"@type\":\"ReadAction\",\"target\":[\"https:\/\/radioactivegaming.eu\/\"]}]},{\"@type\":\"ImageObject\",\"inLanguage\":\"en-US\",\"@id\":\"https:\/\/radioactivegaming.eu\/#primaryimage\",\"url\":\"https:\/\/radioactivegaming.eu\/wp-content\/uploads\/2023\/10\/RadioactiveGamingArkSA.png\",\"contentUrl\":\"https:\/\/radioactivegaming.eu\/wp-content\/uploads\/2023\/10\/RadioactiveGamingArkSA.png\"},{\"@type\":\"BreadcrumbList\",\"@id\":\"https:\/\/radioactivegaming.eu\/#breadcrumb\",\"itemListElement\":[{\"@type\":\"ListItem\",\"position\":1,\"name\":\"Startseite\",\"item\":\"https:\/\/radioactivegaming.eu\/\"},{\"@type\":\"ListItem\",\"position\":2,\"name\":\"Front Page\"}]},{\"@type\":\"WebSite\",\"@id\":\"https:\/\/radioactivegaming.eu\/#website\",\"url\":\"https:\/\/radioactivegaming.eu\/\",\"name\":\"Radioactive Gaming\",\"description\":\"\",\"publisher\":{\"@id\":\"https:\/\/radioactivegaming.eu\/#organization\"},\"potentialAction\":[{\"@type\":\"SearchAction\",\"target\":{\"@type\":\"EntryPoint\",\"urlTemplate\":\"https:\/\/radioactivegaming.eu\/?s={search_term_string}\"},\"query-input\":{\"@type\":\"PropertyValueSpecification\",\"valueRequired\":true,\"valueName\":\"search_term_string\"}}],\"inLanguage\":\"en-US\"},{\"@type\":\"Organization\",\"@id\":\"https:\/\/radioactivegaming.eu\/#organization\",\"name\":\"Radioactive Gaming\",\"url\":\"https:\/\/radioactivegaming.eu\/\",\"logo\":{\"@type\":\"ImageObject\",\"inLanguage\":\"en-US\",\"@id\":\"https:\/\/radioactivegaming.eu\/#\/schema\/logo\/image\/\",\"url\":\"https:\/\/radioactivegaming.eu\/wp-content\/uploads\/2019\/12\/cropped-coin-2.png\",\"contentUrl\":\"https:\/\/radioactivegaming.eu\/wp-content\/uploads\/2019\/12\/cropped-coin-2.png\",\"width\":256,\"height\":256,\"caption\":\"Radioactive Gaming\"},\"image\":{\"@id\":\"https:\/\/radioactivegaming.eu\/#\/schema\/logo\/image\/\"},\"sameAs\":[\"https:\/\/www.youtube.com\/channel\/UCHAH-p_vfp_co-__TB4M14A\"]}]}<\/script>\n<!-- \/ Yoast SEO plugin. -->","yoast_head_json":{"title":"Front Page - Radioactive Gaming","robots":{"index":"index","follow":"follow","max-snippet":"max-snippet:-1","max-image-preview":"max-image-preview:large","max-video-preview":"max-video-preview:-1"},"canonical":"https:\/\/radioactivegaming.eu\/en\/","og_locale":"en_US","og_type":"article","og_title":"Front Page - Radioactive Gaming","og_description":"W\u00e4hle dein Spiel\u2026. Um mehr \u00fcber unseren Server zu erfahren haben wir Unterseiten unser jeweiligen Cluster f\u00fcr euch\u2026 Radioactive Ark Wir sind zur\u00fcck! Mit Ark:SA starten wir in eine neue \u00c4ra in der wir euch als hartes und echtes Survival Erlebnis pr\u00e4sentieren. Neben QOL erwarten euch schwere Bosse, keine \u00dcbertriebenen Tek-Features und vor allem der&hellip; Read more","og_url":"https:\/\/radioactivegaming.eu\/en\/","og_site_name":"Radioactive Gaming","article_modified_time":"2024-08-12T17:28:18+00:00","og_image":[{"url":"https:\/\/radioactivegaming.eu\/wp-content\/uploads\/2023\/10\/RadioactiveGamingArkSA.png","type":"","width":"","height":""}],"twitter_card":"summary_large_image","twitter_misc":{"Est. reading time":"3 minutes"},"schema":{"@context":"https:\/\/schema.org","@graph":[{"@type":"WebPage","@id":"https:\/\/radioactivegaming.eu\/","url":"https:\/\/radioactivegaming.eu\/","name":"Front Page - Radioactive Gaming","isPartOf":{"@id":"https:\/\/radioactivegaming.eu\/#website"},"primaryImageOfPage":{"@id":"https:\/\/radioactivegaming.eu\/#primaryimage"},"image":{"@id":"https:\/\/radioactivegaming.eu\/#primaryimage"},"thumbnailUrl":"https:\/\/radioactivegaming.eu\/wp-content\/uploads\/2023\/10\/RadioactiveGamingArkSA.png","datePublished":"2019-12-08T12:27:28+00:00","dateModified":"2024-08-12T17:28:18+00:00","breadcrumb":{"@id":"https:\/\/radioactivegaming.eu\/#breadcrumb"},"inLanguage":"en-US","potentialAction":[{"@type":"ReadAction","target":["https:\/\/radioactivegaming.eu\/"]}]},{"@type":"ImageObject","inLanguage":"en-US","@id":"https:\/\/radioactivegaming.eu\/#primaryimage","url":"https:\/\/radioactivegaming.eu\/wp-content\/uploads\/2023\/10\/RadioactiveGamingArkSA.png","contentUrl":"https:\/\/radioactivegaming.eu\/wp-content\/uploads\/2023\/10\/RadioactiveGamingArkSA.png"},{"@type":"BreadcrumbList","@id":"https:\/\/radioactivegaming.eu\/#breadcrumb","itemListElement":[{"@type":"ListItem","position":1,"name":"Startseite","item":"https:\/\/radioactivegaming.eu\/"},{"@type":"ListItem","position":2,"name":"Front Page"}]},{"@type":"WebSite","@id":"https:\/\/radioactivegaming.eu\/#website","url":"https:\/\/radioactivegaming.eu\/","name":"Radioactive Gaming","description":"","publisher":{"@id":"https:\/\/radioactivegaming.eu\/#organization"},"potentialAction":[{"@type":"SearchAction","target":{"@type":"EntryPoint","urlTemplate":"https:\/\/radioactivegaming.eu\/?s={search_term_string}"},"query-input":{"@type":"PropertyValueSpecification","valueRequired":true,"valueName":"search_term_string"}}],"inLanguage":"en-US"},{"@type":"Organization","@id":"https:\/\/radioactivegaming.eu\/#organization","name":"Radioactive Gaming","url":"https:\/\/radioactivegaming.eu\/","logo":{"@type":"ImageObject","inLanguage":"en-US","@id":"https:\/\/radioactivegaming.eu\/#\/schema\/logo\/image\/","url":"https:\/\/radioactivegaming.eu\/wp-content\/uploads\/2019\/12\/cropped-coin-2.png","contentUrl":"https:\/\/radioactivegaming.eu\/wp-content\/uploads\/2019\/12\/cropped-coin-2.png","width":256,"height":256,"caption":"Radioactive Gaming"},"image":{"@id":"https:\/\/radioactivegaming.eu\/#\/schema\/logo\/image\/"},"sameAs":["https:\/\/www.youtube.com\/channel\/UCHAH-p_vfp_co-__TB4M14A"]}]}},"jetpack_sharing_enabled":true,"_links":{"self":[{"href":"https:\/\/radioactivegaming.eu\/en\/wp-json\/wp\/v2\/pages\/5","targetHints":{"allow":["GET"]}}],"collection":[{"href":"https:\/\/radioactivegaming.eu\/en\/wp-json\/wp\/v2\/pages"}],"about":[{"href":"https:\/\/radioactivegaming.eu\/en\/wp-json\/wp\/v2\/types\/page"}],"author":[{"embeddable":true,"href":"https:\/\/radioactivegaming.eu\/en\/wp-json\/wp\/v2\/users\/1"}],"replies":[{"embeddable":true,"href":"https:\/\/radioactivegaming.eu\/en\/wp-json\/wp\/v2\/comments?post=5"}],"version-history":[{"count":86,"href":"https:\/\/radioactivegaming.eu\/en\/wp-json\/wp\/v2\/pages\/5\/revisions"}],"predecessor-version":[{"id":5674,"href":"https:\/\/radioactivegaming.eu\/en\/wp-json\/wp\/v2\/pages\/5\/revisions\/5674"}],"wp:attachment":[{"href":"https:\/\/radioactivegaming.eu\/en\/wp-json\/wp\/v2\/media?parent=5"}],"curies":[{"name":"wp","href":"https:\/\/api.w.org\/{rel}","templated":true}]}}