{"id":1122,"date":"2020-02-24T17:17:06","date_gmt":"2020-02-24T16:17:06","guid":{"rendered":"http:\/\/radioactivegaming.eu\/?page_id=1122"},"modified":"2024-05-25T00:05:50","modified_gmt":"2024-05-24T22:05:50","slug":"puerto-comercial","status":"publish","type":"page","link":"https:\/\/radioactivegaming.eu\/es\/atlas\/puerto-comercial\/","title":{"rendered":"puerto comercial"},"content":{"rendered":"<div  data-label=\"Allg\" data-id=\"about--1\" data-export-id=\"about-1\" data-category=\"about\" class=\"about-1 content-section content-relative\" id=\"allg\" style=\"background-color: rgb(255, 255, 255);\"><div  class=\"section-separator-top\">\n    <svg  xmlns=\"http:\/\/www.w3.org\/2000\/svg\" height=\"100%\" viewbox=\"0 0 283.5 27.8\" preserveaspectratio=\"xMidYMax slice\" data-separator-name=\"drops\" class=\"section-separator-top\">\n\t<path  class=\"svg-white-bg\" d=\"M0 0v1.4c.6.7 1.1 1.4 1.4 2 2 3.8 2.2 6.6 1.8 10.8-.3 3.3-2.4 9.4 0 12.3 1.7 2 3.7 1.4 4.6-.9 1.4-3.8-.7-8.2-.6-12 .1-3.7 3.2-5.5 6.9-4.9 4 .6 4.8 4 4.9 7.4.1 1.8-1.1 7 0 8.5.6.8 1.6 1.2 2.4.5 1.4-1.1.1-5.4.1-6.9.1-3.7.3-8.6 4.1-10.5 5-2.5 6.2 1.6 5.4 5.6-.4 1.7-1 9.2 2.9 6.3 1.5-1.1.7-3.5.5-4.9-.4-2.4-.4-4.3 1-6.5.9-1.4 2.4-3.1 4.2-3 2.4.1 2.7 2.2 4 3.7 1.5 1.8 1.8 2.2 3 .1 1.1-1.9 1.2-2.8 3.6-3.3 1.3-.3 4.8-1.4 5.9-.5 1.5 1.1.6 2.8.4 4.3-.2 1.1-.6 4 1.8 3.4 1.7-.4-.3-4.1.6-5.6 1.3-2.2 5.8-1.4 7 .5 1.3 2.1.5 5.8.1 8.1s-1.2 5-.6 7.4c1.3 5.1 4.4.9 4.3-2.4-.1-4.4-2-8.8-.5-13 .9-2.4 4.6-6.6 7.7-4.5 2.7 1.8.5 7.8.2 10.3-.2 1.7-.8 4.6.2 6.2.9 1.4 2 1.5 2.6-.3.5-1.5-.9-4.5-1-6.1-.2-1.7-.4-3.7.2-5.4 1.8-5.6 3.5 2.4 6.3.6 1.4-.9 4.3-9.4 6.1-3.1.6 2.2-1.3 7.8.7 8.9 4.2 2.3 1.5-7.1 2.2-8 3.1-4 4.7 3.8 6.1 4.1 3.1.7 2.8-7.9 8.1-4.5 1.7 1.1 2.9 3.3 3.2 5.2.4 2.2-1 4.5-.6 6.6 1 4.3 4.4 1.5 4.4-1.7 0-2.7-3-8.3 1.4-9.1 4.4-.9 7.3 3.5 7.8 6.9.3 2-1.5 10.9 1.3 11.3 4.1.6-3.2-15.7 4.8-15.8 4.7-.1 2.8 4.1 3.9 6.6 1 2.4 2.1 1 2.3-.8.3-1.9-.9-3.2 1.3-4.3 5.9-2.9 5.9 5.4 5.5 8.5-.3 2-1.7 8.4 2 8.1 6.9-.5-2.8-16.9 4.8-18.7 4.7-1.2 6.1 3.6 6.3 7.1.1 1.7-1.2 8.1.6 9.1 3.5 2 1.9-7 2-8.4.2-4 1.2-9.6 6.4-9.8 4.7-.2 3.2 4.6 2.7 7.5-.4 2.2 1.3 8.6 3.8 4.4 1.1-1.9-.3-4.1-.3-6 0-1.7.4-3.2 1.3-4.6 1-1.6 2.9-3.5 5.1-2.9 2.5.6 2.3 4.1 4.1 4.9 1.9.8 1.6-.9 2.3-2.1 1.2-2.1 2.1-2.1 4.4-2.4 1.4-.2 3.6-1.5 4.9-.5 2.3 1.7-.7 4.4.1 6.5.6 1.5 2.1 1.7 2.8.3.7-1.4-1.1-3.4-.3-4.8 1.4-2.5 6.2-1.2 7.2 1 2.3 4.8-3.3 12-.2 16.3 3 4.1 3.9-2.8 3.8-4.8-.4-4.3-2.1-8.9 0-13.1 1.3-2.5 5.9-5.7 7.9-2.4 2 3.2-1.3 9.8-.8 13.4.5 4.4 3.5 3.3 2.7-.8-.4-1.9-2.4-10 .6-11.1 3.7-1.4 2.8 7.2 6.5.4 2.2-4.1 4.9-3.1 5.2 1.2.1 1.5-.6 3.1-.4 4.6.2 1.9 1.8 3.7 3.3 1.3 1-1.6-2.6-10.4 2.9-7.3 2.6 1.5 1.6 6.5 4.8 2.7 1.3-1.5 1.7-3.6 4-3.7 2.2-.1 4 2.3 4.8 4.1 1.3 2.9-1.5 8.4.9 10.3 4.2 3.3 3-5.5 2.7-6.9-.6-3.9 1-7.2 5.5-5 4.1 2.1 4.3 7.7 4.1 11.6 0 .8-.6 9.5 2.5 5.2 1.2-1.7-.1-7.7.1-9.6.3-2.9 1.2-5.5 4.3-6.2 4.5-1 7.7 1.5 7.4 5.8-.2 3.5-1.8 7.7-.5 11.1 1 2.7 3.6 2.8 5 .2 1.6-3.1 0-8.3-.4-11.6-.4-4.2-.2-7 1.8-10.8 0 0-.1.1-.1.2-.2.4-.3.7-.4.8v.1c-.1.2-.1.2 0 0v-.1l.4-.8c0-.1.1-.1.1-.2.2-.4.5-.8.8-1.2V0H0zM282.7 3.4z\"><\/path>\n<\/svg>\n<\/div><div  class=\"gridContainer\"> <div  class=\"row text-center\"><div  class=\"section-title-col\" data-type=\"column\">  <h2  class=\"\">Nassau<\/h2> <p  class=\"lead\">En el centro de C3 se encuentra la isla de Nassau, con la ciudad del mismo nombre.<\/p><\/div> <\/div> <div  class=\"row\"> <div  class=\"button-holder space-bottom space-bottom-small\" data-type=\"column\"> <\/div> <div  class=\"col-xs bottom-xs flexbox image-group-bottom-3-img space-bottom-xs center-xs\"> <img  decoding=\"async\" class=\"left-img shadow-large-black\" data-size=\"500x300\" src=\"https:\/\/radioactivegaming.eu\/wp-content\/uploads\/2022\/09\/cropped-20220920122222_1.jpg\" alt=\"\" title=\"cropped-20220920122222_1.jpg\"> <img  decoding=\"async\" class=\"center-img shadow-large-black\" data-size=\"500x300\" src=\"https:\/\/radioactivegaming.eu\/wp-content\/uploads\/2022\/12\/cropped-9f394f681e40751b9e96dca5d1239a05d2a3c846.png\" alt=\"\" title=\"cropped-9f394f681e40751b9e96dca5d1239a05d2a3c846.png\"> <img  decoding=\"async\" class=\"right-img shadow-large-black\" data-size=\"500x300\" src=\"https:\/\/radioactivegaming.eu\/wp-content\/uploads\/2022\/09\/cropped-20220920122150_1.jpg\" alt=\"\" title=\"cropped-20220920122150_1.jpg\"><\/div> <\/div><\/div> <\/div><div  data-label=\"Features\" data-id=\"features--1\" data-export-id=\"features-16-card-bordered\" data-category=\"features\" class=\"features-16-card-bordered content-section content-section-spacing content-relative\" id=\"features-1\" style=\"background-color: rgb(255, 255, 255); background-image: none;\"><div  class=\"gridContainer\"> <div  class=\"row text-center\"><div  class=\"section-title-col\" data-type=\"column\"> <h2  class=\"\">Pase y sorpr\u00e9ndase.<\/h2> <p  class=\"lead\">Nassau en C3 tiene mucho que ofrecer y es un popular punto de encuentro para hacer cosas.<\/p><\/div> <\/div> <div  class=\"row spaced-cols center-sm\" data-type=\"row\"> <div  class=\"col-xs-12 col-sm-6 col-md-4\"> <div  class=\"card no-padding bordered y-move\"> <img  decoding=\"async\" class=\"face\" src=\"https:\/\/radioactivegaming.eu\/wp-content\/uploads\/2022\/09\/cropped-20220920122426_1.jpg\" alt=\"\" title=\"cropped-20220920122426_1.jpg\"> <div  data-type=\"column\" class=\"col-padding-small col-padding-small-xs description-container\"> <h4  class=\"font-500\">Cofres embrujados primitivos<\/h4> <p  class=\"\">Los cofres Primitive Hauntet est\u00e1n dise\u00f1ados para facilitarte el inicio en el juego.\n<br ><br >\n<br >Conseguir\u00e1s las primeras monedas de oro para los PNJ y los primeros planos para mejorar objetos.\n<br ><br >\n<br >Se encuentran exclusivamente en C3\n<br ><br >No necesitas m\u00e1s que un arco y una flecha o un arma cuerpo a cuerpo que se adapte a ti.\n<br ><br >Este peque\u00f1o recuadro tambi\u00e9n pretende ofrecerte un anticipo de otros contenidos mod de nuestro servidor.<\/p><\/div> <div  data-type=\"column\" class=\"col-padding-small col-padding-small-xs read-more-container\"><\/div> <\/div><\/div> <div  class=\"col-xs-12 col-sm-6 col-md-4\"><div  class=\"card no-padding bordered y-move\"> <img  decoding=\"async\" class=\"face\" src=\"https:\/\/radioactivegaming.eu\/wp-content\/uploads\/2022\/09\/cropped-20220920122255_1.jpg\" alt=\"\" title=\"cropped-20220920122255_1.jpg\"> <div  data-type=\"column\" class=\"col-padding-small col-padding-small-xs description-container\"> <h4  class=\"font-500\">Plataformas de venta de animales<\/h4> <p  class=\"\">\u00a1Esta plataforma alquilable se utiliza para vender Tames!<br ><br >Puede ofrecer varios animales en una sola plataforma.<br ><br >\nTodos los animales vendidos se esterilizan autom\u00e1ticamente.\n<br ><br >\nEl precio y el recurso pueden ser elegidos por el inquilino.\n<br ><br >Opcionalmente tambi\u00e9n puede vender animales con impresi\u00f3n. Requisito: \u00a1Has impreso el animal t\u00fa mismo y tiene la impresi\u00f3n 100%!<\/p><\/div> <div  data-type=\"column\" class=\"col-padding-small col-padding-small-xs read-more-container\"><\/div> <\/div><\/div> <div  class=\"col-xs-12 col-sm-6 col-md-4\"><div  class=\"card no-padding bordered y-move\"> <img  decoding=\"async\" class=\"face\" src=\"https:\/\/radioactivegaming.eu\/wp-content\/uploads\/2022\/09\/cropped-20220920122306_1.jpg\" alt=\"\" title=\"cropped-20220920122306_1.jpg\"> <div  data-type=\"column\" class=\"col-padding-small col-padding-small-xs description-container\"> <h4  class=\"font-500\">Tiendas de art\u00edculos<\/h4> <p  class=\"\">En la calle comercial puedes alquilar tiendas donde vender art\u00edculos como en las tiendas normales de los jugadores.\n<br ><br >\nEl coste aqu\u00ed es de 50 de oro cada 12 horas, sin importar cu\u00e1nto haya en la tienda.\n<br ><br >Importante: Si tu tienda deja de estar financiada, ser\u00e1 eliminada de tu empresa y se perder\u00e1 todo el contenido de la tienda, \u00a1recibir\u00e1s el aviso correspondiente con antelaci\u00f3n en el tribelog!<\/p><\/div> <div  data-type=\"column\" class=\"col-padding-small col-padding-small-xs read-more-container\"><\/div> <\/div><\/div> <div  class=\"col-xs-12 col-sm-6 col-md-4\"> <div  class=\"card no-padding bordered y-move\"> <img  decoding=\"async\" class=\"face\" src=\"https:\/\/radioactivegaming.eu\/wp-content\/uploads\/2022\/09\/cropped-20220920122347_1.jpg\" alt=\"\" title=\"cropped-20220920122347_1.jpg\"> <div  data-type=\"column\" class=\"col-padding-small col-padding-small-xs description-container\"> <h4  class=\"font-500\">La taberna<\/h4> <p  class=\"\">En la taberna encontrar\u00e1s varios PNJ, \u00a1y tambi\u00e9n podr\u00e1s alquilar una cama y una caja de recursos!\n<br ><br >Es el principal punto de aparici\u00f3n y el comienzo de tu aventura.<\/p><\/div> <div  data-type=\"column\" class=\"col-padding-small col-padding-small-xs read-more-container\"><\/div> <\/div><\/div><div  class=\"col-xs-12 col-sm-6 col-md-4\"> <div  class=\"card no-padding bordered y-move\"> <img  decoding=\"async\" class=\"face\" src=\"https:\/\/radioactivegaming.eu\/wp-content\/uploads\/2022\/09\/cropped-20220920122438_1.jpg\" alt=\"\" title=\"cropped-20220920122438_1.jpg\"> <div  data-type=\"column\" class=\"col-padding-small col-padding-small-xs description-container\"> <h4  class=\"font-500\">Fuente de la juventud<\/h4> <p  class=\"\">Detr\u00e1s de la taberna en la cascada, llegar\u00e1s a la Fuente de la Juventud, \u00a1no es necesario Deathrun en las Islas Powerstone!<\/p><\/div> <div  data-type=\"column\" class=\"col-padding-small col-padding-small-xs read-more-container\"><\/div> <\/div><\/div><div  class=\"col-xs-12 col-sm-6 col-md-4\"> <div  class=\"card no-padding bordered y-move\"> <img  decoding=\"async\" class=\"face\" src=\"https:\/\/radioactivegaming.eu\/wp-content\/uploads\/2024\/05\/fishing.png\" alt=\"\" title=\"pesca\"> <div  data-type=\"column\" class=\"col-padding-small col-padding-small-xs description-container\"> <h4  class=\"font-500\">Minijuego de pesca<\/h4> <p  class=\"\">Se puede pescar bajo la cascada de la calavera, detr\u00e1s de la ciudad.\n<br ><br >\nPero eso no es todo. En cuanto tengas suficientes Fishing Coins, tambi\u00e9n podr\u00e1s comprar un peque\u00f1o barco de pesca. Con \u00e9l tambi\u00e9n podr\u00e1 pescar dentro del lago.<\/p><\/div> <div  data-type=\"column\" class=\"col-padding-small col-padding-small-xs read-more-container\"><\/div> <\/div><\/div><div  class=\"col-xs-12 col-sm-6 col-md-4\"> <div  class=\"card no-padding bordered y-move\"> <img  decoding=\"async\" class=\"face\" src=\"https:\/\/radioactivegaming.eu\/wp-content\/uploads\/2024\/05\/arena.png\" alt=\"\" title=\"arena\"> <div  data-type=\"column\" class=\"col-padding-small col-padding-small-xs description-container\"> <h4  class=\"font-500\">Coliseo<\/h4> <p  class=\"\">Cada 2 horas se celebra un combate en el Coliseo.\n<br >\n<br >Para participar, s\u00f3lo tienes que estar en el C3, vaciar tu inventario y escribir \/joinarena en el chat.\n<br >Aseg\u00farese tambi\u00e9n de que no est\u00e1 en un barco.\n<br ><br >El combate tendr\u00e1 lugar si se inscriben al menos 6 personas. Todos estar\u00e9is equipados con las mismas estad\u00edsticas y objetos, \u00a1as\u00ed que ser\u00e1 un combate justo!<\/p><\/div> <div  data-type=\"column\" class=\"col-padding-small col-padding-small-xs read-more-container\"><\/div> <\/div><\/div><div  class=\"col-xs-12 col-sm-6 col-md-4\"> <div  class=\"card no-padding bordered y-move\"> <img  decoding=\"async\" class=\"face\" src=\"https:\/\/radioactivegaming.eu\/wp-content\/uploads\/2023\/08\/cropped-20230814174544_1.jpg\" alt=\"\" title=\"cropped-20230814174544_1.jpg\"> <div  data-type=\"column\" class=\"col-padding-small col-padding-small-xs description-container\"> <h4  class=\"font-500\">H\u00e1gase residente<\/h4> <p  class=\"\">\n\u00bfNo te basta con una cama en la taberna?\n<br >Entonces, \u00a1alquile una de las muchas casas!\n<br >\n<br >Puedes decorar y amueblar las casas a tu gusto.\n<br ><br >Adem\u00e1s, tienes un Int Buff de 30% en la casa y puedes hacer que se entreguen recursos al C3 desde tus bases a trav\u00e9s del Buz\u00f3n (\u00a1retraso de ~15 minutos!).\n<br ><br >Las casas no son baratas de mantener y, por lo tanto, son una compra absolutamente tard\u00eda.<\/p><\/div> <div  data-type=\"column\" class=\"col-padding-small col-padding-small-xs read-more-container\"><\/div> <\/div><\/div><\/div><\/div> <div  class=\"section-separator-bottom\">\n    <svg  class=\"section-separator-bottom\" data-separator-name=\"triangle-asymmetrical-negative\" preserveaspectratio=\"none\" viewbox=\"0 0 1000 100\" xmlns=\"http:\/\/www.w3.org\/2000\/svg\">\n        <path  class=\"svg-white-bg\" d=\"M737.9,94.7L0,0v100h1000V0L737.9,94.7z\"><\/path>\n    <\/svg>\n<\/div><\/div><div  data-label=\"tradingplfaq\" data-id=\"features--2\" data-export-id=\"features-12-card-bordered-colored\" data-category=\"features\" class=\"features-12-card-bordered-colored content-section content-section-spacing  content-relative\" id=\"tradingplfaq\" style=\"background-color: rgb(255, 255, 255);\"><div  class=\"section-separator-top\">\n    <svg  class=\"section-separator-top\" data-separator-name=\"triangle-asymmetrical-negative\" preserveaspectratio=\"none\" viewbox=\"0 0 1000 100\" xmlns=\"http:\/\/www.w3.org\/2000\/svg\">\n        <path  class=\"svg-white-bg\" d=\"M737.9,94.7L0,0v100h1000V0L737.9,94.7z\"><\/path>\n    <\/svg>\n<\/div><div  class=\"gridContainer\"><div  class=\"row text-center\"><div  class=\"section-title-col\" data-type=\"column\"> <h2  class=\"\">Preguntas m\u00e1s frecuentes<\/h2> <\/div> <\/div> <div  class=\"row spaced-cols\" data-type=\"row\"> <div  class=\"col-xs-12 col-sm-6\"> <div  class=\"card row-card bottom-border-color2\"> <div  class=\"row\"> <div  class=\"col-sm-fit icon-column\"> <i  class=\"fa icon fa-question-circle bordered round color2\"><\/i> <\/div> <div  class=\"col-sm\" data-type=\"column\"> <h5  class=\"color2\">\u00bfC\u00f3mo puedo alquilar algo?<\/h5> <p  class=\"\">Las plataformas\/tiendas vac\u00edas tienen la interacci\u00f3n correspondiente \"Alquiler por x Oro\".\n<br >Tambi\u00e9n hay una diferencia visual reconocible.<\/p><\/div> <\/div><\/div> <\/div>   <div  class=\"col-xs-12 col-sm-6\"> <div  class=\"card row-card bottom-border-color2\"> <div  class=\"row\"> <div  class=\"col-sm-fit icon-column\"> <i  class=\"fa icon fa-question-circle bordered round color2\"><\/i> <\/div> <div  class=\"col-sm\" data-type=\"column\"> <h5  class=\"color2\">\u00bfVentajas en comparaci\u00f3n con el comercio normal?<\/h5> <p  class=\"\">El comprador puede ver su mercanc\u00eda tranquilamente y cobrar\/agricultar el pago si es necesario.\n<br >Tambi\u00e9n puede realizar la compra sin que el vendedor tenga que estar en l\u00ednea.<\/p><\/div> <\/div><\/div> <\/div><div  class=\"col-xs-12 col-sm-6\"> <div  class=\"card row-card bottom-border-color2\"> <div  class=\"row\"> <div  class=\"col-sm-fit icon-column\"> <i  class=\"fa icon fa-exclamation-circle bordered round color2\"><\/i> <\/div> <div  class=\"col-sm\" data-type=\"column\"> <h5  class=\"color2\">\u00bfC\u00f3mo se paga el alquiler por estructuras?<\/h5> <p  class=\"\">El oro correspondiente a tus estructuras alquiladas debe estar en cantidad suficiente en la estructura correspondiente.<\/p><\/div> <\/div><\/div> <\/div><\/div> <\/div><\/div>","protected":false},"excerpt":{"rendered":"<p>Nassau \u00a1En el centro de C3 se encuentra la isla de Nassau con la ciudad del mismo nombre! Eche un vistazo y sorpr\u00e9ndase. Nassau en C3 tiene mucho que ofrecer y es un popular punto de encuentro para actividades. Cofres encantados primitivos Los cofres encantados primitivos est\u00e1n dise\u00f1ados para facilitarte el inicio en el juego. All\u00ed podr\u00e1s conseguir tus primeras monedas de oro... <br \/> <a class=\"read-more\" href=\"https:\/\/radioactivegaming.eu\/es\/atlas\/puerto-comercial\/\">Seguir leyendo<\/a><\/p>","protected":false},"author":1,"featured_media":1139,"parent":13,"menu_order":0,"comment_status":"closed","ping_status":"closed","template":"pro\/page-templates\/full-width-page.php","meta":{"footnotes":""},"class_list":["post-1122","page","type-page","status-publish","has-post-thumbnail","hentry"],"yoast_head":"<!-- This site is optimized with the Yoast SEO plugin v26.3 - https:\/\/yoast.com\/wordpress\/plugins\/seo\/ -->\n<title>handelshafen - Radioactive Gaming<\/title>\n<meta name=\"robots\" content=\"index, follow, max-snippet:-1, max-image-preview:large, max-video-preview:-1\" \/>\n<link rel=\"canonical\" href=\"https:\/\/radioactivegaming.eu\/es\/atlas\/puerto-comercial\/\" \/>\n<meta property=\"og:locale\" content=\"es_ES\" \/>\n<meta property=\"og:type\" content=\"article\" \/>\n<meta property=\"og:title\" content=\"handelshafen - Radioactive Gaming\" \/>\n<meta property=\"og:description\" content=\"Nassau Mittig in C3 findet ihr die Insel Nassau mit der gleichnamigen Stadt! Schaut vorbei und staunet! Nassau in C3 hat viel zu bieten und ist ein beliebter Treffpunkt f\u00fcr Unternehmungen! Primitiv Haunted Chests Die Primitive Hauntet Chests ist daf\u00fcr Gedacht euch den Einstieg ins Spiel etwas zu vereinfachen. Ihr bekommt dort eure ersten Goldm\u00fcnzen&hellip; Read more\" \/>\n<meta property=\"og:url\" content=\"https:\/\/radioactivegaming.eu\/es\/atlas\/puerto-comercial\/\" \/>\n<meta property=\"og:site_name\" content=\"Radioactive Gaming\" \/>\n<meta property=\"article:modified_time\" content=\"2024-05-24T22:05:50+00:00\" \/>\n<meta property=\"og:image\" content=\"https:\/\/radioactivegaming.eu\/wp-content\/uploads\/2020\/02\/20200224160539_1-scaled.jpg\" \/>\n\t<meta property=\"og:image:width\" content=\"2560\" \/>\n\t<meta property=\"og:image:height\" content=\"1440\" \/>\n\t<meta property=\"og:image:type\" content=\"image\/jpeg\" \/>\n<meta name=\"twitter:card\" content=\"summary_large_image\" \/>\n<meta name=\"twitter:label1\" content=\"Tiempo de lectura\" \/>\n\t<meta name=\"twitter:data1\" content=\"7 minutos\" \/>\n<script type=\"application\/ld+json\" class=\"yoast-schema-graph\">{\"@context\":\"https:\/\/schema.org\",\"@graph\":[{\"@type\":\"WebPage\",\"@id\":\"https:\/\/radioactivegaming.eu\/atlas\/handelshafen\/\",\"url\":\"https:\/\/radioactivegaming.eu\/atlas\/handelshafen\/\",\"name\":\"handelshafen - Radioactive Gaming\",\"isPartOf\":{\"@id\":\"https:\/\/radioactivegaming.eu\/#website\"},\"primaryImageOfPage\":{\"@id\":\"https:\/\/radioactivegaming.eu\/atlas\/handelshafen\/#primaryimage\"},\"image\":{\"@id\":\"https:\/\/radioactivegaming.eu\/atlas\/handelshafen\/#primaryimage\"},\"thumbnailUrl\":\"https:\/\/radioactivegaming.eu\/wp-content\/uploads\/2020\/02\/20200224160539_1-scaled.jpg\",\"datePublished\":\"2020-02-24T16:17:06+00:00\",\"dateModified\":\"2024-05-24T22:05:50+00:00\",\"breadcrumb\":{\"@id\":\"https:\/\/radioactivegaming.eu\/atlas\/handelshafen\/#breadcrumb\"},\"inLanguage\":\"es\",\"potentialAction\":[{\"@type\":\"ReadAction\",\"target\":[\"https:\/\/radioactivegaming.eu\/atlas\/handelshafen\/\"]}]},{\"@type\":\"ImageObject\",\"inLanguage\":\"es\",\"@id\":\"https:\/\/radioactivegaming.eu\/atlas\/handelshafen\/#primaryimage\",\"url\":\"https:\/\/radioactivegaming.eu\/wp-content\/uploads\/2020\/02\/20200224160539_1-scaled.jpg\",\"contentUrl\":\"https:\/\/radioactivegaming.eu\/wp-content\/uploads\/2020\/02\/20200224160539_1-scaled.jpg\",\"width\":2560,\"height\":1440},{\"@type\":\"BreadcrumbList\",\"@id\":\"https:\/\/radioactivegaming.eu\/atlas\/handelshafen\/#breadcrumb\",\"itemListElement\":[{\"@type\":\"ListItem\",\"position\":1,\"name\":\"Startseite\",\"item\":\"https:\/\/radioactivegaming.eu\/\"},{\"@type\":\"ListItem\",\"position\":2,\"name\":\"Atlas\",\"item\":\"https:\/\/radioactivegaming.eu\/atlas\/\"},{\"@type\":\"ListItem\",\"position\":3,\"name\":\"handelshafen\"}]},{\"@type\":\"WebSite\",\"@id\":\"https:\/\/radioactivegaming.eu\/#website\",\"url\":\"https:\/\/radioactivegaming.eu\/\",\"name\":\"Radioactive Gaming\",\"description\":\"\",\"publisher\":{\"@id\":\"https:\/\/radioactivegaming.eu\/#organization\"},\"potentialAction\":[{\"@type\":\"SearchAction\",\"target\":{\"@type\":\"EntryPoint\",\"urlTemplate\":\"https:\/\/radioactivegaming.eu\/?s={search_term_string}\"},\"query-input\":{\"@type\":\"PropertyValueSpecification\",\"valueRequired\":true,\"valueName\":\"search_term_string\"}}],\"inLanguage\":\"es\"},{\"@type\":\"Organization\",\"@id\":\"https:\/\/radioactivegaming.eu\/#organization\",\"name\":\"Radioactive Gaming\",\"url\":\"https:\/\/radioactivegaming.eu\/\",\"logo\":{\"@type\":\"ImageObject\",\"inLanguage\":\"es\",\"@id\":\"https:\/\/radioactivegaming.eu\/#\/schema\/logo\/image\/\",\"url\":\"https:\/\/radioactivegaming.eu\/wp-content\/uploads\/2019\/12\/cropped-coin-2.png\",\"contentUrl\":\"https:\/\/radioactivegaming.eu\/wp-content\/uploads\/2019\/12\/cropped-coin-2.png\",\"width\":256,\"height\":256,\"caption\":\"Radioactive Gaming\"},\"image\":{\"@id\":\"https:\/\/radioactivegaming.eu\/#\/schema\/logo\/image\/\"},\"sameAs\":[\"https:\/\/www.youtube.com\/channel\/UCHAH-p_vfp_co-__TB4M14A\"]}]}<\/script>\n<!-- \/ Yoast SEO plugin. -->","yoast_head_json":{"title":"handelshafen - Juegos radioactivos","robots":{"index":"index","follow":"follow","max-snippet":"max-snippet:-1","max-image-preview":"max-image-preview:large","max-video-preview":"max-video-preview:-1"},"canonical":"https:\/\/radioactivegaming.eu\/es\/atlas\/puerto-comercial\/","og_locale":"es_ES","og_type":"article","og_title":"handelshafen - Radioactive Gaming","og_description":"Nassau Mittig in C3 findet ihr die Insel Nassau mit der gleichnamigen Stadt! Schaut vorbei und staunet! Nassau in C3 hat viel zu bieten und ist ein beliebter Treffpunkt f\u00fcr Unternehmungen! Primitiv Haunted Chests Die Primitive Hauntet Chests ist daf\u00fcr Gedacht euch den Einstieg ins Spiel etwas zu vereinfachen. Ihr bekommt dort eure ersten Goldm\u00fcnzen&hellip; Read more","og_url":"https:\/\/radioactivegaming.eu\/es\/atlas\/puerto-comercial\/","og_site_name":"Radioactive Gaming","article_modified_time":"2024-05-24T22:05:50+00:00","og_image":[{"width":2560,"height":1440,"url":"https:\/\/radioactivegaming.eu\/wp-content\/uploads\/2020\/02\/20200224160539_1-scaled.jpg","type":"image\/jpeg"}],"twitter_card":"summary_large_image","twitter_misc":{"Tiempo de lectura":"7 minutos"},"schema":{"@context":"https:\/\/schema.org","@graph":[{"@type":"WebPage","@id":"https:\/\/radioactivegaming.eu\/atlas\/handelshafen\/","url":"https:\/\/radioactivegaming.eu\/atlas\/handelshafen\/","name":"handelshafen - Juegos radioactivos","isPartOf":{"@id":"https:\/\/radioactivegaming.eu\/#website"},"primaryImageOfPage":{"@id":"https:\/\/radioactivegaming.eu\/atlas\/handelshafen\/#primaryimage"},"image":{"@id":"https:\/\/radioactivegaming.eu\/atlas\/handelshafen\/#primaryimage"},"thumbnailUrl":"https:\/\/radioactivegaming.eu\/wp-content\/uploads\/2020\/02\/20200224160539_1-scaled.jpg","datePublished":"2020-02-24T16:17:06+00:00","dateModified":"2024-05-24T22:05:50+00:00","breadcrumb":{"@id":"https:\/\/radioactivegaming.eu\/atlas\/handelshafen\/#breadcrumb"},"inLanguage":"es","potentialAction":[{"@type":"ReadAction","target":["https:\/\/radioactivegaming.eu\/atlas\/handelshafen\/"]}]},{"@type":"ImageObject","inLanguage":"es","@id":"https:\/\/radioactivegaming.eu\/atlas\/handelshafen\/#primaryimage","url":"https:\/\/radioactivegaming.eu\/wp-content\/uploads\/2020\/02\/20200224160539_1-scaled.jpg","contentUrl":"https:\/\/radioactivegaming.eu\/wp-content\/uploads\/2020\/02\/20200224160539_1-scaled.jpg","width":2560,"height":1440},{"@type":"BreadcrumbList","@id":"https:\/\/radioactivegaming.eu\/atlas\/handelshafen\/#breadcrumb","itemListElement":[{"@type":"ListItem","position":1,"name":"Startseite","item":"https:\/\/radioactivegaming.eu\/"},{"@type":"ListItem","position":2,"name":"Atlas","item":"https:\/\/radioactivegaming.eu\/atlas\/"},{"@type":"ListItem","position":3,"name":"handelshafen"}]},{"@type":"WebSite","@id":"https:\/\/radioactivegaming.eu\/#website","url":"https:\/\/radioactivegaming.eu\/","name":"Juegos radioactivos","description":"","publisher":{"@id":"https:\/\/radioactivegaming.eu\/#organization"},"potentialAction":[{"@type":"SearchAction","target":{"@type":"EntryPoint","urlTemplate":"https:\/\/radioactivegaming.eu\/?s={search_term_string}"},"query-input":{"@type":"PropertyValueSpecification","valueRequired":true,"valueName":"search_term_string"}}],"inLanguage":"es"},{"@type":"Organization","@id":"https:\/\/radioactivegaming.eu\/#organization","name":"Juegos radioactivos","url":"https:\/\/radioactivegaming.eu\/","logo":{"@type":"ImageObject","inLanguage":"es","@id":"https:\/\/radioactivegaming.eu\/#\/schema\/logo\/image\/","url":"https:\/\/radioactivegaming.eu\/wp-content\/uploads\/2019\/12\/cropped-coin-2.png","contentUrl":"https:\/\/radioactivegaming.eu\/wp-content\/uploads\/2019\/12\/cropped-coin-2.png","width":256,"height":256,"caption":"Radioactive Gaming"},"image":{"@id":"https:\/\/radioactivegaming.eu\/#\/schema\/logo\/image\/"},"sameAs":["https:\/\/www.youtube.com\/channel\/UCHAH-p_vfp_co-__TB4M14A"]}]}},"jetpack_sharing_enabled":true,"_links":{"self":[{"href":"https:\/\/radioactivegaming.eu\/es\/wp-json\/wp\/v2\/pages\/1122","targetHints":{"allow":["GET"]}}],"collection":[{"href":"https:\/\/radioactivegaming.eu\/es\/wp-json\/wp\/v2\/pages"}],"about":[{"href":"https:\/\/radioactivegaming.eu\/es\/wp-json\/wp\/v2\/types\/page"}],"author":[{"embeddable":true,"href":"https:\/\/radioactivegaming.eu\/es\/wp-json\/wp\/v2\/users\/1"}],"replies":[{"embeddable":true,"href":"https:\/\/radioactivegaming.eu\/es\/wp-json\/wp\/v2\/comments?post=1122"}],"version-history":[{"count":22,"href":"https:\/\/radioactivegaming.eu\/es\/wp-json\/wp\/v2\/pages\/1122\/revisions"}],"predecessor-version":[{"id":5434,"href":"https:\/\/radioactivegaming.eu\/es\/wp-json\/wp\/v2\/pages\/1122\/revisions\/5434"}],"up":[{"embeddable":true,"href":"https:\/\/radioactivegaming.eu\/es\/wp-json\/wp\/v2\/pages\/13"}],"wp:featuredmedia":[{"embeddable":true,"href":"https:\/\/radioactivegaming.eu\/es\/wp-json\/wp\/v2\/media\/1139"}],"wp:attachment":[{"href":"https:\/\/radioactivegaming.eu\/es\/wp-json\/wp\/v2\/media?parent=1122"}],"curies":[{"name":"wp","href":"https:\/\/api.w.org\/{rel}","templated":true}]}}