{"id":2345,"date":"2020-09-22T21:31:14","date_gmt":"2020-09-22T19:31:14","guid":{"rendered":"http:\/\/radioactivegaming.eu\/?page_id=2345"},"modified":"2022-12-25T15:09:47","modified_gmt":"2022-12-25T14:09:47","slug":"jefes-omega","status":"publish","type":"page","link":"https:\/\/radioactivegaming.eu\/es\/arca\/jefes-omega\/","title":{"rendered":"Jefes Omega"},"content":{"rendered":"<div  data-label=\"Features\" data-id=\"features--1\" data-export-id=\"features-16-card-bordered\" data-category=\"features\" class=\"features-16-card-bordered content-section content-section-spacing\" id=\"features-1\" style=\"background-color: rgb(255, 255, 255); --darkreader-inline-bgcolor: #181a1b;\" data-darkreader-inline-bgcolor=\"\"><div  class=\"gridContainer\"> <div  class=\"row text-center\"><div  class=\"section-title-col\" data-type=\"column\"> <h2  class=\"\">Jefes Omega<\/h2> <p  class=\"lead\"><span  style=\"font-family: Muli, arial, helvetica, sans-serif; font-weight: 600;\">Los jefes omega son una parte esencial de la investigaci\u00f3n de mutaciones, ya que sueltan antielementos despu\u00e9s de derrotarlos. Con \u00e9l se pueden crear varios dispositivos para la investigaci\u00f3n, mutar animales con el mutador hasta 100% y aumentar la probabilidad de mutaci\u00f3n de los h\u00edbridos hasta 25%. Los jefes en s\u00ed son jefes vainilla mejorados contra los que se puede luchar actualmente en los mapas La Isla y Ragnarok. En La Isla, estos incluyen a la Madre de cr\u00eda, el Megapithecus y el Drag\u00f3n. En Ragnarok puedes luchar contra la Mant\u00edcora Omega, o mejor dicho, contra las dos Mant\u00edcoras Omega. Todos estos jefes sueltan antielementos y algunos incluso desbloquean engramas especiales que puedes usar para crear m\u00e1s h\u00edbridos. Para que no sea demasiado f\u00e1cil, algunos animales que suelen aparecer en los combates contra jefes, como Theris y Rexes, est\u00e1n bloqueados y no se portan a los jefes. Adem\u00e1s, los no h\u00edbridos s\u00f3lo hacen 50% de da\u00f1o. Todos los jugadores reciben autom\u00e1ticamente la recompensa en su inventario.<\/span><\/p><\/div> <\/div> <div  class=\"row spaced-cols\" data-type=\"row\">  <div  class=\"col-xs-12 col-sm-6 col-md-6\"><div  class=\"card no-padding bordered y-move\"> <img decoding=\"async\"  class=\"face\" src=\"http:\/\/radioactivegaming.eu\/wp-content\/uploads\/2020\/09\/cropped-OmegaBossTerminal.png\" alt=\"\" title=\"recortada-OmegaBossTerminal.png\"> <div  data-type=\"column\" class=\"col-padding-small col-padding-small-xs description-container\"> <h4  class=\"font-500\">Jefe de Investigaci\u00f3n Gen\u00e9ticaTerminal<\/h4> <\/div> <div  data-type=\"column\" class=\"col-padding-small col-padding-small-xs read-more-container\"><p  class=\"lead\"><span  style=\"font-family: Muli, arial, helvetica, sans-serif; font-weight: 600;\">Este terminal, que se fabrica en el High Tech Fabricator, transporta a tus animales y a ti a las arenas de los jefes. El n\u00famero depende del jefe.<\/span><\/p><\/div> <\/div><\/div>  <div  class=\"col-xs-12 col-sm-6 col-md-6\"><div  class=\"card no-padding bordered y-move\"> <img decoding=\"async\"  class=\"face\" src=\"http:\/\/radioactivegaming.eu\/wp-content\/uploads\/2020\/09\/cropped-Fragezeichen-6.png\" alt=\"\" title=\"recortado-pregunta-marca-6.png\"> <div  data-type=\"column\" class=\"col-padding-small col-padding-small-xs description-container\"> <h4  class=\"font-500\">Antielemento<\/h4> <\/div> <div  data-type=\"column\" class=\"col-padding-small col-padding-small-xs read-more-container\"><p  class=\"lead\"><span  style=\"font-family: Muli, arial, helvetica, sans-serif; font-weight: 600;\">El antielemento se utiliza para aumentar la probabilidad de mutaci\u00f3n de los h\u00edbridos. Se trata de un proceso muy costoso y, por tanto, requiere una gran cantidad de este preciado recurso. Por lo tanto, cuantos m\u00e1s jugadores se unan en una tribu y luchen juntos contra jefes omega y puedan as\u00ed reunir el antielemento recolectado, m\u00e1s r\u00e1pido tendr\u00e1s tu primer h\u00edbrido mutado.<\/span><\/p><\/div> <\/div><\/div><\/div><\/div> <\/div><div  data-label=\"Features\" data-id=\"features--2\" data-export-id=\"features-16-card-bordered\" data-category=\"features\" class=\"features-16-card-bordered content-section content-section-spacing\" id=\"features-2\" style=\"background-color: rgb(255, 255, 255); background-image: none; --darkreader-inline-bgcolor: #181a1b; --darkreader-inline-bgimage: none;\" data-darkreader-inline-bgcolor=\"\" data-darkreader-inline-bgimage=\"\"><div  class=\"gridContainer\"> <div  class=\"row text-center\"><div  class=\"section-title-col\" data-type=\"column\"> <h2  class=\"\">Escalado de jefes<\/h2> <p  class=\"lead\"><span  style=\"font-family: Muli, arial, helvetica, sans-serif;\"><font  face=\"Muli, arial, helvetica, sans-serif\"><span ><span  style=\"font-weight: 600;\">Para hacerlo todo a\u00fan m\u00e1s emocionante, los jefes se vuelven m\u00e1s dif\u00edciles con el sistema de rachas de victorias cuantas m\u00e1s veces los derrotes. Las rachas de victorias cuentan para cada jefe individualmente.&nbsp;<\/span><\/span><\/font><\/span><span  style=\"font-family: Muli, arial, helvetica, sans-serif; font-weight: 600;\">La racha de victorias de todos los participantes se promedia para determinar la dificultad del jefe. El jefe tiene un +0, +1, etc... despu\u00e9s del nombre en consecuencia.<\/span><\/p><p  class=\"lead\"><span  style=\"font-weight: 600; font-family: Muli, arial, helvetica, sans-serif;\">-Por punto de Racha de Victoria, el da\u00f1o recibido se reduce en 1%, para los no h\u00edbridos esto se a\u00f1ade a la reducci\u00f3n de da\u00f1o de 50%. Ergo, si detr\u00e1s del nombre hay +1, los no h\u00edbridos s\u00f3lo hacen 49% de da\u00f1o y los h\u00edbridos 99%.<\/span><\/p><p  class=\"lead\"><span  style=\"font-weight: 600; font-family: Muli, arial, helvetica, sans-serif;\">-Cada 2 puntos de Racha de Victoria, el Bot\u00edn recibido aumenta en 1 antielemento. Si la Madre de cr\u00eda Omega es +2, cada jugador que no haya muerto tras derrotar al jefe recibe 7 antielementos.<\/span><\/p><p  class=\"lead\"><span  style=\"font-weight: 600; font-family: Muli, arial, helvetica, sans-serif;\">-Si mueres a manos del jefe en el combate contra el jefe, tu racha de victorias se pondr\u00e1 a 0.<\/span><\/p><p  class=\"lead\"><span  style=\"font-weight: 600; font-family: Muli, arial, helvetica, sans-serif;\">-Para asegurarte de que no te confundes con tus rachas de victorias, tienes un implante extra en tu inventario que muestra el n\u00famero de victorias de cada Jefe Omega.<\/span><\/p><h2  class=\"\">Omega Bosse - La Isla<\/h2><\/div> <\/div> <div  class=\"row spaced-cols\" data-type=\"row\"> <div  class=\"col-xs-12 col-sm-6 col-md-4\"> <div  class=\"card no-padding bordered y-move\"> <img decoding=\"async\"  class=\"face\" src=\"http:\/\/radioactivegaming.eu\/wp-content\/uploads\/2020\/09\/cropped-OmegaSpinne.png\" alt=\"\" title=\"recortado-OmegaSpider.png\"> <div  data-type=\"column\" class=\"col-padding-small col-padding-small-xs description-container\"> <h4  class=\"font-500\">Madres de cr\u00eda Omega<\/h4> <\/div> <div  data-type=\"column\" class=\"col-padding-small col-padding-small-xs read-more-container\"><p  class=\"lead\"><span  style=\"font-weight: 600; font-family: Muli, arial, helvetica, sans-serif;\">Nivel requerido: 110<\/span><br ><span  style=\"font-weight: 600; font-family: Muli, arial, helvetica, sans-serif;\">\r\nTributo requerido: 1x Trofeo Criadora Alfa<\/span><br ><span  style=\"font-weight: 600; font-family: Muli, arial, helvetica, sans-serif;\">\r\nVida: 354.000<\/span><br ><span  style=\"font-weight: 600; font-family: Muli, arial, helvetica, sans-serif;\">\r\nSupervivientes y animales permitidos: 12<\/span><br ><span  style=\"font-weight: 600; font-family: Muli, arial, helvetica, sans-serif;\">\r\nAntielemento (a +0): 6<\/span><br ><span  style=\"font-weight: 600; font-family: Muli, arial, helvetica, sans-serif;\">\r\nCaracter\u00edstica especial:\r\n<br >-Cura por cada s\u00fabdito muerto<\/span>\r\n<br ><span  id=\"_mce_caret\" data-mce-bogus=\"1\" data-mce-type=\"format-caret\"><span  style=\"font-weight: 600; font-family: Muli, arial, helvetica, sans-serif;\">-no Kurashi, Kitsune permitido<\/span><\/span><\/p><\/div> <\/div><\/div> <div  class=\"col-xs-12 col-sm-6 col-md-4\"><div  class=\"card no-padding bordered y-move\"> <img decoding=\"async\"  class=\"face\" src=\"http:\/\/radioactivegaming.eu\/wp-content\/uploads\/2020\/09\/cropped-OmegaMega.png\" alt=\"\" title=\"recortado-OmegaMega.png\"> <div  data-type=\"column\" class=\"col-padding-small col-padding-small-xs description-container\"> <h4  class=\"font-500\">Omega Megapithecus<\/h4> <\/div> <div  data-type=\"column\" class=\"col-padding-small col-padding-small-xs read-more-container\"><p  class=\"lead\"><span  style=\"font-weight: 600; font-family: Muli, arial, helvetica, sans-serif;\">Nivel requerido: 110<\/span><br ><span  style=\"font-weight: 600; font-family: Muli, arial, helvetica, sans-serif;\">\r\nTributo requerido: 1x Trofeo Alpha Megapithecus<\/span><br ><span  style=\"font-weight: 600; font-family: Muli, arial, helvetica, sans-serif;\">\r\nVida: 396.000<\/span><br ><span  style=\"font-weight: 600; font-family: Muli, arial, helvetica, sans-serif;\">\r\nSupervivientes y animales permitidos: 12<\/span><br ><span  style=\"font-weight: 600; font-family: Muli, arial, helvetica, sans-serif;\">\r\nAntielemento (a +0): 8<\/span><br ><span  style=\"font-weight: 600; font-family: Muli, arial, helvetica, sans-serif;\">\r\nCaracter\u00edstica especial:\r\n<br >-Tiene una probabilidad de % de reflejar el da\u00f1o recibido por el arma hacia el jugador.<\/span><span  id=\"_mce_caret\" data-mce-bogus=\"1\" data-mce-type=\"format-caret\"><span  style=\"font-weight: 600; font-family: Muli, arial, helvetica, sans-serif;\"><\/span><\/span><\/p><\/div> <\/div><\/div> <div  class=\"col-xs-12 col-sm-6 col-md-4\"><div  class=\"card no-padding bordered y-move\"> <img decoding=\"async\"  class=\"face\" src=\"http:\/\/radioactivegaming.eu\/wp-content\/uploads\/2020\/09\/cropped-OmegaDrache.png\" alt=\"\" title=\"recortado-OmegaDragon.png\"> <div  data-type=\"column\" class=\"col-padding-small col-padding-small-xs description-container\"> <h4  class=\"font-500\">Drag\u00f3n Omega<\/h4> <\/div> <div  data-type=\"column\" class=\"col-padding-small col-padding-small-xs read-more-container\"><p  class=\"lead\"><span  style=\"font-weight: 600; font-family: Muli, arial, helvetica, sans-serif;\">Nivel requerido: 110<\/span><br ><span  style=\"font-weight: 600; font-family: Muli, arial, helvetica, sans-serif;\">\r\nTributo requerido: 1x Trofeo Drag\u00f3n Alfa<\/span><br ><span  style=\"font-weight: 600; font-family: Muli, arial, helvetica, sans-serif;\">\r\nVida: 432.000<\/span><br ><span  style=\"font-weight: 600; font-family: Muli, arial, helvetica, sans-serif;\">\r\nSupervivientes y animales permitidos: 12<\/span><br ><span  style=\"font-weight: 600; font-family: Muli, arial, helvetica, sans-serif;\">\r\nAntielemento (a +0): 12<\/span><br ><span  style=\"font-weight: 600; font-family: Muli, arial, helvetica, sans-serif;\">\r\nCaracter\u00edstica especial:\r\n<br >-Tiene un Aura de Drenaje de Resistencia\r\n<\/span><span  id=\"_mce_caret\" data-mce-bogus=\"1\" data-mce-type=\"format-caret\"><span  style=\"font-weight: 600; font-family: Muli, arial, helvetica, sans-serif;\">-Desbloquea el ADN de Fukutsu<\/span><\/span><\/p><\/div> <\/div><\/div> <\/div><\/div> <\/div><div  data-label=\"Features\" data-id=\"features--3\" data-export-id=\"features-16-card-bordered\" data-category=\"features\" class=\"features-16-card-bordered content-section content-section-spacing\" id=\"features-3\" style=\"background-color: rgb(255, 255, 255); --darkreader-inline-bgcolor: #181a1b;\" data-darkreader-inline-bgcolor=\"\"><div  class=\"gridContainer\"> <div  class=\"row text-center\"><div  class=\"section-title-col\" data-type=\"column\"><h2  class=\"\">Jefes Omega - Ragnarok<\/h2>  <\/div> <\/div> <div  class=\"row spaced-cols center-sm\" data-type=\"row\">   <div  class=\"col-xs-12 col-sm-6 col-md-12\"><div  class=\"card no-padding bordered y-move\"> <img decoding=\"async\"  class=\"face\" src=\"http:\/\/radioactivegaming.eu\/wp-content\/uploads\/2020\/09\/cropped-DualManti2.png\" alt=\"\" title=\"recorte-DualManti2.png\"> <div  data-type=\"column\" class=\"col-padding-small col-padding-small-xs description-container\"> <h4  class=\"font-500\">Doble Manticore<\/h4> <\/div> <div  data-type=\"column\" class=\"col-padding-small col-padding-small-xs read-more-container\"><p  class=\"lead\" style=\"text-align: left;\"><span  id=\"_mce_caret\" data-mce-bogus=\"1\" data-mce-type=\"format-caret\"><span  style=\"font-weight: 600; font-family: Muli, arial, helvetica, sans-serif;\">Nivel requerido: 110<br >Tributos requeridos: 2x Trofeo Drag\u00f3n Alfa<br >Vida: 160.000 cada uno<br >Supervivientes y animales permitidos: 15\r\n<br >Antielemento (a +0): 10<br >Caracter\u00edsticas especiales:\r\n<br >-Ambos Manticores est\u00e1n en el nivel alfa de SE\r\n<br >-Es una pareja. \u00a1Cuidado con la prima de apareamiento!\r\n\r\n<br >-Presta siempre atenci\u00f3n a la exhibici\u00f3n de Torpor de tus propios animales.<br >-No se permiten Rexes, Theris, Managarmr, Kitsune, Kurashi y Avesfeles.<\/span><\/span>\r\n\r\n<br ><span  style=\"font-family: Muli, arial, helvetica, sans-serif; font-weight: 600;\">-Cada Manticora muerta aumenta la dificultad en 1, as\u00ed que por Bossfight ganado la Manticora Dual se vuelve 2% m\u00e1s dif\u00edcil y da 1 Anti-Elemento m\u00e1s por Manticora.\r\n<br >-Desbloquea el ADN Stegarion<\/span><\/p><\/div> <\/div><\/div> <\/div><\/div> <\/div>","protected":false},"excerpt":{"rendered":"<p>Jefes omega Los jefes omega son una parte esencial de la investigaci\u00f3n de mutaciones, ya que sueltan antielementos tras derrotarlos. Se puede utilizar para crear varios dispositivos para la investigaci\u00f3n, conseguir mutaciones en animales con el mutador hasta 100% y aumentar la probabilidad de mutaci\u00f3n de los h\u00edbridos hasta 25%. Los jefes en s\u00ed son jefes vainilla reforzados... <br \/> <a class=\"read-more\" href=\"https:\/\/radioactivegaming.eu\/es\/arca\/jefes-omega\/\">Seguir leyendo<\/a><\/p>","protected":false},"author":1,"featured_media":0,"parent":12,"menu_order":0,"comment_status":"closed","ping_status":"closed","template":"pro\/page-templates\/full-width-page.php","meta":{"footnotes":""},"class_list":["post-2345","page","type-page","status-publish","hentry"],"yoast_head":"<!-- This site is optimized with the Yoast SEO plugin v26.3 - https:\/\/yoast.com\/wordpress\/plugins\/seo\/ -->\n<title>Omega Bosse - Radioactive Gaming<\/title>\n<meta name=\"robots\" content=\"index, follow, max-snippet:-1, max-image-preview:large, max-video-preview:-1\" \/>\n<link rel=\"canonical\" href=\"https:\/\/radioactivegaming.eu\/es\/arca\/jefes-omega\/\" \/>\n<meta property=\"og:locale\" content=\"es_ES\" \/>\n<meta property=\"og:type\" content=\"article\" \/>\n<meta property=\"og:title\" content=\"Omega Bosse - Radioactive Gaming\" \/>\n<meta property=\"og:description\" content=\"Omega Bosse Omega Bosse sind ein essenzieller Teil der Mutationsforschung da sie nachdem man sie besiegt hat, Anti-Element droppen. Mit diesem kann man verschiedene Ger\u00e4te f\u00fcr die Forschung herstellen, Mutationen bei Tieren mit dem Mutator zu 100% erreichen und die Mutationschance der Hybriden zu bis zu 25% erh\u00f6hen. Die Bosse selbst sind verst\u00e4rkte Vanilla Bosse&hellip; Read more\" \/>\n<meta property=\"og:url\" content=\"https:\/\/radioactivegaming.eu\/es\/arca\/jefes-omega\/\" \/>\n<meta property=\"og:site_name\" content=\"Radioactive Gaming\" \/>\n<meta property=\"article:modified_time\" content=\"2022-12-25T14:09:47+00:00\" \/>\n<meta property=\"og:image\" content=\"http:\/\/radioactivegaming.eu\/wp-content\/uploads\/2020\/09\/cropped-OmegaBossTerminal.png\" \/>\n<meta name=\"twitter:card\" content=\"summary_large_image\" \/>\n<meta name=\"twitter:label1\" content=\"Tiempo de lectura\" \/>\n\t<meta name=\"twitter:data1\" content=\"5 minutos\" \/>\n<script type=\"application\/ld+json\" class=\"yoast-schema-graph\">{\"@context\":\"https:\/\/schema.org\",\"@graph\":[{\"@type\":\"WebPage\",\"@id\":\"https:\/\/radioactivegaming.eu\/ark\/omega-bosse\/\",\"url\":\"https:\/\/radioactivegaming.eu\/ark\/omega-bosse\/\",\"name\":\"Omega Bosse - Radioactive Gaming\",\"isPartOf\":{\"@id\":\"https:\/\/radioactivegaming.eu\/#website\"},\"primaryImageOfPage\":{\"@id\":\"https:\/\/radioactivegaming.eu\/ark\/omega-bosse\/#primaryimage\"},\"image\":{\"@id\":\"https:\/\/radioactivegaming.eu\/ark\/omega-bosse\/#primaryimage\"},\"thumbnailUrl\":\"http:\/\/radioactivegaming.eu\/wp-content\/uploads\/2020\/09\/cropped-OmegaBossTerminal.png\",\"datePublished\":\"2020-09-22T19:31:14+00:00\",\"dateModified\":\"2022-12-25T14:09:47+00:00\",\"breadcrumb\":{\"@id\":\"https:\/\/radioactivegaming.eu\/ark\/omega-bosse\/#breadcrumb\"},\"inLanguage\":\"es\",\"potentialAction\":[{\"@type\":\"ReadAction\",\"target\":[\"https:\/\/radioactivegaming.eu\/ark\/omega-bosse\/\"]}]},{\"@type\":\"ImageObject\",\"inLanguage\":\"es\",\"@id\":\"https:\/\/radioactivegaming.eu\/ark\/omega-bosse\/#primaryimage\",\"url\":\"http:\/\/radioactivegaming.eu\/wp-content\/uploads\/2020\/09\/cropped-OmegaBossTerminal.png\",\"contentUrl\":\"http:\/\/radioactivegaming.eu\/wp-content\/uploads\/2020\/09\/cropped-OmegaBossTerminal.png\"},{\"@type\":\"BreadcrumbList\",\"@id\":\"https:\/\/radioactivegaming.eu\/ark\/omega-bosse\/#breadcrumb\",\"itemListElement\":[{\"@type\":\"ListItem\",\"position\":1,\"name\":\"Startseite\",\"item\":\"https:\/\/radioactivegaming.eu\/\"},{\"@type\":\"ListItem\",\"position\":2,\"name\":\"Ark\",\"item\":\"https:\/\/radioactivegaming.eu\/ark\/\"},{\"@type\":\"ListItem\",\"position\":3,\"name\":\"Omega Bosse\"}]},{\"@type\":\"WebSite\",\"@id\":\"https:\/\/radioactivegaming.eu\/#website\",\"url\":\"https:\/\/radioactivegaming.eu\/\",\"name\":\"Radioactive Gaming\",\"description\":\"\",\"publisher\":{\"@id\":\"https:\/\/radioactivegaming.eu\/#organization\"},\"potentialAction\":[{\"@type\":\"SearchAction\",\"target\":{\"@type\":\"EntryPoint\",\"urlTemplate\":\"https:\/\/radioactivegaming.eu\/?s={search_term_string}\"},\"query-input\":{\"@type\":\"PropertyValueSpecification\",\"valueRequired\":true,\"valueName\":\"search_term_string\"}}],\"inLanguage\":\"es\"},{\"@type\":\"Organization\",\"@id\":\"https:\/\/radioactivegaming.eu\/#organization\",\"name\":\"Radioactive Gaming\",\"url\":\"https:\/\/radioactivegaming.eu\/\",\"logo\":{\"@type\":\"ImageObject\",\"inLanguage\":\"es\",\"@id\":\"https:\/\/radioactivegaming.eu\/#\/schema\/logo\/image\/\",\"url\":\"https:\/\/radioactivegaming.eu\/wp-content\/uploads\/2019\/12\/cropped-coin-2.png\",\"contentUrl\":\"https:\/\/radioactivegaming.eu\/wp-content\/uploads\/2019\/12\/cropped-coin-2.png\",\"width\":256,\"height\":256,\"caption\":\"Radioactive Gaming\"},\"image\":{\"@id\":\"https:\/\/radioactivegaming.eu\/#\/schema\/logo\/image\/\"},\"sameAs\":[\"https:\/\/www.youtube.com\/channel\/UCHAH-p_vfp_co-__TB4M14A\"]}]}<\/script>\n<!-- \/ Yoast SEO plugin. -->","yoast_head_json":{"title":"Jefes Omega - Radioactive Gaming","robots":{"index":"index","follow":"follow","max-snippet":"max-snippet:-1","max-image-preview":"max-image-preview:large","max-video-preview":"max-video-preview:-1"},"canonical":"https:\/\/radioactivegaming.eu\/es\/arca\/jefes-omega\/","og_locale":"es_ES","og_type":"article","og_title":"Omega Bosse - Radioactive Gaming","og_description":"Omega Bosse Omega Bosse sind ein essenzieller Teil der Mutationsforschung da sie nachdem man sie besiegt hat, Anti-Element droppen. Mit diesem kann man verschiedene Ger\u00e4te f\u00fcr die Forschung herstellen, Mutationen bei Tieren mit dem Mutator zu 100% erreichen und die Mutationschance der Hybriden zu bis zu 25% erh\u00f6hen. Die Bosse selbst sind verst\u00e4rkte Vanilla Bosse&hellip; Read more","og_url":"https:\/\/radioactivegaming.eu\/es\/arca\/jefes-omega\/","og_site_name":"Radioactive Gaming","article_modified_time":"2022-12-25T14:09:47+00:00","og_image":[{"url":"http:\/\/radioactivegaming.eu\/wp-content\/uploads\/2020\/09\/cropped-OmegaBossTerminal.png","type":"","width":"","height":""}],"twitter_card":"summary_large_image","twitter_misc":{"Tiempo de lectura":"5 minutos"},"schema":{"@context":"https:\/\/schema.org","@graph":[{"@type":"WebPage","@id":"https:\/\/radioactivegaming.eu\/ark\/omega-bosse\/","url":"https:\/\/radioactivegaming.eu\/ark\/omega-bosse\/","name":"Jefes Omega - Radioactive Gaming","isPartOf":{"@id":"https:\/\/radioactivegaming.eu\/#website"},"primaryImageOfPage":{"@id":"https:\/\/radioactivegaming.eu\/ark\/omega-bosse\/#primaryimage"},"image":{"@id":"https:\/\/radioactivegaming.eu\/ark\/omega-bosse\/#primaryimage"},"thumbnailUrl":"http:\/\/radioactivegaming.eu\/wp-content\/uploads\/2020\/09\/cropped-OmegaBossTerminal.png","datePublished":"2020-09-22T19:31:14+00:00","dateModified":"2022-12-25T14:09:47+00:00","breadcrumb":{"@id":"https:\/\/radioactivegaming.eu\/ark\/omega-bosse\/#breadcrumb"},"inLanguage":"es","potentialAction":[{"@type":"ReadAction","target":["https:\/\/radioactivegaming.eu\/ark\/omega-bosse\/"]}]},{"@type":"ImageObject","inLanguage":"es","@id":"https:\/\/radioactivegaming.eu\/ark\/omega-bosse\/#primaryimage","url":"http:\/\/radioactivegaming.eu\/wp-content\/uploads\/2020\/09\/cropped-OmegaBossTerminal.png","contentUrl":"http:\/\/radioactivegaming.eu\/wp-content\/uploads\/2020\/09\/cropped-OmegaBossTerminal.png"},{"@type":"BreadcrumbList","@id":"https:\/\/radioactivegaming.eu\/ark\/omega-bosse\/#breadcrumb","itemListElement":[{"@type":"ListItem","position":1,"name":"Startseite","item":"https:\/\/radioactivegaming.eu\/"},{"@type":"ListItem","position":2,"name":"Ark","item":"https:\/\/radioactivegaming.eu\/ark\/"},{"@type":"ListItem","position":3,"name":"Omega Bosse"}]},{"@type":"WebSite","@id":"https:\/\/radioactivegaming.eu\/#website","url":"https:\/\/radioactivegaming.eu\/","name":"Juegos radioactivos","description":"","publisher":{"@id":"https:\/\/radioactivegaming.eu\/#organization"},"potentialAction":[{"@type":"SearchAction","target":{"@type":"EntryPoint","urlTemplate":"https:\/\/radioactivegaming.eu\/?s={search_term_string}"},"query-input":{"@type":"PropertyValueSpecification","valueRequired":true,"valueName":"search_term_string"}}],"inLanguage":"es"},{"@type":"Organization","@id":"https:\/\/radioactivegaming.eu\/#organization","name":"Juegos radioactivos","url":"https:\/\/radioactivegaming.eu\/","logo":{"@type":"ImageObject","inLanguage":"es","@id":"https:\/\/radioactivegaming.eu\/#\/schema\/logo\/image\/","url":"https:\/\/radioactivegaming.eu\/wp-content\/uploads\/2019\/12\/cropped-coin-2.png","contentUrl":"https:\/\/radioactivegaming.eu\/wp-content\/uploads\/2019\/12\/cropped-coin-2.png","width":256,"height":256,"caption":"Radioactive Gaming"},"image":{"@id":"https:\/\/radioactivegaming.eu\/#\/schema\/logo\/image\/"},"sameAs":["https:\/\/www.youtube.com\/channel\/UCHAH-p_vfp_co-__TB4M14A"]}]}},"jetpack_sharing_enabled":true,"_links":{"self":[{"href":"https:\/\/radioactivegaming.eu\/es\/wp-json\/wp\/v2\/pages\/2345","targetHints":{"allow":["GET"]}}],"collection":[{"href":"https:\/\/radioactivegaming.eu\/es\/wp-json\/wp\/v2\/pages"}],"about":[{"href":"https:\/\/radioactivegaming.eu\/es\/wp-json\/wp\/v2\/types\/page"}],"author":[{"embeddable":true,"href":"https:\/\/radioactivegaming.eu\/es\/wp-json\/wp\/v2\/users\/1"}],"replies":[{"embeddable":true,"href":"https:\/\/radioactivegaming.eu\/es\/wp-json\/wp\/v2\/comments?post=2345"}],"version-history":[{"count":15,"href":"https:\/\/radioactivegaming.eu\/es\/wp-json\/wp\/v2\/pages\/2345\/revisions"}],"predecessor-version":[{"id":2593,"href":"https:\/\/radioactivegaming.eu\/es\/wp-json\/wp\/v2\/pages\/2345\/revisions\/2593"}],"up":[{"embeddable":true,"href":"https:\/\/radioactivegaming.eu\/es\/wp-json\/wp\/v2\/pages\/12"}],"wp:attachment":[{"href":"https:\/\/radioactivegaming.eu\/es\/wp-json\/wp\/v2\/media?parent=2345"}],"curies":[{"name":"wp","href":"https:\/\/api.w.org\/{rel}","templated":true}]}}