{"id":2889,"date":"2021-03-16T21:09:52","date_gmt":"2021-03-16T20:09:52","guid":{"rendered":"https:\/\/radioactivegaming.eu\/?page_id=2889"},"modified":"2024-05-25T11:26:24","modified_gmt":"2024-05-25T09:26:24","slug":"estable","status":"publish","type":"page","link":"https:\/\/radioactivegaming.eu\/es\/atlas\/estable\/","title":{"rendered":"Estable"},"content":{"rendered":"<div  data-label=\"features\" data-id=\"overlappable--1\" data-export-id=\"overlappable-4\" data-category=\"overlappable\" class=\"overlappable-4 content-section content-section-spacing content-relative\" data-overlap=\"true\" id=\"features\" style=\"background-color: rgb(255, 255, 255);\"><div  class=\"section-separator-top\">\n    <svg  class=\"section-separator-top\" data-separator-name=\"triangle-asymmetrical-negative\" preserveaspectratio=\"none\" viewbox=\"0 0 1000 100\" xmlns=\"http:\/\/www.w3.org\/2000\/svg\">\n        <path  class=\"svg-white-bg\" d=\"M737.9,94.7L0,0v100h1000V0L737.9,94.7z\"><\/path>\n    <\/svg>\n<\/div><div  class=\"gridContainer\"> <div  data-type=\"row\" class=\"row spaced-cols text-center content-center-sm center-sm\"><div  class=\"col-xs-12 col-sm-4 col-padding\"> <i  class=\"fa icon fa-clone large shadow-large-black round aligncenter reverse color1\"><\/i> <div  data-type=\"column\" class=\"\"> <h5  class=\"\">Acceso a trav\u00e9s de tarjetas<\/h5> <p  class=\"\">Los animales pueden introducirse en el establo o recogerse en cualquier cuadr\u00edcula.<\/p><\/div> <\/div> <div  class=\"col-xs-12 col-sm-4 col-padding\"> <i  class=\"fa icon fa-cogs large shadow-large-black round aligncenter reverse color1\"><\/i> <div  data-type=\"column\" class=\"\"><h5  class=\"\">Estad\u00edsticas<\/h5> <p  class=\"\">Puedes ver los colores, las estad\u00edsticas y los puntos distribuidos de los animales que est\u00e1n en el establo.<\/p><\/div> <\/div> <div  class=\"col-xs-12 col-sm-4 col-padding\"> <i  class=\"fa icon fa-magic large shadow-large-black round aligncenter reverse color1\"><\/i> <div  data-type=\"column\" class=\"\"><h5  class=\"\">Enfriamiento de apareamiento y XP<\/h5> <p  class=\"\">El enfriamiento del apareamiento de los animales subidos es exactamente el mismo que si estuvieran en el mapa.\n<br >Los animales tambi\u00e9n reciben puntos de experiencia.<\/p><\/div> <\/div><div  class=\"col-xs-12 col-sm-4 col-padding\"> <i  class=\"fa icon shadow-large-black aligncenter fa-angle-double-up reverse round large color1\"><\/i> <div  data-type=\"column\" class=\"\"> <h5  class=\"\">Rendimiento<\/h5> <p  class=\"\">Los animales que est\u00e1n en el establo no consumen ning\u00fan rendimiento y no necesitan comida ni contribuyen al l\u00edmite de doma.<\/p><\/div> <\/div><div  class=\"col-xs-12 col-sm-4 col-padding\"> <i  class=\"fa icon shadow-large-black aligncenter fa-cloud reverse round large color1\"><\/i> <div  data-type=\"column\" class=\"\"> <h5  class=\"\">Acceso web<\/h5> <p  class=\"\">Acerca de <a data-mce-href=\"https:\/\/atlasui.radioactivegaming.eu\/stable\/personal\" href=\"https:\/\/atlasui.radioactivegaming.eu\/stable\/personal\" target=\"_blank\" rel=\"noopener\" data-mce-selected=\"inline-boundary\" data-cp-link=\"1\" class=\"\">Atlas UI<\/a> podr\u00e1s ver y gestionar f\u00e1cilmente tus animales<\/p><\/div> <\/div><div  class=\"col-xs-12 col-sm-4 col-padding\"> <i  class=\"fa icon shadow-large-black aligncenter fa-angellist reverse round large color1\"><\/i> <div  data-type=\"column\" class=\"\"> <h5  class=\"\">Sillas de montar y pu\u00f1os<\/h5> <p  class=\"\">Las monturas equipadas y los potenciadores permanentes (por ejemplo, avistamientos raros) permanecen en el establo.<\/p><\/div> <\/div><div  class=\"col-xs-12 col-sm-4 col-padding\"> <i  class=\"fa icon shadow-large-black aligncenter fa-american-sign-language-interpreting reverse round large color1\"><\/i> <div  data-type=\"column\" class=\"\"> <h5  class=\"\">Descargar Debuff<\/h5> <p  class=\"\">Si los animales se descargan en una cuadr\u00edcula diferente a la que se cargaron, reciben una desventaja de 4 horas en la que reciben cuatro veces m\u00e1s da\u00f1o.\n<br ><br >Si el animal cruza el l\u00edmite de una cuadr\u00edcula, el pulido desaparece autom\u00e1ticamente.<\/p><\/div> <\/div><div  class=\"col-xs-12 col-sm-4 col-padding\"> <i  class=\"fa icon shadow-large-black aligncenter fa-align-left reverse round large color1\"><\/i> <div  data-type=\"column\" class=\"\"> <h5  class=\"\">L\u00edmites<\/h5> <p  class=\"\">Cada jugador puede almacenar hasta 1000 animales en el establo y reducir as\u00ed la carga del servidor.\n<br ><br >Las empresas disponen de un espacio adicional de 150 animales.\n<br ><br >S\u00f3lo la persona que subi\u00f3 los animales tiene acceso a ellos.<\/p><\/div> <\/div><div  class=\"col-xs-12 col-sm-4 col-padding\"> <i  class=\"fa icon shadow-large-black aligncenter fa-share-alt reverse round large color1\"><\/i> <div  data-type=\"column\" class=\"\"> <h5  class=\"\">Empresa Estable<\/h5> <p  class=\"\">El establo tambi\u00e9n tiene capacidad para almacenar animales para toda la empresa.\n<br ><br >El acceso s\u00f3lo es posible para un miembro de la empresa a la vez<\/p><\/div> <\/div><div  class=\"col-xs-12 col-sm-4 col-padding\"> <i  class=\"fa icon shadow-large-black aligncenter fa-spoon reverse round large color1\"><\/i> <div  data-type=\"column\" class=\"\"> <h5  class=\"\">Establo primitivo<\/h5> <p  class=\"\">Este establo para principiantes no tiene todas las caracter\u00edsticas del establo normal, pero puede construirse en las primeras horas.<\/p><\/div> <\/div><div  class=\"col-xs-12 col-sm-4 col-padding\"> <i  class=\"fa icon shadow-large-black aligncenter fa-balance-scale reverse round large color1\"><\/i> <div  data-type=\"column\" class=\"\"> <h5  class=\"\">Producci\u00f3n de art\u00edculos<\/h5> <p  class=\"\">Algunos animales producen pasivamente objetos en el establo que puedes recoger a intervalos regulares. (p. ej. cerdo -&gt; heces)\n<br ><br >Puede encontrar una lista actualizada en cualquier momento en nuestra <a data-mce-href=\"https:\/\/discord.com\/channels\/652851613140254740\/1056181027208433674\/1056181027208433674\" href=\"https:\/\/discord.com\/channels\/652851613140254740\/1056181027208433674\/1056181027208433674\" target=\"_blank\" rel=\"noopener\" data-mce-selected=\"inline-boundary\" data-cp-link=\"1\" class=\"\">Discordia<\/a><\/p><\/div> <\/div><\/div> <\/div><\/div><div  data-label=\"Herstellung\" data-id=\"content--1\" data-export-id=\"content-12\" data-category=\"content\" class=\"content-12 content-section content-section-spacing\" id=\"herstellung-1\" style=\"background-color: rgb(245, 250, 253);\"><div  class=\"gridContainer\"> <div  class=\"row text-center\"><div  class=\"section-title-col\" data-type=\"column\"> <h4  class=\"\">Dado que el establo es tan complejo, tambi\u00e9n puedes encontrar un FAQ en el Discord en <a data-mce-href=\"https:\/\/discord.com\/channels\/652851613140254740\/1213576131840581693\/1213576131840581693\" href=\"https:\/\/discord.com\/channels\/652851613140254740\/1213576131840581693\/1213576131840581693\" target=\"_blank\" rel=\"noopener\" data-mce-selected=\"inline-boundary\" data-cp-link=\"1\" class=\"\">Alem\u00e1n<\/a> y <a data-mce-href=\"https:\/\/discord.com\/channels\/652851613140254740\/1213586723498360842\/1213586723498360842\" href=\"https:\/\/discord.com\/channels\/652851613140254740\/1213586723498360842\/1213586723498360842\" target=\"_blank\" rel=\"noopener\" data-mce-selected=\"inline-boundary\" data-cp-link=\"1\" class=\"\">Ingl\u00e9s<\/a>!<\/h4><h2  class=\"\">\n<br ><br >Producci\u00f3n<\/h2> <p  class=\"lead\">Puedes hacer el establo en el Banco de Trabajo Alqu\u00edmico, \u00a1necesitas algunos recursos raros!\n<br ><br >Aquellos que a\u00fan no dispongan de establo pueden acceder a uno de los establos del Puerto Franco, en la Isla de la Administraci\u00f3n (C3) o en el establo de su vecino.<\/p><\/div> <\/div> <div  class=\"row center-xs middle-xs\"> <div  class=\"col-sm-9\" data-type=\"column\"> <\/div> <\/div><\/div> <\/div><div data-label=\"Overlappable\" data-id=\"overlappable--3\" data-export-id=\"overlappable-2\" data-category=\"overlappable\" class=\"overlappable-2 content-section content-section-spacing\" data-overlap=\"true\" id=\"overlappable-2\"  style=\"background-color: rgb(255, 255, 255);\"><div class=\"gridContainer\" > <div class=\"row middle-sm shadow-medium bg-color-white\" ><div class=\"col-xs-12 col-sm-4 top-sm col-padding col-padding-xs\" data-type=\"column\" > <h3 class=\"font-300\" >Opciones de filtrado<\/h3> <p class=\"\" >Para facilitarle la vida, la b\u00fasqueda en Stable dispone de varias opciones de filtro.\n<br ><br >\n<br ><span style=\"font-weight: 600;\" >Caracteres especiales:<\/span><br >\nUtiliza ! para invertir un argumento<br >\nUtilice &gt;,&gt;=,&lt;,&lt;= para afinar la b\u00fasqueda<\/p> <\/div> <div class=\"col-xs-12 col-sm-8\" ><div data-type=\"row\" class=\"row\" > <div class=\"col-xs-12 col-sm-6 col-padding col-padding-small-xs\" ><i class=\"fa icon fa-male bordered round color1\" ><\/i> <h5 class=\"\" >G\u00e9nero<\/h5> <p class=\"\" >Sexo:Masculino\/Femenino<\/p><\/div> <div class=\"col-xs-12 col-sm-6 col-padding col-padding-small-xs\" ><i class=\"fa icon fa-balance-scale bordered round color1\" ><\/i> <h5 class=\"\" >Silla de montar<\/h5> <p class=\"\" >Sill\u00edn:S\u00ed\/No<\/p><\/div> <div class=\"col-xs-12 col-sm-6 col-padding col-padding-small-xs\" ><i class=\"fa icon fa-pagelines bordered round color1\" ><\/i> <h5 class=\"\" >Edad<\/h5> <p class=\"\" >Madurez:Beb\u00e9\/Joven\/Adolescente\/Adulto o un n\u00famero, por ejemplo 80 (en este caso mostramos todo lo que sea &gt; de 80% de crecimiento)<\/p><\/div> <div class=\"col-xs-12 col-sm-6 col-padding col-padding-small-xs\" > <i class=\"fa icon fa-american-sign-language-interpreting bordered round color1\" ><\/i> <h5 class=\"\" >Enfriamiento de apareamiento<\/h5> <p class=\"\" >Mating:Ready\/Time (puede escribir la hora como una hora normal, por ejemplo, 12:00 para 12 minutos, 2:00:00 para 2 horas, etc.)<\/p><\/div> <div class=\"col-xs-12 col-sm-6 col-padding col-padding-small-xs\" ><i class=\"fa icon fa-plus-circle bordered round color1\" ><\/i> <h5 class=\"\" >Salud<\/h5> <p class=\"\" >Salud:\/SaludSalvaje:\/SaludDomado: seguido de un n\u00famero<\/p><\/div><div class=\"col-xs-12 col-sm-6 col-padding col-padding-small-xs\" ><i class=\"fa icon fa-battery bordered round color1\" ><\/i> <h5 class=\"\" >Resistencia<\/h5> <p class=\"\" >Stamina:\/StaminaWild:\/StaminaTamed: seguido de un n\u00famero<\/p><\/div><div class=\"col-xs-12 col-sm-6 col-padding col-padding-small-xs\" ><i class=\"fa icon fa-braille bordered round color1\" ><\/i> <h5 class=\"\" >Ox\u00edgeno<\/h5> <p class=\"\" >Oxygen:\/OxygenWild:\/OxygenTamed: seguido de un n\u00famero<\/p><\/div><div class=\"col-xs-12 col-sm-6 col-padding col-padding-small-xs\" ><i class=\"fa icon fa-shopping-bag bordered round color1\" ><\/i> <h5 class=\"\" >Peso<\/h5> <p class=\"\" >Peso:\/PesoSalvaje:\/PesoDomesticado: seguido de un n\u00famero<\/p><\/div><div class=\"col-xs-12 col-sm-6 col-padding col-padding-small-xs\" ><i class=\"fa icon fa-apple bordered round color1\" ><\/i> <h5 class=\"\" >Alimentaci\u00f3n<\/h5> <p class=\"\" >Food:\/FoodWild:\/FoodTamed: seguido de un n\u00famero<\/p><\/div><div class=\"col-xs-12 col-sm-6 col-padding col-padding-small-xs\" ><i class=\"fa icon fa-hand-grab-o bordered round color1\" ><\/i> <h5 class=\"\" >Melee<\/h5> <p class=\"\" >Melee:\/MeleeWild:\/MeleeTamed: seguido de un n\u00famero<\/p><\/div><\/div><\/div> <\/div><\/div> <\/div>","protected":false},"excerpt":{"rendered":"<p>Acceso a trav\u00e9s del mapa \u00a1Se pueden a\u00f1adir o recoger animales del establo en cualquier cuadr\u00edcula! Estad\u00edsticas e informaci\u00f3n Puedes ver los colores, estad\u00edsticas y puntos distribuidos de los animales que est\u00e1n en el establo. Enfriamiento de apareamiento y XP El enfriamiento de apareamiento de los animales subidos es el mismo que si estuvieran en el mapa. Tambi\u00e9n recibir\u00e1s... <br \/> <a class=\"read-more\" href=\"https:\/\/radioactivegaming.eu\/es\/atlas\/estable\/\">Seguir leyendo<\/a><\/p>","protected":false},"author":1,"featured_media":0,"parent":13,"menu_order":0,"comment_status":"closed","ping_status":"closed","template":"pro\/page-templates\/full-width-page.php","meta":{"footnotes":""},"class_list":["post-2889","page","type-page","status-publish","hentry"],"yoast_head":"<!-- This site is optimized with the Yoast SEO plugin v26.3 - https:\/\/yoast.com\/wordpress\/plugins\/seo\/ -->\n<title>Stable - Radioactive Gaming<\/title>\n<meta name=\"robots\" content=\"index, follow, max-snippet:-1, max-image-preview:large, max-video-preview:-1\" \/>\n<link rel=\"canonical\" href=\"https:\/\/radioactivegaming.eu\/es\/atlas\/estable\/\" \/>\n<meta property=\"og:locale\" content=\"es_ES\" \/>\n<meta property=\"og:type\" content=\"article\" \/>\n<meta property=\"og:title\" content=\"Stable - Radioactive Gaming\" \/>\n<meta property=\"og:description\" content=\"Karten\u00fcbergreifender Zugriff Tiere k\u00f6nnen in jedem Grid in den Stable gegeben bzw. abgeholt werden! Stats &amp; Infos Ihr k\u00f6nnt Farben, Stats und verteilte Punkte von Tieren einsehen, die sich im Stable befinden. Mating Cooldown &amp; XP Der Mating Cooldown hochgeladener Tiere l\u00e4uft genauso ab, als wenn sie sich auf der Karte befinden w\u00fcrden. Ebenfalls erhalten&hellip; Read more\" \/>\n<meta property=\"og:url\" content=\"https:\/\/radioactivegaming.eu\/es\/atlas\/estable\/\" \/>\n<meta property=\"og:site_name\" content=\"Radioactive Gaming\" \/>\n<meta property=\"article:modified_time\" content=\"2024-05-25T09:26:24+00:00\" \/>\n<meta name=\"twitter:card\" content=\"summary_large_image\" \/>\n<meta name=\"twitter:label1\" content=\"Tiempo de lectura\" \/>\n\t<meta name=\"twitter:data1\" content=\"2 minutos\" \/>\n<script type=\"application\/ld+json\" class=\"yoast-schema-graph\">{\"@context\":\"https:\/\/schema.org\",\"@graph\":[{\"@type\":\"WebPage\",\"@id\":\"https:\/\/radioactivegaming.eu\/atlas\/stable\/\",\"url\":\"https:\/\/radioactivegaming.eu\/atlas\/stable\/\",\"name\":\"Stable - Radioactive Gaming\",\"isPartOf\":{\"@id\":\"https:\/\/radioactivegaming.eu\/#website\"},\"datePublished\":\"2021-03-16T20:09:52+00:00\",\"dateModified\":\"2024-05-25T09:26:24+00:00\",\"breadcrumb\":{\"@id\":\"https:\/\/radioactivegaming.eu\/atlas\/stable\/#breadcrumb\"},\"inLanguage\":\"es\",\"potentialAction\":[{\"@type\":\"ReadAction\",\"target\":[\"https:\/\/radioactivegaming.eu\/atlas\/stable\/\"]}]},{\"@type\":\"BreadcrumbList\",\"@id\":\"https:\/\/radioactivegaming.eu\/atlas\/stable\/#breadcrumb\",\"itemListElement\":[{\"@type\":\"ListItem\",\"position\":1,\"name\":\"Startseite\",\"item\":\"https:\/\/radioactivegaming.eu\/\"},{\"@type\":\"ListItem\",\"position\":2,\"name\":\"Atlas\",\"item\":\"https:\/\/radioactivegaming.eu\/atlas\/\"},{\"@type\":\"ListItem\",\"position\":3,\"name\":\"Stable\"}]},{\"@type\":\"WebSite\",\"@id\":\"https:\/\/radioactivegaming.eu\/#website\",\"url\":\"https:\/\/radioactivegaming.eu\/\",\"name\":\"Radioactive Gaming\",\"description\":\"\",\"publisher\":{\"@id\":\"https:\/\/radioactivegaming.eu\/#organization\"},\"potentialAction\":[{\"@type\":\"SearchAction\",\"target\":{\"@type\":\"EntryPoint\",\"urlTemplate\":\"https:\/\/radioactivegaming.eu\/?s={search_term_string}\"},\"query-input\":{\"@type\":\"PropertyValueSpecification\",\"valueRequired\":true,\"valueName\":\"search_term_string\"}}],\"inLanguage\":\"es\"},{\"@type\":\"Organization\",\"@id\":\"https:\/\/radioactivegaming.eu\/#organization\",\"name\":\"Radioactive Gaming\",\"url\":\"https:\/\/radioactivegaming.eu\/\",\"logo\":{\"@type\":\"ImageObject\",\"inLanguage\":\"es\",\"@id\":\"https:\/\/radioactivegaming.eu\/#\/schema\/logo\/image\/\",\"url\":\"https:\/\/radioactivegaming.eu\/wp-content\/uploads\/2019\/12\/cropped-coin-2.png\",\"contentUrl\":\"https:\/\/radioactivegaming.eu\/wp-content\/uploads\/2019\/12\/cropped-coin-2.png\",\"width\":256,\"height\":256,\"caption\":\"Radioactive Gaming\"},\"image\":{\"@id\":\"https:\/\/radioactivegaming.eu\/#\/schema\/logo\/image\/\"},\"sameAs\":[\"https:\/\/www.youtube.com\/channel\/UCHAH-p_vfp_co-__TB4M14A\"]}]}<\/script>\n<!-- \/ Yoast SEO plugin. -->","yoast_head_json":{"title":"Estable - Juego radiactivo","robots":{"index":"index","follow":"follow","max-snippet":"max-snippet:-1","max-image-preview":"max-image-preview:large","max-video-preview":"max-video-preview:-1"},"canonical":"https:\/\/radioactivegaming.eu\/es\/atlas\/estable\/","og_locale":"es_ES","og_type":"article","og_title":"Stable - Radioactive Gaming","og_description":"Karten\u00fcbergreifender Zugriff Tiere k\u00f6nnen in jedem Grid in den Stable gegeben bzw. abgeholt werden! Stats &amp; Infos Ihr k\u00f6nnt Farben, Stats und verteilte Punkte von Tieren einsehen, die sich im Stable befinden. Mating Cooldown &amp; XP Der Mating Cooldown hochgeladener Tiere l\u00e4uft genauso ab, als wenn sie sich auf der Karte befinden w\u00fcrden. Ebenfalls erhalten&hellip; Read more","og_url":"https:\/\/radioactivegaming.eu\/es\/atlas\/estable\/","og_site_name":"Radioactive Gaming","article_modified_time":"2024-05-25T09:26:24+00:00","twitter_card":"summary_large_image","twitter_misc":{"Tiempo de lectura":"2 minutos"},"schema":{"@context":"https:\/\/schema.org","@graph":[{"@type":"WebPage","@id":"https:\/\/radioactivegaming.eu\/atlas\/stable\/","url":"https:\/\/radioactivegaming.eu\/atlas\/stable\/","name":"Estable - Juego radiactivo","isPartOf":{"@id":"https:\/\/radioactivegaming.eu\/#website"},"datePublished":"2021-03-16T20:09:52+00:00","dateModified":"2024-05-25T09:26:24+00:00","breadcrumb":{"@id":"https:\/\/radioactivegaming.eu\/atlas\/stable\/#breadcrumb"},"inLanguage":"es","potentialAction":[{"@type":"ReadAction","target":["https:\/\/radioactivegaming.eu\/atlas\/stable\/"]}]},{"@type":"BreadcrumbList","@id":"https:\/\/radioactivegaming.eu\/atlas\/stable\/#breadcrumb","itemListElement":[{"@type":"ListItem","position":1,"name":"Startseite","item":"https:\/\/radioactivegaming.eu\/"},{"@type":"ListItem","position":2,"name":"Atlas","item":"https:\/\/radioactivegaming.eu\/atlas\/"},{"@type":"ListItem","position":3,"name":"Stable"}]},{"@type":"WebSite","@id":"https:\/\/radioactivegaming.eu\/#website","url":"https:\/\/radioactivegaming.eu\/","name":"Juegos radioactivos","description":"","publisher":{"@id":"https:\/\/radioactivegaming.eu\/#organization"},"potentialAction":[{"@type":"SearchAction","target":{"@type":"EntryPoint","urlTemplate":"https:\/\/radioactivegaming.eu\/?s={search_term_string}"},"query-input":{"@type":"PropertyValueSpecification","valueRequired":true,"valueName":"search_term_string"}}],"inLanguage":"es"},{"@type":"Organization","@id":"https:\/\/radioactivegaming.eu\/#organization","name":"Juegos radioactivos","url":"https:\/\/radioactivegaming.eu\/","logo":{"@type":"ImageObject","inLanguage":"es","@id":"https:\/\/radioactivegaming.eu\/#\/schema\/logo\/image\/","url":"https:\/\/radioactivegaming.eu\/wp-content\/uploads\/2019\/12\/cropped-coin-2.png","contentUrl":"https:\/\/radioactivegaming.eu\/wp-content\/uploads\/2019\/12\/cropped-coin-2.png","width":256,"height":256,"caption":"Radioactive Gaming"},"image":{"@id":"https:\/\/radioactivegaming.eu\/#\/schema\/logo\/image\/"},"sameAs":["https:\/\/www.youtube.com\/channel\/UCHAH-p_vfp_co-__TB4M14A"]}]}},"jetpack_sharing_enabled":true,"_links":{"self":[{"href":"https:\/\/radioactivegaming.eu\/es\/wp-json\/wp\/v2\/pages\/2889","targetHints":{"allow":["GET"]}}],"collection":[{"href":"https:\/\/radioactivegaming.eu\/es\/wp-json\/wp\/v2\/pages"}],"about":[{"href":"https:\/\/radioactivegaming.eu\/es\/wp-json\/wp\/v2\/types\/page"}],"author":[{"embeddable":true,"href":"https:\/\/radioactivegaming.eu\/es\/wp-json\/wp\/v2\/users\/1"}],"replies":[{"embeddable":true,"href":"https:\/\/radioactivegaming.eu\/es\/wp-json\/wp\/v2\/comments?post=2889"}],"version-history":[{"count":7,"href":"https:\/\/radioactivegaming.eu\/es\/wp-json\/wp\/v2\/pages\/2889\/revisions"}],"predecessor-version":[{"id":5470,"href":"https:\/\/radioactivegaming.eu\/es\/wp-json\/wp\/v2\/pages\/2889\/revisions\/5470"}],"up":[{"embeddable":true,"href":"https:\/\/radioactivegaming.eu\/es\/wp-json\/wp\/v2\/pages\/13"}],"wp:attachment":[{"href":"https:\/\/radioactivegaming.eu\/es\/wp-json\/wp\/v2\/media?parent=2889"}],"curies":[{"name":"wp","href":"https:\/\/api.w.org\/{rel}","templated":true}]}}