{"id":3058,"date":"2021-03-17T12:34:18","date_gmt":"2021-03-17T11:34:18","guid":{"rendered":"https:\/\/radioactivegaming.eu\/?page_id=3058"},"modified":"2024-05-24T22:38:52","modified_gmt":"2024-05-24T20:38:52","slug":"bucaneros","status":"publish","type":"page","link":"https:\/\/radioactivegaming.eu\/es\/atlas\/bucaneros\/","title":{"rendered":"bucaneros"},"content":{"rendered":"<div  data-label=\"Overlappable\" data-id=\"overlappable--1\" data-export-id=\"overlappable-2\" data-category=\"overlappable\" class=\"overlappable-2 content-section content-section-spacing content-relative\" data-overlap=\"true\" id=\"overlappable-1\" style=\"background-color: rgb(255, 255, 255);\"><div  class=\"section-separator-top\">\n    <svg  class=\"section-separator-top\" data-separator-name=\"triangle-asymmetrical-negative\" preserveaspectratio=\"none\" viewbox=\"0 0 1000 100\" xmlns=\"http:\/\/www.w3.org\/2000\/svg\">\n        <path  class=\"svg-white-bg\" d=\"M737.9,94.7L0,0v100h1000V0L737.9,94.7z\"><\/path>\n    <\/svg>\n<\/div><div  class=\"gridContainer\"> <div  class=\"row middle-sm shadow-medium bg-color-white\"><div  class=\"col-xs-12 col-sm-4 top-sm col-padding col-padding-xs\" data-type=\"column\"> <h3  class=\"font-300\">En nuestros mares s\u00f3lo encontrar\u00e1s barcos de los corsarios y las facciones (Armada y Piratas)<br ><br >Los corsarios se dirigen principalmente a los principiantes y a las tribus que a\u00fan no est\u00e1n tan avanzadas en el juego.<br ><br >La misi\u00f3n \"Azote de los condenados\", conocida por el Offi, puede completarse hundiendo un gale\u00f3n bucanero.<\/h3>  <\/div> <div  class=\"col-xs-12 col-sm-8\"><div  data-type=\"row\" class=\"row\"> <div  class=\"col-xs-12 col-sm-6 col-padding col-padding-small-xs\"><i  class=\"fa icon bordered round fa-paper-plane color1\"><\/i> <h5  class=\"\">Identificabilidad<\/h5> <p  class=\"\">Se reconocen claramente por sus velas rojas con el logotipo de los bucaneros (ancla).<\/p><\/div> <div  class=\"col-xs-12 col-sm-6 col-padding col-padding-small-xs\"><i  class=\"fa icon fa-bomb bordered round color1\"><\/i> <h5  class=\"\">Aggro<\/h5> <p  class=\"\">Los corsarios no tienen sistema de permanencia, siempre te atacan.\n<br >No participan en las batallas entre la Marina y los Piratas.<\/p><\/div><div  class=\"col-xs-12 col-sm-6 col-padding col-padding-small-xs\"><i  class=\"fa icon fa-angle-down bordered round color1\"><\/i> <h5  class=\"\">Dificultad<\/h5> <p  class=\"\">Se hunden el doble de r\u00e1pido (excepto el gale\u00f3n) que los barcos piratas y de la armada.\n<br >Al igual que otros barcos, s\u00f3lo pierden vida (barra de HP) cuando el agua entra en el barco.<\/p><\/div> <div  class=\"col-xs-12 col-sm-6 col-padding col-padding-small-xs\"><i  class=\"fa icon bordered round fa-cubes color1\"><\/i> <h5  class=\"\">Bot\u00edn<\/h5> <p  class=\"\">Los corsarios pueden soltar planos y piezas acabadas.\n<br >A diferencia de los Piratas y la Marina, su caja de bot\u00edn flota en la superficie.\n<br >Su bot\u00edn no es tan bueno como el de Piratas y Armada debido a la falta del sistema de posici\u00f3n.<\/p><\/div> <div  class=\"col-xs-12 col-sm-6 col-padding col-padding-small-xs\"> <i  class=\"fa icon fa-anchor bordered round color1\"><\/i> <h5  class=\"\">Pecios<\/h5> <p  class=\"\">Al igual que en Pirates &amp; Navy, el pecio del bucanero se puede minar, pero da menos recursos que este.\n<br ><br >Si la caja de bot\u00edn es saqueada, \u00a1el pecio desaparece!<\/p><\/div> <div  class=\"col-xs-12 col-sm-6 col-padding col-padding-small-xs\"><i  class=\"fa icon fa-child bordered round color1\"><\/i> <h5  class=\"\">Tripulaci\u00f3n<\/h5> <p  class=\"\">Como todos los barcos NPC, los corsarios sueltan tripulaci\u00f3n reclutable, pero no pueden alcanzar los niveles que pueden en Piratas y Marina.\n<br >El nivel es aleatorio.<\/p><\/div><\/div><\/div> <\/div><\/div> <\/div>","protected":false},"excerpt":{"rendered":"<p>En nuestros mares s\u00f3lo encontrar\u00e1s barcos de los corsarios y de las facciones (Armada y Piratas)Los corsarios est\u00e1n dirigidos principalmente a los principiantes y a las tribus que a\u00fan no est\u00e1n tan avanzadas en el juego.La quest \"Azote de los Malditos\" conocida de la Offi se puede completar hundiendo un Gale\u00f3n Bucanero. Reconocibilidad Son claramente... <br \/> <a class=\"read-more\" href=\"https:\/\/radioactivegaming.eu\/es\/atlas\/bucaneros\/\">Seguir leyendo<\/a><\/p>","protected":false},"author":1,"featured_media":0,"parent":13,"menu_order":0,"comment_status":"closed","ping_status":"closed","template":"pro\/page-templates\/full-width-page.php","meta":{"footnotes":""},"class_list":["post-3058","page","type-page","status-publish","hentry"],"yoast_head":"<!-- This site is optimized with the Yoast SEO plugin v26.3 - https:\/\/yoast.com\/wordpress\/plugins\/seo\/ -->\n<title>buccaneers - Radioactive Gaming<\/title>\n<meta name=\"robots\" content=\"index, follow, max-snippet:-1, max-image-preview:large, max-video-preview:-1\" \/>\n<link rel=\"canonical\" href=\"https:\/\/radioactivegaming.eu\/es\/atlas\/bucaneros\/\" \/>\n<meta property=\"og:locale\" content=\"es_ES\" \/>\n<meta property=\"og:type\" content=\"article\" \/>\n<meta property=\"og:title\" content=\"buccaneers - Radioactive Gaming\" \/>\n<meta property=\"og:description\" content=\"Auf unseren Meeren findet ihr nur Schiffe der Freibeuter sowie der Fraktionen (Navy &amp; Piraten)Die Freibeuter richten sich dabei vorallem an Anf\u00e4nger und Tribes welche noch nicht so weit im Spiel fortgeschritten sind.Die vom Offi bekannte &#8222;Scourge of the Damned&#8220; Quest kann durch das Versenken von einer Buccaneer Galleone abgeschlossen werden. Erkennbarkeit Sie sind deutlich&hellip; Read more\" \/>\n<meta property=\"og:url\" content=\"https:\/\/radioactivegaming.eu\/es\/atlas\/bucaneros\/\" \/>\n<meta property=\"og:site_name\" content=\"Radioactive Gaming\" \/>\n<meta property=\"article:modified_time\" content=\"2024-05-24T20:38:52+00:00\" \/>\n<meta name=\"twitter:card\" content=\"summary_large_image\" \/>\n<meta name=\"twitter:label1\" content=\"Tiempo de lectura\" \/>\n\t<meta name=\"twitter:data1\" content=\"2 minutos\" \/>\n<script type=\"application\/ld+json\" class=\"yoast-schema-graph\">{\"@context\":\"https:\/\/schema.org\",\"@graph\":[{\"@type\":\"WebPage\",\"@id\":\"https:\/\/radioactivegaming.eu\/atlas\/buccaneers\/\",\"url\":\"https:\/\/radioactivegaming.eu\/atlas\/buccaneers\/\",\"name\":\"buccaneers - Radioactive Gaming\",\"isPartOf\":{\"@id\":\"https:\/\/radioactivegaming.eu\/#website\"},\"datePublished\":\"2021-03-17T11:34:18+00:00\",\"dateModified\":\"2024-05-24T20:38:52+00:00\",\"breadcrumb\":{\"@id\":\"https:\/\/radioactivegaming.eu\/atlas\/buccaneers\/#breadcrumb\"},\"inLanguage\":\"es\",\"potentialAction\":[{\"@type\":\"ReadAction\",\"target\":[\"https:\/\/radioactivegaming.eu\/atlas\/buccaneers\/\"]}]},{\"@type\":\"BreadcrumbList\",\"@id\":\"https:\/\/radioactivegaming.eu\/atlas\/buccaneers\/#breadcrumb\",\"itemListElement\":[{\"@type\":\"ListItem\",\"position\":1,\"name\":\"Startseite\",\"item\":\"https:\/\/radioactivegaming.eu\/\"},{\"@type\":\"ListItem\",\"position\":2,\"name\":\"Atlas\",\"item\":\"https:\/\/radioactivegaming.eu\/atlas\/\"},{\"@type\":\"ListItem\",\"position\":3,\"name\":\"buccaneers\"}]},{\"@type\":\"WebSite\",\"@id\":\"https:\/\/radioactivegaming.eu\/#website\",\"url\":\"https:\/\/radioactivegaming.eu\/\",\"name\":\"Radioactive Gaming\",\"description\":\"\",\"publisher\":{\"@id\":\"https:\/\/radioactivegaming.eu\/#organization\"},\"potentialAction\":[{\"@type\":\"SearchAction\",\"target\":{\"@type\":\"EntryPoint\",\"urlTemplate\":\"https:\/\/radioactivegaming.eu\/?s={search_term_string}\"},\"query-input\":{\"@type\":\"PropertyValueSpecification\",\"valueRequired\":true,\"valueName\":\"search_term_string\"}}],\"inLanguage\":\"es\"},{\"@type\":\"Organization\",\"@id\":\"https:\/\/radioactivegaming.eu\/#organization\",\"name\":\"Radioactive Gaming\",\"url\":\"https:\/\/radioactivegaming.eu\/\",\"logo\":{\"@type\":\"ImageObject\",\"inLanguage\":\"es\",\"@id\":\"https:\/\/radioactivegaming.eu\/#\/schema\/logo\/image\/\",\"url\":\"https:\/\/radioactivegaming.eu\/wp-content\/uploads\/2019\/12\/cropped-coin-2.png\",\"contentUrl\":\"https:\/\/radioactivegaming.eu\/wp-content\/uploads\/2019\/12\/cropped-coin-2.png\",\"width\":256,\"height\":256,\"caption\":\"Radioactive Gaming\"},\"image\":{\"@id\":\"https:\/\/radioactivegaming.eu\/#\/schema\/logo\/image\/\"},\"sameAs\":[\"https:\/\/www.youtube.com\/channel\/UCHAH-p_vfp_co-__TB4M14A\"]}]}<\/script>\n<!-- \/ Yoast SEO plugin. -->","yoast_head_json":{"title":"buccaneers - Radioactive Gaming","robots":{"index":"index","follow":"follow","max-snippet":"max-snippet:-1","max-image-preview":"max-image-preview:large","max-video-preview":"max-video-preview:-1"},"canonical":"https:\/\/radioactivegaming.eu\/es\/atlas\/bucaneros\/","og_locale":"es_ES","og_type":"article","og_title":"buccaneers - Radioactive Gaming","og_description":"Auf unseren Meeren findet ihr nur Schiffe der Freibeuter sowie der Fraktionen (Navy &amp; Piraten)Die Freibeuter richten sich dabei vorallem an Anf\u00e4nger und Tribes welche noch nicht so weit im Spiel fortgeschritten sind.Die vom Offi bekannte &#8222;Scourge of the Damned&#8220; Quest kann durch das Versenken von einer Buccaneer Galleone abgeschlossen werden. Erkennbarkeit Sie sind deutlich&hellip; Read more","og_url":"https:\/\/radioactivegaming.eu\/es\/atlas\/bucaneros\/","og_site_name":"Radioactive Gaming","article_modified_time":"2024-05-24T20:38:52+00:00","twitter_card":"summary_large_image","twitter_misc":{"Tiempo de lectura":"2 minutos"},"schema":{"@context":"https:\/\/schema.org","@graph":[{"@type":"WebPage","@id":"https:\/\/radioactivegaming.eu\/atlas\/buccaneers\/","url":"https:\/\/radioactivegaming.eu\/atlas\/buccaneers\/","name":"buccaneers - Radioactive Gaming","isPartOf":{"@id":"https:\/\/radioactivegaming.eu\/#website"},"datePublished":"2021-03-17T11:34:18+00:00","dateModified":"2024-05-24T20:38:52+00:00","breadcrumb":{"@id":"https:\/\/radioactivegaming.eu\/atlas\/buccaneers\/#breadcrumb"},"inLanguage":"es","potentialAction":[{"@type":"ReadAction","target":["https:\/\/radioactivegaming.eu\/atlas\/buccaneers\/"]}]},{"@type":"BreadcrumbList","@id":"https:\/\/radioactivegaming.eu\/atlas\/buccaneers\/#breadcrumb","itemListElement":[{"@type":"ListItem","position":1,"name":"Startseite","item":"https:\/\/radioactivegaming.eu\/"},{"@type":"ListItem","position":2,"name":"Atlas","item":"https:\/\/radioactivegaming.eu\/atlas\/"},{"@type":"ListItem","position":3,"name":"buccaneers"}]},{"@type":"WebSite","@id":"https:\/\/radioactivegaming.eu\/#website","url":"https:\/\/radioactivegaming.eu\/","name":"Juegos radioactivos","description":"","publisher":{"@id":"https:\/\/radioactivegaming.eu\/#organization"},"potentialAction":[{"@type":"SearchAction","target":{"@type":"EntryPoint","urlTemplate":"https:\/\/radioactivegaming.eu\/?s={search_term_string}"},"query-input":{"@type":"PropertyValueSpecification","valueRequired":true,"valueName":"search_term_string"}}],"inLanguage":"es"},{"@type":"Organization","@id":"https:\/\/radioactivegaming.eu\/#organization","name":"Juegos radioactivos","url":"https:\/\/radioactivegaming.eu\/","logo":{"@type":"ImageObject","inLanguage":"es","@id":"https:\/\/radioactivegaming.eu\/#\/schema\/logo\/image\/","url":"https:\/\/radioactivegaming.eu\/wp-content\/uploads\/2019\/12\/cropped-coin-2.png","contentUrl":"https:\/\/radioactivegaming.eu\/wp-content\/uploads\/2019\/12\/cropped-coin-2.png","width":256,"height":256,"caption":"Radioactive Gaming"},"image":{"@id":"https:\/\/radioactivegaming.eu\/#\/schema\/logo\/image\/"},"sameAs":["https:\/\/www.youtube.com\/channel\/UCHAH-p_vfp_co-__TB4M14A"]}]}},"jetpack_sharing_enabled":true,"_links":{"self":[{"href":"https:\/\/radioactivegaming.eu\/es\/wp-json\/wp\/v2\/pages\/3058","targetHints":{"allow":["GET"]}}],"collection":[{"href":"https:\/\/radioactivegaming.eu\/es\/wp-json\/wp\/v2\/pages"}],"about":[{"href":"https:\/\/radioactivegaming.eu\/es\/wp-json\/wp\/v2\/types\/page"}],"author":[{"embeddable":true,"href":"https:\/\/radioactivegaming.eu\/es\/wp-json\/wp\/v2\/users\/1"}],"replies":[{"embeddable":true,"href":"https:\/\/radioactivegaming.eu\/es\/wp-json\/wp\/v2\/comments?post=3058"}],"version-history":[{"count":5,"href":"https:\/\/radioactivegaming.eu\/es\/wp-json\/wp\/v2\/pages\/3058\/revisions"}],"predecessor-version":[{"id":5401,"href":"https:\/\/radioactivegaming.eu\/es\/wp-json\/wp\/v2\/pages\/3058\/revisions\/5401"}],"up":[{"embeddable":true,"href":"https:\/\/radioactivegaming.eu\/es\/wp-json\/wp\/v2\/pages\/13"}],"wp:attachment":[{"href":"https:\/\/radioactivegaming.eu\/es\/wp-json\/wp\/v2\/media?parent=3058"}],"curies":[{"name":"wp","href":"https:\/\/api.w.org\/{rel}","templated":true}]}}