{"id":3098,"date":"2021-03-17T13:21:41","date_gmt":"2021-03-17T12:21:41","guid":{"rendered":"https:\/\/radioactivegaming.eu\/?page_id=3098"},"modified":"2024-05-24T22:27:45","modified_gmt":"2024-05-24T20:27:45","slug":"cofres-embrujados","status":"publish","type":"page","link":"https:\/\/radioactivegaming.eu\/es\/atlas\/cofres-embrujados\/","title":{"rendered":"Cofres embrujados"},"content":{"rendered":"<div  data-label=\"Overlappable\" data-id=\"overlappable--1\" data-export-id=\"overlappable-3\" data-category=\"overlappable\" class=\"overlappable-3 content-section content-section-spacing content-relative\" data-overlap=\"true\" id=\"overlappable-1\" style=\"background-color: rgb(255, 255, 255);\"><div  class=\"section-separator-top\">\n    <svg  class=\"section-separator-top\" data-separator-name=\"triangle-asymmetrical-negative\" preserveaspectratio=\"none\" viewbox=\"0 0 1000 100\" xmlns=\"http:\/\/www.w3.org\/2000\/svg\">\n        <path  class=\"svg-white-bg\" d=\"M737.9,94.7L0,0v100h1000V0L737.9,94.7z\"><\/path>\n    <\/svg>\n<\/div><div  class=\"gridContainer\"> <div  class=\"row bg-color-white shadow-medium\"><div  class=\"col-xs-12 col-sm-6 image-col first-image-col\" data-bg=\"image\" style=\"background-image: url(&quot;https:\/\/radioactivegaming.eu\/wp-content\/uploads\/2021\/03\/cropped-20210317144213_1-scaled-1.jpg&quot;);\"><\/div> <div  class=\"col-xs-12 col-sm-6 content-col col-padding col-padding-xs\"> <div  class=\"col-padding\" data-type=\"column\"> <h4  class=\"\">Cofres embrujados<\/h4> <p  class=\"\">Puedes encontrar estas cajas en todas las islas.<br >Se dividen en diferentes niveles de dificultad.\n<br >Dependiendo del nivel de dificultad, tendr\u00e1s que defender la caja contra diferentes n\u00fameros de oleadas de esqueletos (Haunted) despu\u00e9s de que se haya activado.\n<br ><br >\nEl nivel y la cantidad de enemigos tambi\u00e9n dependen del nivel de dificultad.<br >\n<br >\u00a1Ten en cuenta, sin embargo, que los animales (Tames) y las armas no causan ning\u00fan da\u00f1o al Haunted!\n<br ><br >Puedes derrotar a los Embrujados con armas cuerpo a cuerpo y a distancia, magia y granadas.\n<br ><br >Una vez que hayas terminado, podr\u00e1s abrir la caja y recibir planos de objetos, as\u00ed como Mito, Oro y Recuerdo.\n<br ><br >En el pecho siempre se puede ver la informaci\u00f3n actual (ola de Max ola), as\u00ed como el n\u00famero de enemigos restantes.<br >\nEl Cofre Embrujado puede recibir da\u00f1o de jugadores y domadores.<\/p> <\/div> <\/div><\/div> <div  class=\"row bg-color-white shadow-medium\"><div  class=\"col-xs-12 col-sm-6 content-col col-padding col-padding-xs\"> <div  class=\"col-padding\" data-type=\"column\"><h4  class=\"\">Cofres del Oc\u00e9ano Embrujado<\/h4> <p  class=\"\">Puedes encontrar estas cajas en el mar en todas las cuadr\u00edculas.\n<br ><br >\nSe dividen en diferentes niveles de dificultad.\n<br ><br >\nDependiendo del nivel de dificultad, una vez activado tendr\u00e1s que defender la caja contra diferentes n\u00fameros de oleadas de naves Embrujadas.\n<br ><br >\nEl nivel y la cantidad de enemigos tambi\u00e9n dependen del nivel de dificultad.\n<br ><br >\nLos Haunted son similares a los barcos de los SOTD y s\u00f3lo tienen una barra de vida (sin tablones).\n<br ><br >Cuando hayas terminado, podr\u00e1s abrir la caja y recibir planos de objetos, as\u00ed como Mito, Oro y Recuerdo.\n<br ><br >En el pecho siempre se puede ver la informaci\u00f3n actual (ola de Max ola), as\u00ed como el n\u00famero de enemigos restantes.<br >\nEl Cofre Embrujado puede recibir da\u00f1o de jugadores y domadores.<\/p> <\/div> <\/div> <div  class=\"col-xs-12 col-sm-6 image-col second-image-col first-xs last-sm\" data-bg=\"image\" style=\"background-image: url(&quot;https:\/\/radioactivegaming.eu\/wp-content\/uploads\/2021\/03\/cropped-20210317143537_1-scaled-1.jpg&quot;);\"><\/div> <\/div><\/div> <\/div><div  data-label=\"SunkenHaunted\" data-id=\"about--3\" data-export-id=\"about-10\" data-category=\"about\" class=\"about-10 content-section content-section-spacing\" id=\"sunkenhaunted\" style=\"background-color: rgb(255, 255, 255);\"><div  class=\"gridContainer\"> <div  class=\"row middle-sm text-center\"><div  class=\"col-sm-5 space-bottom-xs content-column\" data-type=\"column\">  <h2  class=\"\">Cofres embrujados hundidos<\/h2> <p  class=\"\">Esta caja de juego tard\u00edo requiere: \u00a1buenos submarinos, armas y domas, as\u00ed como un buen aliento!\n<br ><br >Sum\u00e9rgete en una de las trincheras y derrota a oleadas de enemigos en este cofre, \u00a1similar a los otros Cofres Embrujados!\n<br ><br >Tambi\u00e9n puedes encontrar estas cajas en los niveles de dificultad habituales\n<br ><br >Cuando hayas terminado, podr\u00e1s abrir la caja y recibir planos de objetos, as\u00ed como Mito, Oro y Recuerdo.<br >\nEn el pecho siempre se puede ver la informaci\u00f3n actual (ola de Max ola), as\u00ed como el n\u00famero de enemigos restantes.<br >\nEl Cofre del Oc\u00e9ano Embrujado puede recibir da\u00f1o de jugadores y Tames.<br >\n<br >Es el \u00fanico lugar donde puedes encontrar planos de objetos especiales, como armaduras de buceo.\n<br ><br >Este cofre embrujado tambi\u00e9n deja caer un objeto (IcyPearl) que es necesario para invocar al Leviat\u00e1n y al Kraken en el modo Desaf\u00edo.<\/p> <\/div> <div  class=\"col-sm-7 flexbox middle-xs center-xs space-bottom-xs\"><div  class=\"overlay-box middle-xs center-xs flexbox\"> <div  class=\"overlay-box-offset offset-border shadow-medium border-color1 hide-xs\"><\/div> <img decoding=\"async\"  class=\"shadow-large\" data-size=\"485x705\" src=\"https:\/\/radioactivegaming.eu\/wp-content\/uploads\/2024\/05\/cropped-hauntedchestsunk.png\" title=\"cropped-hauntedchestsunk.png\" alt=\"\"><\/div> <\/div><\/div> <\/div><\/div><div  data-label=\"About\" data-id=\"about--2\" data-export-id=\"about-9\" data-category=\"about\" class=\"about-9 content-section content-section-spacing\" id=\"about-2\" style=\"background-color: rgb(255, 255, 255);\"><div  class=\"gridContainer\"> <div  class=\"row middle-sm text-center\"><div  class=\"col-sm-5 space-bottom-xs content-column content-left-sm\" data-type=\"column\">  <h2  class=\"\">Recordatorio<\/h2> <p  class=\"\">Consigues este extra\u00f1o objeto cuando completas Cofres Embrujados. Al consumir (E) se guarda la habilidad actual (engramas). El Rememberance se vuelve azul.\n<br ><br >Al consumir de nuevo (E) el Rememberance se agota y el nivel de tu personaje se reinicia (como Respec), sin embargo, la habilidad guardada se distribuye o aplica de forma inmediata y autom\u00e1tica.<\/p> <\/div> <div  class=\"col-sm-7 flexbox flexbox middle-xs center-xs space-bottom-xs\"><div  class=\"overlay-box flexbox middle-xs center-xs overlay-holder\"> <div  class=\"overlay-box-offset offset-background shadow-medium bg-color2 hide-xs\"><\/div> <img  decoding=\"async\" class=\"flexbox shadow-large img1\" src=\"https:\/\/radioactivegaming.eu\/wp-content\/uploads\/2021\/03\/cropped-Tex_reagent_06.png\" data-size=\"600x400\" title=\"recortado-Tex_reagent_06.png\" alt=\"\"><\/div> <\/div><\/div> <\/div><\/div><div  data-label=\"About\" data-id=\"about--1\" data-export-id=\"about-10\" data-category=\"about\" class=\"about-10 content-section content-section-spacing\" id=\"about-1\" style=\"background-color: rgb(245, 250, 253);\"><div  class=\"gridContainer\"> <div  class=\"row middle-sm text-center\"><div  class=\"col-sm-5 space-bottom-xs content-column\" data-type=\"column\">  <h2  class=\"\">Mito viviente<\/h2> <p  class=\"\">Puedes encontrar Living Mythos en todas las Islas Powerstone.\n<br ><br >\u00a1Esta planta arb\u00f3rea hace que los animales agresivos en sus proximidades despu\u00e9s de la activaci\u00f3n de la maduraci\u00f3n!\n<br ><br >Se dividen en diferentes niveles de dificultad.\n<br ><br >\nDependiendo del nivel de dificultad, tendr\u00e1s que defender el Mythos viviente de un n\u00famero diferente de oleadas de animales a medida que vaya madurando.<br >\nEl nivel y la cantidad de enemigos tambi\u00e9n dependen del nivel de dificultad.\n<br ><br >Una vez completado con \u00e9xito, el Mito Viviente puede desmontarse. Esto puede hacerse con un pico o un hacha.\n<br >\n<br >Adem\u00e1s de Mythos, aqu\u00ed se pueden obtener las cantidades correspondientes de Darkwood &amp; Leaves (7\u00aa variedad de Thatch).\n<br >El importe depende del nivel de dificultad y de la herramienta utilizada.\n<br ><br >En el Mito Viviente siempre se puede ver la informaci\u00f3n actual (ola de Max ola), as\u00ed como el n\u00famero de enemigos restantes.<br >El Mito Viviente puede ser da\u00f1ado por jugadores y domadores.<\/p> <\/div> <div  class=\"col-sm-7 flexbox middle-xs center-xs space-bottom-xs\"><div  class=\"overlay-box middle-xs center-xs flexbox\"> <div  class=\"overlay-box-offset offset-border shadow-medium border-color1 hide-xs\"><\/div> <img  decoding=\"async\" class=\"shadow-large\" data-size=\"485x705\" src=\"https:\/\/radioactivegaming.eu\/wp-content\/uploads\/2021\/03\/cropped-Mythos.png\" title=\"recorte-Mythos.png\" alt=\"\"><\/div> <\/div><\/div> <\/div><\/div>","protected":false},"excerpt":{"rendered":"<p>Cofres embrujados Estos cofres se pueden encontrar en todas las islas y se dividen en diferentes niveles de dificultad. Dependiendo del nivel de dificultad, tendr\u00e1s que defender el cofre contra diferentes n\u00fameros de oleadas de esqueletos (embrujados) despu\u00e9s de activarlo. El nivel y el n\u00famero de enemigos tambi\u00e9n dependen del nivel de dificultad. Sin embargo, ten en cuenta que los animales (Tames) y las armas... <br \/> <a class=\"read-more\" href=\"https:\/\/radioactivegaming.eu\/es\/atlas\/cofres-embrujados\/\">Seguir leyendo<\/a><\/p>","protected":false},"author":1,"featured_media":0,"parent":13,"menu_order":0,"comment_status":"closed","ping_status":"closed","template":"pro\/page-templates\/full-width-page.php","meta":{"footnotes":""},"class_list":["post-3098","page","type-page","status-publish","hentry"],"yoast_head":"<!-- This site is optimized with the Yoast SEO plugin v26.3 - https:\/\/yoast.com\/wordpress\/plugins\/seo\/ -->\n<title>Haunted Chests - Radioactive Gaming<\/title>\n<meta name=\"robots\" content=\"index, follow, max-snippet:-1, max-image-preview:large, max-video-preview:-1\" \/>\n<link rel=\"canonical\" href=\"https:\/\/radioactivegaming.eu\/es\/atlas\/cofres-embrujados\/\" \/>\n<meta property=\"og:locale\" content=\"es_ES\" \/>\n<meta property=\"og:type\" content=\"article\" \/>\n<meta property=\"og:title\" content=\"Haunted Chests - Radioactive Gaming\" \/>\n<meta property=\"og:description\" content=\"Haunted Chests Diese Kisten k\u00f6nnt ihr auf allen Inseln finden.Sie werden in verschiedene Schwierigkeitsstufen aufgeteilt. Abh\u00e4ngig von der Schwierigkeitsstufe m\u00fcsst ihr die Kiste nach Aktivierung gegen unterschiedlich viele Wellen von Skeletten (Haunted) verteidigen. Das Level und die Menge der Gegner ist ebenfalls von der Schwierigkeitsstufe abh\u00e4ngig. Beachtet jedoch, dass Tiere (Tames) und Gesch\u00fctze an den&hellip; Read more\" \/>\n<meta property=\"og:url\" content=\"https:\/\/radioactivegaming.eu\/es\/atlas\/cofres-embrujados\/\" \/>\n<meta property=\"og:site_name\" content=\"Radioactive Gaming\" \/>\n<meta property=\"article:modified_time\" content=\"2024-05-24T20:27:45+00:00\" \/>\n<meta property=\"og:image\" content=\"https:\/\/radioactivegaming.eu\/wp-content\/uploads\/2024\/05\/cropped-hauntedchestsunk.png\" \/>\n<meta name=\"twitter:card\" content=\"summary_large_image\" \/>\n<meta name=\"twitter:label1\" content=\"Tiempo de lectura\" \/>\n\t<meta name=\"twitter:data1\" content=\"3 minutos\" \/>\n<script type=\"application\/ld+json\" class=\"yoast-schema-graph\">{\"@context\":\"https:\/\/schema.org\",\"@graph\":[{\"@type\":\"WebPage\",\"@id\":\"https:\/\/radioactivegaming.eu\/atlas\/haunted-chests\/\",\"url\":\"https:\/\/radioactivegaming.eu\/atlas\/haunted-chests\/\",\"name\":\"Haunted Chests - Radioactive Gaming\",\"isPartOf\":{\"@id\":\"https:\/\/radioactivegaming.eu\/#website\"},\"primaryImageOfPage\":{\"@id\":\"https:\/\/radioactivegaming.eu\/atlas\/haunted-chests\/#primaryimage\"},\"image\":{\"@id\":\"https:\/\/radioactivegaming.eu\/atlas\/haunted-chests\/#primaryimage\"},\"thumbnailUrl\":\"https:\/\/radioactivegaming.eu\/wp-content\/uploads\/2024\/05\/cropped-hauntedchestsunk.png\",\"datePublished\":\"2021-03-17T12:21:41+00:00\",\"dateModified\":\"2024-05-24T20:27:45+00:00\",\"breadcrumb\":{\"@id\":\"https:\/\/radioactivegaming.eu\/atlas\/haunted-chests\/#breadcrumb\"},\"inLanguage\":\"es\",\"potentialAction\":[{\"@type\":\"ReadAction\",\"target\":[\"https:\/\/radioactivegaming.eu\/atlas\/haunted-chests\/\"]}]},{\"@type\":\"ImageObject\",\"inLanguage\":\"es\",\"@id\":\"https:\/\/radioactivegaming.eu\/atlas\/haunted-chests\/#primaryimage\",\"url\":\"https:\/\/radioactivegaming.eu\/wp-content\/uploads\/2024\/05\/cropped-hauntedchestsunk.png\",\"contentUrl\":\"https:\/\/radioactivegaming.eu\/wp-content\/uploads\/2024\/05\/cropped-hauntedchestsunk.png\"},{\"@type\":\"BreadcrumbList\",\"@id\":\"https:\/\/radioactivegaming.eu\/atlas\/haunted-chests\/#breadcrumb\",\"itemListElement\":[{\"@type\":\"ListItem\",\"position\":1,\"name\":\"Startseite\",\"item\":\"https:\/\/radioactivegaming.eu\/\"},{\"@type\":\"ListItem\",\"position\":2,\"name\":\"Atlas\",\"item\":\"https:\/\/radioactivegaming.eu\/atlas\/\"},{\"@type\":\"ListItem\",\"position\":3,\"name\":\"Haunted Chests\"}]},{\"@type\":\"WebSite\",\"@id\":\"https:\/\/radioactivegaming.eu\/#website\",\"url\":\"https:\/\/radioactivegaming.eu\/\",\"name\":\"Radioactive Gaming\",\"description\":\"\",\"publisher\":{\"@id\":\"https:\/\/radioactivegaming.eu\/#organization\"},\"potentialAction\":[{\"@type\":\"SearchAction\",\"target\":{\"@type\":\"EntryPoint\",\"urlTemplate\":\"https:\/\/radioactivegaming.eu\/?s={search_term_string}\"},\"query-input\":{\"@type\":\"PropertyValueSpecification\",\"valueRequired\":true,\"valueName\":\"search_term_string\"}}],\"inLanguage\":\"es\"},{\"@type\":\"Organization\",\"@id\":\"https:\/\/radioactivegaming.eu\/#organization\",\"name\":\"Radioactive Gaming\",\"url\":\"https:\/\/radioactivegaming.eu\/\",\"logo\":{\"@type\":\"ImageObject\",\"inLanguage\":\"es\",\"@id\":\"https:\/\/radioactivegaming.eu\/#\/schema\/logo\/image\/\",\"url\":\"https:\/\/radioactivegaming.eu\/wp-content\/uploads\/2019\/12\/cropped-coin-2.png\",\"contentUrl\":\"https:\/\/radioactivegaming.eu\/wp-content\/uploads\/2019\/12\/cropped-coin-2.png\",\"width\":256,\"height\":256,\"caption\":\"Radioactive Gaming\"},\"image\":{\"@id\":\"https:\/\/radioactivegaming.eu\/#\/schema\/logo\/image\/\"},\"sameAs\":[\"https:\/\/www.youtube.com\/channel\/UCHAH-p_vfp_co-__TB4M14A\"]}]}<\/script>\n<!-- \/ Yoast SEO plugin. -->","yoast_head_json":{"title":"Cofres embrujados - Radioactive Gaming","robots":{"index":"index","follow":"follow","max-snippet":"max-snippet:-1","max-image-preview":"max-image-preview:large","max-video-preview":"max-video-preview:-1"},"canonical":"https:\/\/radioactivegaming.eu\/es\/atlas\/cofres-embrujados\/","og_locale":"es_ES","og_type":"article","og_title":"Haunted Chests - Radioactive Gaming","og_description":"Haunted Chests Diese Kisten k\u00f6nnt ihr auf allen Inseln finden.Sie werden in verschiedene Schwierigkeitsstufen aufgeteilt. Abh\u00e4ngig von der Schwierigkeitsstufe m\u00fcsst ihr die Kiste nach Aktivierung gegen unterschiedlich viele Wellen von Skeletten (Haunted) verteidigen. Das Level und die Menge der Gegner ist ebenfalls von der Schwierigkeitsstufe abh\u00e4ngig. Beachtet jedoch, dass Tiere (Tames) und Gesch\u00fctze an den&hellip; Read more","og_url":"https:\/\/radioactivegaming.eu\/es\/atlas\/cofres-embrujados\/","og_site_name":"Radioactive Gaming","article_modified_time":"2024-05-24T20:27:45+00:00","og_image":[{"url":"https:\/\/radioactivegaming.eu\/wp-content\/uploads\/2024\/05\/cropped-hauntedchestsunk.png","type":"","width":"","height":""}],"twitter_card":"summary_large_image","twitter_misc":{"Tiempo de lectura":"3 minutos"},"schema":{"@context":"https:\/\/schema.org","@graph":[{"@type":"WebPage","@id":"https:\/\/radioactivegaming.eu\/atlas\/haunted-chests\/","url":"https:\/\/radioactivegaming.eu\/atlas\/haunted-chests\/","name":"Cofres embrujados - Radioactive Gaming","isPartOf":{"@id":"https:\/\/radioactivegaming.eu\/#website"},"primaryImageOfPage":{"@id":"https:\/\/radioactivegaming.eu\/atlas\/haunted-chests\/#primaryimage"},"image":{"@id":"https:\/\/radioactivegaming.eu\/atlas\/haunted-chests\/#primaryimage"},"thumbnailUrl":"https:\/\/radioactivegaming.eu\/wp-content\/uploads\/2024\/05\/cropped-hauntedchestsunk.png","datePublished":"2021-03-17T12:21:41+00:00","dateModified":"2024-05-24T20:27:45+00:00","breadcrumb":{"@id":"https:\/\/radioactivegaming.eu\/atlas\/haunted-chests\/#breadcrumb"},"inLanguage":"es","potentialAction":[{"@type":"ReadAction","target":["https:\/\/radioactivegaming.eu\/atlas\/haunted-chests\/"]}]},{"@type":"ImageObject","inLanguage":"es","@id":"https:\/\/radioactivegaming.eu\/atlas\/haunted-chests\/#primaryimage","url":"https:\/\/radioactivegaming.eu\/wp-content\/uploads\/2024\/05\/cropped-hauntedchestsunk.png","contentUrl":"https:\/\/radioactivegaming.eu\/wp-content\/uploads\/2024\/05\/cropped-hauntedchestsunk.png"},{"@type":"BreadcrumbList","@id":"https:\/\/radioactivegaming.eu\/atlas\/haunted-chests\/#breadcrumb","itemListElement":[{"@type":"ListItem","position":1,"name":"Startseite","item":"https:\/\/radioactivegaming.eu\/"},{"@type":"ListItem","position":2,"name":"Atlas","item":"https:\/\/radioactivegaming.eu\/atlas\/"},{"@type":"ListItem","position":3,"name":"Haunted Chests"}]},{"@type":"WebSite","@id":"https:\/\/radioactivegaming.eu\/#website","url":"https:\/\/radioactivegaming.eu\/","name":"Juegos radioactivos","description":"","publisher":{"@id":"https:\/\/radioactivegaming.eu\/#organization"},"potentialAction":[{"@type":"SearchAction","target":{"@type":"EntryPoint","urlTemplate":"https:\/\/radioactivegaming.eu\/?s={search_term_string}"},"query-input":{"@type":"PropertyValueSpecification","valueRequired":true,"valueName":"search_term_string"}}],"inLanguage":"es"},{"@type":"Organization","@id":"https:\/\/radioactivegaming.eu\/#organization","name":"Juegos radioactivos","url":"https:\/\/radioactivegaming.eu\/","logo":{"@type":"ImageObject","inLanguage":"es","@id":"https:\/\/radioactivegaming.eu\/#\/schema\/logo\/image\/","url":"https:\/\/radioactivegaming.eu\/wp-content\/uploads\/2019\/12\/cropped-coin-2.png","contentUrl":"https:\/\/radioactivegaming.eu\/wp-content\/uploads\/2019\/12\/cropped-coin-2.png","width":256,"height":256,"caption":"Radioactive Gaming"},"image":{"@id":"https:\/\/radioactivegaming.eu\/#\/schema\/logo\/image\/"},"sameAs":["https:\/\/www.youtube.com\/channel\/UCHAH-p_vfp_co-__TB4M14A"]}]}},"jetpack_sharing_enabled":true,"_links":{"self":[{"href":"https:\/\/radioactivegaming.eu\/es\/wp-json\/wp\/v2\/pages\/3098","targetHints":{"allow":["GET"]}}],"collection":[{"href":"https:\/\/radioactivegaming.eu\/es\/wp-json\/wp\/v2\/pages"}],"about":[{"href":"https:\/\/radioactivegaming.eu\/es\/wp-json\/wp\/v2\/types\/page"}],"author":[{"embeddable":true,"href":"https:\/\/radioactivegaming.eu\/es\/wp-json\/wp\/v2\/users\/1"}],"replies":[{"embeddable":true,"href":"https:\/\/radioactivegaming.eu\/es\/wp-json\/wp\/v2\/comments?post=3098"}],"version-history":[{"count":7,"href":"https:\/\/radioactivegaming.eu\/es\/wp-json\/wp\/v2\/pages\/3098\/revisions"}],"predecessor-version":[{"id":5393,"href":"https:\/\/radioactivegaming.eu\/es\/wp-json\/wp\/v2\/pages\/3098\/revisions\/5393"}],"up":[{"embeddable":true,"href":"https:\/\/radioactivegaming.eu\/es\/wp-json\/wp\/v2\/pages\/13"}],"wp:attachment":[{"href":"https:\/\/radioactivegaming.eu\/es\/wp-json\/wp\/v2\/media?parent=3098"}],"curies":[{"name":"wp","href":"https:\/\/api.w.org\/{rel}","templated":true}]}}