{"id":3125,"date":"2021-03-17T15:03:11","date_gmt":"2021-03-17T14:03:11","guid":{"rendered":"https:\/\/radioactivegaming.eu\/?page_id=3125"},"modified":"2024-05-24T22:29:01","modified_gmt":"2024-05-24T20:29:01","slug":"jefes","status":"publish","type":"page","link":"https:\/\/radioactivegaming.eu\/es\/atlas\/jefes\/","title":{"rendered":"Jefes"},"content":{"rendered":"<div  data-label=\"About\" data-id=\"about--2\" data-export-id=\"about-image-text\" data-category=\"about\" class=\"about-image-text content-section content-section-spacing content-relative\" id=\"about-2\" style=\"background-color: rgb(245, 250, 253);\"><div  class=\"section-separator-top\">\n    <svg  class=\"section-separator-top\" data-separator-name=\"triangle-asymmetrical-negative\" preserveaspectratio=\"none\" viewbox=\"0 0 1000 100\" xmlns=\"http:\/\/www.w3.org\/2000\/svg\">\n        <path  class=\"svg-white-bg\" d=\"M737.9,94.7L0,0v100h1000V0L737.9,94.7z\"><\/path>\n    <\/svg>\n<\/div><div  class=\"gridContainer\"> <div  class=\"row\"><div  class=\"col-sm-6 flexbox-strech center-xs middle-xs no-gutter-col\"> <div  class=\"shadow-large overlap-right-large flexbox middle-xs center-xs left-img\" data-bg=\"image\" style=\"background-image: url(&quot;https:\/\/radioactivegaming.eu\/wp-content\/uploads\/2021\/03\/cropped-20210317150713_1-scaled-4.jpg&quot;);\"><\/div><\/div> <div  class=\"col-sm-6 space-bottom-xs col-padding-small-xs col-sm-padding-large bg-color5 white-text content-col\" data-type=\"column\"> <h2  class=\"\">Drag\u00f3n negro<\/h2> <p  class=\"\">Se rumorea que hay un nuevo tipo de drag\u00f3n, como una sombra negra que quema animales, personas \u00a1e incluso hunde barcos!<br >\nEs mucho m\u00e1s fuerte que la variante normal y aparece muy raramente en una de las islas PowerStone, donde tambi\u00e9n se encuentran dragones normales.<br >\nNo se puede domesticar y suelta una escama de drag\u00f3n negra.\n<br ><br >\nDesbloquea la construcci\u00f3n del Establo.<br ><br >Quest: Asesino del Drag\u00f3n Negro<\/p><\/div> <\/div><\/div> <\/div><div  data-label=\"About\" data-id=\"about--3\" data-export-id=\"about-text-image\" data-category=\"about\" class=\"about-text-image content-section content-section-spacing\" id=\"about-3\" style=\"background-color: rgb(255, 255, 255);\"><div  class=\"gridContainer\"> <div  class=\"row\"><div  class=\"col-sm-6 col-padding-small-xs col-sm-padding-large bg-color5 white-text content-col\" data-type=\"column\">  <h2  class=\"\">Narwale<\/h2> <p  class=\"\">Dicen que quien ve el cuerno del narval en las regiones polares, \u00a1ha llegado su \u00faltima hora!\n<br ><br >\nCasi inmune a las balas de ca\u00f1\u00f3n y muy r\u00e1pido, un verdadero monstruo que eclipsa a todas las dem\u00e1s ballenas.<br ><br >\nQuest: \"Asesino de Narwale<br >\nCompletarlo desbloquea el Catalejo M\u00edtico, \u00a1que permite ver las estad\u00edsticas de los animales salvajes y propios! \u00a1\u00a1\u00a1Imprescindible para todo domador\/criador!!!<\/p><\/div> <div  class=\"col-sm-6 flexbox-strech center-xs middle-xs no-gutter-col\"><div  class=\"shadow-large overlap-left-large flexbox middle-xs center-xs right-img\" data-bg=\"image\" style=\"background-image: url(&quot;https:\/\/radioactivegaming.eu\/wp-content\/uploads\/2021\/03\/cropped-94f42ab24d666c6c948eed3d1b252e9d-scaled-1.jpg&quot;);\"><\/div><\/div> <\/div><\/div> <\/div><div  data-label=\"About\" data-id=\"about--5\" data-export-id=\"about-image-text\" data-category=\"about\" class=\"about-image-text content-section content-section-spacing\" id=\"about-5\" style=\"background-color: rgb(255, 255, 255);\"><div  class=\"gridContainer\"> <div  class=\"row\"><div  class=\"col-sm-6 flexbox-strech center-xs middle-xs no-gutter-col\"> <div  class=\"shadow-large overlap-right-large flexbox middle-xs center-xs left-img\" data-bg=\"image\" style=\"background-image: url(&quot;https:\/\/radioactivegaming.eu\/wp-content\/uploads\/2021\/03\/cropped-20210317153021_1-scaled-1.jpg&quot;);\"><\/div><\/div> <div  class=\"col-sm-6 space-bottom-xs col-padding-small-xs col-sm-padding-large bg-color5 white-text content-col\" data-type=\"column\"> <h2  class=\"\">La niebla negra<\/h2> <p  class=\"\">\u00bfConoces la vieja leyenda de la niebla negra que cubre el mar?\n<br >Oscuro y amenazador se extend\u00eda sobre el agua, se dec\u00eda que escond\u00eda grandes tesoros, pero ning\u00fan barco que se atreviera a entrar en \u00e9l regresaba jam\u00e1s...\n<br >Los buques de guerra m\u00e1s poderosos y las mejores tripulaciones se han perdido, la muerte h\u00fameda se ha abatido sobre todos ellos.<\/p><\/div> <\/div><\/div> <\/div><div  data-label=\"About\" data-id=\"about--7\" data-export-id=\"about-image-text\" data-category=\"about\" class=\"about-image-text content-section content-section-spacing\" id=\"about-7\" style=\"background-color: rgb(245, 250, 253);\"><div  class=\"gridContainer\"> <div  class=\"row\"><div  class=\"col-sm-6 flexbox-strech center-xs middle-xs no-gutter-col\"> <div  class=\"shadow-large overlap-right-large flexbox middle-xs center-xs left-img\" data-bg=\"image\" style=\"background-image: url(&quot;https:\/\/radioactivegaming.eu\/wp-content\/uploads\/2022\/01\/SPOILER_unknown.png&quot;);\"><\/div><\/div> <div  class=\"col-sm-6 space-bottom-xs col-padding-small-xs col-sm-padding-large bg-color5 white-text content-col\" data-type=\"column\"> <h2  class=\"\">Ballena luminosa<\/h2> <p  class=\"\">Esta ballena emite una luz ominosa. Se puede obtener Sustancia Luminosa de su cad\u00e1ver.\n<br ><br >\nS\u00f3lo aparecen bajo el agua, por lo que su caza es dif\u00edcil.\n<br ><br >\nEstas ballenas son muy fuertes y r\u00e1pidas, as\u00ed que deber\u00edas intentar matarlas a distancia.<\/p><\/div> <\/div><\/div> <\/div><div  data-label=\"About\" data-id=\"about--8\" data-export-id=\"about-5\" data-category=\"about\" class=\"about-5 content-section content-section-spacing\" id=\"about-8\" style=\"background-color: rgb(255, 255, 255);\"><div  class=\"gridContainer\"> <div  class=\"row middle-sm text-center\"><div  class=\"col-sm-6 space-bottom-xs\" data-type=\"column\">  <h2  class=\"\">El pulpo<\/h2> <p  class=\"\">Puedes invocar al Kraken en 3 versiones diferentes\n<br >F\u00e1cil\n<br >Duro\n<br >Muy Dif\u00edcil\n<br ><br >&nbsp;Adem\u00e1s, hay un modo desaf\u00edo disponible para cada Kraken, que aumenta a\u00fan m\u00e1s el reto (necesitas un <a data-mce-href=\"..\/..\/de_de\/atlas\/haunted-chests\/#sunkenhaunted\" href=\"https:\/\/radioactivegaming.eu\/de_de\/atlas\/haunted-chests\/#sunkenhaunted\" target=\"_self\" data-mce-selected=\"inline-boundary\" data-cp-link=\"1\" rel=\"noopener\">IcyPearl<\/a>!)<br ><br >El Kraken correspondiente se invoca en el C3 a trav\u00e9s de tu inventario (receta de artesan\u00eda).\n<br >Las Power Stones las sueltan los jefes en las islas PowerStone.<\/p> <img  decoding=\"async\" class=\"custom-image\" src=\"https:\/\/radioactivegaming.eu\/wp-content\/uploads\/2024\/05\/krakenrecipe.png\" title=\"krakenrecipe\" alt=\"\"><\/div> <div  class=\"col-sm-6 flexbox image-group-right-2 around-xs top-xs space-bottom-xs\"><div  class=\"left-el\"> <img  decoding=\"async\" class=\"shadow-large\" data-size=\"300x430\" src=\"https:\/\/radioactivegaming.eu\/wp-content\/uploads\/2024\/05\/cropped-kraken.png\" title=\"pulpo-recortado.png\" alt=\"\"><\/div> <div  class=\"right-el\"> <img  decoding=\"async\" class=\"shadow-large\" data-size=\"300x430\" src=\"https:\/\/radioactivegaming.eu\/wp-content\/uploads\/2024\/05\/cropped-kraken-1.png\" title=\"pulpo recortado-1.png\" alt=\"\"><\/div> <div  class=\"center-overlay inner-shadow border-large\"><\/div><\/div> <\/div><\/div> <\/div><div  data-label=\"About\" data-id=\"about--4\" data-export-id=\"about-text-image\" data-category=\"about\" class=\"about-text-image content-section content-section-spacing\" id=\"about-4\" style=\"background-color: rgb(245, 250, 253);\"><div  class=\"gridContainer\"> <div  class=\"row\"><div  class=\"col-sm-6 col-padding-small-xs col-sm-padding-large bg-color5 white-text content-col\" data-type=\"column\">  <h2  class=\"\">Pulpo abominable<\/h2> <p  class=\"\">Los gritos de muerte de sus hijos le han despertado, ha dormitado durante mucho tiempo, pero ahora emerge. \u00bfTe enfrentar\u00e1s a \u00e9l?\n<br ><br >\nEste pulpo es un monstruo entre los monstruos.<br >\n\"Modo Desaf\u00edo\" del Kraken.\n<br ><br >\nEste Kraken puede ser invocado como el Kraken Duro.<\/p><\/div> <div  class=\"col-sm-6 flexbox-strech center-xs middle-xs no-gutter-col\"><div  class=\"shadow-large overlap-left-large flexbox middle-xs center-xs right-img\" data-bg=\"image\" style=\"background-image: url(&quot;https:\/\/radioactivegaming.eu\/wp-content\/uploads\/2021\/03\/cropped-20210212210105_1-scaled-1.jpg&quot;);\"><\/div><\/div> <\/div><\/div> <\/div><div  data-label=\"About\" data-id=\"about--10\" data-export-id=\"about-6\" data-category=\"about\" class=\"about-6 content-section content-section-spacing\" id=\"about-10\" style=\"background-color: rgb(245, 250, 253);\"><div  class=\"gridContainer\"> <div  class=\"row middle-sm text-center\"><div  class=\"col-sm-6 space-bottom-xs\" data-type=\"column\">  <h2  class=\"\">Leviat\u00e1n<\/h2> <p  class=\"\">Barcos, hidras, \u00a1incluso otras ballenas son devoradas por ella!\n<br ><br >\nEl gigante de los mares te presenta nuevos retos y nuevas mec\u00e1nicas.<br >\nAverigua c\u00f3mo evitar que te congelen y c\u00f3mo aturdir al Leviat\u00e1n.\n<br ><br >\nTen en cuenta que este combate contra el jefe tiene lugar en diferentes fases, tanto por encima como por debajo del agua.\n<br ><br >Invocado como el Kraken en C3 mediante receta.\n<br >(para la invocaci\u00f3n se necesita un <a data-mce-href=\"..\/..\/de_de\/atlas\/haunted-chests\/#sunkenhaunted\" href=\"..\/..\/de_de\/atlas\/haunted-chests\/#sunkenhaunted\" target=\"_self\" data-mce-selected=\"inline-boundary\" data-cp-link=\"1\" rel=\"noopener\">IcyPearl<\/a>!)<\/p> <\/div> <div  class=\"col-sm-6 image-group-right-3 space-bottom-xs\"><div  class=\"top-media\"> <img  decoding=\"async\" class=\"shadow-large\" data-size=\"350x250\" src=\"https:\/\/radioactivegaming.eu\/wp-content\/uploads\/2024\/05\/cropped-levi2.png\" title=\"recorte-levi2.png\" alt=\"\"><\/div> <div  class=\"bottom-media\"> <img  decoding=\"async\" class=\"shadow-large\" data-size=\"350x250\" src=\"https:\/\/radioactivegaming.eu\/wp-content\/uploads\/2024\/05\/levi3.png\" title=\"levi3\" alt=\"\"><\/div> <div  class=\"left-media\"> <img  decoding=\"async\" class=\"shadow-large\" data-size=\"350x400\" src=\"https:\/\/radioactivegaming.eu\/wp-content\/uploads\/2024\/05\/levi1.png\" title=\"levi1\" alt=\"\"> <div  class=\"offset-double-border-overlay\"> <div  class=\"border-1 shadow-small\"><\/div> <div  class=\"border-2\"><\/div><\/div> <\/div><\/div> <\/div><\/div> <\/div>","protected":false},"excerpt":{"rendered":"<p>Drag\u00f3n negro Se rumorea que existe un nuevo tipo de drag\u00f3n que, como una sombra negra, quema animales, personas e incluso hunde barcos. Es mucho m\u00e1s fuerte que la variante normal y desova muy raramente en una de las islas PowerStone, donde tambi\u00e9n aparecen dragones normales. No se puede domesticar y deja una escama de drag\u00f3n negra... <br \/> <a class=\"read-more\" href=\"https:\/\/radioactivegaming.eu\/es\/atlas\/jefes\/\">Seguir leyendo<\/a><\/p>","protected":false},"author":1,"featured_media":0,"parent":13,"menu_order":0,"comment_status":"closed","ping_status":"closed","template":"pro\/page-templates\/full-width-page.php","meta":{"footnotes":""},"class_list":["post-3125","page","type-page","status-publish","hentry"],"yoast_head":"<!-- This site is optimized with the Yoast SEO plugin v26.3 - https:\/\/yoast.com\/wordpress\/plugins\/seo\/ -->\n<title>Bosse - Radioactive Gaming<\/title>\n<meta name=\"robots\" content=\"index, follow, max-snippet:-1, max-image-preview:large, max-video-preview:-1\" \/>\n<link rel=\"canonical\" href=\"https:\/\/radioactivegaming.eu\/es\/atlas\/jefes\/\" \/>\n<meta property=\"og:locale\" content=\"es_ES\" \/>\n<meta property=\"og:type\" content=\"article\" \/>\n<meta property=\"og:title\" content=\"Bosse - Radioactive Gaming\" \/>\n<meta property=\"og:description\" content=\"Black Dragon Man munkelt es gibt eine neue Art Drache, wie ein schwarzer Schatten verbrennt er Tiere, Menschen und versenkt sogar Schiffe! Er ist um einiges st\u00e4rker als die normale Variante und spawnt \u00e4u\u00dferst selten auf einer der PowerStone Inseln, auf der auch normale Drachen vorkommen. Er ist nicht z\u00e4hmbar und l\u00e4sst eine schwarze Drachenschuppe&hellip; Read more\" \/>\n<meta property=\"og:url\" content=\"https:\/\/radioactivegaming.eu\/es\/atlas\/jefes\/\" \/>\n<meta property=\"og:site_name\" content=\"Radioactive Gaming\" \/>\n<meta property=\"article:modified_time\" content=\"2024-05-24T20:29:01+00:00\" \/>\n<meta property=\"og:image\" content=\"https:\/\/radioactivegaming.eu\/wp-content\/uploads\/2024\/05\/krakenrecipe.png\" \/>\n<meta name=\"twitter:card\" content=\"summary_large_image\" \/>\n<meta name=\"twitter:label1\" content=\"Tiempo de lectura\" \/>\n\t<meta name=\"twitter:data1\" content=\"2 minutos\" \/>\n<script type=\"application\/ld+json\" class=\"yoast-schema-graph\">{\"@context\":\"https:\/\/schema.org\",\"@graph\":[{\"@type\":\"WebPage\",\"@id\":\"https:\/\/radioactivegaming.eu\/atlas\/bosse\/\",\"url\":\"https:\/\/radioactivegaming.eu\/atlas\/bosse\/\",\"name\":\"Bosse - Radioactive Gaming\",\"isPartOf\":{\"@id\":\"https:\/\/radioactivegaming.eu\/#website\"},\"primaryImageOfPage\":{\"@id\":\"https:\/\/radioactivegaming.eu\/atlas\/bosse\/#primaryimage\"},\"image\":{\"@id\":\"https:\/\/radioactivegaming.eu\/atlas\/bosse\/#primaryimage\"},\"thumbnailUrl\":\"https:\/\/radioactivegaming.eu\/wp-content\/uploads\/2024\/05\/krakenrecipe.png\",\"datePublished\":\"2021-03-17T14:03:11+00:00\",\"dateModified\":\"2024-05-24T20:29:01+00:00\",\"breadcrumb\":{\"@id\":\"https:\/\/radioactivegaming.eu\/atlas\/bosse\/#breadcrumb\"},\"inLanguage\":\"es\",\"potentialAction\":[{\"@type\":\"ReadAction\",\"target\":[\"https:\/\/radioactivegaming.eu\/atlas\/bosse\/\"]}]},{\"@type\":\"ImageObject\",\"inLanguage\":\"es\",\"@id\":\"https:\/\/radioactivegaming.eu\/atlas\/bosse\/#primaryimage\",\"url\":\"https:\/\/radioactivegaming.eu\/wp-content\/uploads\/2024\/05\/krakenrecipe.png\",\"contentUrl\":\"https:\/\/radioactivegaming.eu\/wp-content\/uploads\/2024\/05\/krakenrecipe.png\"},{\"@type\":\"BreadcrumbList\",\"@id\":\"https:\/\/radioactivegaming.eu\/atlas\/bosse\/#breadcrumb\",\"itemListElement\":[{\"@type\":\"ListItem\",\"position\":1,\"name\":\"Startseite\",\"item\":\"https:\/\/radioactivegaming.eu\/\"},{\"@type\":\"ListItem\",\"position\":2,\"name\":\"Atlas\",\"item\":\"https:\/\/radioactivegaming.eu\/atlas\/\"},{\"@type\":\"ListItem\",\"position\":3,\"name\":\"Bosse\"}]},{\"@type\":\"WebSite\",\"@id\":\"https:\/\/radioactivegaming.eu\/#website\",\"url\":\"https:\/\/radioactivegaming.eu\/\",\"name\":\"Radioactive Gaming\",\"description\":\"\",\"publisher\":{\"@id\":\"https:\/\/radioactivegaming.eu\/#organization\"},\"potentialAction\":[{\"@type\":\"SearchAction\",\"target\":{\"@type\":\"EntryPoint\",\"urlTemplate\":\"https:\/\/radioactivegaming.eu\/?s={search_term_string}\"},\"query-input\":{\"@type\":\"PropertyValueSpecification\",\"valueRequired\":true,\"valueName\":\"search_term_string\"}}],\"inLanguage\":\"es\"},{\"@type\":\"Organization\",\"@id\":\"https:\/\/radioactivegaming.eu\/#organization\",\"name\":\"Radioactive Gaming\",\"url\":\"https:\/\/radioactivegaming.eu\/\",\"logo\":{\"@type\":\"ImageObject\",\"inLanguage\":\"es\",\"@id\":\"https:\/\/radioactivegaming.eu\/#\/schema\/logo\/image\/\",\"url\":\"https:\/\/radioactivegaming.eu\/wp-content\/uploads\/2019\/12\/cropped-coin-2.png\",\"contentUrl\":\"https:\/\/radioactivegaming.eu\/wp-content\/uploads\/2019\/12\/cropped-coin-2.png\",\"width\":256,\"height\":256,\"caption\":\"Radioactive Gaming\"},\"image\":{\"@id\":\"https:\/\/radioactivegaming.eu\/#\/schema\/logo\/image\/\"},\"sameAs\":[\"https:\/\/www.youtube.com\/channel\/UCHAH-p_vfp_co-__TB4M14A\"]}]}<\/script>\n<!-- \/ Yoast SEO plugin. -->","yoast_head_json":{"title":"Jefes - Radioactive Gaming","robots":{"index":"index","follow":"follow","max-snippet":"max-snippet:-1","max-image-preview":"max-image-preview:large","max-video-preview":"max-video-preview:-1"},"canonical":"https:\/\/radioactivegaming.eu\/es\/atlas\/jefes\/","og_locale":"es_ES","og_type":"article","og_title":"Bosse - Radioactive Gaming","og_description":"Black Dragon Man munkelt es gibt eine neue Art Drache, wie ein schwarzer Schatten verbrennt er Tiere, Menschen und versenkt sogar Schiffe! Er ist um einiges st\u00e4rker als die normale Variante und spawnt \u00e4u\u00dferst selten auf einer der PowerStone Inseln, auf der auch normale Drachen vorkommen. Er ist nicht z\u00e4hmbar und l\u00e4sst eine schwarze Drachenschuppe&hellip; Read more","og_url":"https:\/\/radioactivegaming.eu\/es\/atlas\/jefes\/","og_site_name":"Radioactive Gaming","article_modified_time":"2024-05-24T20:29:01+00:00","og_image":[{"url":"https:\/\/radioactivegaming.eu\/wp-content\/uploads\/2024\/05\/krakenrecipe.png","type":"","width":"","height":""}],"twitter_card":"summary_large_image","twitter_misc":{"Tiempo de lectura":"2 minutos"},"schema":{"@context":"https:\/\/schema.org","@graph":[{"@type":"WebPage","@id":"https:\/\/radioactivegaming.eu\/atlas\/bosse\/","url":"https:\/\/radioactivegaming.eu\/atlas\/bosse\/","name":"Jefes - Radioactive Gaming","isPartOf":{"@id":"https:\/\/radioactivegaming.eu\/#website"},"primaryImageOfPage":{"@id":"https:\/\/radioactivegaming.eu\/atlas\/bosse\/#primaryimage"},"image":{"@id":"https:\/\/radioactivegaming.eu\/atlas\/bosse\/#primaryimage"},"thumbnailUrl":"https:\/\/radioactivegaming.eu\/wp-content\/uploads\/2024\/05\/krakenrecipe.png","datePublished":"2021-03-17T14:03:11+00:00","dateModified":"2024-05-24T20:29:01+00:00","breadcrumb":{"@id":"https:\/\/radioactivegaming.eu\/atlas\/bosse\/#breadcrumb"},"inLanguage":"es","potentialAction":[{"@type":"ReadAction","target":["https:\/\/radioactivegaming.eu\/atlas\/bosse\/"]}]},{"@type":"ImageObject","inLanguage":"es","@id":"https:\/\/radioactivegaming.eu\/atlas\/bosse\/#primaryimage","url":"https:\/\/radioactivegaming.eu\/wp-content\/uploads\/2024\/05\/krakenrecipe.png","contentUrl":"https:\/\/radioactivegaming.eu\/wp-content\/uploads\/2024\/05\/krakenrecipe.png"},{"@type":"BreadcrumbList","@id":"https:\/\/radioactivegaming.eu\/atlas\/bosse\/#breadcrumb","itemListElement":[{"@type":"ListItem","position":1,"name":"Startseite","item":"https:\/\/radioactivegaming.eu\/"},{"@type":"ListItem","position":2,"name":"Atlas","item":"https:\/\/radioactivegaming.eu\/atlas\/"},{"@type":"ListItem","position":3,"name":"Bosse"}]},{"@type":"WebSite","@id":"https:\/\/radioactivegaming.eu\/#website","url":"https:\/\/radioactivegaming.eu\/","name":"Juegos radioactivos","description":"","publisher":{"@id":"https:\/\/radioactivegaming.eu\/#organization"},"potentialAction":[{"@type":"SearchAction","target":{"@type":"EntryPoint","urlTemplate":"https:\/\/radioactivegaming.eu\/?s={search_term_string}"},"query-input":{"@type":"PropertyValueSpecification","valueRequired":true,"valueName":"search_term_string"}}],"inLanguage":"es"},{"@type":"Organization","@id":"https:\/\/radioactivegaming.eu\/#organization","name":"Juegos radioactivos","url":"https:\/\/radioactivegaming.eu\/","logo":{"@type":"ImageObject","inLanguage":"es","@id":"https:\/\/radioactivegaming.eu\/#\/schema\/logo\/image\/","url":"https:\/\/radioactivegaming.eu\/wp-content\/uploads\/2019\/12\/cropped-coin-2.png","contentUrl":"https:\/\/radioactivegaming.eu\/wp-content\/uploads\/2019\/12\/cropped-coin-2.png","width":256,"height":256,"caption":"Radioactive Gaming"},"image":{"@id":"https:\/\/radioactivegaming.eu\/#\/schema\/logo\/image\/"},"sameAs":["https:\/\/www.youtube.com\/channel\/UCHAH-p_vfp_co-__TB4M14A"]}]}},"jetpack_sharing_enabled":true,"_links":{"self":[{"href":"https:\/\/radioactivegaming.eu\/es\/wp-json\/wp\/v2\/pages\/3125","targetHints":{"allow":["GET"]}}],"collection":[{"href":"https:\/\/radioactivegaming.eu\/es\/wp-json\/wp\/v2\/pages"}],"about":[{"href":"https:\/\/radioactivegaming.eu\/es\/wp-json\/wp\/v2\/types\/page"}],"author":[{"embeddable":true,"href":"https:\/\/radioactivegaming.eu\/es\/wp-json\/wp\/v2\/users\/1"}],"replies":[{"embeddable":true,"href":"https:\/\/radioactivegaming.eu\/es\/wp-json\/wp\/v2\/comments?post=3125"}],"version-history":[{"count":12,"href":"https:\/\/radioactivegaming.eu\/es\/wp-json\/wp\/v2\/pages\/3125\/revisions"}],"predecessor-version":[{"id":5395,"href":"https:\/\/radioactivegaming.eu\/es\/wp-json\/wp\/v2\/pages\/3125\/revisions\/5395"}],"up":[{"embeddable":true,"href":"https:\/\/radioactivegaming.eu\/es\/wp-json\/wp\/v2\/pages\/13"}],"wp:attachment":[{"href":"https:\/\/radioactivegaming.eu\/es\/wp-json\/wp\/v2\/media?parent=3125"}],"curies":[{"name":"wp","href":"https:\/\/api.w.org\/{rel}","templated":true}]}}