{"id":3149,"date":"2021-03-17T15:45:15","date_gmt":"2021-03-17T14:45:15","guid":{"rendered":"https:\/\/radioactivegaming.eu\/?page_id=3149"},"modified":"2024-05-25T00:32:07","modified_gmt":"2024-05-24T22:32:07","slug":"medio-ambiente","status":"publish","type":"page","link":"https:\/\/radioactivegaming.eu\/es\/atlas\/medio-ambiente\/","title":{"rendered":"medio ambiente"},"content":{"rendered":"<div data-label=\"About\" data-id=\"about--5\" data-export-id=\"about-6\" data-category=\"about\" class=\"about-6 content-section content-section-spacing\" id=\"about-5\"  style=\"background-color: rgb(255, 255, 255);\"><div class=\"gridContainer\" > <div class=\"row middle-sm text-center\" ><div class=\"col-sm-6 space-bottom-xs\" data-type=\"column\" >  <h2 class=\"\" >Campamentos<\/h2> <p class=\"\" >\u00a1Puedes encontrar estas bases NPC aleatoriamente en todas las islas!\n<br ><br >\nSon agresivos contigo.\n<br ><br >\nSi consigues atravesar sus defensas y matar a todos los PNJ, podr\u00e1s saquearlos en la bandera\n<br ><br >Son la \u00fanica fuente de planos de estructuras.<\/p> <\/div> <div class=\"col-sm-6 image-group-right-3 space-bottom-xs\" ><div class=\"top-media\" > <img decoding=\"async\" class=\"shadow-large\" data-size=\"350x250\" src=\"https:\/\/radioactivegaming.eu\/wp-content\/uploads\/2024\/05\/camp2.png\"  title=\"campamento2\" alt=\"\"><\/div> <div class=\"bottom-media\" > <img decoding=\"async\" class=\"shadow-large\" data-size=\"350x250\" src=\"https:\/\/radioactivegaming.eu\/wp-content\/uploads\/2024\/05\/camp3.png\"  title=\"campamento3\" alt=\"\"><\/div> <div class=\"left-media\" > <img decoding=\"async\" class=\"shadow-large\" data-size=\"350x400\" src=\"https:\/\/radioactivegaming.eu\/wp-content\/uploads\/2024\/05\/camp1.png\"  title=\"campamento1\" alt=\"\"> <div class=\"offset-double-border-overlay\" > <div class=\"border-1 shadow-small\" ><\/div> <div class=\"border-2\" ><\/div><\/div> <\/div><\/div> <\/div><\/div> <\/div><div  data-label=\"About\" data-id=\"about--1\" data-export-id=\"about-image-text\" data-category=\"about\" class=\"about-image-text content-section content-section-spacing content-relative\" id=\"about-1\" style=\"background-color: rgb(255, 255, 255);\"><div  class=\"gridContainer\"> <div  class=\"row\"><div  class=\"col-sm-6 flexbox-strech center-xs middle-xs no-gutter-col\"> <div  class=\"shadow-large overlap-right-large flexbox middle-xs center-xs left-img\" data-bg=\"image\" style=\"background-image: url(&quot;https:\/\/radioactivegaming.eu\/wp-content\/uploads\/2021\/03\/cropped-20210317153812_1.jpg&quot;);\"><\/div><\/div> <div  class=\"col-sm-6 space-bottom-xs col-padding-small-xs col-sm-padding-large bg-color5 white-text content-col\" data-type=\"column\"> <h2  class=\"\">Iceberg<\/h2> <p  class=\"\">Se dan en las regiones polares y, ocasionalmente, en la tundra, pero, por supuesto, tambi\u00e9n pueden abrirse camino en regiones vecinas m\u00e1s c\u00e1lidas.\n<br ><br >\nLos icebergs son objetos m\u00f3viles que se desplazan lentamente por las rejillas, pueden ser alcanzados por un personaje flotante.\n<br ><br ><br >\nCuando entran en contacto con los buques, causan da\u00f1os (similar a embestir bancos de arena).<br >\nEl da\u00f1o depende de la velocidad.\n<br ><br >\nLos icebergs no se pueden bloquear, empujan incluso a un Galli\n<br ><br ><br >\nAdem\u00e1s del hielo, que se puede extraer del iceberg con picos de metal, \u00a1tambi\u00e9n se pueden encontrar recursos raros en ellos!<\/p><\/div> <\/div><\/div> <\/div><div  data-label=\"About\" data-id=\"about--4\" data-export-id=\"about-5\" data-category=\"about\" class=\"about-5 content-section content-section-spacing\" id=\"about-4\" style=\"background-color: rgb(245, 250, 253);\"><div  class=\"gridContainer\"> <div  class=\"row middle-sm text-center\"><div  class=\"col-sm-6 space-bottom-xs\" data-type=\"column\">  <h2  class=\"\">Barco de vapor en llamas<\/h2> <p  class=\"\">Rodeado por una marea negra, este pecio te promete presas interesantes, pero debes abstenerte de aparcar tu barco en el fuego, \u00a1lo cual es realmente l\u00f3gico!<\/p> <\/div> <div  class=\"col-sm-6 flexbox image-group-right-2 around-xs top-xs space-bottom-xs\"><div  class=\"left-el\"> <img decoding=\"async\"  class=\"shadow-large\" data-size=\"300x430\" src=\"https:\/\/radioactivegaming.eu\/wp-content\/uploads\/2024\/05\/cropped-steamship2.png\" title=\"barco-vapor recortado2.png\" alt=\"\"><\/div> <div  class=\"right-el\"> <img decoding=\"async\"  class=\"shadow-large\" data-size=\"300x430\" src=\"https:\/\/radioactivegaming.eu\/wp-content\/uploads\/2024\/05\/cropped-steamship.png\" title=\"recorte-barco-de-vapor.png\" alt=\"\"><\/div> <div  class=\"center-overlay inner-shadow border-large\"><\/div><\/div> <\/div><\/div> <\/div><div  data-label=\"About\" data-id=\"about--3\" data-export-id=\"about-image-text\" data-category=\"about\" class=\"about-image-text content-section content-section-spacing\" id=\"about-3\" style=\"background-color: rgb(255, 255, 255);\"><div  class=\"gridContainer\"> <div  class=\"row\"><div  class=\"col-sm-6 flexbox-strech center-xs middle-xs no-gutter-col\"> <div  class=\"shadow-large overlap-right-large flexbox middle-xs center-xs left-img\" data-bg=\"image\" style=\"background-image: url(&quot;https:\/\/radioactivegaming.eu\/wp-content\/uploads\/2024\/05\/floating.png&quot;);\"><\/div><\/div> <div  class=\"col-sm-6 space-bottom-xs col-padding-small-xs col-sm-padding-large bg-color5 white-text content-col\" data-type=\"column\"> <h2  class=\"\">Pecios a la deriva<\/h2> <p  class=\"\">\u00a1Muchos naufragios no se hunden despu\u00e9s de una pelea!\n<br >Por desgracia, el bot\u00edn se ha perdido, \u00a1pero a\u00fan puedes encontrar los restos de la tripulaci\u00f3n a bordo! \u00bfQuiz\u00e1 puedas utilizarlos?\n<br ><br >El desmontaje tambi\u00e9n podr\u00eda merecer la pena.\n<br >Sin embargo, necesitar\u00e1s un buen hacha<\/p><\/div> <\/div><\/div> <\/div><div  data-label=\"Features\" data-id=\"features--1\" data-export-id=\"features-16\" data-category=\"features\" class=\"features-16 content-section content-section-spacing\" id=\"features-1\" style=\"background-color: rgb(245, 250, 253);\"><div  class=\"gridContainer\"> <div  class=\"row text-center\"><div  class=\"section-title-col\" data-type=\"column\"> <h2  class=\"\">Tiempo<\/h2> <p  class=\"lead\">En Radioactive, encontrar\u00e1s efectos meteorol\u00f3gicos que no encontrar\u00e1s en ning\u00fan otro sitio<\/p><\/div> <\/div> <div  class=\"row spaced-cols center-sm\" data-type=\"row\"> <div  class=\"col-xs-12 col-sm-6 col-md-4 space-bottom\"> <img decoding=\"async\"  class=\"face\" src=\"https:\/\/radioactivegaming.eu\/wp-content\/uploads\/2024\/05\/hail.png\" title=\"salve\" alt=\"\"> <div  data-type=\"column\" class=\"col-padding-small col-padding-small-xs description-container\"> <h4  class=\"font-500\">Salve<\/h4> <p  class=\"\">\u00a1\u00bfNo s\u00f3lo lluvia sino granizo?!\n<br ><br >Esperemos que no haga demasiado fr\u00edo para los beb\u00e9s.<\/p> <\/div> <\/div> <div  class=\"col-xs-12 col-sm-6 col-md-4 space-bottom\"> <img decoding=\"async\"  class=\"face\" src=\"https:\/\/radioactivegaming.eu\/wp-content\/uploads\/2024\/05\/sandstorm.png\" title=\"tormenta de arena\" alt=\"\"> <div  data-type=\"column\" class=\"col-padding-small col-padding-small-xs description-container\"> <h4  class=\"font-500\">Tormenta de arena<\/h4> <p  class=\"\">Este tiempo se da a veces en el desierto.\n<br >\n<br >Lo mejor es una m\u00e1scara contra tormentas de arena. Pero en caso de apuro, una tienda de campa\u00f1a o un edificio tambi\u00e9n te proporcionar\u00e1n protecci\u00f3n suficiente.<\/p> <\/div> <\/div> <div  class=\"col-xs-12 col-sm-6 col-md-4 space-bottom\"> <img decoding=\"async\"  class=\"face\" src=\"https:\/\/radioactivegaming.eu\/wp-content\/uploads\/2024\/05\/blizzard.png\" title=\"ventisca\" alt=\"\"> <div  data-type=\"column\" class=\"col-padding-small col-padding-small-xs description-container\"> <h4  class=\"font-500\">Tormenta de nieve<\/h4> <p  class=\"\">Este tiempo se da a veces en la tundra y en el \u00c1rtico.\n<br ><br >Abr\u00edgate bien o, mejor a\u00fan, \u00a1consigue una m\u00e1scara Blizzard!\n<br >Pero en caso de apuro, una tienda de campa\u00f1a o un edificio tambi\u00e9n te proporcionar\u00e1n suficiente protecci\u00f3n<\/p> <\/div> <\/div><div  class=\"col-xs-12 col-sm-6 col-md-4 space-bottom\"> <img decoding=\"async\"  class=\"face\" src=\"https:\/\/radioactivegaming.eu\/wp-content\/uploads\/2024\/05\/blutmond.png\" title=\"luna de sangre\" alt=\"\"> <div  data-type=\"column\" class=\"col-padding-small col-padding-small-xs description-container\"> <h4  class=\"font-500\">Luna de sangre<\/h4> <p  class=\"\">La luna de sangre hace que los animales sean m\u00e1s agresivos\n<br ><br >Si activas el buff de luna de sangre, recibir\u00e1s recursos adicionales al cultivar, \u00a1pero te atacar\u00e1n todos los animales salvajes!<\/p> <\/div> <\/div><div  class=\"col-xs-12 col-sm-6 col-md-4 space-bottom\"> <img decoding=\"async\"  class=\"face\" src=\"https:\/\/radioactivegaming.eu\/wp-content\/uploads\/2024\/05\/blitzeinschlag.png\" title=\"rel\u00e1mpago\" alt=\"\"> <div  data-type=\"column\" class=\"col-padding-small col-padding-small-xs description-container\"> <h4  class=\"font-500\">Tormenta el\u00e9ctrica<\/h4> <p  class=\"\">Es mejor quedarse en casa con este tiempo. Especialmente cuando caen rayos a tu alrededor.\n<br >\n<br >Debes evitar a toda costa las armaduras met\u00e1licas.<\/p> <\/div> <\/div><\/div> <\/div><\/div>","protected":false},"excerpt":{"rendered":"<p>Campamentos \u00a1Estas bases NPC se encuentran aleatoriamente en todas las islas! Son agresivos contigo. Si consigues romper sus defensas y matar a todos los NPCs, podr\u00e1s saquearlos en la bandera. Son la \u00fanica fuente de planos para estructuras. Iceberg Se pueden encontrar en la Polar y ocasionalmente en la Tundra, pero... <br \/> <a class=\"read-more\" href=\"https:\/\/radioactivegaming.eu\/es\/atlas\/medio-ambiente\/\">Seguir leyendo<\/a><\/p>","protected":false},"author":1,"featured_media":0,"parent":13,"menu_order":0,"comment_status":"closed","ping_status":"closed","template":"pro\/page-templates\/full-width-page.php","meta":{"footnotes":""},"class_list":["post-3149","page","type-page","status-publish","hentry"],"yoast_head":"<!-- This site is optimized with the Yoast SEO plugin v26.3 - https:\/\/yoast.com\/wordpress\/plugins\/seo\/ -->\n<title>umgebung - Radioactive Gaming<\/title>\n<meta name=\"robots\" content=\"index, follow, max-snippet:-1, max-image-preview:large, max-video-preview:-1\" \/>\n<link rel=\"canonical\" href=\"https:\/\/radioactivegaming.eu\/es\/atlas\/medio-ambiente\/\" \/>\n<meta property=\"og:locale\" content=\"es_ES\" \/>\n<meta property=\"og:type\" content=\"article\" \/>\n<meta property=\"og:title\" content=\"umgebung - Radioactive Gaming\" \/>\n<meta property=\"og:description\" content=\"Camps Diese NPC-Basen k\u00f6nnt ihr zuf\u00e4llig auf allen Inseln vorfinden! Sie sind aggressiv euch gegen\u00fcber. Schafft ihr es ihre Verteidigung zu durchbrechen und alle NPCs zu t\u00f6ten, k\u00f6nnt ihr sie an der Fahne pl\u00fcndern Sie sind die einzige Quelle f\u00fcr Blueprints von Strukturen. Iceberg Diese kommen im Polar und gelegentlich in der Tundra vor, k\u00f6nnen&hellip; Read more\" \/>\n<meta property=\"og:url\" content=\"https:\/\/radioactivegaming.eu\/es\/atlas\/medio-ambiente\/\" \/>\n<meta property=\"og:site_name\" content=\"Radioactive Gaming\" \/>\n<meta property=\"article:modified_time\" content=\"2024-05-24T22:32:07+00:00\" \/>\n<meta property=\"og:image\" content=\"https:\/\/radioactivegaming.eu\/wp-content\/uploads\/2024\/05\/camp2.png\" \/>\n<meta name=\"twitter:card\" content=\"summary_large_image\" \/>\n<meta name=\"twitter:label1\" content=\"Tiempo de lectura\" \/>\n\t<meta name=\"twitter:data1\" content=\"1 minuto\" \/>\n<script type=\"application\/ld+json\" class=\"yoast-schema-graph\">{\"@context\":\"https:\/\/schema.org\",\"@graph\":[{\"@type\":\"WebPage\",\"@id\":\"https:\/\/radioactivegaming.eu\/atlas\/umgebung\/\",\"url\":\"https:\/\/radioactivegaming.eu\/atlas\/umgebung\/\",\"name\":\"umgebung - Radioactive Gaming\",\"isPartOf\":{\"@id\":\"https:\/\/radioactivegaming.eu\/#website\"},\"primaryImageOfPage\":{\"@id\":\"https:\/\/radioactivegaming.eu\/atlas\/umgebung\/#primaryimage\"},\"image\":{\"@id\":\"https:\/\/radioactivegaming.eu\/atlas\/umgebung\/#primaryimage\"},\"thumbnailUrl\":\"https:\/\/radioactivegaming.eu\/wp-content\/uploads\/2024\/05\/camp2.png\",\"datePublished\":\"2021-03-17T14:45:15+00:00\",\"dateModified\":\"2024-05-24T22:32:07+00:00\",\"breadcrumb\":{\"@id\":\"https:\/\/radioactivegaming.eu\/atlas\/umgebung\/#breadcrumb\"},\"inLanguage\":\"es\",\"potentialAction\":[{\"@type\":\"ReadAction\",\"target\":[\"https:\/\/radioactivegaming.eu\/atlas\/umgebung\/\"]}]},{\"@type\":\"ImageObject\",\"inLanguage\":\"es\",\"@id\":\"https:\/\/radioactivegaming.eu\/atlas\/umgebung\/#primaryimage\",\"url\":\"https:\/\/radioactivegaming.eu\/wp-content\/uploads\/2024\/05\/camp2.png\",\"contentUrl\":\"https:\/\/radioactivegaming.eu\/wp-content\/uploads\/2024\/05\/camp2.png\"},{\"@type\":\"BreadcrumbList\",\"@id\":\"https:\/\/radioactivegaming.eu\/atlas\/umgebung\/#breadcrumb\",\"itemListElement\":[{\"@type\":\"ListItem\",\"position\":1,\"name\":\"Startseite\",\"item\":\"https:\/\/radioactivegaming.eu\/\"},{\"@type\":\"ListItem\",\"position\":2,\"name\":\"Atlas\",\"item\":\"https:\/\/radioactivegaming.eu\/atlas\/\"},{\"@type\":\"ListItem\",\"position\":3,\"name\":\"umgebung\"}]},{\"@type\":\"WebSite\",\"@id\":\"https:\/\/radioactivegaming.eu\/#website\",\"url\":\"https:\/\/radioactivegaming.eu\/\",\"name\":\"Radioactive Gaming\",\"description\":\"\",\"publisher\":{\"@id\":\"https:\/\/radioactivegaming.eu\/#organization\"},\"potentialAction\":[{\"@type\":\"SearchAction\",\"target\":{\"@type\":\"EntryPoint\",\"urlTemplate\":\"https:\/\/radioactivegaming.eu\/?s={search_term_string}\"},\"query-input\":{\"@type\":\"PropertyValueSpecification\",\"valueRequired\":true,\"valueName\":\"search_term_string\"}}],\"inLanguage\":\"es\"},{\"@type\":\"Organization\",\"@id\":\"https:\/\/radioactivegaming.eu\/#organization\",\"name\":\"Radioactive Gaming\",\"url\":\"https:\/\/radioactivegaming.eu\/\",\"logo\":{\"@type\":\"ImageObject\",\"inLanguage\":\"es\",\"@id\":\"https:\/\/radioactivegaming.eu\/#\/schema\/logo\/image\/\",\"url\":\"https:\/\/radioactivegaming.eu\/wp-content\/uploads\/2019\/12\/cropped-coin-2.png\",\"contentUrl\":\"https:\/\/radioactivegaming.eu\/wp-content\/uploads\/2019\/12\/cropped-coin-2.png\",\"width\":256,\"height\":256,\"caption\":\"Radioactive Gaming\"},\"image\":{\"@id\":\"https:\/\/radioactivegaming.eu\/#\/schema\/logo\/image\/\"},\"sameAs\":[\"https:\/\/www.youtube.com\/channel\/UCHAH-p_vfp_co-__TB4M14A\"]}]}<\/script>\n<!-- \/ Yoast SEO plugin. -->","yoast_head_json":{"title":"medio ambiente - Juego radiactivo","robots":{"index":"index","follow":"follow","max-snippet":"max-snippet:-1","max-image-preview":"max-image-preview:large","max-video-preview":"max-video-preview:-1"},"canonical":"https:\/\/radioactivegaming.eu\/es\/atlas\/medio-ambiente\/","og_locale":"es_ES","og_type":"article","og_title":"umgebung - Radioactive Gaming","og_description":"Camps Diese NPC-Basen k\u00f6nnt ihr zuf\u00e4llig auf allen Inseln vorfinden! Sie sind aggressiv euch gegen\u00fcber. Schafft ihr es ihre Verteidigung zu durchbrechen und alle NPCs zu t\u00f6ten, k\u00f6nnt ihr sie an der Fahne pl\u00fcndern Sie sind die einzige Quelle f\u00fcr Blueprints von Strukturen. Iceberg Diese kommen im Polar und gelegentlich in der Tundra vor, k\u00f6nnen&hellip; Read more","og_url":"https:\/\/radioactivegaming.eu\/es\/atlas\/medio-ambiente\/","og_site_name":"Radioactive Gaming","article_modified_time":"2024-05-24T22:32:07+00:00","og_image":[{"url":"https:\/\/radioactivegaming.eu\/wp-content\/uploads\/2024\/05\/camp2.png","type":"","width":"","height":""}],"twitter_card":"summary_large_image","twitter_misc":{"Tiempo de lectura":"1 minuto"},"schema":{"@context":"https:\/\/schema.org","@graph":[{"@type":"WebPage","@id":"https:\/\/radioactivegaming.eu\/atlas\/umgebung\/","url":"https:\/\/radioactivegaming.eu\/atlas\/umgebung\/","name":"medio ambiente - Juego radiactivo","isPartOf":{"@id":"https:\/\/radioactivegaming.eu\/#website"},"primaryImageOfPage":{"@id":"https:\/\/radioactivegaming.eu\/atlas\/umgebung\/#primaryimage"},"image":{"@id":"https:\/\/radioactivegaming.eu\/atlas\/umgebung\/#primaryimage"},"thumbnailUrl":"https:\/\/radioactivegaming.eu\/wp-content\/uploads\/2024\/05\/camp2.png","datePublished":"2021-03-17T14:45:15+00:00","dateModified":"2024-05-24T22:32:07+00:00","breadcrumb":{"@id":"https:\/\/radioactivegaming.eu\/atlas\/umgebung\/#breadcrumb"},"inLanguage":"es","potentialAction":[{"@type":"ReadAction","target":["https:\/\/radioactivegaming.eu\/atlas\/umgebung\/"]}]},{"@type":"ImageObject","inLanguage":"es","@id":"https:\/\/radioactivegaming.eu\/atlas\/umgebung\/#primaryimage","url":"https:\/\/radioactivegaming.eu\/wp-content\/uploads\/2024\/05\/camp2.png","contentUrl":"https:\/\/radioactivegaming.eu\/wp-content\/uploads\/2024\/05\/camp2.png"},{"@type":"BreadcrumbList","@id":"https:\/\/radioactivegaming.eu\/atlas\/umgebung\/#breadcrumb","itemListElement":[{"@type":"ListItem","position":1,"name":"Startseite","item":"https:\/\/radioactivegaming.eu\/"},{"@type":"ListItem","position":2,"name":"Atlas","item":"https:\/\/radioactivegaming.eu\/atlas\/"},{"@type":"ListItem","position":3,"name":"umgebung"}]},{"@type":"WebSite","@id":"https:\/\/radioactivegaming.eu\/#website","url":"https:\/\/radioactivegaming.eu\/","name":"Juegos radioactivos","description":"","publisher":{"@id":"https:\/\/radioactivegaming.eu\/#organization"},"potentialAction":[{"@type":"SearchAction","target":{"@type":"EntryPoint","urlTemplate":"https:\/\/radioactivegaming.eu\/?s={search_term_string}"},"query-input":{"@type":"PropertyValueSpecification","valueRequired":true,"valueName":"search_term_string"}}],"inLanguage":"es"},{"@type":"Organization","@id":"https:\/\/radioactivegaming.eu\/#organization","name":"Juegos radioactivos","url":"https:\/\/radioactivegaming.eu\/","logo":{"@type":"ImageObject","inLanguage":"es","@id":"https:\/\/radioactivegaming.eu\/#\/schema\/logo\/image\/","url":"https:\/\/radioactivegaming.eu\/wp-content\/uploads\/2019\/12\/cropped-coin-2.png","contentUrl":"https:\/\/radioactivegaming.eu\/wp-content\/uploads\/2019\/12\/cropped-coin-2.png","width":256,"height":256,"caption":"Radioactive Gaming"},"image":{"@id":"https:\/\/radioactivegaming.eu\/#\/schema\/logo\/image\/"},"sameAs":["https:\/\/www.youtube.com\/channel\/UCHAH-p_vfp_co-__TB4M14A"]}]}},"jetpack_sharing_enabled":true,"_links":{"self":[{"href":"https:\/\/radioactivegaming.eu\/es\/wp-json\/wp\/v2\/pages\/3149","targetHints":{"allow":["GET"]}}],"collection":[{"href":"https:\/\/radioactivegaming.eu\/es\/wp-json\/wp\/v2\/pages"}],"about":[{"href":"https:\/\/radioactivegaming.eu\/es\/wp-json\/wp\/v2\/types\/page"}],"author":[{"embeddable":true,"href":"https:\/\/radioactivegaming.eu\/es\/wp-json\/wp\/v2\/users\/1"}],"replies":[{"embeddable":true,"href":"https:\/\/radioactivegaming.eu\/es\/wp-json\/wp\/v2\/comments?post=3149"}],"version-history":[{"count":5,"href":"https:\/\/radioactivegaming.eu\/es\/wp-json\/wp\/v2\/pages\/3149\/revisions"}],"predecessor-version":[{"id":5457,"href":"https:\/\/radioactivegaming.eu\/es\/wp-json\/wp\/v2\/pages\/3149\/revisions\/5457"}],"up":[{"embeddable":true,"href":"https:\/\/radioactivegaming.eu\/es\/wp-json\/wp\/v2\/pages\/13"}],"wp:attachment":[{"href":"https:\/\/radioactivegaming.eu\/es\/wp-json\/wp\/v2\/media?parent=3149"}],"curies":[{"name":"wp","href":"https:\/\/api.w.org\/{rel}","templated":true}]}}