{"id":3180,"date":"2021-03-17T17:19:23","date_gmt":"2021-03-17T16:19:23","guid":{"rendered":"https:\/\/radioactivegaming.eu\/?page_id=3180"},"modified":"2024-05-24T18:13:02","modified_gmt":"2024-05-24T16:13:02","slug":"decadencia","status":"publish","type":"page","link":"https:\/\/radioactivegaming.eu\/es\/atlas\/decadencia\/","title":{"rendered":"Decaimiento"},"content":{"rendered":"<div  data-label=\"Overlappable\" data-id=\"overlappable--2\" data-export-id=\"overlappable-4\" data-category=\"overlappable\" class=\"overlappable-4 content-section content-section-spacing content-relative\" data-overlap=\"true\" id=\"overlappable-2\" style=\"background-color: rgb(255, 255, 255);\"><div  class=\"section-separator-top\">\n    <svg  class=\"section-separator-top\" data-separator-name=\"triangle-asymmetrical-negative\" preserveaspectratio=\"none\" viewbox=\"0 0 1000 100\" xmlns=\"http:\/\/www.w3.org\/2000\/svg\">\n        <path  class=\"svg-white-bg\" d=\"M737.9,94.7L0,0v100h1000V0L737.9,94.7z\"><\/path>\n    <\/svg>\n<\/div><div  class=\"gridContainer\"> <div  data-type=\"row\" class=\"row spaced-cols text-center\"><div  class=\"col-xs-12 col-sm-4 col-padding col-md-6\"> <i  class=\"fa icon fa-clone large shadow-large-black round aligncenter reverse color1\"><\/i> <div  data-type=\"column\" class=\"\"> <h5  class=\"\">Descomposici\u00f3n de estructuras \/ animales \/ barcos<\/h5> <p  class=\"\">Todas las estructuras, animales y barcos que no hayan sido rendidos por la empresa propietaria durante 12 d\u00edas ser\u00e1n marcados con un martillo rojo, esto es una advertencia de que estos objetos pronto se descompondr\u00e1n.\n<br ><br >Si se supera el umbral de 14 d\u00edas, los objetos correspondientes se eliminan del juego.<\/p><\/div> <\/div> <div  class=\"col-xs-12 col-sm-4 col-padding col-md-6\"> <i  class=\"fa icon fa-cogs large shadow-large-black round aligncenter reverse color1\"><\/i> <div  data-type=\"column\" class=\"\"><h5  class=\"\">Registro<\/h5> <p  class=\"\">Todos los decaimientos, as\u00ed como las advertencias se publicar\u00e1n en el Discord bajo: #<img decoding=\"async\"  draggable=\"false\" role=\"img\" class=\"emoji\" alt=\"?\" src=\"https:\/\/s.w.org\/images\/core\/emoji\/13.0.1\/svg\/1f6a7.svg\">decay-warnings-and-logs<img decoding=\"async\"  draggable=\"false\" role=\"img\" class=\"emoji\" alt=\"\u2693\" src=\"https:\/\/s.w.org\/images\/core\/emoji\/13.0.1\/svg\/2693.svg\"> grabado.<br ><br >Puede consultarlas en cualquier momento.<\/p><\/div> <\/div> <div  class=\"col-xs-12 col-sm-4 col-padding col-md-6\"> <i  class=\"fa icon fa-magic large shadow-large-black round aligncenter reverse color1\"><\/i> <div  data-type=\"column\" class=\"\"><h5  class=\"\">Marcadores de descomposici\u00f3n<\/h5> <p  class=\"\">Tenga en cuenta que los marcadores de decaimiento (avisos con el martillo rojo) no desaparecen hasta que se reinicia el servidor, pero esto no es un problema si los ha visitado mientras tanto.<\/p><\/div> <\/div><div  class=\"col-xs-12 col-sm-4 col-padding col-md-6\"> <i  class=\"fa icon shadow-large-black aligncenter fa-automobile reverse round large color1\"><\/i> <div  data-type=\"column\" class=\"\"> <h5  class=\"\">\u00bfVacaciones \/ Ausencias?<\/h5> <p  class=\"\">Si toda su empresa no puede jugar durante un determinado periodo de tiempo (por ejemplo, vacaciones), puede crear un ticket y ser a\u00f1adido a la lista de excepciones.\n<br ><br >Ten en cuenta que esto no impide que una reclamaci\u00f3n que no haya sido presentada durante 10 d\u00edas pueda ser robada en PvE.\n<br ><br >Tambi\u00e9n hay que tener en cuenta que los animales pueden morir de hambre y que los barcos pueden hundirse debido al desgaste de las tablas.\n<br >As\u00ed que tome precauciones antes de marcharse.<\/p><\/div> <\/div><\/div> <\/div><\/div><div  data-label=\"Overlappable\" data-id=\"overlappable--1\" data-export-id=\"overlappable-1\" data-category=\"overlappable\" class=\"overlappable-1 content-section content-section-spacing\" data-overlap=\"true\" id=\"overlappable-1\" style=\"background-color: rgb(255, 255, 255);\"><div  class=\"gridContainer\"> <div  data-type=\"row\" class=\"row shadow-medium\"><div  data-type=\"column\" class=\"col-xs-12 col-sm-4 flexcol bg-color-white col-padding col-padding-small-xs col-md-6\">  <h5  class=\"\">Normativa especial<\/h5> <p  class=\"\">Existen normas especiales para las siguientes islas, que sin duda debe respetar.\n<br ><br >\u00a1\u00a1\u00a1\u00a1Tenga en cuenta tambi\u00e9n la normativa de estas islas, que est\u00e1 respaldada por la normativa de deterioro, pero que en ning\u00fan caso es gratuita, por ejemplo, para el estacionamiento permanente y la prestaci\u00f3n diaria de servicios de alquiler de veh\u00edculos !!!!<\/p> <\/div>  <div  data-type=\"column\" class=\"col-xs-12 col-sm-4 flexcol col-padding col-padding-small-xs inverted col-md-6 bg-color1\"><i  class=\"fa icon white fa-anchor color-black\"><\/i> <h5  class=\"inverted\">Nassau y otras ciudades<\/h5> <p  class=\"\">Los barcos y animales de las ciudades se desintegran si la empresa propietaria no los ha prestado durante 48 horas.\n<br ><br >\nLas naves reciben un debuff que hace que caduquen a los 3 d\u00edas, \u00a1incluso si han sido rendidas!\n<br >Puedes eliminar esta desventaja cambiando la cuadr\u00edcula.<\/p> <\/div><div  data-type=\"column\" class=\"col-xs-12 col-sm-4 flexcol bg-color2 col-padding col-padding-small-xs inverted col-md-6\"><i  class=\"fa icon fa-cubes white\"><\/i> <h5  class=\"inverted\">Islas Powerstone y Cueva del Yeti<\/h5> <p  class=\"\">Los barcos y criaturas de estas islas se desintegran si no han sido atendidos por la compa\u00f1\u00eda propietaria durante 48 horas.\n<br ><br >Las naves reciben un debuff que hace que caduquen tras 3 reinicios, \u00a1incluso si han sido renderizadas! \n<br >Puedes eliminar esta desventaja cambiando la cuadr\u00edcula.<br ><br >Las estructuras se desintegran despu\u00e9s de cada reinicio.<\/p> <\/div> <\/div><\/div> <\/div>","protected":false},"excerpt":{"rendered":"<p>Decadencia de estructuras \/ animales \/ barcos Todas las estructuras, animales y barcos que no han sido renderizados por la empresa propietaria durante 12 d\u00edas se marcan con un martillo rojo, esto es una advertencia de que estos objetos pronto decaer\u00e1n. Si se supera el umbral de 14 d\u00edas, los objetos correspondientes ser\u00e1n eliminados del juego. Registro de todas las... <br \/> <a class=\"read-more\" href=\"https:\/\/radioactivegaming.eu\/es\/atlas\/decadencia\/\">Seguir leyendo<\/a><\/p>","protected":false},"author":1,"featured_media":0,"parent":13,"menu_order":0,"comment_status":"closed","ping_status":"closed","template":"pro\/page-templates\/full-width-page.php","meta":{"footnotes":""},"class_list":["post-3180","page","type-page","status-publish","hentry"],"yoast_head":"<!-- This site is optimized with the Yoast SEO plugin v26.3 - https:\/\/yoast.com\/wordpress\/plugins\/seo\/ -->\n<title>Decay - Radioactive Gaming<\/title>\n<meta name=\"robots\" content=\"index, follow, max-snippet:-1, max-image-preview:large, max-video-preview:-1\" \/>\n<link rel=\"canonical\" href=\"https:\/\/radioactivegaming.eu\/es\/atlas\/decadencia\/\" \/>\n<meta property=\"og:locale\" content=\"es_ES\" \/>\n<meta property=\"og:type\" content=\"article\" \/>\n<meta property=\"og:title\" content=\"Decay - Radioactive Gaming\" \/>\n<meta property=\"og:description\" content=\"Zerfall von Strukturen \/ Tieren \/ Schiffen Alle Strukturen, Tiere &amp; Schiffe, welche von der besitzenden Company 12 Tage nicht gerendert wurden, werden mit einem Roten Hammer versehen, dies ist die Warnung, dass diese Objekte bald zerfallen. Wird anschlie\u00dfend die 14 Tage-Schwelle \u00fcberschritten, werden die entsprechenden Objekte aus dem Spiel gel\u00f6scht. Logging Alle Decays sowie&hellip; Read more\" \/>\n<meta property=\"og:url\" content=\"https:\/\/radioactivegaming.eu\/es\/atlas\/decadencia\/\" \/>\n<meta property=\"og:site_name\" content=\"Radioactive Gaming\" \/>\n<meta property=\"article:modified_time\" content=\"2024-05-24T16:13:02+00:00\" \/>\n<meta property=\"og:image\" content=\"https:\/\/s.w.org\/images\/core\/emoji\/13.0.1\/svg\/1f6a7.svg\" \/>\n<meta name=\"twitter:card\" content=\"summary_large_image\" \/>\n<meta name=\"twitter:label1\" content=\"Tiempo de lectura\" \/>\n\t<meta name=\"twitter:data1\" content=\"3 minutos\" \/>\n<script type=\"application\/ld+json\" class=\"yoast-schema-graph\">{\"@context\":\"https:\/\/schema.org\",\"@graph\":[{\"@type\":\"WebPage\",\"@id\":\"https:\/\/radioactivegaming.eu\/atlas\/decay\/\",\"url\":\"https:\/\/radioactivegaming.eu\/atlas\/decay\/\",\"name\":\"Decay - Radioactive Gaming\",\"isPartOf\":{\"@id\":\"https:\/\/radioactivegaming.eu\/#website\"},\"primaryImageOfPage\":{\"@id\":\"https:\/\/radioactivegaming.eu\/atlas\/decay\/#primaryimage\"},\"image\":{\"@id\":\"https:\/\/radioactivegaming.eu\/atlas\/decay\/#primaryimage\"},\"thumbnailUrl\":\"https:\/\/s.w.org\/images\/core\/emoji\/13.0.1\/svg\/1f6a7.svg\",\"datePublished\":\"2021-03-17T16:19:23+00:00\",\"dateModified\":\"2024-05-24T16:13:02+00:00\",\"breadcrumb\":{\"@id\":\"https:\/\/radioactivegaming.eu\/atlas\/decay\/#breadcrumb\"},\"inLanguage\":\"es\",\"potentialAction\":[{\"@type\":\"ReadAction\",\"target\":[\"https:\/\/radioactivegaming.eu\/atlas\/decay\/\"]}]},{\"@type\":\"ImageObject\",\"inLanguage\":\"es\",\"@id\":\"https:\/\/radioactivegaming.eu\/atlas\/decay\/#primaryimage\",\"url\":\"https:\/\/s.w.org\/images\/core\/emoji\/13.0.1\/svg\/1f6a7.svg\",\"contentUrl\":\"https:\/\/s.w.org\/images\/core\/emoji\/13.0.1\/svg\/1f6a7.svg\"},{\"@type\":\"BreadcrumbList\",\"@id\":\"https:\/\/radioactivegaming.eu\/atlas\/decay\/#breadcrumb\",\"itemListElement\":[{\"@type\":\"ListItem\",\"position\":1,\"name\":\"Startseite\",\"item\":\"https:\/\/radioactivegaming.eu\/\"},{\"@type\":\"ListItem\",\"position\":2,\"name\":\"Atlas\",\"item\":\"https:\/\/radioactivegaming.eu\/atlas\/\"},{\"@type\":\"ListItem\",\"position\":3,\"name\":\"Decay\"}]},{\"@type\":\"WebSite\",\"@id\":\"https:\/\/radioactivegaming.eu\/#website\",\"url\":\"https:\/\/radioactivegaming.eu\/\",\"name\":\"Radioactive Gaming\",\"description\":\"\",\"publisher\":{\"@id\":\"https:\/\/radioactivegaming.eu\/#organization\"},\"potentialAction\":[{\"@type\":\"SearchAction\",\"target\":{\"@type\":\"EntryPoint\",\"urlTemplate\":\"https:\/\/radioactivegaming.eu\/?s={search_term_string}\"},\"query-input\":{\"@type\":\"PropertyValueSpecification\",\"valueRequired\":true,\"valueName\":\"search_term_string\"}}],\"inLanguage\":\"es\"},{\"@type\":\"Organization\",\"@id\":\"https:\/\/radioactivegaming.eu\/#organization\",\"name\":\"Radioactive Gaming\",\"url\":\"https:\/\/radioactivegaming.eu\/\",\"logo\":{\"@type\":\"ImageObject\",\"inLanguage\":\"es\",\"@id\":\"https:\/\/radioactivegaming.eu\/#\/schema\/logo\/image\/\",\"url\":\"https:\/\/radioactivegaming.eu\/wp-content\/uploads\/2019\/12\/cropped-coin-2.png\",\"contentUrl\":\"https:\/\/radioactivegaming.eu\/wp-content\/uploads\/2019\/12\/cropped-coin-2.png\",\"width\":256,\"height\":256,\"caption\":\"Radioactive Gaming\"},\"image\":{\"@id\":\"https:\/\/radioactivegaming.eu\/#\/schema\/logo\/image\/\"},\"sameAs\":[\"https:\/\/www.youtube.com\/channel\/UCHAH-p_vfp_co-__TB4M14A\"]}]}<\/script>\n<!-- \/ Yoast SEO plugin. -->","yoast_head_json":{"title":"Decadencia - Juego radiactivo","robots":{"index":"index","follow":"follow","max-snippet":"max-snippet:-1","max-image-preview":"max-image-preview:large","max-video-preview":"max-video-preview:-1"},"canonical":"https:\/\/radioactivegaming.eu\/es\/atlas\/decadencia\/","og_locale":"es_ES","og_type":"article","og_title":"Decay - Radioactive Gaming","og_description":"Zerfall von Strukturen \/ Tieren \/ Schiffen Alle Strukturen, Tiere &amp; Schiffe, welche von der besitzenden Company 12 Tage nicht gerendert wurden, werden mit einem Roten Hammer versehen, dies ist die Warnung, dass diese Objekte bald zerfallen. Wird anschlie\u00dfend die 14 Tage-Schwelle \u00fcberschritten, werden die entsprechenden Objekte aus dem Spiel gel\u00f6scht. Logging Alle Decays sowie&hellip; Read more","og_url":"https:\/\/radioactivegaming.eu\/es\/atlas\/decadencia\/","og_site_name":"Radioactive Gaming","article_modified_time":"2024-05-24T16:13:02+00:00","og_image":[{"url":"https:\/\/s.w.org\/images\/core\/emoji\/13.0.1\/svg\/1f6a7.svg","type":"","width":"","height":""}],"twitter_card":"summary_large_image","twitter_misc":{"Tiempo de lectura":"3 minutos"},"schema":{"@context":"https:\/\/schema.org","@graph":[{"@type":"WebPage","@id":"https:\/\/radioactivegaming.eu\/atlas\/decay\/","url":"https:\/\/radioactivegaming.eu\/atlas\/decay\/","name":"Decadencia - Juego radiactivo","isPartOf":{"@id":"https:\/\/radioactivegaming.eu\/#website"},"primaryImageOfPage":{"@id":"https:\/\/radioactivegaming.eu\/atlas\/decay\/#primaryimage"},"image":{"@id":"https:\/\/radioactivegaming.eu\/atlas\/decay\/#primaryimage"},"thumbnailUrl":"https:\/\/s.w.org\/images\/core\/emoji\/13.0.1\/svg\/1f6a7.svg","datePublished":"2021-03-17T16:19:23+00:00","dateModified":"2024-05-24T16:13:02+00:00","breadcrumb":{"@id":"https:\/\/radioactivegaming.eu\/atlas\/decay\/#breadcrumb"},"inLanguage":"es","potentialAction":[{"@type":"ReadAction","target":["https:\/\/radioactivegaming.eu\/atlas\/decay\/"]}]},{"@type":"ImageObject","inLanguage":"es","@id":"https:\/\/radioactivegaming.eu\/atlas\/decay\/#primaryimage","url":"https:\/\/s.w.org\/images\/core\/emoji\/13.0.1\/svg\/1f6a7.svg","contentUrl":"https:\/\/s.w.org\/images\/core\/emoji\/13.0.1\/svg\/1f6a7.svg"},{"@type":"BreadcrumbList","@id":"https:\/\/radioactivegaming.eu\/atlas\/decay\/#breadcrumb","itemListElement":[{"@type":"ListItem","position":1,"name":"Startseite","item":"https:\/\/radioactivegaming.eu\/"},{"@type":"ListItem","position":2,"name":"Atlas","item":"https:\/\/radioactivegaming.eu\/atlas\/"},{"@type":"ListItem","position":3,"name":"Decay"}]},{"@type":"WebSite","@id":"https:\/\/radioactivegaming.eu\/#website","url":"https:\/\/radioactivegaming.eu\/","name":"Juegos radioactivos","description":"","publisher":{"@id":"https:\/\/radioactivegaming.eu\/#organization"},"potentialAction":[{"@type":"SearchAction","target":{"@type":"EntryPoint","urlTemplate":"https:\/\/radioactivegaming.eu\/?s={search_term_string}"},"query-input":{"@type":"PropertyValueSpecification","valueRequired":true,"valueName":"search_term_string"}}],"inLanguage":"es"},{"@type":"Organization","@id":"https:\/\/radioactivegaming.eu\/#organization","name":"Juegos radioactivos","url":"https:\/\/radioactivegaming.eu\/","logo":{"@type":"ImageObject","inLanguage":"es","@id":"https:\/\/radioactivegaming.eu\/#\/schema\/logo\/image\/","url":"https:\/\/radioactivegaming.eu\/wp-content\/uploads\/2019\/12\/cropped-coin-2.png","contentUrl":"https:\/\/radioactivegaming.eu\/wp-content\/uploads\/2019\/12\/cropped-coin-2.png","width":256,"height":256,"caption":"Radioactive Gaming"},"image":{"@id":"https:\/\/radioactivegaming.eu\/#\/schema\/logo\/image\/"},"sameAs":["https:\/\/www.youtube.com\/channel\/UCHAH-p_vfp_co-__TB4M14A"]}]}},"jetpack_sharing_enabled":true,"_links":{"self":[{"href":"https:\/\/radioactivegaming.eu\/es\/wp-json\/wp\/v2\/pages\/3180","targetHints":{"allow":["GET"]}}],"collection":[{"href":"https:\/\/radioactivegaming.eu\/es\/wp-json\/wp\/v2\/pages"}],"about":[{"href":"https:\/\/radioactivegaming.eu\/es\/wp-json\/wp\/v2\/types\/page"}],"author":[{"embeddable":true,"href":"https:\/\/radioactivegaming.eu\/es\/wp-json\/wp\/v2\/users\/1"}],"replies":[{"embeddable":true,"href":"https:\/\/radioactivegaming.eu\/es\/wp-json\/wp\/v2\/comments?post=3180"}],"version-history":[{"count":9,"href":"https:\/\/radioactivegaming.eu\/es\/wp-json\/wp\/v2\/pages\/3180\/revisions"}],"predecessor-version":[{"id":5316,"href":"https:\/\/radioactivegaming.eu\/es\/wp-json\/wp\/v2\/pages\/3180\/revisions\/5316"}],"up":[{"embeddable":true,"href":"https:\/\/radioactivegaming.eu\/es\/wp-json\/wp\/v2\/pages\/13"}],"wp:attachment":[{"href":"https:\/\/radioactivegaming.eu\/es\/wp-json\/wp\/v2\/media?parent=3180"}],"curies":[{"name":"wp","href":"https:\/\/api.w.org\/{rel}","templated":true}]}}