{"id":3434,"date":"2021-08-10T10:34:12","date_gmt":"2021-08-10T08:34:12","guid":{"rendered":"https:\/\/radioactivegaming.eu\/?page_id=3434"},"modified":"2024-05-24T20:53:20","modified_gmt":"2024-05-24T18:53:20","slug":"calidad-del-articulo","status":"publish","type":"page","link":"https:\/\/radioactivegaming.eu\/es\/atlas\/calidad-del-articulo\/","title":{"rendered":"Calidad del art\u00edculo"},"content":{"rendered":"<div  data-label=\"Overlappable\" data-id=\"overlappable--1\" data-export-id=\"overlappable-2\" data-category=\"overlappable\" class=\"overlappable-2 content-section content-section-spacing content-relative\" data-overlap=\"true\" id=\"overlappable-1\" style=\"background-color: rgb(255, 255, 255);\"><div  class=\"section-separator-top\">\n    <svg  class=\"section-separator-top\" data-separator-name=\"triangle-asymmetrical-negative\" preserveaspectratio=\"none\" viewbox=\"0 0 1000 100\" xmlns=\"http:\/\/www.w3.org\/2000\/svg\">\n        <path  class=\"svg-white-bg\" d=\"M737.9,94.7L0,0v100h1000V0L737.9,94.7z\"><\/path>\n    <\/svg>\n<\/div><div  class=\"gridContainer\"> <div  class=\"row middle-sm shadow-medium bg-color-white\"><div  class=\"col-xs-12 col-sm-4 top-sm col-padding col-padding-xs\" data-type=\"column\"> <h3  class=\"font-300\">Puedes encontrar planos en los siguientes niveles<\/h3> <p  class=\"\">Primitivo<br ><span  style=\"color: rgb(38, 204, 29);\"><span  style=\"font-weight: 700;\">Fino<\/span><\/span><br ><span  style=\"color: rgb(3, 25, 244); font-weight: 700;\">Oficial<\/span><br ><span  style=\"color: rgb(140, 35, 159); font-weight: 700;\">Obra maestra<\/span><br ><span  style=\"color: rgb(252, 247, 2); font-weight: 700;\">Legendario<\/span><br ><span  style=\"color: rgb(0, 255, 248); font-weight: 700;\">M\u00edtico<\/span><br ><span  style=\"color: rgb(223, 10, 10);\"><span  style=\"font-weight: 700;\">\u00danico<\/span><\/span><\/p> <\/div> <div  class=\"col-xs-12 col-sm-8\"><div  data-type=\"row\" class=\"row\"> <div  class=\"col-xs-12 col-sm-6 col-padding col-padding-small-xs\"><i  class=\"fa icon fa-cogs bordered round color1\"><\/i> <h5  class=\"\">Elaboraci\u00f3n<\/h5> <p  class=\"\">Para hacer Planos \u00danicos necesitar\u00e1s:<br >- 7 tipos de cada recurso, por ejemplo, 7 tipos de madera\n<br >- Mito\n<br >- Oro<br >- Sustancia luminosa<\/p><\/div> <div  class=\"col-xs-12 col-sm-6 col-padding col-padding-small-xs\"><i  class=\"fa icon bordered round fa-forumbee color1\"><\/i> <h5  class=\"\">Sustancia luminosa<\/h5> <p  class=\"\">Este raro recurso puede obtenerse de los cad\u00e1veres de la Ballena Brillante, que se encuentran en las profundidades de las Fosas.\n<br ><br >La sustancia luminosa es necesaria para fabricar objetos \u00fanicos.<br ><br >Tambi\u00e9n puedes ganar este recurso a trav\u00e9s de otros contenidos dif\u00edciles del juego (por ejemplo, combates contra jefes o desaf\u00edos \u00fanicos).<\/p><\/div> <div  class=\"col-xs-12 col-sm-6 col-padding col-padding-small-xs\"><i  class=\"fa icon bordered round fa-cubes color1\"><\/i> <h5  class=\"\">Reparaci\u00f3n de objetos \u00fanicos<\/h5> <p  class=\"\">Los recursos adicionales (Oro, Sustancia luminosa) no son necesarios para la reparaci\u00f3n si la realizas a trav\u00e9s del banco de trabajo.<\/p><img decoding=\"async\"  class=\"custom-image\" src=\"https:\/\/radioactivegaming.eu\/wp-content\/uploads\/2024\/05\/repair.png\" title=\"reparar\" alt=\"\"><\/div> <div  class=\"col-xs-12 col-sm-6 col-padding col-padding-small-xs\"><i  class=\"fa icon fa-cogs bordered round color1\"><\/i> <h5  class=\"\">Mejora de planos<\/h5> <p  class=\"\">Necesitas una amoladora para mejorar los planos.\n<br >&nbsp;\n<br >A continuaci\u00f3n encontrar\u00e1 m\u00e1s informaci\u00f3n sobre la picadora<\/p><img decoding=\"async\"  class=\"custom-image\" src=\"https:\/\/radioactivegaming.eu\/wp-content\/uploads\/2024\/05\/grinder.png\" title=\"trituradora\" alt=\"\"><\/div><div  class=\"col-xs-12 col-sm-6 col-padding col-padding-small-xs\"> <i  class=\"fa icon fa-book bordered round color1\"><\/i> <h5  class=\"\">\u00bfD\u00f3nde puedo encontrar planos?<\/h5> <p  class=\"\">Puedes obtener planos a trav\u00e9s de diversas actividades, como saquear restos de naufragios, cofres embrujados, etc.<\/p><\/div> <\/div><\/div> <\/div><\/div> <\/div><div data-label=\"Pricing\" data-id=\"pricing--1\" data-export-id=\"pricing-3\" data-category=\"pricing\" data-featured-class=\"pricing-featured\" class=\"pricing-3 content-section content-section-spacing\" id=\"pricing-1\"  style=\"background-color: rgb(245, 250, 253);\"><div class=\"gridContainer\" > <div class=\"row middle-sm\" ><div class=\"col-xs-12 col-sm-4 col-padding-xs\" data-type=\"column\" ><h2 class=\"\" >La picadora<\/h2><img decoding=\"async\"  class=\"custom-image\" src=\"https:\/\/radioactivegaming.eu\/wp-content\/uploads\/2024\/05\/grinder.png\" title=\"trituradora\" alt=\"\">  <\/div> <div class=\"col-xs-12 col-sm-8\" ><div class=\"row middle-sm spaced-cols\" data-type=\"row\" > <div data-default=\"no-class\" data-featured=\"shadow-large\" class=\"col-xs-12 col-sm-6 card-replacer text-center pos-rel\" ><div class=\"top-right-triangle color2\" data-fixed=\"true\" ><\/div> <h5 class=\"upper\" >Desmontar planos<\/h5> <i class=\"fa icon round-background fa-cog reverse round big color2\" ><\/i>   <h4 class=\"\" >Los planos pueden descomponerse en trozos de planos en la trituradora.<br >\nLa cantidad depende de la calidad de su tensi\u00f3n arterial:<br ><\/h4><ul class=\"unstyled stared decoration-color1 text-center black\" ><li >Bien - 2<\/li><li >Oficial - 4<\/li><li >Obra maestra - 8<\/li><li >Legendario - 16<\/li><li >M\u00edtico - 32<\/li><li >\u00danico - 64<\/li><\/ul> <\/div> <div data-default=\"no-class\" data-featured=\"shadow-large\" class=\"col-xs-12 col-sm-6 card-replacer text-center pos-rel\" ><div class=\"top-right-triangle color2\" data-fixed=\"true\" ><\/div> <h5 class=\"upper\" >Planos de actualizaci\u00f3n<\/h5> <i class=\"fa icon round-background fa-arrow-circle-up reverse round big color2\" ><\/i>   <h4 class=\"\" >Puedes mejorar un BP seleccionado en un nivel de calidad utilizando Blueprint Scraps, todos los valores se vuelven a rodar en la calidad m\u00e1s alta.<br >\nCostes:<\/h4><ul class=\"unstyled stared decoration-color1 text-center black\" ><li >Fino -&gt; Oficial - 120 Chatarra + 500 Oro<\/li><li >Oficial -&gt; Maestro - 240 Desechos + 1k Oro<\/li><li >Obra Maestra -&gt; Legendario - 480 Chatarra + 4k Oro<\/li><li >Legendario -&gt; M\u00edtico - 960 Chatarra + 5k Oro<\/li><li >M\u00edtico -&gt; \u00danico - 5760 Chatarra + 30k Oro<\/li><\/ul> <\/div> <\/div><\/div> <\/div><\/div> <\/div>","protected":false},"excerpt":{"rendered":"<p>Puedes encontrar planos en los siguientes niveles PrimitivoFinoJobreroMaestr\u00edaLegendarioM\u00edticoCrafting \u00danico Para fabricar planos \u00fanicos necesitas:- 7 tipos de cada recurso, por ejemplo, 7 tipos de madera - Mito - Oro- Sustancia luminosa Sustancia luminosa Este raro recurso se puede recoger de los cad\u00e1veres de la Ballena Brillante, que se encuentra en las profundidades de las Trincheras. La Sustancia Luminosa es... <br \/> <a class=\"read-more\" href=\"https:\/\/radioactivegaming.eu\/es\/atlas\/calidad-del-articulo\/\">Seguir leyendo<\/a><\/p>","protected":false},"author":1,"featured_media":0,"parent":13,"menu_order":0,"comment_status":"closed","ping_status":"closed","template":"pro\/page-templates\/full-width-page.php","meta":{"footnotes":""},"class_list":["post-3434","page","type-page","status-publish","hentry"],"yoast_head":"<!-- This site is optimized with the Yoast SEO plugin v26.3 - https:\/\/yoast.com\/wordpress\/plugins\/seo\/ -->\n<title>Item Quality - Radioactive Gaming<\/title>\n<meta name=\"robots\" content=\"index, follow, max-snippet:-1, max-image-preview:large, max-video-preview:-1\" \/>\n<link rel=\"canonical\" href=\"https:\/\/radioactivegaming.eu\/es\/atlas\/calidad-del-articulo\/\" \/>\n<meta property=\"og:locale\" content=\"es_ES\" \/>\n<meta property=\"og:type\" content=\"article\" \/>\n<meta property=\"og:title\" content=\"Item Quality - Radioactive Gaming\" \/>\n<meta property=\"og:description\" content=\"Blaupausen findet ihr bei uns in folgenden Stufen PrimitiveFineJourneymanMasterworkLegendaryMythicalUnique Crafting Zum Herstellen von Unique Blaupausen ben\u00f6tigt ihr:\u2013 7 Arten jeder Ressource, z.B. 7 Arten Holz \u2013 Mythos \u2013 Gold\u2013 Luminous Substance Luminous Substance Diese seltene Ressource kann von Leichen des Glowing Whales geerntet werden, welcher sich in den Tiefen der Trenches befindet! Luminous Substance wird&hellip; Read more\" \/>\n<meta property=\"og:url\" content=\"https:\/\/radioactivegaming.eu\/es\/atlas\/calidad-del-articulo\/\" \/>\n<meta property=\"og:site_name\" content=\"Radioactive Gaming\" \/>\n<meta property=\"article:modified_time\" content=\"2024-05-24T18:53:20+00:00\" \/>\n<meta property=\"og:image\" content=\"https:\/\/radioactivegaming.eu\/wp-content\/uploads\/2024\/05\/repair.png\" \/>\n<meta name=\"twitter:card\" content=\"summary_large_image\" \/>\n<meta name=\"twitter:label1\" content=\"Tiempo de lectura\" \/>\n\t<meta name=\"twitter:data1\" content=\"1 minuto\" \/>\n<script type=\"application\/ld+json\" class=\"yoast-schema-graph\">{\"@context\":\"https:\/\/schema.org\",\"@graph\":[{\"@type\":\"WebPage\",\"@id\":\"https:\/\/radioactivegaming.eu\/atlas\/item-quality\/\",\"url\":\"https:\/\/radioactivegaming.eu\/atlas\/item-quality\/\",\"name\":\"Item Quality - Radioactive Gaming\",\"isPartOf\":{\"@id\":\"https:\/\/radioactivegaming.eu\/#website\"},\"primaryImageOfPage\":{\"@id\":\"https:\/\/radioactivegaming.eu\/atlas\/item-quality\/#primaryimage\"},\"image\":{\"@id\":\"https:\/\/radioactivegaming.eu\/atlas\/item-quality\/#primaryimage\"},\"thumbnailUrl\":\"https:\/\/radioactivegaming.eu\/wp-content\/uploads\/2024\/05\/repair.png\",\"datePublished\":\"2021-08-10T08:34:12+00:00\",\"dateModified\":\"2024-05-24T18:53:20+00:00\",\"breadcrumb\":{\"@id\":\"https:\/\/radioactivegaming.eu\/atlas\/item-quality\/#breadcrumb\"},\"inLanguage\":\"es\",\"potentialAction\":[{\"@type\":\"ReadAction\",\"target\":[\"https:\/\/radioactivegaming.eu\/atlas\/item-quality\/\"]}]},{\"@type\":\"ImageObject\",\"inLanguage\":\"es\",\"@id\":\"https:\/\/radioactivegaming.eu\/atlas\/item-quality\/#primaryimage\",\"url\":\"https:\/\/radioactivegaming.eu\/wp-content\/uploads\/2024\/05\/repair.png\",\"contentUrl\":\"https:\/\/radioactivegaming.eu\/wp-content\/uploads\/2024\/05\/repair.png\"},{\"@type\":\"BreadcrumbList\",\"@id\":\"https:\/\/radioactivegaming.eu\/atlas\/item-quality\/#breadcrumb\",\"itemListElement\":[{\"@type\":\"ListItem\",\"position\":1,\"name\":\"Startseite\",\"item\":\"https:\/\/radioactivegaming.eu\/\"},{\"@type\":\"ListItem\",\"position\":2,\"name\":\"Atlas\",\"item\":\"https:\/\/radioactivegaming.eu\/atlas\/\"},{\"@type\":\"ListItem\",\"position\":3,\"name\":\"Item Quality\"}]},{\"@type\":\"WebSite\",\"@id\":\"https:\/\/radioactivegaming.eu\/#website\",\"url\":\"https:\/\/radioactivegaming.eu\/\",\"name\":\"Radioactive Gaming\",\"description\":\"\",\"publisher\":{\"@id\":\"https:\/\/radioactivegaming.eu\/#organization\"},\"potentialAction\":[{\"@type\":\"SearchAction\",\"target\":{\"@type\":\"EntryPoint\",\"urlTemplate\":\"https:\/\/radioactivegaming.eu\/?s={search_term_string}\"},\"query-input\":{\"@type\":\"PropertyValueSpecification\",\"valueRequired\":true,\"valueName\":\"search_term_string\"}}],\"inLanguage\":\"es\"},{\"@type\":\"Organization\",\"@id\":\"https:\/\/radioactivegaming.eu\/#organization\",\"name\":\"Radioactive Gaming\",\"url\":\"https:\/\/radioactivegaming.eu\/\",\"logo\":{\"@type\":\"ImageObject\",\"inLanguage\":\"es\",\"@id\":\"https:\/\/radioactivegaming.eu\/#\/schema\/logo\/image\/\",\"url\":\"https:\/\/radioactivegaming.eu\/wp-content\/uploads\/2019\/12\/cropped-coin-2.png\",\"contentUrl\":\"https:\/\/radioactivegaming.eu\/wp-content\/uploads\/2019\/12\/cropped-coin-2.png\",\"width\":256,\"height\":256,\"caption\":\"Radioactive Gaming\"},\"image\":{\"@id\":\"https:\/\/radioactivegaming.eu\/#\/schema\/logo\/image\/\"},\"sameAs\":[\"https:\/\/www.youtube.com\/channel\/UCHAH-p_vfp_co-__TB4M14A\"]}]}<\/script>\n<!-- \/ Yoast SEO plugin. -->","yoast_head_json":{"title":"Calidad de los art\u00edculos - Radioactive Gaming","robots":{"index":"index","follow":"follow","max-snippet":"max-snippet:-1","max-image-preview":"max-image-preview:large","max-video-preview":"max-video-preview:-1"},"canonical":"https:\/\/radioactivegaming.eu\/es\/atlas\/calidad-del-articulo\/","og_locale":"es_ES","og_type":"article","og_title":"Item Quality - Radioactive Gaming","og_description":"Blaupausen findet ihr bei uns in folgenden Stufen PrimitiveFineJourneymanMasterworkLegendaryMythicalUnique Crafting Zum Herstellen von Unique Blaupausen ben\u00f6tigt ihr:\u2013 7 Arten jeder Ressource, z.B. 7 Arten Holz \u2013 Mythos \u2013 Gold\u2013 Luminous Substance Luminous Substance Diese seltene Ressource kann von Leichen des Glowing Whales geerntet werden, welcher sich in den Tiefen der Trenches befindet! Luminous Substance wird&hellip; Read more","og_url":"https:\/\/radioactivegaming.eu\/es\/atlas\/calidad-del-articulo\/","og_site_name":"Radioactive Gaming","article_modified_time":"2024-05-24T18:53:20+00:00","og_image":[{"url":"https:\/\/radioactivegaming.eu\/wp-content\/uploads\/2024\/05\/repair.png","type":"","width":"","height":""}],"twitter_card":"summary_large_image","twitter_misc":{"Tiempo de lectura":"1 minuto"},"schema":{"@context":"https:\/\/schema.org","@graph":[{"@type":"WebPage","@id":"https:\/\/radioactivegaming.eu\/atlas\/item-quality\/","url":"https:\/\/radioactivegaming.eu\/atlas\/item-quality\/","name":"Calidad de los art\u00edculos - Radioactive Gaming","isPartOf":{"@id":"https:\/\/radioactivegaming.eu\/#website"},"primaryImageOfPage":{"@id":"https:\/\/radioactivegaming.eu\/atlas\/item-quality\/#primaryimage"},"image":{"@id":"https:\/\/radioactivegaming.eu\/atlas\/item-quality\/#primaryimage"},"thumbnailUrl":"https:\/\/radioactivegaming.eu\/wp-content\/uploads\/2024\/05\/repair.png","datePublished":"2021-08-10T08:34:12+00:00","dateModified":"2024-05-24T18:53:20+00:00","breadcrumb":{"@id":"https:\/\/radioactivegaming.eu\/atlas\/item-quality\/#breadcrumb"},"inLanguage":"es","potentialAction":[{"@type":"ReadAction","target":["https:\/\/radioactivegaming.eu\/atlas\/item-quality\/"]}]},{"@type":"ImageObject","inLanguage":"es","@id":"https:\/\/radioactivegaming.eu\/atlas\/item-quality\/#primaryimage","url":"https:\/\/radioactivegaming.eu\/wp-content\/uploads\/2024\/05\/repair.png","contentUrl":"https:\/\/radioactivegaming.eu\/wp-content\/uploads\/2024\/05\/repair.png"},{"@type":"BreadcrumbList","@id":"https:\/\/radioactivegaming.eu\/atlas\/item-quality\/#breadcrumb","itemListElement":[{"@type":"ListItem","position":1,"name":"Startseite","item":"https:\/\/radioactivegaming.eu\/"},{"@type":"ListItem","position":2,"name":"Atlas","item":"https:\/\/radioactivegaming.eu\/atlas\/"},{"@type":"ListItem","position":3,"name":"Item Quality"}]},{"@type":"WebSite","@id":"https:\/\/radioactivegaming.eu\/#website","url":"https:\/\/radioactivegaming.eu\/","name":"Juegos radioactivos","description":"","publisher":{"@id":"https:\/\/radioactivegaming.eu\/#organization"},"potentialAction":[{"@type":"SearchAction","target":{"@type":"EntryPoint","urlTemplate":"https:\/\/radioactivegaming.eu\/?s={search_term_string}"},"query-input":{"@type":"PropertyValueSpecification","valueRequired":true,"valueName":"search_term_string"}}],"inLanguage":"es"},{"@type":"Organization","@id":"https:\/\/radioactivegaming.eu\/#organization","name":"Juegos radioactivos","url":"https:\/\/radioactivegaming.eu\/","logo":{"@type":"ImageObject","inLanguage":"es","@id":"https:\/\/radioactivegaming.eu\/#\/schema\/logo\/image\/","url":"https:\/\/radioactivegaming.eu\/wp-content\/uploads\/2019\/12\/cropped-coin-2.png","contentUrl":"https:\/\/radioactivegaming.eu\/wp-content\/uploads\/2019\/12\/cropped-coin-2.png","width":256,"height":256,"caption":"Radioactive Gaming"},"image":{"@id":"https:\/\/radioactivegaming.eu\/#\/schema\/logo\/image\/"},"sameAs":["https:\/\/www.youtube.com\/channel\/UCHAH-p_vfp_co-__TB4M14A"]}]}},"jetpack_sharing_enabled":true,"_links":{"self":[{"href":"https:\/\/radioactivegaming.eu\/es\/wp-json\/wp\/v2\/pages\/3434","targetHints":{"allow":["GET"]}}],"collection":[{"href":"https:\/\/radioactivegaming.eu\/es\/wp-json\/wp\/v2\/pages"}],"about":[{"href":"https:\/\/radioactivegaming.eu\/es\/wp-json\/wp\/v2\/types\/page"}],"author":[{"embeddable":true,"href":"https:\/\/radioactivegaming.eu\/es\/wp-json\/wp\/v2\/users\/1"}],"replies":[{"embeddable":true,"href":"https:\/\/radioactivegaming.eu\/es\/wp-json\/wp\/v2\/comments?post=3434"}],"version-history":[{"count":4,"href":"https:\/\/radioactivegaming.eu\/es\/wp-json\/wp\/v2\/pages\/3434\/revisions"}],"predecessor-version":[{"id":5342,"href":"https:\/\/radioactivegaming.eu\/es\/wp-json\/wp\/v2\/pages\/3434\/revisions\/5342"}],"up":[{"embeddable":true,"href":"https:\/\/radioactivegaming.eu\/es\/wp-json\/wp\/v2\/pages\/13"}],"wp:attachment":[{"href":"https:\/\/radioactivegaming.eu\/es\/wp-json\/wp\/v2\/media?parent=3434"}],"curies":[{"name":"wp","href":"https:\/\/api.w.org\/{rel}","templated":true}]}}