{"id":3449,"date":"2021-08-10T10:58:21","date_gmt":"2021-08-10T08:58:21","guid":{"rendered":"https:\/\/radioactivegaming.eu\/?page_id=3449"},"modified":"2024-05-25T11:32:36","modified_gmt":"2024-05-25T09:32:36","slug":"bettershipyardsandsails","status":"publish","type":"page","link":"https:\/\/radioactivegaming.eu\/es\/atlas\/bettershipyardsandsails\/","title":{"rendered":"BetterShipyardsAndSails"},"content":{"rendered":"<div  data-label=\"Overlappable\" data-id=\"overlappable--1\" data-export-id=\"overlappable-3\" data-category=\"overlappable\" class=\"overlappable-3 content-section content-section-spacing content-relative\" data-overlap=\"true\" id=\"overlappable-1\" style=\"background-color: rgb(255, 255, 255);\"><div  class=\"section-separator-top\">\n    <svg  class=\"section-separator-top\" data-separator-name=\"triangle-asymmetrical-negative\" preserveaspectratio=\"none\" viewbox=\"0 0 1000 100\" xmlns=\"http:\/\/www.w3.org\/2000\/svg\">\n        <path  class=\"svg-white-bg\" d=\"M737.9,94.7L0,0v100h1000V0L737.9,94.7z\"><\/path>\n    <\/svg>\n<\/div><div  class=\"gridContainer\"> <div  class=\"row bg-color-white shadow-medium\"><div  class=\"col-xs-12 col-sm-6 image-col first-image-col\" data-bg=\"image\" style=\"background-image: url(&quot;https:\/\/radioactivegaming.eu\/wp-content\/uploads\/2021\/03\/cropped-cropped-20210222131709_1-scaled-1.jpg&quot;);\"><\/div> <div  class=\"col-xs-12 col-sm-6 content-col col-padding col-padding-xs\"> <div  class=\"col-padding\" data-type=\"column\"> <h4  class=\"\">Lanzamiento de barcos<\/h4> <p  class=\"\">S\u00f3lo 2 astilleros (Peque\u00f1o y Grande) est\u00e1n disponibles en Radioactive.\n<br ><br >La calidad de la nave depende del plano utilizado. Puedes encontrarlos saqueando naves de facciones, por ejemplo.<br >\nSi construyes una nave sin un plano, siempre tendr\u00e1 100%.<br ><br >Los barcos cuestan oro en funci\u00f3n de su calidad<br >\nEl coste m\u00e1ximo se limita a 200%, ya que la calidad del buque, en consecuencia 200% buques costo por ejemplo:<br >\nTrireme Oro 16k (100% Precio Oro 8k)<br >\nBrigantine 8k Oro (100% Precio 4k Oro)<br >\nGale\u00f3n 20k Oro (100% Precio 10k Oro)<br ><br >Las m\u00e1scaras para los barcos vainilla (por ejemplo, Caoba - en la imagen) tambi\u00e9n se pueden producir en el astillero correspondiente, \u00e9stas s\u00f3lo tienen una apariencia visual diferente, no mejores estad\u00edsticas o similares.\n<br >Para crear un buque skin, haz clic en el bot\u00f3n correspondiente en el centro del astillero.<\/p> <\/div> <\/div><\/div> <div  class=\"row bg-color-white shadow-medium\"><div  class=\"col-xs-12 col-sm-6 content-col col-padding col-padding-xs\"> <div  class=\"col-padding\" data-type=\"column\"><h4  class=\"\">Vela<\/h4> <p  class=\"\"><span  style=\"font-weight: 700;\">Vela de velocidad:<\/span>\n<br >Nueva estad\u00edstica SailOpenCloseSpeed: Determina la velocidad de apertura y cierre de las velas.<br >El radio del viento ha aumentado de 84 a 90 grados.\n<br ><br ><span  style=\"font-weight: 700;\">Sailskins:<\/span>\n<br >En nuestra tienda de donaciones puedes encargar la creaci\u00f3n de skins de empresa para los respectivos tipos de vela, que se diferencian de las pinturas en HD y pueden mostrar muchos m\u00e1s colores.&nbsp;\n<br ><br ><span  style=\"font-weight: 700;\">Nuevo tipo de vela: vela mariposa\n<br ><span  style=\"font-weight: 400;\">Las velas mariposa son \"h\u00edbridas\".<\/span><br ><span  style=\"font-weight: 400;\">Ofrecen las ventajas de las velas de manejo, velocidad y peso y, por tanto, son un todoterreno, que, por supuesto, es bastante m\u00e1s d\u00e9bil en el \u00e1rea respectiva que en la de velocidad, peso o manejo.\n<\/span><br ><span  style=\"font-weight: 400;\">Puede tener estad\u00edsticas\/valores en:\n<br >- SailEffectiveAngle\n<br >- SailMaxMovementWeight\n<br >- VelaAceleraci\u00f3n\n<br >- Eficacia del giro de la vela\n<br >- VelaVelocidadAperturaCierre\n<br ><br >\n<\/span>Nuevo tipo de vela: Frontsail<br ><span  style=\"font-weight: 400;\">En algunos barcos, se puede fijar otra vela en la parte delantera, que, dependiendo del barco, es puramente decorativa o tambi\u00e9n contribuye a la velocidad.\n<\/span><br ><span  style=\"font-weight: 400;\">Puede tener estad\u00edsticas\/valores en:<\/span><br ><span  style=\"font-weight: 400;\">- VelaAceleraci\u00f3n<\/span><br ><span  style=\"font-weight: 400;\">- VelaVelocidadAperturaCierre<\/span><span  id=\"_mce_caret\" data-mce-bogus=\"1\" data-mce-type=\"format-caret\"><span  style=\"font-weight: 400;\"><\/span><\/span><\/span><\/p> <\/div> <\/div> <div  class=\"col-xs-12 col-sm-6 image-col second-image-col first-xs last-sm\" data-bg=\"image\" style=\"background-image: url(&quot;https:\/\/radioactivegaming.eu\/wp-content\/uploads\/2021\/08\/cropped-20210801142415_1.jpg&quot;);\"><\/div> <\/div><\/div> <\/div><div data-label=\"About\" data-id=\"about--1\" data-export-id=\"about-4\" data-category=\"about\" class=\"about-4 content-section content-section-spacing\" id=\"about-1\"  style=\"background-color: rgb(245, 250, 253);\"><div class=\"gridContainer\" > <div class=\"row middle-sm text-center\" ><div class=\"col-sm-5 space-bottom-xs\" data-type=\"column\" > <h5 class=\"\" >Muelle de mantenimiento<\/h5> <h2 class=\"\" >Mejorar las naves...<\/h2> <p class=\"\" >...(mayor calidad de la nave) es posible en cualquier momento en el Muelle de Mantenimiento, que tambi\u00e9n tiene la funci\u00f3n de reparar todas las partes de tu nave.\n<br ><br >Para ello, cuelga tu barco en el muelle, coloca el plano correspondiente en tu inventario y consigue los materiales de artesan\u00eda necesarios. \n<br >A continuaci\u00f3n, selecciona el plano y haz clic en \"Craft\" (E).<\/p> <\/div> <div class=\"col-sm-7 flexbox center-xs middle-xs image-group-2-img\" > <img decoding=\"async\" class=\"img-1 shadow-large\" data-size=\"250x200\" src=\"https:\/\/radioactivegaming.eu\/wp-content\/uploads\/2024\/05\/maintdock.png\"  title=\"maintdock\" alt=\"\"> <img decoding=\"async\" class=\"img-2 shadow-large\" data-size=\"220x170\" src=\"https:\/\/radioactivegaming.eu\/wp-content\/uploads\/2024\/05\/maint2.png\"  title=\"maint2\" alt=\"\"><\/div> <\/div><\/div> <\/div>","protected":false},"excerpt":{"rendered":"<p>S\u00f3lo 2 astilleros (Peque\u00f1o y Grande) est\u00e1n disponibles en Radioactive. La calidad de la nave depende del plano utilizado. Puedes encontrarlos saqueando naves de facciones, por ejemplo. Si construyes una nave sin plano, siempre tendr\u00e1 100%. Las naves cuestan oro dependiendo de su calidad. El coste m\u00e1ximo est\u00e1 fijado en 200%,... <br \/> <a class=\"read-more\" href=\"https:\/\/radioactivegaming.eu\/es\/atlas\/bettershipyardsandsails\/\">Seguir leyendo<\/a><\/p>","protected":false},"author":1,"featured_media":0,"parent":13,"menu_order":0,"comment_status":"closed","ping_status":"closed","template":"pro\/page-templates\/full-width-page.php","meta":{"footnotes":""},"class_list":["post-3449","page","type-page","status-publish","hentry"],"yoast_head":"<!-- This site is optimized with the Yoast SEO plugin v26.3 - https:\/\/yoast.com\/wordpress\/plugins\/seo\/ -->\n<title>BetterShipyardsAndSails - Radioactive Gaming<\/title>\n<meta name=\"robots\" content=\"index, follow, max-snippet:-1, max-image-preview:large, max-video-preview:-1\" \/>\n<link rel=\"canonical\" href=\"https:\/\/radioactivegaming.eu\/es\/atlas\/bettershipyardsandsails\/\" \/>\n<meta property=\"og:locale\" content=\"es_ES\" \/>\n<meta property=\"og:type\" content=\"article\" \/>\n<meta property=\"og:title\" content=\"BetterShipyardsAndSails - Radioactive Gaming\" \/>\n<meta property=\"og:description\" content=\"Schiffswerfen Auf Radioactive stehen nur 2 Shipyards (Small &amp; Large) zur Verf\u00fcgung. Die Schiffsqualit\u00e4t ist von der verwendeten Blaupause des Schiffes abh\u00e4ngig. Diese k\u00f6nnt ihr finden wenn ihr z.B. Fraktionsschiffe lootet. Baut ihr ein Schiff ohne Blaupause, hat dieses immer 100%.Schiffe kosten abh\u00e4ngig von ihrer Qualit\u00e4t Gold Die maximalen Kosten sind auf 200%, wie die&hellip; Read more\" \/>\n<meta property=\"og:url\" content=\"https:\/\/radioactivegaming.eu\/es\/atlas\/bettershipyardsandsails\/\" \/>\n<meta property=\"og:site_name\" content=\"Radioactive Gaming\" \/>\n<meta property=\"article:modified_time\" content=\"2024-05-25T09:32:36+00:00\" \/>\n<meta property=\"og:image\" content=\"https:\/\/radioactivegaming.eu\/wp-content\/uploads\/2024\/05\/maintdock.png\" \/>\n<meta name=\"twitter:card\" content=\"summary_large_image\" \/>\n<meta name=\"twitter:label1\" content=\"Tiempo de lectura\" \/>\n\t<meta name=\"twitter:data1\" content=\"2 minutos\" \/>\n<script type=\"application\/ld+json\" class=\"yoast-schema-graph\">{\"@context\":\"https:\/\/schema.org\",\"@graph\":[{\"@type\":\"WebPage\",\"@id\":\"https:\/\/radioactivegaming.eu\/atlas\/bettershipyardsandsails\/\",\"url\":\"https:\/\/radioactivegaming.eu\/atlas\/bettershipyardsandsails\/\",\"name\":\"BetterShipyardsAndSails - Radioactive Gaming\",\"isPartOf\":{\"@id\":\"https:\/\/radioactivegaming.eu\/#website\"},\"primaryImageOfPage\":{\"@id\":\"https:\/\/radioactivegaming.eu\/atlas\/bettershipyardsandsails\/#primaryimage\"},\"image\":{\"@id\":\"https:\/\/radioactivegaming.eu\/atlas\/bettershipyardsandsails\/#primaryimage\"},\"thumbnailUrl\":\"https:\/\/radioactivegaming.eu\/wp-content\/uploads\/2024\/05\/maintdock.png\",\"datePublished\":\"2021-08-10T08:58:21+00:00\",\"dateModified\":\"2024-05-25T09:32:36+00:00\",\"breadcrumb\":{\"@id\":\"https:\/\/radioactivegaming.eu\/atlas\/bettershipyardsandsails\/#breadcrumb\"},\"inLanguage\":\"es\",\"potentialAction\":[{\"@type\":\"ReadAction\",\"target\":[\"https:\/\/radioactivegaming.eu\/atlas\/bettershipyardsandsails\/\"]}]},{\"@type\":\"ImageObject\",\"inLanguage\":\"es\",\"@id\":\"https:\/\/radioactivegaming.eu\/atlas\/bettershipyardsandsails\/#primaryimage\",\"url\":\"https:\/\/radioactivegaming.eu\/wp-content\/uploads\/2024\/05\/maintdock.png\",\"contentUrl\":\"https:\/\/radioactivegaming.eu\/wp-content\/uploads\/2024\/05\/maintdock.png\"},{\"@type\":\"BreadcrumbList\",\"@id\":\"https:\/\/radioactivegaming.eu\/atlas\/bettershipyardsandsails\/#breadcrumb\",\"itemListElement\":[{\"@type\":\"ListItem\",\"position\":1,\"name\":\"Startseite\",\"item\":\"https:\/\/radioactivegaming.eu\/\"},{\"@type\":\"ListItem\",\"position\":2,\"name\":\"Atlas\",\"item\":\"https:\/\/radioactivegaming.eu\/atlas\/\"},{\"@type\":\"ListItem\",\"position\":3,\"name\":\"BetterShipyardsAndSails\"}]},{\"@type\":\"WebSite\",\"@id\":\"https:\/\/radioactivegaming.eu\/#website\",\"url\":\"https:\/\/radioactivegaming.eu\/\",\"name\":\"Radioactive Gaming\",\"description\":\"\",\"publisher\":{\"@id\":\"https:\/\/radioactivegaming.eu\/#organization\"},\"potentialAction\":[{\"@type\":\"SearchAction\",\"target\":{\"@type\":\"EntryPoint\",\"urlTemplate\":\"https:\/\/radioactivegaming.eu\/?s={search_term_string}\"},\"query-input\":{\"@type\":\"PropertyValueSpecification\",\"valueRequired\":true,\"valueName\":\"search_term_string\"}}],\"inLanguage\":\"es\"},{\"@type\":\"Organization\",\"@id\":\"https:\/\/radioactivegaming.eu\/#organization\",\"name\":\"Radioactive Gaming\",\"url\":\"https:\/\/radioactivegaming.eu\/\",\"logo\":{\"@type\":\"ImageObject\",\"inLanguage\":\"es\",\"@id\":\"https:\/\/radioactivegaming.eu\/#\/schema\/logo\/image\/\",\"url\":\"https:\/\/radioactivegaming.eu\/wp-content\/uploads\/2019\/12\/cropped-coin-2.png\",\"contentUrl\":\"https:\/\/radioactivegaming.eu\/wp-content\/uploads\/2019\/12\/cropped-coin-2.png\",\"width\":256,\"height\":256,\"caption\":\"Radioactive Gaming\"},\"image\":{\"@id\":\"https:\/\/radioactivegaming.eu\/#\/schema\/logo\/image\/\"},\"sameAs\":[\"https:\/\/www.youtube.com\/channel\/UCHAH-p_vfp_co-__TB4M14A\"]}]}<\/script>\n<!-- \/ Yoast SEO plugin. -->","yoast_head_json":{"title":"BetterShipyardsAndSails - Juegos radioactivos","robots":{"index":"index","follow":"follow","max-snippet":"max-snippet:-1","max-image-preview":"max-image-preview:large","max-video-preview":"max-video-preview:-1"},"canonical":"https:\/\/radioactivegaming.eu\/es\/atlas\/bettershipyardsandsails\/","og_locale":"es_ES","og_type":"article","og_title":"BetterShipyardsAndSails - Radioactive Gaming","og_description":"Schiffswerfen Auf Radioactive stehen nur 2 Shipyards (Small &amp; Large) zur Verf\u00fcgung. Die Schiffsqualit\u00e4t ist von der verwendeten Blaupause des Schiffes abh\u00e4ngig. Diese k\u00f6nnt ihr finden wenn ihr z.B. Fraktionsschiffe lootet. Baut ihr ein Schiff ohne Blaupause, hat dieses immer 100%.Schiffe kosten abh\u00e4ngig von ihrer Qualit\u00e4t Gold Die maximalen Kosten sind auf 200%, wie die&hellip; Read more","og_url":"https:\/\/radioactivegaming.eu\/es\/atlas\/bettershipyardsandsails\/","og_site_name":"Radioactive Gaming","article_modified_time":"2024-05-25T09:32:36+00:00","og_image":[{"url":"https:\/\/radioactivegaming.eu\/wp-content\/uploads\/2024\/05\/maintdock.png","type":"","width":"","height":""}],"twitter_card":"summary_large_image","twitter_misc":{"Tiempo de lectura":"2 minutos"},"schema":{"@context":"https:\/\/schema.org","@graph":[{"@type":"WebPage","@id":"https:\/\/radioactivegaming.eu\/atlas\/bettershipyardsandsails\/","url":"https:\/\/radioactivegaming.eu\/atlas\/bettershipyardsandsails\/","name":"BetterShipyardsAndSails - Juegos radioactivos","isPartOf":{"@id":"https:\/\/radioactivegaming.eu\/#website"},"primaryImageOfPage":{"@id":"https:\/\/radioactivegaming.eu\/atlas\/bettershipyardsandsails\/#primaryimage"},"image":{"@id":"https:\/\/radioactivegaming.eu\/atlas\/bettershipyardsandsails\/#primaryimage"},"thumbnailUrl":"https:\/\/radioactivegaming.eu\/wp-content\/uploads\/2024\/05\/maintdock.png","datePublished":"2021-08-10T08:58:21+00:00","dateModified":"2024-05-25T09:32:36+00:00","breadcrumb":{"@id":"https:\/\/radioactivegaming.eu\/atlas\/bettershipyardsandsails\/#breadcrumb"},"inLanguage":"es","potentialAction":[{"@type":"ReadAction","target":["https:\/\/radioactivegaming.eu\/atlas\/bettershipyardsandsails\/"]}]},{"@type":"ImageObject","inLanguage":"es","@id":"https:\/\/radioactivegaming.eu\/atlas\/bettershipyardsandsails\/#primaryimage","url":"https:\/\/radioactivegaming.eu\/wp-content\/uploads\/2024\/05\/maintdock.png","contentUrl":"https:\/\/radioactivegaming.eu\/wp-content\/uploads\/2024\/05\/maintdock.png"},{"@type":"BreadcrumbList","@id":"https:\/\/radioactivegaming.eu\/atlas\/bettershipyardsandsails\/#breadcrumb","itemListElement":[{"@type":"ListItem","position":1,"name":"Startseite","item":"https:\/\/radioactivegaming.eu\/"},{"@type":"ListItem","position":2,"name":"Atlas","item":"https:\/\/radioactivegaming.eu\/atlas\/"},{"@type":"ListItem","position":3,"name":"BetterShipyardsAndSails"}]},{"@type":"WebSite","@id":"https:\/\/radioactivegaming.eu\/#website","url":"https:\/\/radioactivegaming.eu\/","name":"Juegos radioactivos","description":"","publisher":{"@id":"https:\/\/radioactivegaming.eu\/#organization"},"potentialAction":[{"@type":"SearchAction","target":{"@type":"EntryPoint","urlTemplate":"https:\/\/radioactivegaming.eu\/?s={search_term_string}"},"query-input":{"@type":"PropertyValueSpecification","valueRequired":true,"valueName":"search_term_string"}}],"inLanguage":"es"},{"@type":"Organization","@id":"https:\/\/radioactivegaming.eu\/#organization","name":"Juegos radioactivos","url":"https:\/\/radioactivegaming.eu\/","logo":{"@type":"ImageObject","inLanguage":"es","@id":"https:\/\/radioactivegaming.eu\/#\/schema\/logo\/image\/","url":"https:\/\/radioactivegaming.eu\/wp-content\/uploads\/2019\/12\/cropped-coin-2.png","contentUrl":"https:\/\/radioactivegaming.eu\/wp-content\/uploads\/2019\/12\/cropped-coin-2.png","width":256,"height":256,"caption":"Radioactive Gaming"},"image":{"@id":"https:\/\/radioactivegaming.eu\/#\/schema\/logo\/image\/"},"sameAs":["https:\/\/www.youtube.com\/channel\/UCHAH-p_vfp_co-__TB4M14A"]}]}},"jetpack_sharing_enabled":true,"_links":{"self":[{"href":"https:\/\/radioactivegaming.eu\/es\/wp-json\/wp\/v2\/pages\/3449","targetHints":{"allow":["GET"]}}],"collection":[{"href":"https:\/\/radioactivegaming.eu\/es\/wp-json\/wp\/v2\/pages"}],"about":[{"href":"https:\/\/radioactivegaming.eu\/es\/wp-json\/wp\/v2\/types\/page"}],"author":[{"embeddable":true,"href":"https:\/\/radioactivegaming.eu\/es\/wp-json\/wp\/v2\/users\/1"}],"replies":[{"embeddable":true,"href":"https:\/\/radioactivegaming.eu\/es\/wp-json\/wp\/v2\/comments?post=3449"}],"version-history":[{"count":12,"href":"https:\/\/radioactivegaming.eu\/es\/wp-json\/wp\/v2\/pages\/3449\/revisions"}],"predecessor-version":[{"id":5475,"href":"https:\/\/radioactivegaming.eu\/es\/wp-json\/wp\/v2\/pages\/3449\/revisions\/5475"}],"up":[{"embeddable":true,"href":"https:\/\/radioactivegaming.eu\/es\/wp-json\/wp\/v2\/pages\/13"}],"wp:attachment":[{"href":"https:\/\/radioactivegaming.eu\/es\/wp-json\/wp\/v2\/media?parent=3449"}],"curies":[{"name":"wp","href":"https:\/\/api.w.org\/{rel}","templated":true}]}}