{"id":3549,"date":"2021-11-24T18:23:17","date_gmt":"2021-11-24T17:23:17","guid":{"rendered":"https:\/\/radioactivegaming.eu\/?page_id=3549"},"modified":"2021-11-24T18:52:37","modified_gmt":"2021-11-24T17:52:37","slug":"youtube","status":"publish","type":"page","link":"https:\/\/radioactivegaming.eu\/es\/youtube\/","title":{"rendered":"Youtube"},"content":{"rendered":"<div  data-label=\"Content\" data-id=\"content--1\" data-export-id=\"content-12\" data-category=\"content\" class=\"content-12 content-section content-section-spacing content-relative\" id=\"content-1\" style=\"background-color: rgb(255, 255, 255); background-image: none;\"><div class=\"section-separator-top\" >\n    <svg xmlns=\"http:\/\/www.w3.org\/2000\/svg\" viewbox=\"0 0 2600 131.1\" preserveaspectratio=\"none\" data-separator-name=\"opacity-tilt\" class=\"section-separator-top\" >\n\t<path class=\"svg-white-bg\" d=\"M0 0L2600 0 2600 69.1 0 0z\" ><\/path>\n\t<path class=\"svg-white-bg\" style=\"opacity: 0.5;\" d=\"M0 0L2600 0 2600 69.1 0 69.1z\" ><\/path>\n\t<path class=\"svg-white-bg\" style=\"opacity: 0.25;\" d=\"M2600 0L0 0 0 130.1 2600 69.1z\" ><\/path>\n<\/svg>\n<\/div><div  class=\"gridContainer\"> <div  class=\"row text-center\"><div  class=\"section-title-col\" data-type=\"column\"> <h2  class=\"\" style=\"text-align: center;\"><span style=\"color: rgb(0, 0, 0);\" >Tutoriales, actuaciones y m\u00e1s...<\/span><\/h2> <p  class=\"lead\">Frank, uno de nuestros administradores, te lo muestra en sus v\u00eddeos.\n<br >Tanto si est\u00e1 atascado como si s\u00f3lo quiere ver lo que le ofrecemos, aqu\u00ed lo encontrar\u00e1.<\/p><\/div> <\/div> <div  class=\"row center-xs middle-xs\"> <div  class=\"col-sm-9\" data-type=\"column\"><div  data-editable=\"true\" data-name=\"ope-widgets-area\" data-content-shortcode=\"mesmerize_display_widgets_area id=&quot;mesmerize_users_custom_widgets_areas_10&quot; \" class=\"\"><div data-name=\"mesmerize-widgets-area\"><div id=\"block-8\" class=\"widget widget_block\"><iframe loading=\"lazy\" src=\"https:\/\/discord.com\/widget?id=652851613140254740&theme=dark\" width=\"350\" height=\"500\" allowtransparency=\"true\" frameborder=\"0\" sandbox=\"allow-popups allow-popups-to-escape-sandbox allow-same-origin allow-scripts\"><\/iframe><\/div><\/div><\/div> <\/div> <\/div><\/div> <div class=\"section-separator-bottom\" >\n    <svg class=\"section-separator-bottom\" data-separator-name=\"triangle-asymmetrical-negative\" preserveaspectratio=\"none\" viewbox=\"0 0 1000 100\" xmlns=\"http:\/\/www.w3.org\/2000\/svg\" >\n        <path class=\"svg-white-bg\" d=\"M737.9,94.7L0,0v100h1000V0L737.9,94.7z\" ><\/path>\n    <\/svg>\n<\/div><\/div>","protected":false},"excerpt":{"rendered":"<p>Tutoriales, ideas y mucho m\u00e1s... \u00a1Frank, uno de nuestros administradores, te muestra todo esto en sus v\u00eddeos! Tanto si est\u00e1s atascado como si s\u00f3lo quieres ver lo que podemos ofrecerte, \u00a1aqu\u00ed lo encontrar\u00e1s!<\/p>","protected":false},"author":1,"featured_media":0,"parent":0,"menu_order":0,"comment_status":"closed","ping_status":"closed","template":"pro\/page-templates\/full-width-page.php","meta":{"footnotes":""},"class_list":["post-3549","page","type-page","status-publish","hentry"],"yoast_head":"<!-- This site is optimized with the Yoast SEO plugin v26.3 - https:\/\/yoast.com\/wordpress\/plugins\/seo\/ -->\n<title>Youtube - Radioactive Gaming<\/title>\n<meta name=\"robots\" content=\"index, follow, max-snippet:-1, max-image-preview:large, max-video-preview:-1\" \/>\n<link rel=\"canonical\" href=\"https:\/\/radioactivegaming.eu\/es\/youtube\/\" \/>\n<meta property=\"og:locale\" content=\"es_ES\" \/>\n<meta property=\"og:type\" content=\"article\" \/>\n<meta property=\"og:title\" content=\"Youtube - Radioactive Gaming\" \/>\n<meta property=\"og:description\" content=\"Tutorials, Vorstellungen &amp; Mehr\u2026 Das Alles zeigt dir Frank, einer unserer Admins, in seinen Videos! Ob du nun nicht weiter kommst oder einfach nur sehen willst, was wir so bieten, hier wirst du f\u00fcndig!\" \/>\n<meta property=\"og:url\" content=\"https:\/\/radioactivegaming.eu\/es\/youtube\/\" \/>\n<meta property=\"og:site_name\" content=\"Radioactive Gaming\" \/>\n<meta property=\"article:modified_time\" content=\"2021-11-24T17:52:37+00:00\" \/>\n<meta name=\"twitter:card\" content=\"summary_large_image\" \/>\n<script type=\"application\/ld+json\" class=\"yoast-schema-graph\">{\"@context\":\"https:\/\/schema.org\",\"@graph\":[{\"@type\":\"WebPage\",\"@id\":\"https:\/\/radioactivegaming.eu\/youtube\/\",\"url\":\"https:\/\/radioactivegaming.eu\/youtube\/\",\"name\":\"Youtube - Radioactive Gaming\",\"isPartOf\":{\"@id\":\"https:\/\/radioactivegaming.eu\/#website\"},\"datePublished\":\"2021-11-24T17:23:17+00:00\",\"dateModified\":\"2021-11-24T17:52:37+00:00\",\"breadcrumb\":{\"@id\":\"https:\/\/radioactivegaming.eu\/youtube\/#breadcrumb\"},\"inLanguage\":\"es\",\"potentialAction\":[{\"@type\":\"ReadAction\",\"target\":[\"https:\/\/radioactivegaming.eu\/youtube\/\"]}]},{\"@type\":\"BreadcrumbList\",\"@id\":\"https:\/\/radioactivegaming.eu\/youtube\/#breadcrumb\",\"itemListElement\":[{\"@type\":\"ListItem\",\"position\":1,\"name\":\"Startseite\",\"item\":\"https:\/\/radioactivegaming.eu\/\"},{\"@type\":\"ListItem\",\"position\":2,\"name\":\"Youtube\"}]},{\"@type\":\"WebSite\",\"@id\":\"https:\/\/radioactivegaming.eu\/#website\",\"url\":\"https:\/\/radioactivegaming.eu\/\",\"name\":\"Radioactive Gaming\",\"description\":\"\",\"publisher\":{\"@id\":\"https:\/\/radioactivegaming.eu\/#organization\"},\"potentialAction\":[{\"@type\":\"SearchAction\",\"target\":{\"@type\":\"EntryPoint\",\"urlTemplate\":\"https:\/\/radioactivegaming.eu\/?s={search_term_string}\"},\"query-input\":{\"@type\":\"PropertyValueSpecification\",\"valueRequired\":true,\"valueName\":\"search_term_string\"}}],\"inLanguage\":\"es\"},{\"@type\":\"Organization\",\"@id\":\"https:\/\/radioactivegaming.eu\/#organization\",\"name\":\"Radioactive Gaming\",\"url\":\"https:\/\/radioactivegaming.eu\/\",\"logo\":{\"@type\":\"ImageObject\",\"inLanguage\":\"es\",\"@id\":\"https:\/\/radioactivegaming.eu\/#\/schema\/logo\/image\/\",\"url\":\"https:\/\/radioactivegaming.eu\/wp-content\/uploads\/2019\/12\/cropped-coin-2.png\",\"contentUrl\":\"https:\/\/radioactivegaming.eu\/wp-content\/uploads\/2019\/12\/cropped-coin-2.png\",\"width\":256,\"height\":256,\"caption\":\"Radioactive Gaming\"},\"image\":{\"@id\":\"https:\/\/radioactivegaming.eu\/#\/schema\/logo\/image\/\"},\"sameAs\":[\"https:\/\/www.youtube.com\/channel\/UCHAH-p_vfp_co-__TB4M14A\"]}]}<\/script>\n<!-- \/ Yoast SEO plugin. -->","yoast_head_json":{"title":"Youtube - Juegos Radioactivos","robots":{"index":"index","follow":"follow","max-snippet":"max-snippet:-1","max-image-preview":"max-image-preview:large","max-video-preview":"max-video-preview:-1"},"canonical":"https:\/\/radioactivegaming.eu\/es\/youtube\/","og_locale":"es_ES","og_type":"article","og_title":"Youtube - Radioactive Gaming","og_description":"Tutorials, Vorstellungen &amp; Mehr\u2026 Das Alles zeigt dir Frank, einer unserer Admins, in seinen Videos! Ob du nun nicht weiter kommst oder einfach nur sehen willst, was wir so bieten, hier wirst du f\u00fcndig!","og_url":"https:\/\/radioactivegaming.eu\/es\/youtube\/","og_site_name":"Radioactive Gaming","article_modified_time":"2021-11-24T17:52:37+00:00","twitter_card":"summary_large_image","schema":{"@context":"https:\/\/schema.org","@graph":[{"@type":"WebPage","@id":"https:\/\/radioactivegaming.eu\/youtube\/","url":"https:\/\/radioactivegaming.eu\/youtube\/","name":"Youtube - Juegos Radioactivos","isPartOf":{"@id":"https:\/\/radioactivegaming.eu\/#website"},"datePublished":"2021-11-24T17:23:17+00:00","dateModified":"2021-11-24T17:52:37+00:00","breadcrumb":{"@id":"https:\/\/radioactivegaming.eu\/youtube\/#breadcrumb"},"inLanguage":"es","potentialAction":[{"@type":"ReadAction","target":["https:\/\/radioactivegaming.eu\/youtube\/"]}]},{"@type":"BreadcrumbList","@id":"https:\/\/radioactivegaming.eu\/youtube\/#breadcrumb","itemListElement":[{"@type":"ListItem","position":1,"name":"Startseite","item":"https:\/\/radioactivegaming.eu\/"},{"@type":"ListItem","position":2,"name":"Youtube"}]},{"@type":"WebSite","@id":"https:\/\/radioactivegaming.eu\/#website","url":"https:\/\/radioactivegaming.eu\/","name":"Juegos radioactivos","description":"","publisher":{"@id":"https:\/\/radioactivegaming.eu\/#organization"},"potentialAction":[{"@type":"SearchAction","target":{"@type":"EntryPoint","urlTemplate":"https:\/\/radioactivegaming.eu\/?s={search_term_string}"},"query-input":{"@type":"PropertyValueSpecification","valueRequired":true,"valueName":"search_term_string"}}],"inLanguage":"es"},{"@type":"Organization","@id":"https:\/\/radioactivegaming.eu\/#organization","name":"Juegos radioactivos","url":"https:\/\/radioactivegaming.eu\/","logo":{"@type":"ImageObject","inLanguage":"es","@id":"https:\/\/radioactivegaming.eu\/#\/schema\/logo\/image\/","url":"https:\/\/radioactivegaming.eu\/wp-content\/uploads\/2019\/12\/cropped-coin-2.png","contentUrl":"https:\/\/radioactivegaming.eu\/wp-content\/uploads\/2019\/12\/cropped-coin-2.png","width":256,"height":256,"caption":"Radioactive Gaming"},"image":{"@id":"https:\/\/radioactivegaming.eu\/#\/schema\/logo\/image\/"},"sameAs":["https:\/\/www.youtube.com\/channel\/UCHAH-p_vfp_co-__TB4M14A"]}]}},"jetpack_sharing_enabled":true,"_links":{"self":[{"href":"https:\/\/radioactivegaming.eu\/es\/wp-json\/wp\/v2\/pages\/3549","targetHints":{"allow":["GET"]}}],"collection":[{"href":"https:\/\/radioactivegaming.eu\/es\/wp-json\/wp\/v2\/pages"}],"about":[{"href":"https:\/\/radioactivegaming.eu\/es\/wp-json\/wp\/v2\/types\/page"}],"author":[{"embeddable":true,"href":"https:\/\/radioactivegaming.eu\/es\/wp-json\/wp\/v2\/users\/1"}],"replies":[{"embeddable":true,"href":"https:\/\/radioactivegaming.eu\/es\/wp-json\/wp\/v2\/comments?post=3549"}],"version-history":[{"count":8,"href":"https:\/\/radioactivegaming.eu\/es\/wp-json\/wp\/v2\/pages\/3549\/revisions"}],"predecessor-version":[{"id":3573,"href":"https:\/\/radioactivegaming.eu\/es\/wp-json\/wp\/v2\/pages\/3549\/revisions\/3573"}],"wp:attachment":[{"href":"https:\/\/radioactivegaming.eu\/es\/wp-json\/wp\/v2\/media?parent=3549"}],"curies":[{"name":"wp","href":"https:\/\/api.w.org\/{rel}","templated":true}]}}