{"id":3934,"date":"2022-12-25T16:18:09","date_gmt":"2022-12-25T15:18:09","guid":{"rendered":"https:\/\/radioactivegaming.eu\/?page_id=3934"},"modified":"2022-12-27T06:22:36","modified_gmt":"2022-12-27T05:22:36","slug":"devoluciones_devolucion","status":"publish","type":"page","link":"https:\/\/radioactivegaming.eu\/es\/devoluciones_devolucion\/","title":{"rendered":"Pol\u00edtica de anulaci\u00f3n"},"content":{"rendered":"<p><strong>Declaraci\u00f3n de revocaci\u00f3n para contenidos digitales (por ejemplo, descargas, actualizaciones)<\/strong><\/p>\n\n\n\n<p><strong>Derecho de retractaci\u00f3n<\/strong><\/p>\n\n\n\n<p>Tiene derecho a rescindir el presente contrato en un plazo de catorce d\u00edas sin necesidad de justificaci\u00f3n. El plazo de desistimiento es de catorce d\u00edas a partir de la celebraci\u00f3n del contrato.<\/p>\n\n\n\n<p>Para ejercer su derecho de desistimiento, debe informarnos -por correo electr\u00f3nico: admin@radioactivegaming.eu- mediante una declaraci\u00f3n clara de su decisi\u00f3n de desistir del presente contrato.<\/p>\n\n\n\n<p>Para cumplir el plazo de cancelaci\u00f3n, basta con que env\u00ede la notificaci\u00f3n del ejercicio del derecho de cancelaci\u00f3n antes de que finalice el plazo de cancelaci\u00f3n.<\/p>\n\n\n\n<p><strong>Consecuencias de la revocaci\u00f3n<\/strong><\/p>\n\n\n\n<p>Si desiste del presente contrato, deberemos reembolsarle todos los pagos que hayamos recibido de usted, incluidos los gastos de entrega (con la excepci\u00f3n de los gastos adicionales resultantes del hecho de que usted haya elegido un tipo de entrega distinto de la entrega est\u00e1ndar m\u00e1s barata ofrecida por nosotros), sin demora y a m\u00e1s tardar en un plazo de catorce d\u00edas a partir del d\u00eda en que hayamos recibido la notificaci\u00f3n de su desistimiento del presente contrato. Para este reembolso, utilizaremos el mismo medio de pago que usted utiliz\u00f3 para la transacci\u00f3n original, a menos que se acuerde expresamente otra cosa con usted; en ning\u00fan caso se le cobrar\u00e1 por este reembolso.<\/p>\n\n\n\n<p><strong>Tenga en cuenta lo siguiente:<\/strong><br>El derecho de desistimiento se extinguir\u00e1 en el caso de un contrato de suministro de contenidos digitales no en soporte material si hemos iniciado la ejecuci\u00f3n del contrato despu\u00e9s de que usted haya consentido expresamente en que iniciemos la ejecuci\u00f3n del contrato antes de que expire el plazo de desistimiento y haya confirmado su conocimiento de que al consentir pierde su derecho de desistimiento al iniciarse la ejecuci\u00f3n del contrato.<br>Tenga en cuenta que al recoger su contenido en el juego, \u00a1est\u00e1n dando su consentimiento al inicio de la ejecuci\u00f3n del contrato!<\/p>\n\n\n\n<p><\/p>\n\n\n\n<p><\/p>\n\n\n\n<h1 class=\"wp-block-heading\">Pol\u00edtica de reembolsos y devoluciones\u00a0<\/h1>\n\n\n\n<p><h3>Visi\u00f3n general<\/h3><\/p>\n\n\n\n<p>Lamentablemente, nuestros art\u00edculos digitales est\u00e1n excluidos de los reembolsos, lo que incluye todos los productos y art\u00edculos digitales que recibas como contenido del juego en nuestros servidores.<\/p>\n\n\n\n<p>Si hubiera alg\u00fan problema con un art\u00edculo, por supuesto intentaremos encontrar una soluci\u00f3n satisfactoria junto con usted, esto podr\u00eda ser:<\/p>\n\n\n\n<ul class=\"wp-block-list\">\n<li>Intercambio del art\u00edculo<\/li>\n\n\n\n<li>Sustituir el art\u00edculo<\/li>\n<\/ul>\n\n\n\n<p><h2>\u00bfNecesitas ayuda?<\/h2><\/p>\n\n\n\n<p>P\u00f3ngase en contacto con nosotros en el sistema de asistencia de nuestro Discord<\/p>","protected":false},"excerpt":{"rendered":"<p>Derecho de desistimiento Tiene derecho a desistir del presente contrato en un plazo de catorce d\u00edas sin necesidad de justificaci\u00f3n. El plazo de revocaci\u00f3n es de catorce d\u00edas a partir del d\u00eda de la celebraci\u00f3n del contrato. Para ejercer su derecho de desistimiento, debe informarnos -por correo electr\u00f3nico: admin@radioactivegaming.eu- mediante una declaraci\u00f3n clara de su decisi\u00f3n de desistir del presente contrato..... <br \/> <a class=\"read-more\" href=\"https:\/\/radioactivegaming.eu\/es\/devoluciones_devolucion\/\">Seguir leyendo<\/a><\/p>","protected":false},"author":1,"featured_media":0,"parent":0,"menu_order":0,"comment_status":"closed","ping_status":"closed","template":"","meta":{"footnotes":""},"class_list":["post-3934","page","type-page","status-publish","hentry"],"yoast_head":"<!-- This site is optimized with the Yoast SEO plugin v26.3 - https:\/\/yoast.com\/wordpress\/plugins\/seo\/ -->\n<title>Widerrufsbelehrung - Radioactive Gaming<\/title>\n<meta name=\"robots\" content=\"index, follow, max-snippet:-1, max-image-preview:large, max-video-preview:-1\" \/>\n<link rel=\"canonical\" href=\"https:\/\/radioactivegaming.eu\/es\/devoluciones_devolucion\/\" \/>\n<meta property=\"og:locale\" content=\"es_ES\" \/>\n<meta property=\"og:type\" content=\"article\" \/>\n<meta property=\"og:title\" content=\"Widerrufsbelehrung - Radioactive Gaming\" \/>\n<meta property=\"og:description\" content=\"Widerrufserkl\u00e4rung bei digitalen Inhalten (z.B. Downloads, Updates) Widerrufsrecht Sie haben das Recht, binnen vierzehn Tagen ohne Angabe von Gr\u00fcnden diesen Vertrag zu widerrufen. Die Widerrufsfrist betr\u00e4gt vierzehn Tage ab dem Tag des Vertragsabschlusses. Um Ihr Widerrufsrecht auszu\u00fcben, m\u00fcssen Sie uns \u2013 via E-Mail:\u00a0admin@radioactivegaming.eu \u2013 mittels einer eindeutigen Erkl\u00e4rung \u00fcber Ihren Entschluss, diesen Vertrag zu widerrufen,&hellip; Read more\" \/>\n<meta property=\"og:url\" content=\"https:\/\/radioactivegaming.eu\/es\/devoluciones_devolucion\/\" \/>\n<meta property=\"og:site_name\" content=\"Radioactive Gaming\" \/>\n<meta property=\"article:modified_time\" content=\"2022-12-27T05:22:36+00:00\" \/>\n<meta name=\"twitter:card\" content=\"summary_large_image\" \/>\n<meta name=\"twitter:label1\" content=\"Tiempo de lectura\" \/>\n\t<meta name=\"twitter:data1\" content=\"2 minutos\" \/>\n<script type=\"application\/ld+json\" class=\"yoast-schema-graph\">{\"@context\":\"https:\/\/schema.org\",\"@graph\":[{\"@type\":\"WebPage\",\"@id\":\"https:\/\/radioactivegaming.eu\/rueckerstattung_rueckgaben\/\",\"url\":\"https:\/\/radioactivegaming.eu\/rueckerstattung_rueckgaben\/\",\"name\":\"Widerrufsbelehrung - Radioactive Gaming\",\"isPartOf\":{\"@id\":\"https:\/\/radioactivegaming.eu\/#website\"},\"datePublished\":\"2022-12-25T15:18:09+00:00\",\"dateModified\":\"2022-12-27T05:22:36+00:00\",\"breadcrumb\":{\"@id\":\"https:\/\/radioactivegaming.eu\/rueckerstattung_rueckgaben\/#breadcrumb\"},\"inLanguage\":\"es\",\"potentialAction\":[{\"@type\":\"ReadAction\",\"target\":[\"https:\/\/radioactivegaming.eu\/rueckerstattung_rueckgaben\/\"]}]},{\"@type\":\"BreadcrumbList\",\"@id\":\"https:\/\/radioactivegaming.eu\/rueckerstattung_rueckgaben\/#breadcrumb\",\"itemListElement\":[{\"@type\":\"ListItem\",\"position\":1,\"name\":\"Startseite\",\"item\":\"https:\/\/radioactivegaming.eu\/\"},{\"@type\":\"ListItem\",\"position\":2,\"name\":\"Widerrufsbelehrung\"}]},{\"@type\":\"WebSite\",\"@id\":\"https:\/\/radioactivegaming.eu\/#website\",\"url\":\"https:\/\/radioactivegaming.eu\/\",\"name\":\"Radioactive Gaming\",\"description\":\"\",\"publisher\":{\"@id\":\"https:\/\/radioactivegaming.eu\/#organization\"},\"potentialAction\":[{\"@type\":\"SearchAction\",\"target\":{\"@type\":\"EntryPoint\",\"urlTemplate\":\"https:\/\/radioactivegaming.eu\/?s={search_term_string}\"},\"query-input\":{\"@type\":\"PropertyValueSpecification\",\"valueRequired\":true,\"valueName\":\"search_term_string\"}}],\"inLanguage\":\"es\"},{\"@type\":\"Organization\",\"@id\":\"https:\/\/radioactivegaming.eu\/#organization\",\"name\":\"Radioactive Gaming\",\"url\":\"https:\/\/radioactivegaming.eu\/\",\"logo\":{\"@type\":\"ImageObject\",\"inLanguage\":\"es\",\"@id\":\"https:\/\/radioactivegaming.eu\/#\/schema\/logo\/image\/\",\"url\":\"https:\/\/radioactivegaming.eu\/wp-content\/uploads\/2019\/12\/cropped-coin-2.png\",\"contentUrl\":\"https:\/\/radioactivegaming.eu\/wp-content\/uploads\/2019\/12\/cropped-coin-2.png\",\"width\":256,\"height\":256,\"caption\":\"Radioactive Gaming\"},\"image\":{\"@id\":\"https:\/\/radioactivegaming.eu\/#\/schema\/logo\/image\/\"},\"sameAs\":[\"https:\/\/www.youtube.com\/channel\/UCHAH-p_vfp_co-__TB4M14A\"]}]}<\/script>\n<!-- \/ Yoast SEO plugin. -->","yoast_head_json":{"title":"Pol\u00edtica de cancelaci\u00f3n - Radioactive Gaming","robots":{"index":"index","follow":"follow","max-snippet":"max-snippet:-1","max-image-preview":"max-image-preview:large","max-video-preview":"max-video-preview:-1"},"canonical":"https:\/\/radioactivegaming.eu\/es\/devoluciones_devolucion\/","og_locale":"es_ES","og_type":"article","og_title":"Widerrufsbelehrung - Radioactive Gaming","og_description":"Widerrufserkl\u00e4rung bei digitalen Inhalten (z.B. Downloads, Updates) Widerrufsrecht Sie haben das Recht, binnen vierzehn Tagen ohne Angabe von Gr\u00fcnden diesen Vertrag zu widerrufen. Die Widerrufsfrist betr\u00e4gt vierzehn Tage ab dem Tag des Vertragsabschlusses. Um Ihr Widerrufsrecht auszu\u00fcben, m\u00fcssen Sie uns \u2013 via E-Mail:\u00a0admin@radioactivegaming.eu \u2013 mittels einer eindeutigen Erkl\u00e4rung \u00fcber Ihren Entschluss, diesen Vertrag zu widerrufen,&hellip; Read more","og_url":"https:\/\/radioactivegaming.eu\/es\/devoluciones_devolucion\/","og_site_name":"Radioactive Gaming","article_modified_time":"2022-12-27T05:22:36+00:00","twitter_card":"summary_large_image","twitter_misc":{"Tiempo de lectura":"2 minutos"},"schema":{"@context":"https:\/\/schema.org","@graph":[{"@type":"WebPage","@id":"https:\/\/radioactivegaming.eu\/rueckerstattung_rueckgaben\/","url":"https:\/\/radioactivegaming.eu\/rueckerstattung_rueckgaben\/","name":"Pol\u00edtica de cancelaci\u00f3n - Radioactive Gaming","isPartOf":{"@id":"https:\/\/radioactivegaming.eu\/#website"},"datePublished":"2022-12-25T15:18:09+00:00","dateModified":"2022-12-27T05:22:36+00:00","breadcrumb":{"@id":"https:\/\/radioactivegaming.eu\/rueckerstattung_rueckgaben\/#breadcrumb"},"inLanguage":"es","potentialAction":[{"@type":"ReadAction","target":["https:\/\/radioactivegaming.eu\/rueckerstattung_rueckgaben\/"]}]},{"@type":"BreadcrumbList","@id":"https:\/\/radioactivegaming.eu\/rueckerstattung_rueckgaben\/#breadcrumb","itemListElement":[{"@type":"ListItem","position":1,"name":"Startseite","item":"https:\/\/radioactivegaming.eu\/"},{"@type":"ListItem","position":2,"name":"Widerrufsbelehrung"}]},{"@type":"WebSite","@id":"https:\/\/radioactivegaming.eu\/#website","url":"https:\/\/radioactivegaming.eu\/","name":"Juegos radioactivos","description":"","publisher":{"@id":"https:\/\/radioactivegaming.eu\/#organization"},"potentialAction":[{"@type":"SearchAction","target":{"@type":"EntryPoint","urlTemplate":"https:\/\/radioactivegaming.eu\/?s={search_term_string}"},"query-input":{"@type":"PropertyValueSpecification","valueRequired":true,"valueName":"search_term_string"}}],"inLanguage":"es"},{"@type":"Organization","@id":"https:\/\/radioactivegaming.eu\/#organization","name":"Juegos radioactivos","url":"https:\/\/radioactivegaming.eu\/","logo":{"@type":"ImageObject","inLanguage":"es","@id":"https:\/\/radioactivegaming.eu\/#\/schema\/logo\/image\/","url":"https:\/\/radioactivegaming.eu\/wp-content\/uploads\/2019\/12\/cropped-coin-2.png","contentUrl":"https:\/\/radioactivegaming.eu\/wp-content\/uploads\/2019\/12\/cropped-coin-2.png","width":256,"height":256,"caption":"Radioactive Gaming"},"image":{"@id":"https:\/\/radioactivegaming.eu\/#\/schema\/logo\/image\/"},"sameAs":["https:\/\/www.youtube.com\/channel\/UCHAH-p_vfp_co-__TB4M14A"]}]}},"jetpack_sharing_enabled":true,"_links":{"self":[{"href":"https:\/\/radioactivegaming.eu\/es\/wp-json\/wp\/v2\/pages\/3934","targetHints":{"allow":["GET"]}}],"collection":[{"href":"https:\/\/radioactivegaming.eu\/es\/wp-json\/wp\/v2\/pages"}],"about":[{"href":"https:\/\/radioactivegaming.eu\/es\/wp-json\/wp\/v2\/types\/page"}],"author":[{"embeddable":true,"href":"https:\/\/radioactivegaming.eu\/es\/wp-json\/wp\/v2\/users\/1"}],"replies":[{"embeddable":true,"href":"https:\/\/radioactivegaming.eu\/es\/wp-json\/wp\/v2\/comments?post=3934"}],"version-history":[{"count":3,"href":"https:\/\/radioactivegaming.eu\/es\/wp-json\/wp\/v2\/pages\/3934\/revisions"}],"predecessor-version":[{"id":4156,"href":"https:\/\/radioactivegaming.eu\/es\/wp-json\/wp\/v2\/pages\/3934\/revisions\/4156"}],"wp:attachment":[{"href":"https:\/\/radioactivegaming.eu\/es\/wp-json\/wp\/v2\/media?parent=3934"}],"curies":[{"name":"wp","href":"https:\/\/api.w.org\/{rel}","templated":true}]}}