{"id":5,"date":"2019-12-08T13:27:28","date_gmt":"2019-12-08T12:27:28","guid":{"rendered":"http:\/\/radioactivegaming.eu\/mesmerize\/"},"modified":"2024-08-12T19:28:18","modified_gmt":"2024-08-12T17:28:18","slug":"cautivar","status":"publish","type":"page","link":"https:\/\/radioactivegaming.eu\/es\/","title":{"rendered":"Portada"},"content":{"rendered":"<div  data-label=\"Features\" data-id=\"features--2\" data-export-id=\"features-16-card-bordered\" data-category=\"features\" class=\"features-16-card-bordered content-section content-section-spacing night_party content-relative\" id=\"features-5\"><div  class=\"\"> <div  class=\"row text-center\"><div  class=\"section-title-col\" data-type=\"column\"> <h2  class=\"\"><span  style=\"color: rgb(0, 0, 0); --darkreader-inline-color: #e8e6e3;\" data-darkreader-inline-color=\"\">Elige tu juego....<\/span><\/h2> <p  class=\"lead\"><span  style=\"color: rgb(0, 0, 0); --darkreader-inline-color: #e8e6e3;\" data-darkreader-inline-color=\"\">Para saber m\u00e1s sobre nuestro servidor, tenemos subp\u00e1ginas de nuestros respectivos clusters para ti....<\/span><\/p><\/div> <\/div> <div  class=\"row spaced-cols center-sm\" data-type=\"row\"> <div  class=\"col-xs-12 col-sm-6 col-md-3\"> <div  class=\"card no-padding bordered y-move\"> <a data-cp-link=\"1\" href=\"https:\/\/www.radioactivegaming.eu\/ark\/settings-raten-und-mods\" target=\"_self\" rel=\"noopener\"><\/a><a data-cp-link=\"1\" href=\"https:\/\/www.radioactivegaming.eu\/ark\/settings-raten-und-mods\" target=\"_self\" rel=\"noopener\"><img  decoding=\"async\" class=\"face\" src=\"https:\/\/radioactivegaming.eu\/wp-content\/uploads\/2023\/10\/RadioactiveGamingArkSA.png\" alt=\"\" title=\"RadioactiveGamingArkSA\"><\/a> <div  data-type=\"column\" class=\"col-padding-small col-padding-small-xs description-container\"> <h4  class=\"font-500\">Arca radiactiva<\/h4> <p  class=\"\">\u00a1Hemos vuelto!\n<br ><br >Con Ark:SA iniciamos una nueva era en la que te presentamos una experiencia de supervivencia dura y real.\n<br ><br >Adem\u00e1s de la calidad de vida, te esperan jefes dif\u00edciles, nada de exageradas caracter\u00edsticas t\u00e9cnicas y, lo m\u00e1s importante, \u00a1el gran aspecto de UE5!<\/p><\/div> <div  data-type=\"column\" class=\"col-padding-small col-padding-small-xs read-more-container\"><\/div> <\/div><\/div> <div  class=\"col-xs-12 col-sm-6 col-md-3\"><div  class=\"card no-padding bordered y-move\"> <a data-cp-link=\"1\" href=\"https:\/\/radioactivegaming.eu\/atlas\" target=\"_self\" rel=\"noopener noreferrer\"><img  decoding=\"async\" class=\"face\" src=\"http:\/\/radioactivegaming.eu\/wp-content\/uploads\/2020\/03\/NormalAtlas_Neu.png\" alt=\"\" title=\"recortado-Atlas-Logo2.png\"><\/a> <div  data-type=\"column\" class=\"col-padding-small col-padding-small-xs description-container\"> <h4  class=\"font-500\">Atlas radiactivo<\/h4> <p  class=\"\">\u00a1Una alternativa real al servidor oficial! Una cuadr\u00edcula de 6\u00d76 con alrededor de 300 islas diferentes, donde tanto los jugadores PVE como PVP sacan partido a su dinero. Tambi\u00e9n ofrecemos la posibilidad de encontrar todos los recursos y contenidos del mapa original, as\u00ed como todas las powerstones y derrotar al jefe final. La diversi\u00f3n a largo plazo est\u00e1 garantizada gracias a unos escenarios equilibrados y bien pensados, as\u00ed como al espacio suficiente para que muchos jugadores puedan construir y domar.<\/p><\/div> <div  data-type=\"column\" class=\"col-padding-small col-padding-small-xs read-more-container\"><\/div> <\/div><\/div>  <div  class=\"col-xs-12 col-sm-6 col-md-3\"> <div  class=\"card no-padding bordered y-move\"> <img  decoding=\"async\" class=\"face\" src=\"https:\/\/radioactivegaming.eu\/wp-content\/uploads\/2023\/02\/cropped-RadioactiveGaming-Logos_PublicMods.png\" alt=\"\" title=\"cropped-RadioactiveGaming-Logos_PublicMods.png\"> <div  data-type=\"column\" class=\"col-padding-small col-padding-small-xs description-container\"> <h4  class=\"font-500\">Mods p\u00fablicos (WIP)<\/h4> <p  class=\"\">\u00a1Algunas partes de nuestros mods tambi\u00e9n se pueden encontrar en Public Mods!\n<br >Por supuesto, tambi\u00e9n nos alegramos de estos visitantes, ya sean jugadores o administradores de servidores.\n<br >En esta secci\u00f3n encontrar\u00e1 informaci\u00f3n detallada sobre nuestros mods p\u00fablicos.\n<br ><br >Tenga en cuenta, no obstante, que Radioactive s\u00f3lo pone a disposici\u00f3n del p\u00fablico una parte de sus paquetes de mods.\n<br >Para disfrutar al m\u00e1ximo de Radioactive, debes jugar en Radioactive, ya que nuestros paquetes de mods privados no funcionan en otros servidores.<\/p><\/div> <div  data-type=\"column\" class=\"col-padding-small col-padding-small-xs read-more-container\"><\/div> <\/div><\/div><\/div><\/div> <div  class=\"section-separator-bottom\">\n    <svg  xmlns=\"http:\/\/www.w3.org\/2000\/svg\" viewbox=\"0 0 1000 100\" preserveaspectratio=\"none\" data-separator-name=\"waves\" class=\"section-separator-bottom\">\n\t<path  class=\"svg-white-bg\" d=\"M421.9,6.5c22.6-2.5,51.5,0.4,75.5,5.3c23.6,4.9,70.9,23.5,100.5,35.7c75.8,32.2,133.7,44.5,192.6,49.7\tc23.6,2.1,48.7,3.5,103.4-2.5c54.7-6,106.2-25.6,106.2-25.6V0H0v30.3c0,0,72,32.6,158.4,30.5c39.2-0.7,92.8-6.7,134-22.4\tc21.2-8.1,52.2-18.2,79.7-24.2C399.3,7.9,411.6,7.5,421.9,6.5z\"><\/path>\n<\/svg>\n<\/div><\/div><div  data-label=\"Features\" data-id=\"features--1\" data-export-id=\"features-12\" data-category=\"features\" class=\"features-12 content-section content-section-spacing red_salvation content-relative\" id=\"features-4\"><div  class=\"section-separator-top\">\n    <svg  xmlns=\"http:\/\/www.w3.org\/2000\/svg\" viewbox=\"0 0 1000 100\" preserveaspectratio=\"none\" data-separator-name=\"waves-negative\" class=\"section-separator-top\">\n\t<path  class=\"svg-white-bg\" d=\"M790.5,93.1c-59.3-5.3-116.8-18-192.6-50c-29.6-12.7-76.9-31-100.5-35.9c-23.6-4.9-52.6-7.8-75.5-5.3\tc-10.2,1.1-22.6,1.4-50.1,7.4c-27.2,6.3-58.2,16.6-79.4,24.7c-41.3,15.9-94.9,21.9-134,22.6C72,58.2,0,25.8,0,25.8V100h1000V65.3\tc0,0-51.5,19.4-106.2,25.7C839.5,97,814.1,95.2,790.5,93.1z\"><\/path>\n<\/svg>\n<\/div><div  class=\"gridContainer\"> <div  class=\"row text-center\"><div  class=\"section-title-col\" data-type=\"column\"> <h2  class=\"\"><span  style=\"color: rgb(0, 0, 0); --darkreader-inline-color: #e8e6e3;\" data-darkreader-inline-color=\"\">Lo que nos hace \u00fanicos...<\/span><\/h2> <p  class=\"lead\"><span  style=\"color: rgb(255, 255, 255); --darkreader-inline-color: #e8e6e3;\" data-darkreader-inline-color=\"\">\u00a1Nuestra peque\u00f1a pero hermosa comunidad existe desde el 26 de agosto de 2018!<\/span><\/p><\/div> <\/div> <div  class=\"row spaced-cols\" data-type=\"row\"> <div  class=\"col-sm-6\"> <div  class=\"row space-bottom\"> <div  class=\"col-sm-fit icon-column\"> <i  class=\"fa icon fa-group bordered round color1\"><\/i> <\/div> <div  class=\"col-sm\" data-type=\"column\"> <h5  class=\"color2\"><span  style=\"color: rgb(3, 169, 244); --darkreader-inline-color: #22b8fc;\" data-darkreader-inline-color=\"\">Comunidad<\/span><\/h5> <p  class=\"\"><span  style=\"color: rgb(255, 255, 255); --darkreader-inline-color: #e8e6e3;\" data-darkreader-inline-color=\"\">Con nosotros encontrar\u00e1s una colorida mezcla de muchos jugadores activos, tambi\u00e9n muchas personas \"mayores\" que tienen familia e hijos y nadie est\u00e1 obligado a estar all\u00ed todos los d\u00edas.<\/span><br ><span  style=\"color: rgb(255, 255, 255); --darkreader-inline-color: #e8e6e3;\" data-darkreader-inline-color=\"\">\nHacemos muchas cosas juntos y todo el mundo ayuda a todo el mundo.<\/span><br ><span  style=\"color: rgb(255, 255, 255); --darkreader-inline-color: #e8e6e3;\" data-darkreader-inline-color=\"\">\nQueremos que siga siendo as\u00ed, por eso es importante para nosotros que los nuevos jugadores tambi\u00e9n encajen bien.<\/span><\/p><\/div> <\/div><\/div> <div  class=\"col-sm-6\"><div  class=\"row space-bottom\"> <div  class=\"col-sm-fit icon-column\"><i  class=\"fa icon fa-balance-scale bordered round color8\"><\/i><\/div> <div  class=\"col-sm\" data-type=\"column\"><h5  class=\"color2\"><span  style=\"color: rgb(11, 231, 51); --darkreader-inline-color: #2df551;\" data-darkreader-inline-color=\"\">Equipo de administraci\u00f3n<\/span><\/h5> <p  class=\"\"><span  style=\"color: rgb(255, 255, 255); --darkreader-inline-color: #e8e6e3;\" data-darkreader-inline-color=\"\">Todos los administradores tienen al menos 25 a\u00f1os\nSaben lo que hacen y est\u00e1n encantados de responder a los deseos de la comunidad.<\/span><br ><span  style=\"color: rgb(255, 255, 255); --darkreader-inline-color: #e8e6e3;\" data-darkreader-inline-color=\"\">\nTodos los miembros del equipo gestionan sus derechos con responsabilidad.<\/span><br ><span  style=\"color: rgb(255, 255, 255); --darkreader-inline-color: #e8e6e3;\" data-darkreader-inline-color=\"\">\nUn registro de comandos est\u00e1 permanentemente visible en Discord y se actualiza autom\u00e1ticamente.<\/span><\/p><\/div> <\/div><\/div> <div  class=\"col-sm-6\"><div  class=\"row space-bottom\"> <div  class=\"col-sm-fit icon-column\"><i  class=\"fa icon color11 fa-cogs bordered round color2\"><\/i><\/div> <div  class=\"col-sm\" data-type=\"column\"><h5  class=\"color2\"><span  style=\"color: rgb(244, 155, 0); --darkreader-inline-color: #ffae21;\" data-darkreader-inline-color=\"\">Hardware propio<\/span><span  id=\"_mce_caret\" data-mce-bogus=\"1\" data-mce-type=\"format-caret\"><span  style=\"color: rgb(244, 155, 0); --darkreader-inline-color: #ffae21;\" data-darkreader-inline-color=\"\"><\/span><\/span><span  id=\"_mce_caret\" data-mce-bogus=\"1\" data-mce-type=\"format-caret\"><span  style=\"color: rgb(244, 155, 0); --darkreader-inline-color: #ffae21;\" data-darkreader-inline-color=\"\"><\/span><\/span><\/h5> <p  class=\"\"><span  style=\"color: rgb(255, 255, 255); --darkreader-inline-color: #e8e6e3;\" data-darkreader-inline-color=\"\">Todos nuestros servidores y bots est\u00e1n alojados en nuestro propio hardware, especialmente optimizado.\n<\/span><br ><br ><span  style=\"color: rgb(255, 255, 255); --darkreader-inline-color: #e8e6e3;\" data-darkreader-inline-color=\"\">\nNuestros 7 servidores ra\u00edz se encuentran en uno de los mejores centros de datos de Fr\u00e1ncfort.<\/span><br ><span  style=\"color: rgb(255, 255, 255); --darkreader-inline-color: #e8e6e3;\" data-darkreader-inline-color=\"\">\nGarantizamos pings bajos y servidores estables.\n<\/span><br ><br ><span  style=\"color: rgb(255, 255, 255); --darkreader-inline-color: #e8e6e3;\" data-darkreader-inline-color=\"\">\nOperamos uno de los mayores clusters de juego de Alemania.<\/span><\/p><\/div> <\/div><\/div> <div  class=\"col-sm-6\"><div  class=\"row space-bottom\"> <div  class=\"col-sm-fit icon-column\"><i  class=\"fa icon color9 fa-comments bordered round\"><\/i><\/div> <div  class=\"col-sm\" data-type=\"column\"><h5  class=\"color2\"><span  style=\"color: rgb(221, 6, 6); --darkreader-inline-color: #f93333;\" data-darkreader-inline-color=\"\">Discordia<\/span><\/h5> <p  class=\"\"><span  style=\"color: rgb(255, 255, 255); --darkreader-inline-color: #e8e6e3;\" data-darkreader-inline-color=\"\">Los chats de todos los servidores se conectan a trav\u00e9s de nuestro servidor Discord. Esto significa que si escribes en el chat del juego, todos los jugadores de todos los servidores pueden leerlo y responderte.<\/span><br ><span  style=\"color: rgb(255, 255, 255); --darkreader-inline-color: #e8e6e3;\" data-darkreader-inline-color=\"\">\nAdem\u00e1s, tambi\u00e9n es posible que los jugadores que no est\u00e1n actualmente en el juego se escriban con gente dentro del juego y viceversa.<\/span><br ><span  style=\"color: rgb(255, 255, 255); --darkreader-inline-color: #e8e6e3;\" data-darkreader-inline-color=\"\">\nTambi\u00e9n puedes encontrar nuestro registro de administraci\u00f3n a trav\u00e9s de Discord. Los comandos de los administradores no se registran en el juego para que (dependiendo de por qu\u00e9 y cu\u00e1ntos comandos se necesiten) el chat entero no est\u00e9 plagado de ellos. Sin embargo, para que todo el mundo pueda ver que todo se desarrolla correctamente, puedes verlo a trav\u00e9s de Discord.<\/span><\/p><\/div> <\/div><\/div> <div  class=\"col-sm-6\"> <div  class=\"row space-bottom\"> <div  class=\"col-sm-fit icon-column\"> <i  class=\"fa icon fa-steam bordered round color1\"><\/i> <\/div> <div  class=\"col-sm\" data-type=\"column\"> <h5  class=\"color2\"><span  style=\"color: rgb(3, 169, 244); --darkreader-inline-color: #22b8fc;\" data-darkreader-inline-color=\"\">Modificaciones propias<\/span><\/h5> <p  class=\"\"><span  style=\"color: rgb(255, 255, 255); --darkreader-inline-color: #e8e6e3;\" data-darkreader-inline-color=\"\">Trabajamos constantemente en nuestras propias extensiones y contenidos adicionales para el servidor, \u00a1que te proporcionar\u00e1n contenidos adicionales exclusivos!<\/span><\/p><\/div> <\/div><\/div><\/div><\/div> <\/div>","protected":false},"excerpt":{"rendered":"<p>Elige tu juego.... Para saber m\u00e1s sobre nuestro servidor tenemos subp\u00e1ginas de nuestros respectivos clusters para ti... Radioactive Ark \u00a1Hemos vuelto! Con Ark:SA comenzamos una nueva era en la que te presentamos una experiencia de supervivencia dura y real. Adem\u00e1s de QOL, puedes esperar jefes duros, caracter\u00edsticas tek no exageradas y, sobre todo, la... <br \/> <a class=\"read-more\" href=\"https:\/\/radioactivegaming.eu\/es\/\">Seguir leyendo<\/a><\/p>","protected":false},"author":1,"featured_media":0,"parent":0,"menu_order":0,"comment_status":"closed","ping_status":"closed","template":"page-templates\/homepage.php","meta":{"footnotes":""},"class_list":["post-5","page","type-page","status-publish","hentry"],"yoast_head":"<!-- This site is optimized with the Yoast SEO plugin v26.3 - https:\/\/yoast.com\/wordpress\/plugins\/seo\/ -->\n<title>Front Page - Radioactive Gaming<\/title>\n<meta name=\"robots\" content=\"index, follow, max-snippet:-1, max-image-preview:large, max-video-preview:-1\" \/>\n<link rel=\"canonical\" href=\"https:\/\/radioactivegaming.eu\/es\/\" \/>\n<meta property=\"og:locale\" content=\"es_ES\" \/>\n<meta property=\"og:type\" content=\"article\" \/>\n<meta property=\"og:title\" content=\"Front Page - Radioactive Gaming\" \/>\n<meta property=\"og:description\" content=\"W\u00e4hle dein Spiel\u2026. Um mehr \u00fcber unseren Server zu erfahren haben wir Unterseiten unser jeweiligen Cluster f\u00fcr euch\u2026 Radioactive Ark Wir sind zur\u00fcck! Mit Ark:SA starten wir in eine neue \u00c4ra in der wir euch als hartes und echtes Survival Erlebnis pr\u00e4sentieren. Neben QOL erwarten euch schwere Bosse, keine \u00dcbertriebenen Tek-Features und vor allem der&hellip; Read more\" \/>\n<meta property=\"og:url\" content=\"https:\/\/radioactivegaming.eu\/es\/\" \/>\n<meta property=\"og:site_name\" content=\"Radioactive Gaming\" \/>\n<meta property=\"article:modified_time\" content=\"2024-08-12T17:28:18+00:00\" \/>\n<meta property=\"og:image\" content=\"https:\/\/radioactivegaming.eu\/wp-content\/uploads\/2023\/10\/RadioactiveGamingArkSA.png\" \/>\n<meta name=\"twitter:card\" content=\"summary_large_image\" \/>\n<meta name=\"twitter:label1\" content=\"Tiempo de lectura\" \/>\n\t<meta name=\"twitter:data1\" content=\"3 minutos\" \/>\n<script type=\"application\/ld+json\" class=\"yoast-schema-graph\">{\"@context\":\"https:\/\/schema.org\",\"@graph\":[{\"@type\":\"WebPage\",\"@id\":\"https:\/\/radioactivegaming.eu\/\",\"url\":\"https:\/\/radioactivegaming.eu\/\",\"name\":\"Front Page - Radioactive Gaming\",\"isPartOf\":{\"@id\":\"https:\/\/radioactivegaming.eu\/#website\"},\"primaryImageOfPage\":{\"@id\":\"https:\/\/radioactivegaming.eu\/#primaryimage\"},\"image\":{\"@id\":\"https:\/\/radioactivegaming.eu\/#primaryimage\"},\"thumbnailUrl\":\"https:\/\/radioactivegaming.eu\/wp-content\/uploads\/2023\/10\/RadioactiveGamingArkSA.png\",\"datePublished\":\"2019-12-08T12:27:28+00:00\",\"dateModified\":\"2024-08-12T17:28:18+00:00\",\"breadcrumb\":{\"@id\":\"https:\/\/radioactivegaming.eu\/#breadcrumb\"},\"inLanguage\":\"es\",\"potentialAction\":[{\"@type\":\"ReadAction\",\"target\":[\"https:\/\/radioactivegaming.eu\/\"]}]},{\"@type\":\"ImageObject\",\"inLanguage\":\"es\",\"@id\":\"https:\/\/radioactivegaming.eu\/#primaryimage\",\"url\":\"https:\/\/radioactivegaming.eu\/wp-content\/uploads\/2023\/10\/RadioactiveGamingArkSA.png\",\"contentUrl\":\"https:\/\/radioactivegaming.eu\/wp-content\/uploads\/2023\/10\/RadioactiveGamingArkSA.png\"},{\"@type\":\"BreadcrumbList\",\"@id\":\"https:\/\/radioactivegaming.eu\/#breadcrumb\",\"itemListElement\":[{\"@type\":\"ListItem\",\"position\":1,\"name\":\"Startseite\",\"item\":\"https:\/\/radioactivegaming.eu\/\"},{\"@type\":\"ListItem\",\"position\":2,\"name\":\"Front Page\"}]},{\"@type\":\"WebSite\",\"@id\":\"https:\/\/radioactivegaming.eu\/#website\",\"url\":\"https:\/\/radioactivegaming.eu\/\",\"name\":\"Radioactive Gaming\",\"description\":\"\",\"publisher\":{\"@id\":\"https:\/\/radioactivegaming.eu\/#organization\"},\"potentialAction\":[{\"@type\":\"SearchAction\",\"target\":{\"@type\":\"EntryPoint\",\"urlTemplate\":\"https:\/\/radioactivegaming.eu\/?s={search_term_string}\"},\"query-input\":{\"@type\":\"PropertyValueSpecification\",\"valueRequired\":true,\"valueName\":\"search_term_string\"}}],\"inLanguage\":\"es\"},{\"@type\":\"Organization\",\"@id\":\"https:\/\/radioactivegaming.eu\/#organization\",\"name\":\"Radioactive Gaming\",\"url\":\"https:\/\/radioactivegaming.eu\/\",\"logo\":{\"@type\":\"ImageObject\",\"inLanguage\":\"es\",\"@id\":\"https:\/\/radioactivegaming.eu\/#\/schema\/logo\/image\/\",\"url\":\"https:\/\/radioactivegaming.eu\/wp-content\/uploads\/2019\/12\/cropped-coin-2.png\",\"contentUrl\":\"https:\/\/radioactivegaming.eu\/wp-content\/uploads\/2019\/12\/cropped-coin-2.png\",\"width\":256,\"height\":256,\"caption\":\"Radioactive Gaming\"},\"image\":{\"@id\":\"https:\/\/radioactivegaming.eu\/#\/schema\/logo\/image\/\"},\"sameAs\":[\"https:\/\/www.youtube.com\/channel\/UCHAH-p_vfp_co-__TB4M14A\"]}]}<\/script>\n<!-- \/ Yoast SEO plugin. -->","yoast_head_json":{"title":"Portada - Juego radioactivo","robots":{"index":"index","follow":"follow","max-snippet":"max-snippet:-1","max-image-preview":"max-image-preview:large","max-video-preview":"max-video-preview:-1"},"canonical":"https:\/\/radioactivegaming.eu\/es\/","og_locale":"es_ES","og_type":"article","og_title":"Front Page - Radioactive Gaming","og_description":"W\u00e4hle dein Spiel\u2026. Um mehr \u00fcber unseren Server zu erfahren haben wir Unterseiten unser jeweiligen Cluster f\u00fcr euch\u2026 Radioactive Ark Wir sind zur\u00fcck! Mit Ark:SA starten wir in eine neue \u00c4ra in der wir euch als hartes und echtes Survival Erlebnis pr\u00e4sentieren. Neben QOL erwarten euch schwere Bosse, keine \u00dcbertriebenen Tek-Features und vor allem der&hellip; Read more","og_url":"https:\/\/radioactivegaming.eu\/es\/","og_site_name":"Radioactive Gaming","article_modified_time":"2024-08-12T17:28:18+00:00","og_image":[{"url":"https:\/\/radioactivegaming.eu\/wp-content\/uploads\/2023\/10\/RadioactiveGamingArkSA.png","type":"","width":"","height":""}],"twitter_card":"summary_large_image","twitter_misc":{"Tiempo de lectura":"3 minutos"},"schema":{"@context":"https:\/\/schema.org","@graph":[{"@type":"WebPage","@id":"https:\/\/radioactivegaming.eu\/","url":"https:\/\/radioactivegaming.eu\/","name":"Portada - Juego radioactivo","isPartOf":{"@id":"https:\/\/radioactivegaming.eu\/#website"},"primaryImageOfPage":{"@id":"https:\/\/radioactivegaming.eu\/#primaryimage"},"image":{"@id":"https:\/\/radioactivegaming.eu\/#primaryimage"},"thumbnailUrl":"https:\/\/radioactivegaming.eu\/wp-content\/uploads\/2023\/10\/RadioactiveGamingArkSA.png","datePublished":"2019-12-08T12:27:28+00:00","dateModified":"2024-08-12T17:28:18+00:00","breadcrumb":{"@id":"https:\/\/radioactivegaming.eu\/#breadcrumb"},"inLanguage":"es","potentialAction":[{"@type":"ReadAction","target":["https:\/\/radioactivegaming.eu\/"]}]},{"@type":"ImageObject","inLanguage":"es","@id":"https:\/\/radioactivegaming.eu\/#primaryimage","url":"https:\/\/radioactivegaming.eu\/wp-content\/uploads\/2023\/10\/RadioactiveGamingArkSA.png","contentUrl":"https:\/\/radioactivegaming.eu\/wp-content\/uploads\/2023\/10\/RadioactiveGamingArkSA.png"},{"@type":"BreadcrumbList","@id":"https:\/\/radioactivegaming.eu\/#breadcrumb","itemListElement":[{"@type":"ListItem","position":1,"name":"Startseite","item":"https:\/\/radioactivegaming.eu\/"},{"@type":"ListItem","position":2,"name":"Front Page"}]},{"@type":"WebSite","@id":"https:\/\/radioactivegaming.eu\/#website","url":"https:\/\/radioactivegaming.eu\/","name":"Juegos radioactivos","description":"","publisher":{"@id":"https:\/\/radioactivegaming.eu\/#organization"},"potentialAction":[{"@type":"SearchAction","target":{"@type":"EntryPoint","urlTemplate":"https:\/\/radioactivegaming.eu\/?s={search_term_string}"},"query-input":{"@type":"PropertyValueSpecification","valueRequired":true,"valueName":"search_term_string"}}],"inLanguage":"es"},{"@type":"Organization","@id":"https:\/\/radioactivegaming.eu\/#organization","name":"Juegos radioactivos","url":"https:\/\/radioactivegaming.eu\/","logo":{"@type":"ImageObject","inLanguage":"es","@id":"https:\/\/radioactivegaming.eu\/#\/schema\/logo\/image\/","url":"https:\/\/radioactivegaming.eu\/wp-content\/uploads\/2019\/12\/cropped-coin-2.png","contentUrl":"https:\/\/radioactivegaming.eu\/wp-content\/uploads\/2019\/12\/cropped-coin-2.png","width":256,"height":256,"caption":"Radioactive Gaming"},"image":{"@id":"https:\/\/radioactivegaming.eu\/#\/schema\/logo\/image\/"},"sameAs":["https:\/\/www.youtube.com\/channel\/UCHAH-p_vfp_co-__TB4M14A"]}]}},"jetpack_sharing_enabled":true,"_links":{"self":[{"href":"https:\/\/radioactivegaming.eu\/es\/wp-json\/wp\/v2\/pages\/5","targetHints":{"allow":["GET"]}}],"collection":[{"href":"https:\/\/radioactivegaming.eu\/es\/wp-json\/wp\/v2\/pages"}],"about":[{"href":"https:\/\/radioactivegaming.eu\/es\/wp-json\/wp\/v2\/types\/page"}],"author":[{"embeddable":true,"href":"https:\/\/radioactivegaming.eu\/es\/wp-json\/wp\/v2\/users\/1"}],"replies":[{"embeddable":true,"href":"https:\/\/radioactivegaming.eu\/es\/wp-json\/wp\/v2\/comments?post=5"}],"version-history":[{"count":86,"href":"https:\/\/radioactivegaming.eu\/es\/wp-json\/wp\/v2\/pages\/5\/revisions"}],"predecessor-version":[{"id":5674,"href":"https:\/\/radioactivegaming.eu\/es\/wp-json\/wp\/v2\/pages\/5\/revisions\/5674"}],"wp:attachment":[{"href":"https:\/\/radioactivegaming.eu\/es\/wp-json\/wp\/v2\/media?parent=5"}],"curies":[{"name":"wp","href":"https:\/\/api.w.org\/{rel}","templated":true}]}}