{"id":5485,"date":"2024-05-25T11:48:33","date_gmt":"2024-05-25T09:48:33","guid":{"rendered":"https:\/\/radioactivegaming.eu\/?page_id=5485"},"modified":"2024-05-25T12:06:10","modified_gmt":"2024-05-25T10:06:10","slug":"estable-3","status":"publish","type":"page","link":"https:\/\/radioactivegaming.eu\/es\/atlas\/estable-3\/","title":{"rendered":"Men\u00fa pull y otros buffs"},"content":{"rendered":"<div  data-label=\"Herstellung\" data-id=\"content--1\" data-export-id=\"content-12\" data-category=\"content\" class=\"content-12 content-section content-section-spacing content-relative\" id=\"herstellung-1\" style=\"background-color: rgb(245, 250, 253);\"><div  class=\"section-separator-top\">\n    <svg  class=\"section-separator-top\" data-separator-name=\"triangle-asymmetrical-negative\" preserveaspectratio=\"none\" viewbox=\"0 0 1000 100\" xmlns=\"http:\/\/www.w3.org\/2000\/svg\">\n        <path  class=\"svg-white-bg\" d=\"M737.9,94.7L0,0v100h1000V0L737.9,94.7z\"><\/path>\n    <\/svg>\n<\/div><div  class=\"gridContainer\"> <div  class=\"row text-center\"><div  class=\"section-title-col\" data-type=\"column\"> <h4  class=\"\">El men\u00fa desplegable y otras mejoras globales<\/h4> <p  class=\"lead\">Puedes conseguirlos completando nuestras cuevas personalizadas.\n<br >Duran 14 d\u00edas y le ofrecen ventajas a usted y a su empresa.\n<br ><br >Est\u00e1n disponibles tanto para jugadores como para barcos.\n<br ><br >\n<br >He aqu\u00ed algunos ejemplos:<\/p><img decoding=\"async\"  class=\"custom-image\" src=\"https:\/\/radioactivegaming.eu\/wp-content\/uploads\/2024\/05\/buff3.png\" title=\"buff3\" alt=\"\"><img decoding=\"async\"  class=\"custom-image\" src=\"https:\/\/radioactivegaming.eu\/wp-content\/uploads\/2024\/05\/buff1.png\" title=\"buff1\" alt=\"\"><img decoding=\"async\"  class=\"custom-image\" src=\"https:\/\/radioactivegaming.eu\/wp-content\/uploads\/2024\/05\/buff2.png\" title=\"buff2\" alt=\"\"><\/div> <\/div> <div  class=\"row center-xs middle-xs\"> <div  class=\"col-sm-9\" data-type=\"column\"> <\/div> <\/div><\/div> <\/div><div  data-label=\"About\" data-id=\"about--1\" data-export-id=\"about-4\" data-category=\"about\" class=\"about-4 content-section content-section-spacing\" id=\"about-1\" style=\"background-color: rgb(255, 255, 255);\"><div  class=\"gridContainer\"> <div  class=\"row middle-sm text-center\"><div  class=\"col-sm-5 space-bottom-xs\" data-type=\"column\">  <h2  class=\"\">PullMenu<\/h2> <p  class=\"\">Probablemente, la funci\u00f3n m\u00e1s popular entre quienes hacen muchas manualidades.\n<br >El men\u00fa desplegable.\n<br ><br >Equipado con este buff, puedes:<br ><br >... mover los recursos necesarios para reparar \/ elaborar un art\u00edculo o plano al inventario de tus bancos de trabajo.\n<br ><br >... para transferir f\u00e1cilmente las cantidades deseadas de un recurso de un inventario a otro\n<br >\n<br ><br >Puede excluir los cuadros de recursos del men\u00fa desplegable si les pone un nombre y un asterisco al principio del nombre\n<br ><br >El men\u00fa desplegable tiene en cuenta tus existencias y, al crear planos de calidad, s\u00f3lo utiliza las variedades de un recurso de las que tengas m\u00e1s.<\/p> <img decoding=\"async\"  class=\"custom-image\" src=\"https:\/\/radioactivegaming.eu\/wp-content\/uploads\/2024\/05\/pull-2.png\" title=\"tirar 2\" alt=\"\"><\/div> <div  class=\"col-sm-7 flexbox center-xs middle-xs image-group-2-img\"> <img  decoding=\"async\" class=\"img-1 shadow-large\" data-size=\"250x200\" src=\"https:\/\/radioactivegaming.eu\/wp-content\/uploads\/2024\/05\/pull4.png\" title=\"pull4\" alt=\"\"> <img  decoding=\"async\" class=\"img-2 shadow-large\" data-size=\"220x170\" src=\"https:\/\/radioactivegaming.eu\/wp-content\/uploads\/2024\/05\/pull1.png\" title=\"pull1\" alt=\"\"><\/div> <\/div><\/div> <\/div><div  data-label=\"About\" data-id=\"about--2\" data-export-id=\"about-1\" data-category=\"about\" class=\"about-1 content-section\" id=\"about-2\" style=\"background-color: rgb(245, 250, 253);\"><div  class=\"gridContainer\"> <div  class=\"row text-center\"><div  class=\"section-title-col\" data-type=\"column\">  <h2  class=\"\">Activaci\u00f3n de potenciadores globales<\/h2> <p  class=\"lead\">GLobal buffs se activan en Nassau en la iglesia en el altar, siempre est\u00e1n activos para todos los jugadores en su compa\u00f1\u00eda.\n<br ><br >Para activar el potenciador se necesitan los recursos indicados en la receta del plano del potenciador.<\/p><\/div> <\/div> <div  class=\"row\"> <div  class=\"button-holder space-bottom space-bottom-small\" data-type=\"column\"> <\/div> <div  class=\"col-xs bottom-xs flexbox image-group-bottom-3-img space-bottom-xs center-xs\"> <img decoding=\"async\"  class=\"left-img shadow-large-black\" data-size=\"500x300\" src=\"https:\/\/radioactivegaming.eu\/wp-content\/uploads\/2024\/05\/cropped-buff-active.png\" title=\"recortado-buff-activo.png\" alt=\"\"> <img decoding=\"async\"  class=\"center-img shadow-large-black\" data-size=\"500x300\" src=\"https:\/\/radioactivegaming.eu\/wp-content\/uploads\/2024\/05\/curch.png\" title=\"curch\" alt=\"\"> <img decoding=\"async\"  class=\"right-img shadow-large-black\" data-size=\"500x300\" src=\"https:\/\/radioactivegaming.eu\/wp-content\/uploads\/2024\/05\/cropped-curch2.png\" title=\"cropped-curch2.png\" alt=\"\"><\/div> <\/div><\/div> <\/div>","protected":false},"excerpt":{"rendered":"<p>El men\u00fa pull y otros buffs globales Puedes ganarlos completando nuestras cuevas personalizadas. Duran 14 d\u00edas y te ofrecen ventajas a ti y a tu compa\u00f1\u00eda. Est\u00e1n disponibles tanto para jugadores como para naves. Aqu\u00ed tienes algunos ejemplos: PullMenu \u00a1Probablemente la caracter\u00edstica m\u00e1s popular para todos aquellos que hacen mucho crafting! El men\u00fa pull. Equipado con... <br \/> <a class=\"read-more\" href=\"https:\/\/radioactivegaming.eu\/es\/atlas\/estable-3\/\">Seguir leyendo<\/a><\/p>","protected":false},"author":1,"featured_media":0,"parent":13,"menu_order":0,"comment_status":"closed","ping_status":"closed","template":"pro\/page-templates\/full-width-page.php","meta":{"footnotes":""},"class_list":["post-5485","page","type-page","status-publish","hentry"],"yoast_head":"<!-- This site is optimized with the Yoast SEO plugin v26.3 - https:\/\/yoast.com\/wordpress\/plugins\/seo\/ -->\n<title>Pullmen\u00fc &amp; andere Buffs - Radioactive Gaming<\/title>\n<meta name=\"robots\" content=\"index, follow, max-snippet:-1, max-image-preview:large, max-video-preview:-1\" \/>\n<link rel=\"canonical\" href=\"https:\/\/radioactivegaming.eu\/es\/atlas\/estable-3\/\" \/>\n<meta property=\"og:locale\" content=\"es_ES\" \/>\n<meta property=\"og:type\" content=\"article\" \/>\n<meta property=\"og:title\" content=\"Pullmen\u00fc &amp; andere Buffs - Radioactive Gaming\" \/>\n<meta property=\"og:description\" content=\"Das Pullmen\u00fc &amp; andere globale Buffs Diese k\u00f6nnt ihr euch durch das absolivieren unsere Custom Caves verdienen. Sie halten 14 Tage und bieten euch &amp; eurer Company Vorteile. Es gibt sie sowohl f\u00fcr Spieler als auch Schiffe. Hier ein paar Beispiele: PullMenu Das wohl beliebteste Feature f\u00fcr alle die viel Craften! Das Pullmen\u00fc. Ausgestattet mit&hellip; Read more\" \/>\n<meta property=\"og:url\" content=\"https:\/\/radioactivegaming.eu\/es\/atlas\/estable-3\/\" \/>\n<meta property=\"og:site_name\" content=\"Radioactive Gaming\" \/>\n<meta property=\"article:modified_time\" content=\"2024-05-25T10:06:10+00:00\" \/>\n<meta property=\"og:image\" content=\"https:\/\/radioactivegaming.eu\/wp-content\/uploads\/2024\/05\/buff3.png\" \/>\n<meta name=\"twitter:card\" content=\"summary_large_image\" \/>\n<meta name=\"twitter:label1\" content=\"Tiempo de lectura\" \/>\n\t<meta name=\"twitter:data1\" content=\"2 minutos\" \/>\n<script type=\"application\/ld+json\" class=\"yoast-schema-graph\">{\"@context\":\"https:\/\/schema.org\",\"@graph\":[{\"@type\":\"WebPage\",\"@id\":\"https:\/\/radioactivegaming.eu\/atlas\/pullmenu\/\",\"url\":\"https:\/\/radioactivegaming.eu\/atlas\/pullmenu\/\",\"name\":\"Pullmen\u00fc & andere Buffs - Radioactive Gaming\",\"isPartOf\":{\"@id\":\"https:\/\/radioactivegaming.eu\/#website\"},\"primaryImageOfPage\":{\"@id\":\"https:\/\/radioactivegaming.eu\/atlas\/pullmenu\/#primaryimage\"},\"image\":{\"@id\":\"https:\/\/radioactivegaming.eu\/atlas\/pullmenu\/#primaryimage\"},\"thumbnailUrl\":\"https:\/\/radioactivegaming.eu\/wp-content\/uploads\/2024\/05\/buff3.png\",\"datePublished\":\"2024-05-25T09:48:33+00:00\",\"dateModified\":\"2024-05-25T10:06:10+00:00\",\"breadcrumb\":{\"@id\":\"https:\/\/radioactivegaming.eu\/atlas\/pullmenu\/#breadcrumb\"},\"inLanguage\":\"es\",\"potentialAction\":[{\"@type\":\"ReadAction\",\"target\":[\"https:\/\/radioactivegaming.eu\/atlas\/pullmenu\/\"]}]},{\"@type\":\"ImageObject\",\"inLanguage\":\"es\",\"@id\":\"https:\/\/radioactivegaming.eu\/atlas\/pullmenu\/#primaryimage\",\"url\":\"https:\/\/radioactivegaming.eu\/wp-content\/uploads\/2024\/05\/buff3.png\",\"contentUrl\":\"https:\/\/radioactivegaming.eu\/wp-content\/uploads\/2024\/05\/buff3.png\"},{\"@type\":\"BreadcrumbList\",\"@id\":\"https:\/\/radioactivegaming.eu\/atlas\/pullmenu\/#breadcrumb\",\"itemListElement\":[{\"@type\":\"ListItem\",\"position\":1,\"name\":\"Startseite\",\"item\":\"https:\/\/radioactivegaming.eu\/\"},{\"@type\":\"ListItem\",\"position\":2,\"name\":\"Atlas\",\"item\":\"https:\/\/radioactivegaming.eu\/atlas\/\"},{\"@type\":\"ListItem\",\"position\":3,\"name\":\"Pullmen\u00fc &#038; andere Buffs\"}]},{\"@type\":\"WebSite\",\"@id\":\"https:\/\/radioactivegaming.eu\/#website\",\"url\":\"https:\/\/radioactivegaming.eu\/\",\"name\":\"Radioactive Gaming\",\"description\":\"\",\"publisher\":{\"@id\":\"https:\/\/radioactivegaming.eu\/#organization\"},\"potentialAction\":[{\"@type\":\"SearchAction\",\"target\":{\"@type\":\"EntryPoint\",\"urlTemplate\":\"https:\/\/radioactivegaming.eu\/?s={search_term_string}\"},\"query-input\":{\"@type\":\"PropertyValueSpecification\",\"valueRequired\":true,\"valueName\":\"search_term_string\"}}],\"inLanguage\":\"es\"},{\"@type\":\"Organization\",\"@id\":\"https:\/\/radioactivegaming.eu\/#organization\",\"name\":\"Radioactive Gaming\",\"url\":\"https:\/\/radioactivegaming.eu\/\",\"logo\":{\"@type\":\"ImageObject\",\"inLanguage\":\"es\",\"@id\":\"https:\/\/radioactivegaming.eu\/#\/schema\/logo\/image\/\",\"url\":\"https:\/\/radioactivegaming.eu\/wp-content\/uploads\/2019\/12\/cropped-coin-2.png\",\"contentUrl\":\"https:\/\/radioactivegaming.eu\/wp-content\/uploads\/2019\/12\/cropped-coin-2.png\",\"width\":256,\"height\":256,\"caption\":\"Radioactive Gaming\"},\"image\":{\"@id\":\"https:\/\/radioactivegaming.eu\/#\/schema\/logo\/image\/\"},\"sameAs\":[\"https:\/\/www.youtube.com\/channel\/UCHAH-p_vfp_co-__TB4M14A\"]}]}<\/script>\n<!-- \/ Yoast SEO plugin. -->","yoast_head_json":{"title":"Men\u00fa pull y otros buffs - Radioactive Gaming","robots":{"index":"index","follow":"follow","max-snippet":"max-snippet:-1","max-image-preview":"max-image-preview:large","max-video-preview":"max-video-preview:-1"},"canonical":"https:\/\/radioactivegaming.eu\/es\/atlas\/estable-3\/","og_locale":"es_ES","og_type":"article","og_title":"Pullmen\u00fc & andere Buffs - Radioactive Gaming","og_description":"Das Pullmen\u00fc &amp; andere globale Buffs Diese k\u00f6nnt ihr euch durch das absolivieren unsere Custom Caves verdienen. Sie halten 14 Tage und bieten euch &amp; eurer Company Vorteile. Es gibt sie sowohl f\u00fcr Spieler als auch Schiffe. Hier ein paar Beispiele: PullMenu Das wohl beliebteste Feature f\u00fcr alle die viel Craften! Das Pullmen\u00fc. Ausgestattet mit&hellip; Read more","og_url":"https:\/\/radioactivegaming.eu\/es\/atlas\/estable-3\/","og_site_name":"Radioactive Gaming","article_modified_time":"2024-05-25T10:06:10+00:00","og_image":[{"url":"https:\/\/radioactivegaming.eu\/wp-content\/uploads\/2024\/05\/buff3.png","type":"","width":"","height":""}],"twitter_card":"summary_large_image","twitter_misc":{"Tiempo de lectura":"2 minutos"},"schema":{"@context":"https:\/\/schema.org","@graph":[{"@type":"WebPage","@id":"https:\/\/radioactivegaming.eu\/atlas\/pullmenu\/","url":"https:\/\/radioactivegaming.eu\/atlas\/pullmenu\/","name":"Men\u00fa pull y otros buffs - Radioactive Gaming","isPartOf":{"@id":"https:\/\/radioactivegaming.eu\/#website"},"primaryImageOfPage":{"@id":"https:\/\/radioactivegaming.eu\/atlas\/pullmenu\/#primaryimage"},"image":{"@id":"https:\/\/radioactivegaming.eu\/atlas\/pullmenu\/#primaryimage"},"thumbnailUrl":"https:\/\/radioactivegaming.eu\/wp-content\/uploads\/2024\/05\/buff3.png","datePublished":"2024-05-25T09:48:33+00:00","dateModified":"2024-05-25T10:06:10+00:00","breadcrumb":{"@id":"https:\/\/radioactivegaming.eu\/atlas\/pullmenu\/#breadcrumb"},"inLanguage":"es","potentialAction":[{"@type":"ReadAction","target":["https:\/\/radioactivegaming.eu\/atlas\/pullmenu\/"]}]},{"@type":"ImageObject","inLanguage":"es","@id":"https:\/\/radioactivegaming.eu\/atlas\/pullmenu\/#primaryimage","url":"https:\/\/radioactivegaming.eu\/wp-content\/uploads\/2024\/05\/buff3.png","contentUrl":"https:\/\/radioactivegaming.eu\/wp-content\/uploads\/2024\/05\/buff3.png"},{"@type":"BreadcrumbList","@id":"https:\/\/radioactivegaming.eu\/atlas\/pullmenu\/#breadcrumb","itemListElement":[{"@type":"ListItem","position":1,"name":"Startseite","item":"https:\/\/radioactivegaming.eu\/"},{"@type":"ListItem","position":2,"name":"Atlas","item":"https:\/\/radioactivegaming.eu\/atlas\/"},{"@type":"ListItem","position":3,"name":"Pullmen\u00fc &#038; andere Buffs"}]},{"@type":"WebSite","@id":"https:\/\/radioactivegaming.eu\/#website","url":"https:\/\/radioactivegaming.eu\/","name":"Juegos radioactivos","description":"","publisher":{"@id":"https:\/\/radioactivegaming.eu\/#organization"},"potentialAction":[{"@type":"SearchAction","target":{"@type":"EntryPoint","urlTemplate":"https:\/\/radioactivegaming.eu\/?s={search_term_string}"},"query-input":{"@type":"PropertyValueSpecification","valueRequired":true,"valueName":"search_term_string"}}],"inLanguage":"es"},{"@type":"Organization","@id":"https:\/\/radioactivegaming.eu\/#organization","name":"Juegos radioactivos","url":"https:\/\/radioactivegaming.eu\/","logo":{"@type":"ImageObject","inLanguage":"es","@id":"https:\/\/radioactivegaming.eu\/#\/schema\/logo\/image\/","url":"https:\/\/radioactivegaming.eu\/wp-content\/uploads\/2019\/12\/cropped-coin-2.png","contentUrl":"https:\/\/radioactivegaming.eu\/wp-content\/uploads\/2019\/12\/cropped-coin-2.png","width":256,"height":256,"caption":"Radioactive Gaming"},"image":{"@id":"https:\/\/radioactivegaming.eu\/#\/schema\/logo\/image\/"},"sameAs":["https:\/\/www.youtube.com\/channel\/UCHAH-p_vfp_co-__TB4M14A"]}]}},"jetpack_sharing_enabled":true,"_links":{"self":[{"href":"https:\/\/radioactivegaming.eu\/es\/wp-json\/wp\/v2\/pages\/5485","targetHints":{"allow":["GET"]}}],"collection":[{"href":"https:\/\/radioactivegaming.eu\/es\/wp-json\/wp\/v2\/pages"}],"about":[{"href":"https:\/\/radioactivegaming.eu\/es\/wp-json\/wp\/v2\/types\/page"}],"author":[{"embeddable":true,"href":"https:\/\/radioactivegaming.eu\/es\/wp-json\/wp\/v2\/users\/1"}],"replies":[{"embeddable":true,"href":"https:\/\/radioactivegaming.eu\/es\/wp-json\/wp\/v2\/comments?post=5485"}],"version-history":[{"count":3,"href":"https:\/\/radioactivegaming.eu\/es\/wp-json\/wp\/v2\/pages\/5485\/revisions"}],"predecessor-version":[{"id":5504,"href":"https:\/\/radioactivegaming.eu\/es\/wp-json\/wp\/v2\/pages\/5485\/revisions\/5504"}],"up":[{"embeddable":true,"href":"https:\/\/radioactivegaming.eu\/es\/wp-json\/wp\/v2\/pages\/13"}],"wp:attachment":[{"href":"https:\/\/radioactivegaming.eu\/es\/wp-json\/wp\/v2\/media?parent=5485"}],"curies":[{"name":"wp","href":"https:\/\/api.w.org\/{rel}","templated":true}]}}