{"id":5518,"date":"2024-05-25T12:20:52","date_gmt":"2024-05-25T10:20:52","guid":{"rendered":"https:\/\/radioactivegaming.eu\/?page_id=5518"},"modified":"2024-05-25T12:32:33","modified_gmt":"2024-05-25T10:32:33","slug":"estable-5","status":"publish","type":"page","link":"https:\/\/radioactivegaming.eu\/es\/atlas\/estable-5\/","title":{"rendered":"Sistema de construcci\u00f3n y martillo de recogida"},"content":{"rendered":"<div  data-label=\"Herstellung\" data-id=\"content--1\" data-export-id=\"content-12\" data-category=\"content\" class=\"content-12 content-section content-section-spacing content-relative\" id=\"herstellung-1\" style=\"background-color: rgb(245, 250, 253);\"><div  class=\"gridContainer\"> <div  class=\"row text-center\"><div  class=\"section-title-col\" data-type=\"column\"> <h4  class=\"\">El sistema de construcci\u00f3n de Radioactive te ofrece posibilidades casi infinitas.<\/h4> <p  class=\"lead\">Adem\u00e1s del popular martillo de recogida, que te facilita mucho la vida al permitirte desmontar y recoger todas las estructuras una vez construidas.....<\/p><img decoding=\"async\"  class=\"custom-image\" src=\"https:\/\/radioactivegaming.eu\/wp-content\/uploads\/2024\/05\/pick1.png\" title=\"elegir1\" alt=\"\"><img decoding=\"async\"  class=\"custom-image\" src=\"https:\/\/radioactivegaming.eu\/wp-content\/uploads\/2024\/05\/cropped-pick2.png\" title=\"recorte-recogida2.png\" alt=\"\"><h4 class=\"\" >... hemos revisado todo el sistema de construcci\u00f3n y optimizado cada estructura.\n<br >Tanto si se trata de prestaciones como de opciones de dise\u00f1o, pr\u00e1cticamente no hay l\u00edmites.<\/h4><img decoding=\"async\"  class=\"custom-image\" src=\"https:\/\/radioactivegaming.eu\/wp-content\/uploads\/2024\/05\/bau4.png\" title=\"construcci\u00f3n4\" alt=\"\"><\/div> <\/div> <div  class=\"row center-xs middle-xs\"> <div  class=\"col-sm-9\" data-type=\"column\"> <\/div> <\/div><\/div> <\/div><div  data-label=\"About\" data-id=\"about--1\" data-export-id=\"about-4\" data-category=\"about\" class=\"about-4 content-section content-section-spacing\" id=\"about-1\" style=\"background-color: rgb(255, 255, 255);\"><div  class=\"gridContainer\"> <div  class=\"row middle-sm text-center\"><div  class=\"col-sm-5 space-bottom-xs\" data-type=\"column\">  <h2  class=\"\">Estilos<\/h2> <p  class=\"\">Todas las estructuras tienen la opci\u00f3n de cambiar entre diferentes dise\u00f1os y estilos.\n<br ><br >Puede hacerlo simplemente a trav\u00e9s del men\u00fa radial o copiar el estilo establecido de una estructura utilizando nuestra CopyTool:<\/p> <img decoding=\"async\"  class=\"custom-image\" src=\"https:\/\/radioactivegaming.eu\/wp-content\/uploads\/2024\/05\/bau3.png\" title=\"construcci\u00f3n3\" alt=\"\"><\/div> <div  class=\"col-sm-7 flexbox center-xs middle-xs image-group-2-img\"> <img decoding=\"async\"  class=\"img-1 shadow-large\" data-size=\"250x200\" src=\"https:\/\/radioactivegaming.eu\/wp-content\/uploads\/2024\/05\/bau2.png\" title=\"construcci\u00f3n2\" alt=\"\"> <img decoding=\"async\"  class=\"img-2 shadow-large\" data-size=\"220x170\" src=\"https:\/\/radioactivegaming.eu\/wp-content\/uploads\/2024\/05\/bau1.png\" title=\"construcci\u00f3n1\" alt=\"\"><\/div> <\/div><\/div> <\/div><div data-label=\"About\" data-id=\"about--2\" data-export-id=\"about-10\" data-category=\"about\" class=\"about-10 content-section content-section-spacing\" id=\"about-2\"  style=\"background-color: rgb(245, 250, 253);\"><div class=\"gridContainer\" > <div class=\"row middle-sm text-center\" ><div class=\"col-sm-5 space-bottom-xs content-column\" data-type=\"column\" >  <h2 class=\"\" >Adem\u00e1s de las estructuras \"normales\", tambi\u00e9n te esperan m\u00e1s de 1.000 estructuras decorativas.<\/h2>  <\/div> <div class=\"col-sm-7 flexbox middle-xs center-xs space-bottom-xs\" ><div class=\"overlay-box middle-xs center-xs flexbox\" > <div class=\"overlay-box-offset offset-border shadow-medium border-color1 hide-xs\" ><\/div> <img decoding=\"async\" class=\"shadow-large\" data-size=\"485x705\" src=\"https:\/\/radioactivegaming.eu\/wp-content\/uploads\/2024\/05\/cropped-deko.png\"  title=\"recortado-deko.png\" alt=\"\"><\/div> <\/div><\/div> <\/div><\/div>","protected":false},"excerpt":{"rendered":"<p>El sistema de construcci\u00f3n de Radioactive te ofrece posibilidades casi infinitas. Adem\u00e1s del popular martillo de recogida, que te facilita mucho la vida al permitirte desmontar y recoger todas las estructuras una vez construidas......., hemos revisado todo el sistema de construcci\u00f3n y optimizado cada estructura. Tanto en rendimiento como en posibilidades de dise\u00f1o, apenas hay l\u00edmites para ti.... <br \/> <a class=\"read-more\" href=\"https:\/\/radioactivegaming.eu\/es\/atlas\/estable-5\/\">Seguir leyendo<\/a><\/p>","protected":false},"author":1,"featured_media":0,"parent":13,"menu_order":0,"comment_status":"closed","ping_status":"closed","template":"pro\/page-templates\/full-width-page.php","meta":{"footnotes":""},"class_list":["post-5518","page","type-page","status-publish","hentry"],"yoast_head":"<!-- This site is optimized with the Yoast SEO plugin v26.3 - https:\/\/yoast.com\/wordpress\/plugins\/seo\/ -->\n<title>Bausystem &amp; Pickup Hammer - Radioactive Gaming<\/title>\n<meta name=\"robots\" content=\"index, follow, max-snippet:-1, max-image-preview:large, max-video-preview:-1\" \/>\n<link rel=\"canonical\" href=\"https:\/\/radioactivegaming.eu\/es\/atlas\/estable-5\/\" \/>\n<meta property=\"og:locale\" content=\"es_ES\" \/>\n<meta property=\"og:type\" content=\"article\" \/>\n<meta property=\"og:title\" content=\"Bausystem &amp; Pickup Hammer - Radioactive Gaming\" \/>\n<meta property=\"og:description\" content=\"Das Bausystem auf Radioactive bietet euch schier unendliche M\u00f6glichkeiten! Neben dem sehr beliebten Pickup Hammer, welcher euch das Leben deutlich vereinfacht, indem er erm\u00f6glicht, alle Strukturen nachdem sie gebaut wurden wieder zu demontieren &amp; aufzuheben&#8230;.&#8230; haben wir das komplette Bausystem \u00fcberarbeitet und jede Struktur optimiert. Ob nun Performance oder Designm\u00f6glichkeiten, euch sind kaum Grenzen gesetzt.&hellip; Read more\" \/>\n<meta property=\"og:url\" content=\"https:\/\/radioactivegaming.eu\/es\/atlas\/estable-5\/\" \/>\n<meta property=\"og:site_name\" content=\"Radioactive Gaming\" \/>\n<meta property=\"article:modified_time\" content=\"2024-05-25T10:32:33+00:00\" \/>\n<meta property=\"og:image\" content=\"https:\/\/radioactivegaming.eu\/wp-content\/uploads\/2024\/05\/pick1.png\" \/>\n<meta name=\"twitter:card\" content=\"summary_large_image\" \/>\n<meta name=\"twitter:label1\" content=\"Tiempo de lectura\" \/>\n\t<meta name=\"twitter:data1\" content=\"2 minutos\" \/>\n<script type=\"application\/ld+json\" class=\"yoast-schema-graph\">{\"@context\":\"https:\/\/schema.org\",\"@graph\":[{\"@type\":\"WebPage\",\"@id\":\"https:\/\/radioactivegaming.eu\/atlas\/buildingsystem\/\",\"url\":\"https:\/\/radioactivegaming.eu\/atlas\/buildingsystem\/\",\"name\":\"Bausystem & Pickup Hammer - Radioactive Gaming\",\"isPartOf\":{\"@id\":\"https:\/\/radioactivegaming.eu\/#website\"},\"primaryImageOfPage\":{\"@id\":\"https:\/\/radioactivegaming.eu\/atlas\/buildingsystem\/#primaryimage\"},\"image\":{\"@id\":\"https:\/\/radioactivegaming.eu\/atlas\/buildingsystem\/#primaryimage\"},\"thumbnailUrl\":\"https:\/\/radioactivegaming.eu\/wp-content\/uploads\/2024\/05\/pick1.png\",\"datePublished\":\"2024-05-25T10:20:52+00:00\",\"dateModified\":\"2024-05-25T10:32:33+00:00\",\"breadcrumb\":{\"@id\":\"https:\/\/radioactivegaming.eu\/atlas\/buildingsystem\/#breadcrumb\"},\"inLanguage\":\"es\",\"potentialAction\":[{\"@type\":\"ReadAction\",\"target\":[\"https:\/\/radioactivegaming.eu\/atlas\/buildingsystem\/\"]}]},{\"@type\":\"ImageObject\",\"inLanguage\":\"es\",\"@id\":\"https:\/\/radioactivegaming.eu\/atlas\/buildingsystem\/#primaryimage\",\"url\":\"https:\/\/radioactivegaming.eu\/wp-content\/uploads\/2024\/05\/pick1.png\",\"contentUrl\":\"https:\/\/radioactivegaming.eu\/wp-content\/uploads\/2024\/05\/pick1.png\"},{\"@type\":\"BreadcrumbList\",\"@id\":\"https:\/\/radioactivegaming.eu\/atlas\/buildingsystem\/#breadcrumb\",\"itemListElement\":[{\"@type\":\"ListItem\",\"position\":1,\"name\":\"Startseite\",\"item\":\"https:\/\/radioactivegaming.eu\/\"},{\"@type\":\"ListItem\",\"position\":2,\"name\":\"Atlas\",\"item\":\"https:\/\/radioactivegaming.eu\/atlas\/\"},{\"@type\":\"ListItem\",\"position\":3,\"name\":\"Bausystem &#038; Pickup Hammer\"}]},{\"@type\":\"WebSite\",\"@id\":\"https:\/\/radioactivegaming.eu\/#website\",\"url\":\"https:\/\/radioactivegaming.eu\/\",\"name\":\"Radioactive Gaming\",\"description\":\"\",\"publisher\":{\"@id\":\"https:\/\/radioactivegaming.eu\/#organization\"},\"potentialAction\":[{\"@type\":\"SearchAction\",\"target\":{\"@type\":\"EntryPoint\",\"urlTemplate\":\"https:\/\/radioactivegaming.eu\/?s={search_term_string}\"},\"query-input\":{\"@type\":\"PropertyValueSpecification\",\"valueRequired\":true,\"valueName\":\"search_term_string\"}}],\"inLanguage\":\"es\"},{\"@type\":\"Organization\",\"@id\":\"https:\/\/radioactivegaming.eu\/#organization\",\"name\":\"Radioactive Gaming\",\"url\":\"https:\/\/radioactivegaming.eu\/\",\"logo\":{\"@type\":\"ImageObject\",\"inLanguage\":\"es\",\"@id\":\"https:\/\/radioactivegaming.eu\/#\/schema\/logo\/image\/\",\"url\":\"https:\/\/radioactivegaming.eu\/wp-content\/uploads\/2019\/12\/cropped-coin-2.png\",\"contentUrl\":\"https:\/\/radioactivegaming.eu\/wp-content\/uploads\/2019\/12\/cropped-coin-2.png\",\"width\":256,\"height\":256,\"caption\":\"Radioactive Gaming\"},\"image\":{\"@id\":\"https:\/\/radioactivegaming.eu\/#\/schema\/logo\/image\/\"},\"sameAs\":[\"https:\/\/www.youtube.com\/channel\/UCHAH-p_vfp_co-__TB4M14A\"]}]}<\/script>\n<!-- \/ Yoast SEO plugin. -->","yoast_head_json":{"title":"Sistema de construcci\u00f3n y martillo de recogida - Radioactive Gaming","robots":{"index":"index","follow":"follow","max-snippet":"max-snippet:-1","max-image-preview":"max-image-preview:large","max-video-preview":"max-video-preview:-1"},"canonical":"https:\/\/radioactivegaming.eu\/es\/atlas\/estable-5\/","og_locale":"es_ES","og_type":"article","og_title":"Bausystem & Pickup Hammer - Radioactive Gaming","og_description":"Das Bausystem auf Radioactive bietet euch schier unendliche M\u00f6glichkeiten! Neben dem sehr beliebten Pickup Hammer, welcher euch das Leben deutlich vereinfacht, indem er erm\u00f6glicht, alle Strukturen nachdem sie gebaut wurden wieder zu demontieren &amp; aufzuheben&#8230;.&#8230; haben wir das komplette Bausystem \u00fcberarbeitet und jede Struktur optimiert. Ob nun Performance oder Designm\u00f6glichkeiten, euch sind kaum Grenzen gesetzt.&hellip; Read more","og_url":"https:\/\/radioactivegaming.eu\/es\/atlas\/estable-5\/","og_site_name":"Radioactive Gaming","article_modified_time":"2024-05-25T10:32:33+00:00","og_image":[{"url":"https:\/\/radioactivegaming.eu\/wp-content\/uploads\/2024\/05\/pick1.png","type":"","width":"","height":""}],"twitter_card":"summary_large_image","twitter_misc":{"Tiempo de lectura":"2 minutos"},"schema":{"@context":"https:\/\/schema.org","@graph":[{"@type":"WebPage","@id":"https:\/\/radioactivegaming.eu\/atlas\/buildingsystem\/","url":"https:\/\/radioactivegaming.eu\/atlas\/buildingsystem\/","name":"Sistema de construcci\u00f3n y martillo de recogida - Radioactive Gaming","isPartOf":{"@id":"https:\/\/radioactivegaming.eu\/#website"},"primaryImageOfPage":{"@id":"https:\/\/radioactivegaming.eu\/atlas\/buildingsystem\/#primaryimage"},"image":{"@id":"https:\/\/radioactivegaming.eu\/atlas\/buildingsystem\/#primaryimage"},"thumbnailUrl":"https:\/\/radioactivegaming.eu\/wp-content\/uploads\/2024\/05\/pick1.png","datePublished":"2024-05-25T10:20:52+00:00","dateModified":"2024-05-25T10:32:33+00:00","breadcrumb":{"@id":"https:\/\/radioactivegaming.eu\/atlas\/buildingsystem\/#breadcrumb"},"inLanguage":"es","potentialAction":[{"@type":"ReadAction","target":["https:\/\/radioactivegaming.eu\/atlas\/buildingsystem\/"]}]},{"@type":"ImageObject","inLanguage":"es","@id":"https:\/\/radioactivegaming.eu\/atlas\/buildingsystem\/#primaryimage","url":"https:\/\/radioactivegaming.eu\/wp-content\/uploads\/2024\/05\/pick1.png","contentUrl":"https:\/\/radioactivegaming.eu\/wp-content\/uploads\/2024\/05\/pick1.png"},{"@type":"BreadcrumbList","@id":"https:\/\/radioactivegaming.eu\/atlas\/buildingsystem\/#breadcrumb","itemListElement":[{"@type":"ListItem","position":1,"name":"Startseite","item":"https:\/\/radioactivegaming.eu\/"},{"@type":"ListItem","position":2,"name":"Atlas","item":"https:\/\/radioactivegaming.eu\/atlas\/"},{"@type":"ListItem","position":3,"name":"Bausystem &#038; Pickup Hammer"}]},{"@type":"WebSite","@id":"https:\/\/radioactivegaming.eu\/#website","url":"https:\/\/radioactivegaming.eu\/","name":"Juegos radioactivos","description":"","publisher":{"@id":"https:\/\/radioactivegaming.eu\/#organization"},"potentialAction":[{"@type":"SearchAction","target":{"@type":"EntryPoint","urlTemplate":"https:\/\/radioactivegaming.eu\/?s={search_term_string}"},"query-input":{"@type":"PropertyValueSpecification","valueRequired":true,"valueName":"search_term_string"}}],"inLanguage":"es"},{"@type":"Organization","@id":"https:\/\/radioactivegaming.eu\/#organization","name":"Juegos radioactivos","url":"https:\/\/radioactivegaming.eu\/","logo":{"@type":"ImageObject","inLanguage":"es","@id":"https:\/\/radioactivegaming.eu\/#\/schema\/logo\/image\/","url":"https:\/\/radioactivegaming.eu\/wp-content\/uploads\/2019\/12\/cropped-coin-2.png","contentUrl":"https:\/\/radioactivegaming.eu\/wp-content\/uploads\/2019\/12\/cropped-coin-2.png","width":256,"height":256,"caption":"Radioactive Gaming"},"image":{"@id":"https:\/\/radioactivegaming.eu\/#\/schema\/logo\/image\/"},"sameAs":["https:\/\/www.youtube.com\/channel\/UCHAH-p_vfp_co-__TB4M14A"]}]}},"jetpack_sharing_enabled":true,"_links":{"self":[{"href":"https:\/\/radioactivegaming.eu\/es\/wp-json\/wp\/v2\/pages\/5518","targetHints":{"allow":["GET"]}}],"collection":[{"href":"https:\/\/radioactivegaming.eu\/es\/wp-json\/wp\/v2\/pages"}],"about":[{"href":"https:\/\/radioactivegaming.eu\/es\/wp-json\/wp\/v2\/types\/page"}],"author":[{"embeddable":true,"href":"https:\/\/radioactivegaming.eu\/es\/wp-json\/wp\/v2\/users\/1"}],"replies":[{"embeddable":true,"href":"https:\/\/radioactivegaming.eu\/es\/wp-json\/wp\/v2\/comments?post=5518"}],"version-history":[{"count":3,"href":"https:\/\/radioactivegaming.eu\/es\/wp-json\/wp\/v2\/pages\/5518\/revisions"}],"predecessor-version":[{"id":5532,"href":"https:\/\/radioactivegaming.eu\/es\/wp-json\/wp\/v2\/pages\/5518\/revisions\/5532"}],"up":[{"embeddable":true,"href":"https:\/\/radioactivegaming.eu\/es\/wp-json\/wp\/v2\/pages\/13"}],"wp:attachment":[{"href":"https:\/\/radioactivegaming.eu\/es\/wp-json\/wp\/v2\/media?parent=5518"}],"curies":[{"name":"wp","href":"https:\/\/api.w.org\/{rel}","templated":true}]}}