{"id":661,"date":"2019-12-12T21:59:27","date_gmt":"2019-12-12T20:59:27","guid":{"rendered":"http:\/\/radioactivegaming.eu\/?page_id=661"},"modified":"2024-09-22T00:33:03","modified_gmt":"2024-09-21T22:33:03","slug":"normas","status":"publish","type":"page","link":"https:\/\/radioactivegaming.eu\/es\/arca\/normas\/","title":{"rendered":"normas"},"content":{"rendered":"<div  data-label=\"Content\" data-id=\"content--1\" data-export-id=\"content-12\" data-category=\"content\" class=\"content-12 content-section content-section-spacing content-relative\" id=\"content-1\" style=\"background-color: rgb(255, 255, 255);\"><div  class=\"section-separator-top\">\n    <svg  class=\"section-separator-top\" data-separator-name=\"triangle-asymmetrical-negative\" preserveaspectratio=\"none\" viewbox=\"0 0 1000 100\" xmlns=\"http:\/\/www.w3.org\/2000\/svg\">\n        <path  class=\"svg-white-bg\" d=\"M737.9,94.7L0,0v100h1000V0L737.9,94.7z\"><\/path>\n    <\/svg>\n<\/div><div  class=\"gridContainer\"> <div  class=\"row text-center\"><div  class=\"section-title-col\" data-type=\"column\"><h2  class=\"\"><span  style=\"color: rgb(0, 0, 0);\">Reglas<\/span><\/h2>  <h3  class=\"\"><span  style=\"color: rgb(223, 10, 10);\">Notas importantes<\/span><\/h3><h4  class=\"\"><br ><span  style=\"color: rgb(223, 10, 10); font-weight: 700;\">IMPORTANTE: \u00a1Todos los jugadores deben estar en una tribu, aunque sea un solo jugador!\n<\/span><\/h4><h3  class=\"\"><span  style=\"color: rgb(0, 0, 0);\">A) Normas generales<\/span><\/h3><h4  class=\"\" style=\"text-align: left;\"><span  style=\"color: rgb(0, 0, 0);\">Cada jugador en nuestro servidor ARK debe comportarse de tal manera que podamos mantener un servidor justo, regulado y completo. Esta regla puede anular todas las dem\u00e1s reglas.\n<\/span><br ><br ><span  style=\"color: rgb(0, 0, 0);\">\nEst\u00e1 prohibido acosar a otros jugadores. Esto incluye insultos, declaraciones sexistas, radicales y nacionalsocialistas o simplemente discusiones que tambi\u00e9n pueden tener lugar en el chat habitual.\n<\/span><br ><br ><span  style=\"color: rgb(0, 0, 0);\">\nIdiomas del chat: Alem\u00e1n e ingl\u00e9s.\n<\/span><br ><br ><span  style=\"color: rgb(0, 0, 0);\">\nEst\u00e1 prohibido atraer a dinosaurios salvajes a bases extranjeras.<\/span><br ><br ><span  style=\"color: rgb(0, 0, 0);\">\nLos dinos que est\u00e1n siendo domesticados o aturdidos por otra persona no pueden ser matados, \n<\/span><br ><span  style=\"color: rgb(0, 0, 0);\">tampoco est\u00e1 permitido cualquier otro tipo de obstrucci\u00f3n o perturbaci\u00f3n.<\/span><br ><br ><span  style=\"color: rgb(0, 0, 0);\">\n Est\u00e1 prohibido comprar o vender objetos o dinos por dinero real. \u00a1Esto conlleva directamente un baneo!<\/span><br ><span  style=\"color: rgb(0, 0, 0);\">\n\n<br >Est\u00e1 prohibido explotar fallos y mec\u00e1nicas del juego en beneficio propio.\n<\/span><br ><br ><span  style=\"color: rgb(0, 0, 0);\">\nNo hay sustituci\u00f3n de objetos\/animales en caso de errores, fallos o culpa propia.\n<\/span><\/h4><h3  class=\"\"><span  style=\"color: rgb(0, 0, 0);\">B) Normas de construcci\u00f3n<\/span><\/h3><h4  class=\"\" style=\"text-align: left;\"><span  style=\"color: rgb(0, 0, 0);\">Se permite una base por servidor. \n<\/span>Lim\u00edtese a una superficie de unos 60\u00d760 cimientos.<span  style=\"color: rgb(0, 0, 0);\">\n<br >Adem\u00e1s, se permite 1 puesto avanzado por servidor. Puede ser una base de agua o una trampa de manipulaci\u00f3n, por ejemplo. No debe superar los 20\u00d720 cimientos y unas 1000 estructuras. \n<br >Adem\u00e1s, cada tribu puede colocar una plataforma de \u00e1rboles y construir en ella unas 100 estructuras.\n<br ><br >Est\u00e1 permitido construir una base juntos en una alianza. Sin embargo, el n\u00famero m\u00e1ximo de tribus est\u00e1 limitado a dos. <\/span><br ><br ><span  style=\"color: rgb(0, 0, 0);\">\nTodos los tipos de estructuras fuera de la base (hogueras, sacos de dormir, pinchos, trampas, cimientos\/pilares individuales) deben eliminarse despu\u00e9s de su uso. Sin embargo, aqu\u00ed tambi\u00e9n ayuda la descomposici\u00f3n r\u00e1pida, que elimina todas las peque\u00f1as acumulaciones de estructuras en un radio definido al cabo de 8 horas. \n<br >Tambi\u00e9n hemos habilitado un canal en Discord en el que se pueden publicar las estructuras perturbadoras. Nos reservamos el derecho a eliminar las estructuras perturbadoras sin hacer comentarios si nosotros u otros jugadores ignoramos la informaci\u00f3n.<\/span><br ><br ><span  style=\"color: rgb(0, 0, 0);\">\nAdem\u00e1s de sus bases, se le permite poseer una balsa. Sin embargo, esta balsa debe tener una estructura \u00fatil (cama, armario, etc.) y estar situada principalmente en tu base o cerca de ella, a menos que la est\u00e9s utilizando. Las balsas vac\u00edas que no est\u00e9n en tu base se considerar\u00e1n una \"estructura fuera de la base\" y ser\u00e1n retiradas por nosotros. Las balsas construidas que est\u00e9n fuera de tu base durante un periodo de tiempo m\u00e1s largo cuentan como base.<\/span><br ><br ><span  style=\"color: rgb(0, 0, 0);\">\nMant\u00e9n una distancia respetuosa con las bases de tus vecinos y consulta con ellos antes de construir cerca de ellas.\n<\/span><br ><br ><span  style=\"color: rgb(0, 0, 0);\">\nNo est\u00e1 permitido reservar una obra con cimientos, pilares u otras estructuras.<\/span><br ><span  style=\"color: rgb(0, 0, 0);\">\nLas bases o los recintos exteriores deben pedirse con animales o estructuras significativas. (\u00a1Nada de marcadores de posici\u00f3n!)\n<\/span><br ><br ><span  style=\"color: rgb(0, 0, 0);\">\nLos caminos y recursos importantes no deben estar bloqueados por edificios.\n<\/span><br ><br ><span  style=\"color: rgb(0, 0, 0);\">\nNo se puede construir en las cuevas de artefactos ni en sus entradas.\n<\/span><br >\n<br ><span  style=\"color: rgb(0, 0, 0);\">Las puertas alrededor de una base no son muros y deben ajustarse en un plazo de 24 horas.\n<\/span><br ><br ><span  style=\"color: rgb(0, 0, 0);\">\nNo est\u00e1 permitido construir ni aparcar dinosaurios en los ARK.\nPara ello, hemos colocado una Dino Nube en cada ARK, que puede ser utilizada por cualquiera.<\/span><br ><span  id=\"_mce_caret\" data-mce-bogus=\"1\" data-mce-type=\"format-caret\"><span  style=\"color: rgb(0, 0, 0);\">\n<br >Con la Tribu Radioactive Gaming os hemos proporcionado algo de ayuda en los mapas, por ejemplo en Scorched Earth en el Wyvern Gorge se han colocado algunas trampas para wyverns.<\/span><\/span><br ><span  style=\"color: rgb(0, 0, 0);\">\nPor favor, no construyas enormes bloques cuadrados como base o campamento de dinosaurios, \u00a1con la Nube Dino tienes a tu disposici\u00f3n un eficiente campamento para dinosaurios!<\/span><br ><br ><span  style=\"color: rgb(0, 0, 0);\">\nPor favor, construya con sensatez y no edificios enormes con demasiadas estructuras. Nos reservamos el derecho a aconsejarle que reduzca el tama\u00f1o de su base si es necesario.\n<\/span><\/h4><h3  class=\"\">C) Regalar animales<\/h3><h4  class=\"\" style=\"text-align: left;\"><span  style=\"color: rgb(0, 0, 0);\">No est\u00e1 permitido regalar animales.<br >Tambi\u00e9n est\u00e1 prohibido dejar animales sin reclamar en el servidor para que otra persona pueda encontrarlos y hacerse con ellos.\n<br >Adem\u00e1s, los animales s\u00f3lo podr\u00e1n venderse a jugadores que ya hayan alcanzado el nivel adecuado para la montura requerida. En caso de reincidencia, nos reservamos el derecho de hacer uso de nuestro sistema de advertencia.<span  style=\"font-size: 1.1rem; letter-spacing: 0.0625rem;\">&nbsp;<\/span><br ><br >\nTambi\u00e9n est\u00e1 prohibido ofrecer animales a cambio de le\u00f1a, por ejemplo, para eludir la norma.\n\n\n<br ><br >Los animales dom\u00e9sticos deben ofrecerse a un precio razonable.\n<br ><br >Los animales criados con mutaciones deben ofrecerse a un precio razonable y deben estar esterilizados.<\/span><\/h4><h3  class=\"\">D) Nota relativa a las actividades administrativas<\/h3><p  class=\"lead\" style=\"text-align: left;\"><span  id=\"_mce_caret\" data-mce-bogus=\"1\" data-mce-type=\"format-caret\"><span  style=\"font-family: Muli, arial, helvetica, sans-serif; font-weight: 600;\"><\/span><\/span><span  style=\"font-weight: 600;\">Deben respetarse estrictamente las instrucciones de los administradores.\n<\/span><br ><br ><span  style=\"font-weight: 600;\">\nEn caso de infracci\u00f3n de las normas, nos reservamos el derecho de eliminar las estructuras correspondientes sin comentarios. (Por ejemplo, estructuras fuera de la base) Adem\u00e1s, se podr\u00e1 emitir una advertencia o un baneo.<\/span><\/p><\/div> <\/div> <div  class=\"row center-xs middle-xs\"> <div  class=\"col-sm-9\" data-type=\"column\"> <\/div> <\/div><\/div> <div  class=\"section-separator-bottom\">\n    <svg  xmlns=\"http:\/\/www.w3.org\/2000\/svg\" viewbox=\"0 0 283.5 19.6\" preserveaspectratio=\"none\" data-separator-name=\"opacity-fan\" class=\"section-separator-bottom\">\n\t<path  class=\"svg-white-bg\" style=\"opacity: 0.33;\" d=\"M0 0L0 18.8 141.8 4.1 283.5 18.8 283.5 0z\"><\/path>\n\t<path  class=\"svg-white-bg\" style=\"opacity: 0.33;\" d=\"M0 0L0 12.6 141.8 4 283.5 12.6 283.5 0z\"><\/path>\n\t<path  class=\"svg-white-bg\" style=\"opacity: 0.33;\" d=\"M0 0L0 6.4 141.8 4 283.5 6.4 283.5 0z\"><\/path>\n\t<path  class=\"svg-white-bg\" d=\"M0 0L0 1.2 141.8 4 283.5 1.2 283.5 0z\"><\/path>\n<\/svg>\n<\/div><\/div>","protected":false},"excerpt":{"rendered":"<p>Reglas \u00a1Notas importantes! IMPORTANTE: \u00a1Cada jugador debe estar en una tribu, aunque sea un solo jugador! A) Reglas generalesCada jugador en nuestro servidor ARK debe comportarse de tal manera que podamos mantener un servidor justo, regulado y completo. Esta regla puede anular todas las dem\u00e1s reglas. El acoso a otros jugadores est\u00e1 prohibido. Esto incluye insultos,... <br \/> <a class=\"read-more\" href=\"https:\/\/radioactivegaming.eu\/es\/arca\/normas\/\">Seguir leyendo<\/a><\/p>","protected":false},"author":1,"featured_media":4966,"parent":12,"menu_order":0,"comment_status":"closed","ping_status":"closed","template":"pro\/page-templates\/full-width-page.php","meta":{"footnotes":""},"class_list":["post-661","page","type-page","status-publish","has-post-thumbnail","hentry"],"yoast_head":"<!-- This site is optimized with the Yoast SEO plugin v26.3 - https:\/\/yoast.com\/wordpress\/plugins\/seo\/ -->\n<title>rules - Radioactive Gaming<\/title>\n<meta name=\"robots\" content=\"index, follow, max-snippet:-1, max-image-preview:large, max-video-preview:-1\" \/>\n<link rel=\"canonical\" href=\"https:\/\/radioactivegaming.eu\/es\/arca\/normas\/\" \/>\n<meta property=\"og:locale\" content=\"es_ES\" \/>\n<meta property=\"og:type\" content=\"article\" \/>\n<meta property=\"og:title\" content=\"rules - Radioactive Gaming\" \/>\n<meta property=\"og:description\" content=\"Regeln Wichtige Hinweise!WICHTIG: Jeder Spieler muss sich in einem Tribe befinden, auch wenn er Einzelspieler ist! A) Allgemeine RegelnJeder Spieler auf unserem ARK-Server muss sich so verhalten, dass wir einen fairen, geregelten und vollen Server erhalten k\u00f6nnen. Diese Regel kann alle anderen Regeln au\u00dfer Kraft setzen. Bel\u00e4stigung von Mitspielern ist verboten. Hierunter fallen Beleidigungen, sexistische,&hellip; Read more\" \/>\n<meta property=\"og:url\" content=\"https:\/\/radioactivegaming.eu\/es\/arca\/normas\/\" \/>\n<meta property=\"og:site_name\" content=\"Radioactive Gaming\" \/>\n<meta property=\"article:modified_time\" content=\"2024-09-21T22:33:03+00:00\" \/>\n<meta property=\"og:image\" content=\"https:\/\/radioactivegaming.eu\/wp-content\/uploads\/2023\/10\/20231028010459_1.jpg\" \/>\n\t<meta property=\"og:image:width\" content=\"2048\" \/>\n\t<meta property=\"og:image:height\" content=\"1152\" \/>\n\t<meta property=\"og:image:type\" content=\"image\/jpeg\" \/>\n<meta name=\"twitter:card\" content=\"summary_large_image\" \/>\n<meta name=\"twitter:label1\" content=\"Tiempo de lectura\" \/>\n\t<meta name=\"twitter:data1\" content=\"4 minutos\" \/>\n<script type=\"application\/ld+json\" class=\"yoast-schema-graph\">{\"@context\":\"https:\/\/schema.org\",\"@graph\":[{\"@type\":\"WebPage\",\"@id\":\"https:\/\/radioactivegaming.eu\/ark\/rules\/\",\"url\":\"https:\/\/radioactivegaming.eu\/ark\/rules\/\",\"name\":\"rules - Radioactive Gaming\",\"isPartOf\":{\"@id\":\"https:\/\/radioactivegaming.eu\/#website\"},\"primaryImageOfPage\":{\"@id\":\"https:\/\/radioactivegaming.eu\/ark\/rules\/#primaryimage\"},\"image\":{\"@id\":\"https:\/\/radioactivegaming.eu\/ark\/rules\/#primaryimage\"},\"thumbnailUrl\":\"https:\/\/radioactivegaming.eu\/wp-content\/uploads\/2023\/10\/20231028010459_1.jpg\",\"datePublished\":\"2019-12-12T20:59:27+00:00\",\"dateModified\":\"2024-09-21T22:33:03+00:00\",\"breadcrumb\":{\"@id\":\"https:\/\/radioactivegaming.eu\/ark\/rules\/#breadcrumb\"},\"inLanguage\":\"es\",\"potentialAction\":[{\"@type\":\"ReadAction\",\"target\":[\"https:\/\/radioactivegaming.eu\/ark\/rules\/\"]}]},{\"@type\":\"ImageObject\",\"inLanguage\":\"es\",\"@id\":\"https:\/\/radioactivegaming.eu\/ark\/rules\/#primaryimage\",\"url\":\"https:\/\/radioactivegaming.eu\/wp-content\/uploads\/2023\/10\/20231028010459_1.jpg\",\"contentUrl\":\"https:\/\/radioactivegaming.eu\/wp-content\/uploads\/2023\/10\/20231028010459_1.jpg\",\"width\":2048,\"height\":1152},{\"@type\":\"BreadcrumbList\",\"@id\":\"https:\/\/radioactivegaming.eu\/ark\/rules\/#breadcrumb\",\"itemListElement\":[{\"@type\":\"ListItem\",\"position\":1,\"name\":\"Startseite\",\"item\":\"https:\/\/radioactivegaming.eu\/\"},{\"@type\":\"ListItem\",\"position\":2,\"name\":\"Ark\",\"item\":\"https:\/\/radioactivegaming.eu\/ark\/\"},{\"@type\":\"ListItem\",\"position\":3,\"name\":\"rules\"}]},{\"@type\":\"WebSite\",\"@id\":\"https:\/\/radioactivegaming.eu\/#website\",\"url\":\"https:\/\/radioactivegaming.eu\/\",\"name\":\"Radioactive Gaming\",\"description\":\"\",\"publisher\":{\"@id\":\"https:\/\/radioactivegaming.eu\/#organization\"},\"potentialAction\":[{\"@type\":\"SearchAction\",\"target\":{\"@type\":\"EntryPoint\",\"urlTemplate\":\"https:\/\/radioactivegaming.eu\/?s={search_term_string}\"},\"query-input\":{\"@type\":\"PropertyValueSpecification\",\"valueRequired\":true,\"valueName\":\"search_term_string\"}}],\"inLanguage\":\"es\"},{\"@type\":\"Organization\",\"@id\":\"https:\/\/radioactivegaming.eu\/#organization\",\"name\":\"Radioactive Gaming\",\"url\":\"https:\/\/radioactivegaming.eu\/\",\"logo\":{\"@type\":\"ImageObject\",\"inLanguage\":\"es\",\"@id\":\"https:\/\/radioactivegaming.eu\/#\/schema\/logo\/image\/\",\"url\":\"https:\/\/radioactivegaming.eu\/wp-content\/uploads\/2019\/12\/cropped-coin-2.png\",\"contentUrl\":\"https:\/\/radioactivegaming.eu\/wp-content\/uploads\/2019\/12\/cropped-coin-2.png\",\"width\":256,\"height\":256,\"caption\":\"Radioactive Gaming\"},\"image\":{\"@id\":\"https:\/\/radioactivegaming.eu\/#\/schema\/logo\/image\/\"},\"sameAs\":[\"https:\/\/www.youtube.com\/channel\/UCHAH-p_vfp_co-__TB4M14A\"]}]}<\/script>\n<!-- \/ Yoast SEO plugin. -->","yoast_head_json":{"title":"normas - Radioactive Gaming","robots":{"index":"index","follow":"follow","max-snippet":"max-snippet:-1","max-image-preview":"max-image-preview:large","max-video-preview":"max-video-preview:-1"},"canonical":"https:\/\/radioactivegaming.eu\/es\/arca\/normas\/","og_locale":"es_ES","og_type":"article","og_title":"rules - Radioactive Gaming","og_description":"Regeln Wichtige Hinweise!WICHTIG: Jeder Spieler muss sich in einem Tribe befinden, auch wenn er Einzelspieler ist! A) Allgemeine RegelnJeder Spieler auf unserem ARK-Server muss sich so verhalten, dass wir einen fairen, geregelten und vollen Server erhalten k\u00f6nnen. Diese Regel kann alle anderen Regeln au\u00dfer Kraft setzen. Bel\u00e4stigung von Mitspielern ist verboten. Hierunter fallen Beleidigungen, sexistische,&hellip; Read more","og_url":"https:\/\/radioactivegaming.eu\/es\/arca\/normas\/","og_site_name":"Radioactive Gaming","article_modified_time":"2024-09-21T22:33:03+00:00","og_image":[{"width":2048,"height":1152,"url":"https:\/\/radioactivegaming.eu\/wp-content\/uploads\/2023\/10\/20231028010459_1.jpg","type":"image\/jpeg"}],"twitter_card":"summary_large_image","twitter_misc":{"Tiempo de lectura":"4 minutos"},"schema":{"@context":"https:\/\/schema.org","@graph":[{"@type":"WebPage","@id":"https:\/\/radioactivegaming.eu\/ark\/rules\/","url":"https:\/\/radioactivegaming.eu\/ark\/rules\/","name":"normas - Radioactive Gaming","isPartOf":{"@id":"https:\/\/radioactivegaming.eu\/#website"},"primaryImageOfPage":{"@id":"https:\/\/radioactivegaming.eu\/ark\/rules\/#primaryimage"},"image":{"@id":"https:\/\/radioactivegaming.eu\/ark\/rules\/#primaryimage"},"thumbnailUrl":"https:\/\/radioactivegaming.eu\/wp-content\/uploads\/2023\/10\/20231028010459_1.jpg","datePublished":"2019-12-12T20:59:27+00:00","dateModified":"2024-09-21T22:33:03+00:00","breadcrumb":{"@id":"https:\/\/radioactivegaming.eu\/ark\/rules\/#breadcrumb"},"inLanguage":"es","potentialAction":[{"@type":"ReadAction","target":["https:\/\/radioactivegaming.eu\/ark\/rules\/"]}]},{"@type":"ImageObject","inLanguage":"es","@id":"https:\/\/radioactivegaming.eu\/ark\/rules\/#primaryimage","url":"https:\/\/radioactivegaming.eu\/wp-content\/uploads\/2023\/10\/20231028010459_1.jpg","contentUrl":"https:\/\/radioactivegaming.eu\/wp-content\/uploads\/2023\/10\/20231028010459_1.jpg","width":2048,"height":1152},{"@type":"BreadcrumbList","@id":"https:\/\/radioactivegaming.eu\/ark\/rules\/#breadcrumb","itemListElement":[{"@type":"ListItem","position":1,"name":"Startseite","item":"https:\/\/radioactivegaming.eu\/"},{"@type":"ListItem","position":2,"name":"Ark","item":"https:\/\/radioactivegaming.eu\/ark\/"},{"@type":"ListItem","position":3,"name":"rules"}]},{"@type":"WebSite","@id":"https:\/\/radioactivegaming.eu\/#website","url":"https:\/\/radioactivegaming.eu\/","name":"Juegos radioactivos","description":"","publisher":{"@id":"https:\/\/radioactivegaming.eu\/#organization"},"potentialAction":[{"@type":"SearchAction","target":{"@type":"EntryPoint","urlTemplate":"https:\/\/radioactivegaming.eu\/?s={search_term_string}"},"query-input":{"@type":"PropertyValueSpecification","valueRequired":true,"valueName":"search_term_string"}}],"inLanguage":"es"},{"@type":"Organization","@id":"https:\/\/radioactivegaming.eu\/#organization","name":"Juegos radioactivos","url":"https:\/\/radioactivegaming.eu\/","logo":{"@type":"ImageObject","inLanguage":"es","@id":"https:\/\/radioactivegaming.eu\/#\/schema\/logo\/image\/","url":"https:\/\/radioactivegaming.eu\/wp-content\/uploads\/2019\/12\/cropped-coin-2.png","contentUrl":"https:\/\/radioactivegaming.eu\/wp-content\/uploads\/2019\/12\/cropped-coin-2.png","width":256,"height":256,"caption":"Radioactive Gaming"},"image":{"@id":"https:\/\/radioactivegaming.eu\/#\/schema\/logo\/image\/"},"sameAs":["https:\/\/www.youtube.com\/channel\/UCHAH-p_vfp_co-__TB4M14A"]}]}},"jetpack_sharing_enabled":true,"_links":{"self":[{"href":"https:\/\/radioactivegaming.eu\/es\/wp-json\/wp\/v2\/pages\/661","targetHints":{"allow":["GET"]}}],"collection":[{"href":"https:\/\/radioactivegaming.eu\/es\/wp-json\/wp\/v2\/pages"}],"about":[{"href":"https:\/\/radioactivegaming.eu\/es\/wp-json\/wp\/v2\/types\/page"}],"author":[{"embeddable":true,"href":"https:\/\/radioactivegaming.eu\/es\/wp-json\/wp\/v2\/users\/1"}],"replies":[{"embeddable":true,"href":"https:\/\/radioactivegaming.eu\/es\/wp-json\/wp\/v2\/comments?post=661"}],"version-history":[{"count":13,"href":"https:\/\/radioactivegaming.eu\/es\/wp-json\/wp\/v2\/pages\/661\/revisions"}],"predecessor-version":[{"id":5807,"href":"https:\/\/radioactivegaming.eu\/es\/wp-json\/wp\/v2\/pages\/661\/revisions\/5807"}],"up":[{"embeddable":true,"href":"https:\/\/radioactivegaming.eu\/es\/wp-json\/wp\/v2\/pages\/12"}],"wp:featuredmedia":[{"embeddable":true,"href":"https:\/\/radioactivegaming.eu\/es\/wp-json\/wp\/v2\/media\/4966"}],"wp:attachment":[{"href":"https:\/\/radioactivegaming.eu\/es\/wp-json\/wp\/v2\/media?parent=661"}],"curies":[{"name":"wp","href":"https:\/\/api.w.org\/{rel}","templated":true}]}}