{"id":922,"date":"2020-02-09T15:04:45","date_gmt":"2020-02-09T14:04:45","guid":{"rendered":"http:\/\/radioactivegaming.eu\/?page_id=922"},"modified":"2024-08-15T02:34:08","modified_gmt":"2024-08-15T00:34:08","slug":"centro-comercial","status":"publish","type":"page","link":"https:\/\/radioactivegaming.eu\/es\/arca\/centro-comercial\/","title":{"rendered":"Centro comercial"},"content":{"rendered":"<div  data-label=\"Handelsplatz\" data-id=\"about--1\" data-export-id=\"about-10\" data-category=\"about\" class=\"about-10 content-section content-section-spacing content-relative\" id=\"handelsplatz\" style=\"background-color: rgb(255, 255, 255);\"><div  class=\"section-separator-top\">\r\n    <svg  class=\"section-separator-top\" data-separator-name=\"triangle-asymmetrical-negative\" preserveaspectratio=\"none\" viewbox=\"0 0 1000 100\" xmlns=\"http:\/\/www.w3.org\/2000\/svg\">\r\n        <path  class=\"svg-white-bg\" d=\"M737.9,94.7L0,0v100h1000V0L737.9,94.7z\"><\/path>\r\n    <\/svg>\r\n<\/div><div  class=\"gridContainer\"> <div  class=\"row middle-sm text-center\"><div  class=\"col-sm-5 space-bottom-xs content-column\" data-type=\"column\">  <h2  class=\"\">Centro comercial en La Isla<\/h2> <p  class=\"\">Encontrar\u00e1 el mercado a 43 LAT \/81,5 LONG\r\n<br >Aqu\u00ed encontrar\u00e1s las tiendas de los jugadores y las tiendas de los servidores. <\/p> <\/div> <div  class=\"col-sm-7 flexbox middle-xs center-xs space-bottom-xs\"><div  class=\"overlay-box middle-xs center-xs flexbox\"> <div  class=\"overlay-box-offset offset-border shadow-medium border-color1 hide-xs\"><\/div> <img  decoding=\"async\" class=\"shadow-large\" data-size=\"485x705\" src=\"https:\/\/radioactivegaming.eu\/wp-content\/uploads\/2024\/08\/cropped-HandelMap.png\" title=\"recortado-HandelMap.png\" alt=\"\"><\/div> <\/div><\/div> <\/div><\/div><div  data-label=\"Regeln\" data-id=\"overlappable--2\" data-export-id=\"overlappable-3\" data-category=\"overlappable\" class=\"overlappable-3 content-section content-section-spacing\" data-overlap=\"true\" id=\"regeln\" style=\"background-color: rgb(255, 255, 255);\"><div  class=\"gridContainer\"> <div  class=\"row bg-color-white shadow-medium\"><div  class=\"col-xs-12 col-sm-6 image-col first-image-col\" data-bg=\"image\" style=\"background-image: url(&quot;https:\/\/radioactivegaming.eu\/wp-content\/uploads\/2024\/08\/Handelsplatz1.png&quot;);\"><\/div> <div  class=\"col-xs-12 col-sm-6 content-col col-padding col-padding-xs\"> <div  class=\"col-padding\" data-type=\"column\"> <h4  class=\"\">Las siguientes normas se aplican a las tiendas:<\/h4> <p  class=\"\">Cada tribu s\u00f3lo puede poseer una tienda. S\u00f3lo tienes que ir a una tienda y reclamarla con E para ti. Por favor, cambia despu\u00e9s el nombre de la tienda por el de tu tribu.<br >\r\nSi quieres vender o comprar dinos a trav\u00e9s de la tienda, actualmente s\u00f3lo es posible hacerlo a trav\u00e9s de las Criopilas. Si quieres participar, abre un ticket y te transferir\u00e9 una Cryofridge en el mercado. S\u00f3lo se puede utilizar para comerciar o para liberar dinos ganados en eventos o en el Club ARK. Los criopods se pueden comprar en las tiendas de los administradores. Los dinos s\u00f3lo se pueden vender castrados.<\/p> <\/div> <\/div><\/div> <div  class=\"row bg-color-white shadow-medium\"><div  class=\"col-xs-12 col-sm-6 content-col col-padding col-padding-xs\"> <div  class=\"col-padding\" data-type=\"column\"> <p  class=\"\">Por favor, no utilicen sus propias tiendas en sus bases. Dejar\u00e9 los engramas por el momento con fines decorativos. Sin embargo, si me doy cuenta de que se est\u00e1n instalando tiendas propias fuera del mercado, ocultar\u00e9 los engramas y eliminar\u00e9 todas las tiendas fuera del mercado.<\/p> <\/div> <\/div> <div  class=\"col-xs-12 col-sm-6 image-col second-image-col first-xs last-sm\" data-bg=\"image\" style=\"background-image: url(&quot;https:\/\/radioactivegaming.eu\/wp-content\/uploads\/2024\/08\/Handelsplatz2.png&quot;);\"><\/div> <\/div><\/div> <\/div><div  data-label=\"Servershops\" data-id=\"portfolio--3\" data-export-id=\"portfolio-6\" data-category=\"portfolio\" class=\"portfolio-6 content-section content-section-spacing content-relative\" id=\"servershops\" style=\"background-color: rgb(255, 255, 255);\"><div  class=\"gridContainer\"> <div  class=\"row text-center\"><div  class=\"section-title-col\" data-type=\"column\"> <h2  class=\"\">Tiendas de servidores<\/h2> <p  class=\"lead\">Puedes ganar monedas por puro tiempo de juego, ventas y tambi\u00e9n en el futuro a trav\u00e9s de votaciones e invertirlas en las cosas m\u00e1s diversas de las tiendas del servidor.<\/p><\/div> <\/div> <div  class=\"row space-bottom spaced-cols\" data-type=\"row\"> <div  class=\"col-xs-12 col-sm-4 text-center\"> <div  class=\"card no-padding\"> <div  data-hover-fx=\"portfolio-5\" class=\"contentswap-effect\"> <div  class=\"initial-image\"> <img  decoding=\"async\" data-size=\"500x333\" src=\"\"><\/div> <div  class=\"overlay bg-color6\"><\/div> <div  class=\"swap-inner col-xs-12\"> <div  class=\"row full-height-row middle-xs middle-sm\"> <div  class=\"col-xs-12 text-center content-holder\"> <a href=\"#\" target=\"_self\" rel=\"noopener\"><i  class=\"fa icon portfolio-icon fa-search small color-black\" aria-hidden=\"true\"><\/i><\/a><\/div> <\/div><\/div> <\/div> <div  class=\"space-bottom space-top col-xs-12\" data-type=\"column\"> <img decoding=\"async\"  class=\"custom-image\" src=\"https:\/\/radioactivegaming.eu\/wp-content\/uploads\/2024\/08\/cropped-chibis.png\" title=\"cropped-chibis.png\" alt=\"\"><h4  class=\"\">Chibis<\/h4> <p  class=\"small italic\">Aqu\u00ed puede comprar una selecci\u00f3n de chibis raros.\r\n<\/p><\/div> <\/div><\/div> <div  class=\"col-xs-12 col-sm-4 text-center\"><div  class=\"card no-padding\"> <div  data-hover-fx=\"portfolio-5\" class=\"contentswap-effect\"><div  class=\"initial-image\"> <img  decoding=\"async\" data-size=\"500x333\" src=\"\"><\/div> <div  class=\"overlay bg-color6\"><\/div> <div  class=\"swap-inner col-xs-12\"> <div  class=\"row full-height-row middle-xs middle-sm\"> <div  class=\"col-xs-12 text-center content-holder\"> <a href=\"#\" target=\"_self\" rel=\"noopener\"><i  class=\"fa icon portfolio-icon fa-search big color-black\" aria-hidden=\"true\"><\/i><\/a><\/div> <\/div><\/div> <\/div> <div  class=\"space-bottom space-top col-xs-12\" data-type=\"column\"> <img decoding=\"async\"  class=\"custom-image\" src=\"https:\/\/radioactivegaming.eu\/wp-content\/uploads\/2024\/08\/cropped-Skins.png\" title=\"Pieles recortadas.png\" alt=\"\"><h4  class=\"\">Pieles<\/h4> <p  class=\"small italic\">En la tienda de skins puedes comprar los skins de eventos antiguos y, posiblemente, tus propios skins en el futuro.\r\n<\/p><\/div> <\/div><\/div> <div  class=\"col-xs-12 col-sm-4 text-center\"><div  class=\"card no-padding\"> <div  data-hover-fx=\"portfolio-5\" class=\"contentswap-effect\"><div  class=\"initial-image\"> <img  decoding=\"async\" data-size=\"500x333\" src=\"\"><\/div> <div  class=\"overlay bg-color6\"><\/div> <div  class=\"swap-inner col-xs-12\"> <div  class=\"row full-height-row middle-xs middle-sm\"> <div  class=\"col-xs-12 text-center content-holder\"> <a href=\"#\" target=\"_self\" rel=\"noopener\"><i  class=\"fa icon portfolio-icon fa-search big color-black\" aria-hidden=\"true\"><\/i><\/a><\/div> <\/div><\/div> <\/div> <div  class=\"space-bottom space-top col-xs-12\" data-type=\"column\"> <img decoding=\"async\"  class=\"custom-image\" src=\"https:\/\/radioactivegaming.eu\/wp-content\/uploads\/2024\/08\/cropped-Consumables.png\" title=\"recorte-Consumibles.png\" alt=\"\"><h4  class=\"\">Consumibles<\/h4> <p  class=\"small italic\">\u00bfNo te apetece cocinar? Entonces esta es la tienda adecuada para ti. Aqu\u00ed puedes comprar croquetas y muchos otros productos.<\/p><\/div> <\/div><\/div> <div  class=\"col-xs-12 col-sm-4 text-center\"> <div  class=\"card no-padding\"> <div  data-hover-fx=\"portfolio-5\" class=\"contentswap-effect\"> <div  class=\"initial-image\"> <img  decoding=\"async\" data-size=\"500x333\" src=\"\"><\/div> <div  class=\"overlay bg-color6\"><\/div> <div  class=\"swap-inner col-xs-12\"> <div  class=\"row full-height-row middle-xs middle-sm\"> <div  class=\"col-xs-12 text-center content-holder\"> <a href=\"#\" target=\"_self\" rel=\"noopener\"><i  class=\"fa icon portfolio-icon fa-search big color-black\" aria-hidden=\"true\"><\/i><\/a><\/div> <\/div><\/div> <\/div> <div  class=\"space-bottom space-top col-xs-12\" data-type=\"column\"> <img decoding=\"async\"  class=\"custom-image\" src=\"https:\/\/radioactivegaming.eu\/wp-content\/uploads\/2024\/08\/cropped-Resissell.png\" title=\"recorte-Resissell.png\" alt=\"\"><h4  class=\"\">Recursos<\/h4> <p  class=\"small italic\">Tambi\u00e9n tenemos mucha oferta para los que no quieren cultivar. Desde metal hasta elementos, todo est\u00e1 incluido.<\/p><\/div> <\/div><\/div><div  class=\"col-xs-12 col-sm-4 text-center\"> <div  class=\"card no-padding\"> <div  data-hover-fx=\"portfolio-5\" class=\"contentswap-effect\"> <div  class=\"initial-image\"> <img  decoding=\"async\" data-size=\"500x333\" src=\"\"><\/div> <div  class=\"overlay bg-color6\"><\/div> <div  class=\"swap-inner col-xs-12\"> <div  class=\"row full-height-row middle-xs middle-sm\"> <div  class=\"col-xs-12 text-center content-holder\"> <a href=\"#\" target=\"_self\" rel=\"noopener\"><i  class=\"fa icon portfolio-icon fa-search big color-black\" aria-hidden=\"true\"><\/i><\/a><\/div> <\/div><\/div> <\/div> <div  class=\"space-bottom space-top col-xs-12\" data-type=\"column\"> <img decoding=\"async\"  class=\"custom-image\" src=\"https:\/\/radioactivegaming.eu\/wp-content\/uploads\/2024\/08\/cropped-Cryo.png\" title=\"cropped-Cryo.png\" alt=\"\"><h4  class=\"\">Cryopod<\/h4> <p  class=\"small italic\">Aqu\u00ed puedes comprar el viejo Cryopod. Es necesario si quieres ofrecer animales a trav\u00e9s del centro de comercio.<\/p><\/div> <\/div><\/div><div  class=\"col-xs-12 col-sm-4 text-center\"> <div  class=\"card no-padding\"> <div  data-hover-fx=\"portfolio-5\" class=\"contentswap-effect\"> <div  class=\"initial-image\"> <img  decoding=\"async\" data-size=\"500x333\" src=\"\"><\/div> <div  class=\"overlay bg-color6\"><\/div> <div  class=\"swap-inner col-xs-12\"> <div  class=\"row full-height-row middle-xs middle-sm\"> <div  class=\"col-xs-12 text-center content-holder\"> <a href=\"#\" target=\"_self\" rel=\"noopener\"><i  class=\"fa icon portfolio-icon fa-search small color-black\" aria-hidden=\"true\"><\/i><\/a><\/div> <\/div><\/div> <\/div> <div  class=\"space-bottom space-top col-xs-12\" data-type=\"column\"> <img decoding=\"async\"  class=\"custom-image\" src=\"https:\/\/radioactivegaming.eu\/wp-content\/uploads\/2024\/08\/cropped-Resissell.png\" title=\"recorte-Resissell.png\" alt=\"\"><h4  class=\"\">Venta de tributos<\/h4> <p  class=\"small italic\">Si tienes demasiados dientes de tibur\u00f3n o garras de rapaz y necesitas monedas, aqu\u00ed tienes la oportunidad de intercambiarlos.<\/p><\/div> <\/div><\/div><\/div> <div  class=\"row\"> <div  data-type=\"column\" class=\"col-xs-12 text-center\"> <\/div> <\/div><\/div> <div  class=\"section-separator-bottom\">\r\n    <svg  xmlns=\"http:\/\/www.w3.org\/2000\/svg\" viewbox=\"0 0 1000 100\" preserveaspectratio=\"none\" data-separator-name=\"triangle-negative\" class=\"section-separator-bottom\">\r\n\t<path  class=\"svg-white-bg\" d=\"M500.2,94.7L0,0v100h1000V0L500.2,94.7z\"><\/path>\r\n<\/svg>\r\n<\/div><\/div>","protected":false},"excerpt":{"rendered":"<p>Centro de comercio en La Isla Encontrar\u00e1s el mercado en 43 LAT \/81.5 LONG Aqu\u00ed encontrar\u00e1s las tiendas de los jugadores as\u00ed como las tiendas del servidor. Las siguientes reglas se aplican a las tiendas: Cada tribu s\u00f3lo puede tener una tienda. Puedes simplemente ir a una tienda y reclamarla con E para ti. Por favor, ponle un nombre despu\u00e9s... <br \/> <a class=\"read-more\" href=\"https:\/\/radioactivegaming.eu\/es\/arca\/centro-comercial\/\">Seguir leyendo<\/a><\/p>","protected":false},"author":1,"featured_media":0,"parent":12,"menu_order":0,"comment_status":"closed","ping_status":"closed","template":"pro\/page-templates\/full-width-page.php","meta":{"footnotes":""},"class_list":["post-922","page","type-page","status-publish","hentry"],"yoast_head":"<!-- This site is optimized with the Yoast SEO plugin v26.3 - https:\/\/yoast.com\/wordpress\/plugins\/seo\/ -->\n<title>Handelsplatz - Radioactive Gaming<\/title>\n<meta name=\"robots\" content=\"index, follow, max-snippet:-1, max-image-preview:large, max-video-preview:-1\" \/>\n<link rel=\"canonical\" href=\"https:\/\/radioactivegaming.eu\/es\/arca\/centro-comercial\/\" \/>\n<meta property=\"og:locale\" content=\"es_ES\" \/>\n<meta property=\"og:type\" content=\"article\" \/>\n<meta property=\"og:title\" content=\"Handelsplatz - Radioactive Gaming\" \/>\n<meta property=\"og:description\" content=\"Handelsplatz auf The Island Den Marktplatz findet ihr bei 43 LAT \/81.5 LONG Hier findet ihr die Spielershops sowie auch die Servershops. Folgende Regeln gibt es zu den Shops zu beachten: Jeder Tribe darf nur einen Shop besitzen. Ihr k\u00f6nnt einfach an einen Shop gehen und ihn mit E f\u00fcr euch Claimen. Bitte benennt anschlie\u00dfend&hellip; Read more\" \/>\n<meta property=\"og:url\" content=\"https:\/\/radioactivegaming.eu\/es\/arca\/centro-comercial\/\" \/>\n<meta property=\"og:site_name\" content=\"Radioactive Gaming\" \/>\n<meta property=\"article:modified_time\" content=\"2024-08-15T00:34:08+00:00\" \/>\n<meta property=\"og:image\" content=\"https:\/\/radioactivegaming.eu\/wp-content\/uploads\/2024\/08\/cropped-HandelMap.png\" \/>\n<meta name=\"twitter:card\" content=\"summary_large_image\" \/>\n<meta name=\"twitter:label1\" content=\"Tiempo de lectura\" \/>\n\t<meta name=\"twitter:data1\" content=\"5 minutos\" \/>\n<script type=\"application\/ld+json\" class=\"yoast-schema-graph\">{\"@context\":\"https:\/\/schema.org\",\"@graph\":[{\"@type\":\"WebPage\",\"@id\":\"https:\/\/radioactivegaming.eu\/ark\/handelsplatz\/\",\"url\":\"https:\/\/radioactivegaming.eu\/ark\/handelsplatz\/\",\"name\":\"Handelsplatz - Radioactive Gaming\",\"isPartOf\":{\"@id\":\"https:\/\/radioactivegaming.eu\/#website\"},\"primaryImageOfPage\":{\"@id\":\"https:\/\/radioactivegaming.eu\/ark\/handelsplatz\/#primaryimage\"},\"image\":{\"@id\":\"https:\/\/radioactivegaming.eu\/ark\/handelsplatz\/#primaryimage\"},\"thumbnailUrl\":\"https:\/\/radioactivegaming.eu\/wp-content\/uploads\/2024\/08\/cropped-HandelMap.png\",\"datePublished\":\"2020-02-09T14:04:45+00:00\",\"dateModified\":\"2024-08-15T00:34:08+00:00\",\"breadcrumb\":{\"@id\":\"https:\/\/radioactivegaming.eu\/ark\/handelsplatz\/#breadcrumb\"},\"inLanguage\":\"es\",\"potentialAction\":[{\"@type\":\"ReadAction\",\"target\":[\"https:\/\/radioactivegaming.eu\/ark\/handelsplatz\/\"]}]},{\"@type\":\"ImageObject\",\"inLanguage\":\"es\",\"@id\":\"https:\/\/radioactivegaming.eu\/ark\/handelsplatz\/#primaryimage\",\"url\":\"https:\/\/radioactivegaming.eu\/wp-content\/uploads\/2024\/08\/cropped-HandelMap.png\",\"contentUrl\":\"https:\/\/radioactivegaming.eu\/wp-content\/uploads\/2024\/08\/cropped-HandelMap.png\"},{\"@type\":\"BreadcrumbList\",\"@id\":\"https:\/\/radioactivegaming.eu\/ark\/handelsplatz\/#breadcrumb\",\"itemListElement\":[{\"@type\":\"ListItem\",\"position\":1,\"name\":\"Startseite\",\"item\":\"https:\/\/radioactivegaming.eu\/\"},{\"@type\":\"ListItem\",\"position\":2,\"name\":\"Ark\",\"item\":\"https:\/\/radioactivegaming.eu\/ark\/\"},{\"@type\":\"ListItem\",\"position\":3,\"name\":\"Handelsplatz\"}]},{\"@type\":\"WebSite\",\"@id\":\"https:\/\/radioactivegaming.eu\/#website\",\"url\":\"https:\/\/radioactivegaming.eu\/\",\"name\":\"Radioactive Gaming\",\"description\":\"\",\"publisher\":{\"@id\":\"https:\/\/radioactivegaming.eu\/#organization\"},\"potentialAction\":[{\"@type\":\"SearchAction\",\"target\":{\"@type\":\"EntryPoint\",\"urlTemplate\":\"https:\/\/radioactivegaming.eu\/?s={search_term_string}\"},\"query-input\":{\"@type\":\"PropertyValueSpecification\",\"valueRequired\":true,\"valueName\":\"search_term_string\"}}],\"inLanguage\":\"es\"},{\"@type\":\"Organization\",\"@id\":\"https:\/\/radioactivegaming.eu\/#organization\",\"name\":\"Radioactive Gaming\",\"url\":\"https:\/\/radioactivegaming.eu\/\",\"logo\":{\"@type\":\"ImageObject\",\"inLanguage\":\"es\",\"@id\":\"https:\/\/radioactivegaming.eu\/#\/schema\/logo\/image\/\",\"url\":\"https:\/\/radioactivegaming.eu\/wp-content\/uploads\/2019\/12\/cropped-coin-2.png\",\"contentUrl\":\"https:\/\/radioactivegaming.eu\/wp-content\/uploads\/2019\/12\/cropped-coin-2.png\",\"width\":256,\"height\":256,\"caption\":\"Radioactive Gaming\"},\"image\":{\"@id\":\"https:\/\/radioactivegaming.eu\/#\/schema\/logo\/image\/\"},\"sameAs\":[\"https:\/\/www.youtube.com\/channel\/UCHAH-p_vfp_co-__TB4M14A\"]}]}<\/script>\n<!-- \/ Yoast SEO plugin. -->","yoast_head_json":{"title":"Centro de comercio - Radioactive Gaming","robots":{"index":"index","follow":"follow","max-snippet":"max-snippet:-1","max-image-preview":"max-image-preview:large","max-video-preview":"max-video-preview:-1"},"canonical":"https:\/\/radioactivegaming.eu\/es\/arca\/centro-comercial\/","og_locale":"es_ES","og_type":"article","og_title":"Handelsplatz - Radioactive Gaming","og_description":"Handelsplatz auf The Island Den Marktplatz findet ihr bei 43 LAT \/81.5 LONG Hier findet ihr die Spielershops sowie auch die Servershops. Folgende Regeln gibt es zu den Shops zu beachten: Jeder Tribe darf nur einen Shop besitzen. Ihr k\u00f6nnt einfach an einen Shop gehen und ihn mit E f\u00fcr euch Claimen. Bitte benennt anschlie\u00dfend&hellip; Read more","og_url":"https:\/\/radioactivegaming.eu\/es\/arca\/centro-comercial\/","og_site_name":"Radioactive Gaming","article_modified_time":"2024-08-15T00:34:08+00:00","og_image":[{"url":"https:\/\/radioactivegaming.eu\/wp-content\/uploads\/2024\/08\/cropped-HandelMap.png","type":"","width":"","height":""}],"twitter_card":"summary_large_image","twitter_misc":{"Tiempo de lectura":"5 minutos"},"schema":{"@context":"https:\/\/schema.org","@graph":[{"@type":"WebPage","@id":"https:\/\/radioactivegaming.eu\/ark\/handelsplatz\/","url":"https:\/\/radioactivegaming.eu\/ark\/handelsplatz\/","name":"Centro de comercio - Radioactive Gaming","isPartOf":{"@id":"https:\/\/radioactivegaming.eu\/#website"},"primaryImageOfPage":{"@id":"https:\/\/radioactivegaming.eu\/ark\/handelsplatz\/#primaryimage"},"image":{"@id":"https:\/\/radioactivegaming.eu\/ark\/handelsplatz\/#primaryimage"},"thumbnailUrl":"https:\/\/radioactivegaming.eu\/wp-content\/uploads\/2024\/08\/cropped-HandelMap.png","datePublished":"2020-02-09T14:04:45+00:00","dateModified":"2024-08-15T00:34:08+00:00","breadcrumb":{"@id":"https:\/\/radioactivegaming.eu\/ark\/handelsplatz\/#breadcrumb"},"inLanguage":"es","potentialAction":[{"@type":"ReadAction","target":["https:\/\/radioactivegaming.eu\/ark\/handelsplatz\/"]}]},{"@type":"ImageObject","inLanguage":"es","@id":"https:\/\/radioactivegaming.eu\/ark\/handelsplatz\/#primaryimage","url":"https:\/\/radioactivegaming.eu\/wp-content\/uploads\/2024\/08\/cropped-HandelMap.png","contentUrl":"https:\/\/radioactivegaming.eu\/wp-content\/uploads\/2024\/08\/cropped-HandelMap.png"},{"@type":"BreadcrumbList","@id":"https:\/\/radioactivegaming.eu\/ark\/handelsplatz\/#breadcrumb","itemListElement":[{"@type":"ListItem","position":1,"name":"Startseite","item":"https:\/\/radioactivegaming.eu\/"},{"@type":"ListItem","position":2,"name":"Ark","item":"https:\/\/radioactivegaming.eu\/ark\/"},{"@type":"ListItem","position":3,"name":"Handelsplatz"}]},{"@type":"WebSite","@id":"https:\/\/radioactivegaming.eu\/#website","url":"https:\/\/radioactivegaming.eu\/","name":"Juegos radioactivos","description":"","publisher":{"@id":"https:\/\/radioactivegaming.eu\/#organization"},"potentialAction":[{"@type":"SearchAction","target":{"@type":"EntryPoint","urlTemplate":"https:\/\/radioactivegaming.eu\/?s={search_term_string}"},"query-input":{"@type":"PropertyValueSpecification","valueRequired":true,"valueName":"search_term_string"}}],"inLanguage":"es"},{"@type":"Organization","@id":"https:\/\/radioactivegaming.eu\/#organization","name":"Juegos radioactivos","url":"https:\/\/radioactivegaming.eu\/","logo":{"@type":"ImageObject","inLanguage":"es","@id":"https:\/\/radioactivegaming.eu\/#\/schema\/logo\/image\/","url":"https:\/\/radioactivegaming.eu\/wp-content\/uploads\/2019\/12\/cropped-coin-2.png","contentUrl":"https:\/\/radioactivegaming.eu\/wp-content\/uploads\/2019\/12\/cropped-coin-2.png","width":256,"height":256,"caption":"Radioactive Gaming"},"image":{"@id":"https:\/\/radioactivegaming.eu\/#\/schema\/logo\/image\/"},"sameAs":["https:\/\/www.youtube.com\/channel\/UCHAH-p_vfp_co-__TB4M14A"]}]}},"jetpack_sharing_enabled":true,"_links":{"self":[{"href":"https:\/\/radioactivegaming.eu\/es\/wp-json\/wp\/v2\/pages\/922","targetHints":{"allow":["GET"]}}],"collection":[{"href":"https:\/\/radioactivegaming.eu\/es\/wp-json\/wp\/v2\/pages"}],"about":[{"href":"https:\/\/radioactivegaming.eu\/es\/wp-json\/wp\/v2\/types\/page"}],"author":[{"embeddable":true,"href":"https:\/\/radioactivegaming.eu\/es\/wp-json\/wp\/v2\/users\/1"}],"replies":[{"embeddable":true,"href":"https:\/\/radioactivegaming.eu\/es\/wp-json\/wp\/v2\/comments?post=922"}],"version-history":[{"count":10,"href":"https:\/\/radioactivegaming.eu\/es\/wp-json\/wp\/v2\/pages\/922\/revisions"}],"predecessor-version":[{"id":5718,"href":"https:\/\/radioactivegaming.eu\/es\/wp-json\/wp\/v2\/pages\/922\/revisions\/5718"}],"up":[{"embeddable":true,"href":"https:\/\/radioactivegaming.eu\/es\/wp-json\/wp\/v2\/pages\/12"}],"wp:attachment":[{"href":"https:\/\/radioactivegaming.eu\/es\/wp-json\/wp\/v2\/media?parent=922"}],"curies":[{"name":"wp","href":"https:\/\/api.w.org\/{rel}","templated":true}]}}