{"id":3978,"date":"2022-12-25T14:06:31","date_gmt":"2022-12-25T13:06:31","guid":{"rendered":"https:\/\/radioactivegaming.eu\/?post_type=product&#038;p=3978"},"modified":"2022-12-25T15:42:25","modified_gmt":"2022-12-25T14:42:25","slug":"paquete-de-banderas-de-empresa","status":"publish","type":"product","link":"https:\/\/radioactivegaming.eu\/es\/producto\/paquete-de-banderas-de-empresa\/","title":{"rendered":"Paquete de banderas de empresa"},"content":{"rendered":"<p>\u00bfQuiere tener sus propias banderas personalizadas para los m\u00e1stiles y la tierra? Entonces adquiera el Paquete Bandera de Empresa.<br \/>\nEsto incluye la creaci\u00f3n de tus banderas personales y 100 Radio Coins para conseguir tu primera bandera.<\/p>\n<p>Puedes conseguir las banderas por 100 RadioCoins de Conny en Freeport.<\/p>\n<p>Para ello, tienes que enviarnos el motivo deseado, preferiblemente en resoluci\u00f3n 1024\u00d71024 o similar, a trav\u00e9s del sistema de tickets en Discord despu\u00e9s de haber comprado el paquete. Tras la pr\u00f3xima actualizaci\u00f3n del mod, estar\u00e1 disponible en la tienda.<\/p>\n<p><strong>Notas sobre la preparaci\u00f3n:<\/strong><\/p>\n<p>Para ello, debes enviarnos el motivo* deseado, preferiblemente en resoluci\u00f3n 1024\u00d71024 o similar, a trav\u00e9s del sistema de tickets en Discord despu\u00e9s de haber comprado el paquete. Tras la edici\u00f3n y creaci\u00f3n, tu skin se a\u00f1adir\u00e1 al juego con la pr\u00f3xima actualizaci\u00f3n del mod.<\/p>\n<p><strong><em><u>Este paquete s\u00f3lo est\u00e1 disponible para Atlas.<\/u><\/em><\/strong><\/p>\n<p>*\u00a0<em>Es imprescindible que conserve los derechos de imagen de su motivo. Al enviarnos tu motivo, nos concedes los derechos para utilizarlo en el mod y confirmas que eres el titular de los derechos de imagen.<\/em><\/p>","protected":false},"excerpt":{"rendered":"<p>\u00bfQuiere tener sus propias banderas personalizadas para los m\u00e1stiles y la tierra? Entonces adquiera el Paquete Bandera de Empresa.<br \/>\nEsto incluye la creaci\u00f3n de tus banderas personales y 100 Radio Coins para conseguir tu primera bandera.<\/p>","protected":false},"featured_media":3979,"template":"","meta":[],"product_brand":[],"product_cat":[91],"product_tag":[92,88],"class_list":{"0":"post-3978","1":"product","2":"type-product","3":"status-publish","4":"has-post-thumbnail","6":"product_cat-flag-skin","7":"product_tag-flag","8":"product_tag-skins","10":"first","11":"instock","12":"virtual","13":"purchasable","14":"product-type-simple"},"yoast_head":"<!-- This site is optimized with the Yoast SEO plugin v26.3 - https:\/\/yoast.com\/wordpress\/plugins\/seo\/ -->\n<title>Company Flag Pack - Radioactive Gaming<\/title>\n<meta name=\"description\" content=\"Do you want to have your own customized flags for the masts &amp; shore? Then get the Company Flag package.\" \/>\n<meta name=\"robots\" content=\"index, follow, max-snippet:-1, max-image-preview:large, max-video-preview:-1\" \/>\n<link rel=\"canonical\" href=\"https:\/\/radioactivegaming.eu\/es\/producto\/paquete-de-banderas-de-empresa\/\" \/>\n<meta property=\"og:locale\" content=\"es_ES\" \/>\n<meta property=\"og:type\" content=\"article\" \/>\n<meta property=\"og:title\" content=\"Company Flag Pack - Radioactive Gaming\" \/>\n<meta property=\"og:description\" content=\"Do you want to have your own customized flags for the masts &amp; shore? Then get the Company Flag package.\" \/>\n<meta property=\"og:url\" content=\"https:\/\/radioactivegaming.eu\/es\/producto\/paquete-de-banderas-de-empresa\/\" \/>\n<meta property=\"og:site_name\" content=\"Radioactive Gaming\" \/>\n<meta property=\"article:modified_time\" content=\"2022-12-25T14:42:25+00:00\" \/>\n<meta property=\"og:image\" content=\"https:\/\/radioactivegaming.eu\/wp-content\/uploads\/2022\/12\/2b1be42a846e84c8b328270d21652f2b5ef96754.png\" \/>\n\t<meta property=\"og:image:width\" content=\"512\" \/>\n\t<meta property=\"og:image:height\" content=\"512\" \/>\n\t<meta property=\"og:image:type\" content=\"image\/png\" \/>\n<meta name=\"twitter:card\" content=\"summary_large_image\" \/>\n<meta name=\"twitter:label1\" content=\"Tiempo de lectura\" \/>\n\t<meta name=\"twitter:data1\" content=\"1 minuto\" \/>\n<script type=\"application\/ld+json\" class=\"yoast-schema-graph\">{\"@context\":\"https:\/\/schema.org\",\"@graph\":[{\"@type\":\"WebPage\",\"@id\":\"https:\/\/radioactivegaming.eu\/produkt\/company-flag-pack\/\",\"url\":\"https:\/\/radioactivegaming.eu\/produkt\/company-flag-pack\/\",\"name\":\"Company Flag Pack - Radioactive Gaming\",\"isPartOf\":{\"@id\":\"https:\/\/radioactivegaming.eu\/#website\"},\"primaryImageOfPage\":{\"@id\":\"https:\/\/radioactivegaming.eu\/produkt\/company-flag-pack\/#primaryimage\"},\"image\":{\"@id\":\"https:\/\/radioactivegaming.eu\/produkt\/company-flag-pack\/#primaryimage\"},\"thumbnailUrl\":\"https:\/\/radioactivegaming.eu\/wp-content\/uploads\/2022\/12\/2b1be42a846e84c8b328270d21652f2b5ef96754.png\",\"datePublished\":\"2022-12-25T13:06:31+00:00\",\"dateModified\":\"2022-12-25T14:42:25+00:00\",\"description\":\"Do you want to have your own customized flags for the masts & shore? Then get the Company Flag package.\",\"breadcrumb\":{\"@id\":\"https:\/\/radioactivegaming.eu\/produkt\/company-flag-pack\/#breadcrumb\"},\"inLanguage\":\"es\",\"potentialAction\":[{\"@type\":\"ReadAction\",\"target\":[\"https:\/\/radioactivegaming.eu\/produkt\/company-flag-pack\/\"]}]},{\"@type\":\"ImageObject\",\"inLanguage\":\"es\",\"@id\":\"https:\/\/radioactivegaming.eu\/produkt\/company-flag-pack\/#primaryimage\",\"url\":\"https:\/\/radioactivegaming.eu\/wp-content\/uploads\/2022\/12\/2b1be42a846e84c8b328270d21652f2b5ef96754.png\",\"contentUrl\":\"https:\/\/radioactivegaming.eu\/wp-content\/uploads\/2022\/12\/2b1be42a846e84c8b328270d21652f2b5ef96754.png\",\"width\":512,\"height\":512},{\"@type\":\"BreadcrumbList\",\"@id\":\"https:\/\/radioactivegaming.eu\/produkt\/company-flag-pack\/#breadcrumb\",\"itemListElement\":[{\"@type\":\"ListItem\",\"position\":1,\"name\":\"Startseite\",\"item\":\"https:\/\/radioactivegaming.eu\/\"},{\"@type\":\"ListItem\",\"position\":2,\"name\":\"Shop\",\"item\":\"https:\/\/radioactivegaming.eu\/shop\/\"},{\"@type\":\"ListItem\",\"position\":3,\"name\":\"Company Flag Pack\"}]},{\"@type\":\"WebSite\",\"@id\":\"https:\/\/radioactivegaming.eu\/#website\",\"url\":\"https:\/\/radioactivegaming.eu\/\",\"name\":\"Radioactive Gaming\",\"description\":\"\",\"publisher\":{\"@id\":\"https:\/\/radioactivegaming.eu\/#organization\"},\"potentialAction\":[{\"@type\":\"SearchAction\",\"target\":{\"@type\":\"EntryPoint\",\"urlTemplate\":\"https:\/\/radioactivegaming.eu\/?s={search_term_string}\"},\"query-input\":{\"@type\":\"PropertyValueSpecification\",\"valueRequired\":true,\"valueName\":\"search_term_string\"}}],\"inLanguage\":\"es\"},{\"@type\":\"Organization\",\"@id\":\"https:\/\/radioactivegaming.eu\/#organization\",\"name\":\"Radioactive Gaming\",\"url\":\"https:\/\/radioactivegaming.eu\/\",\"logo\":{\"@type\":\"ImageObject\",\"inLanguage\":\"es\",\"@id\":\"https:\/\/radioactivegaming.eu\/#\/schema\/logo\/image\/\",\"url\":\"https:\/\/radioactivegaming.eu\/wp-content\/uploads\/2019\/12\/cropped-coin-2.png\",\"contentUrl\":\"https:\/\/radioactivegaming.eu\/wp-content\/uploads\/2019\/12\/cropped-coin-2.png\",\"width\":256,\"height\":256,\"caption\":\"Radioactive Gaming\"},\"image\":{\"@id\":\"https:\/\/radioactivegaming.eu\/#\/schema\/logo\/image\/\"},\"sameAs\":[\"https:\/\/www.youtube.com\/channel\/UCHAH-p_vfp_co-__TB4M14A\"]}]}<\/script>\n<!-- \/ Yoast SEO plugin. -->","yoast_head_json":{"title":"Paquete de banderas de empresa - Radioactive Gaming","description":"\u00bfQuiere tener sus propias banderas personalizadas para los m\u00e1stiles y la orilla? Entonces adquiera el paquete Bandera de empresa.","robots":{"index":"index","follow":"follow","max-snippet":"max-snippet:-1","max-image-preview":"max-image-preview:large","max-video-preview":"max-video-preview:-1"},"canonical":"https:\/\/radioactivegaming.eu\/es\/producto\/paquete-de-banderas-de-empresa\/","og_locale":"es_ES","og_type":"article","og_title":"Company Flag Pack - Radioactive Gaming","og_description":"Do you want to have your own customized flags for the masts & shore? Then get the Company Flag package.","og_url":"https:\/\/radioactivegaming.eu\/es\/producto\/paquete-de-banderas-de-empresa\/","og_site_name":"Radioactive Gaming","article_modified_time":"2022-12-25T14:42:25+00:00","og_image":[{"width":512,"height":512,"url":"https:\/\/radioactivegaming.eu\/wp-content\/uploads\/2022\/12\/2b1be42a846e84c8b328270d21652f2b5ef96754.png","type":"image\/png"}],"twitter_card":"summary_large_image","twitter_misc":{"Tiempo de lectura":"1 minuto"},"schema":{"@context":"https:\/\/schema.org","@graph":[{"@type":"WebPage","@id":"https:\/\/radioactivegaming.eu\/produkt\/company-flag-pack\/","url":"https:\/\/radioactivegaming.eu\/produkt\/company-flag-pack\/","name":"Paquete de banderas de empresa - Radioactive Gaming","isPartOf":{"@id":"https:\/\/radioactivegaming.eu\/#website"},"primaryImageOfPage":{"@id":"https:\/\/radioactivegaming.eu\/produkt\/company-flag-pack\/#primaryimage"},"image":{"@id":"https:\/\/radioactivegaming.eu\/produkt\/company-flag-pack\/#primaryimage"},"thumbnailUrl":"https:\/\/radioactivegaming.eu\/wp-content\/uploads\/2022\/12\/2b1be42a846e84c8b328270d21652f2b5ef96754.png","datePublished":"2022-12-25T13:06:31+00:00","dateModified":"2022-12-25T14:42:25+00:00","description":"\u00bfQuiere tener sus propias banderas personalizadas para los m\u00e1stiles y la orilla? Entonces adquiera el paquete Bandera de empresa.","breadcrumb":{"@id":"https:\/\/radioactivegaming.eu\/produkt\/company-flag-pack\/#breadcrumb"},"inLanguage":"es","potentialAction":[{"@type":"ReadAction","target":["https:\/\/radioactivegaming.eu\/produkt\/company-flag-pack\/"]}]},{"@type":"ImageObject","inLanguage":"es","@id":"https:\/\/radioactivegaming.eu\/produkt\/company-flag-pack\/#primaryimage","url":"https:\/\/radioactivegaming.eu\/wp-content\/uploads\/2022\/12\/2b1be42a846e84c8b328270d21652f2b5ef96754.png","contentUrl":"https:\/\/radioactivegaming.eu\/wp-content\/uploads\/2022\/12\/2b1be42a846e84c8b328270d21652f2b5ef96754.png","width":512,"height":512},{"@type":"BreadcrumbList","@id":"https:\/\/radioactivegaming.eu\/produkt\/company-flag-pack\/#breadcrumb","itemListElement":[{"@type":"ListItem","position":1,"name":"Startseite","item":"https:\/\/radioactivegaming.eu\/"},{"@type":"ListItem","position":2,"name":"Shop","item":"https:\/\/radioactivegaming.eu\/shop\/"},{"@type":"ListItem","position":3,"name":"Company Flag Pack"}]},{"@type":"WebSite","@id":"https:\/\/radioactivegaming.eu\/#website","url":"https:\/\/radioactivegaming.eu\/","name":"Juegos radioactivos","description":"","publisher":{"@id":"https:\/\/radioactivegaming.eu\/#organization"},"potentialAction":[{"@type":"SearchAction","target":{"@type":"EntryPoint","urlTemplate":"https:\/\/radioactivegaming.eu\/?s={search_term_string}"},"query-input":{"@type":"PropertyValueSpecification","valueRequired":true,"valueName":"search_term_string"}}],"inLanguage":"es"},{"@type":"Organization","@id":"https:\/\/radioactivegaming.eu\/#organization","name":"Juegos radioactivos","url":"https:\/\/radioactivegaming.eu\/","logo":{"@type":"ImageObject","inLanguage":"es","@id":"https:\/\/radioactivegaming.eu\/#\/schema\/logo\/image\/","url":"https:\/\/radioactivegaming.eu\/wp-content\/uploads\/2019\/12\/cropped-coin-2.png","contentUrl":"https:\/\/radioactivegaming.eu\/wp-content\/uploads\/2019\/12\/cropped-coin-2.png","width":256,"height":256,"caption":"Radioactive Gaming"},"image":{"@id":"https:\/\/radioactivegaming.eu\/#\/schema\/logo\/image\/"},"sameAs":["https:\/\/www.youtube.com\/channel\/UCHAH-p_vfp_co-__TB4M14A"]}]}},"jetpack_sharing_enabled":true,"_links":{"self":[{"href":"https:\/\/radioactivegaming.eu\/es\/wp-json\/wp\/v2\/product\/3978","targetHints":{"allow":["GET"]}}],"collection":[{"href":"https:\/\/radioactivegaming.eu\/es\/wp-json\/wp\/v2\/product"}],"about":[{"href":"https:\/\/radioactivegaming.eu\/es\/wp-json\/wp\/v2\/types\/product"}],"wp:featuredmedia":[{"embeddable":true,"href":"https:\/\/radioactivegaming.eu\/es\/wp-json\/wp\/v2\/media\/3979"}],"wp:attachment":[{"href":"https:\/\/radioactivegaming.eu\/es\/wp-json\/wp\/v2\/media?parent=3978"}],"wp:term":[{"taxonomy":"product_brand","embeddable":true,"href":"https:\/\/radioactivegaming.eu\/es\/wp-json\/wp\/v2\/product_brand?post=3978"},{"taxonomy":"product_cat","embeddable":true,"href":"https:\/\/radioactivegaming.eu\/es\/wp-json\/wp\/v2\/product_cat?post=3978"},{"taxonomy":"product_tag","embeddable":true,"href":"https:\/\/radioactivegaming.eu\/es\/wp-json\/wp\/v2\/product_tag?post=3978"}],"curies":[{"name":"wp","href":"https:\/\/api.w.org\/{rel}","templated":true}]}}