{"id":4035,"date":"2022-12-25T15:53:40","date_gmt":"2022-12-25T14:53:40","guid":{"rendered":"https:\/\/radioactivegaming.eu\/?post_type=product&#038;p=4035"},"modified":"2022-12-25T15:56:52","modified_gmt":"2022-12-25T14:56:52","slug":"caracter-renombrar-token","status":"publish","type":"product","link":"https:\/\/radioactivegaming.eu\/es\/producto\/caracter-renombrar-token\/","title":{"rendered":"Ficha de cambio de nombre de personaje"},"content":{"rendered":"<p><strong>Recibe 1 ficha de cambio de nombre de personaje<\/strong><br \/>\n<em><u>Presta atenci\u00f3n a la descripci\u00f3n del objeto si no sabes c\u00f3mo usarlo. Si consumes el objeto (\"E\"), lo perder\u00e1s, \u00a1as\u00ed que lee su descripci\u00f3n!<\/u><\/em><\/p>\n<p>Cuando consumas este \u00edtem, obtendr\u00e1s una ventana donde podr\u00e1s renombrar a tu personaje. Ten en cuenta lo siguiente antes de consumir este objeto:<\/p>\n<p>- Se le dar\u00e1 la patada en cuanto comience el proceso de cambio de nombre<\/p>\n<p>- \u00a1Tu personaje muere y su cad\u00e1ver es eliminado! Aseg\u00farate de que no tienes ning\u00fan objeto en tu inventario.<\/p>\n<p>- El proceso de cambio de nombre no puede detenerse.<\/p>\n<p>- Tu huella en el animal permanece, pero el antiguo nombre del personaje aparece en el animal.<\/p>\n<p>- Permaneces en la empresa, pero aparece el antiguo nombre del personaje.<\/p>","protected":false},"excerpt":{"rendered":"<p>Recibe 1 ficha de cambio de nombre de personaje. Presta atenci\u00f3n a la descripci\u00f3n del objeto si no sabes c\u00f3mo usarlo. Si consumes el objeto (\"E\"), lo perder\u00e1s, \u00a1as\u00ed que lee su descripci\u00f3n! Cuando consumas este \u00edtem, aparecer\u00e1 una ventana donde podr\u00e1s renombrar a tu personaje. Ten en cuenta lo siguiente antes de... <br \/> <a class=\"read-more\" href=\"https:\/\/radioactivegaming.eu\/es\/producto\/caracter-renombrar-token\/\">Seguir leyendo<\/a><\/p>","protected":false},"featured_media":4033,"template":"","meta":[],"product_brand":[],"product_cat":[99],"product_tag":[],"class_list":{"0":"post-4035","1":"product","2":"type-product","3":"status-publish","4":"has-post-thumbnail","6":"product_cat-misc","8":"first","9":"instock","10":"virtual","11":"purchasable","12":"product-type-simple"},"yoast_head":"<!-- This site is optimized with the Yoast SEO plugin v26.3 - https:\/\/yoast.com\/wordpress\/plugins\/seo\/ -->\n<title>Character Rename Token - Radioactive Gaming<\/title>\n<meta name=\"description\" content=\"Yes! You can change your character name!\" \/>\n<meta name=\"robots\" content=\"index, follow, max-snippet:-1, max-image-preview:large, max-video-preview:-1\" \/>\n<link rel=\"canonical\" href=\"https:\/\/radioactivegaming.eu\/es\/producto\/caracter-renombrar-token\/\" \/>\n<meta property=\"og:locale\" content=\"es_ES\" \/>\n<meta property=\"og:type\" content=\"article\" \/>\n<meta property=\"og:title\" content=\"Character Rename Token - Radioactive Gaming\" \/>\n<meta property=\"og:description\" content=\"Yes! You can change your character name!\" \/>\n<meta property=\"og:url\" content=\"https:\/\/radioactivegaming.eu\/es\/producto\/caracter-renombrar-token\/\" \/>\n<meta property=\"og:site_name\" content=\"Radioactive Gaming\" \/>\n<meta property=\"article:modified_time\" content=\"2022-12-25T14:56:52+00:00\" \/>\n<meta property=\"og:image\" content=\"https:\/\/radioactivegaming.eu\/wp-content\/uploads\/2022\/12\/a63dd85b7a9cbb3e01c7d1200e1b3ed1b69c2199.jpg\" \/>\n\t<meta property=\"og:image:width\" content=\"512\" \/>\n\t<meta property=\"og:image:height\" content=\"303\" \/>\n\t<meta property=\"og:image:type\" content=\"image\/jpeg\" \/>\n<meta name=\"twitter:card\" content=\"summary_large_image\" \/>\n<meta name=\"twitter:label1\" content=\"Tiempo de lectura\" \/>\n\t<meta name=\"twitter:data1\" content=\"1 minuto\" \/>\n<script type=\"application\/ld+json\" class=\"yoast-schema-graph\">{\"@context\":\"https:\/\/schema.org\",\"@graph\":[{\"@type\":\"WebPage\",\"@id\":\"https:\/\/radioactivegaming.eu\/produkt\/character-rename-token\/\",\"url\":\"https:\/\/radioactivegaming.eu\/produkt\/character-rename-token\/\",\"name\":\"Character Rename Token - Radioactive Gaming\",\"isPartOf\":{\"@id\":\"https:\/\/radioactivegaming.eu\/#website\"},\"primaryImageOfPage\":{\"@id\":\"https:\/\/radioactivegaming.eu\/produkt\/character-rename-token\/#primaryimage\"},\"image\":{\"@id\":\"https:\/\/radioactivegaming.eu\/produkt\/character-rename-token\/#primaryimage\"},\"thumbnailUrl\":\"https:\/\/radioactivegaming.eu\/wp-content\/uploads\/2022\/12\/a63dd85b7a9cbb3e01c7d1200e1b3ed1b69c2199.jpg\",\"datePublished\":\"2022-12-25T14:53:40+00:00\",\"dateModified\":\"2022-12-25T14:56:52+00:00\",\"description\":\"Yes! You can change your character name!\",\"breadcrumb\":{\"@id\":\"https:\/\/radioactivegaming.eu\/produkt\/character-rename-token\/#breadcrumb\"},\"inLanguage\":\"es\",\"potentialAction\":[{\"@type\":\"ReadAction\",\"target\":[\"https:\/\/radioactivegaming.eu\/produkt\/character-rename-token\/\"]}]},{\"@type\":\"ImageObject\",\"inLanguage\":\"es\",\"@id\":\"https:\/\/radioactivegaming.eu\/produkt\/character-rename-token\/#primaryimage\",\"url\":\"https:\/\/radioactivegaming.eu\/wp-content\/uploads\/2022\/12\/a63dd85b7a9cbb3e01c7d1200e1b3ed1b69c2199.jpg\",\"contentUrl\":\"https:\/\/radioactivegaming.eu\/wp-content\/uploads\/2022\/12\/a63dd85b7a9cbb3e01c7d1200e1b3ed1b69c2199.jpg\",\"width\":512,\"height\":303},{\"@type\":\"BreadcrumbList\",\"@id\":\"https:\/\/radioactivegaming.eu\/produkt\/character-rename-token\/#breadcrumb\",\"itemListElement\":[{\"@type\":\"ListItem\",\"position\":1,\"name\":\"Startseite\",\"item\":\"https:\/\/radioactivegaming.eu\/\"},{\"@type\":\"ListItem\",\"position\":2,\"name\":\"Shop\",\"item\":\"https:\/\/radioactivegaming.eu\/shop\/\"},{\"@type\":\"ListItem\",\"position\":3,\"name\":\"Character Rename Token\"}]},{\"@type\":\"WebSite\",\"@id\":\"https:\/\/radioactivegaming.eu\/#website\",\"url\":\"https:\/\/radioactivegaming.eu\/\",\"name\":\"Radioactive Gaming\",\"description\":\"\",\"publisher\":{\"@id\":\"https:\/\/radioactivegaming.eu\/#organization\"},\"potentialAction\":[{\"@type\":\"SearchAction\",\"target\":{\"@type\":\"EntryPoint\",\"urlTemplate\":\"https:\/\/radioactivegaming.eu\/?s={search_term_string}\"},\"query-input\":{\"@type\":\"PropertyValueSpecification\",\"valueRequired\":true,\"valueName\":\"search_term_string\"}}],\"inLanguage\":\"es\"},{\"@type\":\"Organization\",\"@id\":\"https:\/\/radioactivegaming.eu\/#organization\",\"name\":\"Radioactive Gaming\",\"url\":\"https:\/\/radioactivegaming.eu\/\",\"logo\":{\"@type\":\"ImageObject\",\"inLanguage\":\"es\",\"@id\":\"https:\/\/radioactivegaming.eu\/#\/schema\/logo\/image\/\",\"url\":\"https:\/\/radioactivegaming.eu\/wp-content\/uploads\/2019\/12\/cropped-coin-2.png\",\"contentUrl\":\"https:\/\/radioactivegaming.eu\/wp-content\/uploads\/2019\/12\/cropped-coin-2.png\",\"width\":256,\"height\":256,\"caption\":\"Radioactive Gaming\"},\"image\":{\"@id\":\"https:\/\/radioactivegaming.eu\/#\/schema\/logo\/image\/\"},\"sameAs\":[\"https:\/\/www.youtube.com\/channel\/UCHAH-p_vfp_co-__TB4M14A\"]}]}<\/script>\n<!-- \/ Yoast SEO plugin. -->","yoast_head_json":{"title":"Ficha de cambio de nombre de personaje - Radioactive Gaming","description":"\u00a1S\u00ed! Puedes cambiar el nombre de tu personaje.","robots":{"index":"index","follow":"follow","max-snippet":"max-snippet:-1","max-image-preview":"max-image-preview:large","max-video-preview":"max-video-preview:-1"},"canonical":"https:\/\/radioactivegaming.eu\/es\/producto\/caracter-renombrar-token\/","og_locale":"es_ES","og_type":"article","og_title":"Character Rename Token - Radioactive Gaming","og_description":"Yes! You can change your character name!","og_url":"https:\/\/radioactivegaming.eu\/es\/producto\/caracter-renombrar-token\/","og_site_name":"Radioactive Gaming","article_modified_time":"2022-12-25T14:56:52+00:00","og_image":[{"width":512,"height":303,"url":"https:\/\/radioactivegaming.eu\/wp-content\/uploads\/2022\/12\/a63dd85b7a9cbb3e01c7d1200e1b3ed1b69c2199.jpg","type":"image\/jpeg"}],"twitter_card":"summary_large_image","twitter_misc":{"Tiempo de lectura":"1 minuto"},"schema":{"@context":"https:\/\/schema.org","@graph":[{"@type":"WebPage","@id":"https:\/\/radioactivegaming.eu\/produkt\/character-rename-token\/","url":"https:\/\/radioactivegaming.eu\/produkt\/character-rename-token\/","name":"Ficha de cambio de nombre de personaje - Radioactive Gaming","isPartOf":{"@id":"https:\/\/radioactivegaming.eu\/#website"},"primaryImageOfPage":{"@id":"https:\/\/radioactivegaming.eu\/produkt\/character-rename-token\/#primaryimage"},"image":{"@id":"https:\/\/radioactivegaming.eu\/produkt\/character-rename-token\/#primaryimage"},"thumbnailUrl":"https:\/\/radioactivegaming.eu\/wp-content\/uploads\/2022\/12\/a63dd85b7a9cbb3e01c7d1200e1b3ed1b69c2199.jpg","datePublished":"2022-12-25T14:53:40+00:00","dateModified":"2022-12-25T14:56:52+00:00","description":"\u00a1S\u00ed! Puedes cambiar el nombre de tu personaje.","breadcrumb":{"@id":"https:\/\/radioactivegaming.eu\/produkt\/character-rename-token\/#breadcrumb"},"inLanguage":"es","potentialAction":[{"@type":"ReadAction","target":["https:\/\/radioactivegaming.eu\/produkt\/character-rename-token\/"]}]},{"@type":"ImageObject","inLanguage":"es","@id":"https:\/\/radioactivegaming.eu\/produkt\/character-rename-token\/#primaryimage","url":"https:\/\/radioactivegaming.eu\/wp-content\/uploads\/2022\/12\/a63dd85b7a9cbb3e01c7d1200e1b3ed1b69c2199.jpg","contentUrl":"https:\/\/radioactivegaming.eu\/wp-content\/uploads\/2022\/12\/a63dd85b7a9cbb3e01c7d1200e1b3ed1b69c2199.jpg","width":512,"height":303},{"@type":"BreadcrumbList","@id":"https:\/\/radioactivegaming.eu\/produkt\/character-rename-token\/#breadcrumb","itemListElement":[{"@type":"ListItem","position":1,"name":"Startseite","item":"https:\/\/radioactivegaming.eu\/"},{"@type":"ListItem","position":2,"name":"Shop","item":"https:\/\/radioactivegaming.eu\/shop\/"},{"@type":"ListItem","position":3,"name":"Character Rename Token"}]},{"@type":"WebSite","@id":"https:\/\/radioactivegaming.eu\/#website","url":"https:\/\/radioactivegaming.eu\/","name":"Juegos radioactivos","description":"","publisher":{"@id":"https:\/\/radioactivegaming.eu\/#organization"},"potentialAction":[{"@type":"SearchAction","target":{"@type":"EntryPoint","urlTemplate":"https:\/\/radioactivegaming.eu\/?s={search_term_string}"},"query-input":{"@type":"PropertyValueSpecification","valueRequired":true,"valueName":"search_term_string"}}],"inLanguage":"es"},{"@type":"Organization","@id":"https:\/\/radioactivegaming.eu\/#organization","name":"Juegos radioactivos","url":"https:\/\/radioactivegaming.eu\/","logo":{"@type":"ImageObject","inLanguage":"es","@id":"https:\/\/radioactivegaming.eu\/#\/schema\/logo\/image\/","url":"https:\/\/radioactivegaming.eu\/wp-content\/uploads\/2019\/12\/cropped-coin-2.png","contentUrl":"https:\/\/radioactivegaming.eu\/wp-content\/uploads\/2019\/12\/cropped-coin-2.png","width":256,"height":256,"caption":"Radioactive Gaming"},"image":{"@id":"https:\/\/radioactivegaming.eu\/#\/schema\/logo\/image\/"},"sameAs":["https:\/\/www.youtube.com\/channel\/UCHAH-p_vfp_co-__TB4M14A"]}]}},"jetpack_sharing_enabled":true,"_links":{"self":[{"href":"https:\/\/radioactivegaming.eu\/es\/wp-json\/wp\/v2\/product\/4035","targetHints":{"allow":["GET"]}}],"collection":[{"href":"https:\/\/radioactivegaming.eu\/es\/wp-json\/wp\/v2\/product"}],"about":[{"href":"https:\/\/radioactivegaming.eu\/es\/wp-json\/wp\/v2\/types\/product"}],"wp:featuredmedia":[{"embeddable":true,"href":"https:\/\/radioactivegaming.eu\/es\/wp-json\/wp\/v2\/media\/4033"}],"wp:attachment":[{"href":"https:\/\/radioactivegaming.eu\/es\/wp-json\/wp\/v2\/media?parent=4035"}],"wp:term":[{"taxonomy":"product_brand","embeddable":true,"href":"https:\/\/radioactivegaming.eu\/es\/wp-json\/wp\/v2\/product_brand?post=4035"},{"taxonomy":"product_cat","embeddable":true,"href":"https:\/\/radioactivegaming.eu\/es\/wp-json\/wp\/v2\/product_cat?post=4035"},{"taxonomy":"product_tag","embeddable":true,"href":"https:\/\/radioactivegaming.eu\/es\/wp-json\/wp\/v2\/product_tag?post=4035"}],"curies":[{"name":"wp","href":"https:\/\/api.w.org\/{rel}","templated":true}]}}