{"id":4126,"date":"2022-12-26T19:27:58","date_gmt":"2022-12-26T18:27:58","guid":{"rendered":"https:\/\/radioactivegaming.eu\/?post_type=product&#038;p=4126"},"modified":"2024-05-03T17:57:39","modified_gmt":"2024-05-03T15:57:39","slug":"mascara-demoniaca-verde","status":"publish","type":"product","link":"https:\/\/radioactivegaming.eu\/es\/producto\/mascara-demoniaca-verde\/","title":{"rendered":"M\u00e1scara demon\u00edaca (verde)"},"content":{"rendered":"<p>Consigue 1 cabeza de figura de M\u00e1scara demon\u00edaca (verde)<\/p>","protected":false},"excerpt":{"rendered":"<p>Consigue 1 cabeza de figura de M\u00e1scara demon\u00edaca (verde)<\/p>","protected":false},"featured_media":4128,"template":"","meta":[],"product_brand":[],"product_cat":[103],"product_tag":[],"class_list":{"0":"post-4126","1":"product","2":"type-product","3":"status-publish","4":"has-post-thumbnail","6":"product_cat-figure-heads","8":"first","9":"outofstock","10":"virtual","11":"purchasable","12":"product-type-simple"},"yoast_head":"<!-- This site is optimized with the Yoast SEO plugin v26.3 - https:\/\/yoast.com\/wordpress\/plugins\/seo\/ -->\n<title>Demonic Mask (Green) - Radioactive Gaming<\/title>\n<meta name=\"description\" content=\"Get 1 Demonic Mask (Green) Figure Head!\" \/>\n<meta name=\"robots\" content=\"index, follow, max-snippet:-1, max-image-preview:large, max-video-preview:-1\" \/>\n<link rel=\"canonical\" href=\"https:\/\/radioactivegaming.eu\/es\/producto\/mascara-demoniaca-verde\/\" \/>\n<meta property=\"og:locale\" content=\"es_ES\" \/>\n<meta property=\"og:type\" content=\"article\" \/>\n<meta property=\"og:title\" content=\"Demonic Mask (Green) - Radioactive Gaming\" \/>\n<meta property=\"og:description\" content=\"Get 1 Demonic Mask (Green) Figure Head!\" \/>\n<meta property=\"og:url\" content=\"https:\/\/radioactivegaming.eu\/es\/producto\/mascara-demoniaca-verde\/\" \/>\n<meta property=\"og:site_name\" content=\"Radioactive Gaming\" \/>\n<meta property=\"article:modified_time\" content=\"2024-05-03T15:57:39+00:00\" \/>\n<meta property=\"og:image\" content=\"https:\/\/radioactivegaming.eu\/wp-content\/uploads\/2022\/12\/5abe99bb8133a3105c83961a5696c2dac6260076.jpg\" \/>\n\t<meta property=\"og:image:width\" content=\"570\" \/>\n\t<meta property=\"og:image:height\" content=\"321\" \/>\n\t<meta property=\"og:image:type\" content=\"image\/jpeg\" \/>\n<meta name=\"twitter:card\" content=\"summary_large_image\" \/>\n<meta name=\"twitter:label1\" content=\"Tiempo de lectura\" \/>\n\t<meta name=\"twitter:data1\" content=\"1 minuto\" \/>\n<script type=\"application\/ld+json\" class=\"yoast-schema-graph\">{\"@context\":\"https:\/\/schema.org\",\"@graph\":[{\"@type\":\"WebPage\",\"@id\":\"https:\/\/radioactivegaming.eu\/produkt\/demonic-mask-green\/\",\"url\":\"https:\/\/radioactivegaming.eu\/produkt\/demonic-mask-green\/\",\"name\":\"Demonic Mask (Green) - Radioactive Gaming\",\"isPartOf\":{\"@id\":\"https:\/\/radioactivegaming.eu\/#website\"},\"primaryImageOfPage\":{\"@id\":\"https:\/\/radioactivegaming.eu\/produkt\/demonic-mask-green\/#primaryimage\"},\"image\":{\"@id\":\"https:\/\/radioactivegaming.eu\/produkt\/demonic-mask-green\/#primaryimage\"},\"thumbnailUrl\":\"https:\/\/radioactivegaming.eu\/wp-content\/uploads\/2022\/12\/5abe99bb8133a3105c83961a5696c2dac6260076.jpg\",\"datePublished\":\"2022-12-26T18:27:58+00:00\",\"dateModified\":\"2024-05-03T15:57:39+00:00\",\"description\":\"Get 1 Demonic Mask (Green) Figure Head!\",\"breadcrumb\":{\"@id\":\"https:\/\/radioactivegaming.eu\/produkt\/demonic-mask-green\/#breadcrumb\"},\"inLanguage\":\"es\",\"potentialAction\":[{\"@type\":\"ReadAction\",\"target\":[\"https:\/\/radioactivegaming.eu\/produkt\/demonic-mask-green\/\"]}]},{\"@type\":\"ImageObject\",\"inLanguage\":\"es\",\"@id\":\"https:\/\/radioactivegaming.eu\/produkt\/demonic-mask-green\/#primaryimage\",\"url\":\"https:\/\/radioactivegaming.eu\/wp-content\/uploads\/2022\/12\/5abe99bb8133a3105c83961a5696c2dac6260076.jpg\",\"contentUrl\":\"https:\/\/radioactivegaming.eu\/wp-content\/uploads\/2022\/12\/5abe99bb8133a3105c83961a5696c2dac6260076.jpg\",\"width\":570,\"height\":321},{\"@type\":\"BreadcrumbList\",\"@id\":\"https:\/\/radioactivegaming.eu\/produkt\/demonic-mask-green\/#breadcrumb\",\"itemListElement\":[{\"@type\":\"ListItem\",\"position\":1,\"name\":\"Startseite\",\"item\":\"https:\/\/radioactivegaming.eu\/\"},{\"@type\":\"ListItem\",\"position\":2,\"name\":\"Shop\",\"item\":\"https:\/\/radioactivegaming.eu\/shop\/\"},{\"@type\":\"ListItem\",\"position\":3,\"name\":\"Demonic Mask (Green)\"}]},{\"@type\":\"WebSite\",\"@id\":\"https:\/\/radioactivegaming.eu\/#website\",\"url\":\"https:\/\/radioactivegaming.eu\/\",\"name\":\"Radioactive Gaming\",\"description\":\"\",\"publisher\":{\"@id\":\"https:\/\/radioactivegaming.eu\/#organization\"},\"potentialAction\":[{\"@type\":\"SearchAction\",\"target\":{\"@type\":\"EntryPoint\",\"urlTemplate\":\"https:\/\/radioactivegaming.eu\/?s={search_term_string}\"},\"query-input\":{\"@type\":\"PropertyValueSpecification\",\"valueRequired\":true,\"valueName\":\"search_term_string\"}}],\"inLanguage\":\"es\"},{\"@type\":\"Organization\",\"@id\":\"https:\/\/radioactivegaming.eu\/#organization\",\"name\":\"Radioactive Gaming\",\"url\":\"https:\/\/radioactivegaming.eu\/\",\"logo\":{\"@type\":\"ImageObject\",\"inLanguage\":\"es\",\"@id\":\"https:\/\/radioactivegaming.eu\/#\/schema\/logo\/image\/\",\"url\":\"https:\/\/radioactivegaming.eu\/wp-content\/uploads\/2019\/12\/cropped-coin-2.png\",\"contentUrl\":\"https:\/\/radioactivegaming.eu\/wp-content\/uploads\/2019\/12\/cropped-coin-2.png\",\"width\":256,\"height\":256,\"caption\":\"Radioactive Gaming\"},\"image\":{\"@id\":\"https:\/\/radioactivegaming.eu\/#\/schema\/logo\/image\/\"},\"sameAs\":[\"https:\/\/www.youtube.com\/channel\/UCHAH-p_vfp_co-__TB4M14A\"]}]}<\/script>\n<!-- \/ Yoast SEO plugin. -->","yoast_head_json":{"title":"M\u00e1scara demon\u00edaca (Verde) - Radioactive Gaming","description":"Consigue 1 cabeza de figura de M\u00e1scara demon\u00edaca (verde)","robots":{"index":"index","follow":"follow","max-snippet":"max-snippet:-1","max-image-preview":"max-image-preview:large","max-video-preview":"max-video-preview:-1"},"canonical":"https:\/\/radioactivegaming.eu\/es\/producto\/mascara-demoniaca-verde\/","og_locale":"es_ES","og_type":"article","og_title":"Demonic Mask (Green) - Radioactive Gaming","og_description":"Get 1 Demonic Mask (Green) Figure Head!","og_url":"https:\/\/radioactivegaming.eu\/es\/producto\/mascara-demoniaca-verde\/","og_site_name":"Radioactive Gaming","article_modified_time":"2024-05-03T15:57:39+00:00","og_image":[{"width":570,"height":321,"url":"https:\/\/radioactivegaming.eu\/wp-content\/uploads\/2022\/12\/5abe99bb8133a3105c83961a5696c2dac6260076.jpg","type":"image\/jpeg"}],"twitter_card":"summary_large_image","twitter_misc":{"Tiempo de lectura":"1 minuto"},"schema":{"@context":"https:\/\/schema.org","@graph":[{"@type":"WebPage","@id":"https:\/\/radioactivegaming.eu\/produkt\/demonic-mask-green\/","url":"https:\/\/radioactivegaming.eu\/produkt\/demonic-mask-green\/","name":"M\u00e1scara demon\u00edaca (Verde) - Radioactive Gaming","isPartOf":{"@id":"https:\/\/radioactivegaming.eu\/#website"},"primaryImageOfPage":{"@id":"https:\/\/radioactivegaming.eu\/produkt\/demonic-mask-green\/#primaryimage"},"image":{"@id":"https:\/\/radioactivegaming.eu\/produkt\/demonic-mask-green\/#primaryimage"},"thumbnailUrl":"https:\/\/radioactivegaming.eu\/wp-content\/uploads\/2022\/12\/5abe99bb8133a3105c83961a5696c2dac6260076.jpg","datePublished":"2022-12-26T18:27:58+00:00","dateModified":"2024-05-03T15:57:39+00:00","description":"Consigue 1 cabeza de figura de M\u00e1scara demon\u00edaca (verde)","breadcrumb":{"@id":"https:\/\/radioactivegaming.eu\/produkt\/demonic-mask-green\/#breadcrumb"},"inLanguage":"es","potentialAction":[{"@type":"ReadAction","target":["https:\/\/radioactivegaming.eu\/produkt\/demonic-mask-green\/"]}]},{"@type":"ImageObject","inLanguage":"es","@id":"https:\/\/radioactivegaming.eu\/produkt\/demonic-mask-green\/#primaryimage","url":"https:\/\/radioactivegaming.eu\/wp-content\/uploads\/2022\/12\/5abe99bb8133a3105c83961a5696c2dac6260076.jpg","contentUrl":"https:\/\/radioactivegaming.eu\/wp-content\/uploads\/2022\/12\/5abe99bb8133a3105c83961a5696c2dac6260076.jpg","width":570,"height":321},{"@type":"BreadcrumbList","@id":"https:\/\/radioactivegaming.eu\/produkt\/demonic-mask-green\/#breadcrumb","itemListElement":[{"@type":"ListItem","position":1,"name":"Startseite","item":"https:\/\/radioactivegaming.eu\/"},{"@type":"ListItem","position":2,"name":"Shop","item":"https:\/\/radioactivegaming.eu\/shop\/"},{"@type":"ListItem","position":3,"name":"Demonic Mask (Green)"}]},{"@type":"WebSite","@id":"https:\/\/radioactivegaming.eu\/#website","url":"https:\/\/radioactivegaming.eu\/","name":"Juegos radioactivos","description":"","publisher":{"@id":"https:\/\/radioactivegaming.eu\/#organization"},"potentialAction":[{"@type":"SearchAction","target":{"@type":"EntryPoint","urlTemplate":"https:\/\/radioactivegaming.eu\/?s={search_term_string}"},"query-input":{"@type":"PropertyValueSpecification","valueRequired":true,"valueName":"search_term_string"}}],"inLanguage":"es"},{"@type":"Organization","@id":"https:\/\/radioactivegaming.eu\/#organization","name":"Juegos radioactivos","url":"https:\/\/radioactivegaming.eu\/","logo":{"@type":"ImageObject","inLanguage":"es","@id":"https:\/\/radioactivegaming.eu\/#\/schema\/logo\/image\/","url":"https:\/\/radioactivegaming.eu\/wp-content\/uploads\/2019\/12\/cropped-coin-2.png","contentUrl":"https:\/\/radioactivegaming.eu\/wp-content\/uploads\/2019\/12\/cropped-coin-2.png","width":256,"height":256,"caption":"Radioactive Gaming"},"image":{"@id":"https:\/\/radioactivegaming.eu\/#\/schema\/logo\/image\/"},"sameAs":["https:\/\/www.youtube.com\/channel\/UCHAH-p_vfp_co-__TB4M14A"]}]}},"jetpack_sharing_enabled":true,"_links":{"self":[{"href":"https:\/\/radioactivegaming.eu\/es\/wp-json\/wp\/v2\/product\/4126","targetHints":{"allow":["GET"]}}],"collection":[{"href":"https:\/\/radioactivegaming.eu\/es\/wp-json\/wp\/v2\/product"}],"about":[{"href":"https:\/\/radioactivegaming.eu\/es\/wp-json\/wp\/v2\/types\/product"}],"wp:featuredmedia":[{"embeddable":true,"href":"https:\/\/radioactivegaming.eu\/es\/wp-json\/wp\/v2\/media\/4128"}],"wp:attachment":[{"href":"https:\/\/radioactivegaming.eu\/es\/wp-json\/wp\/v2\/media?parent=4126"}],"wp:term":[{"taxonomy":"product_brand","embeddable":true,"href":"https:\/\/radioactivegaming.eu\/es\/wp-json\/wp\/v2\/product_brand?post=4126"},{"taxonomy":"product_cat","embeddable":true,"href":"https:\/\/radioactivegaming.eu\/es\/wp-json\/wp\/v2\/product_cat?post=4126"},{"taxonomy":"product_tag","embeddable":true,"href":"https:\/\/radioactivegaming.eu\/es\/wp-json\/wp\/v2\/product_tag?post=4126"}],"curies":[{"name":"wp","href":"https:\/\/api.w.org\/{rel}","templated":true}]}}