{"id":4989,"date":"2023-11-02T09:17:51","date_gmt":"2023-11-02T08:17:51","guid":{"rendered":"https:\/\/radioactivegaming.eu\/?post_type=product&#038;p=4989"},"modified":"2023-11-02T09:23:26","modified_gmt":"2023-11-02T08:23:26","slug":"valentine-ship-cannon-skin-copy-2","status":"publish","type":"product","link":"https:\/\/radioactivegaming.eu\/es\/producto\/valentine-ship-cannon-skin-copy-2\/","title":{"rendered":"Piel de ca\u00f1\u00f3n de calabaza"},"content":{"rendered":"<p>Consigue 1 carcasa de ca\u00f1\u00f3n de calabaza<br \/>\nCon esta skin, el rastro de la bala de ca\u00f1\u00f3n cambia visualmente con el color de la regi\u00f3n de color 1 del ca\u00f1\u00f3n.<\/p>","protected":false},"excerpt":{"rendered":"<p>Erhalte 1 Pumpkin Ship Cannon Skin! Mit diesem Skins \u00e4ndert sich der Trail Kanonenkugel optisch mit der Farbe der Farbregion 1 der Kanone!<\/p>","protected":false},"featured_media":0,"template":"","meta":[],"product_brand":[],"product_cat":[122],"product_tag":[],"class_list":{"0":"post-4989","1":"product","2":"type-product","3":"status-publish","5":"product_cat-saisonales","7":"first","8":"instock","9":"virtual","10":"purchasable","11":"product-type-simple"},"yoast_head":"<!-- This site is optimized with the Yoast SEO plugin v26.3 - https:\/\/yoast.com\/wordpress\/plugins\/seo\/ -->\n<title>Pumpkin Ship Cannon Skin - Radioactive Gaming<\/title>\n<meta name=\"description\" content=\"Erhalte 1 Halloween Ship Cannon Skin!\" \/>\n<meta name=\"robots\" content=\"index, follow, max-snippet:-1, max-image-preview:large, max-video-preview:-1\" \/>\n<link rel=\"canonical\" href=\"https:\/\/radioactivegaming.eu\/es\/producto\/valentine-ship-cannon-skin-copy-2\/\" \/>\n<meta property=\"og:locale\" content=\"es_ES\" \/>\n<meta property=\"og:type\" content=\"article\" \/>\n<meta property=\"og:title\" content=\"Pumpkin Ship Cannon Skin - Radioactive Gaming\" \/>\n<meta property=\"og:description\" content=\"Erhalte 1 Halloween Ship Cannon Skin!\" \/>\n<meta property=\"og:url\" content=\"https:\/\/radioactivegaming.eu\/es\/producto\/valentine-ship-cannon-skin-copy-2\/\" \/>\n<meta property=\"og:site_name\" content=\"Radioactive Gaming\" \/>\n<meta property=\"article:modified_time\" content=\"2023-11-02T08:23:26+00:00\" \/>\n<meta name=\"twitter:card\" content=\"summary_large_image\" \/>\n<meta name=\"twitter:label1\" content=\"Tiempo de lectura\" \/>\n\t<meta name=\"twitter:data1\" content=\"1 minuto\" \/>\n<script type=\"application\/ld+json\" class=\"yoast-schema-graph\">{\"@context\":\"https:\/\/schema.org\",\"@graph\":[{\"@type\":\"WebPage\",\"@id\":\"https:\/\/radioactivegaming.eu\/produkt\/halloween-ship-cannon-skin\/\",\"url\":\"https:\/\/radioactivegaming.eu\/produkt\/halloween-ship-cannon-skin\/\",\"name\":\"Pumpkin Ship Cannon Skin - Radioactive Gaming\",\"isPartOf\":{\"@id\":\"https:\/\/radioactivegaming.eu\/#website\"},\"datePublished\":\"2023-11-02T08:17:51+00:00\",\"dateModified\":\"2023-11-02T08:23:26+00:00\",\"description\":\"Erhalte 1 Halloween Ship Cannon Skin!\",\"breadcrumb\":{\"@id\":\"https:\/\/radioactivegaming.eu\/produkt\/halloween-ship-cannon-skin\/#breadcrumb\"},\"inLanguage\":\"es\",\"potentialAction\":[{\"@type\":\"ReadAction\",\"target\":[\"https:\/\/radioactivegaming.eu\/produkt\/halloween-ship-cannon-skin\/\"]}]},{\"@type\":\"BreadcrumbList\",\"@id\":\"https:\/\/radioactivegaming.eu\/produkt\/halloween-ship-cannon-skin\/#breadcrumb\",\"itemListElement\":[{\"@type\":\"ListItem\",\"position\":1,\"name\":\"Startseite\",\"item\":\"https:\/\/radioactivegaming.eu\/\"},{\"@type\":\"ListItem\",\"position\":2,\"name\":\"Shop\",\"item\":\"https:\/\/radioactivegaming.eu\/shop\/\"},{\"@type\":\"ListItem\",\"position\":3,\"name\":\"Pumpkin Ship Cannon Skin\"}]},{\"@type\":\"WebSite\",\"@id\":\"https:\/\/radioactivegaming.eu\/#website\",\"url\":\"https:\/\/radioactivegaming.eu\/\",\"name\":\"Radioactive Gaming\",\"description\":\"\",\"publisher\":{\"@id\":\"https:\/\/radioactivegaming.eu\/#organization\"},\"potentialAction\":[{\"@type\":\"SearchAction\",\"target\":{\"@type\":\"EntryPoint\",\"urlTemplate\":\"https:\/\/radioactivegaming.eu\/?s={search_term_string}\"},\"query-input\":{\"@type\":\"PropertyValueSpecification\",\"valueRequired\":true,\"valueName\":\"search_term_string\"}}],\"inLanguage\":\"es\"},{\"@type\":\"Organization\",\"@id\":\"https:\/\/radioactivegaming.eu\/#organization\",\"name\":\"Radioactive Gaming\",\"url\":\"https:\/\/radioactivegaming.eu\/\",\"logo\":{\"@type\":\"ImageObject\",\"inLanguage\":\"es\",\"@id\":\"https:\/\/radioactivegaming.eu\/#\/schema\/logo\/image\/\",\"url\":\"https:\/\/radioactivegaming.eu\/wp-content\/uploads\/2019\/12\/cropped-coin-2.png\",\"contentUrl\":\"https:\/\/radioactivegaming.eu\/wp-content\/uploads\/2019\/12\/cropped-coin-2.png\",\"width\":256,\"height\":256,\"caption\":\"Radioactive Gaming\"},\"image\":{\"@id\":\"https:\/\/radioactivegaming.eu\/#\/schema\/logo\/image\/\"},\"sameAs\":[\"https:\/\/www.youtube.com\/channel\/UCHAH-p_vfp_co-__TB4M14A\"]}]}<\/script>\n<!-- \/ Yoast SEO plugin. -->","yoast_head_json":{"title":"Piel de ca\u00f1\u00f3n de barco calabaza - Radioactive Gaming","description":"\u00a1Consigue 1 skin de ca\u00f1\u00f3n de nave de Halloween!","robots":{"index":"index","follow":"follow","max-snippet":"max-snippet:-1","max-image-preview":"max-image-preview:large","max-video-preview":"max-video-preview:-1"},"canonical":"https:\/\/radioactivegaming.eu\/es\/producto\/valentine-ship-cannon-skin-copy-2\/","og_locale":"es_ES","og_type":"article","og_title":"Pumpkin Ship Cannon Skin - Radioactive Gaming","og_description":"Erhalte 1 Halloween Ship Cannon Skin!","og_url":"https:\/\/radioactivegaming.eu\/es\/producto\/valentine-ship-cannon-skin-copy-2\/","og_site_name":"Radioactive Gaming","article_modified_time":"2023-11-02T08:23:26+00:00","twitter_card":"summary_large_image","twitter_misc":{"Tiempo de lectura":"1 minuto"},"schema":{"@context":"https:\/\/schema.org","@graph":[{"@type":"WebPage","@id":"https:\/\/radioactivegaming.eu\/produkt\/halloween-ship-cannon-skin\/","url":"https:\/\/radioactivegaming.eu\/produkt\/halloween-ship-cannon-skin\/","name":"Piel de ca\u00f1\u00f3n de barco calabaza - Radioactive Gaming","isPartOf":{"@id":"https:\/\/radioactivegaming.eu\/#website"},"datePublished":"2023-11-02T08:17:51+00:00","dateModified":"2023-11-02T08:23:26+00:00","description":"\u00a1Consigue 1 skin de ca\u00f1\u00f3n de nave de Halloween!","breadcrumb":{"@id":"https:\/\/radioactivegaming.eu\/produkt\/halloween-ship-cannon-skin\/#breadcrumb"},"inLanguage":"es","potentialAction":[{"@type":"ReadAction","target":["https:\/\/radioactivegaming.eu\/produkt\/halloween-ship-cannon-skin\/"]}]},{"@type":"BreadcrumbList","@id":"https:\/\/radioactivegaming.eu\/produkt\/halloween-ship-cannon-skin\/#breadcrumb","itemListElement":[{"@type":"ListItem","position":1,"name":"Startseite","item":"https:\/\/radioactivegaming.eu\/"},{"@type":"ListItem","position":2,"name":"Shop","item":"https:\/\/radioactivegaming.eu\/shop\/"},{"@type":"ListItem","position":3,"name":"Pumpkin Ship Cannon Skin"}]},{"@type":"WebSite","@id":"https:\/\/radioactivegaming.eu\/#website","url":"https:\/\/radioactivegaming.eu\/","name":"Juegos radioactivos","description":"","publisher":{"@id":"https:\/\/radioactivegaming.eu\/#organization"},"potentialAction":[{"@type":"SearchAction","target":{"@type":"EntryPoint","urlTemplate":"https:\/\/radioactivegaming.eu\/?s={search_term_string}"},"query-input":{"@type":"PropertyValueSpecification","valueRequired":true,"valueName":"search_term_string"}}],"inLanguage":"es"},{"@type":"Organization","@id":"https:\/\/radioactivegaming.eu\/#organization","name":"Juegos radioactivos","url":"https:\/\/radioactivegaming.eu\/","logo":{"@type":"ImageObject","inLanguage":"es","@id":"https:\/\/radioactivegaming.eu\/#\/schema\/logo\/image\/","url":"https:\/\/radioactivegaming.eu\/wp-content\/uploads\/2019\/12\/cropped-coin-2.png","contentUrl":"https:\/\/radioactivegaming.eu\/wp-content\/uploads\/2019\/12\/cropped-coin-2.png","width":256,"height":256,"caption":"Radioactive Gaming"},"image":{"@id":"https:\/\/radioactivegaming.eu\/#\/schema\/logo\/image\/"},"sameAs":["https:\/\/www.youtube.com\/channel\/UCHAH-p_vfp_co-__TB4M14A"]}]}},"jetpack_sharing_enabled":true,"_links":{"self":[{"href":"https:\/\/radioactivegaming.eu\/es\/wp-json\/wp\/v2\/product\/4989","targetHints":{"allow":["GET"]}}],"collection":[{"href":"https:\/\/radioactivegaming.eu\/es\/wp-json\/wp\/v2\/product"}],"about":[{"href":"https:\/\/radioactivegaming.eu\/es\/wp-json\/wp\/v2\/types\/product"}],"wp:attachment":[{"href":"https:\/\/radioactivegaming.eu\/es\/wp-json\/wp\/v2\/media?parent=4989"}],"wp:term":[{"taxonomy":"product_brand","embeddable":true,"href":"https:\/\/radioactivegaming.eu\/es\/wp-json\/wp\/v2\/product_brand?post=4989"},{"taxonomy":"product_cat","embeddable":true,"href":"https:\/\/radioactivegaming.eu\/es\/wp-json\/wp\/v2\/product_cat?post=4989"},{"taxonomy":"product_tag","embeddable":true,"href":"https:\/\/radioactivegaming.eu\/es\/wp-json\/wp\/v2\/product_tag?post=4989"}],"curies":[{"name":"wp","href":"https:\/\/api.w.org\/{rel}","templated":true}]}}