{"id":5031,"date":"2023-11-03T17:55:06","date_gmt":"2023-11-03T16:55:06","guid":{"rendered":"https:\/\/radioactivegaming.eu\/?post_type=product&#038;p=5031"},"modified":"2025-10-24T21:00:51","modified_gmt":"2025-10-24T19:00:51","slug":"cosecha-boost-6","status":"publish","type":"product","link":"https:\/\/radioactivegaming.eu\/es\/producto\/cosecha-boost-6\/","title":{"rendered":"Impulso de cosecha de 2h (x1,5) (Ark)"},"content":{"rendered":"<p>\u00a1Consigue 2 horas de Mejora de cosecha (x1,5) para el servidor en el que lo actives!<\/p>\n<p><strong>Importante:<\/strong>\u00a0El efecto respectivo es para\u00a0<strong>todos activos en el mapa<\/strong>los jugadores que se unan m\u00e1s tarde, adem\u00e1s, aparecer\u00e1 un mensaje en Discord y en el juego cuando enciendas un boost para un servidor.<\/p>","protected":false},"excerpt":{"rendered":"<p>\u00a1Consigue 2 horas de Harvesting Boost (x1.5) para el servidor en el que lo actives! \u00a1Importante: El efecto respectivo est\u00e1 activo para todos en el mapa, incluso los jugadores que se unen m\u00e1s tarde, adem\u00e1s, un mensaje aparece en el Discord y en el juego cuando se enciende un impulso para un servidor!<\/p>","protected":false},"featured_media":5638,"template":"","meta":[],"product_brand":[],"product_cat":[132],"product_tag":[94,96],"class_list":{"0":"post-5031","1":"product","2":"type-product","3":"status-publish","4":"has-post-thumbnail","6":"product_cat-booster-ark","7":"product_tag-boost","8":"product_tag-harvesting","10":"first","11":"instock","12":"virtual","13":"purchasable","14":"product-type-simple"},"yoast_head":"<!-- This site is optimized with the Yoast SEO plugin v26.3 - https:\/\/yoast.com\/wordpress\/plugins\/seo\/ -->\n<title>2h Harvesting Boost (x1.5) (Ark) - Radioactive Gaming<\/title>\n<meta name=\"description\" content=\"Get 2 hours of Harvesting Boost (x1.5) for the grid you activate this in!\" \/>\n<meta name=\"robots\" content=\"index, follow, max-snippet:-1, max-image-preview:large, max-video-preview:-1\" \/>\n<link rel=\"canonical\" href=\"https:\/\/radioactivegaming.eu\/es\/producto\/cosecha-boost-6\/\" \/>\n<meta property=\"og:locale\" content=\"es_ES\" \/>\n<meta property=\"og:type\" content=\"article\" \/>\n<meta property=\"og:title\" content=\"2h Harvesting Boost (x1.5) (Ark) - Radioactive Gaming\" \/>\n<meta property=\"og:description\" content=\"Get 2 hours of Harvesting Boost (x1.5) for the grid you activate this in!\" \/>\n<meta property=\"og:url\" content=\"https:\/\/radioactivegaming.eu\/es\/producto\/cosecha-boost-6\/\" \/>\n<meta property=\"og:site_name\" content=\"Radioactive Gaming\" \/>\n<meta property=\"article:modified_time\" content=\"2025-10-24T19:00:51+00:00\" \/>\n<meta property=\"og:image\" content=\"https:\/\/radioactivegaming.eu\/wp-content\/uploads\/2023\/11\/HarvestingArk-1.png\" \/>\n\t<meta property=\"og:image:width\" content=\"570\" \/>\n\t<meta property=\"og:image:height\" content=\"380\" \/>\n\t<meta property=\"og:image:type\" content=\"image\/png\" \/>\n<meta name=\"twitter:card\" content=\"summary_large_image\" \/>\n<meta name=\"twitter:label1\" content=\"Tiempo de lectura\" \/>\n\t<meta name=\"twitter:data1\" content=\"1 minuto\" \/>\n<script type=\"application\/ld+json\" class=\"yoast-schema-graph\">{\"@context\":\"https:\/\/schema.org\",\"@graph\":[{\"@type\":\"WebPage\",\"@id\":\"https:\/\/radioactivegaming.eu\/produkt\/2h-harvesting-boost-x1-5-ark\/\",\"url\":\"https:\/\/radioactivegaming.eu\/produkt\/2h-harvesting-boost-x1-5-ark\/\",\"name\":\"2h Harvesting Boost (x1.5) (Ark) - Radioactive Gaming\",\"isPartOf\":{\"@id\":\"https:\/\/radioactivegaming.eu\/#website\"},\"primaryImageOfPage\":{\"@id\":\"https:\/\/radioactivegaming.eu\/produkt\/2h-harvesting-boost-x1-5-ark\/#primaryimage\"},\"image\":{\"@id\":\"https:\/\/radioactivegaming.eu\/produkt\/2h-harvesting-boost-x1-5-ark\/#primaryimage\"},\"thumbnailUrl\":\"https:\/\/radioactivegaming.eu\/wp-content\/uploads\/2023\/11\/HarvestingArk-1.png\",\"datePublished\":\"2023-11-03T16:55:06+00:00\",\"dateModified\":\"2025-10-24T19:00:51+00:00\",\"description\":\"Get 2 hours of Harvesting Boost (x1.5) for the grid you activate this in!\",\"breadcrumb\":{\"@id\":\"https:\/\/radioactivegaming.eu\/produkt\/2h-harvesting-boost-x1-5-ark\/#breadcrumb\"},\"inLanguage\":\"es\",\"potentialAction\":[{\"@type\":\"ReadAction\",\"target\":[\"https:\/\/radioactivegaming.eu\/produkt\/2h-harvesting-boost-x1-5-ark\/\"]}]},{\"@type\":\"ImageObject\",\"inLanguage\":\"es\",\"@id\":\"https:\/\/radioactivegaming.eu\/produkt\/2h-harvesting-boost-x1-5-ark\/#primaryimage\",\"url\":\"https:\/\/radioactivegaming.eu\/wp-content\/uploads\/2023\/11\/HarvestingArk-1.png\",\"contentUrl\":\"https:\/\/radioactivegaming.eu\/wp-content\/uploads\/2023\/11\/HarvestingArk-1.png\",\"width\":570,\"height\":380},{\"@type\":\"BreadcrumbList\",\"@id\":\"https:\/\/radioactivegaming.eu\/produkt\/2h-harvesting-boost-x1-5-ark\/#breadcrumb\",\"itemListElement\":[{\"@type\":\"ListItem\",\"position\":1,\"name\":\"Startseite\",\"item\":\"https:\/\/radioactivegaming.eu\/\"},{\"@type\":\"ListItem\",\"position\":2,\"name\":\"Shop\",\"item\":\"https:\/\/radioactivegaming.eu\/shop\/\"},{\"@type\":\"ListItem\",\"position\":3,\"name\":\"2h Harvesting Boost (x1.5) (Ark)\"}]},{\"@type\":\"WebSite\",\"@id\":\"https:\/\/radioactivegaming.eu\/#website\",\"url\":\"https:\/\/radioactivegaming.eu\/\",\"name\":\"Radioactive Gaming\",\"description\":\"\",\"publisher\":{\"@id\":\"https:\/\/radioactivegaming.eu\/#organization\"},\"potentialAction\":[{\"@type\":\"SearchAction\",\"target\":{\"@type\":\"EntryPoint\",\"urlTemplate\":\"https:\/\/radioactivegaming.eu\/?s={search_term_string}\"},\"query-input\":{\"@type\":\"PropertyValueSpecification\",\"valueRequired\":true,\"valueName\":\"search_term_string\"}}],\"inLanguage\":\"es\"},{\"@type\":\"Organization\",\"@id\":\"https:\/\/radioactivegaming.eu\/#organization\",\"name\":\"Radioactive Gaming\",\"url\":\"https:\/\/radioactivegaming.eu\/\",\"logo\":{\"@type\":\"ImageObject\",\"inLanguage\":\"es\",\"@id\":\"https:\/\/radioactivegaming.eu\/#\/schema\/logo\/image\/\",\"url\":\"https:\/\/radioactivegaming.eu\/wp-content\/uploads\/2019\/12\/cropped-coin-2.png\",\"contentUrl\":\"https:\/\/radioactivegaming.eu\/wp-content\/uploads\/2019\/12\/cropped-coin-2.png\",\"width\":256,\"height\":256,\"caption\":\"Radioactive Gaming\"},\"image\":{\"@id\":\"https:\/\/radioactivegaming.eu\/#\/schema\/logo\/image\/\"},\"sameAs\":[\"https:\/\/www.youtube.com\/channel\/UCHAH-p_vfp_co-__TB4M14A\"]}]}<\/script>\n<!-- \/ Yoast SEO plugin. -->","yoast_head_json":{"title":"Impulso de cosecha de 2h (x1,5) (Arca) - Radioactive Gaming","description":"Consigue 2 horas de mejora de cosecha (x1,5) para la red en la que actives esto.","robots":{"index":"index","follow":"follow","max-snippet":"max-snippet:-1","max-image-preview":"max-image-preview:large","max-video-preview":"max-video-preview:-1"},"canonical":"https:\/\/radioactivegaming.eu\/es\/producto\/cosecha-boost-6\/","og_locale":"es_ES","og_type":"article","og_title":"2h Harvesting Boost (x1.5) (Ark) - Radioactive Gaming","og_description":"Get 2 hours of Harvesting Boost (x1.5) for the grid you activate this in!","og_url":"https:\/\/radioactivegaming.eu\/es\/producto\/cosecha-boost-6\/","og_site_name":"Radioactive Gaming","article_modified_time":"2025-10-24T19:00:51+00:00","og_image":[{"width":570,"height":380,"url":"https:\/\/radioactivegaming.eu\/wp-content\/uploads\/2023\/11\/HarvestingArk-1.png","type":"image\/png"}],"twitter_card":"summary_large_image","twitter_misc":{"Tiempo de lectura":"1 minuto"},"schema":{"@context":"https:\/\/schema.org","@graph":[{"@type":"WebPage","@id":"https:\/\/radioactivegaming.eu\/produkt\/2h-harvesting-boost-x1-5-ark\/","url":"https:\/\/radioactivegaming.eu\/produkt\/2h-harvesting-boost-x1-5-ark\/","name":"Impulso de cosecha de 2h (x1,5) (Arca) - Radioactive Gaming","isPartOf":{"@id":"https:\/\/radioactivegaming.eu\/#website"},"primaryImageOfPage":{"@id":"https:\/\/radioactivegaming.eu\/produkt\/2h-harvesting-boost-x1-5-ark\/#primaryimage"},"image":{"@id":"https:\/\/radioactivegaming.eu\/produkt\/2h-harvesting-boost-x1-5-ark\/#primaryimage"},"thumbnailUrl":"https:\/\/radioactivegaming.eu\/wp-content\/uploads\/2023\/11\/HarvestingArk-1.png","datePublished":"2023-11-03T16:55:06+00:00","dateModified":"2025-10-24T19:00:51+00:00","description":"Consigue 2 horas de mejora de cosecha (x1,5) para la red en la que actives esto.","breadcrumb":{"@id":"https:\/\/radioactivegaming.eu\/produkt\/2h-harvesting-boost-x1-5-ark\/#breadcrumb"},"inLanguage":"es","potentialAction":[{"@type":"ReadAction","target":["https:\/\/radioactivegaming.eu\/produkt\/2h-harvesting-boost-x1-5-ark\/"]}]},{"@type":"ImageObject","inLanguage":"es","@id":"https:\/\/radioactivegaming.eu\/produkt\/2h-harvesting-boost-x1-5-ark\/#primaryimage","url":"https:\/\/radioactivegaming.eu\/wp-content\/uploads\/2023\/11\/HarvestingArk-1.png","contentUrl":"https:\/\/radioactivegaming.eu\/wp-content\/uploads\/2023\/11\/HarvestingArk-1.png","width":570,"height":380},{"@type":"BreadcrumbList","@id":"https:\/\/radioactivegaming.eu\/produkt\/2h-harvesting-boost-x1-5-ark\/#breadcrumb","itemListElement":[{"@type":"ListItem","position":1,"name":"Startseite","item":"https:\/\/radioactivegaming.eu\/"},{"@type":"ListItem","position":2,"name":"Shop","item":"https:\/\/radioactivegaming.eu\/shop\/"},{"@type":"ListItem","position":3,"name":"2h Harvesting Boost (x1.5) (Ark)"}]},{"@type":"WebSite","@id":"https:\/\/radioactivegaming.eu\/#website","url":"https:\/\/radioactivegaming.eu\/","name":"Juegos radioactivos","description":"","publisher":{"@id":"https:\/\/radioactivegaming.eu\/#organization"},"potentialAction":[{"@type":"SearchAction","target":{"@type":"EntryPoint","urlTemplate":"https:\/\/radioactivegaming.eu\/?s={search_term_string}"},"query-input":{"@type":"PropertyValueSpecification","valueRequired":true,"valueName":"search_term_string"}}],"inLanguage":"es"},{"@type":"Organization","@id":"https:\/\/radioactivegaming.eu\/#organization","name":"Juegos radioactivos","url":"https:\/\/radioactivegaming.eu\/","logo":{"@type":"ImageObject","inLanguage":"es","@id":"https:\/\/radioactivegaming.eu\/#\/schema\/logo\/image\/","url":"https:\/\/radioactivegaming.eu\/wp-content\/uploads\/2019\/12\/cropped-coin-2.png","contentUrl":"https:\/\/radioactivegaming.eu\/wp-content\/uploads\/2019\/12\/cropped-coin-2.png","width":256,"height":256,"caption":"Radioactive Gaming"},"image":{"@id":"https:\/\/radioactivegaming.eu\/#\/schema\/logo\/image\/"},"sameAs":["https:\/\/www.youtube.com\/channel\/UCHAH-p_vfp_co-__TB4M14A"]}]}},"jetpack_sharing_enabled":true,"_links":{"self":[{"href":"https:\/\/radioactivegaming.eu\/es\/wp-json\/wp\/v2\/product\/5031","targetHints":{"allow":["GET"]}}],"collection":[{"href":"https:\/\/radioactivegaming.eu\/es\/wp-json\/wp\/v2\/product"}],"about":[{"href":"https:\/\/radioactivegaming.eu\/es\/wp-json\/wp\/v2\/types\/product"}],"wp:featuredmedia":[{"embeddable":true,"href":"https:\/\/radioactivegaming.eu\/es\/wp-json\/wp\/v2\/media\/5638"}],"wp:attachment":[{"href":"https:\/\/radioactivegaming.eu\/es\/wp-json\/wp\/v2\/media?parent=5031"}],"wp:term":[{"taxonomy":"product_brand","embeddable":true,"href":"https:\/\/radioactivegaming.eu\/es\/wp-json\/wp\/v2\/product_brand?post=5031"},{"taxonomy":"product_cat","embeddable":true,"href":"https:\/\/radioactivegaming.eu\/es\/wp-json\/wp\/v2\/product_cat?post=5031"},{"taxonomy":"product_tag","embeddable":true,"href":"https:\/\/radioactivegaming.eu\/es\/wp-json\/wp\/v2\/product_tag?post=5031"}],"curies":[{"name":"wp","href":"https:\/\/api.w.org\/{rel}","templated":true}]}}