{"id":5224,"date":"2024-03-17T13:44:56","date_gmt":"2024-03-17T12:44:56","guid":{"rendered":"https:\/\/radioactivegaming.eu\/?post_type=product&#038;p=5224"},"modified":"2024-03-17T13:51:58","modified_gmt":"2024-03-17T12:51:58","slug":"barco-rename-token-2","status":"publish","type":"product","link":"https:\/\/radioactivegaming.eu\/es\/producto\/barco-rename-token-2\/","title":{"rendered":"Ficha Age Freeze"},"content":{"rendered":"<p>\u00a1Recibe 1 Ficha de Congelaci\u00f3n de Edad!<\/p>\n<p>\u00bfSiempre has querido que el osito de peluche siguiera siendo tan mimoso? \u00a1Ahora puedes! Con este objeto, tu animal ya no envejecer\u00e1, \u00a1pero tampoco consumir\u00e1 comida ni le afectar\u00e1 el calor\/fr\u00edo! Permanece activo en el establo incluso despu\u00e9s de cargarlo y, por supuesto, \u00a1s\u00f3lo funciona con animales no adultos!<\/p>","protected":false},"excerpt":{"rendered":"<p>\u00a1Consigue 1 Ficha de Congelaci\u00f3n de Edad! \u00bfSiempre has querido que el adorable beb\u00e9 oso siguiera siendo adorable? \u00a1Ahora puedes! Con este objeto, tu animal ya no envejecer\u00e1, \u00a1pero tampoco consumir\u00e1 comida ni le afectar\u00e1 el calor\/fr\u00edo! Permanece activo en el establo incluso despu\u00e9s de cargarlo y, por supuesto, s\u00f3lo funciona con... <br \/> <a class=\"read-more\" href=\"https:\/\/radioactivegaming.eu\/es\/producto\/barco-rename-token-2\/\">Seguir leyendo<\/a><\/p>","protected":false},"featured_media":5225,"template":"","meta":[],"product_brand":[],"product_cat":[99],"product_tag":[],"class_list":{"0":"post-5224","1":"product","2":"type-product","3":"status-publish","4":"has-post-thumbnail","6":"product_cat-misc","8":"first","9":"instock","10":"virtual","11":"purchasable","12":"product-type-simple"},"yoast_head":"<!-- This site is optimized with the Yoast SEO plugin v26.3 - https:\/\/yoast.com\/wordpress\/plugins\/seo\/ -->\n<title>Age Freeze Token - Radioactive Gaming<\/title>\n<meta name=\"description\" content=\"Keep a Baby forever!\" \/>\n<meta name=\"robots\" content=\"index, follow, max-snippet:-1, max-image-preview:large, max-video-preview:-1\" \/>\n<link rel=\"canonical\" href=\"https:\/\/radioactivegaming.eu\/es\/producto\/barco-rename-token-2\/\" \/>\n<meta property=\"og:locale\" content=\"es_ES\" \/>\n<meta property=\"og:type\" content=\"article\" \/>\n<meta property=\"og:title\" content=\"Age Freeze Token - Radioactive Gaming\" \/>\n<meta property=\"og:description\" content=\"Keep a Baby forever!\" \/>\n<meta property=\"og:url\" content=\"https:\/\/radioactivegaming.eu\/es\/producto\/barco-rename-token-2\/\" \/>\n<meta property=\"og:site_name\" content=\"Radioactive Gaming\" \/>\n<meta property=\"article:modified_time\" content=\"2024-03-17T12:51:58+00:00\" \/>\n<meta property=\"og:image\" content=\"https:\/\/radioactivegaming.eu\/wp-content\/uploads\/2024\/03\/509415-PI5EKU-115.jpg\" \/>\n\t<meta property=\"og:image:width\" content=\"360\" \/>\n\t<meta property=\"og:image:height\" content=\"360\" \/>\n\t<meta property=\"og:image:type\" content=\"image\/jpeg\" \/>\n<meta name=\"twitter:card\" content=\"summary_large_image\" \/>\n<meta name=\"twitter:label1\" content=\"Tiempo de lectura\" \/>\n\t<meta name=\"twitter:data1\" content=\"1 minuto\" \/>\n<script type=\"application\/ld+json\" class=\"yoast-schema-graph\">{\"@context\":\"https:\/\/schema.org\",\"@graph\":[{\"@type\":\"WebPage\",\"@id\":\"https:\/\/radioactivegaming.eu\/produkt\/age-freeze-token\/\",\"url\":\"https:\/\/radioactivegaming.eu\/produkt\/age-freeze-token\/\",\"name\":\"Age Freeze Token - Radioactive Gaming\",\"isPartOf\":{\"@id\":\"https:\/\/radioactivegaming.eu\/#website\"},\"primaryImageOfPage\":{\"@id\":\"https:\/\/radioactivegaming.eu\/produkt\/age-freeze-token\/#primaryimage\"},\"image\":{\"@id\":\"https:\/\/radioactivegaming.eu\/produkt\/age-freeze-token\/#primaryimage\"},\"thumbnailUrl\":\"https:\/\/radioactivegaming.eu\/wp-content\/uploads\/2024\/03\/509415-PI5EKU-115.jpg\",\"datePublished\":\"2024-03-17T12:44:56+00:00\",\"dateModified\":\"2024-03-17T12:51:58+00:00\",\"description\":\"Keep a Baby forever!\",\"breadcrumb\":{\"@id\":\"https:\/\/radioactivegaming.eu\/produkt\/age-freeze-token\/#breadcrumb\"},\"inLanguage\":\"es\",\"potentialAction\":[{\"@type\":\"ReadAction\",\"target\":[\"https:\/\/radioactivegaming.eu\/produkt\/age-freeze-token\/\"]}]},{\"@type\":\"ImageObject\",\"inLanguage\":\"es\",\"@id\":\"https:\/\/radioactivegaming.eu\/produkt\/age-freeze-token\/#primaryimage\",\"url\":\"https:\/\/radioactivegaming.eu\/wp-content\/uploads\/2024\/03\/509415-PI5EKU-115.jpg\",\"contentUrl\":\"https:\/\/radioactivegaming.eu\/wp-content\/uploads\/2024\/03\/509415-PI5EKU-115.jpg\",\"width\":360,\"height\":360},{\"@type\":\"BreadcrumbList\",\"@id\":\"https:\/\/radioactivegaming.eu\/produkt\/age-freeze-token\/#breadcrumb\",\"itemListElement\":[{\"@type\":\"ListItem\",\"position\":1,\"name\":\"Startseite\",\"item\":\"https:\/\/radioactivegaming.eu\/\"},{\"@type\":\"ListItem\",\"position\":2,\"name\":\"Shop\",\"item\":\"https:\/\/radioactivegaming.eu\/shop\/\"},{\"@type\":\"ListItem\",\"position\":3,\"name\":\"Age Freeze Token\"}]},{\"@type\":\"WebSite\",\"@id\":\"https:\/\/radioactivegaming.eu\/#website\",\"url\":\"https:\/\/radioactivegaming.eu\/\",\"name\":\"Radioactive Gaming\",\"description\":\"\",\"publisher\":{\"@id\":\"https:\/\/radioactivegaming.eu\/#organization\"},\"potentialAction\":[{\"@type\":\"SearchAction\",\"target\":{\"@type\":\"EntryPoint\",\"urlTemplate\":\"https:\/\/radioactivegaming.eu\/?s={search_term_string}\"},\"query-input\":{\"@type\":\"PropertyValueSpecification\",\"valueRequired\":true,\"valueName\":\"search_term_string\"}}],\"inLanguage\":\"es\"},{\"@type\":\"Organization\",\"@id\":\"https:\/\/radioactivegaming.eu\/#organization\",\"name\":\"Radioactive Gaming\",\"url\":\"https:\/\/radioactivegaming.eu\/\",\"logo\":{\"@type\":\"ImageObject\",\"inLanguage\":\"es\",\"@id\":\"https:\/\/radioactivegaming.eu\/#\/schema\/logo\/image\/\",\"url\":\"https:\/\/radioactivegaming.eu\/wp-content\/uploads\/2019\/12\/cropped-coin-2.png\",\"contentUrl\":\"https:\/\/radioactivegaming.eu\/wp-content\/uploads\/2019\/12\/cropped-coin-2.png\",\"width\":256,\"height\":256,\"caption\":\"Radioactive Gaming\"},\"image\":{\"@id\":\"https:\/\/radioactivegaming.eu\/#\/schema\/logo\/image\/\"},\"sameAs\":[\"https:\/\/www.youtube.com\/channel\/UCHAH-p_vfp_co-__TB4M14A\"]}]}<\/script>\n<!-- \/ Yoast SEO plugin. -->","yoast_head_json":{"title":"Ficha Age Freeze - Radioactive Gaming","description":"Conservar un beb\u00e9 para siempre","robots":{"index":"index","follow":"follow","max-snippet":"max-snippet:-1","max-image-preview":"max-image-preview:large","max-video-preview":"max-video-preview:-1"},"canonical":"https:\/\/radioactivegaming.eu\/es\/producto\/barco-rename-token-2\/","og_locale":"es_ES","og_type":"article","og_title":"Age Freeze Token - Radioactive Gaming","og_description":"Keep a Baby forever!","og_url":"https:\/\/radioactivegaming.eu\/es\/producto\/barco-rename-token-2\/","og_site_name":"Radioactive Gaming","article_modified_time":"2024-03-17T12:51:58+00:00","og_image":[{"width":360,"height":360,"url":"https:\/\/radioactivegaming.eu\/wp-content\/uploads\/2024\/03\/509415-PI5EKU-115.jpg","type":"image\/jpeg"}],"twitter_card":"summary_large_image","twitter_misc":{"Tiempo de lectura":"1 minuto"},"schema":{"@context":"https:\/\/schema.org","@graph":[{"@type":"WebPage","@id":"https:\/\/radioactivegaming.eu\/produkt\/age-freeze-token\/","url":"https:\/\/radioactivegaming.eu\/produkt\/age-freeze-token\/","name":"Ficha Age Freeze - Radioactive Gaming","isPartOf":{"@id":"https:\/\/radioactivegaming.eu\/#website"},"primaryImageOfPage":{"@id":"https:\/\/radioactivegaming.eu\/produkt\/age-freeze-token\/#primaryimage"},"image":{"@id":"https:\/\/radioactivegaming.eu\/produkt\/age-freeze-token\/#primaryimage"},"thumbnailUrl":"https:\/\/radioactivegaming.eu\/wp-content\/uploads\/2024\/03\/509415-PI5EKU-115.jpg","datePublished":"2024-03-17T12:44:56+00:00","dateModified":"2024-03-17T12:51:58+00:00","description":"Conservar un beb\u00e9 para siempre","breadcrumb":{"@id":"https:\/\/radioactivegaming.eu\/produkt\/age-freeze-token\/#breadcrumb"},"inLanguage":"es","potentialAction":[{"@type":"ReadAction","target":["https:\/\/radioactivegaming.eu\/produkt\/age-freeze-token\/"]}]},{"@type":"ImageObject","inLanguage":"es","@id":"https:\/\/radioactivegaming.eu\/produkt\/age-freeze-token\/#primaryimage","url":"https:\/\/radioactivegaming.eu\/wp-content\/uploads\/2024\/03\/509415-PI5EKU-115.jpg","contentUrl":"https:\/\/radioactivegaming.eu\/wp-content\/uploads\/2024\/03\/509415-PI5EKU-115.jpg","width":360,"height":360},{"@type":"BreadcrumbList","@id":"https:\/\/radioactivegaming.eu\/produkt\/age-freeze-token\/#breadcrumb","itemListElement":[{"@type":"ListItem","position":1,"name":"Startseite","item":"https:\/\/radioactivegaming.eu\/"},{"@type":"ListItem","position":2,"name":"Shop","item":"https:\/\/radioactivegaming.eu\/shop\/"},{"@type":"ListItem","position":3,"name":"Age Freeze Token"}]},{"@type":"WebSite","@id":"https:\/\/radioactivegaming.eu\/#website","url":"https:\/\/radioactivegaming.eu\/","name":"Juegos radioactivos","description":"","publisher":{"@id":"https:\/\/radioactivegaming.eu\/#organization"},"potentialAction":[{"@type":"SearchAction","target":{"@type":"EntryPoint","urlTemplate":"https:\/\/radioactivegaming.eu\/?s={search_term_string}"},"query-input":{"@type":"PropertyValueSpecification","valueRequired":true,"valueName":"search_term_string"}}],"inLanguage":"es"},{"@type":"Organization","@id":"https:\/\/radioactivegaming.eu\/#organization","name":"Juegos radioactivos","url":"https:\/\/radioactivegaming.eu\/","logo":{"@type":"ImageObject","inLanguage":"es","@id":"https:\/\/radioactivegaming.eu\/#\/schema\/logo\/image\/","url":"https:\/\/radioactivegaming.eu\/wp-content\/uploads\/2019\/12\/cropped-coin-2.png","contentUrl":"https:\/\/radioactivegaming.eu\/wp-content\/uploads\/2019\/12\/cropped-coin-2.png","width":256,"height":256,"caption":"Radioactive Gaming"},"image":{"@id":"https:\/\/radioactivegaming.eu\/#\/schema\/logo\/image\/"},"sameAs":["https:\/\/www.youtube.com\/channel\/UCHAH-p_vfp_co-__TB4M14A"]}]}},"jetpack_sharing_enabled":true,"_links":{"self":[{"href":"https:\/\/radioactivegaming.eu\/es\/wp-json\/wp\/v2\/product\/5224","targetHints":{"allow":["GET"]}}],"collection":[{"href":"https:\/\/radioactivegaming.eu\/es\/wp-json\/wp\/v2\/product"}],"about":[{"href":"https:\/\/radioactivegaming.eu\/es\/wp-json\/wp\/v2\/types\/product"}],"wp:featuredmedia":[{"embeddable":true,"href":"https:\/\/radioactivegaming.eu\/es\/wp-json\/wp\/v2\/media\/5225"}],"wp:attachment":[{"href":"https:\/\/radioactivegaming.eu\/es\/wp-json\/wp\/v2\/media?parent=5224"}],"wp:term":[{"taxonomy":"product_brand","embeddable":true,"href":"https:\/\/radioactivegaming.eu\/es\/wp-json\/wp\/v2\/product_brand?post=5224"},{"taxonomy":"product_cat","embeddable":true,"href":"https:\/\/radioactivegaming.eu\/es\/wp-json\/wp\/v2\/product_cat?post=5224"},{"taxonomy":"product_tag","embeddable":true,"href":"https:\/\/radioactivegaming.eu\/es\/wp-json\/wp\/v2\/product_tag?post=5224"}],"curies":[{"name":"wp","href":"https:\/\/api.w.org\/{rel}","templated":true}]}}