{"id":1122,"date":"2020-02-24T17:17:06","date_gmt":"2020-02-24T16:17:06","guid":{"rendered":"http:\/\/radioactivegaming.eu\/?page_id=1122"},"modified":"2024-05-25T00:05:50","modified_gmt":"2024-05-24T22:05:50","slug":"port-de-commerce","status":"publish","type":"page","link":"https:\/\/radioactivegaming.eu\/fr\/atlas\/port-de-commerce\/","title":{"rendered":"port de commerce"},"content":{"rendered":"<div  data-label=\"Allg\" data-id=\"about--1\" data-export-id=\"about-1\" data-category=\"about\" class=\"about-1 content-section content-relative\" id=\"allg\" style=\"background-color: rgb(255, 255, 255);\"><div  class=\"section-separator-top\">\n    <svg  xmlns=\"http:\/\/www.w3.org\/2000\/svg\" height=\"100%\" viewbox=\"0 0 283.5 27.8\" preserveaspectratio=\"xMidYMax slice\" data-separator-name=\"drops\" class=\"section-separator-top\">\n\t<path  class=\"svg-white-bg\" d=\"M0 0v1.4c.6.7 1.1 1.4 1.4 2 2 3.8 2.2 6.6 1.8 10.8-.3 3.3-2.4 9.4 0 12.3 1.7 2 3.7 1.4 4.6-.9 1.4-3.8-.7-8.2-.6-12 .1-3.7 3.2-5.5 6.9-4.9 4 .6 4.8 4 4.9 7.4.1 1.8-1.1 7 0 8.5.6.8 1.6 1.2 2.4.5 1.4-1.1.1-5.4.1-6.9.1-3.7.3-8.6 4.1-10.5 5-2.5 6.2 1.6 5.4 5.6-.4 1.7-1 9.2 2.9 6.3 1.5-1.1.7-3.5.5-4.9-.4-2.4-.4-4.3 1-6.5.9-1.4 2.4-3.1 4.2-3 2.4.1 2.7 2.2 4 3.7 1.5 1.8 1.8 2.2 3 .1 1.1-1.9 1.2-2.8 3.6-3.3 1.3-.3 4.8-1.4 5.9-.5 1.5 1.1.6 2.8.4 4.3-.2 1.1-.6 4 1.8 3.4 1.7-.4-.3-4.1.6-5.6 1.3-2.2 5.8-1.4 7 .5 1.3 2.1.5 5.8.1 8.1s-1.2 5-.6 7.4c1.3 5.1 4.4.9 4.3-2.4-.1-4.4-2-8.8-.5-13 .9-2.4 4.6-6.6 7.7-4.5 2.7 1.8.5 7.8.2 10.3-.2 1.7-.8 4.6.2 6.2.9 1.4 2 1.5 2.6-.3.5-1.5-.9-4.5-1-6.1-.2-1.7-.4-3.7.2-5.4 1.8-5.6 3.5 2.4 6.3.6 1.4-.9 4.3-9.4 6.1-3.1.6 2.2-1.3 7.8.7 8.9 4.2 2.3 1.5-7.1 2.2-8 3.1-4 4.7 3.8 6.1 4.1 3.1.7 2.8-7.9 8.1-4.5 1.7 1.1 2.9 3.3 3.2 5.2.4 2.2-1 4.5-.6 6.6 1 4.3 4.4 1.5 4.4-1.7 0-2.7-3-8.3 1.4-9.1 4.4-.9 7.3 3.5 7.8 6.9.3 2-1.5 10.9 1.3 11.3 4.1.6-3.2-15.7 4.8-15.8 4.7-.1 2.8 4.1 3.9 6.6 1 2.4 2.1 1 2.3-.8.3-1.9-.9-3.2 1.3-4.3 5.9-2.9 5.9 5.4 5.5 8.5-.3 2-1.7 8.4 2 8.1 6.9-.5-2.8-16.9 4.8-18.7 4.7-1.2 6.1 3.6 6.3 7.1.1 1.7-1.2 8.1.6 9.1 3.5 2 1.9-7 2-8.4.2-4 1.2-9.6 6.4-9.8 4.7-.2 3.2 4.6 2.7 7.5-.4 2.2 1.3 8.6 3.8 4.4 1.1-1.9-.3-4.1-.3-6 0-1.7.4-3.2 1.3-4.6 1-1.6 2.9-3.5 5.1-2.9 2.5.6 2.3 4.1 4.1 4.9 1.9.8 1.6-.9 2.3-2.1 1.2-2.1 2.1-2.1 4.4-2.4 1.4-.2 3.6-1.5 4.9-.5 2.3 1.7-.7 4.4.1 6.5.6 1.5 2.1 1.7 2.8.3.7-1.4-1.1-3.4-.3-4.8 1.4-2.5 6.2-1.2 7.2 1 2.3 4.8-3.3 12-.2 16.3 3 4.1 3.9-2.8 3.8-4.8-.4-4.3-2.1-8.9 0-13.1 1.3-2.5 5.9-5.7 7.9-2.4 2 3.2-1.3 9.8-.8 13.4.5 4.4 3.5 3.3 2.7-.8-.4-1.9-2.4-10 .6-11.1 3.7-1.4 2.8 7.2 6.5.4 2.2-4.1 4.9-3.1 5.2 1.2.1 1.5-.6 3.1-.4 4.6.2 1.9 1.8 3.7 3.3 1.3 1-1.6-2.6-10.4 2.9-7.3 2.6 1.5 1.6 6.5 4.8 2.7 1.3-1.5 1.7-3.6 4-3.7 2.2-.1 4 2.3 4.8 4.1 1.3 2.9-1.5 8.4.9 10.3 4.2 3.3 3-5.5 2.7-6.9-.6-3.9 1-7.2 5.5-5 4.1 2.1 4.3 7.7 4.1 11.6 0 .8-.6 9.5 2.5 5.2 1.2-1.7-.1-7.7.1-9.6.3-2.9 1.2-5.5 4.3-6.2 4.5-1 7.7 1.5 7.4 5.8-.2 3.5-1.8 7.7-.5 11.1 1 2.7 3.6 2.8 5 .2 1.6-3.1 0-8.3-.4-11.6-.4-4.2-.2-7 1.8-10.8 0 0-.1.1-.1.2-.2.4-.3.7-.4.8v.1c-.1.2-.1.2 0 0v-.1l.4-.8c0-.1.1-.1.1-.2.2-.4.5-.8.8-1.2V0H0zM282.7 3.4z\"><\/path>\n<\/svg>\n<\/div><div  class=\"gridContainer\"> <div  class=\"row text-center\"><div  class=\"section-title-col\" data-type=\"column\">  <h2  class=\"\">Nassau<\/h2> <p  class=\"lead\">Au milieu de C3, tu trouveras l'\u00eele de Nassau et la ville du m\u00eame nom !<\/p><\/div> <\/div> <div  class=\"row\"> <div  class=\"button-holder space-bottom space-bottom-small\" data-type=\"column\"> <\/div> <div  class=\"col-xs bottom-xs flexbox image-group-bottom-3-img space-bottom-xs center-xs\"> <img  decoding=\"async\" class=\"left-img shadow-large-black\" data-size=\"500x300\" src=\"https:\/\/radioactivegaming.eu\/wp-content\/uploads\/2022\/09\/cropped-20220920122222_1.jpg\" alt=\"\" title=\"cropped-20220920122222_1.jpg\"> <img  decoding=\"async\" class=\"center-img shadow-large-black\" data-size=\"500x300\" src=\"https:\/\/radioactivegaming.eu\/wp-content\/uploads\/2022\/12\/cropped-9f394f681e40751b9e96dca5d1239a05d2a3c846.png\" alt=\"\" title=\"cropped-9f394f681e40751b9e96dca5d1239a05d2a3c846.png\"> <img  decoding=\"async\" class=\"right-img shadow-large-black\" data-size=\"500x300\" src=\"https:\/\/radioactivegaming.eu\/wp-content\/uploads\/2022\/09\/cropped-20220920122150_1.jpg\" alt=\"\" title=\"cropped-20220920122150_1.jpg\"><\/div> <\/div><\/div> <\/div><div  data-label=\"Features\" data-id=\"features--1\" data-export-id=\"features-16-card-bordered\" data-category=\"features\" class=\"features-16-card-bordered content-section content-section-spacing content-relative\" id=\"features-1\" style=\"background-color: rgb(255, 255, 255); background-image: none;\"><div  class=\"gridContainer\"> <div  class=\"row text-center\"><div  class=\"section-title-col\" data-type=\"column\"> <h2  class=\"\">Venez voir et vous serez \u00e9tonn\u00e9s !<\/h2> <p  class=\"lead\">Nassau en C3 a beaucoup \u00e0 offrir et c'est un lieu de rencontre tr\u00e8s appr\u00e9ci\u00e9 pour entreprendre !<\/p><\/div> <\/div> <div  class=\"row spaced-cols center-sm\" data-type=\"row\"> <div  class=\"col-xs-12 col-sm-6 col-md-4\"> <div  class=\"card no-padding bordered y-move\"> <img  decoding=\"async\" class=\"face\" src=\"https:\/\/radioactivegaming.eu\/wp-content\/uploads\/2022\/09\/cropped-20220920122426_1.jpg\" alt=\"\" title=\"cropped-20220920122426_1.jpg\"> <div  data-type=\"column\" class=\"col-padding-small col-padding-small-xs description-container\"> <h4  class=\"font-500\">Primitif Haunted Chests<\/h4> <p  class=\"\">Le jeu Primitive Hauntet Chests a \u00e9t\u00e9 con\u00e7u pour vous aider \u00e0 d\u00e9marrer dans le jeu.\n<br ><br >\n<br >Vous y obtiendrez vos premi\u00e8res pi\u00e8ces d'or pour les PNJ et les premiers blueprints pour les objets am\u00e9lior\u00e9s.\n<br ><br >\n<br >On les trouve exclusivement en C3\n<br ><br >Vous n'avez besoin que d'un arc et de fl\u00e8ches ou d'une arme de m\u00eal\u00e9e adapt\u00e9e \u00e0 vos besoins !\n<br ><br >Cette petite bo\u00eete vous donnera \u00e9galement un avant-go\u00fbt de ce qui vous attend sur notre serveur !<\/p><\/div> <div  data-type=\"column\" class=\"col-padding-small col-padding-small-xs read-more-container\"><\/div> <\/div><\/div> <div  class=\"col-xs-12 col-sm-6 col-md-4\"><div  class=\"card no-padding bordered y-move\"> <img  decoding=\"async\" class=\"face\" src=\"https:\/\/radioactivegaming.eu\/wp-content\/uploads\/2022\/09\/cropped-20220920122255_1.jpg\" alt=\"\" title=\"cropped-20220920122255_1.jpg\"> <div  data-type=\"column\" class=\"col-padding-small col-padding-small-xs description-container\"> <h4  class=\"font-500\">Plateformes de vente d'animaux<\/h4> <p  class=\"\">Cette plate-forme \u00e0 louer sert \u00e0 vendre des tames !<br ><br >Vous pouvez proposer plusieurs animaux sur une m\u00eame plateforme !<br ><br >\nChaque animal vendu est automatiquement castr\u00e9.\n<br ><br >\nLe prix et la ressource sont alors au choix du locataire.\n<br ><br >En option, vous pouvez \u00e9galement vendre des animaux avec empreinte. Condition : vous avez vous-m\u00eame imprim\u00e9 l'animal et il a 100% d'empreinte !<\/p><\/div> <div  data-type=\"column\" class=\"col-padding-small col-padding-small-xs read-more-container\"><\/div> <\/div><\/div> <div  class=\"col-xs-12 col-sm-6 col-md-4\"><div  class=\"card no-padding bordered y-move\"> <img  decoding=\"async\" class=\"face\" src=\"https:\/\/radioactivegaming.eu\/wp-content\/uploads\/2022\/09\/cropped-20220920122306_1.jpg\" alt=\"\" title=\"cropped-20220920122306_1.jpg\"> <div  data-type=\"column\" class=\"col-padding-small col-padding-small-xs description-container\"> <h4  class=\"font-500\">Boutiques d'objets<\/h4> <p  class=\"\">Dans la rue du Commerce, vous pouvez louer des boutiques o\u00f9 vous pouvez vendre des objets comme dans les boutiques normales des joueurs !\n<br ><br >\nLes co\u00fbts s'\u00e9l\u00e8vent ici \u00e0 50 or toutes les 12 heures, quelle que soit la quantit\u00e9 pr\u00e9sente dans la boutique.\n<br ><br >Important : Si votre boutique n'est plus financ\u00e9e, elle sera supprim\u00e9e de votre compagnie et tout le contenu de la boutique sera perdu. Vous recevrez un avertissement pr\u00e9alable dans le Tribelog !<\/p><\/div> <div  data-type=\"column\" class=\"col-padding-small col-padding-small-xs read-more-container\"><\/div> <\/div><\/div> <div  class=\"col-xs-12 col-sm-6 col-md-4\"> <div  class=\"card no-padding bordered y-move\"> <img  decoding=\"async\" class=\"face\" src=\"https:\/\/radioactivegaming.eu\/wp-content\/uploads\/2022\/09\/cropped-20220920122347_1.jpg\" alt=\"\" title=\"cropped-20220920122347_1.jpg\"> <div  data-type=\"column\" class=\"col-padding-small col-padding-small-xs description-container\"> <h4  class=\"font-500\">La taverne<\/h4> <p  class=\"\">Dans la taverne, vous trouverez divers PNJ, vous pourrez \u00e9galement louer un lit et un coffre de ressources !\n<br ><br >C'est le point de spawn principal et le d\u00e9but de votre aventure !<\/p><\/div> <div  data-type=\"column\" class=\"col-padding-small col-padding-small-xs read-more-container\"><\/div> <\/div><\/div><div  class=\"col-xs-12 col-sm-6 col-md-4\"> <div  class=\"card no-padding bordered y-move\"> <img  decoding=\"async\" class=\"face\" src=\"https:\/\/radioactivegaming.eu\/wp-content\/uploads\/2022\/09\/cropped-20220920122438_1.jpg\" alt=\"\" title=\"cropped-20220920122438_1.jpg\"> <div  data-type=\"column\" class=\"col-padding-small col-padding-small-xs description-container\"> <h4  class=\"font-500\">Fontaine de jouvence<\/h4> <p  class=\"\">Derri\u00e8re la taverne dans la cascade, vous arrivez \u00e0 la fontaine de jouvence, il n'est pas n\u00e9cessaire d'avoir un Deathrun sur les \u00eeles Powerstone !<\/p><\/div> <div  data-type=\"column\" class=\"col-padding-small col-padding-small-xs read-more-container\"><\/div> <\/div><\/div><div  class=\"col-xs-12 col-sm-6 col-md-4\"> <div  class=\"card no-padding bordered y-move\"> <img  decoding=\"async\" class=\"face\" src=\"https:\/\/radioactivegaming.eu\/wp-content\/uploads\/2024\/05\/fishing.png\" alt=\"\" title=\"fishing\"> <div  data-type=\"column\" class=\"col-padding-small col-padding-small-xs description-container\"> <h4  class=\"font-500\">Mini-jeu de p\u00eache<\/h4> <p  class=\"\">Vous pouvez p\u00eacher sous la cascade de la t\u00eate de mort derri\u00e8re la ville !\n<br ><br >\nMais ce n'est pas tout ! D\u00e8s que vous aurez suffisamment de Fishing Coins, vous pourrez \u00e9galement vous procurer un petit bateau de p\u00eache ! Vous pourrez ainsi p\u00eacher \u00e0 l'int\u00e9rieur du lac !<\/p><\/div> <div  data-type=\"column\" class=\"col-padding-small col-padding-small-xs read-more-container\"><\/div> <\/div><\/div><div  class=\"col-xs-12 col-sm-6 col-md-4\"> <div  class=\"card no-padding bordered y-move\"> <img  decoding=\"async\" class=\"face\" src=\"https:\/\/radioactivegaming.eu\/wp-content\/uploads\/2024\/05\/arena.png\" alt=\"\" title=\"arena\"> <div  data-type=\"column\" class=\"col-padding-small col-padding-small-xs description-container\"> <h4  class=\"font-500\">Colis\u00e9e<\/h4> <p  class=\"\">Toutes les deux heures, un combat a lieu au Colis\u00e9e !\n<br >\n<br >Pour participer, il vous suffit de vous trouver dans C3, de vider votre inventaire et d'\u00e9crire \/joinarena dans le chat.\n<br >Assurez-vous \u00e9galement que vous n'\u00eates pas sur un bateau.\n<br ><br >Le combat aura lieu si au moins 6 personnes s'inscrivent. Vous aurez tous les m\u00eames stats et les m\u00eames objets pour que le combat soit \u00e9quitable !<\/p><\/div> <div  data-type=\"column\" class=\"col-padding-small col-padding-small-xs read-more-container\"><\/div> <\/div><\/div><div  class=\"col-xs-12 col-sm-6 col-md-4\"> <div  class=\"card no-padding bordered y-move\"> <img  decoding=\"async\" class=\"face\" src=\"https:\/\/radioactivegaming.eu\/wp-content\/uploads\/2023\/08\/cropped-20230814174544_1.jpg\" alt=\"\" title=\"cropped-20230814174544_1.jpg\"> <div  data-type=\"column\" class=\"col-padding-small col-padding-small-xs description-container\"> <h4  class=\"font-500\">Devenez r\u00e9sident !<\/h4> <p  class=\"\">\nUn lit \u00e0 la taverne ne te suffit pas ?\n<br >Alors loue l'une des nombreuses maisons !\n<br >\n<br >Vous pouvez d\u00e9corer et \u00e9quiper les maisons comme bon vous semble.\n<br ><br >De plus, vous avez dans la maison un buff d'int de 30% et vous pouvez vous faire livrer des ressources de vos bases vers C3 via Postbox (d\u00e9lai de ~15 minutes !).\n<br ><br >Les maisons ne sont pas bon march\u00e9 \u00e0 entretenir et constituent donc un achat de derni\u00e8re minute.<\/p><\/div> <div  data-type=\"column\" class=\"col-padding-small col-padding-small-xs read-more-container\"><\/div> <\/div><\/div><\/div><\/div> <div  class=\"section-separator-bottom\">\n    <svg  class=\"section-separator-bottom\" data-separator-name=\"triangle-asymmetrical-negative\" preserveaspectratio=\"none\" viewbox=\"0 0 1000 100\" xmlns=\"http:\/\/www.w3.org\/2000\/svg\">\n        <path  class=\"svg-white-bg\" d=\"M737.9,94.7L0,0v100h1000V0L737.9,94.7z\"><\/path>\n    <\/svg>\n<\/div><\/div><div  data-label=\"tradingplfaq\" data-id=\"features--2\" data-export-id=\"features-12-card-bordered-colored\" data-category=\"features\" class=\"features-12-card-bordered-colored content-section content-section-spacing  content-relative\" id=\"tradingplfaq\" style=\"background-color: rgb(255, 255, 255);\"><div  class=\"section-separator-top\">\n    <svg  class=\"section-separator-top\" data-separator-name=\"triangle-asymmetrical-negative\" preserveaspectratio=\"none\" viewbox=\"0 0 1000 100\" xmlns=\"http:\/\/www.w3.org\/2000\/svg\">\n        <path  class=\"svg-white-bg\" d=\"M737.9,94.7L0,0v100h1000V0L737.9,94.7z\"><\/path>\n    <\/svg>\n<\/div><div  class=\"gridContainer\"><div  class=\"row text-center\"><div  class=\"section-title-col\" data-type=\"column\"> <h2  class=\"\">FAQ sur le trading<\/h2> <\/div> <\/div> <div  class=\"row spaced-cols\" data-type=\"row\"> <div  class=\"col-xs-12 col-sm-6\"> <div  class=\"card row-card bottom-border-color2\"> <div  class=\"row\"> <div  class=\"col-sm-fit icon-column\"> <i  class=\"fa icon fa-question-circle bordered round color2\"><\/i> <\/div> <div  class=\"col-sm\" data-type=\"column\"> <h5  class=\"color2\">Comment louer quelque chose ?<\/h5> <p  class=\"\">Les plateformes\/boutiques vides ont l'interaction correspondante \"Rent for x Gold\".\n<br >Il existe \u00e9galement une diff\u00e9rence visuelle.<\/p><\/div> <\/div><\/div> <\/div>   <div  class=\"col-xs-12 col-sm-6\"> <div  class=\"card row-card bottom-border-color2\"> <div  class=\"row\"> <div  class=\"col-sm-fit icon-column\"> <i  class=\"fa icon fa-question-circle bordered round color2\"><\/i> <\/div> <div  class=\"col-sm\" data-type=\"column\"> <h5  class=\"color2\">Avantages par rapport au commerce normal ?<\/h5> <p  class=\"\">L'acheteur peut voir vos marchandises en toute tranquillit\u00e9 et, le cas \u00e9ch\u00e9ant, collecter \/ farmer le paiement.\n<br >Il peut \u00e9galement effectuer l'achat sans que le vendeur ait besoin d'\u00eatre en ligne.<\/p><\/div> <\/div><\/div> <\/div><div  class=\"col-xs-12 col-sm-6\"> <div  class=\"card row-card bottom-border-color2\"> <div  class=\"row\"> <div  class=\"col-sm-fit icon-column\"> <i  class=\"fa icon fa-exclamation-circle bordered round color2\"><\/i> <\/div> <div  class=\"col-sm\" data-type=\"column\"> <h5  class=\"color2\">Comment le loyer des structures est-il pay\u00e9 ?<\/h5> <p  class=\"\">L'or correspondant \u00e0 vos structures lou\u00e9es doit se trouver en quantit\u00e9 suffisante dans la structure en question.<\/p><\/div> <\/div><\/div> <\/div><\/div> <\/div><\/div>","protected":false},"excerpt":{"rendered":"<p>Nassau Au milieu du C3, tu trouveras l'\u00eele de Nassau et la ville du m\u00eame nom ! Venez y jeter un coup d'\u0153il et vous \u00e9tonner ! Nassau en C3 a beaucoup \u00e0 offrir et est un lieu de rencontre appr\u00e9ci\u00e9 pour les activit\u00e9s ! Primitive Haunted Chests La Primitive Hauntet Chests a \u00e9t\u00e9 con\u00e7ue pour vous faciliter l'acc\u00e8s au jeu. Vous y trouverez vos premi\u00e8res pi\u00e8ces d'or... <br \/> <a class=\"read-more\" href=\"https:\/\/radioactivegaming.eu\/fr\/atlas\/port-de-commerce\/\">Read more<\/a><\/p>","protected":false},"author":1,"featured_media":1139,"parent":13,"menu_order":0,"comment_status":"closed","ping_status":"closed","template":"pro\/page-templates\/full-width-page.php","meta":{"footnotes":""},"class_list":["post-1122","page","type-page","status-publish","has-post-thumbnail","hentry"],"yoast_head":"<!-- This site is optimized with the Yoast SEO plugin v26.3 - https:\/\/yoast.com\/wordpress\/plugins\/seo\/ -->\n<title>handelshafen - Radioactive Gaming<\/title>\n<meta name=\"robots\" content=\"index, follow, max-snippet:-1, max-image-preview:large, max-video-preview:-1\" \/>\n<link rel=\"canonical\" href=\"https:\/\/radioactivegaming.eu\/fr\/atlas\/port-de-commerce\/\" \/>\n<meta property=\"og:locale\" content=\"fr_FR\" \/>\n<meta property=\"og:type\" content=\"article\" \/>\n<meta property=\"og:title\" content=\"handelshafen - Radioactive Gaming\" \/>\n<meta property=\"og:description\" content=\"Nassau Mittig in C3 findet ihr die Insel Nassau mit der gleichnamigen Stadt! Schaut vorbei und staunet! Nassau in C3 hat viel zu bieten und ist ein beliebter Treffpunkt f\u00fcr Unternehmungen! Primitiv Haunted Chests Die Primitive Hauntet Chests ist daf\u00fcr Gedacht euch den Einstieg ins Spiel etwas zu vereinfachen. Ihr bekommt dort eure ersten Goldm\u00fcnzen&hellip; Read more\" \/>\n<meta property=\"og:url\" content=\"https:\/\/radioactivegaming.eu\/fr\/atlas\/port-de-commerce\/\" \/>\n<meta property=\"og:site_name\" content=\"Radioactive Gaming\" \/>\n<meta property=\"article:modified_time\" content=\"2024-05-24T22:05:50+00:00\" \/>\n<meta property=\"og:image\" content=\"https:\/\/radioactivegaming.eu\/wp-content\/uploads\/2020\/02\/20200224160539_1-scaled.jpg\" \/>\n\t<meta property=\"og:image:width\" content=\"2560\" \/>\n\t<meta property=\"og:image:height\" content=\"1440\" \/>\n\t<meta property=\"og:image:type\" content=\"image\/jpeg\" \/>\n<meta name=\"twitter:card\" content=\"summary_large_image\" \/>\n<meta name=\"twitter:label1\" content=\"Dur\u00e9e de lecture estim\u00e9e\" \/>\n\t<meta name=\"twitter:data1\" content=\"7 minutes\" \/>\n<script type=\"application\/ld+json\" class=\"yoast-schema-graph\">{\"@context\":\"https:\/\/schema.org\",\"@graph\":[{\"@type\":\"WebPage\",\"@id\":\"https:\/\/radioactivegaming.eu\/atlas\/handelshafen\/\",\"url\":\"https:\/\/radioactivegaming.eu\/atlas\/handelshafen\/\",\"name\":\"handelshafen - Radioactive Gaming\",\"isPartOf\":{\"@id\":\"https:\/\/radioactivegaming.eu\/#website\"},\"primaryImageOfPage\":{\"@id\":\"https:\/\/radioactivegaming.eu\/atlas\/handelshafen\/#primaryimage\"},\"image\":{\"@id\":\"https:\/\/radioactivegaming.eu\/atlas\/handelshafen\/#primaryimage\"},\"thumbnailUrl\":\"https:\/\/radioactivegaming.eu\/wp-content\/uploads\/2020\/02\/20200224160539_1-scaled.jpg\",\"datePublished\":\"2020-02-24T16:17:06+00:00\",\"dateModified\":\"2024-05-24T22:05:50+00:00\",\"breadcrumb\":{\"@id\":\"https:\/\/radioactivegaming.eu\/atlas\/handelshafen\/#breadcrumb\"},\"inLanguage\":\"fr-FR\",\"potentialAction\":[{\"@type\":\"ReadAction\",\"target\":[\"https:\/\/radioactivegaming.eu\/atlas\/handelshafen\/\"]}]},{\"@type\":\"ImageObject\",\"inLanguage\":\"fr-FR\",\"@id\":\"https:\/\/radioactivegaming.eu\/atlas\/handelshafen\/#primaryimage\",\"url\":\"https:\/\/radioactivegaming.eu\/wp-content\/uploads\/2020\/02\/20200224160539_1-scaled.jpg\",\"contentUrl\":\"https:\/\/radioactivegaming.eu\/wp-content\/uploads\/2020\/02\/20200224160539_1-scaled.jpg\",\"width\":2560,\"height\":1440},{\"@type\":\"BreadcrumbList\",\"@id\":\"https:\/\/radioactivegaming.eu\/atlas\/handelshafen\/#breadcrumb\",\"itemListElement\":[{\"@type\":\"ListItem\",\"position\":1,\"name\":\"Startseite\",\"item\":\"https:\/\/radioactivegaming.eu\/\"},{\"@type\":\"ListItem\",\"position\":2,\"name\":\"Atlas\",\"item\":\"https:\/\/radioactivegaming.eu\/atlas\/\"},{\"@type\":\"ListItem\",\"position\":3,\"name\":\"handelshafen\"}]},{\"@type\":\"WebSite\",\"@id\":\"https:\/\/radioactivegaming.eu\/#website\",\"url\":\"https:\/\/radioactivegaming.eu\/\",\"name\":\"Radioactive Gaming\",\"description\":\"\",\"publisher\":{\"@id\":\"https:\/\/radioactivegaming.eu\/#organization\"},\"potentialAction\":[{\"@type\":\"SearchAction\",\"target\":{\"@type\":\"EntryPoint\",\"urlTemplate\":\"https:\/\/radioactivegaming.eu\/?s={search_term_string}\"},\"query-input\":{\"@type\":\"PropertyValueSpecification\",\"valueRequired\":true,\"valueName\":\"search_term_string\"}}],\"inLanguage\":\"fr-FR\"},{\"@type\":\"Organization\",\"@id\":\"https:\/\/radioactivegaming.eu\/#organization\",\"name\":\"Radioactive Gaming\",\"url\":\"https:\/\/radioactivegaming.eu\/\",\"logo\":{\"@type\":\"ImageObject\",\"inLanguage\":\"fr-FR\",\"@id\":\"https:\/\/radioactivegaming.eu\/#\/schema\/logo\/image\/\",\"url\":\"https:\/\/radioactivegaming.eu\/wp-content\/uploads\/2019\/12\/cropped-coin-2.png\",\"contentUrl\":\"https:\/\/radioactivegaming.eu\/wp-content\/uploads\/2019\/12\/cropped-coin-2.png\",\"width\":256,\"height\":256,\"caption\":\"Radioactive Gaming\"},\"image\":{\"@id\":\"https:\/\/radioactivegaming.eu\/#\/schema\/logo\/image\/\"},\"sameAs\":[\"https:\/\/www.youtube.com\/channel\/UCHAH-p_vfp_co-__TB4M14A\"]}]}<\/script>\n<!-- \/ Yoast SEO plugin. -->","yoast_head_json":{"title":"port de commerce - Radioactive Gaming","robots":{"index":"index","follow":"follow","max-snippet":"max-snippet:-1","max-image-preview":"max-image-preview:large","max-video-preview":"max-video-preview:-1"},"canonical":"https:\/\/radioactivegaming.eu\/fr\/atlas\/port-de-commerce\/","og_locale":"fr_FR","og_type":"article","og_title":"handelshafen - Radioactive Gaming","og_description":"Nassau Mittig in C3 findet ihr die Insel Nassau mit der gleichnamigen Stadt! Schaut vorbei und staunet! Nassau in C3 hat viel zu bieten und ist ein beliebter Treffpunkt f\u00fcr Unternehmungen! Primitiv Haunted Chests Die Primitive Hauntet Chests ist daf\u00fcr Gedacht euch den Einstieg ins Spiel etwas zu vereinfachen. Ihr bekommt dort eure ersten Goldm\u00fcnzen&hellip; Read more","og_url":"https:\/\/radioactivegaming.eu\/fr\/atlas\/port-de-commerce\/","og_site_name":"Radioactive Gaming","article_modified_time":"2024-05-24T22:05:50+00:00","og_image":[{"width":2560,"height":1440,"url":"https:\/\/radioactivegaming.eu\/wp-content\/uploads\/2020\/02\/20200224160539_1-scaled.jpg","type":"image\/jpeg"}],"twitter_card":"summary_large_image","twitter_misc":{"Dur\u00e9e de lecture estim\u00e9e":"7 minutes"},"schema":{"@context":"https:\/\/schema.org","@graph":[{"@type":"WebPage","@id":"https:\/\/radioactivegaming.eu\/atlas\/handelshafen\/","url":"https:\/\/radioactivegaming.eu\/atlas\/handelshafen\/","name":"port de commerce - Radioactive Gaming","isPartOf":{"@id":"https:\/\/radioactivegaming.eu\/#website"},"primaryImageOfPage":{"@id":"https:\/\/radioactivegaming.eu\/atlas\/handelshafen\/#primaryimage"},"image":{"@id":"https:\/\/radioactivegaming.eu\/atlas\/handelshafen\/#primaryimage"},"thumbnailUrl":"https:\/\/radioactivegaming.eu\/wp-content\/uploads\/2020\/02\/20200224160539_1-scaled.jpg","datePublished":"2020-02-24T16:17:06+00:00","dateModified":"2024-05-24T22:05:50+00:00","breadcrumb":{"@id":"https:\/\/radioactivegaming.eu\/atlas\/handelshafen\/#breadcrumb"},"inLanguage":"fr-FR","potentialAction":[{"@type":"ReadAction","target":["https:\/\/radioactivegaming.eu\/atlas\/handelshafen\/"]}]},{"@type":"ImageObject","inLanguage":"fr-FR","@id":"https:\/\/radioactivegaming.eu\/atlas\/handelshafen\/#primaryimage","url":"https:\/\/radioactivegaming.eu\/wp-content\/uploads\/2020\/02\/20200224160539_1-scaled.jpg","contentUrl":"https:\/\/radioactivegaming.eu\/wp-content\/uploads\/2020\/02\/20200224160539_1-scaled.jpg","width":2560,"height":1440},{"@type":"BreadcrumbList","@id":"https:\/\/radioactivegaming.eu\/atlas\/handelshafen\/#breadcrumb","itemListElement":[{"@type":"ListItem","position":1,"name":"Startseite","item":"https:\/\/radioactivegaming.eu\/"},{"@type":"ListItem","position":2,"name":"Atlas","item":"https:\/\/radioactivegaming.eu\/atlas\/"},{"@type":"ListItem","position":3,"name":"handelshafen"}]},{"@type":"WebSite","@id":"https:\/\/radioactivegaming.eu\/#website","url":"https:\/\/radioactivegaming.eu\/","name":"Jeux radioactifs","description":"","publisher":{"@id":"https:\/\/radioactivegaming.eu\/#organization"},"potentialAction":[{"@type":"SearchAction","target":{"@type":"EntryPoint","urlTemplate":"https:\/\/radioactivegaming.eu\/?s={search_term_string}"},"query-input":{"@type":"PropertyValueSpecification","valueRequired":true,"valueName":"search_term_string"}}],"inLanguage":"fr-FR"},{"@type":"Organization","@id":"https:\/\/radioactivegaming.eu\/#organization","name":"Jeux radioactifs","url":"https:\/\/radioactivegaming.eu\/","logo":{"@type":"ImageObject","inLanguage":"fr-FR","@id":"https:\/\/radioactivegaming.eu\/#\/schema\/logo\/image\/","url":"https:\/\/radioactivegaming.eu\/wp-content\/uploads\/2019\/12\/cropped-coin-2.png","contentUrl":"https:\/\/radioactivegaming.eu\/wp-content\/uploads\/2019\/12\/cropped-coin-2.png","width":256,"height":256,"caption":"Radioactive Gaming"},"image":{"@id":"https:\/\/radioactivegaming.eu\/#\/schema\/logo\/image\/"},"sameAs":["https:\/\/www.youtube.com\/channel\/UCHAH-p_vfp_co-__TB4M14A"]}]}},"jetpack_sharing_enabled":true,"_links":{"self":[{"href":"https:\/\/radioactivegaming.eu\/fr\/wp-json\/wp\/v2\/pages\/1122","targetHints":{"allow":["GET"]}}],"collection":[{"href":"https:\/\/radioactivegaming.eu\/fr\/wp-json\/wp\/v2\/pages"}],"about":[{"href":"https:\/\/radioactivegaming.eu\/fr\/wp-json\/wp\/v2\/types\/page"}],"author":[{"embeddable":true,"href":"https:\/\/radioactivegaming.eu\/fr\/wp-json\/wp\/v2\/users\/1"}],"replies":[{"embeddable":true,"href":"https:\/\/radioactivegaming.eu\/fr\/wp-json\/wp\/v2\/comments?post=1122"}],"version-history":[{"count":22,"href":"https:\/\/radioactivegaming.eu\/fr\/wp-json\/wp\/v2\/pages\/1122\/revisions"}],"predecessor-version":[{"id":5434,"href":"https:\/\/radioactivegaming.eu\/fr\/wp-json\/wp\/v2\/pages\/1122\/revisions\/5434"}],"up":[{"embeddable":true,"href":"https:\/\/radioactivegaming.eu\/fr\/wp-json\/wp\/v2\/pages\/13"}],"wp:featuredmedia":[{"embeddable":true,"href":"https:\/\/radioactivegaming.eu\/fr\/wp-json\/wp\/v2\/media\/1139"}],"wp:attachment":[{"href":"https:\/\/radioactivegaming.eu\/fr\/wp-json\/wp\/v2\/media?parent=1122"}],"curies":[{"name":"wp","href":"https:\/\/api.w.org\/{rel}","templated":true}]}}