{"id":2889,"date":"2021-03-16T21:09:52","date_gmt":"2021-03-16T20:09:52","guid":{"rendered":"https:\/\/radioactivegaming.eu\/?page_id=2889"},"modified":"2024-05-25T11:26:24","modified_gmt":"2024-05-25T09:26:24","slug":"stable","status":"publish","type":"page","link":"https:\/\/radioactivegaming.eu\/fr\/atlas\/stable\/","title":{"rendered":"Stable"},"content":{"rendered":"<div  data-label=\"features\" data-id=\"overlappable--1\" data-export-id=\"overlappable-4\" data-category=\"overlappable\" class=\"overlappable-4 content-section content-section-spacing content-relative\" data-overlap=\"true\" id=\"features\" style=\"background-color: rgb(255, 255, 255);\"><div  class=\"section-separator-top\">\n    <svg  class=\"section-separator-top\" data-separator-name=\"triangle-asymmetrical-negative\" preserveaspectratio=\"none\" viewbox=\"0 0 1000 100\" xmlns=\"http:\/\/www.w3.org\/2000\/svg\">\n        <path  class=\"svg-white-bg\" d=\"M737.9,94.7L0,0v100h1000V0L737.9,94.7z\"><\/path>\n    <\/svg>\n<\/div><div  class=\"gridContainer\"> <div  data-type=\"row\" class=\"row spaced-cols text-center content-center-sm center-sm\"><div  class=\"col-xs-12 col-sm-4 col-padding\"> <i  class=\"fa icon fa-clone large shadow-large-black round aligncenter reverse color1\"><\/i> <div  data-type=\"column\" class=\"\"> <h5  class=\"\">Acc\u00e8s \u00e0 toutes les cartes<\/h5> <p  class=\"\">Les animaux peuvent \u00eatre d\u00e9pos\u00e9s ou r\u00e9cup\u00e9r\u00e9s dans les \u00e9curies de chaque grille !<\/p><\/div> <\/div> <div  class=\"col-xs-12 col-sm-4 col-padding\"> <i  class=\"fa icon fa-cogs large shadow-large-black round aligncenter reverse color1\"><\/i> <div  data-type=\"column\" class=\"\"><h5  class=\"\">Stats &amp; infos<\/h5> <p  class=\"\">Vous pouvez voir les couleurs, les stats et les points distribu\u00e9s des animaux qui se trouvent dans l'\u00e9curie.<\/p><\/div> <\/div> <div  class=\"col-xs-12 col-sm-4 col-padding\"> <i  class=\"fa icon fa-magic large shadow-large-black round aligncenter reverse color1\"><\/i> <div  data-type=\"column\" class=\"\"><h5  class=\"\">Cooldown de matage &amp; XP<\/h5> <p  class=\"\">Le Mating Cooldown des animaux t\u00e9l\u00e9charg\u00e9s se d\u00e9roule exactement comme s'ils se trouvaient sur la carte.\n<br >De m\u00eame, les animaux re\u00e7oivent des points d'exp\u00e9rience !<\/p><\/div> <\/div><div  class=\"col-xs-12 col-sm-4 col-padding\"> <i  class=\"fa icon shadow-large-black aligncenter fa-angle-double-up reverse round large color1\"><\/i> <div  data-type=\"column\" class=\"\"> <h5  class=\"\">Performance<\/h5> <p  class=\"\">Les animaux qui se trouvent dans l'\u00e9curie ne consomment pas de performance, n'ont pas besoin de nourriture et ne contribuent pas \u00e0 la limite de domestication !<\/p><\/div> <\/div><div  class=\"col-xs-12 col-sm-4 col-padding\"> <i  class=\"fa icon shadow-large-black aligncenter fa-cloud reverse round large color1\"><\/i> <div  data-type=\"column\" class=\"\"> <h5  class=\"\">Acc\u00e8s au web<\/h5> <p  class=\"\">\u00c0 propos de notre <a data-mce-href=\"https:\/\/atlasui.radioactivegaming.eu\/stable\/personal\" href=\"https:\/\/atlasui.radioactivegaming.eu\/stable\/personal\" target=\"_blank\" rel=\"noopener\" data-mce-selected=\"inline-boundary\" data-cp-link=\"1\" class=\"\">Atlas-UI<\/a> vous pouvez facilement voir et g\u00e9rer vos animaux !<\/p><\/div> <\/div><div  class=\"col-xs-12 col-sm-4 col-padding\"> <i  class=\"fa icon shadow-large-black aligncenter fa-angellist reverse round large color1\"><\/i> <div  data-type=\"column\" class=\"\"> <h5  class=\"\">Selles &amp; buffs<\/h5> <p  class=\"\">Les selles \u00e9quip\u00e9es &amp; les buffs permanents (par ex. Rare Sightings) sont conserv\u00e9s dans le stable !<\/p><\/div> <\/div><div  class=\"col-xs-12 col-sm-4 col-padding\"> <i  class=\"fa icon shadow-large-black aligncenter fa-american-sign-language-interpreting reverse round large color1\"><\/i> <div  data-type=\"column\" class=\"\"> <h5  class=\"\">T\u00e9l\u00e9charger Debuff<\/h5> <p  class=\"\">Si les animaux sont t\u00e9l\u00e9charg\u00e9s dans une grille diff\u00e9rente de celle o\u00f9 ils ont \u00e9t\u00e9 t\u00e9l\u00e9charg\u00e9s, ils re\u00e7oivent un debuff de 4 heures pendant lequel ils subissent quatre fois plus de d\u00e9g\u00e2ts.\n<br ><br >Si l'animal voyage au-del\u00e0 d'une limite de grille, le buff dispara\u00eet automatiquement.<\/p><\/div> <\/div><div  class=\"col-xs-12 col-sm-4 col-padding\"> <i  class=\"fa icon shadow-large-black aligncenter fa-align-left reverse round large color1\"><\/i> <div  data-type=\"column\" class=\"\"> <h5  class=\"\">Limites<\/h5> <p  class=\"\">Dans la stable, chaque joueur peut stocker jusqu'\u00e0 1000 animaux et ainsi soulager le serveur.\n<br ><br >Un espace suppl\u00e9mentaire de 150 animaux est disponible pour les compagnies.\n<br ><br >Seule la personne qui a t\u00e9l\u00e9charg\u00e9 les animaux a acc\u00e8s \u00e0 ces derniers.<\/p><\/div> <\/div><div  class=\"col-xs-12 col-sm-4 col-padding\"> <i  class=\"fa icon shadow-large-black aligncenter fa-share-alt reverse round large color1\"><\/i> <div  data-type=\"column\" class=\"\"> <h5  class=\"\">Soci\u00e9t\u00e9 stable<\/h5> <p  class=\"\">L'\u00e9curie a \u00e9galement la capacit\u00e9 de stocker des animaux pour toute la compagnie !\n<br ><br >L'acc\u00e8s est limit\u00e9 \u00e0 un seul membre de la soci\u00e9t\u00e9 \u00e0 la fois.<\/p><\/div> <\/div><div  class=\"col-xs-12 col-sm-4 col-padding\"> <i  class=\"fa icon shadow-large-black aligncenter fa-spoon reverse round large color1\"><\/i> <div  data-type=\"column\" class=\"\"> <h5  class=\"\">Stable primitif<\/h5> <p  class=\"\">Cette \u00e9curie conviviale pour les d\u00e9butants ne dispose pas de toutes les fonctionnalit\u00e9s de l'\u00e9curie normale, mais peut \u00eatre construite d\u00e8s les premi\u00e8res heures.<\/p><\/div> <\/div><div  class=\"col-xs-12 col-sm-4 col-padding\"> <i  class=\"fa icon shadow-large-black aligncenter fa-balance-scale reverse round large color1\"><\/i> <div  data-type=\"column\" class=\"\"> <h5  class=\"\">Production d'articles<\/h5> <p  class=\"\">Certains animaux produisent passivement des objets dans les stables que vous pouvez r\u00e9cup\u00e9rer \u00e0 intervalles r\u00e9guliers. (par ex. cochon -&gt; crottes)\n<br ><br >Vous trouverez une liste actualis\u00e9e \u00e0 tout moment dans notre <a data-mce-href=\"https:\/\/discord.com\/channels\/652851613140254740\/1056181027208433674\/1056181027208433674\" href=\"https:\/\/discord.com\/channels\/652851613140254740\/1056181027208433674\/1056181027208433674\" target=\"_blank\" rel=\"noopener\" data-mce-selected=\"inline-boundary\" data-cp-link=\"1\" class=\"\">Discord<\/a><\/p><\/div> <\/div><\/div> <\/div><\/div><div  data-label=\"Herstellung\" data-id=\"content--1\" data-export-id=\"content-12\" data-category=\"content\" class=\"content-12 content-section content-section-spacing\" id=\"herstellung-1\" style=\"background-color: rgb(245, 250, 253);\"><div  class=\"gridContainer\"> <div  class=\"row text-center\"><div  class=\"section-title-col\" data-type=\"column\"> <h4  class=\"\">Vu la complexit\u00e9 de la stable, vous trouverez \u00e9galement une FAQ sur Discord en <a data-mce-href=\"https:\/\/discord.com\/channels\/652851613140254740\/1213576131840581693\/1213576131840581693\" href=\"https:\/\/discord.com\/channels\/652851613140254740\/1213576131840581693\/1213576131840581693\" target=\"_blank\" rel=\"noopener\" data-mce-selected=\"inline-boundary\" data-cp-link=\"1\" class=\"\">Allemand<\/a> et <a data-mce-href=\"https:\/\/discord.com\/channels\/652851613140254740\/1213586723498360842\/1213586723498360842\" href=\"https:\/\/discord.com\/channels\/652851613140254740\/1213586723498360842\/1213586723498360842\" target=\"_blank\" rel=\"noopener\" data-mce-selected=\"inline-boundary\" data-cp-link=\"1\" class=\"\">Anglais<\/a>!<\/h4><h2  class=\"\">\n<br ><br >Production<\/h2> <p  class=\"lead\">Vous pouvez fabriquer le stabile dans l'\u00e9tabli alchimique, vous aurez besoin de quelques ressources rares !\n<br ><br >Ceux qui n'ont pas encore de stable peuvent acc\u00e9der au syst\u00e8me de stables sur l'un des stables du Freeport, sur l'\u00eele des administrateurs (C3) ou chez leur voisin.<\/p><\/div> <\/div> <div  class=\"row center-xs middle-xs\"> <div  class=\"col-sm-9\" data-type=\"column\"> <\/div> <\/div><\/div> <\/div><div data-label=\"Overlappable\" data-id=\"overlappable--3\" data-export-id=\"overlappable-2\" data-category=\"overlappable\" class=\"overlappable-2 content-section content-section-spacing\" data-overlap=\"true\" id=\"overlappable-2\"  style=\"background-color: rgb(255, 255, 255);\"><div class=\"gridContainer\" > <div class=\"row middle-sm shadow-medium bg-color-white\" ><div class=\"col-xs-12 col-sm-4 top-sm col-padding col-padding-xs\" data-type=\"column\" > <h3 class=\"font-300\" >Options de filtrage<\/h3> <p class=\"\" >Pour vous faciliter la vie, la recherche dans le stable est dot\u00e9e de quelques options de filtrage.\n<br ><br >\n<br ><span style=\"font-weight: 600;\" >Signes particuliers :<\/span><br >\nUtilise ! pour inverser un argument<br >\nUtilise &gt;,&gt;=,&lt;,&lt;= pour affiner la recherche<\/p> <\/div> <div class=\"col-xs-12 col-sm-8\" ><div data-type=\"row\" class=\"row\" > <div class=\"col-xs-12 col-sm-6 col-padding col-padding-small-xs\" ><i class=\"fa icon fa-male bordered round color1\" ><\/i> <h5 class=\"\" >Sexe<\/h5> <p class=\"\" >Genre:Homme\/Femme<\/p><\/div> <div class=\"col-xs-12 col-sm-6 col-padding col-padding-small-xs\" ><i class=\"fa icon fa-balance-scale bordered round color1\" ><\/i> <h5 class=\"\" >Selle<\/h5> <p class=\"\" >Selle:Yes\/No<\/p><\/div> <div class=\"col-xs-12 col-sm-6 col-padding col-padding-small-xs\" ><i class=\"fa icon fa-pagelines bordered round color1\" ><\/i> <h5 class=\"\" >Vieux<\/h5> <p class=\"\" >Maturity:Baby\/Juvenile\/Adolescent\/Adult ou un nombre comme 80 (dans ce cas, nous affichons tout ce qui est &gt; \u00e0 80% croissance)<\/p><\/div> <div class=\"col-xs-12 col-sm-6 col-padding col-padding-small-xs\" > <i class=\"fa icon fa-american-sign-language-interpreting bordered round color1\" ><\/i> <h5 class=\"\" >Temps de latence (Mating Cooldown)<\/h5> <p class=\"\" >Mating:Ready\/time (vous pouvez \u00e9crire l'heure comme une heure normale, par exemple 12:00 pour 12 minutes, 2:00:00 pour 2 heures, etc.<\/p><\/div> <div class=\"col-xs-12 col-sm-6 col-padding col-padding-small-xs\" ><i class=\"fa icon fa-plus-circle bordered round color1\" ><\/i> <h5 class=\"\" >Sant\u00e9<\/h5> <p class=\"\" >Health:\/HealthWild:\/HealthTamed : suivi d'un chiffre<\/p><\/div><div class=\"col-xs-12 col-sm-6 col-padding col-padding-small-xs\" ><i class=\"fa icon fa-battery bordered round color1\" ><\/i> <h5 class=\"\" >Stamina<\/h5> <p class=\"\" >Stamina:\/StaminaWild:\/StaminaTamed : suivi d'un nombre<\/p><\/div><div class=\"col-xs-12 col-sm-6 col-padding col-padding-small-xs\" ><i class=\"fa icon fa-braille bordered round color1\" ><\/i> <h5 class=\"\" >Oxyg\u00e8ne<\/h5> <p class=\"\" >Oxygen:\/OxygenWild:\/OxygenTamed : suivi d'un chiffre<\/p><\/div><div class=\"col-xs-12 col-sm-6 col-padding col-padding-small-xs\" ><i class=\"fa icon fa-shopping-bag bordered round color1\" ><\/i> <h5 class=\"\" >Poids<\/h5> <p class=\"\" >Weight:\/WeightWild:\/WeightTamed : suivi d'un chiffre<\/p><\/div><div class=\"col-xs-12 col-sm-6 col-padding col-padding-small-xs\" ><i class=\"fa icon fa-apple bordered round color1\" ><\/i> <h5 class=\"\" >Alimentation<\/h5> <p class=\"\" >Food:\/FoodWild:\/FoodTamed : suivi d'un chiffre<\/p><\/div><div class=\"col-xs-12 col-sm-6 col-padding col-padding-small-xs\" ><i class=\"fa icon fa-hand-grab-o bordered round color1\" ><\/i> <h5 class=\"\" >Mlee<\/h5> <p class=\"\" >Melee:\/MeleeWild:\/MeleeTamed : suivi d'un chiffre<\/p><\/div><\/div><\/div> <\/div><\/div> <\/div>","protected":false},"excerpt":{"rendered":"<p>Acc\u00e8s \u00e0 toutes les cartes Les animaux peuvent \u00eatre d\u00e9pos\u00e9s ou r\u00e9cup\u00e9r\u00e9s sur n'importe quelle grille ! Stats &amp; infos Vous pouvez voir les couleurs, les stats et les points distribu\u00e9s des animaux qui se trouvent dans l'\u00e9curie. Mating Cooldown &amp; XP Le Mating Cooldown des animaux t\u00e9l\u00e9charg\u00e9s se d\u00e9roule exactement comme s'ils se trouvaient sur la carte. Les animaux re\u00e7oivent \u00e9galement... <br \/> <a class=\"read-more\" href=\"https:\/\/radioactivegaming.eu\/fr\/atlas\/stable\/\">Read more<\/a><\/p>","protected":false},"author":1,"featured_media":0,"parent":13,"menu_order":0,"comment_status":"closed","ping_status":"closed","template":"pro\/page-templates\/full-width-page.php","meta":{"footnotes":""},"class_list":["post-2889","page","type-page","status-publish","hentry"],"yoast_head":"<!-- This site is optimized with the Yoast SEO plugin v26.3 - https:\/\/yoast.com\/wordpress\/plugins\/seo\/ -->\n<title>Stable - Radioactive Gaming<\/title>\n<meta name=\"robots\" content=\"index, follow, max-snippet:-1, max-image-preview:large, max-video-preview:-1\" \/>\n<link rel=\"canonical\" href=\"https:\/\/radioactivegaming.eu\/fr\/atlas\/stable\/\" \/>\n<meta property=\"og:locale\" content=\"fr_FR\" \/>\n<meta property=\"og:type\" content=\"article\" \/>\n<meta property=\"og:title\" content=\"Stable - Radioactive Gaming\" \/>\n<meta property=\"og:description\" content=\"Karten\u00fcbergreifender Zugriff Tiere k\u00f6nnen in jedem Grid in den Stable gegeben bzw. abgeholt werden! Stats &amp; Infos Ihr k\u00f6nnt Farben, Stats und verteilte Punkte von Tieren einsehen, die sich im Stable befinden. Mating Cooldown &amp; XP Der Mating Cooldown hochgeladener Tiere l\u00e4uft genauso ab, als wenn sie sich auf der Karte befinden w\u00fcrden. Ebenfalls erhalten&hellip; Read more\" \/>\n<meta property=\"og:url\" content=\"https:\/\/radioactivegaming.eu\/fr\/atlas\/stable\/\" \/>\n<meta property=\"og:site_name\" content=\"Radioactive Gaming\" \/>\n<meta property=\"article:modified_time\" content=\"2024-05-25T09:26:24+00:00\" \/>\n<meta name=\"twitter:card\" content=\"summary_large_image\" \/>\n<meta name=\"twitter:label1\" content=\"Dur\u00e9e de lecture estim\u00e9e\" \/>\n\t<meta name=\"twitter:data1\" content=\"2 minutes\" \/>\n<script type=\"application\/ld+json\" class=\"yoast-schema-graph\">{\"@context\":\"https:\/\/schema.org\",\"@graph\":[{\"@type\":\"WebPage\",\"@id\":\"https:\/\/radioactivegaming.eu\/atlas\/stable\/\",\"url\":\"https:\/\/radioactivegaming.eu\/atlas\/stable\/\",\"name\":\"Stable - Radioactive Gaming\",\"isPartOf\":{\"@id\":\"https:\/\/radioactivegaming.eu\/#website\"},\"datePublished\":\"2021-03-16T20:09:52+00:00\",\"dateModified\":\"2024-05-25T09:26:24+00:00\",\"breadcrumb\":{\"@id\":\"https:\/\/radioactivegaming.eu\/atlas\/stable\/#breadcrumb\"},\"inLanguage\":\"fr-FR\",\"potentialAction\":[{\"@type\":\"ReadAction\",\"target\":[\"https:\/\/radioactivegaming.eu\/atlas\/stable\/\"]}]},{\"@type\":\"BreadcrumbList\",\"@id\":\"https:\/\/radioactivegaming.eu\/atlas\/stable\/#breadcrumb\",\"itemListElement\":[{\"@type\":\"ListItem\",\"position\":1,\"name\":\"Startseite\",\"item\":\"https:\/\/radioactivegaming.eu\/\"},{\"@type\":\"ListItem\",\"position\":2,\"name\":\"Atlas\",\"item\":\"https:\/\/radioactivegaming.eu\/atlas\/\"},{\"@type\":\"ListItem\",\"position\":3,\"name\":\"Stable\"}]},{\"@type\":\"WebSite\",\"@id\":\"https:\/\/radioactivegaming.eu\/#website\",\"url\":\"https:\/\/radioactivegaming.eu\/\",\"name\":\"Radioactive Gaming\",\"description\":\"\",\"publisher\":{\"@id\":\"https:\/\/radioactivegaming.eu\/#organization\"},\"potentialAction\":[{\"@type\":\"SearchAction\",\"target\":{\"@type\":\"EntryPoint\",\"urlTemplate\":\"https:\/\/radioactivegaming.eu\/?s={search_term_string}\"},\"query-input\":{\"@type\":\"PropertyValueSpecification\",\"valueRequired\":true,\"valueName\":\"search_term_string\"}}],\"inLanguage\":\"fr-FR\"},{\"@type\":\"Organization\",\"@id\":\"https:\/\/radioactivegaming.eu\/#organization\",\"name\":\"Radioactive Gaming\",\"url\":\"https:\/\/radioactivegaming.eu\/\",\"logo\":{\"@type\":\"ImageObject\",\"inLanguage\":\"fr-FR\",\"@id\":\"https:\/\/radioactivegaming.eu\/#\/schema\/logo\/image\/\",\"url\":\"https:\/\/radioactivegaming.eu\/wp-content\/uploads\/2019\/12\/cropped-coin-2.png\",\"contentUrl\":\"https:\/\/radioactivegaming.eu\/wp-content\/uploads\/2019\/12\/cropped-coin-2.png\",\"width\":256,\"height\":256,\"caption\":\"Radioactive Gaming\"},\"image\":{\"@id\":\"https:\/\/radioactivegaming.eu\/#\/schema\/logo\/image\/\"},\"sameAs\":[\"https:\/\/www.youtube.com\/channel\/UCHAH-p_vfp_co-__TB4M14A\"]}]}<\/script>\n<!-- \/ Yoast SEO plugin. -->","yoast_head_json":{"title":"Stable - Radioactive Gaming","robots":{"index":"index","follow":"follow","max-snippet":"max-snippet:-1","max-image-preview":"max-image-preview:large","max-video-preview":"max-video-preview:-1"},"canonical":"https:\/\/radioactivegaming.eu\/fr\/atlas\/stable\/","og_locale":"fr_FR","og_type":"article","og_title":"Stable - Radioactive Gaming","og_description":"Karten\u00fcbergreifender Zugriff Tiere k\u00f6nnen in jedem Grid in den Stable gegeben bzw. abgeholt werden! Stats &amp; Infos Ihr k\u00f6nnt Farben, Stats und verteilte Punkte von Tieren einsehen, die sich im Stable befinden. Mating Cooldown &amp; XP Der Mating Cooldown hochgeladener Tiere l\u00e4uft genauso ab, als wenn sie sich auf der Karte befinden w\u00fcrden. Ebenfalls erhalten&hellip; Read more","og_url":"https:\/\/radioactivegaming.eu\/fr\/atlas\/stable\/","og_site_name":"Radioactive Gaming","article_modified_time":"2024-05-25T09:26:24+00:00","twitter_card":"summary_large_image","twitter_misc":{"Dur\u00e9e de lecture estim\u00e9e":"2 minutes"},"schema":{"@context":"https:\/\/schema.org","@graph":[{"@type":"WebPage","@id":"https:\/\/radioactivegaming.eu\/atlas\/stable\/","url":"https:\/\/radioactivegaming.eu\/atlas\/stable\/","name":"Stable - Radioactive Gaming","isPartOf":{"@id":"https:\/\/radioactivegaming.eu\/#website"},"datePublished":"2021-03-16T20:09:52+00:00","dateModified":"2024-05-25T09:26:24+00:00","breadcrumb":{"@id":"https:\/\/radioactivegaming.eu\/atlas\/stable\/#breadcrumb"},"inLanguage":"fr-FR","potentialAction":[{"@type":"ReadAction","target":["https:\/\/radioactivegaming.eu\/atlas\/stable\/"]}]},{"@type":"BreadcrumbList","@id":"https:\/\/radioactivegaming.eu\/atlas\/stable\/#breadcrumb","itemListElement":[{"@type":"ListItem","position":1,"name":"Startseite","item":"https:\/\/radioactivegaming.eu\/"},{"@type":"ListItem","position":2,"name":"Atlas","item":"https:\/\/radioactivegaming.eu\/atlas\/"},{"@type":"ListItem","position":3,"name":"Stable"}]},{"@type":"WebSite","@id":"https:\/\/radioactivegaming.eu\/#website","url":"https:\/\/radioactivegaming.eu\/","name":"Jeux radioactifs","description":"","publisher":{"@id":"https:\/\/radioactivegaming.eu\/#organization"},"potentialAction":[{"@type":"SearchAction","target":{"@type":"EntryPoint","urlTemplate":"https:\/\/radioactivegaming.eu\/?s={search_term_string}"},"query-input":{"@type":"PropertyValueSpecification","valueRequired":true,"valueName":"search_term_string"}}],"inLanguage":"fr-FR"},{"@type":"Organization","@id":"https:\/\/radioactivegaming.eu\/#organization","name":"Jeux radioactifs","url":"https:\/\/radioactivegaming.eu\/","logo":{"@type":"ImageObject","inLanguage":"fr-FR","@id":"https:\/\/radioactivegaming.eu\/#\/schema\/logo\/image\/","url":"https:\/\/radioactivegaming.eu\/wp-content\/uploads\/2019\/12\/cropped-coin-2.png","contentUrl":"https:\/\/radioactivegaming.eu\/wp-content\/uploads\/2019\/12\/cropped-coin-2.png","width":256,"height":256,"caption":"Radioactive Gaming"},"image":{"@id":"https:\/\/radioactivegaming.eu\/#\/schema\/logo\/image\/"},"sameAs":["https:\/\/www.youtube.com\/channel\/UCHAH-p_vfp_co-__TB4M14A"]}]}},"jetpack_sharing_enabled":true,"_links":{"self":[{"href":"https:\/\/radioactivegaming.eu\/fr\/wp-json\/wp\/v2\/pages\/2889","targetHints":{"allow":["GET"]}}],"collection":[{"href":"https:\/\/radioactivegaming.eu\/fr\/wp-json\/wp\/v2\/pages"}],"about":[{"href":"https:\/\/radioactivegaming.eu\/fr\/wp-json\/wp\/v2\/types\/page"}],"author":[{"embeddable":true,"href":"https:\/\/radioactivegaming.eu\/fr\/wp-json\/wp\/v2\/users\/1"}],"replies":[{"embeddable":true,"href":"https:\/\/radioactivegaming.eu\/fr\/wp-json\/wp\/v2\/comments?post=2889"}],"version-history":[{"count":7,"href":"https:\/\/radioactivegaming.eu\/fr\/wp-json\/wp\/v2\/pages\/2889\/revisions"}],"predecessor-version":[{"id":5470,"href":"https:\/\/radioactivegaming.eu\/fr\/wp-json\/wp\/v2\/pages\/2889\/revisions\/5470"}],"up":[{"embeddable":true,"href":"https:\/\/radioactivegaming.eu\/fr\/wp-json\/wp\/v2\/pages\/13"}],"wp:attachment":[{"href":"https:\/\/radioactivegaming.eu\/fr\/wp-json\/wp\/v2\/media?parent=2889"}],"curies":[{"name":"wp","href":"https:\/\/api.w.org\/{rel}","templated":true}]}}