{"id":3058,"date":"2021-03-17T12:34:18","date_gmt":"2021-03-17T11:34:18","guid":{"rendered":"https:\/\/radioactivegaming.eu\/?page_id=3058"},"modified":"2024-05-24T22:38:52","modified_gmt":"2024-05-24T20:38:52","slug":"buccaneers","status":"publish","type":"page","link":"https:\/\/radioactivegaming.eu\/fr\/atlas\/buccaneers\/","title":{"rendered":"buccaneers"},"content":{"rendered":"<div  data-label=\"Overlappable\" data-id=\"overlappable--1\" data-export-id=\"overlappable-2\" data-category=\"overlappable\" class=\"overlappable-2 content-section content-section-spacing content-relative\" data-overlap=\"true\" id=\"overlappable-1\" style=\"background-color: rgb(255, 255, 255);\"><div  class=\"section-separator-top\">\n    <svg  class=\"section-separator-top\" data-separator-name=\"triangle-asymmetrical-negative\" preserveaspectratio=\"none\" viewbox=\"0 0 1000 100\" xmlns=\"http:\/\/www.w3.org\/2000\/svg\">\n        <path  class=\"svg-white-bg\" d=\"M737.9,94.7L0,0v100h1000V0L737.9,94.7z\"><\/path>\n    <\/svg>\n<\/div><div  class=\"gridContainer\"> <div  class=\"row middle-sm shadow-medium bg-color-white\"><div  class=\"col-xs-12 col-sm-4 top-sm col-padding col-padding-xs\" data-type=\"column\"> <h3  class=\"font-300\">Sur nos mers, vous ne trouverez que des navires de corsaires et de factions (Navy &amp; Pirates).<br ><br >Les corsaires s'adressent principalement aux d\u00e9butants et aux tribus qui ne sont pas encore tr\u00e8s avanc\u00e9es dans le jeu.<br ><br >La qu\u00eate \"Fl\u00e9au des damn\u00e9s\", connue de l'Offi, peut \u00eatre accomplie en coulant un galion de boucanier.<\/h3>  <\/div> <div  class=\"col-xs-12 col-sm-8\"><div  data-type=\"row\" class=\"row\"> <div  class=\"col-xs-12 col-sm-6 col-padding col-padding-small-xs\"><i  class=\"fa icon bordered round fa-paper-plane color1\"><\/i> <h5  class=\"\">D\u00e9tection<\/h5> <p  class=\"\">Ils sont clairement reconnaissables \u00e0 leurs voiles rouges portant le logo des corsaires (ancre).<\/p><\/div> <div  class=\"col-xs-12 col-sm-6 col-padding col-padding-small-xs\"><i  class=\"fa icon fa-bomb bordered round color1\"><\/i> <h5  class=\"\">Aggro<\/h5> <p  class=\"\">Les corsaires n'ont pas de syst\u00e8me de standing, ils vous attaquent toujours.\n<br >Ils ne participent pas aux combats entre la marine et les pirates.<\/p><\/div><div  class=\"col-xs-12 col-sm-6 col-padding col-padding-small-xs\"><i  class=\"fa icon fa-angle-down bordered round color1\"><\/i> <h5  class=\"\">Difficult\u00e9<\/h5> <p  class=\"\">Ils coulent environ 2 fois plus vite (\u00e0 l'exception du galion) que les navires pirates et de la marine normaux.\n<br >Comme les autres navires, ils ne perdent de la vie (barre de HP) que lorsque l'eau entre dans le navire.<\/p><\/div> <div  class=\"col-xs-12 col-sm-6 col-padding col-padding-small-xs\"><i  class=\"fa icon bordered round fa-cubes color1\"><\/i> <h5  class=\"\">Loot<\/h5> <p  class=\"\">Les corsaires peuvent rapporter des bleus ainsi que des pi\u00e8ces termin\u00e9es.\n<br >Contrairement aux Pirates &amp; Navy, leur caisse de butin flotte \u00e0 la surface.\n<br >Leur butin n'est pas aussi bon que celui des pirates &amp; de la marine en raison de l'absence du syst\u00e8me de standing<\/p><\/div> <div  class=\"col-xs-12 col-sm-6 col-padding col-padding-small-xs\"> <i  class=\"fa icon fa-anchor bordered round color1\"><\/i> <h5  class=\"\">\u00c9paves<\/h5> <p  class=\"\">Comme pour Pirates &amp; Navy, l'\u00e9pave des corsaires peut \u00eatre exploit\u00e9e, mais donne moins de ressources que ces derniers.\n<br ><br >Si la caisse de butin est pill\u00e9e, l'\u00e9pave dispara\u00eet !<\/p><\/div> <div  class=\"col-xs-12 col-sm-6 col-padding col-padding-small-xs\"><i  class=\"fa icon fa-child bordered round color1\"><\/i> <h5  class=\"\">\u00c9quipe<\/h5> <p  class=\"\">Comme tous les navires PNJ, les corsaires droppent des \u00e9quipages recrutables, mais ceux-ci ne peuvent pas atteindre les niveaux qu'ils peuvent atteindre dans Pirates &amp; Navy.\n<br >Le niveau est al\u00e9atoire.<\/p><\/div><\/div><\/div> <\/div><\/div> <\/div>","protected":false},"excerpt":{"rendered":"<p>Les corsaires s'adressent principalement aux d\u00e9butants et aux tribus qui ne sont pas encore tr\u00e8s avanc\u00e9s dans le jeu. La qu\u00eate \"Fl\u00e9au des damn\u00e9s\", bien connue des officiers, peut \u00eatre accomplie en coulant un galion de boucanier. Reconnaissance Ils sont clairement... <br \/> <a class=\"read-more\" href=\"https:\/\/radioactivegaming.eu\/fr\/atlas\/buccaneers\/\">Read more<\/a><\/p>","protected":false},"author":1,"featured_media":0,"parent":13,"menu_order":0,"comment_status":"closed","ping_status":"closed","template":"pro\/page-templates\/full-width-page.php","meta":{"footnotes":""},"class_list":["post-3058","page","type-page","status-publish","hentry"],"yoast_head":"<!-- This site is optimized with the Yoast SEO plugin v26.3 - https:\/\/yoast.com\/wordpress\/plugins\/seo\/ -->\n<title>buccaneers - Radioactive Gaming<\/title>\n<meta name=\"robots\" content=\"index, follow, max-snippet:-1, max-image-preview:large, max-video-preview:-1\" \/>\n<link rel=\"canonical\" href=\"https:\/\/radioactivegaming.eu\/fr\/atlas\/buccaneers\/\" \/>\n<meta property=\"og:locale\" content=\"fr_FR\" \/>\n<meta property=\"og:type\" content=\"article\" \/>\n<meta property=\"og:title\" content=\"buccaneers - Radioactive Gaming\" \/>\n<meta property=\"og:description\" content=\"Auf unseren Meeren findet ihr nur Schiffe der Freibeuter sowie der Fraktionen (Navy &amp; Piraten)Die Freibeuter richten sich dabei vorallem an Anf\u00e4nger und Tribes welche noch nicht so weit im Spiel fortgeschritten sind.Die vom Offi bekannte &#8222;Scourge of the Damned&#8220; Quest kann durch das Versenken von einer Buccaneer Galleone abgeschlossen werden. Erkennbarkeit Sie sind deutlich&hellip; Read more\" \/>\n<meta property=\"og:url\" content=\"https:\/\/radioactivegaming.eu\/fr\/atlas\/buccaneers\/\" \/>\n<meta property=\"og:site_name\" content=\"Radioactive Gaming\" \/>\n<meta property=\"article:modified_time\" content=\"2024-05-24T20:38:52+00:00\" \/>\n<meta name=\"twitter:card\" content=\"summary_large_image\" \/>\n<meta name=\"twitter:label1\" content=\"Dur\u00e9e de lecture estim\u00e9e\" \/>\n\t<meta name=\"twitter:data1\" content=\"2 minutes\" \/>\n<script type=\"application\/ld+json\" class=\"yoast-schema-graph\">{\"@context\":\"https:\/\/schema.org\",\"@graph\":[{\"@type\":\"WebPage\",\"@id\":\"https:\/\/radioactivegaming.eu\/atlas\/buccaneers\/\",\"url\":\"https:\/\/radioactivegaming.eu\/atlas\/buccaneers\/\",\"name\":\"buccaneers - Radioactive Gaming\",\"isPartOf\":{\"@id\":\"https:\/\/radioactivegaming.eu\/#website\"},\"datePublished\":\"2021-03-17T11:34:18+00:00\",\"dateModified\":\"2024-05-24T20:38:52+00:00\",\"breadcrumb\":{\"@id\":\"https:\/\/radioactivegaming.eu\/atlas\/buccaneers\/#breadcrumb\"},\"inLanguage\":\"fr-FR\",\"potentialAction\":[{\"@type\":\"ReadAction\",\"target\":[\"https:\/\/radioactivegaming.eu\/atlas\/buccaneers\/\"]}]},{\"@type\":\"BreadcrumbList\",\"@id\":\"https:\/\/radioactivegaming.eu\/atlas\/buccaneers\/#breadcrumb\",\"itemListElement\":[{\"@type\":\"ListItem\",\"position\":1,\"name\":\"Startseite\",\"item\":\"https:\/\/radioactivegaming.eu\/\"},{\"@type\":\"ListItem\",\"position\":2,\"name\":\"Atlas\",\"item\":\"https:\/\/radioactivegaming.eu\/atlas\/\"},{\"@type\":\"ListItem\",\"position\":3,\"name\":\"buccaneers\"}]},{\"@type\":\"WebSite\",\"@id\":\"https:\/\/radioactivegaming.eu\/#website\",\"url\":\"https:\/\/radioactivegaming.eu\/\",\"name\":\"Radioactive Gaming\",\"description\":\"\",\"publisher\":{\"@id\":\"https:\/\/radioactivegaming.eu\/#organization\"},\"potentialAction\":[{\"@type\":\"SearchAction\",\"target\":{\"@type\":\"EntryPoint\",\"urlTemplate\":\"https:\/\/radioactivegaming.eu\/?s={search_term_string}\"},\"query-input\":{\"@type\":\"PropertyValueSpecification\",\"valueRequired\":true,\"valueName\":\"search_term_string\"}}],\"inLanguage\":\"fr-FR\"},{\"@type\":\"Organization\",\"@id\":\"https:\/\/radioactivegaming.eu\/#organization\",\"name\":\"Radioactive Gaming\",\"url\":\"https:\/\/radioactivegaming.eu\/\",\"logo\":{\"@type\":\"ImageObject\",\"inLanguage\":\"fr-FR\",\"@id\":\"https:\/\/radioactivegaming.eu\/#\/schema\/logo\/image\/\",\"url\":\"https:\/\/radioactivegaming.eu\/wp-content\/uploads\/2019\/12\/cropped-coin-2.png\",\"contentUrl\":\"https:\/\/radioactivegaming.eu\/wp-content\/uploads\/2019\/12\/cropped-coin-2.png\",\"width\":256,\"height\":256,\"caption\":\"Radioactive Gaming\"},\"image\":{\"@id\":\"https:\/\/radioactivegaming.eu\/#\/schema\/logo\/image\/\"},\"sameAs\":[\"https:\/\/www.youtube.com\/channel\/UCHAH-p_vfp_co-__TB4M14A\"]}]}<\/script>\n<!-- \/ Yoast SEO plugin. -->","yoast_head_json":{"title":"buccaneers - Radioactive Gaming","robots":{"index":"index","follow":"follow","max-snippet":"max-snippet:-1","max-image-preview":"max-image-preview:large","max-video-preview":"max-video-preview:-1"},"canonical":"https:\/\/radioactivegaming.eu\/fr\/atlas\/buccaneers\/","og_locale":"fr_FR","og_type":"article","og_title":"buccaneers - Radioactive Gaming","og_description":"Auf unseren Meeren findet ihr nur Schiffe der Freibeuter sowie der Fraktionen (Navy &amp; Piraten)Die Freibeuter richten sich dabei vorallem an Anf\u00e4nger und Tribes welche noch nicht so weit im Spiel fortgeschritten sind.Die vom Offi bekannte &#8222;Scourge of the Damned&#8220; Quest kann durch das Versenken von einer Buccaneer Galleone abgeschlossen werden. Erkennbarkeit Sie sind deutlich&hellip; Read more","og_url":"https:\/\/radioactivegaming.eu\/fr\/atlas\/buccaneers\/","og_site_name":"Radioactive Gaming","article_modified_time":"2024-05-24T20:38:52+00:00","twitter_card":"summary_large_image","twitter_misc":{"Dur\u00e9e de lecture estim\u00e9e":"2 minutes"},"schema":{"@context":"https:\/\/schema.org","@graph":[{"@type":"WebPage","@id":"https:\/\/radioactivegaming.eu\/atlas\/buccaneers\/","url":"https:\/\/radioactivegaming.eu\/atlas\/buccaneers\/","name":"buccaneers - Radioactive Gaming","isPartOf":{"@id":"https:\/\/radioactivegaming.eu\/#website"},"datePublished":"2021-03-17T11:34:18+00:00","dateModified":"2024-05-24T20:38:52+00:00","breadcrumb":{"@id":"https:\/\/radioactivegaming.eu\/atlas\/buccaneers\/#breadcrumb"},"inLanguage":"fr-FR","potentialAction":[{"@type":"ReadAction","target":["https:\/\/radioactivegaming.eu\/atlas\/buccaneers\/"]}]},{"@type":"BreadcrumbList","@id":"https:\/\/radioactivegaming.eu\/atlas\/buccaneers\/#breadcrumb","itemListElement":[{"@type":"ListItem","position":1,"name":"Startseite","item":"https:\/\/radioactivegaming.eu\/"},{"@type":"ListItem","position":2,"name":"Atlas","item":"https:\/\/radioactivegaming.eu\/atlas\/"},{"@type":"ListItem","position":3,"name":"buccaneers"}]},{"@type":"WebSite","@id":"https:\/\/radioactivegaming.eu\/#website","url":"https:\/\/radioactivegaming.eu\/","name":"Jeux radioactifs","description":"","publisher":{"@id":"https:\/\/radioactivegaming.eu\/#organization"},"potentialAction":[{"@type":"SearchAction","target":{"@type":"EntryPoint","urlTemplate":"https:\/\/radioactivegaming.eu\/?s={search_term_string}"},"query-input":{"@type":"PropertyValueSpecification","valueRequired":true,"valueName":"search_term_string"}}],"inLanguage":"fr-FR"},{"@type":"Organization","@id":"https:\/\/radioactivegaming.eu\/#organization","name":"Jeux radioactifs","url":"https:\/\/radioactivegaming.eu\/","logo":{"@type":"ImageObject","inLanguage":"fr-FR","@id":"https:\/\/radioactivegaming.eu\/#\/schema\/logo\/image\/","url":"https:\/\/radioactivegaming.eu\/wp-content\/uploads\/2019\/12\/cropped-coin-2.png","contentUrl":"https:\/\/radioactivegaming.eu\/wp-content\/uploads\/2019\/12\/cropped-coin-2.png","width":256,"height":256,"caption":"Radioactive Gaming"},"image":{"@id":"https:\/\/radioactivegaming.eu\/#\/schema\/logo\/image\/"},"sameAs":["https:\/\/www.youtube.com\/channel\/UCHAH-p_vfp_co-__TB4M14A"]}]}},"jetpack_sharing_enabled":true,"_links":{"self":[{"href":"https:\/\/radioactivegaming.eu\/fr\/wp-json\/wp\/v2\/pages\/3058","targetHints":{"allow":["GET"]}}],"collection":[{"href":"https:\/\/radioactivegaming.eu\/fr\/wp-json\/wp\/v2\/pages"}],"about":[{"href":"https:\/\/radioactivegaming.eu\/fr\/wp-json\/wp\/v2\/types\/page"}],"author":[{"embeddable":true,"href":"https:\/\/radioactivegaming.eu\/fr\/wp-json\/wp\/v2\/users\/1"}],"replies":[{"embeddable":true,"href":"https:\/\/radioactivegaming.eu\/fr\/wp-json\/wp\/v2\/comments?post=3058"}],"version-history":[{"count":5,"href":"https:\/\/radioactivegaming.eu\/fr\/wp-json\/wp\/v2\/pages\/3058\/revisions"}],"predecessor-version":[{"id":5401,"href":"https:\/\/radioactivegaming.eu\/fr\/wp-json\/wp\/v2\/pages\/3058\/revisions\/5401"}],"up":[{"embeddable":true,"href":"https:\/\/radioactivegaming.eu\/fr\/wp-json\/wp\/v2\/pages\/13"}],"wp:attachment":[{"href":"https:\/\/radioactivegaming.eu\/fr\/wp-json\/wp\/v2\/media?parent=3058"}],"curies":[{"name":"wp","href":"https:\/\/api.w.org\/{rel}","templated":true}]}}