{"id":3072,"date":"2021-03-17T12:57:00","date_gmt":"2021-03-17T11:57:00","guid":{"rendered":"https:\/\/radioactivegaming.eu\/?page_id=3072"},"modified":"2024-05-24T22:34:36","modified_gmt":"2024-05-24T20:34:36","slug":"rare-sightings","status":"publish","type":"page","link":"https:\/\/radioactivegaming.eu\/fr\/atlas\/rare-sightings\/","title":{"rendered":"rare sightings"},"content":{"rendered":"<div  data-label=\"About\" data-id=\"about--1\" data-export-id=\"about-1\" data-category=\"about\" class=\"about-1 content-section\" id=\"about-1\" style=\"background-color: rgb(255, 255, 255);\"><div  class=\"gridContainer\"> <div  class=\"row text-center\"><div  class=\"section-title-col\" data-type=\"column\"> <h5  class=\"\">Parfois, une cr\u00e9ature tr\u00e8s sp\u00e9ciale appara\u00eet !<\/h5> <h2  class=\"\">R\u00e9ussirez-vous \u00e0 les apprivoiser ?<\/h2> <p  class=\"lead\">Ces cr\u00e9atures apparaissent dans la zone de niveau 30-35 &amp; peuvent \u00eatre dompt\u00e9es normalement.<br >\nIls peuvent avoir des colorations particuli\u00e8res et \u00e9ventuellement des capacit\u00e9s et ne restent qu'un temps limit\u00e9 (~2 heures).<br >\nIl peut s'agir au hasard d'une cr\u00e9ature apprivoisable dans la grille correspondante !<br >\nVous pouvez trouver les spawns de ces cr\u00e9atures dans le Discord sous #<img decoding=\"async\"  draggable=\"false\" role=\"img\" class=\"emoji\" alt=\"?\" src=\"https:\/\/s.w.org\/images\/core\/emoji\/13.0.1\/svg\/1f340.svg\">rare-sightings<img decoding=\"async\"  draggable=\"false\" role=\"img\" class=\"emoji\" alt=\"?\" src=\"https:\/\/s.w.org\/images\/core\/emoji\/13.0.1\/svg\/1f340.svg\"> voir !\n<br ><br >Veuillez \u00e9galement consulter notre <a data-mce-href=\"radioactivegaming.eu\/de_de\/atlas\/#rules\" href=\"radioactivegaming.eu\/de_de\/atlas\/#rules\" target=\"_blank\" rel=\"noopener\" data-mce-selected=\"inline-boundary\" data-cp-link=\"1\">R\u00e8gles<\/a> \u00e0 Rare Sightings et utilise les <a data-mce-href=\"https:\/\/atlasui.radioactivegaming.eu\/raresightings\" href=\"https:\/\/atlasui.radioactivegaming.eu\/raresightings\" target=\"_blank\" rel=\"noopener\" data-mce-selected=\"inline-boundary\" data-cp-link=\"1\">AtlasUI<\/a>&nbsp;pour s'y conformer.<\/p><\/div> <\/div> <div  class=\"row\"> <div  class=\"button-holder space-bottom space-bottom-small\" data-type=\"column\"> <\/div> <div  class=\"col-xs bottom-xs flexbox image-group-bottom-3-img space-bottom-xs center-xs\"> <img decoding=\"async\"  class=\"left-img shadow-large-black\" data-size=\"500x300\" src=\"https:\/\/radioactivegaming.eu\/wp-content\/uploads\/2021\/03\/cropped-ba8aeb6950e03b56ca5358b15276575c-jpg.jpg\" title=\"cropped-ba8aeb6950e03b56ca5358b15276575c-jpg.jpg\" alt=\"\"> <img decoding=\"async\"  class=\"center-img shadow-large-black\" data-size=\"500x300\" src=\"https:\/\/radioactivegaming.eu\/wp-content\/uploads\/2021\/03\/cropped-20210303041329_1.jpg\" title=\"cropped-20210303041329_1.jpg\" alt=\"\"> <img decoding=\"async\"  class=\"right-img shadow-large-black\" data-size=\"500x300\" src=\"https:\/\/radioactivegaming.eu\/wp-content\/uploads\/2021\/03\/cropped-f81dacb12e7a4b5f8e81788b292f6829-jpg.jpg\" title=\"cropped-f81dacb12e7a4b5f8e81788b292f6829-jpg.jpg\" alt=\"\"><\/div> <\/div><\/div> <\/div><div  data-label=\"Content\" data-id=\"content--1\" data-export-id=\"content-12\" data-category=\"content\" class=\"content-12 content-section content-section-spacing\" id=\"content-1\" style=\"background-color: rgb(245, 250, 253);\"><div  class=\"gridContainer\"> <div  class=\"row text-center\"><div  class=\"section-title-col\" data-type=\"column\"> <h2  class=\"\">Comp\u00e9tences particuli\u00e8res :<\/h2> <\/div> <\/div> <div  class=\"row center-xs middle-xs\"> <div  class=\"col-sm-9\" data-type=\"column\"> <\/div> <\/div><\/div> <\/div><div  data-label=\"Overlappable\" data-id=\"overlappable--1\" data-export-id=\"overlappable-4\" data-category=\"overlappable\" class=\"overlappable-4 content-section content-section-spacing\" data-overlap=\"true\" id=\"overlappable-1\" style=\"background-color: rgb(255, 255, 255);\"><div  class=\"gridContainer\"> <div  data-type=\"row\" class=\"row spaced-cols text-center center-sm\"><div  class=\"col-xs-12 col-sm-4 col-padding\"> <i  class=\"fa icon shadow-large-black aligncenter fa-angellist reverse round large color1\"><\/i> <div  data-type=\"column\" class=\"\"> <h5  class=\"\">B\u00eata<\/h5> <p  class=\"\">+15% Dmg sortante, -15% entrante<\/p><\/div> <\/div> <div  class=\"col-xs-12 col-sm-4 col-padding\"> <i  class=\"fa icon shadow-large-black aligncenter fa-arrows-alt reverse round large color1\"><\/i> <div  data-type=\"column\" class=\"\"><h5  class=\"\">Sturdy<\/h5> <p  class=\"\">-20% Dmg entrant<\/p><\/div> <\/div> <div  class=\"col-xs-12 col-sm-4 col-padding\"> <i  class=\"fa icon shadow-large-black aligncenter fa-bitbucket reverse round large color1\"><\/i> <div  data-type=\"column\" class=\"\"> <h5  class=\"\">Aquatic<\/h5> <p  class=\"\">-75% consommation d'oxyg\u00e8ne, +25% vitesse de nage<\/p><\/div> <\/div><div  class=\"col-xs-12 col-sm-4 col-padding\"> <i  class=\"fa icon shadow-large-black aligncenter fa-certificate reverse round large color1\"><\/i> <div  data-type=\"column\" class=\"\"> <h5  class=\"\">Plague<\/h5> <p  class=\"\">A la peste ! - Attention : contagieux !\n<br >Les objets de l'inventaire se d\u00e9t\u00e9riorent plus rapidement !<\/p><\/div> <\/div><div  class=\"col-xs-12 col-sm-4 col-padding\"> <i  class=\"fa icon shadow-large-black aligncenter fa-angle-double-up reverse round large color1\"><\/i> <div  data-type=\"column\" class=\"\"> <h5  class=\"\">Efficient<\/h5> <p  class=\"\">+25% de ressources par ressource extraite<\/p><\/div> <\/div><div  class=\"col-xs-12 col-sm-4 col-padding\"> <i  class=\"fa icon shadow-large-black aligncenter fa-snowflake-o reverse round large color1\"><\/i> <div  data-type=\"column\" class=\"\"> <h5  class=\"\">Frozen<\/h5> <p  class=\"\">Refroidit l'environnement de 200\n<br >correspond \u00e0 2 IceBox<\/p><\/div> <\/div><div  class=\"col-xs-12 col-sm-4 col-padding\"> <i  class=\"fa icon shadow-large-black aligncenter fa-fire reverse round large color1\"><\/i> <div  data-type=\"column\" class=\"\"> <h5  class=\"\">Fiery<\/h5> <p  class=\"\">Eclaircit l'environnement de 200<\/p><\/div> <\/div><div  class=\"col-xs-12 col-sm-4 col-padding\"> <i  class=\"fa icon shadow-large-black aligncenter fa-angellist reverse round large color1\"><\/i> <div  data-type=\"column\" class=\"\"> <h5  class=\"\">Forte<\/h5> <p  class=\"\">Niveau de gibier plus \u00e9lev\u00e9\n<br >Pas d'\u00e9levage<\/p><\/div> <\/div><div  class=\"col-xs-12 col-sm-4 col-padding\"> <i  class=\"fa icon shadow-large-black aligncenter fa-ambulance reverse round large color1\"><\/i> <div  data-type=\"column\" class=\"\"> <h5  class=\"\">R\u00e9silient<\/h5> <p  class=\"\">50% plus de HP<\/p><\/div> <\/div><div  class=\"col-xs-12 col-sm-4 col-padding\"> <i  class=\"fa icon shadow-large-black aligncenter fa-battery reverse round large color1\"><\/i> <div  data-type=\"column\" class=\"\"> <h5  class=\"\">Enduring<\/h5> <p  class=\"\">50% plus d'endurance<\/p><\/div> <\/div><div  class=\"col-xs-12 col-sm-4 col-padding\"> <i  class=\"fa icon shadow-large-black aligncenter fa-shopping-bag reverse round large color1\"><\/i> <div  data-type=\"column\" class=\"\"> <h5  class=\"\">Bearing<\/h5> <p  class=\"\">50% plus de capacit\u00e9 de transport<\/p><\/div> <\/div><\/div> <\/div><\/div>","protected":false},"excerpt":{"rendered":"<p>Parfois, une cr\u00e9ature tr\u00e8s sp\u00e9ciale appara\u00eet ! Parviendrez-vous \u00e0 l'apprivoiser ? Ces cr\u00e9atures apparaissent dans la zone de niveau 30-35 et peuvent \u00eatre apprivois\u00e9es normalement. Elles peuvent avoir des couleurs sp\u00e9ciales et \u00e9ventuellement des capacit\u00e9s et ne restent qu'un temps limit\u00e9 (~2 heures). Il peut s'agir d'une cr\u00e9ature apprivoisable au hasard dans la grille correspondante ! Les spawns de ces... <br \/> <a class=\"read-more\" href=\"https:\/\/radioactivegaming.eu\/fr\/atlas\/rare-sightings\/\">Read more<\/a><\/p>","protected":false},"author":1,"featured_media":0,"parent":13,"menu_order":0,"comment_status":"closed","ping_status":"closed","template":"pro\/page-templates\/full-width-page.php","meta":{"footnotes":""},"class_list":["post-3072","page","type-page","status-publish","hentry"],"yoast_head":"<!-- This site is optimized with the Yoast SEO plugin v26.3 - https:\/\/yoast.com\/wordpress\/plugins\/seo\/ -->\n<title>rare sightings - Radioactive Gaming<\/title>\n<meta name=\"robots\" content=\"index, follow, max-snippet:-1, max-image-preview:large, max-video-preview:-1\" \/>\n<link rel=\"canonical\" href=\"https:\/\/radioactivegaming.eu\/fr\/atlas\/rare-sightings\/\" \/>\n<meta property=\"og:locale\" content=\"fr_FR\" \/>\n<meta property=\"og:type\" content=\"article\" \/>\n<meta property=\"og:title\" content=\"rare sightings - Radioactive Gaming\" \/>\n<meta property=\"og:description\" content=\"Manchmal erscheint eine ganz besondere Kreatur! Werdet ihr es schaffen sie zu z\u00e4hmen? Diese Kreaturen erscheinen im Levelbereich 30-35 &amp; sind ganz normal z\u00e4hmbar. Sie k\u00f6nnen besondere F\u00e4rbungen und ggf auch F\u00e4higkeiten aufweisen und&nbsp;bleiben nur eine begrenzte Zeit (~2 Stunden) Es kann sich zuf\u00e4llig um eine z\u00e4hmbare Kreatur in dem entsprechenden Grid handeln! Spawns dieser&hellip; Read more\" \/>\n<meta property=\"og:url\" content=\"https:\/\/radioactivegaming.eu\/fr\/atlas\/rare-sightings\/\" \/>\n<meta property=\"og:site_name\" content=\"Radioactive Gaming\" \/>\n<meta property=\"article:modified_time\" content=\"2024-05-24T20:34:36+00:00\" \/>\n<meta property=\"og:image\" content=\"https:\/\/s.w.org\/images\/core\/emoji\/13.0.1\/svg\/1f340.svg\" \/>\n<meta name=\"twitter:card\" content=\"summary_large_image\" \/>\n<meta name=\"twitter:label1\" content=\"Dur\u00e9e de lecture estim\u00e9e\" \/>\n\t<meta name=\"twitter:data1\" content=\"2 minutes\" \/>\n<script type=\"application\/ld+json\" class=\"yoast-schema-graph\">{\"@context\":\"https:\/\/schema.org\",\"@graph\":[{\"@type\":\"WebPage\",\"@id\":\"https:\/\/radioactivegaming.eu\/atlas\/rare-sightings\/\",\"url\":\"https:\/\/radioactivegaming.eu\/atlas\/rare-sightings\/\",\"name\":\"rare sightings - Radioactive Gaming\",\"isPartOf\":{\"@id\":\"https:\/\/radioactivegaming.eu\/#website\"},\"primaryImageOfPage\":{\"@id\":\"https:\/\/radioactivegaming.eu\/atlas\/rare-sightings\/#primaryimage\"},\"image\":{\"@id\":\"https:\/\/radioactivegaming.eu\/atlas\/rare-sightings\/#primaryimage\"},\"thumbnailUrl\":\"https:\/\/s.w.org\/images\/core\/emoji\/13.0.1\/svg\/1f340.svg\",\"datePublished\":\"2021-03-17T11:57:00+00:00\",\"dateModified\":\"2024-05-24T20:34:36+00:00\",\"breadcrumb\":{\"@id\":\"https:\/\/radioactivegaming.eu\/atlas\/rare-sightings\/#breadcrumb\"},\"inLanguage\":\"fr-FR\",\"potentialAction\":[{\"@type\":\"ReadAction\",\"target\":[\"https:\/\/radioactivegaming.eu\/atlas\/rare-sightings\/\"]}]},{\"@type\":\"ImageObject\",\"inLanguage\":\"fr-FR\",\"@id\":\"https:\/\/radioactivegaming.eu\/atlas\/rare-sightings\/#primaryimage\",\"url\":\"https:\/\/s.w.org\/images\/core\/emoji\/13.0.1\/svg\/1f340.svg\",\"contentUrl\":\"https:\/\/s.w.org\/images\/core\/emoji\/13.0.1\/svg\/1f340.svg\"},{\"@type\":\"BreadcrumbList\",\"@id\":\"https:\/\/radioactivegaming.eu\/atlas\/rare-sightings\/#breadcrumb\",\"itemListElement\":[{\"@type\":\"ListItem\",\"position\":1,\"name\":\"Startseite\",\"item\":\"https:\/\/radioactivegaming.eu\/\"},{\"@type\":\"ListItem\",\"position\":2,\"name\":\"Atlas\",\"item\":\"https:\/\/radioactivegaming.eu\/atlas\/\"},{\"@type\":\"ListItem\",\"position\":3,\"name\":\"rare sightings\"}]},{\"@type\":\"WebSite\",\"@id\":\"https:\/\/radioactivegaming.eu\/#website\",\"url\":\"https:\/\/radioactivegaming.eu\/\",\"name\":\"Radioactive Gaming\",\"description\":\"\",\"publisher\":{\"@id\":\"https:\/\/radioactivegaming.eu\/#organization\"},\"potentialAction\":[{\"@type\":\"SearchAction\",\"target\":{\"@type\":\"EntryPoint\",\"urlTemplate\":\"https:\/\/radioactivegaming.eu\/?s={search_term_string}\"},\"query-input\":{\"@type\":\"PropertyValueSpecification\",\"valueRequired\":true,\"valueName\":\"search_term_string\"}}],\"inLanguage\":\"fr-FR\"},{\"@type\":\"Organization\",\"@id\":\"https:\/\/radioactivegaming.eu\/#organization\",\"name\":\"Radioactive Gaming\",\"url\":\"https:\/\/radioactivegaming.eu\/\",\"logo\":{\"@type\":\"ImageObject\",\"inLanguage\":\"fr-FR\",\"@id\":\"https:\/\/radioactivegaming.eu\/#\/schema\/logo\/image\/\",\"url\":\"https:\/\/radioactivegaming.eu\/wp-content\/uploads\/2019\/12\/cropped-coin-2.png\",\"contentUrl\":\"https:\/\/radioactivegaming.eu\/wp-content\/uploads\/2019\/12\/cropped-coin-2.png\",\"width\":256,\"height\":256,\"caption\":\"Radioactive Gaming\"},\"image\":{\"@id\":\"https:\/\/radioactivegaming.eu\/#\/schema\/logo\/image\/\"},\"sameAs\":[\"https:\/\/www.youtube.com\/channel\/UCHAH-p_vfp_co-__TB4M14A\"]}]}<\/script>\n<!-- \/ Yoast SEO plugin. -->","yoast_head_json":{"title":"rare sightings - Radioactive Gaming","robots":{"index":"index","follow":"follow","max-snippet":"max-snippet:-1","max-image-preview":"max-image-preview:large","max-video-preview":"max-video-preview:-1"},"canonical":"https:\/\/radioactivegaming.eu\/fr\/atlas\/rare-sightings\/","og_locale":"fr_FR","og_type":"article","og_title":"rare sightings - Radioactive Gaming","og_description":"Manchmal erscheint eine ganz besondere Kreatur! Werdet ihr es schaffen sie zu z\u00e4hmen? Diese Kreaturen erscheinen im Levelbereich 30-35 &amp; sind ganz normal z\u00e4hmbar. Sie k\u00f6nnen besondere F\u00e4rbungen und ggf auch F\u00e4higkeiten aufweisen und&nbsp;bleiben nur eine begrenzte Zeit (~2 Stunden) Es kann sich zuf\u00e4llig um eine z\u00e4hmbare Kreatur in dem entsprechenden Grid handeln! Spawns dieser&hellip; Read more","og_url":"https:\/\/radioactivegaming.eu\/fr\/atlas\/rare-sightings\/","og_site_name":"Radioactive Gaming","article_modified_time":"2024-05-24T20:34:36+00:00","og_image":[{"url":"https:\/\/s.w.org\/images\/core\/emoji\/13.0.1\/svg\/1f340.svg","type":"","width":"","height":""}],"twitter_card":"summary_large_image","twitter_misc":{"Dur\u00e9e de lecture estim\u00e9e":"2 minutes"},"schema":{"@context":"https:\/\/schema.org","@graph":[{"@type":"WebPage","@id":"https:\/\/radioactivegaming.eu\/atlas\/rare-sightings\/","url":"https:\/\/radioactivegaming.eu\/atlas\/rare-sightings\/","name":"rare sightings - Radioactive Gaming","isPartOf":{"@id":"https:\/\/radioactivegaming.eu\/#website"},"primaryImageOfPage":{"@id":"https:\/\/radioactivegaming.eu\/atlas\/rare-sightings\/#primaryimage"},"image":{"@id":"https:\/\/radioactivegaming.eu\/atlas\/rare-sightings\/#primaryimage"},"thumbnailUrl":"https:\/\/s.w.org\/images\/core\/emoji\/13.0.1\/svg\/1f340.svg","datePublished":"2021-03-17T11:57:00+00:00","dateModified":"2024-05-24T20:34:36+00:00","breadcrumb":{"@id":"https:\/\/radioactivegaming.eu\/atlas\/rare-sightings\/#breadcrumb"},"inLanguage":"fr-FR","potentialAction":[{"@type":"ReadAction","target":["https:\/\/radioactivegaming.eu\/atlas\/rare-sightings\/"]}]},{"@type":"ImageObject","inLanguage":"fr-FR","@id":"https:\/\/radioactivegaming.eu\/atlas\/rare-sightings\/#primaryimage","url":"https:\/\/s.w.org\/images\/core\/emoji\/13.0.1\/svg\/1f340.svg","contentUrl":"https:\/\/s.w.org\/images\/core\/emoji\/13.0.1\/svg\/1f340.svg"},{"@type":"BreadcrumbList","@id":"https:\/\/radioactivegaming.eu\/atlas\/rare-sightings\/#breadcrumb","itemListElement":[{"@type":"ListItem","position":1,"name":"Startseite","item":"https:\/\/radioactivegaming.eu\/"},{"@type":"ListItem","position":2,"name":"Atlas","item":"https:\/\/radioactivegaming.eu\/atlas\/"},{"@type":"ListItem","position":3,"name":"rare sightings"}]},{"@type":"WebSite","@id":"https:\/\/radioactivegaming.eu\/#website","url":"https:\/\/radioactivegaming.eu\/","name":"Jeux radioactifs","description":"","publisher":{"@id":"https:\/\/radioactivegaming.eu\/#organization"},"potentialAction":[{"@type":"SearchAction","target":{"@type":"EntryPoint","urlTemplate":"https:\/\/radioactivegaming.eu\/?s={search_term_string}"},"query-input":{"@type":"PropertyValueSpecification","valueRequired":true,"valueName":"search_term_string"}}],"inLanguage":"fr-FR"},{"@type":"Organization","@id":"https:\/\/radioactivegaming.eu\/#organization","name":"Jeux radioactifs","url":"https:\/\/radioactivegaming.eu\/","logo":{"@type":"ImageObject","inLanguage":"fr-FR","@id":"https:\/\/radioactivegaming.eu\/#\/schema\/logo\/image\/","url":"https:\/\/radioactivegaming.eu\/wp-content\/uploads\/2019\/12\/cropped-coin-2.png","contentUrl":"https:\/\/radioactivegaming.eu\/wp-content\/uploads\/2019\/12\/cropped-coin-2.png","width":256,"height":256,"caption":"Radioactive Gaming"},"image":{"@id":"https:\/\/radioactivegaming.eu\/#\/schema\/logo\/image\/"},"sameAs":["https:\/\/www.youtube.com\/channel\/UCHAH-p_vfp_co-__TB4M14A"]}]}},"jetpack_sharing_enabled":true,"_links":{"self":[{"href":"https:\/\/radioactivegaming.eu\/fr\/wp-json\/wp\/v2\/pages\/3072","targetHints":{"allow":["GET"]}}],"collection":[{"href":"https:\/\/radioactivegaming.eu\/fr\/wp-json\/wp\/v2\/pages"}],"about":[{"href":"https:\/\/radioactivegaming.eu\/fr\/wp-json\/wp\/v2\/types\/page"}],"author":[{"embeddable":true,"href":"https:\/\/radioactivegaming.eu\/fr\/wp-json\/wp\/v2\/users\/1"}],"replies":[{"embeddable":true,"href":"https:\/\/radioactivegaming.eu\/fr\/wp-json\/wp\/v2\/comments?post=3072"}],"version-history":[{"count":5,"href":"https:\/\/radioactivegaming.eu\/fr\/wp-json\/wp\/v2\/pages\/3072\/revisions"}],"predecessor-version":[{"id":5397,"href":"https:\/\/radioactivegaming.eu\/fr\/wp-json\/wp\/v2\/pages\/3072\/revisions\/5397"}],"up":[{"embeddable":true,"href":"https:\/\/radioactivegaming.eu\/fr\/wp-json\/wp\/v2\/pages\/13"}],"wp:attachment":[{"href":"https:\/\/radioactivegaming.eu\/fr\/wp-json\/wp\/v2\/media?parent=3072"}],"curies":[{"name":"wp","href":"https:\/\/api.w.org\/{rel}","templated":true}]}}