{"id":3098,"date":"2021-03-17T13:21:41","date_gmt":"2021-03-17T12:21:41","guid":{"rendered":"https:\/\/radioactivegaming.eu\/?page_id=3098"},"modified":"2024-05-24T22:27:45","modified_gmt":"2024-05-24T20:27:45","slug":"haunted-chests","status":"publish","type":"page","link":"https:\/\/radioactivegaming.eu\/fr\/atlas\/haunted-chests\/","title":{"rendered":"Haunted Chests"},"content":{"rendered":"<div  data-label=\"Overlappable\" data-id=\"overlappable--1\" data-export-id=\"overlappable-3\" data-category=\"overlappable\" class=\"overlappable-3 content-section content-section-spacing content-relative\" data-overlap=\"true\" id=\"overlappable-1\" style=\"background-color: rgb(255, 255, 255);\"><div  class=\"section-separator-top\">\n    <svg  class=\"section-separator-top\" data-separator-name=\"triangle-asymmetrical-negative\" preserveaspectratio=\"none\" viewbox=\"0 0 1000 100\" xmlns=\"http:\/\/www.w3.org\/2000\/svg\">\n        <path  class=\"svg-white-bg\" d=\"M737.9,94.7L0,0v100h1000V0L737.9,94.7z\"><\/path>\n    <\/svg>\n<\/div><div  class=\"gridContainer\"> <div  class=\"row bg-color-white shadow-medium\"><div  class=\"col-xs-12 col-sm-6 image-col first-image-col\" data-bg=\"image\" style=\"background-image: url(&quot;https:\/\/radioactivegaming.eu\/wp-content\/uploads\/2021\/03\/cropped-20210317144213_1-scaled-1.jpg&quot;);\"><\/div> <div  class=\"col-xs-12 col-sm-6 content-col col-padding col-padding-xs\"> <div  class=\"col-padding\" data-type=\"column\"> <h4  class=\"\">Haunted Chests<\/h4> <p  class=\"\">Vous pouvez trouver ces caisses sur toutes les \u00eeles.<br >Ils sont r\u00e9partis en diff\u00e9rents niveaux de difficult\u00e9.\n<br >En fonction du niveau de difficult\u00e9, vous devrez d\u00e9fendre la caisse contre des vagues de squelettes (Haunted) plus ou moins nombreuses apr\u00e8s l'avoir activ\u00e9e.\n<br ><br >\nLe niveau et la quantit\u00e9 d'ennemis d\u00e9pendent \u00e9galement du niveau de difficult\u00e9.<br >\n<br >Notez toutefois que les animaux (tames) et les canons ne causent pas de d\u00e9g\u00e2ts aux Haunted !\n<br ><br >Les Hant\u00e9s, vous pouvez les vaincre avec des armes de corps \u00e0 corps ou \u00e0 distance, de la magie et des grenades.\n<br ><br >Une fois termin\u00e9, vous pouvez ouvrir la bo\u00eete et obtenir des bleus pour des objets ainsi que Mythos, Gold &amp; Rememberance.\n<br ><br >Sur le coffre, vous pouvez voir \u00e0 tout moment les informations actuelles (vague de Max vague) ainsi que le nombre d'ennemis restants.<br >\nLes Haunted Chest peuvent \u00eatre endommag\u00e9s par les joueurs et les Tames.<\/p> <\/div> <\/div><\/div> <div  class=\"row bg-color-white shadow-medium\"><div  class=\"col-xs-12 col-sm-6 content-col col-padding col-padding-xs\"> <div  class=\"col-padding\" data-type=\"column\"><h4  class=\"\">Haunted Ocean Chests<\/h4> <p  class=\"\">Vous pouvez trouver ces caisses en mer dans toutes les grilles.\n<br ><br >\nIls sont r\u00e9partis en diff\u00e9rents niveaux de difficult\u00e9.\n<br ><br >\nEn fonction du niveau de difficult\u00e9, vous devez d\u00e9fendre la caisse apr\u00e8s l'avoir activ\u00e9e contre des vagues plus ou moins nombreuses de vaisseaux des Hant\u00e9s.\n<br ><br >\nLe niveau et la quantit\u00e9 d'ennemis d\u00e9pendent \u00e9galement du niveau de difficult\u00e9.\n<br ><br >\nLes Haunted sont similaires aux vaisseaux des SOTD et n'ont qu'une seule barre de vie (pas de planches).\n<br ><br >Une fois termin\u00e9, vous pouvez ouvrir la bo\u00eete et obtenir des bleus d'objets ainsi que Mythos, Gold &amp; Rememberance.\n<br ><br >Sur le coffre, vous pouvez voir \u00e0 tout moment les informations actuelles (vague de Max vague) ainsi que le nombre d'ennemis restants.<br >\nLes Haunted Chest peuvent \u00eatre endommag\u00e9s par les joueurs et les Tames.<\/p> <\/div> <\/div> <div  class=\"col-xs-12 col-sm-6 image-col second-image-col first-xs last-sm\" data-bg=\"image\" style=\"background-image: url(&quot;https:\/\/radioactivegaming.eu\/wp-content\/uploads\/2021\/03\/cropped-20210317143537_1-scaled-1.jpg&quot;);\"><\/div> <\/div><\/div> <\/div><div  data-label=\"SunkenHaunted\" data-id=\"about--3\" data-export-id=\"about-10\" data-category=\"about\" class=\"about-10 content-section content-section-spacing\" id=\"sunkenhaunted\" style=\"background-color: rgb(255, 255, 255);\"><div  class=\"gridContainer\"> <div  class=\"row middle-sm text-center\"><div  class=\"col-sm-5 space-bottom-xs content-column\" data-type=\"column\">  <h2  class=\"\">Sunken Haunted Chests<\/h2> <p  class=\"\">Cette caisse de fin de partie n\u00e9cessite : de bons sous-marins, des armes &amp; des tames ainsi qu'un bon souffle !\n<br ><br >Plongez dans l'une des Tranches et, comme pour les autres Haunted Chests, battez des vagues d'ennemis pr\u00e8s de cette caisse !\n<br ><br >Vous trouverez \u00e9galement ces caisses dans les niveaux de difficult\u00e9 habituels\n<br ><br >Une fois termin\u00e9, vous pouvez ouvrir la bo\u00eete et obtenir des bleus d'objets ainsi que Mythos, Gold &amp; Rememberance.<br >\nSur le coffre, vous pouvez voir \u00e0 tout moment les informations actuelles (vague de Max vague) ainsi que le nombre d'ennemis restants.<br >\nLes Haunted Ocean Chest peuvent \u00eatre endommag\u00e9s par les joueurs et les Tames.<br >\n<br >C'est le seul endroit o\u00f9 vous pouvez trouver des plans pour des objets sp\u00e9ciaux comme l'armure de plong\u00e9e.\n<br ><br >Ce coffre hant\u00e9 contient \u00e9galement un objet (IcyPearl) qui est n\u00e9cessaire pour invoquer le L\u00e9viathan et le Kraken en mode d\u00e9fi !<\/p> <\/div> <div  class=\"col-sm-7 flexbox middle-xs center-xs space-bottom-xs\"><div  class=\"overlay-box middle-xs center-xs flexbox\"> <div  class=\"overlay-box-offset offset-border shadow-medium border-color1 hide-xs\"><\/div> <img decoding=\"async\"  class=\"shadow-large\" data-size=\"485x705\" src=\"https:\/\/radioactivegaming.eu\/wp-content\/uploads\/2024\/05\/cropped-hauntedchestsunk.png\" title=\"cropped-hauntedchestsunk.png\" alt=\"\"><\/div> <\/div><\/div> <\/div><\/div><div  data-label=\"About\" data-id=\"about--2\" data-export-id=\"about-9\" data-category=\"about\" class=\"about-9 content-section content-section-spacing\" id=\"about-2\" style=\"background-color: rgb(255, 255, 255);\"><div  class=\"gridContainer\"> <div  class=\"row middle-sm text-center\"><div  class=\"col-sm-5 space-bottom-xs content-column content-left-sm\" data-type=\"column\">  <h2  class=\"\">Rememberance<\/h2> <p  class=\"\">Vous obtenez cet objet \u00e9trange lorsque vous terminez Haunted Chests. En le consommant (E), la comp\u00e9tence actuelle (engrammes) est sauvegard\u00e9e. Le Rememberance se colore en bleu.\n<br ><br >En consommant \u00e0 nouveau (E), le Rememberance est consomm\u00e9 et le niveau de votre personnage est r\u00e9initialis\u00e9 (comme Respec), mais les comp\u00e9tences sauvegard\u00e9es sont imm\u00e9diatement et automatiquement distribu\u00e9es ou appliqu\u00e9es.<\/p> <\/div> <div  class=\"col-sm-7 flexbox flexbox middle-xs center-xs space-bottom-xs\"><div  class=\"overlay-box flexbox middle-xs center-xs overlay-holder\"> <div  class=\"overlay-box-offset offset-background shadow-medium bg-color2 hide-xs\"><\/div> <img  decoding=\"async\" class=\"flexbox shadow-large img1\" src=\"https:\/\/radioactivegaming.eu\/wp-content\/uploads\/2021\/03\/cropped-Tex_reagent_06.png\" data-size=\"600x400\" title=\"cropped-Tex_reagent_06.png\" alt=\"\"><\/div> <\/div><\/div> <\/div><\/div><div  data-label=\"About\" data-id=\"about--1\" data-export-id=\"about-10\" data-category=\"about\" class=\"about-10 content-section content-section-spacing\" id=\"about-1\" style=\"background-color: rgb(245, 250, 253);\"><div  class=\"gridContainer\"> <div  class=\"row middle-sm text-center\"><div  class=\"col-sm-5 space-bottom-xs content-column\" data-type=\"column\">  <h2  class=\"\">Le mythe vivant<\/h2> <p  class=\"\">Vous pouvez trouver Living Mythos sur toutes les \u00eeles Powerstone.\n<br ><br >Cette plante arborescente, une fois sa maturation activ\u00e9e, rend les animaux qui l'entourent agressifs !\n<br ><br >Ils sont r\u00e9partis en diff\u00e9rents niveaux de difficult\u00e9.\n<br ><br >\nEn fonction du niveau de difficult\u00e9, vous devrez d\u00e9fendre le Living Mythos pendant sa maturation contre des vagues d'animaux plus ou moins nombreuses.<br >\nLe niveau et la quantit\u00e9 d'ennemis d\u00e9pendent \u00e9galement du niveau de difficult\u00e9.\n<br ><br >Apr\u00e8s avoir r\u00e9ussi, le Living Mythos peut \u00eatre d\u00e9mont\u00e9. Cela peut se faire \u00e0 l'aide d'une pioche ou d'une hache.\n<br >\n<br >En plus de Mythos, des quantit\u00e9s \u00e9quivalentes de Darkwood &amp; Leaves (7e vari\u00e9t\u00e9 Thatch) peuvent \u00eatre obtenues ici.\n<br >La quantit\u00e9 d\u00e9pend du niveau de difficult\u00e9 et de l'outil utilis\u00e9.\n<br ><br >Sur le Living Mythos, vous pouvez voir \u00e0 tout moment les informations actuelles (vague de Max vague) ainsi que le nombre d'ennemis restants.<br >Les Living Mythos peuvent \u00eatre endommag\u00e9s par les joueurs et les Tames.<\/p> <\/div> <div  class=\"col-sm-7 flexbox middle-xs center-xs space-bottom-xs\"><div  class=\"overlay-box middle-xs center-xs flexbox\"> <div  class=\"overlay-box-offset offset-border shadow-medium border-color1 hide-xs\"><\/div> <img  decoding=\"async\" class=\"shadow-large\" data-size=\"485x705\" src=\"https:\/\/radioactivegaming.eu\/wp-content\/uploads\/2021\/03\/cropped-Mythos.png\" title=\"cropped-Mythos.png\" alt=\"\"><\/div> <\/div><\/div> <\/div><\/div>","protected":false},"excerpt":{"rendered":"<p>Haunted Chests Ces coffres se trouvent sur toutes les \u00eeles et sont r\u00e9partis en diff\u00e9rents niveaux de difficult\u00e9. En fonction du niveau de difficult\u00e9, vous devez d\u00e9fendre le coffre contre des vagues de squelettes (Haunted). Le niveau et la quantit\u00e9 d'ennemis d\u00e9pendent \u00e9galement du niveau de difficult\u00e9. Notez cependant que les animaux (Tames) et les canons sont... <br \/> <a class=\"read-more\" href=\"https:\/\/radioactivegaming.eu\/fr\/atlas\/haunted-chests\/\">Read more<\/a><\/p>","protected":false},"author":1,"featured_media":0,"parent":13,"menu_order":0,"comment_status":"closed","ping_status":"closed","template":"pro\/page-templates\/full-width-page.php","meta":{"footnotes":""},"class_list":["post-3098","page","type-page","status-publish","hentry"],"yoast_head":"<!-- This site is optimized with the Yoast SEO plugin v26.3 - https:\/\/yoast.com\/wordpress\/plugins\/seo\/ -->\n<title>Haunted Chests - Radioactive Gaming<\/title>\n<meta name=\"robots\" content=\"index, follow, max-snippet:-1, max-image-preview:large, max-video-preview:-1\" \/>\n<link rel=\"canonical\" href=\"https:\/\/radioactivegaming.eu\/fr\/atlas\/haunted-chests\/\" \/>\n<meta property=\"og:locale\" content=\"fr_FR\" \/>\n<meta property=\"og:type\" content=\"article\" \/>\n<meta property=\"og:title\" content=\"Haunted Chests - Radioactive Gaming\" \/>\n<meta property=\"og:description\" content=\"Haunted Chests Diese Kisten k\u00f6nnt ihr auf allen Inseln finden.Sie werden in verschiedene Schwierigkeitsstufen aufgeteilt. Abh\u00e4ngig von der Schwierigkeitsstufe m\u00fcsst ihr die Kiste nach Aktivierung gegen unterschiedlich viele Wellen von Skeletten (Haunted) verteidigen. Das Level und die Menge der Gegner ist ebenfalls von der Schwierigkeitsstufe abh\u00e4ngig. Beachtet jedoch, dass Tiere (Tames) und Gesch\u00fctze an den&hellip; Read more\" \/>\n<meta property=\"og:url\" content=\"https:\/\/radioactivegaming.eu\/fr\/atlas\/haunted-chests\/\" \/>\n<meta property=\"og:site_name\" content=\"Radioactive Gaming\" \/>\n<meta property=\"article:modified_time\" content=\"2024-05-24T20:27:45+00:00\" \/>\n<meta property=\"og:image\" content=\"https:\/\/radioactivegaming.eu\/wp-content\/uploads\/2024\/05\/cropped-hauntedchestsunk.png\" \/>\n<meta name=\"twitter:card\" content=\"summary_large_image\" \/>\n<meta name=\"twitter:label1\" content=\"Dur\u00e9e de lecture estim\u00e9e\" \/>\n\t<meta name=\"twitter:data1\" content=\"3 minutes\" \/>\n<script type=\"application\/ld+json\" class=\"yoast-schema-graph\">{\"@context\":\"https:\/\/schema.org\",\"@graph\":[{\"@type\":\"WebPage\",\"@id\":\"https:\/\/radioactivegaming.eu\/atlas\/haunted-chests\/\",\"url\":\"https:\/\/radioactivegaming.eu\/atlas\/haunted-chests\/\",\"name\":\"Haunted Chests - Radioactive Gaming\",\"isPartOf\":{\"@id\":\"https:\/\/radioactivegaming.eu\/#website\"},\"primaryImageOfPage\":{\"@id\":\"https:\/\/radioactivegaming.eu\/atlas\/haunted-chests\/#primaryimage\"},\"image\":{\"@id\":\"https:\/\/radioactivegaming.eu\/atlas\/haunted-chests\/#primaryimage\"},\"thumbnailUrl\":\"https:\/\/radioactivegaming.eu\/wp-content\/uploads\/2024\/05\/cropped-hauntedchestsunk.png\",\"datePublished\":\"2021-03-17T12:21:41+00:00\",\"dateModified\":\"2024-05-24T20:27:45+00:00\",\"breadcrumb\":{\"@id\":\"https:\/\/radioactivegaming.eu\/atlas\/haunted-chests\/#breadcrumb\"},\"inLanguage\":\"fr-FR\",\"potentialAction\":[{\"@type\":\"ReadAction\",\"target\":[\"https:\/\/radioactivegaming.eu\/atlas\/haunted-chests\/\"]}]},{\"@type\":\"ImageObject\",\"inLanguage\":\"fr-FR\",\"@id\":\"https:\/\/radioactivegaming.eu\/atlas\/haunted-chests\/#primaryimage\",\"url\":\"https:\/\/radioactivegaming.eu\/wp-content\/uploads\/2024\/05\/cropped-hauntedchestsunk.png\",\"contentUrl\":\"https:\/\/radioactivegaming.eu\/wp-content\/uploads\/2024\/05\/cropped-hauntedchestsunk.png\"},{\"@type\":\"BreadcrumbList\",\"@id\":\"https:\/\/radioactivegaming.eu\/atlas\/haunted-chests\/#breadcrumb\",\"itemListElement\":[{\"@type\":\"ListItem\",\"position\":1,\"name\":\"Startseite\",\"item\":\"https:\/\/radioactivegaming.eu\/\"},{\"@type\":\"ListItem\",\"position\":2,\"name\":\"Atlas\",\"item\":\"https:\/\/radioactivegaming.eu\/atlas\/\"},{\"@type\":\"ListItem\",\"position\":3,\"name\":\"Haunted Chests\"}]},{\"@type\":\"WebSite\",\"@id\":\"https:\/\/radioactivegaming.eu\/#website\",\"url\":\"https:\/\/radioactivegaming.eu\/\",\"name\":\"Radioactive Gaming\",\"description\":\"\",\"publisher\":{\"@id\":\"https:\/\/radioactivegaming.eu\/#organization\"},\"potentialAction\":[{\"@type\":\"SearchAction\",\"target\":{\"@type\":\"EntryPoint\",\"urlTemplate\":\"https:\/\/radioactivegaming.eu\/?s={search_term_string}\"},\"query-input\":{\"@type\":\"PropertyValueSpecification\",\"valueRequired\":true,\"valueName\":\"search_term_string\"}}],\"inLanguage\":\"fr-FR\"},{\"@type\":\"Organization\",\"@id\":\"https:\/\/radioactivegaming.eu\/#organization\",\"name\":\"Radioactive Gaming\",\"url\":\"https:\/\/radioactivegaming.eu\/\",\"logo\":{\"@type\":\"ImageObject\",\"inLanguage\":\"fr-FR\",\"@id\":\"https:\/\/radioactivegaming.eu\/#\/schema\/logo\/image\/\",\"url\":\"https:\/\/radioactivegaming.eu\/wp-content\/uploads\/2019\/12\/cropped-coin-2.png\",\"contentUrl\":\"https:\/\/radioactivegaming.eu\/wp-content\/uploads\/2019\/12\/cropped-coin-2.png\",\"width\":256,\"height\":256,\"caption\":\"Radioactive Gaming\"},\"image\":{\"@id\":\"https:\/\/radioactivegaming.eu\/#\/schema\/logo\/image\/\"},\"sameAs\":[\"https:\/\/www.youtube.com\/channel\/UCHAH-p_vfp_co-__TB4M14A\"]}]}<\/script>\n<!-- \/ Yoast SEO plugin. -->","yoast_head_json":{"title":"Haunted Chests - Radioactive Gaming","robots":{"index":"index","follow":"follow","max-snippet":"max-snippet:-1","max-image-preview":"max-image-preview:large","max-video-preview":"max-video-preview:-1"},"canonical":"https:\/\/radioactivegaming.eu\/fr\/atlas\/haunted-chests\/","og_locale":"fr_FR","og_type":"article","og_title":"Haunted Chests - Radioactive Gaming","og_description":"Haunted Chests Diese Kisten k\u00f6nnt ihr auf allen Inseln finden.Sie werden in verschiedene Schwierigkeitsstufen aufgeteilt. Abh\u00e4ngig von der Schwierigkeitsstufe m\u00fcsst ihr die Kiste nach Aktivierung gegen unterschiedlich viele Wellen von Skeletten (Haunted) verteidigen. Das Level und die Menge der Gegner ist ebenfalls von der Schwierigkeitsstufe abh\u00e4ngig. Beachtet jedoch, dass Tiere (Tames) und Gesch\u00fctze an den&hellip; Read more","og_url":"https:\/\/radioactivegaming.eu\/fr\/atlas\/haunted-chests\/","og_site_name":"Radioactive Gaming","article_modified_time":"2024-05-24T20:27:45+00:00","og_image":[{"url":"https:\/\/radioactivegaming.eu\/wp-content\/uploads\/2024\/05\/cropped-hauntedchestsunk.png","type":"","width":"","height":""}],"twitter_card":"summary_large_image","twitter_misc":{"Dur\u00e9e de lecture estim\u00e9e":"3 minutes"},"schema":{"@context":"https:\/\/schema.org","@graph":[{"@type":"WebPage","@id":"https:\/\/radioactivegaming.eu\/atlas\/haunted-chests\/","url":"https:\/\/radioactivegaming.eu\/atlas\/haunted-chests\/","name":"Haunted Chests - Radioactive Gaming","isPartOf":{"@id":"https:\/\/radioactivegaming.eu\/#website"},"primaryImageOfPage":{"@id":"https:\/\/radioactivegaming.eu\/atlas\/haunted-chests\/#primaryimage"},"image":{"@id":"https:\/\/radioactivegaming.eu\/atlas\/haunted-chests\/#primaryimage"},"thumbnailUrl":"https:\/\/radioactivegaming.eu\/wp-content\/uploads\/2024\/05\/cropped-hauntedchestsunk.png","datePublished":"2021-03-17T12:21:41+00:00","dateModified":"2024-05-24T20:27:45+00:00","breadcrumb":{"@id":"https:\/\/radioactivegaming.eu\/atlas\/haunted-chests\/#breadcrumb"},"inLanguage":"fr-FR","potentialAction":[{"@type":"ReadAction","target":["https:\/\/radioactivegaming.eu\/atlas\/haunted-chests\/"]}]},{"@type":"ImageObject","inLanguage":"fr-FR","@id":"https:\/\/radioactivegaming.eu\/atlas\/haunted-chests\/#primaryimage","url":"https:\/\/radioactivegaming.eu\/wp-content\/uploads\/2024\/05\/cropped-hauntedchestsunk.png","contentUrl":"https:\/\/radioactivegaming.eu\/wp-content\/uploads\/2024\/05\/cropped-hauntedchestsunk.png"},{"@type":"BreadcrumbList","@id":"https:\/\/radioactivegaming.eu\/atlas\/haunted-chests\/#breadcrumb","itemListElement":[{"@type":"ListItem","position":1,"name":"Startseite","item":"https:\/\/radioactivegaming.eu\/"},{"@type":"ListItem","position":2,"name":"Atlas","item":"https:\/\/radioactivegaming.eu\/atlas\/"},{"@type":"ListItem","position":3,"name":"Haunted Chests"}]},{"@type":"WebSite","@id":"https:\/\/radioactivegaming.eu\/#website","url":"https:\/\/radioactivegaming.eu\/","name":"Jeux radioactifs","description":"","publisher":{"@id":"https:\/\/radioactivegaming.eu\/#organization"},"potentialAction":[{"@type":"SearchAction","target":{"@type":"EntryPoint","urlTemplate":"https:\/\/radioactivegaming.eu\/?s={search_term_string}"},"query-input":{"@type":"PropertyValueSpecification","valueRequired":true,"valueName":"search_term_string"}}],"inLanguage":"fr-FR"},{"@type":"Organization","@id":"https:\/\/radioactivegaming.eu\/#organization","name":"Jeux radioactifs","url":"https:\/\/radioactivegaming.eu\/","logo":{"@type":"ImageObject","inLanguage":"fr-FR","@id":"https:\/\/radioactivegaming.eu\/#\/schema\/logo\/image\/","url":"https:\/\/radioactivegaming.eu\/wp-content\/uploads\/2019\/12\/cropped-coin-2.png","contentUrl":"https:\/\/radioactivegaming.eu\/wp-content\/uploads\/2019\/12\/cropped-coin-2.png","width":256,"height":256,"caption":"Radioactive Gaming"},"image":{"@id":"https:\/\/radioactivegaming.eu\/#\/schema\/logo\/image\/"},"sameAs":["https:\/\/www.youtube.com\/channel\/UCHAH-p_vfp_co-__TB4M14A"]}]}},"jetpack_sharing_enabled":true,"_links":{"self":[{"href":"https:\/\/radioactivegaming.eu\/fr\/wp-json\/wp\/v2\/pages\/3098","targetHints":{"allow":["GET"]}}],"collection":[{"href":"https:\/\/radioactivegaming.eu\/fr\/wp-json\/wp\/v2\/pages"}],"about":[{"href":"https:\/\/radioactivegaming.eu\/fr\/wp-json\/wp\/v2\/types\/page"}],"author":[{"embeddable":true,"href":"https:\/\/radioactivegaming.eu\/fr\/wp-json\/wp\/v2\/users\/1"}],"replies":[{"embeddable":true,"href":"https:\/\/radioactivegaming.eu\/fr\/wp-json\/wp\/v2\/comments?post=3098"}],"version-history":[{"count":7,"href":"https:\/\/radioactivegaming.eu\/fr\/wp-json\/wp\/v2\/pages\/3098\/revisions"}],"predecessor-version":[{"id":5393,"href":"https:\/\/radioactivegaming.eu\/fr\/wp-json\/wp\/v2\/pages\/3098\/revisions\/5393"}],"up":[{"embeddable":true,"href":"https:\/\/radioactivegaming.eu\/fr\/wp-json\/wp\/v2\/pages\/13"}],"wp:attachment":[{"href":"https:\/\/radioactivegaming.eu\/fr\/wp-json\/wp\/v2\/media?parent=3098"}],"curies":[{"name":"wp","href":"https:\/\/api.w.org\/{rel}","templated":true}]}}